{"id":229630,"date":"2026-03-02T14:51:34","date_gmt":"2026-03-02T13:51:34","guid":{"rendered":"https:\/\/valkyrieparis-bijoux.fr\/?post_type=product&#038;p=229630"},"modified":"2026-03-24T10:20:00","modified_gmt":"2026-03-24T09:20:00","slug":"creoles-argent-marcassite","status":"publish","type":"product","link":"https:\/\/valkyrieparis-bijoux.fr\/en\/bijoux-art-deco\/boucles-d-oreilles-art-deco\/creoles-argent-marcassite\/","title":{"rendered":"Cr\u00e9oles argent &#8211; mod\u00e8le C\u00e9leste"},"content":{"rendered":"","protected":false},"excerpt":{"rendered":"<p><a rel=\"noreferrer\" href=\"https:\/\/valkyrieparis-bijoux.fr\/wp-content\/uploads\/2026\/03\/creoles-argent-marcassites.mp4\" class=\"vp-a vp-mp4-type vp-modal-click vp-modal-click_shortcode\">Discover the jewel in video<\/a><br \/>\n&nbsp;<br \/>\nD\u00e9couvrez nos cr\u00e9oles argent massif, travaill\u00e9es avec pr\u00e9cision et orn\u00e9es de marcassites v\u00e9ritables. Ces boucles d&rsquo;oreilles offrent un style affirm\u00e9 et lumineux, parfait pour rehausser chaque tenue. La marcassite, pierre fine connue pour ses reflets profonds et son caract\u00e8re vintage, apportent du relief et une touche de contraste \u00e0 l&rsquo;argent. Leur format cr\u00e9ole encadre le visage et capte la lumi\u00e8re \u00e0 chaque mouvement. Con\u00e7ues pour durer, ces cr\u00e9oles argent associent qualit\u00e9, confort et maintien s\u00e9curis\u00e9. Un choix fort pour ceux qui recherchent un accessoire en argent au design marqu\u00e9 et facile \u00e0 porter au quotidien.<br \/>\n&nbsp;<br \/>\n&gt; <strong>Material<\/strong> Genuine sterling silver, hallmarked 925<br \/>\n&gt; <strong>Stones<\/strong> : marcasites<br \/>\n&gt; Diam\u00e8tre int\u00e9rieur : 1 cm<br \/>\n&gt; <strong>Delivery<\/strong> available in France<br \/>\n&gt; <strong>Box<\/strong> and <strong>pouch<\/strong> Valkyrie offered<br \/>\n&gt; Jewelry <strong>guaranteed<\/strong> one year against manufacturing defects<br \/>\n&gt; Loops <strong>hypoallergenic<\/strong><\/p>","protected":false},"featured_media":229620,"template":"","meta":{"_et_pb_use_builder":"","_et_pb_old_content":"","_et_gb_content_width":""},"product_brand":[],"product_cat":[168],"product_tag":[],"class_list":{"0":"post-229630","1":"product","2":"type-product","3":"status-publish","4":"has-post-thumbnail","6":"product_cat-boucles-d-oreilles-art-deco","8":"first","9":"instock","10":"shipping-taxable","11":"purchasable","12":"product-type-simple"},"yoast_head":"<!-- This site is optimized with the Yoast SEO plugin v26.9 - https:\/\/yoast.com\/product\/yoast-seo-wordpress\/ -->\n<title>Cr\u00e9oles argent - mod\u00e8le C\u00e9leste - Valkyrie Paris<\/title>\n<meta name=\"description\" content=\"D\u00e9couvrez nos cr\u00e9oles argent massif, travaill\u00e9es avec pr\u00e9cision et orn\u00e9es de marcassites. Ces boucles d&#039;oreilles offrent un style affirm\u00e9 et lumineux.\" \/>\n<meta name=\"robots\" content=\"index, follow, max-snippet:-1, max-image-preview:large, max-video-preview:-1\" \/>\n<link rel=\"canonical\" href=\"https:\/\/valkyrieparis-bijoux.fr\/en\/bijoux-art-deco\/boucles-d-oreilles-art-deco\/creoles-argent-marcassite\/\" \/>\n<meta property=\"og:locale\" content=\"en_US\" \/>\n<meta property=\"og:type\" content=\"article\" \/>\n<meta property=\"og:title\" content=\"Cr\u00e9oles argent - mod\u00e8le C\u00e9leste - Valkyrie Paris\" \/>\n<meta property=\"og:description\" content=\"D\u00e9couvrez nos cr\u00e9oles argent massif, travaill\u00e9es avec pr\u00e9cision et orn\u00e9es de marcassites. Ces boucles d&#039;oreilles offrent un style affirm\u00e9 et lumineux.\" \/>\n<meta property=\"og:url\" content=\"https:\/\/valkyrieparis-bijoux.fr\/en\/bijoux-art-deco\/boucles-d-oreilles-art-deco\/creoles-argent-marcassite\/\" \/>\n<meta property=\"og:site_name\" content=\"Valkyrie Paris\" \/>\n<meta property=\"article:publisher\" content=\"https:\/\/www.facebook.com\/ValkyrieParis\" \/>\n<meta property=\"article:modified_time\" content=\"2026-03-24T09:20:00+00:00\" \/>\n<meta property=\"og:image\" content=\"https:\/\/valkyrieparis-bijoux.fr\/wp-content\/uploads\/2026\/03\/E7433765-1978-4720-B1DC-DAD1D26A583B.jpeg\" \/>\n\t<meta property=\"og:image:width\" content=\"1800\" \/>\n\t<meta property=\"og:image:height\" content=\"1800\" \/>\n\t<meta property=\"og:image:type\" content=\"image\/jpeg\" \/>\n<meta name=\"twitter:label1\" content=\"Est. reading time\" \/>\n\t<meta name=\"twitter:data1\" content=\"1 minute\" \/>\n<script type=\"application\/ld+json\" class=\"yoast-schema-graph\">{\"@context\":\"https:\/\/schema.org\",\"@graph\":[{\"@type\":\"WebPage\",\"@id\":\"https:\/\/valkyrieparis-bijoux.fr\/en\/bijoux-art-deco\/boucles-d-oreilles-art-deco\/creoles-argent-marcassite\/\",\"url\":\"https:\/\/valkyrieparis-bijoux.fr\/en\/bijoux-art-deco\/boucles-d-oreilles-art-deco\/creoles-argent-marcassite\/\",\"name\":\"Cr\u00e9oles argent - mod\u00e8le C\u00e9leste - Valkyrie Paris\",\"isPartOf\":{\"@id\":\"https:\/\/valkyrieparis-bijoux.fr\/en\/#website\"},\"primaryImageOfPage\":{\"@id\":\"https:\/\/valkyrieparis-bijoux.fr\/en\/bijoux-art-deco\/boucles-d-oreilles-art-deco\/creoles-argent-marcassite\/#primaryimage\"},\"image\":{\"@id\":\"https:\/\/valkyrieparis-bijoux.fr\/en\/bijoux-art-deco\/boucles-d-oreilles-art-deco\/creoles-argent-marcassite\/#primaryimage\"},\"thumbnailUrl\":\"https:\/\/valkyrieparis-bijoux.fr\/wp-content\/uploads\/2026\/03\/E7433765-1978-4720-B1DC-DAD1D26A583B.jpeg\",\"datePublished\":\"2026-03-02T13:51:34+00:00\",\"dateModified\":\"2026-03-24T09:20:00+00:00\",\"description\":\"D\u00e9couvrez nos cr\u00e9oles argent massif, travaill\u00e9es avec pr\u00e9cision et orn\u00e9es de marcassites. Ces boucles d'oreilles offrent un style affirm\u00e9 et lumineux.\",\"breadcrumb\":{\"@id\":\"https:\/\/valkyrieparis-bijoux.fr\/en\/bijoux-art-deco\/boucles-d-oreilles-art-deco\/creoles-argent-marcassite\/#breadcrumb\"},\"inLanguage\":\"en-US\",\"potentialAction\":[{\"@type\":\"ReadAction\",\"target\":[\"https:\/\/valkyrieparis-bijoux.fr\/en\/bijoux-art-deco\/boucles-d-oreilles-art-deco\/creoles-argent-marcassite\/\"]}]},{\"@type\":\"ImageObject\",\"inLanguage\":\"en-US\",\"@id\":\"https:\/\/valkyrieparis-bijoux.fr\/en\/bijoux-art-deco\/boucles-d-oreilles-art-deco\/creoles-argent-marcassite\/#primaryimage\",\"url\":\"https:\/\/valkyrieparis-bijoux.fr\/wp-content\/uploads\/2026\/03\/E7433765-1978-4720-B1DC-DAD1D26A583B.jpeg\",\"contentUrl\":\"https:\/\/valkyrieparis-bijoux.fr\/wp-content\/uploads\/2026\/03\/E7433765-1978-4720-B1DC-DAD1D26A583B.jpeg\",\"width\":1800,\"height\":1800,\"caption\":\"creoles-argent\"},{\"@type\":\"BreadcrumbList\",\"@id\":\"https:\/\/valkyrieparis-bijoux.fr\/en\/bijoux-art-deco\/boucles-d-oreilles-art-deco\/creoles-argent-marcassite\/#breadcrumb\",\"itemListElement\":[{\"@type\":\"ListItem\",\"position\":1,\"name\":\"Boutique\",\"item\":\"https:\/\/valkyrieparis-bijoux.fr\/boutique-valkyrie\/\"},{\"@type\":\"ListItem\",\"position\":2,\"name\":\"Cr\u00e9oles argent &#8211; mod\u00e8le C\u00e9leste\"}]},{\"@type\":\"WebSite\",\"@id\":\"https:\/\/valkyrieparis-bijoux.fr\/en\/#website\",\"url\":\"https:\/\/valkyrieparis-bijoux.fr\/en\/\",\"name\":\"Valkyrie Paris\",\"description\":\"Cr\u00e9ateurs de Bijoux Art D\u00e9co\",\"publisher\":{\"@id\":\"https:\/\/valkyrieparis-bijoux.fr\/en\/#organization\"},\"potentialAction\":[{\"@type\":\"SearchAction\",\"target\":{\"@type\":\"EntryPoint\",\"urlTemplate\":\"https:\/\/valkyrieparis-bijoux.fr\/en\/?s={search_term_string}\"},\"query-input\":{\"@type\":\"PropertyValueSpecification\",\"valueRequired\":true,\"valueName\":\"search_term_string\"}}],\"inLanguage\":\"en-US\"},{\"@type\":\"Organization\",\"@id\":\"https:\/\/valkyrieparis-bijoux.fr\/en\/#organization\",\"name\":\"Valkyrie Paris\",\"url\":\"https:\/\/valkyrieparis-bijoux.fr\/en\/\",\"logo\":{\"@type\":\"ImageObject\",\"inLanguage\":\"en-US\",\"@id\":\"https:\/\/valkyrieparis-bijoux.fr\/en\/#\/schema\/logo\/image\/\",\"url\":\"https:\/\/valkyrieparis-bijoux.fr\/wp-content\/uploads\/2021\/03\/Valkyrie_logo_noir-2.png\",\"contentUrl\":\"https:\/\/valkyrieparis-bijoux.fr\/wp-content\/uploads\/2021\/03\/Valkyrie_logo_noir-2.png\",\"width\":1000,\"height\":321,\"caption\":\"Valkyrie Paris\"},\"image\":{\"@id\":\"https:\/\/valkyrieparis-bijoux.fr\/en\/#\/schema\/logo\/image\/\"},\"sameAs\":[\"https:\/\/www.facebook.com\/ValkyrieParis\",\"https:\/\/www.instagram.com\/valkyrieparis\/\",\"https:\/\/www.pinterest.fr\/ValkyrieParis\/_created\/\"]}]}<\/script>\n<!-- \/ Yoast SEO plugin. -->","yoast_head_json":{"title":"Cr\u00e9oles argent - mod\u00e8le C\u00e9leste - Valkyrie Paris","description":"D\u00e9couvrez nos cr\u00e9oles argent massif, travaill\u00e9es avec pr\u00e9cision et orn\u00e9es de marcassites. Ces boucles d'oreilles offrent un style affirm\u00e9 et lumineux.","robots":{"index":"index","follow":"follow","max-snippet":"max-snippet:-1","max-image-preview":"max-image-preview:large","max-video-preview":"max-video-preview:-1"},"canonical":"https:\/\/valkyrieparis-bijoux.fr\/en\/bijoux-art-deco\/boucles-d-oreilles-art-deco\/creoles-argent-marcassite\/","og_locale":"en_US","og_type":"article","og_title":"Cr\u00e9oles argent - mod\u00e8le C\u00e9leste - Valkyrie Paris","og_description":"D\u00e9couvrez nos cr\u00e9oles argent massif, travaill\u00e9es avec pr\u00e9cision et orn\u00e9es de marcassites. Ces boucles d'oreilles offrent un style affirm\u00e9 et lumineux.","og_url":"https:\/\/valkyrieparis-bijoux.fr\/en\/bijoux-art-deco\/boucles-d-oreilles-art-deco\/creoles-argent-marcassite\/","og_site_name":"Valkyrie Paris","article_publisher":"https:\/\/www.facebook.com\/ValkyrieParis","article_modified_time":"2026-03-24T09:20:00+00:00","og_image":[{"width":1800,"height":1800,"url":"https:\/\/valkyrieparis-bijoux.fr\/wp-content\/uploads\/2026\/03\/E7433765-1978-4720-B1DC-DAD1D26A583B.jpeg","type":"image\/jpeg"}],"twitter_misc":{"Est. reading time":"1 minute"},"schema":{"@context":"https:\/\/schema.org","@graph":[{"@type":"WebPage","@id":"https:\/\/valkyrieparis-bijoux.fr\/en\/bijoux-art-deco\/boucles-d-oreilles-art-deco\/creoles-argent-marcassite\/","url":"https:\/\/valkyrieparis-bijoux.fr\/en\/bijoux-art-deco\/boucles-d-oreilles-art-deco\/creoles-argent-marcassite\/","name":"Cr\u00e9oles argent - mod\u00e8le C\u00e9leste - Valkyrie Paris","isPartOf":{"@id":"https:\/\/valkyrieparis-bijoux.fr\/en\/#website"},"primaryImageOfPage":{"@id":"https:\/\/valkyrieparis-bijoux.fr\/en\/bijoux-art-deco\/boucles-d-oreilles-art-deco\/creoles-argent-marcassite\/#primaryimage"},"image":{"@id":"https:\/\/valkyrieparis-bijoux.fr\/en\/bijoux-art-deco\/boucles-d-oreilles-art-deco\/creoles-argent-marcassite\/#primaryimage"},"thumbnailUrl":"https:\/\/valkyrieparis-bijoux.fr\/wp-content\/uploads\/2026\/03\/E7433765-1978-4720-B1DC-DAD1D26A583B.jpeg","datePublished":"2026-03-02T13:51:34+00:00","dateModified":"2026-03-24T09:20:00+00:00","description":"D\u00e9couvrez nos cr\u00e9oles argent massif, travaill\u00e9es avec pr\u00e9cision et orn\u00e9es de marcassites. Ces boucles d'oreilles offrent un style affirm\u00e9 et lumineux.","breadcrumb":{"@id":"https:\/\/valkyrieparis-bijoux.fr\/en\/bijoux-art-deco\/boucles-d-oreilles-art-deco\/creoles-argent-marcassite\/#breadcrumb"},"inLanguage":"en-US","potentialAction":[{"@type":"ReadAction","target":["https:\/\/valkyrieparis-bijoux.fr\/en\/bijoux-art-deco\/boucles-d-oreilles-art-deco\/creoles-argent-marcassite\/"]}]},{"@type":"ImageObject","inLanguage":"en-US","@id":"https:\/\/valkyrieparis-bijoux.fr\/en\/bijoux-art-deco\/boucles-d-oreilles-art-deco\/creoles-argent-marcassite\/#primaryimage","url":"https:\/\/valkyrieparis-bijoux.fr\/wp-content\/uploads\/2026\/03\/E7433765-1978-4720-B1DC-DAD1D26A583B.jpeg","contentUrl":"https:\/\/valkyrieparis-bijoux.fr\/wp-content\/uploads\/2026\/03\/E7433765-1978-4720-B1DC-DAD1D26A583B.jpeg","width":1800,"height":1800,"caption":"creoles-argent"},{"@type":"BreadcrumbList","@id":"https:\/\/valkyrieparis-bijoux.fr\/en\/bijoux-art-deco\/boucles-d-oreilles-art-deco\/creoles-argent-marcassite\/#breadcrumb","itemListElement":[{"@type":"ListItem","position":1,"name":"Boutique","item":"https:\/\/valkyrieparis-bijoux.fr\/boutique-valkyrie\/"},{"@type":"ListItem","position":2,"name":"Cr\u00e9oles argent &#8211; mod\u00e8le C\u00e9leste"}]},{"@type":"WebSite","@id":"https:\/\/valkyrieparis-bijoux.fr\/en\/#website","url":"https:\/\/valkyrieparis-bijoux.fr\/en\/","name":"Valkyrie Paris","description":"Art Deco Jewellery Designers","publisher":{"@id":"https:\/\/valkyrieparis-bijoux.fr\/en\/#organization"},"potentialAction":[{"@type":"SearchAction","target":{"@type":"EntryPoint","urlTemplate":"https:\/\/valkyrieparis-bijoux.fr\/en\/?s={search_term_string}"},"query-input":{"@type":"PropertyValueSpecification","valueRequired":true,"valueName":"search_term_string"}}],"inLanguage":"en-US"},{"@type":"Organization","@id":"https:\/\/valkyrieparis-bijoux.fr\/en\/#organization","name":"Valkyrie Paris","url":"https:\/\/valkyrieparis-bijoux.fr\/en\/","logo":{"@type":"ImageObject","inLanguage":"en-US","@id":"https:\/\/valkyrieparis-bijoux.fr\/en\/#\/schema\/logo\/image\/","url":"https:\/\/valkyrieparis-bijoux.fr\/wp-content\/uploads\/2021\/03\/Valkyrie_logo_noir-2.png","contentUrl":"https:\/\/valkyrieparis-bijoux.fr\/wp-content\/uploads\/2021\/03\/Valkyrie_logo_noir-2.png","width":1000,"height":321,"caption":"Valkyrie Paris"},"image":{"@id":"https:\/\/valkyrieparis-bijoux.fr\/en\/#\/schema\/logo\/image\/"},"sameAs":["https:\/\/www.facebook.com\/ValkyrieParis","https:\/\/www.instagram.com\/valkyrieparis\/","https:\/\/www.pinterest.fr\/ValkyrieParis\/_created\/"]}]}},"_links":{"self":[{"href":"https:\/\/valkyrieparis-bijoux.fr\/en\/wp-json\/wp\/v2\/product\/229630","targetHints":{"allow":["GET"]}}],"collection":[{"href":"https:\/\/valkyrieparis-bijoux.fr\/en\/wp-json\/wp\/v2\/product"}],"about":[{"href":"https:\/\/valkyrieparis-bijoux.fr\/en\/wp-json\/wp\/v2\/types\/product"}],"wp:featuredmedia":[{"embeddable":true,"href":"https:\/\/valkyrieparis-bijoux.fr\/en\/wp-json\/wp\/v2\/media\/229620"}],"wp:attachment":[{"href":"https:\/\/valkyrieparis-bijoux.fr\/en\/wp-json\/wp\/v2\/media?parent=229630"}],"wp:term":[{"taxonomy":"product_brand","embeddable":true,"href":"https:\/\/valkyrieparis-bijoux.fr\/en\/wp-json\/wp\/v2\/product_brand?post=229630"},{"taxonomy":"product_cat","embeddable":true,"href":"https:\/\/valkyrieparis-bijoux.fr\/en\/wp-json\/wp\/v2\/product_cat?post=229630"},{"taxonomy":"product_tag","embeddable":true,"href":"https:\/\/valkyrieparis-bijoux.fr\/en\/wp-json\/wp\/v2\/product_tag?post=229630"}],"curies":[{"name":"wp","href":"https:\/\/api.w.org\/{rel}","templated":true}]}}