{"id":229289,"date":"2025-11-14T16:59:20","date_gmt":"2025-11-14T15:59:20","guid":{"rendered":"https:\/\/valkyrieparis-bijoux.fr\/?post_type=product&#038;p=229289"},"modified":"2026-03-23T11:34:44","modified_gmt":"2026-03-23T10:34:44","slug":"boucles-d-oreilles-grenat","status":"publish","type":"product","link":"https:\/\/valkyrieparis-bijoux.fr\/en\/bijoux-art-deco\/boucles-d-oreilles-art-deco\/boucles-d-oreilles-grenat\/","title":{"rendered":"Boucles d&rsquo;oreilles grenat &#8211; mod\u00e8le Eos"},"content":{"rendered":"","protected":false},"excerpt":{"rendered":"<p><a rel=\"noreferrer\" href=\"https:\/\/valkyrieparis-bijoux.fr\/wp-content\/uploads\/2026\/03\/Boucles-doreilles-grenat-veritable.mp4\" class=\"vp-a vp-mp4-type vp-modal-click vp-modal-click_shortcode\">Discover the jewel in video<\/a><br \/>\n&nbsp;<br \/>\nD\u00e9couvrez les boucles d&rsquo;oreilles grenat serties de pierres v\u00e9ritables. Chacune de nos gemmes est choisie pour sa couleur rouge intense et sa puret\u00e9 exceptionnelle. Le grenat est reconnu pour ses vertus stimulantes et protectrices, offrant \u00e0 celui ou celle qui le porte \u00e9nergie et vitalit\u00e9. Les petites marcassites soulignent la pierre avec finesse, r\u00e9v\u00e9lant un travail de joaillerie soign\u00e9. Inspir\u00e9es par la lumi\u00e8re et la force du jour, les boucles d&rsquo;oreilles  Eos combinent pierres pr\u00e9cieuses et savoir-faire artisanal, pour un bijou \u00e0 la fois puissant et durable.<br \/>\n&nbsp;<br \/>\n&gt; <strong>Material<\/strong> Genuine sterling silver, hallmarked 925<br \/>\n&gt; <strong>Stones<\/strong> : grenat, marcassites<br \/>\n&gt; Total length: 2.6 cm<br \/>\n&gt; <strong>Delivery<\/strong> available in France<br \/>\n&gt; <strong>Box<\/strong> and <strong>pouch<\/strong> Valkyrie offered<br \/>\n&gt; Jewelry <strong>guaranteed<\/strong> one year against manufacturing defects<br \/>\n&gt; Loops <strong>hypoallergenic<\/strong><\/p>","protected":false},"featured_media":229290,"template":"","meta":{"_et_pb_use_builder":"","_et_pb_old_content":"","_et_gb_content_width":""},"product_brand":[],"product_cat":[168],"product_tag":[],"class_list":{"0":"post-229289","1":"product","2":"type-product","3":"status-publish","4":"has-post-thumbnail","6":"product_cat-boucles-d-oreilles-art-deco","8":"first","9":"instock","10":"shipping-taxable","11":"purchasable","12":"product-type-simple"},"yoast_head":"<!-- This site is optimized with the Yoast SEO plugin v26.9 - https:\/\/yoast.com\/product\/yoast-seo-wordpress\/ -->\n<title>Boucles d&#039;oreilles grenat - mod\u00e8le Eos - Valkyrie Paris<\/title>\n<meta name=\"description\" content=\"D\u00e9couvrez les boucles d&#039;oreilles grenat serties de pierres v\u00e9ritables. Chacune de nos gemmes est choisie pour sa couleur rouge intense et sa puret\u00e9.\" \/>\n<meta name=\"robots\" content=\"index, follow, max-snippet:-1, max-image-preview:large, max-video-preview:-1\" \/>\n<link rel=\"canonical\" href=\"https:\/\/valkyrieparis-bijoux.fr\/en\/bijoux-art-deco\/boucles-d-oreilles-art-deco\/boucles-d-oreilles-grenat\/\" \/>\n<meta property=\"og:locale\" content=\"en_US\" \/>\n<meta property=\"og:type\" content=\"article\" \/>\n<meta property=\"og:title\" content=\"Boucles d&#039;oreilles grenat - mod\u00e8le Eos - Valkyrie Paris\" \/>\n<meta property=\"og:description\" content=\"D\u00e9couvrez les boucles d&#039;oreilles grenat serties de pierres v\u00e9ritables. Chacune de nos gemmes est choisie pour sa couleur rouge intense et sa puret\u00e9.\" \/>\n<meta property=\"og:url\" content=\"https:\/\/valkyrieparis-bijoux.fr\/en\/bijoux-art-deco\/boucles-d-oreilles-art-deco\/boucles-d-oreilles-grenat\/\" \/>\n<meta property=\"og:site_name\" content=\"Valkyrie Paris\" \/>\n<meta property=\"article:publisher\" content=\"https:\/\/www.facebook.com\/ValkyrieParis\" \/>\n<meta property=\"article:modified_time\" content=\"2026-03-23T10:34:44+00:00\" \/>\n<meta property=\"og:image\" content=\"https:\/\/valkyrieparis-bijoux.fr\/wp-content\/uploads\/2025\/11\/D3AA8C55-46A9-4E12-8943-DF1F10E3BFEC.jpg\" \/>\n\t<meta property=\"og:image:width\" content=\"1800\" \/>\n\t<meta property=\"og:image:height\" content=\"1800\" \/>\n\t<meta property=\"og:image:type\" content=\"image\/jpeg\" \/>\n<meta name=\"twitter:label1\" content=\"Est. reading time\" \/>\n\t<meta name=\"twitter:data1\" content=\"1 minute\" \/>\n<script type=\"application\/ld+json\" class=\"yoast-schema-graph\">{\"@context\":\"https:\/\/schema.org\",\"@graph\":[{\"@type\":\"WebPage\",\"@id\":\"https:\/\/valkyrieparis-bijoux.fr\/en\/bijoux-art-deco\/boucles-d-oreilles-art-deco\/boucles-d-oreilles-grenat\/\",\"url\":\"https:\/\/valkyrieparis-bijoux.fr\/en\/bijoux-art-deco\/boucles-d-oreilles-art-deco\/boucles-d-oreilles-grenat\/\",\"name\":\"Boucles d'oreilles grenat - mod\u00e8le Eos - Valkyrie Paris\",\"isPartOf\":{\"@id\":\"https:\/\/valkyrieparis-bijoux.fr\/en\/#website\"},\"primaryImageOfPage\":{\"@id\":\"https:\/\/valkyrieparis-bijoux.fr\/en\/bijoux-art-deco\/boucles-d-oreilles-art-deco\/boucles-d-oreilles-grenat\/#primaryimage\"},\"image\":{\"@id\":\"https:\/\/valkyrieparis-bijoux.fr\/en\/bijoux-art-deco\/boucles-d-oreilles-art-deco\/boucles-d-oreilles-grenat\/#primaryimage\"},\"thumbnailUrl\":\"https:\/\/valkyrieparis-bijoux.fr\/wp-content\/uploads\/2025\/11\/D3AA8C55-46A9-4E12-8943-DF1F10E3BFEC.jpg\",\"datePublished\":\"2025-11-14T15:59:20+00:00\",\"dateModified\":\"2026-03-23T10:34:44+00:00\",\"description\":\"D\u00e9couvrez les boucles d'oreilles grenat serties de pierres v\u00e9ritables. Chacune de nos gemmes est choisie pour sa couleur rouge intense et sa puret\u00e9.\",\"breadcrumb\":{\"@id\":\"https:\/\/valkyrieparis-bijoux.fr\/en\/bijoux-art-deco\/boucles-d-oreilles-art-deco\/boucles-d-oreilles-grenat\/#breadcrumb\"},\"inLanguage\":\"en-US\",\"potentialAction\":[{\"@type\":\"ReadAction\",\"target\":[\"https:\/\/valkyrieparis-bijoux.fr\/en\/bijoux-art-deco\/boucles-d-oreilles-art-deco\/boucles-d-oreilles-grenat\/\"]}]},{\"@type\":\"ImageObject\",\"inLanguage\":\"en-US\",\"@id\":\"https:\/\/valkyrieparis-bijoux.fr\/en\/bijoux-art-deco\/boucles-d-oreilles-art-deco\/boucles-d-oreilles-grenat\/#primaryimage\",\"url\":\"https:\/\/valkyrieparis-bijoux.fr\/wp-content\/uploads\/2025\/11\/D3AA8C55-46A9-4E12-8943-DF1F10E3BFEC.jpg\",\"contentUrl\":\"https:\/\/valkyrieparis-bijoux.fr\/wp-content\/uploads\/2025\/11\/D3AA8C55-46A9-4E12-8943-DF1F10E3BFEC.jpg\",\"width\":1800,\"height\":1800,\"caption\":\"boucles-d-oreilles-grenat\"},{\"@type\":\"BreadcrumbList\",\"@id\":\"https:\/\/valkyrieparis-bijoux.fr\/en\/bijoux-art-deco\/boucles-d-oreilles-art-deco\/boucles-d-oreilles-grenat\/#breadcrumb\",\"itemListElement\":[{\"@type\":\"ListItem\",\"position\":1,\"name\":\"Boutique\",\"item\":\"https:\/\/valkyrieparis-bijoux.fr\/boutique-valkyrie\/\"},{\"@type\":\"ListItem\",\"position\":2,\"name\":\"Boucles d&rsquo;oreilles grenat &#8211; mod\u00e8le Eos\"}]},{\"@type\":\"WebSite\",\"@id\":\"https:\/\/valkyrieparis-bijoux.fr\/en\/#website\",\"url\":\"https:\/\/valkyrieparis-bijoux.fr\/en\/\",\"name\":\"Valkyrie Paris\",\"description\":\"Cr\u00e9ateurs de Bijoux Art D\u00e9co\",\"publisher\":{\"@id\":\"https:\/\/valkyrieparis-bijoux.fr\/en\/#organization\"},\"potentialAction\":[{\"@type\":\"SearchAction\",\"target\":{\"@type\":\"EntryPoint\",\"urlTemplate\":\"https:\/\/valkyrieparis-bijoux.fr\/en\/?s={search_term_string}\"},\"query-input\":{\"@type\":\"PropertyValueSpecification\",\"valueRequired\":true,\"valueName\":\"search_term_string\"}}],\"inLanguage\":\"en-US\"},{\"@type\":\"Organization\",\"@id\":\"https:\/\/valkyrieparis-bijoux.fr\/en\/#organization\",\"name\":\"Valkyrie Paris\",\"url\":\"https:\/\/valkyrieparis-bijoux.fr\/en\/\",\"logo\":{\"@type\":\"ImageObject\",\"inLanguage\":\"en-US\",\"@id\":\"https:\/\/valkyrieparis-bijoux.fr\/en\/#\/schema\/logo\/image\/\",\"url\":\"https:\/\/valkyrieparis-bijoux.fr\/wp-content\/uploads\/2021\/03\/Valkyrie_logo_noir-2.png\",\"contentUrl\":\"https:\/\/valkyrieparis-bijoux.fr\/wp-content\/uploads\/2021\/03\/Valkyrie_logo_noir-2.png\",\"width\":1000,\"height\":321,\"caption\":\"Valkyrie Paris\"},\"image\":{\"@id\":\"https:\/\/valkyrieparis-bijoux.fr\/en\/#\/schema\/logo\/image\/\"},\"sameAs\":[\"https:\/\/www.facebook.com\/ValkyrieParis\",\"https:\/\/www.instagram.com\/valkyrieparis\/\",\"https:\/\/www.pinterest.fr\/ValkyrieParis\/_created\/\"]}]}<\/script>\n<!-- \/ Yoast SEO plugin. -->","yoast_head_json":{"title":"Boucles d'oreilles grenat - mod\u00e8le Eos - Valkyrie Paris","description":"D\u00e9couvrez les boucles d'oreilles grenat serties de pierres v\u00e9ritables. Chacune de nos gemmes est choisie pour sa couleur rouge intense et sa puret\u00e9.","robots":{"index":"index","follow":"follow","max-snippet":"max-snippet:-1","max-image-preview":"max-image-preview:large","max-video-preview":"max-video-preview:-1"},"canonical":"https:\/\/valkyrieparis-bijoux.fr\/en\/bijoux-art-deco\/boucles-d-oreilles-art-deco\/boucles-d-oreilles-grenat\/","og_locale":"en_US","og_type":"article","og_title":"Boucles d'oreilles grenat - mod\u00e8le Eos - Valkyrie Paris","og_description":"D\u00e9couvrez les boucles d'oreilles grenat serties de pierres v\u00e9ritables. Chacune de nos gemmes est choisie pour sa couleur rouge intense et sa puret\u00e9.","og_url":"https:\/\/valkyrieparis-bijoux.fr\/en\/bijoux-art-deco\/boucles-d-oreilles-art-deco\/boucles-d-oreilles-grenat\/","og_site_name":"Valkyrie Paris","article_publisher":"https:\/\/www.facebook.com\/ValkyrieParis","article_modified_time":"2026-03-23T10:34:44+00:00","og_image":[{"width":1800,"height":1800,"url":"https:\/\/valkyrieparis-bijoux.fr\/wp-content\/uploads\/2025\/11\/D3AA8C55-46A9-4E12-8943-DF1F10E3BFEC.jpg","type":"image\/jpeg"}],"twitter_misc":{"Est. reading time":"1 minute"},"schema":{"@context":"https:\/\/schema.org","@graph":[{"@type":"WebPage","@id":"https:\/\/valkyrieparis-bijoux.fr\/en\/bijoux-art-deco\/boucles-d-oreilles-art-deco\/boucles-d-oreilles-grenat\/","url":"https:\/\/valkyrieparis-bijoux.fr\/en\/bijoux-art-deco\/boucles-d-oreilles-art-deco\/boucles-d-oreilles-grenat\/","name":"Boucles d'oreilles grenat - mod\u00e8le Eos - Valkyrie Paris","isPartOf":{"@id":"https:\/\/valkyrieparis-bijoux.fr\/en\/#website"},"primaryImageOfPage":{"@id":"https:\/\/valkyrieparis-bijoux.fr\/en\/bijoux-art-deco\/boucles-d-oreilles-art-deco\/boucles-d-oreilles-grenat\/#primaryimage"},"image":{"@id":"https:\/\/valkyrieparis-bijoux.fr\/en\/bijoux-art-deco\/boucles-d-oreilles-art-deco\/boucles-d-oreilles-grenat\/#primaryimage"},"thumbnailUrl":"https:\/\/valkyrieparis-bijoux.fr\/wp-content\/uploads\/2025\/11\/D3AA8C55-46A9-4E12-8943-DF1F10E3BFEC.jpg","datePublished":"2025-11-14T15:59:20+00:00","dateModified":"2026-03-23T10:34:44+00:00","description":"D\u00e9couvrez les boucles d'oreilles grenat serties de pierres v\u00e9ritables. Chacune de nos gemmes est choisie pour sa couleur rouge intense et sa puret\u00e9.","breadcrumb":{"@id":"https:\/\/valkyrieparis-bijoux.fr\/en\/bijoux-art-deco\/boucles-d-oreilles-art-deco\/boucles-d-oreilles-grenat\/#breadcrumb"},"inLanguage":"en-US","potentialAction":[{"@type":"ReadAction","target":["https:\/\/valkyrieparis-bijoux.fr\/en\/bijoux-art-deco\/boucles-d-oreilles-art-deco\/boucles-d-oreilles-grenat\/"]}]},{"@type":"ImageObject","inLanguage":"en-US","@id":"https:\/\/valkyrieparis-bijoux.fr\/en\/bijoux-art-deco\/boucles-d-oreilles-art-deco\/boucles-d-oreilles-grenat\/#primaryimage","url":"https:\/\/valkyrieparis-bijoux.fr\/wp-content\/uploads\/2025\/11\/D3AA8C55-46A9-4E12-8943-DF1F10E3BFEC.jpg","contentUrl":"https:\/\/valkyrieparis-bijoux.fr\/wp-content\/uploads\/2025\/11\/D3AA8C55-46A9-4E12-8943-DF1F10E3BFEC.jpg","width":1800,"height":1800,"caption":"boucles-d-oreilles-grenat"},{"@type":"BreadcrumbList","@id":"https:\/\/valkyrieparis-bijoux.fr\/en\/bijoux-art-deco\/boucles-d-oreilles-art-deco\/boucles-d-oreilles-grenat\/#breadcrumb","itemListElement":[{"@type":"ListItem","position":1,"name":"Boutique","item":"https:\/\/valkyrieparis-bijoux.fr\/boutique-valkyrie\/"},{"@type":"ListItem","position":2,"name":"Boucles d&rsquo;oreilles grenat &#8211; mod\u00e8le Eos"}]},{"@type":"WebSite","@id":"https:\/\/valkyrieparis-bijoux.fr\/en\/#website","url":"https:\/\/valkyrieparis-bijoux.fr\/en\/","name":"Valkyrie Paris","description":"Art Deco Jewellery Designers","publisher":{"@id":"https:\/\/valkyrieparis-bijoux.fr\/en\/#organization"},"potentialAction":[{"@type":"SearchAction","target":{"@type":"EntryPoint","urlTemplate":"https:\/\/valkyrieparis-bijoux.fr\/en\/?s={search_term_string}"},"query-input":{"@type":"PropertyValueSpecification","valueRequired":true,"valueName":"search_term_string"}}],"inLanguage":"en-US"},{"@type":"Organization","@id":"https:\/\/valkyrieparis-bijoux.fr\/en\/#organization","name":"Valkyrie Paris","url":"https:\/\/valkyrieparis-bijoux.fr\/en\/","logo":{"@type":"ImageObject","inLanguage":"en-US","@id":"https:\/\/valkyrieparis-bijoux.fr\/en\/#\/schema\/logo\/image\/","url":"https:\/\/valkyrieparis-bijoux.fr\/wp-content\/uploads\/2021\/03\/Valkyrie_logo_noir-2.png","contentUrl":"https:\/\/valkyrieparis-bijoux.fr\/wp-content\/uploads\/2021\/03\/Valkyrie_logo_noir-2.png","width":1000,"height":321,"caption":"Valkyrie Paris"},"image":{"@id":"https:\/\/valkyrieparis-bijoux.fr\/en\/#\/schema\/logo\/image\/"},"sameAs":["https:\/\/www.facebook.com\/ValkyrieParis","https:\/\/www.instagram.com\/valkyrieparis\/","https:\/\/www.pinterest.fr\/ValkyrieParis\/_created\/"]}]}},"_links":{"self":[{"href":"https:\/\/valkyrieparis-bijoux.fr\/en\/wp-json\/wp\/v2\/product\/229289","targetHints":{"allow":["GET"]}}],"collection":[{"href":"https:\/\/valkyrieparis-bijoux.fr\/en\/wp-json\/wp\/v2\/product"}],"about":[{"href":"https:\/\/valkyrieparis-bijoux.fr\/en\/wp-json\/wp\/v2\/types\/product"}],"wp:featuredmedia":[{"embeddable":true,"href":"https:\/\/valkyrieparis-bijoux.fr\/en\/wp-json\/wp\/v2\/media\/229290"}],"wp:attachment":[{"href":"https:\/\/valkyrieparis-bijoux.fr\/en\/wp-json\/wp\/v2\/media?parent=229289"}],"wp:term":[{"taxonomy":"product_brand","embeddable":true,"href":"https:\/\/valkyrieparis-bijoux.fr\/en\/wp-json\/wp\/v2\/product_brand?post=229289"},{"taxonomy":"product_cat","embeddable":true,"href":"https:\/\/valkyrieparis-bijoux.fr\/en\/wp-json\/wp\/v2\/product_cat?post=229289"},{"taxonomy":"product_tag","embeddable":true,"href":"https:\/\/valkyrieparis-bijoux.fr\/en\/wp-json\/wp\/v2\/product_tag?post=229289"}],"curies":[{"name":"wp","href":"https:\/\/api.w.org\/{rel}","templated":true}]}}