{"id":228522,"date":"2025-01-17T10:50:16","date_gmt":"2025-01-17T09:50:16","guid":{"rendered":"https:\/\/valkyrieparis-bijoux.fr\/?post_type=product&#038;p=228522"},"modified":"2026-02-09T16:10:38","modified_gmt":"2026-02-09T15:10:38","slug":"bague-amethyste-modele-velvet","status":"publish","type":"product","link":"https:\/\/valkyrieparis-bijoux.fr\/en\/bijoux-art-deco\/bagues-art-deco\/bague-amethyste-modele-velvet\/","title":{"rendered":"Bague am\u00e9thyste &#8211; mod\u00e8le Velvet"},"content":{"rendered":"","protected":false},"excerpt":{"rendered":"<p><a rel=\"noreferrer\" href=\"https:\/\/valkyrieparis-bijoux.fr\/wp-content\/uploads\/2025\/01\/Bague-art-deco-amethyste-argent.mp4\" class=\"vp-a vp-mp4-type vp-modal-click vp-modal-click_shortcode\">Discover the jewel in video<\/a><br \/>\n&nbsp;<br \/>\nLa bague am\u00e9thyste Velvet en argent sterling est un v\u00e9ritable tr\u00e9sor pour les amateurs de pierres fines. Elle arbore un imposant cabochon d&rsquo;am\u00e9thyste taille coussin, dont les reflets violets profonds captivent le regard. Le sertissage est minutieusement orn\u00e9 de marcassites, apportant une touche vintage et raffin\u00e9e. La qualit\u00e9 exceptionnelle de l&rsquo;am\u00e9thyste, aux nuances riches et \u00e9clatantes, est r\u00e9put\u00e9e pour ses vertus apaisantes. Sa monture en argent finement travaill\u00e9e met en valeur l&rsquo;\u00e9clat et la couleur vibrante de la pierre centrale, id\u00e9ale pour sublimer n&rsquo;importe quelle tenue<br \/>\n&nbsp;<br \/>\n&gt; <strong>Material<\/strong> Genuine sterling silver, hallmarked 925<br \/>\n&gt; <strong>Stones<\/strong> : am\u00e9thyste, marcassites<br \/>\n&gt; <strong>Dimensions<\/strong> : 1,6 cm (longueur) x 1,6 cm (largeur)<br \/>\n&gt; <strong>Delivery<\/strong> free of charge in France<br \/>\n&gt; <strong>\u00c9crin<\/strong> Valkyrie offert<br \/>\n&gt; Ring <strong>warranty<\/strong> one year against manufacturing defects<br \/>\n&gt; Ring <strong>hypoallergenic<\/strong><\/p>","protected":false},"featured_media":228498,"template":"","meta":{"_et_pb_use_builder":"","_et_pb_old_content":"","_et_gb_content_width":""},"product_brand":[],"product_cat":[29],"product_tag":[],"class_list":{"0":"post-228522","1":"product","2":"type-product","3":"status-publish","4":"has-post-thumbnail","6":"product_cat-bagues-art-deco","8":"first","9":"instock","10":"shipping-taxable","11":"purchasable","12":"product-type-variable"},"yoast_head":"<!-- This site is optimized with the Yoast SEO plugin v26.9 - https:\/\/yoast.com\/product\/yoast-seo-wordpress\/ -->\n<title>Bague am\u00e9thyste - mod\u00e8le Velvet - Valkyrie Paris<\/title>\n<meta name=\"description\" content=\"La bague am\u00e9thyste Velvet en argent est un v\u00e9ritable tr\u00e9sor pour les amateurs de pierres. Elle arbore un cabochon d&#039;am\u00e9thyste aux reflets violets profonds.\" \/>\n<meta name=\"robots\" content=\"index, follow, max-snippet:-1, max-image-preview:large, max-video-preview:-1\" \/>\n<link rel=\"canonical\" href=\"https:\/\/valkyrieparis-bijoux.fr\/en\/bijoux-art-deco\/bagues-art-deco\/bague-amethyste-modele-velvet\/\" \/>\n<meta property=\"og:locale\" content=\"en_US\" \/>\n<meta property=\"og:type\" content=\"article\" \/>\n<meta property=\"og:title\" content=\"Bague am\u00e9thyste - mod\u00e8le Velvet - Valkyrie Paris\" \/>\n<meta property=\"og:description\" content=\"La bague am\u00e9thyste Velvet en argent est un v\u00e9ritable tr\u00e9sor pour les amateurs de pierres. Elle arbore un cabochon d&#039;am\u00e9thyste aux reflets violets profonds.\" \/>\n<meta property=\"og:url\" content=\"https:\/\/valkyrieparis-bijoux.fr\/en\/bijoux-art-deco\/bagues-art-deco\/bague-amethyste-modele-velvet\/\" \/>\n<meta property=\"og:site_name\" content=\"Valkyrie Paris\" \/>\n<meta property=\"article:publisher\" content=\"https:\/\/www.facebook.com\/ValkyrieParis\" \/>\n<meta property=\"article:modified_time\" content=\"2026-02-09T15:10:38+00:00\" \/>\n<meta property=\"og:image\" content=\"https:\/\/valkyrieparis-bijoux.fr\/wp-content\/uploads\/2025\/01\/3F89545F-ED12-484A-8436-D19A442069FD.jpeg\" \/>\n\t<meta property=\"og:image:width\" content=\"1700\" \/>\n\t<meta property=\"og:image:height\" content=\"1700\" \/>\n\t<meta property=\"og:image:type\" content=\"image\/jpeg\" \/>\n<meta name=\"twitter:label1\" content=\"Est. reading time\" \/>\n\t<meta name=\"twitter:data1\" content=\"1 minute\" \/>\n<script type=\"application\/ld+json\" class=\"yoast-schema-graph\">{\"@context\":\"https:\/\/schema.org\",\"@graph\":[{\"@type\":\"WebPage\",\"@id\":\"https:\/\/valkyrieparis-bijoux.fr\/en\/bijoux-art-deco\/bagues-art-deco\/bague-amethyste-modele-velvet\/\",\"url\":\"https:\/\/valkyrieparis-bijoux.fr\/en\/bijoux-art-deco\/bagues-art-deco\/bague-amethyste-modele-velvet\/\",\"name\":\"Bague am\u00e9thyste - mod\u00e8le Velvet - Valkyrie Paris\",\"isPartOf\":{\"@id\":\"https:\/\/valkyrieparis-bijoux.fr\/en\/#website\"},\"primaryImageOfPage\":{\"@id\":\"https:\/\/valkyrieparis-bijoux.fr\/en\/bijoux-art-deco\/bagues-art-deco\/bague-amethyste-modele-velvet\/#primaryimage\"},\"image\":{\"@id\":\"https:\/\/valkyrieparis-bijoux.fr\/en\/bijoux-art-deco\/bagues-art-deco\/bague-amethyste-modele-velvet\/#primaryimage\"},\"thumbnailUrl\":\"https:\/\/valkyrieparis-bijoux.fr\/wp-content\/uploads\/2025\/01\/3F89545F-ED12-484A-8436-D19A442069FD.jpeg\",\"datePublished\":\"2025-01-17T09:50:16+00:00\",\"dateModified\":\"2026-02-09T15:10:38+00:00\",\"description\":\"La bague am\u00e9thyste Velvet en argent est un v\u00e9ritable tr\u00e9sor pour les amateurs de pierres. Elle arbore un cabochon d'am\u00e9thyste aux reflets violets profonds.\",\"breadcrumb\":{\"@id\":\"https:\/\/valkyrieparis-bijoux.fr\/en\/bijoux-art-deco\/bagues-art-deco\/bague-amethyste-modele-velvet\/#breadcrumb\"},\"inLanguage\":\"en-US\",\"potentialAction\":[{\"@type\":\"ReadAction\",\"target\":[\"https:\/\/valkyrieparis-bijoux.fr\/en\/bijoux-art-deco\/bagues-art-deco\/bague-amethyste-modele-velvet\/\"]}]},{\"@type\":\"ImageObject\",\"inLanguage\":\"en-US\",\"@id\":\"https:\/\/valkyrieparis-bijoux.fr\/en\/bijoux-art-deco\/bagues-art-deco\/bague-amethyste-modele-velvet\/#primaryimage\",\"url\":\"https:\/\/valkyrieparis-bijoux.fr\/wp-content\/uploads\/2025\/01\/3F89545F-ED12-484A-8436-D19A442069FD.jpeg\",\"contentUrl\":\"https:\/\/valkyrieparis-bijoux.fr\/wp-content\/uploads\/2025\/01\/3F89545F-ED12-484A-8436-D19A442069FD.jpeg\",\"width\":1700,\"height\":1700,\"caption\":\"bague-amethyste-marcassites\"},{\"@type\":\"BreadcrumbList\",\"@id\":\"https:\/\/valkyrieparis-bijoux.fr\/en\/bijoux-art-deco\/bagues-art-deco\/bague-amethyste-modele-velvet\/#breadcrumb\",\"itemListElement\":[{\"@type\":\"ListItem\",\"position\":1,\"name\":\"Boutique\",\"item\":\"https:\/\/valkyrieparis-bijoux.fr\/boutique-valkyrie\/\"},{\"@type\":\"ListItem\",\"position\":2,\"name\":\"Bague am\u00e9thyste &#8211; mod\u00e8le Velvet\"}]},{\"@type\":\"WebSite\",\"@id\":\"https:\/\/valkyrieparis-bijoux.fr\/en\/#website\",\"url\":\"https:\/\/valkyrieparis-bijoux.fr\/en\/\",\"name\":\"Valkyrie Paris\",\"description\":\"Cr\u00e9ateurs de Bijoux Art D\u00e9co\",\"publisher\":{\"@id\":\"https:\/\/valkyrieparis-bijoux.fr\/en\/#organization\"},\"potentialAction\":[{\"@type\":\"SearchAction\",\"target\":{\"@type\":\"EntryPoint\",\"urlTemplate\":\"https:\/\/valkyrieparis-bijoux.fr\/en\/?s={search_term_string}\"},\"query-input\":{\"@type\":\"PropertyValueSpecification\",\"valueRequired\":true,\"valueName\":\"search_term_string\"}}],\"inLanguage\":\"en-US\"},{\"@type\":\"Organization\",\"@id\":\"https:\/\/valkyrieparis-bijoux.fr\/en\/#organization\",\"name\":\"Valkyrie Paris\",\"url\":\"https:\/\/valkyrieparis-bijoux.fr\/en\/\",\"logo\":{\"@type\":\"ImageObject\",\"inLanguage\":\"en-US\",\"@id\":\"https:\/\/valkyrieparis-bijoux.fr\/en\/#\/schema\/logo\/image\/\",\"url\":\"https:\/\/valkyrieparis-bijoux.fr\/wp-content\/uploads\/2021\/03\/Valkyrie_logo_noir-2.png\",\"contentUrl\":\"https:\/\/valkyrieparis-bijoux.fr\/wp-content\/uploads\/2021\/03\/Valkyrie_logo_noir-2.png\",\"width\":1000,\"height\":321,\"caption\":\"Valkyrie Paris\"},\"image\":{\"@id\":\"https:\/\/valkyrieparis-bijoux.fr\/en\/#\/schema\/logo\/image\/\"},\"sameAs\":[\"https:\/\/www.facebook.com\/ValkyrieParis\",\"https:\/\/www.instagram.com\/valkyrieparis\/\",\"https:\/\/www.pinterest.fr\/ValkyrieParis\/_created\/\"]}]}<\/script>\n<!-- \/ Yoast SEO plugin. -->","yoast_head_json":{"title":"Bague am\u00e9thyste - mod\u00e8le Velvet - Valkyrie Paris","description":"La bague am\u00e9thyste Velvet en argent est un v\u00e9ritable tr\u00e9sor pour les amateurs de pierres. Elle arbore un cabochon d'am\u00e9thyste aux reflets violets profonds.","robots":{"index":"index","follow":"follow","max-snippet":"max-snippet:-1","max-image-preview":"max-image-preview:large","max-video-preview":"max-video-preview:-1"},"canonical":"https:\/\/valkyrieparis-bijoux.fr\/en\/bijoux-art-deco\/bagues-art-deco\/bague-amethyste-modele-velvet\/","og_locale":"en_US","og_type":"article","og_title":"Bague am\u00e9thyste - mod\u00e8le Velvet - Valkyrie Paris","og_description":"La bague am\u00e9thyste Velvet en argent est un v\u00e9ritable tr\u00e9sor pour les amateurs de pierres. Elle arbore un cabochon d'am\u00e9thyste aux reflets violets profonds.","og_url":"https:\/\/valkyrieparis-bijoux.fr\/en\/bijoux-art-deco\/bagues-art-deco\/bague-amethyste-modele-velvet\/","og_site_name":"Valkyrie Paris","article_publisher":"https:\/\/www.facebook.com\/ValkyrieParis","article_modified_time":"2026-02-09T15:10:38+00:00","og_image":[{"width":1700,"height":1700,"url":"https:\/\/valkyrieparis-bijoux.fr\/wp-content\/uploads\/2025\/01\/3F89545F-ED12-484A-8436-D19A442069FD.jpeg","type":"image\/jpeg"}],"twitter_misc":{"Est. reading time":"1 minute"},"schema":{"@context":"https:\/\/schema.org","@graph":[{"@type":"WebPage","@id":"https:\/\/valkyrieparis-bijoux.fr\/en\/bijoux-art-deco\/bagues-art-deco\/bague-amethyste-modele-velvet\/","url":"https:\/\/valkyrieparis-bijoux.fr\/en\/bijoux-art-deco\/bagues-art-deco\/bague-amethyste-modele-velvet\/","name":"Bague am\u00e9thyste - mod\u00e8le Velvet - Valkyrie Paris","isPartOf":{"@id":"https:\/\/valkyrieparis-bijoux.fr\/en\/#website"},"primaryImageOfPage":{"@id":"https:\/\/valkyrieparis-bijoux.fr\/en\/bijoux-art-deco\/bagues-art-deco\/bague-amethyste-modele-velvet\/#primaryimage"},"image":{"@id":"https:\/\/valkyrieparis-bijoux.fr\/en\/bijoux-art-deco\/bagues-art-deco\/bague-amethyste-modele-velvet\/#primaryimage"},"thumbnailUrl":"https:\/\/valkyrieparis-bijoux.fr\/wp-content\/uploads\/2025\/01\/3F89545F-ED12-484A-8436-D19A442069FD.jpeg","datePublished":"2025-01-17T09:50:16+00:00","dateModified":"2026-02-09T15:10:38+00:00","description":"La bague am\u00e9thyste Velvet en argent est un v\u00e9ritable tr\u00e9sor pour les amateurs de pierres. Elle arbore un cabochon d'am\u00e9thyste aux reflets violets profonds.","breadcrumb":{"@id":"https:\/\/valkyrieparis-bijoux.fr\/en\/bijoux-art-deco\/bagues-art-deco\/bague-amethyste-modele-velvet\/#breadcrumb"},"inLanguage":"en-US","potentialAction":[{"@type":"ReadAction","target":["https:\/\/valkyrieparis-bijoux.fr\/en\/bijoux-art-deco\/bagues-art-deco\/bague-amethyste-modele-velvet\/"]}]},{"@type":"ImageObject","inLanguage":"en-US","@id":"https:\/\/valkyrieparis-bijoux.fr\/en\/bijoux-art-deco\/bagues-art-deco\/bague-amethyste-modele-velvet\/#primaryimage","url":"https:\/\/valkyrieparis-bijoux.fr\/wp-content\/uploads\/2025\/01\/3F89545F-ED12-484A-8436-D19A442069FD.jpeg","contentUrl":"https:\/\/valkyrieparis-bijoux.fr\/wp-content\/uploads\/2025\/01\/3F89545F-ED12-484A-8436-D19A442069FD.jpeg","width":1700,"height":1700,"caption":"bague-amethyste-marcassites"},{"@type":"BreadcrumbList","@id":"https:\/\/valkyrieparis-bijoux.fr\/en\/bijoux-art-deco\/bagues-art-deco\/bague-amethyste-modele-velvet\/#breadcrumb","itemListElement":[{"@type":"ListItem","position":1,"name":"Boutique","item":"https:\/\/valkyrieparis-bijoux.fr\/boutique-valkyrie\/"},{"@type":"ListItem","position":2,"name":"Bague am\u00e9thyste &#8211; mod\u00e8le Velvet"}]},{"@type":"WebSite","@id":"https:\/\/valkyrieparis-bijoux.fr\/en\/#website","url":"https:\/\/valkyrieparis-bijoux.fr\/en\/","name":"Valkyrie Paris","description":"Art Deco Jewellery Designers","publisher":{"@id":"https:\/\/valkyrieparis-bijoux.fr\/en\/#organization"},"potentialAction":[{"@type":"SearchAction","target":{"@type":"EntryPoint","urlTemplate":"https:\/\/valkyrieparis-bijoux.fr\/en\/?s={search_term_string}"},"query-input":{"@type":"PropertyValueSpecification","valueRequired":true,"valueName":"search_term_string"}}],"inLanguage":"en-US"},{"@type":"Organization","@id":"https:\/\/valkyrieparis-bijoux.fr\/en\/#organization","name":"Valkyrie Paris","url":"https:\/\/valkyrieparis-bijoux.fr\/en\/","logo":{"@type":"ImageObject","inLanguage":"en-US","@id":"https:\/\/valkyrieparis-bijoux.fr\/en\/#\/schema\/logo\/image\/","url":"https:\/\/valkyrieparis-bijoux.fr\/wp-content\/uploads\/2021\/03\/Valkyrie_logo_noir-2.png","contentUrl":"https:\/\/valkyrieparis-bijoux.fr\/wp-content\/uploads\/2021\/03\/Valkyrie_logo_noir-2.png","width":1000,"height":321,"caption":"Valkyrie Paris"},"image":{"@id":"https:\/\/valkyrieparis-bijoux.fr\/en\/#\/schema\/logo\/image\/"},"sameAs":["https:\/\/www.facebook.com\/ValkyrieParis","https:\/\/www.instagram.com\/valkyrieparis\/","https:\/\/www.pinterest.fr\/ValkyrieParis\/_created\/"]}]}},"_links":{"self":[{"href":"https:\/\/valkyrieparis-bijoux.fr\/en\/wp-json\/wp\/v2\/product\/228522","targetHints":{"allow":["GET"]}}],"collection":[{"href":"https:\/\/valkyrieparis-bijoux.fr\/en\/wp-json\/wp\/v2\/product"}],"about":[{"href":"https:\/\/valkyrieparis-bijoux.fr\/en\/wp-json\/wp\/v2\/types\/product"}],"wp:featuredmedia":[{"embeddable":true,"href":"https:\/\/valkyrieparis-bijoux.fr\/en\/wp-json\/wp\/v2\/media\/228498"}],"wp:attachment":[{"href":"https:\/\/valkyrieparis-bijoux.fr\/en\/wp-json\/wp\/v2\/media?parent=228522"}],"wp:term":[{"taxonomy":"product_brand","embeddable":true,"href":"https:\/\/valkyrieparis-bijoux.fr\/en\/wp-json\/wp\/v2\/product_brand?post=228522"},{"taxonomy":"product_cat","embeddable":true,"href":"https:\/\/valkyrieparis-bijoux.fr\/en\/wp-json\/wp\/v2\/product_cat?post=228522"},{"taxonomy":"product_tag","embeddable":true,"href":"https:\/\/valkyrieparis-bijoux.fr\/en\/wp-json\/wp\/v2\/product_tag?post=228522"}],"curies":[{"name":"wp","href":"https:\/\/api.w.org\/{rel}","templated":true}]}}