{"id":228505,"date":"2025-01-17T10:39:35","date_gmt":"2025-01-17T09:39:35","guid":{"rendered":"https:\/\/valkyrieparis-bijoux.fr\/?post_type=product&#038;p=228505"},"modified":"2026-02-09T16:15:59","modified_gmt":"2026-02-09T15:15:59","slug":"bague-quartz-fume-modele-odeon","status":"publish","type":"product","link":"https:\/\/valkyrieparis-bijoux.fr\/en\/bijoux-art-deco\/bagues-art-deco\/bague-quartz-fume-modele-odeon\/","title":{"rendered":"Bague quartz fum\u00e9 &#8211; mod\u00e8le Od\u00e9on"},"content":{"rendered":"","protected":false},"excerpt":{"rendered":"<p><a rel=\"noreferrer\" href=\"https:\/\/valkyrieparis-bijoux.fr\/wp-content\/uploads\/2025\/01\/Bague-argent-quartz-fume.mp4\" class=\"vp-a vp-mp4-type vp-modal-click vp-modal-click_shortcode\">Discover the jewel in video<\/a><br \/>\n&nbsp;<br \/>\nLa bague quartz fum\u00e9 Od\u00e9on en argent sterling est un v\u00e9ritable hommage au style vintage. Son design \u00e9voque les bijoux d&rsquo;\u00e9poque, avec une monture orn\u00e9e de marcassites qui rappellent les d\u00e9tails minutieux de l\u2019Art D\u00e9co. Le quartz fum\u00e9, aux teintes profondes et myst\u00e9rieuses, tr\u00f4ne au centre comme une pierre pr\u00e9cieuse d&rsquo;un autre temps. Chaque d\u00e9tail, des ciselures argent\u00e9es aux contrastes textur\u00e9s, refl\u00e8te un charme r\u00e9tro qui s\u00e9duira les passionn\u00e9s de pi\u00e8ces au caract\u00e8re authentique<br \/>\n&nbsp;<br \/>\n&gt; <strong>Material<\/strong> Genuine sterling silver, hallmarked 925<br \/>\n&gt; <strong>Stones<\/strong> : quartz fum\u00e9, marcassites<br \/>\n&gt; <strong>Dimensions<\/strong> 2.4 cm (length) x 1.6 cm (width)<br \/>\n&gt; <strong>Delivery<\/strong> free of charge in France<br \/>\n&gt; <strong>\u00c9crin<\/strong> Valkyrie offert<br \/>\n&gt; Ring <strong>warranty<\/strong> one year against manufacturing defects<br \/>\n&gt; Ring <strong>hypoallergenic<\/strong><\/p>","protected":false},"featured_media":228494,"template":"","meta":{"_et_pb_use_builder":"","_et_pb_old_content":"","_et_gb_content_width":""},"product_brand":[],"product_cat":[29],"product_tag":[],"class_list":{"0":"post-228505","1":"product","2":"type-product","3":"status-publish","4":"has-post-thumbnail","6":"product_cat-bagues-art-deco","8":"first","9":"instock","10":"shipping-taxable","11":"purchasable","12":"product-type-variable"},"yoast_head":"<!-- This site is optimized with the Yoast SEO plugin v26.9 - https:\/\/yoast.com\/product\/yoast-seo-wordpress\/ -->\n<title>Bague quartz fum\u00e9 - mod\u00e8le Od\u00e9on - Valkyrie Paris<\/title>\n<meta name=\"description\" content=\"La bague quartz fum\u00e9 Od\u00e9on en argent est un v\u00e9ritable hommage au style vintage. Son design \u00e9voque les bijoux d&#039;\u00e9poque, avec une monture orn\u00e9e de marcassites\" \/>\n<meta name=\"robots\" content=\"index, follow, max-snippet:-1, max-image-preview:large, max-video-preview:-1\" \/>\n<link rel=\"canonical\" href=\"https:\/\/valkyrieparis-bijoux.fr\/en\/bijoux-art-deco\/bagues-art-deco\/bague-quartz-fume-modele-odeon\/\" \/>\n<meta property=\"og:locale\" content=\"en_US\" \/>\n<meta property=\"og:type\" content=\"article\" \/>\n<meta property=\"og:title\" content=\"Bague quartz fum\u00e9 - mod\u00e8le Od\u00e9on - Valkyrie Paris\" \/>\n<meta property=\"og:description\" content=\"La bague quartz fum\u00e9 Od\u00e9on en argent est un v\u00e9ritable hommage au style vintage. Son design \u00e9voque les bijoux d&#039;\u00e9poque, avec une monture orn\u00e9e de marcassites\" \/>\n<meta property=\"og:url\" content=\"https:\/\/valkyrieparis-bijoux.fr\/en\/bijoux-art-deco\/bagues-art-deco\/bague-quartz-fume-modele-odeon\/\" \/>\n<meta property=\"og:site_name\" content=\"Valkyrie Paris\" \/>\n<meta property=\"article:publisher\" content=\"https:\/\/www.facebook.com\/ValkyrieParis\" \/>\n<meta property=\"article:modified_time\" content=\"2026-02-09T15:15:59+00:00\" \/>\n<meta property=\"og:image\" content=\"https:\/\/valkyrieparis-bijoux.fr\/wp-content\/uploads\/2025\/01\/2EFAAA34-2A98-4E2F-BBB4-43E7D647DF89.jpg\" \/>\n\t<meta property=\"og:image:width\" content=\"1700\" \/>\n\t<meta property=\"og:image:height\" content=\"1700\" \/>\n\t<meta property=\"og:image:type\" content=\"image\/jpeg\" \/>\n<meta name=\"twitter:label1\" content=\"Est. reading time\" \/>\n\t<meta name=\"twitter:data1\" content=\"1 minute\" \/>\n<script type=\"application\/ld+json\" class=\"yoast-schema-graph\">{\"@context\":\"https:\/\/schema.org\",\"@graph\":[{\"@type\":\"WebPage\",\"@id\":\"https:\/\/valkyrieparis-bijoux.fr\/en\/bijoux-art-deco\/bagues-art-deco\/bague-quartz-fume-modele-odeon\/\",\"url\":\"https:\/\/valkyrieparis-bijoux.fr\/en\/bijoux-art-deco\/bagues-art-deco\/bague-quartz-fume-modele-odeon\/\",\"name\":\"Bague quartz fum\u00e9 - mod\u00e8le Od\u00e9on - Valkyrie Paris\",\"isPartOf\":{\"@id\":\"https:\/\/valkyrieparis-bijoux.fr\/en\/#website\"},\"primaryImageOfPage\":{\"@id\":\"https:\/\/valkyrieparis-bijoux.fr\/en\/bijoux-art-deco\/bagues-art-deco\/bague-quartz-fume-modele-odeon\/#primaryimage\"},\"image\":{\"@id\":\"https:\/\/valkyrieparis-bijoux.fr\/en\/bijoux-art-deco\/bagues-art-deco\/bague-quartz-fume-modele-odeon\/#primaryimage\"},\"thumbnailUrl\":\"https:\/\/valkyrieparis-bijoux.fr\/wp-content\/uploads\/2025\/01\/2EFAAA34-2A98-4E2F-BBB4-43E7D647DF89.jpg\",\"datePublished\":\"2025-01-17T09:39:35+00:00\",\"dateModified\":\"2026-02-09T15:15:59+00:00\",\"description\":\"La bague quartz fum\u00e9 Od\u00e9on en argent est un v\u00e9ritable hommage au style vintage. Son design \u00e9voque les bijoux d'\u00e9poque, avec une monture orn\u00e9e de marcassites\",\"breadcrumb\":{\"@id\":\"https:\/\/valkyrieparis-bijoux.fr\/en\/bijoux-art-deco\/bagues-art-deco\/bague-quartz-fume-modele-odeon\/#breadcrumb\"},\"inLanguage\":\"en-US\",\"potentialAction\":[{\"@type\":\"ReadAction\",\"target\":[\"https:\/\/valkyrieparis-bijoux.fr\/en\/bijoux-art-deco\/bagues-art-deco\/bague-quartz-fume-modele-odeon\/\"]}]},{\"@type\":\"ImageObject\",\"inLanguage\":\"en-US\",\"@id\":\"https:\/\/valkyrieparis-bijoux.fr\/en\/bijoux-art-deco\/bagues-art-deco\/bague-quartz-fume-modele-odeon\/#primaryimage\",\"url\":\"https:\/\/valkyrieparis-bijoux.fr\/wp-content\/uploads\/2025\/01\/2EFAAA34-2A98-4E2F-BBB4-43E7D647DF89.jpg\",\"contentUrl\":\"https:\/\/valkyrieparis-bijoux.fr\/wp-content\/uploads\/2025\/01\/2EFAAA34-2A98-4E2F-BBB4-43E7D647DF89.jpg\",\"width\":1700,\"height\":1700,\"caption\":\"bague-quartz-fum\u00e9-marcassite\"},{\"@type\":\"BreadcrumbList\",\"@id\":\"https:\/\/valkyrieparis-bijoux.fr\/en\/bijoux-art-deco\/bagues-art-deco\/bague-quartz-fume-modele-odeon\/#breadcrumb\",\"itemListElement\":[{\"@type\":\"ListItem\",\"position\":1,\"name\":\"Boutique\",\"item\":\"https:\/\/valkyrieparis-bijoux.fr\/boutique-valkyrie\/\"},{\"@type\":\"ListItem\",\"position\":2,\"name\":\"Bague quartz fum\u00e9 &#8211; mod\u00e8le Od\u00e9on\"}]},{\"@type\":\"WebSite\",\"@id\":\"https:\/\/valkyrieparis-bijoux.fr\/en\/#website\",\"url\":\"https:\/\/valkyrieparis-bijoux.fr\/en\/\",\"name\":\"Valkyrie Paris\",\"description\":\"Cr\u00e9ateurs de Bijoux Art D\u00e9co\",\"publisher\":{\"@id\":\"https:\/\/valkyrieparis-bijoux.fr\/en\/#organization\"},\"potentialAction\":[{\"@type\":\"SearchAction\",\"target\":{\"@type\":\"EntryPoint\",\"urlTemplate\":\"https:\/\/valkyrieparis-bijoux.fr\/en\/?s={search_term_string}\"},\"query-input\":{\"@type\":\"PropertyValueSpecification\",\"valueRequired\":true,\"valueName\":\"search_term_string\"}}],\"inLanguage\":\"en-US\"},{\"@type\":\"Organization\",\"@id\":\"https:\/\/valkyrieparis-bijoux.fr\/en\/#organization\",\"name\":\"Valkyrie Paris\",\"url\":\"https:\/\/valkyrieparis-bijoux.fr\/en\/\",\"logo\":{\"@type\":\"ImageObject\",\"inLanguage\":\"en-US\",\"@id\":\"https:\/\/valkyrieparis-bijoux.fr\/en\/#\/schema\/logo\/image\/\",\"url\":\"https:\/\/valkyrieparis-bijoux.fr\/wp-content\/uploads\/2021\/03\/Valkyrie_logo_noir-2.png\",\"contentUrl\":\"https:\/\/valkyrieparis-bijoux.fr\/wp-content\/uploads\/2021\/03\/Valkyrie_logo_noir-2.png\",\"width\":1000,\"height\":321,\"caption\":\"Valkyrie Paris\"},\"image\":{\"@id\":\"https:\/\/valkyrieparis-bijoux.fr\/en\/#\/schema\/logo\/image\/\"},\"sameAs\":[\"https:\/\/www.facebook.com\/ValkyrieParis\",\"https:\/\/www.instagram.com\/valkyrieparis\/\",\"https:\/\/www.pinterest.fr\/ValkyrieParis\/_created\/\"]}]}<\/script>\n<!-- \/ Yoast SEO plugin. -->","yoast_head_json":{"title":"Bague quartz fum\u00e9 - mod\u00e8le Od\u00e9on - Valkyrie Paris","description":"La bague quartz fum\u00e9 Od\u00e9on en argent est un v\u00e9ritable hommage au style vintage. Son design \u00e9voque les bijoux d'\u00e9poque, avec une monture orn\u00e9e de marcassites","robots":{"index":"index","follow":"follow","max-snippet":"max-snippet:-1","max-image-preview":"max-image-preview:large","max-video-preview":"max-video-preview:-1"},"canonical":"https:\/\/valkyrieparis-bijoux.fr\/en\/bijoux-art-deco\/bagues-art-deco\/bague-quartz-fume-modele-odeon\/","og_locale":"en_US","og_type":"article","og_title":"Bague quartz fum\u00e9 - mod\u00e8le Od\u00e9on - Valkyrie Paris","og_description":"La bague quartz fum\u00e9 Od\u00e9on en argent est un v\u00e9ritable hommage au style vintage. Son design \u00e9voque les bijoux d'\u00e9poque, avec une monture orn\u00e9e de marcassites","og_url":"https:\/\/valkyrieparis-bijoux.fr\/en\/bijoux-art-deco\/bagues-art-deco\/bague-quartz-fume-modele-odeon\/","og_site_name":"Valkyrie Paris","article_publisher":"https:\/\/www.facebook.com\/ValkyrieParis","article_modified_time":"2026-02-09T15:15:59+00:00","og_image":[{"width":1700,"height":1700,"url":"https:\/\/valkyrieparis-bijoux.fr\/wp-content\/uploads\/2025\/01\/2EFAAA34-2A98-4E2F-BBB4-43E7D647DF89.jpg","type":"image\/jpeg"}],"twitter_misc":{"Est. reading time":"1 minute"},"schema":{"@context":"https:\/\/schema.org","@graph":[{"@type":"WebPage","@id":"https:\/\/valkyrieparis-bijoux.fr\/en\/bijoux-art-deco\/bagues-art-deco\/bague-quartz-fume-modele-odeon\/","url":"https:\/\/valkyrieparis-bijoux.fr\/en\/bijoux-art-deco\/bagues-art-deco\/bague-quartz-fume-modele-odeon\/","name":"Bague quartz fum\u00e9 - mod\u00e8le Od\u00e9on - Valkyrie Paris","isPartOf":{"@id":"https:\/\/valkyrieparis-bijoux.fr\/en\/#website"},"primaryImageOfPage":{"@id":"https:\/\/valkyrieparis-bijoux.fr\/en\/bijoux-art-deco\/bagues-art-deco\/bague-quartz-fume-modele-odeon\/#primaryimage"},"image":{"@id":"https:\/\/valkyrieparis-bijoux.fr\/en\/bijoux-art-deco\/bagues-art-deco\/bague-quartz-fume-modele-odeon\/#primaryimage"},"thumbnailUrl":"https:\/\/valkyrieparis-bijoux.fr\/wp-content\/uploads\/2025\/01\/2EFAAA34-2A98-4E2F-BBB4-43E7D647DF89.jpg","datePublished":"2025-01-17T09:39:35+00:00","dateModified":"2026-02-09T15:15:59+00:00","description":"La bague quartz fum\u00e9 Od\u00e9on en argent est un v\u00e9ritable hommage au style vintage. Son design \u00e9voque les bijoux d'\u00e9poque, avec une monture orn\u00e9e de marcassites","breadcrumb":{"@id":"https:\/\/valkyrieparis-bijoux.fr\/en\/bijoux-art-deco\/bagues-art-deco\/bague-quartz-fume-modele-odeon\/#breadcrumb"},"inLanguage":"en-US","potentialAction":[{"@type":"ReadAction","target":["https:\/\/valkyrieparis-bijoux.fr\/en\/bijoux-art-deco\/bagues-art-deco\/bague-quartz-fume-modele-odeon\/"]}]},{"@type":"ImageObject","inLanguage":"en-US","@id":"https:\/\/valkyrieparis-bijoux.fr\/en\/bijoux-art-deco\/bagues-art-deco\/bague-quartz-fume-modele-odeon\/#primaryimage","url":"https:\/\/valkyrieparis-bijoux.fr\/wp-content\/uploads\/2025\/01\/2EFAAA34-2A98-4E2F-BBB4-43E7D647DF89.jpg","contentUrl":"https:\/\/valkyrieparis-bijoux.fr\/wp-content\/uploads\/2025\/01\/2EFAAA34-2A98-4E2F-BBB4-43E7D647DF89.jpg","width":1700,"height":1700,"caption":"bague-quartz-fum\u00e9-marcassite"},{"@type":"BreadcrumbList","@id":"https:\/\/valkyrieparis-bijoux.fr\/en\/bijoux-art-deco\/bagues-art-deco\/bague-quartz-fume-modele-odeon\/#breadcrumb","itemListElement":[{"@type":"ListItem","position":1,"name":"Boutique","item":"https:\/\/valkyrieparis-bijoux.fr\/boutique-valkyrie\/"},{"@type":"ListItem","position":2,"name":"Bague quartz fum\u00e9 &#8211; mod\u00e8le Od\u00e9on"}]},{"@type":"WebSite","@id":"https:\/\/valkyrieparis-bijoux.fr\/en\/#website","url":"https:\/\/valkyrieparis-bijoux.fr\/en\/","name":"Valkyrie Paris","description":"Art Deco Jewellery Designers","publisher":{"@id":"https:\/\/valkyrieparis-bijoux.fr\/en\/#organization"},"potentialAction":[{"@type":"SearchAction","target":{"@type":"EntryPoint","urlTemplate":"https:\/\/valkyrieparis-bijoux.fr\/en\/?s={search_term_string}"},"query-input":{"@type":"PropertyValueSpecification","valueRequired":true,"valueName":"search_term_string"}}],"inLanguage":"en-US"},{"@type":"Organization","@id":"https:\/\/valkyrieparis-bijoux.fr\/en\/#organization","name":"Valkyrie Paris","url":"https:\/\/valkyrieparis-bijoux.fr\/en\/","logo":{"@type":"ImageObject","inLanguage":"en-US","@id":"https:\/\/valkyrieparis-bijoux.fr\/en\/#\/schema\/logo\/image\/","url":"https:\/\/valkyrieparis-bijoux.fr\/wp-content\/uploads\/2021\/03\/Valkyrie_logo_noir-2.png","contentUrl":"https:\/\/valkyrieparis-bijoux.fr\/wp-content\/uploads\/2021\/03\/Valkyrie_logo_noir-2.png","width":1000,"height":321,"caption":"Valkyrie Paris"},"image":{"@id":"https:\/\/valkyrieparis-bijoux.fr\/en\/#\/schema\/logo\/image\/"},"sameAs":["https:\/\/www.facebook.com\/ValkyrieParis","https:\/\/www.instagram.com\/valkyrieparis\/","https:\/\/www.pinterest.fr\/ValkyrieParis\/_created\/"]}]}},"_links":{"self":[{"href":"https:\/\/valkyrieparis-bijoux.fr\/en\/wp-json\/wp\/v2\/product\/228505","targetHints":{"allow":["GET"]}}],"collection":[{"href":"https:\/\/valkyrieparis-bijoux.fr\/en\/wp-json\/wp\/v2\/product"}],"about":[{"href":"https:\/\/valkyrieparis-bijoux.fr\/en\/wp-json\/wp\/v2\/types\/product"}],"wp:featuredmedia":[{"embeddable":true,"href":"https:\/\/valkyrieparis-bijoux.fr\/en\/wp-json\/wp\/v2\/media\/228494"}],"wp:attachment":[{"href":"https:\/\/valkyrieparis-bijoux.fr\/en\/wp-json\/wp\/v2\/media?parent=228505"}],"wp:term":[{"taxonomy":"product_brand","embeddable":true,"href":"https:\/\/valkyrieparis-bijoux.fr\/en\/wp-json\/wp\/v2\/product_brand?post=228505"},{"taxonomy":"product_cat","embeddable":true,"href":"https:\/\/valkyrieparis-bijoux.fr\/en\/wp-json\/wp\/v2\/product_cat?post=228505"},{"taxonomy":"product_tag","embeddable":true,"href":"https:\/\/valkyrieparis-bijoux.fr\/en\/wp-json\/wp\/v2\/product_tag?post=228505"}],"curies":[{"name":"wp","href":"https:\/\/api.w.org\/{rel}","templated":true}]}}