{"id":228454,"date":"2025-01-16T13:58:19","date_gmt":"2025-01-16T12:58:19","guid":{"rendered":"https:\/\/valkyrieparis-bijoux.fr\/?post_type=product&#038;p=228454"},"modified":"2026-02-09T16:19:47","modified_gmt":"2026-02-09T15:19:47","slug":"bague-art-deco-lapis-lazuli-modele-astra","status":"publish","type":"product","link":"https:\/\/valkyrieparis-bijoux.fr\/en\/bijoux-art-deco\/bagues-art-deco\/bague-art-deco-lapis-lazuli-modele-astra\/","title":{"rendered":"Bague art d\u00e9co &#8211; lapis-lazuli &#8211; mod\u00e8le Astra"},"content":{"rendered":"<h2><span style=\"font-weight: 400;\">Lapis lazuli, a stone steeped in history for exceptional women<\/span><\/h2>\n<p><span style=\"font-weight: 400;\">Le lapis-lazuli qui orne cette sublime <\/span><b>silver ring <\/b><span style=\"font-weight: 400;\">is a stone steeped in history. The first anecdotes about <a href=\"https:\/\/valkyrieparis-bijoux.fr\/en\/boucles-d-oreilles-art-deco\/\">lapis lazuli<\/a> date back to 6000 BC, when this stone was used to adorn cult objects. Very early on, the gem was associated with the divine. This association lasted for many centuries.\u00a0<\/span><\/p>\n<p><span style=\"font-weight: 400;\">En effet, dans l\u2019Egypte antique, le lapis-lazuli \u00e9tait un symbole tr\u00e8s connu de la puissance des dieux et de la force de vie. La tradition voulait que les pharaons placent dans leurs tombes toutes sortes de charmes et de <\/span><b>charms<\/b><span style=\"font-weight: 400;\"> faits \u00e0 partir de lapis-lazuli afin de prot\u00e9ger leur repos.\u00a0<\/span><\/p>\n<p><span style=\"font-weight: 400;\">In addition, the<\/span><b> lapis lazuli<\/b><span style=\"font-weight: 400;\"> remains to this day associated with divinity and the spiritual. The <a href=\"https:\/\/valkyrieparis-bijoux.fr\/en\/boucles-d-oreilles-art-deco\/boucles-doreilles-en-argent-925-agate-bleue-veritable\/\">lithotherapy<\/a> makes it a stone of communication and enlightenment. It is said to have the power to uplift the soul and ensure clarity of mind for its wearer. It is a stone that releases repressed feelings, and is therefore a guide to love.<\/span><\/p>","protected":false},"excerpt":{"rendered":"<p><a rel=\"noreferrer\" href=\"https:\/\/valkyrieparis-bijoux.fr\/wp-content\/uploads\/2025\/01\/Bague-lapis-lazuli-argent.mp4\" class=\"vp-a vp-mp4-type vp-modal-click vp-modal-click_shortcode\">Discover the jewel in video<\/a><br \/>\n&nbsp;<br \/>\nLa bague art d\u00e9co en argent sterling pr\u00e9sente un lapis-lazuli bleu profond. Cette pierre est reconnue pour ses vertus apaisantes et son influence sur la communication et la cr\u00e9ativit\u00e9. Elle est encadr\u00e9e de marcassites, qui ajoutent une touche de brillance subtile. Ce bijou allie parfaitement un design g\u00e9om\u00e9trique r\u00e9tro avec les bienfaits \u00e9nerg\u00e9tiques du lapis-lazuli. Un accessoire id\u00e9al pour ceux qui recherchent un joyau \u00e0 la fois unique et \u00e9l\u00e9gant.<br \/>\n&nbsp;<br \/>\n&gt; <strong>Material<\/strong> Genuine sterling silver, hallmarked 925<br \/>\n&gt; <strong>Stones<\/strong> : lapis-lazuli, marcassites<br \/>\n&gt; <strong>Dimensions<\/strong> : 2,3 cm (longueur) x 1,5 cm (largeur)<br \/>\n&gt; <strong>Delivery<\/strong> free of charge in France<br \/>\n&gt; <strong>\u00c9crin<\/strong> Valkyrie offert<br \/>\n&gt; Ring <strong>warranty<\/strong> one year against manufacturing defects<br \/>\n&gt; Ring <strong>hypoallergenic<\/strong><\/p>","protected":false},"featured_media":228453,"template":"","meta":{"_et_pb_use_builder":"","_et_pb_old_content":"","_et_gb_content_width":""},"product_brand":[],"product_cat":[29],"product_tag":[],"class_list":{"0":"post-228454","1":"product","2":"type-product","3":"status-publish","4":"has-post-thumbnail","6":"product_cat-bagues-art-deco","8":"first","9":"instock","10":"shipping-taxable","11":"purchasable","12":"product-type-variable"},"yoast_head":"<!-- This site is optimized with the Yoast SEO plugin v26.9 - https:\/\/yoast.com\/product\/yoast-seo-wordpress\/ -->\n<title>Bague art d\u00e9co - lapis-lazuli - mod\u00e8le Astra - Valkyrie Paris<\/title>\n<meta name=\"description\" content=\"Cette bague art d\u00e9co en argent sterling pr\u00e9sente un lapis-lazuli bleu profond. Cette pierre est reconnue pour ses vertus apaisantes.\" \/>\n<meta name=\"robots\" content=\"index, follow, max-snippet:-1, max-image-preview:large, max-video-preview:-1\" \/>\n<link rel=\"canonical\" href=\"https:\/\/valkyrieparis-bijoux.fr\/en\/bijoux-art-deco\/bagues-art-deco\/bague-art-deco-lapis-lazuli-modele-astra\/\" \/>\n<meta property=\"og:locale\" content=\"en_US\" \/>\n<meta property=\"og:type\" content=\"article\" \/>\n<meta property=\"og:title\" content=\"Bague art d\u00e9co - lapis-lazuli - mod\u00e8le Astra - Valkyrie Paris\" \/>\n<meta property=\"og:description\" content=\"Cette bague art d\u00e9co en argent sterling pr\u00e9sente un lapis-lazuli bleu profond. Cette pierre est reconnue pour ses vertus apaisantes.\" \/>\n<meta property=\"og:url\" content=\"https:\/\/valkyrieparis-bijoux.fr\/en\/bijoux-art-deco\/bagues-art-deco\/bague-art-deco-lapis-lazuli-modele-astra\/\" \/>\n<meta property=\"og:site_name\" content=\"Valkyrie Paris\" \/>\n<meta property=\"article:publisher\" content=\"https:\/\/www.facebook.com\/ValkyrieParis\" \/>\n<meta property=\"article:modified_time\" content=\"2026-02-09T15:19:47+00:00\" \/>\n<meta property=\"og:image\" content=\"https:\/\/valkyrieparis-bijoux.fr\/wp-content\/uploads\/2025\/01\/7C6D4EBB-69F1-46E6-8DFA-CAEBA4DF572E.jpeg\" \/>\n\t<meta property=\"og:image:width\" content=\"1630\" \/>\n\t<meta property=\"og:image:height\" content=\"1630\" \/>\n\t<meta property=\"og:image:type\" content=\"image\/jpeg\" \/>\n<meta name=\"twitter:label1\" content=\"Est. reading time\" \/>\n\t<meta name=\"twitter:data1\" content=\"2 minutes\" \/>\n<script type=\"application\/ld+json\" class=\"yoast-schema-graph\">{\"@context\":\"https:\/\/schema.org\",\"@graph\":[{\"@type\":\"WebPage\",\"@id\":\"https:\/\/valkyrieparis-bijoux.fr\/en\/bijoux-art-deco\/bagues-art-deco\/bague-art-deco-lapis-lazuli-modele-astra\/\",\"url\":\"https:\/\/valkyrieparis-bijoux.fr\/en\/bijoux-art-deco\/bagues-art-deco\/bague-art-deco-lapis-lazuli-modele-astra\/\",\"name\":\"Bague art d\u00e9co - lapis-lazuli - mod\u00e8le Astra - Valkyrie Paris\",\"isPartOf\":{\"@id\":\"https:\/\/valkyrieparis-bijoux.fr\/en\/#website\"},\"primaryImageOfPage\":{\"@id\":\"https:\/\/valkyrieparis-bijoux.fr\/en\/bijoux-art-deco\/bagues-art-deco\/bague-art-deco-lapis-lazuli-modele-astra\/#primaryimage\"},\"image\":{\"@id\":\"https:\/\/valkyrieparis-bijoux.fr\/en\/bijoux-art-deco\/bagues-art-deco\/bague-art-deco-lapis-lazuli-modele-astra\/#primaryimage\"},\"thumbnailUrl\":\"https:\/\/valkyrieparis-bijoux.fr\/wp-content\/uploads\/2025\/01\/7C6D4EBB-69F1-46E6-8DFA-CAEBA4DF572E.jpeg\",\"datePublished\":\"2025-01-16T12:58:19+00:00\",\"dateModified\":\"2026-02-09T15:19:47+00:00\",\"description\":\"Cette bague art d\u00e9co en argent sterling pr\u00e9sente un lapis-lazuli bleu profond. Cette pierre est reconnue pour ses vertus apaisantes.\",\"breadcrumb\":{\"@id\":\"https:\/\/valkyrieparis-bijoux.fr\/en\/bijoux-art-deco\/bagues-art-deco\/bague-art-deco-lapis-lazuli-modele-astra\/#breadcrumb\"},\"inLanguage\":\"en-US\",\"potentialAction\":[{\"@type\":\"ReadAction\",\"target\":[\"https:\/\/valkyrieparis-bijoux.fr\/en\/bijoux-art-deco\/bagues-art-deco\/bague-art-deco-lapis-lazuli-modele-astra\/\"]}]},{\"@type\":\"ImageObject\",\"inLanguage\":\"en-US\",\"@id\":\"https:\/\/valkyrieparis-bijoux.fr\/en\/bijoux-art-deco\/bagues-art-deco\/bague-art-deco-lapis-lazuli-modele-astra\/#primaryimage\",\"url\":\"https:\/\/valkyrieparis-bijoux.fr\/wp-content\/uploads\/2025\/01\/7C6D4EBB-69F1-46E6-8DFA-CAEBA4DF572E.jpeg\",\"contentUrl\":\"https:\/\/valkyrieparis-bijoux.fr\/wp-content\/uploads\/2025\/01\/7C6D4EBB-69F1-46E6-8DFA-CAEBA4DF572E.jpeg\",\"width\":1630,\"height\":1630,\"caption\":\"Bague-art-deco-lapis-lazuli\"},{\"@type\":\"BreadcrumbList\",\"@id\":\"https:\/\/valkyrieparis-bijoux.fr\/en\/bijoux-art-deco\/bagues-art-deco\/bague-art-deco-lapis-lazuli-modele-astra\/#breadcrumb\",\"itemListElement\":[{\"@type\":\"ListItem\",\"position\":1,\"name\":\"Boutique\",\"item\":\"https:\/\/valkyrieparis-bijoux.fr\/boutique-valkyrie\/\"},{\"@type\":\"ListItem\",\"position\":2,\"name\":\"Bague art d\u00e9co &#8211; lapis-lazuli &#8211; mod\u00e8le Astra\"}]},{\"@type\":\"WebSite\",\"@id\":\"https:\/\/valkyrieparis-bijoux.fr\/en\/#website\",\"url\":\"https:\/\/valkyrieparis-bijoux.fr\/en\/\",\"name\":\"Valkyrie Paris\",\"description\":\"Cr\u00e9ateurs de Bijoux Art D\u00e9co\",\"publisher\":{\"@id\":\"https:\/\/valkyrieparis-bijoux.fr\/en\/#organization\"},\"potentialAction\":[{\"@type\":\"SearchAction\",\"target\":{\"@type\":\"EntryPoint\",\"urlTemplate\":\"https:\/\/valkyrieparis-bijoux.fr\/en\/?s={search_term_string}\"},\"query-input\":{\"@type\":\"PropertyValueSpecification\",\"valueRequired\":true,\"valueName\":\"search_term_string\"}}],\"inLanguage\":\"en-US\"},{\"@type\":\"Organization\",\"@id\":\"https:\/\/valkyrieparis-bijoux.fr\/en\/#organization\",\"name\":\"Valkyrie Paris\",\"url\":\"https:\/\/valkyrieparis-bijoux.fr\/en\/\",\"logo\":{\"@type\":\"ImageObject\",\"inLanguage\":\"en-US\",\"@id\":\"https:\/\/valkyrieparis-bijoux.fr\/en\/#\/schema\/logo\/image\/\",\"url\":\"https:\/\/valkyrieparis-bijoux.fr\/wp-content\/uploads\/2021\/03\/Valkyrie_logo_noir-2.png\",\"contentUrl\":\"https:\/\/valkyrieparis-bijoux.fr\/wp-content\/uploads\/2021\/03\/Valkyrie_logo_noir-2.png\",\"width\":1000,\"height\":321,\"caption\":\"Valkyrie Paris\"},\"image\":{\"@id\":\"https:\/\/valkyrieparis-bijoux.fr\/en\/#\/schema\/logo\/image\/\"},\"sameAs\":[\"https:\/\/www.facebook.com\/ValkyrieParis\",\"https:\/\/www.instagram.com\/valkyrieparis\/\",\"https:\/\/www.pinterest.fr\/ValkyrieParis\/_created\/\"]}]}<\/script>\n<!-- \/ Yoast SEO plugin. -->","yoast_head_json":{"title":"Bague art d\u00e9co - lapis-lazuli - mod\u00e8le Astra - Valkyrie Paris","description":"Cette bague art d\u00e9co en argent sterling pr\u00e9sente un lapis-lazuli bleu profond. Cette pierre est reconnue pour ses vertus apaisantes.","robots":{"index":"index","follow":"follow","max-snippet":"max-snippet:-1","max-image-preview":"max-image-preview:large","max-video-preview":"max-video-preview:-1"},"canonical":"https:\/\/valkyrieparis-bijoux.fr\/en\/bijoux-art-deco\/bagues-art-deco\/bague-art-deco-lapis-lazuli-modele-astra\/","og_locale":"en_US","og_type":"article","og_title":"Bague art d\u00e9co - lapis-lazuli - mod\u00e8le Astra - Valkyrie Paris","og_description":"Cette bague art d\u00e9co en argent sterling pr\u00e9sente un lapis-lazuli bleu profond. Cette pierre est reconnue pour ses vertus apaisantes.","og_url":"https:\/\/valkyrieparis-bijoux.fr\/en\/bijoux-art-deco\/bagues-art-deco\/bague-art-deco-lapis-lazuli-modele-astra\/","og_site_name":"Valkyrie Paris","article_publisher":"https:\/\/www.facebook.com\/ValkyrieParis","article_modified_time":"2026-02-09T15:19:47+00:00","og_image":[{"width":1630,"height":1630,"url":"https:\/\/valkyrieparis-bijoux.fr\/wp-content\/uploads\/2025\/01\/7C6D4EBB-69F1-46E6-8DFA-CAEBA4DF572E.jpeg","type":"image\/jpeg"}],"twitter_misc":{"Est. reading time":"2 minutes"},"schema":{"@context":"https:\/\/schema.org","@graph":[{"@type":"WebPage","@id":"https:\/\/valkyrieparis-bijoux.fr\/en\/bijoux-art-deco\/bagues-art-deco\/bague-art-deco-lapis-lazuli-modele-astra\/","url":"https:\/\/valkyrieparis-bijoux.fr\/en\/bijoux-art-deco\/bagues-art-deco\/bague-art-deco-lapis-lazuli-modele-astra\/","name":"Bague art d\u00e9co - lapis-lazuli - mod\u00e8le Astra - Valkyrie Paris","isPartOf":{"@id":"https:\/\/valkyrieparis-bijoux.fr\/en\/#website"},"primaryImageOfPage":{"@id":"https:\/\/valkyrieparis-bijoux.fr\/en\/bijoux-art-deco\/bagues-art-deco\/bague-art-deco-lapis-lazuli-modele-astra\/#primaryimage"},"image":{"@id":"https:\/\/valkyrieparis-bijoux.fr\/en\/bijoux-art-deco\/bagues-art-deco\/bague-art-deco-lapis-lazuli-modele-astra\/#primaryimage"},"thumbnailUrl":"https:\/\/valkyrieparis-bijoux.fr\/wp-content\/uploads\/2025\/01\/7C6D4EBB-69F1-46E6-8DFA-CAEBA4DF572E.jpeg","datePublished":"2025-01-16T12:58:19+00:00","dateModified":"2026-02-09T15:19:47+00:00","description":"Cette bague art d\u00e9co en argent sterling pr\u00e9sente un lapis-lazuli bleu profond. Cette pierre est reconnue pour ses vertus apaisantes.","breadcrumb":{"@id":"https:\/\/valkyrieparis-bijoux.fr\/en\/bijoux-art-deco\/bagues-art-deco\/bague-art-deco-lapis-lazuli-modele-astra\/#breadcrumb"},"inLanguage":"en-US","potentialAction":[{"@type":"ReadAction","target":["https:\/\/valkyrieparis-bijoux.fr\/en\/bijoux-art-deco\/bagues-art-deco\/bague-art-deco-lapis-lazuli-modele-astra\/"]}]},{"@type":"ImageObject","inLanguage":"en-US","@id":"https:\/\/valkyrieparis-bijoux.fr\/en\/bijoux-art-deco\/bagues-art-deco\/bague-art-deco-lapis-lazuli-modele-astra\/#primaryimage","url":"https:\/\/valkyrieparis-bijoux.fr\/wp-content\/uploads\/2025\/01\/7C6D4EBB-69F1-46E6-8DFA-CAEBA4DF572E.jpeg","contentUrl":"https:\/\/valkyrieparis-bijoux.fr\/wp-content\/uploads\/2025\/01\/7C6D4EBB-69F1-46E6-8DFA-CAEBA4DF572E.jpeg","width":1630,"height":1630,"caption":"Bague-art-deco-lapis-lazuli"},{"@type":"BreadcrumbList","@id":"https:\/\/valkyrieparis-bijoux.fr\/en\/bijoux-art-deco\/bagues-art-deco\/bague-art-deco-lapis-lazuli-modele-astra\/#breadcrumb","itemListElement":[{"@type":"ListItem","position":1,"name":"Boutique","item":"https:\/\/valkyrieparis-bijoux.fr\/boutique-valkyrie\/"},{"@type":"ListItem","position":2,"name":"Bague art d\u00e9co &#8211; lapis-lazuli &#8211; mod\u00e8le Astra"}]},{"@type":"WebSite","@id":"https:\/\/valkyrieparis-bijoux.fr\/en\/#website","url":"https:\/\/valkyrieparis-bijoux.fr\/en\/","name":"Valkyrie Paris","description":"Art Deco Jewellery Designers","publisher":{"@id":"https:\/\/valkyrieparis-bijoux.fr\/en\/#organization"},"potentialAction":[{"@type":"SearchAction","target":{"@type":"EntryPoint","urlTemplate":"https:\/\/valkyrieparis-bijoux.fr\/en\/?s={search_term_string}"},"query-input":{"@type":"PropertyValueSpecification","valueRequired":true,"valueName":"search_term_string"}}],"inLanguage":"en-US"},{"@type":"Organization","@id":"https:\/\/valkyrieparis-bijoux.fr\/en\/#organization","name":"Valkyrie Paris","url":"https:\/\/valkyrieparis-bijoux.fr\/en\/","logo":{"@type":"ImageObject","inLanguage":"en-US","@id":"https:\/\/valkyrieparis-bijoux.fr\/en\/#\/schema\/logo\/image\/","url":"https:\/\/valkyrieparis-bijoux.fr\/wp-content\/uploads\/2021\/03\/Valkyrie_logo_noir-2.png","contentUrl":"https:\/\/valkyrieparis-bijoux.fr\/wp-content\/uploads\/2021\/03\/Valkyrie_logo_noir-2.png","width":1000,"height":321,"caption":"Valkyrie Paris"},"image":{"@id":"https:\/\/valkyrieparis-bijoux.fr\/en\/#\/schema\/logo\/image\/"},"sameAs":["https:\/\/www.facebook.com\/ValkyrieParis","https:\/\/www.instagram.com\/valkyrieparis\/","https:\/\/www.pinterest.fr\/ValkyrieParis\/_created\/"]}]}},"_links":{"self":[{"href":"https:\/\/valkyrieparis-bijoux.fr\/en\/wp-json\/wp\/v2\/product\/228454","targetHints":{"allow":["GET"]}}],"collection":[{"href":"https:\/\/valkyrieparis-bijoux.fr\/en\/wp-json\/wp\/v2\/product"}],"about":[{"href":"https:\/\/valkyrieparis-bijoux.fr\/en\/wp-json\/wp\/v2\/types\/product"}],"wp:featuredmedia":[{"embeddable":true,"href":"https:\/\/valkyrieparis-bijoux.fr\/en\/wp-json\/wp\/v2\/media\/228453"}],"wp:attachment":[{"href":"https:\/\/valkyrieparis-bijoux.fr\/en\/wp-json\/wp\/v2\/media?parent=228454"}],"wp:term":[{"taxonomy":"product_brand","embeddable":true,"href":"https:\/\/valkyrieparis-bijoux.fr\/en\/wp-json\/wp\/v2\/product_brand?post=228454"},{"taxonomy":"product_cat","embeddable":true,"href":"https:\/\/valkyrieparis-bijoux.fr\/en\/wp-json\/wp\/v2\/product_cat?post=228454"},{"taxonomy":"product_tag","embeddable":true,"href":"https:\/\/valkyrieparis-bijoux.fr\/en\/wp-json\/wp\/v2\/product_tag?post=228454"}],"curies":[{"name":"wp","href":"https:\/\/api.w.org\/{rel}","templated":true}]}}