{"id":224796,"date":"2024-01-25T14:05:46","date_gmt":"2024-01-25T13:05:46","guid":{"rendered":"https:\/\/valkyrieparis-bijoux.fr\/?post_type=product&#038;p=224796"},"modified":"2026-02-10T16:28:52","modified_gmt":"2026-02-10T15:28:52","slug":"bague-art-deco-amazonite-naturelle","status":"publish","type":"product","link":"https:\/\/valkyrieparis-bijoux.fr\/en\/bijoux-art-deco\/bagues-art-deco\/bague-art-deco-amazonite-modele-gaia\/","title":{"rendered":"Art deco ring - amazonite - Ga\u00efa model"},"content":{"rendered":"<h2>Art deco silver ring set with amazonite and marcasites<\/h2>\n<p>This art deco ring for women can be a powerful addition to your outfit for special occasions. It's original and timeless. It's perfect for women who want to make a style statement. Drop-cut amazonite adorns the sterling silver ring and is enhanced by marcasite pav\u00e9 that amplifies the shape of the fine stone.<br \/>\nIl s&rsquo;agit d&rsquo;une pierre min\u00e9rale authentique qui est associ\u00e9e au chakra du c\u0153ur et au chakra de la gorge. Son design et sa brillance plairont \u00e0 beaucoup de femmes qui souhaitent disposer d\u2019une somptueuse pi\u00e8ce en amazonite.<\/p>\n<p>Marcasites, with their diamond-like metallic brilliance, are not only dazzling. They are gemstones that can bring you happiness and good cheer. That's why the jewelers at our online jewelry store use marcasites in the majority of the designs they create. You'll also find different models of pendants, bracelets, earrings and necklaces that can be personalized. Take a look at our flower rings, daisy rings, trilogy rings and many others.<\/p>\n<h2>The history of amazonite<\/h2>\n<p>Its name refers to the Amazon River, thanks to its blue-green hues. This gem was also used by the warrior Amazons. It has been used since Antiquity, in Egypt, India and Mesopotamia, in various civilizations.<br \/>\nOn a spiritual level, amazonite brings joy and will help you see life in a more sympathetic light. It will help you combat depression and negative vibes. You'll be able to communicate more easily and gain in spontaneity. Those around you will sense your sincerity and become even more attached to you.<\/p>\n<p>Amazonite can be combined with lapis lazuli, turquoise and chalcedony. You'll be able to take full advantage of its benefits. It brings inner peace, can strengthen the immune system, relieve cramps and calm frustration.<br \/>\nYou may also have a preference for our other authentic stones such as ruby, carnelian, blue topaz, mother-of-pearl, amethyst and many others. They can be antique-cut, drop-cut, marquise-cut, princess-cut and more.<\/p>","protected":false},"excerpt":{"rendered":"<p><a rel=\"noreferrer\" href=\"https:\/\/valkyrieparis-bijoux.fr\/wp-content\/uploads\/2024\/02\/Bague-amazonite-argent-marcassites.mp4\" class=\"vp-a vp-mp4-type vp-modal-click vp-modal-click_shortcode\">Discover the jewel in video<\/a><br \/>\n&nbsp;<br \/>\nSublimate your elegance with this art deco sterling silver ring, a jewel where turquoise amazonite radiates splendor. This deep aqua blue-green center gem is beautifully framed by sparkling marcasites, arranged in exquisite symmetry that evokes the geometric designs of the Art Deco era. Ideal for enhancing everyday style or complementing evening wear, this ring is a must-have for jewelry lovers with a touch of history.<br \/>\n&nbsp;<br \/>\n&gt; <strong>Material<\/strong> Genuine sterling silver, hallmarked 925<br \/>\n&gt; <strong>Stones<\/strong> amazonite and marcasite<br \/>\n&gt; <strong>Dimensions<\/strong> 2.5 cm (length) x 2 cm (width)<br \/>\n&gt; <strong>Delivery<\/strong> free of charge in France<br \/>\n&gt; <strong>\u00c9crin<\/strong> Valkyrie offert<br \/>\n&gt; Ring <strong>warranty<\/strong> one year against manufacturing defects<br \/>\n&gt; Ring <strong>hypoallergenic<\/strong><\/p>","protected":false},"featured_media":225743,"template":"","meta":{"_et_pb_use_builder":"","_et_pb_old_content":"","_et_gb_content_width":""},"product_brand":[],"product_cat":[29],"product_tag":[],"class_list":{"0":"post-224796","1":"product","2":"type-product","3":"status-publish","4":"has-post-thumbnail","6":"product_cat-bagues-art-deco","8":"first","9":"instock","10":"shipping-taxable","11":"purchasable","12":"product-type-variable"},"yoast_head":"<!-- This site is optimized with the Yoast SEO plugin v26.9 - https:\/\/yoast.com\/product\/yoast-seo-wordpress\/ -->\n<title>Bague art d\u00e9co - amazonite - mod\u00e8le Ga\u00efa - Valkyrie Paris<\/title>\n<meta name=\"description\" content=\"D\u00e9couvrez la beaut\u00e9 intemporelle de notre bague art d\u00e9co, parfaite pour ajouter une touche d&#039;\u00e9l\u00e9gance et de myst\u00e8re \u00e0 votre style quotidien.\" \/>\n<meta name=\"robots\" content=\"index, follow, max-snippet:-1, max-image-preview:large, max-video-preview:-1\" \/>\n<link rel=\"canonical\" href=\"https:\/\/valkyrieparis-bijoux.fr\/en\/bijoux-art-deco\/bagues-art-deco\/bague-art-deco-amazonite-modele-gaia\/\" \/>\n<meta property=\"og:locale\" content=\"en_US\" \/>\n<meta property=\"og:type\" content=\"article\" \/>\n<meta property=\"og:title\" content=\"Bague art d\u00e9co - amazonite - mod\u00e8le Ga\u00efa - Valkyrie Paris\" \/>\n<meta property=\"og:description\" content=\"D\u00e9couvrez la beaut\u00e9 intemporelle de notre bague art d\u00e9co, parfaite pour ajouter une touche d&#039;\u00e9l\u00e9gance et de myst\u00e8re \u00e0 votre style quotidien.\" \/>\n<meta property=\"og:url\" content=\"https:\/\/valkyrieparis-bijoux.fr\/en\/bijoux-art-deco\/bagues-art-deco\/bague-art-deco-amazonite-modele-gaia\/\" \/>\n<meta property=\"og:site_name\" content=\"Valkyrie Paris\" \/>\n<meta property=\"article:publisher\" content=\"https:\/\/www.facebook.com\/ValkyrieParis\" \/>\n<meta property=\"article:modified_time\" content=\"2026-02-10T15:28:52+00:00\" \/>\n<meta property=\"og:image\" content=\"https:\/\/valkyrieparis-bijoux.fr\/wp-content\/uploads\/2024\/04\/IMG_7930.jpg\" \/>\n\t<meta property=\"og:image:width\" content=\"1000\" \/>\n\t<meta property=\"og:image:height\" content=\"1000\" \/>\n\t<meta property=\"og:image:type\" content=\"image\/jpeg\" \/>\n<meta name=\"twitter:label1\" content=\"Est. reading time\" \/>\n\t<meta name=\"twitter:data1\" content=\"3 minutes\" \/>\n<script type=\"application\/ld+json\" class=\"yoast-schema-graph\">{\"@context\":\"https:\/\/schema.org\",\"@graph\":[{\"@type\":\"WebPage\",\"@id\":\"https:\/\/valkyrieparis-bijoux.fr\/en\/bijoux-art-deco\/bagues-art-deco\/bague-art-deco-amazonite-modele-gaia\/\",\"url\":\"https:\/\/valkyrieparis-bijoux.fr\/en\/bijoux-art-deco\/bagues-art-deco\/bague-art-deco-amazonite-modele-gaia\/\",\"name\":\"Bague art d\u00e9co - amazonite - mod\u00e8le Ga\u00efa - Valkyrie Paris\",\"isPartOf\":{\"@id\":\"https:\/\/valkyrieparis-bijoux.fr\/en\/#website\"},\"primaryImageOfPage\":{\"@id\":\"https:\/\/valkyrieparis-bijoux.fr\/en\/bijoux-art-deco\/bagues-art-deco\/bague-art-deco-amazonite-modele-gaia\/#primaryimage\"},\"image\":{\"@id\":\"https:\/\/valkyrieparis-bijoux.fr\/en\/bijoux-art-deco\/bagues-art-deco\/bague-art-deco-amazonite-modele-gaia\/#primaryimage\"},\"thumbnailUrl\":\"https:\/\/valkyrieparis-bijoux.fr\/wp-content\/uploads\/2024\/04\/IMG_7930.jpg\",\"datePublished\":\"2024-01-25T13:05:46+00:00\",\"dateModified\":\"2026-02-10T15:28:52+00:00\",\"description\":\"D\u00e9couvrez la beaut\u00e9 intemporelle de notre bague art d\u00e9co, parfaite pour ajouter une touche d'\u00e9l\u00e9gance et de myst\u00e8re \u00e0 votre style quotidien.\",\"breadcrumb\":{\"@id\":\"https:\/\/valkyrieparis-bijoux.fr\/en\/bijoux-art-deco\/bagues-art-deco\/bague-art-deco-amazonite-modele-gaia\/#breadcrumb\"},\"inLanguage\":\"en-US\",\"potentialAction\":[{\"@type\":\"ReadAction\",\"target\":[\"https:\/\/valkyrieparis-bijoux.fr\/en\/bijoux-art-deco\/bagues-art-deco\/bague-art-deco-amazonite-modele-gaia\/\"]}]},{\"@type\":\"ImageObject\",\"inLanguage\":\"en-US\",\"@id\":\"https:\/\/valkyrieparis-bijoux.fr\/en\/bijoux-art-deco\/bagues-art-deco\/bague-art-deco-amazonite-modele-gaia\/#primaryimage\",\"url\":\"https:\/\/valkyrieparis-bijoux.fr\/wp-content\/uploads\/2024\/04\/IMG_7930.jpg\",\"contentUrl\":\"https:\/\/valkyrieparis-bijoux.fr\/wp-content\/uploads\/2024\/04\/IMG_7930.jpg\",\"width\":1000,\"height\":1000,\"caption\":\"bague-art-deco-argent-amazonite\"},{\"@type\":\"BreadcrumbList\",\"@id\":\"https:\/\/valkyrieparis-bijoux.fr\/en\/bijoux-art-deco\/bagues-art-deco\/bague-art-deco-amazonite-modele-gaia\/#breadcrumb\",\"itemListElement\":[{\"@type\":\"ListItem\",\"position\":1,\"name\":\"Boutique\",\"item\":\"https:\/\/valkyrieparis-bijoux.fr\/boutique-valkyrie\/\"},{\"@type\":\"ListItem\",\"position\":2,\"name\":\"Bague art d\u00e9co &#8211; amazonite &#8211; mod\u00e8le Ga\u00efa\"}]},{\"@type\":\"WebSite\",\"@id\":\"https:\/\/valkyrieparis-bijoux.fr\/en\/#website\",\"url\":\"https:\/\/valkyrieparis-bijoux.fr\/en\/\",\"name\":\"Valkyrie Paris\",\"description\":\"Cr\u00e9ateurs de Bijoux Art D\u00e9co\",\"publisher\":{\"@id\":\"https:\/\/valkyrieparis-bijoux.fr\/en\/#organization\"},\"potentialAction\":[{\"@type\":\"SearchAction\",\"target\":{\"@type\":\"EntryPoint\",\"urlTemplate\":\"https:\/\/valkyrieparis-bijoux.fr\/en\/?s={search_term_string}\"},\"query-input\":{\"@type\":\"PropertyValueSpecification\",\"valueRequired\":true,\"valueName\":\"search_term_string\"}}],\"inLanguage\":\"en-US\"},{\"@type\":\"Organization\",\"@id\":\"https:\/\/valkyrieparis-bijoux.fr\/en\/#organization\",\"name\":\"Valkyrie Paris\",\"url\":\"https:\/\/valkyrieparis-bijoux.fr\/en\/\",\"logo\":{\"@type\":\"ImageObject\",\"inLanguage\":\"en-US\",\"@id\":\"https:\/\/valkyrieparis-bijoux.fr\/en\/#\/schema\/logo\/image\/\",\"url\":\"https:\/\/valkyrieparis-bijoux.fr\/wp-content\/uploads\/2021\/03\/Valkyrie_logo_noir-2.png\",\"contentUrl\":\"https:\/\/valkyrieparis-bijoux.fr\/wp-content\/uploads\/2021\/03\/Valkyrie_logo_noir-2.png\",\"width\":1000,\"height\":321,\"caption\":\"Valkyrie Paris\"},\"image\":{\"@id\":\"https:\/\/valkyrieparis-bijoux.fr\/en\/#\/schema\/logo\/image\/\"},\"sameAs\":[\"https:\/\/www.facebook.com\/ValkyrieParis\",\"https:\/\/www.instagram.com\/valkyrieparis\/\",\"https:\/\/www.pinterest.fr\/ValkyrieParis\/_created\/\"]}]}<\/script>\n<!-- \/ Yoast SEO plugin. -->","yoast_head_json":{"title":"Art deco ring - amazonite - Ga\u00efa model - Valkyrie Paris","description":"Discover the timeless beauty of our art deco ring, perfect for adding a touch of elegance and mystery to your everyday style.","robots":{"index":"index","follow":"follow","max-snippet":"max-snippet:-1","max-image-preview":"max-image-preview:large","max-video-preview":"max-video-preview:-1"},"canonical":"https:\/\/valkyrieparis-bijoux.fr\/en\/bijoux-art-deco\/bagues-art-deco\/bague-art-deco-amazonite-modele-gaia\/","og_locale":"en_US","og_type":"article","og_title":"Bague art d\u00e9co - amazonite - mod\u00e8le Ga\u00efa - Valkyrie Paris","og_description":"D\u00e9couvrez la beaut\u00e9 intemporelle de notre bague art d\u00e9co, parfaite pour ajouter une touche d'\u00e9l\u00e9gance et de myst\u00e8re \u00e0 votre style quotidien.","og_url":"https:\/\/valkyrieparis-bijoux.fr\/en\/bijoux-art-deco\/bagues-art-deco\/bague-art-deco-amazonite-modele-gaia\/","og_site_name":"Valkyrie Paris","article_publisher":"https:\/\/www.facebook.com\/ValkyrieParis","article_modified_time":"2026-02-10T15:28:52+00:00","og_image":[{"width":1000,"height":1000,"url":"https:\/\/valkyrieparis-bijoux.fr\/wp-content\/uploads\/2024\/04\/IMG_7930.jpg","type":"image\/jpeg"}],"twitter_misc":{"Est. reading time":"3 minutes"},"schema":{"@context":"https:\/\/schema.org","@graph":[{"@type":"WebPage","@id":"https:\/\/valkyrieparis-bijoux.fr\/en\/bijoux-art-deco\/bagues-art-deco\/bague-art-deco-amazonite-modele-gaia\/","url":"https:\/\/valkyrieparis-bijoux.fr\/en\/bijoux-art-deco\/bagues-art-deco\/bague-art-deco-amazonite-modele-gaia\/","name":"Art deco ring - amazonite - Ga\u00efa model - Valkyrie Paris","isPartOf":{"@id":"https:\/\/valkyrieparis-bijoux.fr\/en\/#website"},"primaryImageOfPage":{"@id":"https:\/\/valkyrieparis-bijoux.fr\/en\/bijoux-art-deco\/bagues-art-deco\/bague-art-deco-amazonite-modele-gaia\/#primaryimage"},"image":{"@id":"https:\/\/valkyrieparis-bijoux.fr\/en\/bijoux-art-deco\/bagues-art-deco\/bague-art-deco-amazonite-modele-gaia\/#primaryimage"},"thumbnailUrl":"https:\/\/valkyrieparis-bijoux.fr\/wp-content\/uploads\/2024\/04\/IMG_7930.jpg","datePublished":"2024-01-25T13:05:46+00:00","dateModified":"2026-02-10T15:28:52+00:00","description":"Discover the timeless beauty of our art deco ring, perfect for adding a touch of elegance and mystery to your everyday style.","breadcrumb":{"@id":"https:\/\/valkyrieparis-bijoux.fr\/en\/bijoux-art-deco\/bagues-art-deco\/bague-art-deco-amazonite-modele-gaia\/#breadcrumb"},"inLanguage":"en-US","potentialAction":[{"@type":"ReadAction","target":["https:\/\/valkyrieparis-bijoux.fr\/en\/bijoux-art-deco\/bagues-art-deco\/bague-art-deco-amazonite-modele-gaia\/"]}]},{"@type":"ImageObject","inLanguage":"en-US","@id":"https:\/\/valkyrieparis-bijoux.fr\/en\/bijoux-art-deco\/bagues-art-deco\/bague-art-deco-amazonite-modele-gaia\/#primaryimage","url":"https:\/\/valkyrieparis-bijoux.fr\/wp-content\/uploads\/2024\/04\/IMG_7930.jpg","contentUrl":"https:\/\/valkyrieparis-bijoux.fr\/wp-content\/uploads\/2024\/04\/IMG_7930.jpg","width":1000,"height":1000,"caption":"bague-art-deco-argent-amazonite"},{"@type":"BreadcrumbList","@id":"https:\/\/valkyrieparis-bijoux.fr\/en\/bijoux-art-deco\/bagues-art-deco\/bague-art-deco-amazonite-modele-gaia\/#breadcrumb","itemListElement":[{"@type":"ListItem","position":1,"name":"Boutique","item":"https:\/\/valkyrieparis-bijoux.fr\/boutique-valkyrie\/"},{"@type":"ListItem","position":2,"name":"Bague art d\u00e9co &#8211; amazonite &#8211; mod\u00e8le Ga\u00efa"}]},{"@type":"WebSite","@id":"https:\/\/valkyrieparis-bijoux.fr\/en\/#website","url":"https:\/\/valkyrieparis-bijoux.fr\/en\/","name":"Valkyrie Paris","description":"Art Deco Jewellery Designers","publisher":{"@id":"https:\/\/valkyrieparis-bijoux.fr\/en\/#organization"},"potentialAction":[{"@type":"SearchAction","target":{"@type":"EntryPoint","urlTemplate":"https:\/\/valkyrieparis-bijoux.fr\/en\/?s={search_term_string}"},"query-input":{"@type":"PropertyValueSpecification","valueRequired":true,"valueName":"search_term_string"}}],"inLanguage":"en-US"},{"@type":"Organization","@id":"https:\/\/valkyrieparis-bijoux.fr\/en\/#organization","name":"Valkyrie Paris","url":"https:\/\/valkyrieparis-bijoux.fr\/en\/","logo":{"@type":"ImageObject","inLanguage":"en-US","@id":"https:\/\/valkyrieparis-bijoux.fr\/en\/#\/schema\/logo\/image\/","url":"https:\/\/valkyrieparis-bijoux.fr\/wp-content\/uploads\/2021\/03\/Valkyrie_logo_noir-2.png","contentUrl":"https:\/\/valkyrieparis-bijoux.fr\/wp-content\/uploads\/2021\/03\/Valkyrie_logo_noir-2.png","width":1000,"height":321,"caption":"Valkyrie Paris"},"image":{"@id":"https:\/\/valkyrieparis-bijoux.fr\/en\/#\/schema\/logo\/image\/"},"sameAs":["https:\/\/www.facebook.com\/ValkyrieParis","https:\/\/www.instagram.com\/valkyrieparis\/","https:\/\/www.pinterest.fr\/ValkyrieParis\/_created\/"]}]}},"_links":{"self":[{"href":"https:\/\/valkyrieparis-bijoux.fr\/en\/wp-json\/wp\/v2\/product\/224796","targetHints":{"allow":["GET"]}}],"collection":[{"href":"https:\/\/valkyrieparis-bijoux.fr\/en\/wp-json\/wp\/v2\/product"}],"about":[{"href":"https:\/\/valkyrieparis-bijoux.fr\/en\/wp-json\/wp\/v2\/types\/product"}],"wp:featuredmedia":[{"embeddable":true,"href":"https:\/\/valkyrieparis-bijoux.fr\/en\/wp-json\/wp\/v2\/media\/225743"}],"wp:attachment":[{"href":"https:\/\/valkyrieparis-bijoux.fr\/en\/wp-json\/wp\/v2\/media?parent=224796"}],"wp:term":[{"taxonomy":"product_brand","embeddable":true,"href":"https:\/\/valkyrieparis-bijoux.fr\/en\/wp-json\/wp\/v2\/product_brand?post=224796"},{"taxonomy":"product_cat","embeddable":true,"href":"https:\/\/valkyrieparis-bijoux.fr\/en\/wp-json\/wp\/v2\/product_cat?post=224796"},{"taxonomy":"product_tag","embeddable":true,"href":"https:\/\/valkyrieparis-bijoux.fr\/en\/wp-json\/wp\/v2\/product_tag?post=224796"}],"curies":[{"name":"wp","href":"https:\/\/api.w.org\/{rel}","templated":true}]}}