{"id":224736,"date":"2024-01-25T13:48:04","date_gmt":"2024-01-25T12:48:04","guid":{"rendered":"https:\/\/valkyrieparis-bijoux.fr\/?post_type=product&#038;p=224736"},"modified":"2026-04-29T11:37:27","modified_gmt":"2026-04-29T10:37:27","slug":"bague-amethyste-et-argent-925-modele-orion","status":"publish","type":"product","link":"https:\/\/valkyrieparis-bijoux.fr\/en\/bijoux-art-deco\/bagues-art-deco\/bague-amethyste-et-argent-925-modele-orion\/","title":{"rendered":"Amethyst ring - Orion model"},"content":{"rendered":"","protected":false},"excerpt":{"rendered":"<p><a rel=\"noreferrer\" href=\"#\" class=\"vp-a vp-unknown-type_shortcode vp-modal-click vp-modal-click_shortcode\">Discover the jewel in video<\/a><br \/>\n&nbsp;<br \/>\nDiscover our elegant amethyst ring, a jewel that combines the finesse of sterling silver with the depth of precious stones. This masterpiece is set with three amethysts with captivating reflections, framed by sparkling marcasites that enhance their brilliance. The ring features a sophisticated design with its rectangle- and square-cut stones, promising to sublimate every gesture of your hand with a touch of timeless luxury. A must-have for connoisseurs of fine jewelry.<br \/>\n&nbsp;<br \/>\n&gt; <strong>Material<\/strong> Genuine sterling silver, hallmarked 925<br \/>\n&gt; <strong>Stones<\/strong> amethyst and marcasite<br \/>\n&gt; <strong>Dimensions<\/strong> 1.2 cm (length) x 1.8 cm (width)<br \/>\n&gt; <strong>Delivery<\/strong> free of charge in France<br \/>\n&gt; <strong>\u00c9crin<\/strong> Valkyrie offert<br \/>\n&gt; Ring <strong>warranty<\/strong> one year against manufacturing defects<br \/>\n&gt; Ring <strong>hypoallergenic<\/strong><\/p>","protected":false},"featured_media":226030,"template":"","meta":{"_et_pb_use_builder":"","_et_pb_old_content":"","_et_gb_content_width":""},"product_brand":[],"product_cat":[29],"product_tag":[],"class_list":{"0":"post-224736","1":"product","2":"type-product","3":"status-publish","4":"has-post-thumbnail","6":"product_cat-bagues-art-deco","8":"first","9":"instock","10":"shipping-taxable","11":"purchasable","12":"product-type-variable"},"yoast_head":"<!-- This site is optimized with the Yoast SEO plugin v26.9 - https:\/\/yoast.com\/product\/yoast-seo-wordpress\/ -->\n<title>Bague am\u00e9thyste - mod\u00e8le Orion - Valkyrie Paris<\/title>\n<meta name=\"description\" content=\"Explorez notre bague am\u00e9thyste en argent, sertie d&#039;une am\u00e9thyste captivante et encadr\u00e9e de marcassites brillantes, alliant sophistication et charme\" \/>\n<meta name=\"robots\" content=\"index, follow, max-snippet:-1, max-image-preview:large, max-video-preview:-1\" \/>\n<link rel=\"canonical\" href=\"https:\/\/valkyrieparis-bijoux.fr\/en\/bijoux-art-deco\/bagues-art-deco\/bague-amethyste-et-argent-925-modele-orion\/\" \/>\n<meta property=\"og:locale\" content=\"en_US\" \/>\n<meta property=\"og:type\" content=\"article\" \/>\n<meta property=\"og:title\" content=\"Bague am\u00e9thyste - mod\u00e8le Orion - Valkyrie Paris\" \/>\n<meta property=\"og:description\" content=\"Explorez notre bague am\u00e9thyste en argent, sertie d&#039;une am\u00e9thyste captivante et encadr\u00e9e de marcassites brillantes, alliant sophistication et charme\" \/>\n<meta property=\"og:url\" content=\"https:\/\/valkyrieparis-bijoux.fr\/en\/bijoux-art-deco\/bagues-art-deco\/bague-amethyste-et-argent-925-modele-orion\/\" \/>\n<meta property=\"og:site_name\" content=\"Valkyrie Paris\" \/>\n<meta property=\"article:publisher\" content=\"https:\/\/www.facebook.com\/ValkyrieParis\" \/>\n<meta property=\"article:modified_time\" content=\"2026-04-29T10:37:27+00:00\" \/>\n<meta property=\"og:image\" content=\"https:\/\/valkyrieparis-bijoux.fr\/wp-content\/uploads\/2024\/05\/IMG_8758-1.jpg\" \/>\n\t<meta property=\"og:image:width\" content=\"1200\" \/>\n\t<meta property=\"og:image:height\" content=\"1200\" \/>\n\t<meta property=\"og:image:type\" content=\"image\/jpeg\" \/>\n<meta name=\"twitter:label1\" content=\"Est. reading time\" \/>\n\t<meta name=\"twitter:data1\" content=\"1 minute\" \/>\n<script type=\"application\/ld+json\" class=\"yoast-schema-graph\">{\"@context\":\"https:\/\/schema.org\",\"@graph\":[{\"@type\":\"WebPage\",\"@id\":\"https:\/\/valkyrieparis-bijoux.fr\/en\/bijoux-art-deco\/bagues-art-deco\/bague-amethyste-et-argent-925-modele-orion\/\",\"url\":\"https:\/\/valkyrieparis-bijoux.fr\/en\/bijoux-art-deco\/bagues-art-deco\/bague-amethyste-et-argent-925-modele-orion\/\",\"name\":\"Bague am\u00e9thyste - mod\u00e8le Orion - Valkyrie Paris\",\"isPartOf\":{\"@id\":\"https:\/\/valkyrieparis-bijoux.fr\/en\/#website\"},\"primaryImageOfPage\":{\"@id\":\"https:\/\/valkyrieparis-bijoux.fr\/en\/bijoux-art-deco\/bagues-art-deco\/bague-amethyste-et-argent-925-modele-orion\/#primaryimage\"},\"image\":{\"@id\":\"https:\/\/valkyrieparis-bijoux.fr\/en\/bijoux-art-deco\/bagues-art-deco\/bague-amethyste-et-argent-925-modele-orion\/#primaryimage\"},\"thumbnailUrl\":\"https:\/\/valkyrieparis-bijoux.fr\/wp-content\/uploads\/2024\/05\/IMG_8758-1.jpg\",\"datePublished\":\"2024-01-25T12:48:04+00:00\",\"dateModified\":\"2026-04-29T10:37:27+00:00\",\"description\":\"Explorez notre bague am\u00e9thyste en argent, sertie d'une am\u00e9thyste captivante et encadr\u00e9e de marcassites brillantes, alliant sophistication et charme\",\"breadcrumb\":{\"@id\":\"https:\/\/valkyrieparis-bijoux.fr\/en\/bijoux-art-deco\/bagues-art-deco\/bague-amethyste-et-argent-925-modele-orion\/#breadcrumb\"},\"inLanguage\":\"en-US\",\"potentialAction\":[{\"@type\":\"ReadAction\",\"target\":[\"https:\/\/valkyrieparis-bijoux.fr\/en\/bijoux-art-deco\/bagues-art-deco\/bague-amethyste-et-argent-925-modele-orion\/\"]}]},{\"@type\":\"ImageObject\",\"inLanguage\":\"en-US\",\"@id\":\"https:\/\/valkyrieparis-bijoux.fr\/en\/bijoux-art-deco\/bagues-art-deco\/bague-amethyste-et-argent-925-modele-orion\/#primaryimage\",\"url\":\"https:\/\/valkyrieparis-bijoux.fr\/wp-content\/uploads\/2024\/05\/IMG_8758-1.jpg\",\"contentUrl\":\"https:\/\/valkyrieparis-bijoux.fr\/wp-content\/uploads\/2024\/05\/IMG_8758-1.jpg\",\"width\":1200,\"height\":1200,\"caption\":\"bague-am\u00e9thyste-vintage\"},{\"@type\":\"BreadcrumbList\",\"@id\":\"https:\/\/valkyrieparis-bijoux.fr\/en\/bijoux-art-deco\/bagues-art-deco\/bague-amethyste-et-argent-925-modele-orion\/#breadcrumb\",\"itemListElement\":[{\"@type\":\"ListItem\",\"position\":1,\"name\":\"Boutique\",\"item\":\"https:\/\/valkyrieparis-bijoux.fr\/boutique-valkyrie\/\"},{\"@type\":\"ListItem\",\"position\":2,\"name\":\"Bague am\u00e9thyste &#8211; mod\u00e8le Orion\"}]},{\"@type\":\"WebSite\",\"@id\":\"https:\/\/valkyrieparis-bijoux.fr\/en\/#website\",\"url\":\"https:\/\/valkyrieparis-bijoux.fr\/en\/\",\"name\":\"Valkyrie Paris\",\"description\":\"Cr\u00e9ateurs de Bijoux Art D\u00e9co\",\"publisher\":{\"@id\":\"https:\/\/valkyrieparis-bijoux.fr\/en\/#organization\"},\"potentialAction\":[{\"@type\":\"SearchAction\",\"target\":{\"@type\":\"EntryPoint\",\"urlTemplate\":\"https:\/\/valkyrieparis-bijoux.fr\/en\/?s={search_term_string}\"},\"query-input\":{\"@type\":\"PropertyValueSpecification\",\"valueRequired\":true,\"valueName\":\"search_term_string\"}}],\"inLanguage\":\"en-US\"},{\"@type\":\"Organization\",\"@id\":\"https:\/\/valkyrieparis-bijoux.fr\/en\/#organization\",\"name\":\"Valkyrie Paris\",\"url\":\"https:\/\/valkyrieparis-bijoux.fr\/en\/\",\"logo\":{\"@type\":\"ImageObject\",\"inLanguage\":\"en-US\",\"@id\":\"https:\/\/valkyrieparis-bijoux.fr\/en\/#\/schema\/logo\/image\/\",\"url\":\"https:\/\/valkyrieparis-bijoux.fr\/wp-content\/uploads\/2021\/03\/Valkyrie_logo_noir-2.png\",\"contentUrl\":\"https:\/\/valkyrieparis-bijoux.fr\/wp-content\/uploads\/2021\/03\/Valkyrie_logo_noir-2.png\",\"width\":1000,\"height\":321,\"caption\":\"Valkyrie Paris\"},\"image\":{\"@id\":\"https:\/\/valkyrieparis-bijoux.fr\/en\/#\/schema\/logo\/image\/\"},\"sameAs\":[\"https:\/\/www.facebook.com\/ValkyrieParis\",\"https:\/\/www.instagram.com\/valkyrieparis\/\",\"https:\/\/www.pinterest.fr\/ValkyrieParis\/_created\/\"]}]}<\/script>\n<!-- \/ Yoast SEO plugin. -->","yoast_head_json":{"title":"Amethyst ring - Orion model - Valkyrie Paris","description":"Explore our silver amethyst ring, set with a captivating amethyst and framed by brilliant marcasites, combining sophistication and charm.","robots":{"index":"index","follow":"follow","max-snippet":"max-snippet:-1","max-image-preview":"max-image-preview:large","max-video-preview":"max-video-preview:-1"},"canonical":"https:\/\/valkyrieparis-bijoux.fr\/en\/bijoux-art-deco\/bagues-art-deco\/bague-amethyste-et-argent-925-modele-orion\/","og_locale":"en_US","og_type":"article","og_title":"Bague am\u00e9thyste - mod\u00e8le Orion - Valkyrie Paris","og_description":"Explorez notre bague am\u00e9thyste en argent, sertie d'une am\u00e9thyste captivante et encadr\u00e9e de marcassites brillantes, alliant sophistication et charme","og_url":"https:\/\/valkyrieparis-bijoux.fr\/en\/bijoux-art-deco\/bagues-art-deco\/bague-amethyste-et-argent-925-modele-orion\/","og_site_name":"Valkyrie Paris","article_publisher":"https:\/\/www.facebook.com\/ValkyrieParis","article_modified_time":"2026-04-29T10:37:27+00:00","og_image":[{"width":1200,"height":1200,"url":"https:\/\/valkyrieparis-bijoux.fr\/wp-content\/uploads\/2024\/05\/IMG_8758-1.jpg","type":"image\/jpeg"}],"twitter_misc":{"Est. reading time":"1 minute"},"schema":{"@context":"https:\/\/schema.org","@graph":[{"@type":"WebPage","@id":"https:\/\/valkyrieparis-bijoux.fr\/en\/bijoux-art-deco\/bagues-art-deco\/bague-amethyste-et-argent-925-modele-orion\/","url":"https:\/\/valkyrieparis-bijoux.fr\/en\/bijoux-art-deco\/bagues-art-deco\/bague-amethyste-et-argent-925-modele-orion\/","name":"Amethyst ring - Orion model - Valkyrie Paris","isPartOf":{"@id":"https:\/\/valkyrieparis-bijoux.fr\/en\/#website"},"primaryImageOfPage":{"@id":"https:\/\/valkyrieparis-bijoux.fr\/en\/bijoux-art-deco\/bagues-art-deco\/bague-amethyste-et-argent-925-modele-orion\/#primaryimage"},"image":{"@id":"https:\/\/valkyrieparis-bijoux.fr\/en\/bijoux-art-deco\/bagues-art-deco\/bague-amethyste-et-argent-925-modele-orion\/#primaryimage"},"thumbnailUrl":"https:\/\/valkyrieparis-bijoux.fr\/wp-content\/uploads\/2024\/05\/IMG_8758-1.jpg","datePublished":"2024-01-25T12:48:04+00:00","dateModified":"2026-04-29T10:37:27+00:00","description":"Explore our silver amethyst ring, set with a captivating amethyst and framed by brilliant marcasites, combining sophistication and charm.","breadcrumb":{"@id":"https:\/\/valkyrieparis-bijoux.fr\/en\/bijoux-art-deco\/bagues-art-deco\/bague-amethyste-et-argent-925-modele-orion\/#breadcrumb"},"inLanguage":"en-US","potentialAction":[{"@type":"ReadAction","target":["https:\/\/valkyrieparis-bijoux.fr\/en\/bijoux-art-deco\/bagues-art-deco\/bague-amethyste-et-argent-925-modele-orion\/"]}]},{"@type":"ImageObject","inLanguage":"en-US","@id":"https:\/\/valkyrieparis-bijoux.fr\/en\/bijoux-art-deco\/bagues-art-deco\/bague-amethyste-et-argent-925-modele-orion\/#primaryimage","url":"https:\/\/valkyrieparis-bijoux.fr\/wp-content\/uploads\/2024\/05\/IMG_8758-1.jpg","contentUrl":"https:\/\/valkyrieparis-bijoux.fr\/wp-content\/uploads\/2024\/05\/IMG_8758-1.jpg","width":1200,"height":1200,"caption":"bague-am\u00e9thyste-vintage"},{"@type":"BreadcrumbList","@id":"https:\/\/valkyrieparis-bijoux.fr\/en\/bijoux-art-deco\/bagues-art-deco\/bague-amethyste-et-argent-925-modele-orion\/#breadcrumb","itemListElement":[{"@type":"ListItem","position":1,"name":"Boutique","item":"https:\/\/valkyrieparis-bijoux.fr\/boutique-valkyrie\/"},{"@type":"ListItem","position":2,"name":"Bague am\u00e9thyste &#8211; mod\u00e8le Orion"}]},{"@type":"WebSite","@id":"https:\/\/valkyrieparis-bijoux.fr\/en\/#website","url":"https:\/\/valkyrieparis-bijoux.fr\/en\/","name":"Valkyrie Paris","description":"Art Deco Jewellery Designers","publisher":{"@id":"https:\/\/valkyrieparis-bijoux.fr\/en\/#organization"},"potentialAction":[{"@type":"SearchAction","target":{"@type":"EntryPoint","urlTemplate":"https:\/\/valkyrieparis-bijoux.fr\/en\/?s={search_term_string}"},"query-input":{"@type":"PropertyValueSpecification","valueRequired":true,"valueName":"search_term_string"}}],"inLanguage":"en-US"},{"@type":"Organization","@id":"https:\/\/valkyrieparis-bijoux.fr\/en\/#organization","name":"Valkyrie Paris","url":"https:\/\/valkyrieparis-bijoux.fr\/en\/","logo":{"@type":"ImageObject","inLanguage":"en-US","@id":"https:\/\/valkyrieparis-bijoux.fr\/en\/#\/schema\/logo\/image\/","url":"https:\/\/valkyrieparis-bijoux.fr\/wp-content\/uploads\/2021\/03\/Valkyrie_logo_noir-2.png","contentUrl":"https:\/\/valkyrieparis-bijoux.fr\/wp-content\/uploads\/2021\/03\/Valkyrie_logo_noir-2.png","width":1000,"height":321,"caption":"Valkyrie Paris"},"image":{"@id":"https:\/\/valkyrieparis-bijoux.fr\/en\/#\/schema\/logo\/image\/"},"sameAs":["https:\/\/www.facebook.com\/ValkyrieParis","https:\/\/www.instagram.com\/valkyrieparis\/","https:\/\/www.pinterest.fr\/ValkyrieParis\/_created\/"]}]}},"_links":{"self":[{"href":"https:\/\/valkyrieparis-bijoux.fr\/en\/wp-json\/wp\/v2\/product\/224736","targetHints":{"allow":["GET"]}}],"collection":[{"href":"https:\/\/valkyrieparis-bijoux.fr\/en\/wp-json\/wp\/v2\/product"}],"about":[{"href":"https:\/\/valkyrieparis-bijoux.fr\/en\/wp-json\/wp\/v2\/types\/product"}],"wp:featuredmedia":[{"embeddable":true,"href":"https:\/\/valkyrieparis-bijoux.fr\/en\/wp-json\/wp\/v2\/media\/226030"}],"wp:attachment":[{"href":"https:\/\/valkyrieparis-bijoux.fr\/en\/wp-json\/wp\/v2\/media?parent=224736"}],"wp:term":[{"taxonomy":"product_brand","embeddable":true,"href":"https:\/\/valkyrieparis-bijoux.fr\/en\/wp-json\/wp\/v2\/product_brand?post=224736"},{"taxonomy":"product_cat","embeddable":true,"href":"https:\/\/valkyrieparis-bijoux.fr\/en\/wp-json\/wp\/v2\/product_cat?post=224736"},{"taxonomy":"product_tag","embeddable":true,"href":"https:\/\/valkyrieparis-bijoux.fr\/en\/wp-json\/wp\/v2\/product_tag?post=224736"}],"curies":[{"name":"wp","href":"https:\/\/api.w.org\/{rel}","templated":true}]}}