{"id":224007,"date":"2023-09-12T16:03:06","date_gmt":"2023-09-12T15:03:06","guid":{"rendered":"https:\/\/valkyrieparis-bijoux.fr\/?post_type=product&#038;p=224007"},"modified":"2026-02-23T13:57:37","modified_gmt":"2026-02-23T12:57:37","slug":"bague-moissanite-un-eclat-inegale-modele-marguerite","status":"publish","type":"product","link":"https:\/\/valkyrieparis-bijoux.fr\/en\/bijoux-art-deco\/bagues-art-deco\/bague-moissanite-un-eclat-inegale-modele-marguerite\/","title":{"rendered":"Moissanite ring - Marguerite model"},"content":{"rendered":"<h2>Unchanging elegance and sturdiness<\/h2>\n<p>Our genuine silver moissanite ring is the harmonious marriage of luxury and durability. Succumb to the sparkling magic of moissanite, the diamond's rival in brilliance.<\/p>\n<h2>L&rsquo;art et l&rsquo;expertise en joaillerie<\/h2>\n<p>En optant pour cette bague, vous choisissez plus qu&rsquo;un simple bijou : une pi\u00e8ce d&rsquo;art, fruit d&rsquo;une expertise m\u00e9ticuleuse, une expression de raffinement qui \u00e9l\u00e8ve la silhouette de chaque femme moderne.<\/p>\n<h2>Unique details that captivate<\/h2>\n<p>The brilliance of moissanite<br \/>\nCut to perfection, our moissanite offers unrivalled clarity and an eye-catching hue.<\/p>\n<p>La brillance de l&rsquo;argent v\u00e9ritable<br \/>\nGenuine silver, with its bewitching brilliance, is certified for its authenticity, attesting to the finesse of our craftsmanship.<\/p>\n<h2>Moissanite: A legendary jewel<\/h2>\n<p>La moissanite, d\u00e9couverte au c\u0153ur d&rsquo;une m\u00e9t\u00e9orite en Arizona par le Dr. Henri Moissan en 1893, est une gemme aux origines c\u00e9lestes, rappelant la magie des \u00e9toiles. Elle est souvent consid\u00e9r\u00e9e comme l&rsquo;une des meilleures alternatives au diamant, et ce, pour de bonnes raisons.<\/p>\n<h3>Incomparable properties<\/h3>\n<p>Superior gloss<br \/>\nMoissanite has a higher refractive index than diamond. It disperses light more widely, giving it exceptional brilliance and fire.<\/p>\n<p>Robustness and quality<br \/>\nAvec une duret\u00e9 de 9,25 sur l&rsquo;\u00e9chelle de Mohs, la moissanite se place juste derri\u00e8re le diamant, garantissant ainsi une r\u00e9sistance remarquable aux \u00e9gratignures et une durabilit\u00e9 pour la vie.<\/p>\n<p>Ethics and sustainability<br \/>\nContrairement aux diamants qui peuvent parfois avoir des origines controvers\u00e9es, la moissanite, souvent cr\u00e9\u00e9e en laboratoire, est une option \u00e9thique et respectueuse de l&rsquo;environnement.<\/p>\n<h3>The choice of modernity<\/h3>\n<p>Opter pour la moissanite, c&rsquo;est choisir une pierre pr\u00e9cieuse moderne, synonyme d&rsquo;innovation et d&rsquo;audace. Elle est appr\u00e9ci\u00e9e pour sa beaut\u00e9 resplendissante, mais aussi pour ses valeurs \u00e9thiques et durables, faisant d&rsquo;elle le choix de pr\u00e9dilection de nombreuses femmes contemporaines.<\/p>","protected":false},"excerpt":{"rendered":"<p><a rel=\"noreferrer\" href=\"https:\/\/valkyrieparis-bijoux.fr\/wp-content\/uploads\/2024\/09\/Bague-moissanite-argent-sterling.mp4\" class=\"vp-a vp-mp4-type vp-modal-click vp-modal-click_shortcode\">Discover the jewel in video<\/a><br \/>\n&nbsp;<br \/>\nThe Marguerite ring in sterling silver is a true masterpiece for jewelry lovers. It features a central moissanite stone, surrounded by a halo of smaller stones, accentuating the brilliance of the piece. Moissanite, known for its exceptional brilliance and durability, is mounted on a finely polished silver band, perfectly complementing its allure. This moissanite ring is a must-have for anyone wishing to add a touch of luxury to their collection.<br \/>\n&nbsp;<br \/>\n&gt; <strong>Material<\/strong> Genuine sterling silver, hallmarked 925<br \/>\n&gt; <strong>Stones<\/strong> : moissanite<br \/>\n&gt; <strong>Diameter<\/strong> ring size: 1.1 cm<br \/>\n&gt; <strong>Delivery<\/strong> free of charge in France<br \/>\n&gt; <strong>\u00c9crin<\/strong> Valkyrie offert<br \/>\n&gt; Ring <strong>warranty<\/strong> one year against manufacturing defects<br \/>\n&gt; Ring <strong>hypoallergenic<\/strong><\/p>","protected":false},"featured_media":227027,"template":"","meta":{"_et_pb_use_builder":"","_et_pb_old_content":"","_et_gb_content_width":""},"product_brand":[],"product_cat":[29],"product_tag":[],"class_list":{"0":"post-224007","1":"product","2":"type-product","3":"status-publish","4":"has-post-thumbnail","6":"product_cat-bagues-art-deco","8":"first","9":"instock","10":"shipping-taxable","11":"purchasable","12":"product-type-variable"},"yoast_head":"<!-- This site is optimized with the Yoast SEO plugin v26.9 - https:\/\/yoast.com\/product\/yoast-seo-wordpress\/ -->\n<title>Bague moissanite - mod\u00e8le Marguerite - Valkyrie Paris<\/title>\n<meta name=\"description\" content=\"Plongez dans l&#039;univers du luxe avec notre bague moissanite en argent v\u00e9ritable. Un \u00e9quilibre parfait entre \u00e9clat et durabilit\u00e9. \u00c0 d\u00e9couvrir sans attendre !\" \/>\n<meta name=\"robots\" content=\"index, follow, max-snippet:-1, max-image-preview:large, max-video-preview:-1\" \/>\n<link rel=\"canonical\" href=\"https:\/\/valkyrieparis-bijoux.fr\/en\/bijoux-art-deco\/bagues-art-deco\/bague-moissanite-un-eclat-inegale-modele-marguerite\/\" \/>\n<meta property=\"og:locale\" content=\"en_US\" \/>\n<meta property=\"og:type\" content=\"article\" \/>\n<meta property=\"og:title\" content=\"Bague moissanite - mod\u00e8le Marguerite - Valkyrie Paris\" \/>\n<meta property=\"og:description\" content=\"Plongez dans l&#039;univers du luxe avec notre bague moissanite en argent v\u00e9ritable. Un \u00e9quilibre parfait entre \u00e9clat et durabilit\u00e9. \u00c0 d\u00e9couvrir sans attendre !\" \/>\n<meta property=\"og:url\" content=\"https:\/\/valkyrieparis-bijoux.fr\/en\/bijoux-art-deco\/bagues-art-deco\/bague-moissanite-un-eclat-inegale-modele-marguerite\/\" \/>\n<meta property=\"og:site_name\" content=\"Valkyrie Paris\" \/>\n<meta property=\"article:publisher\" content=\"https:\/\/www.facebook.com\/ValkyrieParis\" \/>\n<meta property=\"article:modified_time\" content=\"2026-02-23T12:57:37+00:00\" \/>\n<meta property=\"og:image\" content=\"https:\/\/valkyrieparis-bijoux.fr\/wp-content\/uploads\/2024\/09\/70F63F1F-F84D-423F-91CE-26E793275513.jpg\" \/>\n\t<meta property=\"og:image:width\" content=\"1400\" \/>\n\t<meta property=\"og:image:height\" content=\"1400\" \/>\n\t<meta property=\"og:image:type\" content=\"image\/jpeg\" \/>\n<meta name=\"twitter:label1\" content=\"Est. reading time\" \/>\n\t<meta name=\"twitter:data1\" content=\"2 minutes\" \/>\n<script type=\"application\/ld+json\" class=\"yoast-schema-graph\">{\"@context\":\"https:\/\/schema.org\",\"@graph\":[{\"@type\":\"WebPage\",\"@id\":\"https:\/\/valkyrieparis-bijoux.fr\/en\/bijoux-art-deco\/bagues-art-deco\/bague-moissanite-un-eclat-inegale-modele-marguerite\/\",\"url\":\"https:\/\/valkyrieparis-bijoux.fr\/en\/bijoux-art-deco\/bagues-art-deco\/bague-moissanite-un-eclat-inegale-modele-marguerite\/\",\"name\":\"Bague moissanite - mod\u00e8le Marguerite - Valkyrie Paris\",\"isPartOf\":{\"@id\":\"https:\/\/valkyrieparis-bijoux.fr\/en\/#website\"},\"primaryImageOfPage\":{\"@id\":\"https:\/\/valkyrieparis-bijoux.fr\/en\/bijoux-art-deco\/bagues-art-deco\/bague-moissanite-un-eclat-inegale-modele-marguerite\/#primaryimage\"},\"image\":{\"@id\":\"https:\/\/valkyrieparis-bijoux.fr\/en\/bijoux-art-deco\/bagues-art-deco\/bague-moissanite-un-eclat-inegale-modele-marguerite\/#primaryimage\"},\"thumbnailUrl\":\"https:\/\/valkyrieparis-bijoux.fr\/wp-content\/uploads\/2024\/09\/70F63F1F-F84D-423F-91CE-26E793275513.jpg\",\"datePublished\":\"2023-09-12T15:03:06+00:00\",\"dateModified\":\"2026-02-23T12:57:37+00:00\",\"description\":\"Plongez dans l'univers du luxe avec notre bague moissanite en argent v\u00e9ritable. Un \u00e9quilibre parfait entre \u00e9clat et durabilit\u00e9. \u00c0 d\u00e9couvrir sans attendre !\",\"breadcrumb\":{\"@id\":\"https:\/\/valkyrieparis-bijoux.fr\/en\/bijoux-art-deco\/bagues-art-deco\/bague-moissanite-un-eclat-inegale-modele-marguerite\/#breadcrumb\"},\"inLanguage\":\"en-US\",\"potentialAction\":[{\"@type\":\"ReadAction\",\"target\":[\"https:\/\/valkyrieparis-bijoux.fr\/en\/bijoux-art-deco\/bagues-art-deco\/bague-moissanite-un-eclat-inegale-modele-marguerite\/\"]}]},{\"@type\":\"ImageObject\",\"inLanguage\":\"en-US\",\"@id\":\"https:\/\/valkyrieparis-bijoux.fr\/en\/bijoux-art-deco\/bagues-art-deco\/bague-moissanite-un-eclat-inegale-modele-marguerite\/#primaryimage\",\"url\":\"https:\/\/valkyrieparis-bijoux.fr\/wp-content\/uploads\/2024\/09\/70F63F1F-F84D-423F-91CE-26E793275513.jpg\",\"contentUrl\":\"https:\/\/valkyrieparis-bijoux.fr\/wp-content\/uploads\/2024\/09\/70F63F1F-F84D-423F-91CE-26E793275513.jpg\",\"width\":1400,\"height\":1400,\"caption\":\"bague-moissanite-argent-massif\"},{\"@type\":\"BreadcrumbList\",\"@id\":\"https:\/\/valkyrieparis-bijoux.fr\/en\/bijoux-art-deco\/bagues-art-deco\/bague-moissanite-un-eclat-inegale-modele-marguerite\/#breadcrumb\",\"itemListElement\":[{\"@type\":\"ListItem\",\"position\":1,\"name\":\"Boutique\",\"item\":\"https:\/\/valkyrieparis-bijoux.fr\/boutique-valkyrie\/\"},{\"@type\":\"ListItem\",\"position\":2,\"name\":\"Bague moissanite &#8211; mod\u00e8le Marguerite\"}]},{\"@type\":\"WebSite\",\"@id\":\"https:\/\/valkyrieparis-bijoux.fr\/en\/#website\",\"url\":\"https:\/\/valkyrieparis-bijoux.fr\/en\/\",\"name\":\"Valkyrie Paris\",\"description\":\"Cr\u00e9ateurs de Bijoux Art D\u00e9co\",\"publisher\":{\"@id\":\"https:\/\/valkyrieparis-bijoux.fr\/en\/#organization\"},\"potentialAction\":[{\"@type\":\"SearchAction\",\"target\":{\"@type\":\"EntryPoint\",\"urlTemplate\":\"https:\/\/valkyrieparis-bijoux.fr\/en\/?s={search_term_string}\"},\"query-input\":{\"@type\":\"PropertyValueSpecification\",\"valueRequired\":true,\"valueName\":\"search_term_string\"}}],\"inLanguage\":\"en-US\"},{\"@type\":\"Organization\",\"@id\":\"https:\/\/valkyrieparis-bijoux.fr\/en\/#organization\",\"name\":\"Valkyrie Paris\",\"url\":\"https:\/\/valkyrieparis-bijoux.fr\/en\/\",\"logo\":{\"@type\":\"ImageObject\",\"inLanguage\":\"en-US\",\"@id\":\"https:\/\/valkyrieparis-bijoux.fr\/en\/#\/schema\/logo\/image\/\",\"url\":\"https:\/\/valkyrieparis-bijoux.fr\/wp-content\/uploads\/2021\/03\/Valkyrie_logo_noir-2.png\",\"contentUrl\":\"https:\/\/valkyrieparis-bijoux.fr\/wp-content\/uploads\/2021\/03\/Valkyrie_logo_noir-2.png\",\"width\":1000,\"height\":321,\"caption\":\"Valkyrie Paris\"},\"image\":{\"@id\":\"https:\/\/valkyrieparis-bijoux.fr\/en\/#\/schema\/logo\/image\/\"},\"sameAs\":[\"https:\/\/www.facebook.com\/ValkyrieParis\",\"https:\/\/www.instagram.com\/valkyrieparis\/\",\"https:\/\/www.pinterest.fr\/ValkyrieParis\/_created\/\"]}]}<\/script>\n<!-- \/ Yoast SEO plugin. -->","yoast_head_json":{"title":"Moissanite ring - Marguerite model - Valkyrie Paris","description":"Immerse yourself in the world of luxury with our genuine silver moissanite ring. A perfect balance of brilliance and durability. Discover it now!","robots":{"index":"index","follow":"follow","max-snippet":"max-snippet:-1","max-image-preview":"max-image-preview:large","max-video-preview":"max-video-preview:-1"},"canonical":"https:\/\/valkyrieparis-bijoux.fr\/en\/bijoux-art-deco\/bagues-art-deco\/bague-moissanite-un-eclat-inegale-modele-marguerite\/","og_locale":"en_US","og_type":"article","og_title":"Bague moissanite - mod\u00e8le Marguerite - Valkyrie Paris","og_description":"Plongez dans l'univers du luxe avec notre bague moissanite en argent v\u00e9ritable. Un \u00e9quilibre parfait entre \u00e9clat et durabilit\u00e9. \u00c0 d\u00e9couvrir sans attendre !","og_url":"https:\/\/valkyrieparis-bijoux.fr\/en\/bijoux-art-deco\/bagues-art-deco\/bague-moissanite-un-eclat-inegale-modele-marguerite\/","og_site_name":"Valkyrie Paris","article_publisher":"https:\/\/www.facebook.com\/ValkyrieParis","article_modified_time":"2026-02-23T12:57:37+00:00","og_image":[{"width":1400,"height":1400,"url":"https:\/\/valkyrieparis-bijoux.fr\/wp-content\/uploads\/2024\/09\/70F63F1F-F84D-423F-91CE-26E793275513.jpg","type":"image\/jpeg"}],"twitter_misc":{"Est. reading time":"2 minutes"},"schema":{"@context":"https:\/\/schema.org","@graph":[{"@type":"WebPage","@id":"https:\/\/valkyrieparis-bijoux.fr\/en\/bijoux-art-deco\/bagues-art-deco\/bague-moissanite-un-eclat-inegale-modele-marguerite\/","url":"https:\/\/valkyrieparis-bijoux.fr\/en\/bijoux-art-deco\/bagues-art-deco\/bague-moissanite-un-eclat-inegale-modele-marguerite\/","name":"Moissanite ring - Marguerite model - Valkyrie Paris","isPartOf":{"@id":"https:\/\/valkyrieparis-bijoux.fr\/en\/#website"},"primaryImageOfPage":{"@id":"https:\/\/valkyrieparis-bijoux.fr\/en\/bijoux-art-deco\/bagues-art-deco\/bague-moissanite-un-eclat-inegale-modele-marguerite\/#primaryimage"},"image":{"@id":"https:\/\/valkyrieparis-bijoux.fr\/en\/bijoux-art-deco\/bagues-art-deco\/bague-moissanite-un-eclat-inegale-modele-marguerite\/#primaryimage"},"thumbnailUrl":"https:\/\/valkyrieparis-bijoux.fr\/wp-content\/uploads\/2024\/09\/70F63F1F-F84D-423F-91CE-26E793275513.jpg","datePublished":"2023-09-12T15:03:06+00:00","dateModified":"2026-02-23T12:57:37+00:00","description":"Immerse yourself in the world of luxury with our genuine silver moissanite ring. A perfect balance of brilliance and durability. Discover it now!","breadcrumb":{"@id":"https:\/\/valkyrieparis-bijoux.fr\/en\/bijoux-art-deco\/bagues-art-deco\/bague-moissanite-un-eclat-inegale-modele-marguerite\/#breadcrumb"},"inLanguage":"en-US","potentialAction":[{"@type":"ReadAction","target":["https:\/\/valkyrieparis-bijoux.fr\/en\/bijoux-art-deco\/bagues-art-deco\/bague-moissanite-un-eclat-inegale-modele-marguerite\/"]}]},{"@type":"ImageObject","inLanguage":"en-US","@id":"https:\/\/valkyrieparis-bijoux.fr\/en\/bijoux-art-deco\/bagues-art-deco\/bague-moissanite-un-eclat-inegale-modele-marguerite\/#primaryimage","url":"https:\/\/valkyrieparis-bijoux.fr\/wp-content\/uploads\/2024\/09\/70F63F1F-F84D-423F-91CE-26E793275513.jpg","contentUrl":"https:\/\/valkyrieparis-bijoux.fr\/wp-content\/uploads\/2024\/09\/70F63F1F-F84D-423F-91CE-26E793275513.jpg","width":1400,"height":1400,"caption":"bague-moissanite-argent-massif"},{"@type":"BreadcrumbList","@id":"https:\/\/valkyrieparis-bijoux.fr\/en\/bijoux-art-deco\/bagues-art-deco\/bague-moissanite-un-eclat-inegale-modele-marguerite\/#breadcrumb","itemListElement":[{"@type":"ListItem","position":1,"name":"Boutique","item":"https:\/\/valkyrieparis-bijoux.fr\/boutique-valkyrie\/"},{"@type":"ListItem","position":2,"name":"Bague moissanite &#8211; mod\u00e8le Marguerite"}]},{"@type":"WebSite","@id":"https:\/\/valkyrieparis-bijoux.fr\/en\/#website","url":"https:\/\/valkyrieparis-bijoux.fr\/en\/","name":"Valkyrie Paris","description":"Art Deco Jewellery Designers","publisher":{"@id":"https:\/\/valkyrieparis-bijoux.fr\/en\/#organization"},"potentialAction":[{"@type":"SearchAction","target":{"@type":"EntryPoint","urlTemplate":"https:\/\/valkyrieparis-bijoux.fr\/en\/?s={search_term_string}"},"query-input":{"@type":"PropertyValueSpecification","valueRequired":true,"valueName":"search_term_string"}}],"inLanguage":"en-US"},{"@type":"Organization","@id":"https:\/\/valkyrieparis-bijoux.fr\/en\/#organization","name":"Valkyrie Paris","url":"https:\/\/valkyrieparis-bijoux.fr\/en\/","logo":{"@type":"ImageObject","inLanguage":"en-US","@id":"https:\/\/valkyrieparis-bijoux.fr\/en\/#\/schema\/logo\/image\/","url":"https:\/\/valkyrieparis-bijoux.fr\/wp-content\/uploads\/2021\/03\/Valkyrie_logo_noir-2.png","contentUrl":"https:\/\/valkyrieparis-bijoux.fr\/wp-content\/uploads\/2021\/03\/Valkyrie_logo_noir-2.png","width":1000,"height":321,"caption":"Valkyrie Paris"},"image":{"@id":"https:\/\/valkyrieparis-bijoux.fr\/en\/#\/schema\/logo\/image\/"},"sameAs":["https:\/\/www.facebook.com\/ValkyrieParis","https:\/\/www.instagram.com\/valkyrieparis\/","https:\/\/www.pinterest.fr\/ValkyrieParis\/_created\/"]}]}},"_links":{"self":[{"href":"https:\/\/valkyrieparis-bijoux.fr\/en\/wp-json\/wp\/v2\/product\/224007","targetHints":{"allow":["GET"]}}],"collection":[{"href":"https:\/\/valkyrieparis-bijoux.fr\/en\/wp-json\/wp\/v2\/product"}],"about":[{"href":"https:\/\/valkyrieparis-bijoux.fr\/en\/wp-json\/wp\/v2\/types\/product"}],"wp:featuredmedia":[{"embeddable":true,"href":"https:\/\/valkyrieparis-bijoux.fr\/en\/wp-json\/wp\/v2\/media\/227027"}],"wp:attachment":[{"href":"https:\/\/valkyrieparis-bijoux.fr\/en\/wp-json\/wp\/v2\/media?parent=224007"}],"wp:term":[{"taxonomy":"product_brand","embeddable":true,"href":"https:\/\/valkyrieparis-bijoux.fr\/en\/wp-json\/wp\/v2\/product_brand?post=224007"},{"taxonomy":"product_cat","embeddable":true,"href":"https:\/\/valkyrieparis-bijoux.fr\/en\/wp-json\/wp\/v2\/product_cat?post=224007"},{"taxonomy":"product_tag","embeddable":true,"href":"https:\/\/valkyrieparis-bijoux.fr\/en\/wp-json\/wp\/v2\/product_tag?post=224007"}],"curies":[{"name":"wp","href":"https:\/\/api.w.org\/{rel}","templated":true}]}}