{"id":223681,"date":"2023-03-20T11:32:53","date_gmt":"2023-03-20T10:32:53","guid":{"rendered":"https:\/\/valkyrieparis-bijoux.fr\/?post_type=product&#038;p=223681"},"modified":"2026-01-29T14:01:15","modified_gmt":"2026-01-29T13:01:15","slug":"boucles-doreilles-vintage-peridot-veritable-modele-adrastee","status":"publish","type":"product","link":"https:\/\/valkyrieparis-bijoux.fr\/en\/boucles-d-oreilles-art-deco\/boucles-doreilles-vintage-peridot-veritable-modele-astrid\/","title":{"rendered":"Vintage earrings - peridot - Astrid model"},"content":{"rendered":"<h2>Astrid: vintage earrings inspired by 1920s art deco<\/h2>\n<p>L&rsquo;Art D\u00e9co \u00e9tait un mouvement artistique qui a pris naissance en France dans les ann\u00e9es 1920 et a dur\u00e9 jusqu&rsquo;aux ann\u00e9es 1940. Le <strong>Art Deco style<\/strong> has influenced many aspects of culture, including fashion and <strong>jewelry<\/strong>. Art Deco jewelry is characterized by geometric designs, bright colors and abstract shapes.<\/p>\n<p>Whether you're looking for <strong>earrings<\/strong> pour une occasion sp\u00e9ciale ou pour une utilisation quotidienne, nos boucles d&rsquo;oreilles vintage en <strong>sterling silver<\/strong> are the ideal solution. They can be worn with a variety of outfits, from casual to formal.<\/p>\n<p>Les boucles d&rsquo;oreilles art d\u00e9co offrent un charme et une \u00e9l\u00e9gance intemporels. Elles attirent l&rsquo;attention et ajoutent de la valeur \u00e0 votre collection de bijoux. Si vous \u00eates \u00e0 la recherche de<strong> vintage jewelry<\/strong> uniques pour agr\u00e9menter votre style, les boucles d&rsquo;oreilles vintage sont un choix id\u00e9al.<\/p>\n<h2>A timeless, hard-wearing piece of art deco jewelry<\/h2>\n<p>Our <strong>boucles d&rsquo;oreilles vintage<\/strong> Our sterling silver jewelry is designed with the finest craftsmanship to ensure quality and durability. We carefully select peridot and marcasite stones for their beauty and brilliance. This gives them a <strong>timeless charm<\/strong> and sophisticated elegance.<\/p>\n<p>Les boucles d&rsquo;oreilles art d\u00e9co s&rsquo;ornent souvent de <strong>precious stones<\/strong> et semi-pr\u00e9cieuses. Telles que le diamant, le saphir, le rubis et l&rsquo;\u00e9meraude. Elles ont \u00e9t\u00e9 tr\u00e8s populaires dans les ann\u00e9es 1920 et 1930, lorsque le mouvement \u00e9tait \u00e0 son apog\u00e9e.<\/p>\n<p>Nowadays <a href=\"\/en\/\u00ab\/\">loops<\/a> d&rsquo;oreilles vintage sont tr\u00e8s pris\u00e9es pour leur style unique et leur qualit\u00e9 artisanale. Les bijoux art d\u00e9co sont consid\u00e9r\u00e9s comme des \u0153uvres d&rsquo;art et sont souvent collectionn\u00e9s par les amateurs de <strong>jewelry<\/strong>.<\/p>\n<h2>Peridot: the stone of many virtues<\/h2>\n<p>Si vous cherchez \u00e0 ajouter de la couleur et de l&rsquo;\u00e9nergie positive \u00e0 votre collection de bijoux, les bijoux p\u00e9ridot sont une excellente option. Le <strong>peridot<\/strong> is a yellow-green gemstone often associated with vitality, prosperity and personal growth.<\/p>\n<p>Practitioners in <strong>lithotherapy<\/strong> recognize that peridot has beneficial physical and emotional properties. They consider it a healing stone, promoting blood circulation and helping to regulate digestion. On an emotional level, peridot <strong>boosts self-confidence<\/strong>creativity and emotional positivity<\/p>\n<p>En tant que bijou, le p\u00e9ridot ajoute une touche de couleur vive et lumineuse \u00e0 n&rsquo;importe quelle tenue. Il est souvent taill\u00e9 en forme de pierre pr\u00e9cieuse pour \u00eatre port\u00e9 en pendentif, <strong>ring<\/strong>, boucles d&rsquo;oreilles ou bracelet. En plus, les bijoux p\u00e9ridot sont populaires comme cadeaux pour un \u00eatre cher. En outre, en offrant un <strong>peridot jewel<\/strong>You're not only giving a wonderful gift, but also a symbol of vitality and personal growth.<\/p>","protected":false},"excerpt":{"rendered":"<p><a rel=\"noreferrer\" href=\"https:\/\/valkyrieparis-bijoux.fr\/wp-content\/uploads\/2023\/03\/Boucles-doreilles-peridot.mp4\" class=\"vp-a vp-mp4-type vp-modal-click vp-modal-click_shortcode\">Discover the jewel in video<\/a><br \/>\n&nbsp;<br \/>\nDiscover the timeless elegance of vintage Astrid earrings. They are set with genuine peridot and marcasite. With their classic, sophisticated design, these earrings will bring a touch of retro charm to any outfit. Peridot, a shimmering green semi-precious stone, is renowned for its soothing properties and ability to attract love and prosperity. Combined with the subtle sparkle of marcasite, a naturally brilliant and sparkling mineral, the result is a mesmerizing pair of earrings.<br \/>\n&nbsp;<br \/>\n&gt; <strong>Material<\/strong> and <strong>stone<\/strong> silver, peridot, marcasite<br \/>\n&gt; Total length: 4.2 cm<br \/>\n&gt; <strong>Delivery<\/strong> available in France<br \/>\n&gt; <strong>\u00c9crin<\/strong> Valkyrie offert<br \/>\n&gt; Jewelry <strong>guaranteed<\/strong> one year against manufacturing defects<br \/>\n&gt; Loops <strong>hypoallergenic<\/strong><\/p>","protected":false},"featured_media":223658,"template":"","meta":{"_et_pb_use_builder":"","_et_pb_old_content":"","_et_gb_content_width":""},"product_brand":[],"product_cat":[168],"product_tag":[],"class_list":{"0":"post-223681","1":"product","2":"type-product","3":"status-publish","4":"has-post-thumbnail","6":"product_cat-boucles-d-oreilles-art-deco","8":"first","9":"instock","10":"shipping-taxable","11":"purchasable","12":"product-type-simple"},"yoast_head":"<!-- This site is optimized with the Yoast SEO plugin v26.9 - https:\/\/yoast.com\/product\/yoast-seo-wordpress\/ -->\n<title>Boucles d&#039;oreilles vintage - p\u00e9ridot - mod\u00e8le Astrid -<\/title>\n<meta name=\"description\" content=\"D\u00e9couvrez l&#039;\u00e9l\u00e9gance des boucles d&#039;oreilles vintage Adrast\u00e9e. Serties de p\u00e9ridot et au design sophistiqu\u00e9, elles offrent une touche de charme r\u00e9tro.\" \/>\n<meta name=\"robots\" content=\"index, follow, max-snippet:-1, max-image-preview:large, max-video-preview:-1\" \/>\n<link rel=\"canonical\" href=\"https:\/\/valkyrieparis-bijoux.fr\/en\/boucles-d-oreilles-art-deco\/boucles-doreilles-vintage-peridot-veritable-modele-astrid\/\" \/>\n<meta property=\"og:locale\" content=\"en_US\" \/>\n<meta property=\"og:type\" content=\"article\" \/>\n<meta property=\"og:title\" content=\"Boucles d&#039;oreilles vintage - p\u00e9ridot - mod\u00e8le Astrid -\" \/>\n<meta property=\"og:description\" content=\"D\u00e9couvrez l&#039;\u00e9l\u00e9gance des boucles d&#039;oreilles vintage Adrast\u00e9e. Serties de p\u00e9ridot et au design sophistiqu\u00e9, elles offrent une touche de charme r\u00e9tro.\" \/>\n<meta property=\"og:url\" content=\"https:\/\/valkyrieparis-bijoux.fr\/en\/boucles-d-oreilles-art-deco\/boucles-doreilles-vintage-peridot-veritable-modele-astrid\/\" \/>\n<meta property=\"og:site_name\" content=\"Valkyrie Paris\" \/>\n<meta property=\"article:publisher\" content=\"https:\/\/www.facebook.com\/ValkyrieParis\" \/>\n<meta property=\"article:modified_time\" content=\"2026-01-29T13:01:15+00:00\" \/>\n<meta property=\"og:image\" content=\"https:\/\/valkyrieparis-bijoux.fr\/wp-content\/uploads\/2023\/03\/IMG_5461.jpg\" \/>\n\t<meta property=\"og:image:width\" content=\"1500\" \/>\n\t<meta property=\"og:image:height\" content=\"1500\" \/>\n\t<meta property=\"og:image:type\" content=\"image\/jpeg\" \/>\n<meta name=\"twitter:label1\" content=\"Est. reading time\" \/>\n\t<meta name=\"twitter:data1\" content=\"3 minutes\" \/>\n<script type=\"application\/ld+json\" class=\"yoast-schema-graph\">{\"@context\":\"https:\/\/schema.org\",\"@graph\":[{\"@type\":\"WebPage\",\"@id\":\"https:\/\/valkyrieparis-bijoux.fr\/en\/boucles-d-oreilles-art-deco\/boucles-doreilles-vintage-peridot-veritable-modele-astrid\/\",\"url\":\"https:\/\/valkyrieparis-bijoux.fr\/en\/boucles-d-oreilles-art-deco\/boucles-doreilles-vintage-peridot-veritable-modele-astrid\/\",\"name\":\"Boucles d'oreilles vintage - p\u00e9ridot - mod\u00e8le Astrid -\",\"isPartOf\":{\"@id\":\"https:\/\/valkyrieparis-bijoux.fr\/en\/#website\"},\"primaryImageOfPage\":{\"@id\":\"https:\/\/valkyrieparis-bijoux.fr\/en\/boucles-d-oreilles-art-deco\/boucles-doreilles-vintage-peridot-veritable-modele-astrid\/#primaryimage\"},\"image\":{\"@id\":\"https:\/\/valkyrieparis-bijoux.fr\/en\/boucles-d-oreilles-art-deco\/boucles-doreilles-vintage-peridot-veritable-modele-astrid\/#primaryimage\"},\"thumbnailUrl\":\"https:\/\/valkyrieparis-bijoux.fr\/wp-content\/uploads\/2023\/03\/IMG_5461.jpg\",\"datePublished\":\"2023-03-20T10:32:53+00:00\",\"dateModified\":\"2026-01-29T13:01:15+00:00\",\"description\":\"D\u00e9couvrez l'\u00e9l\u00e9gance des boucles d'oreilles vintage Adrast\u00e9e. Serties de p\u00e9ridot et au design sophistiqu\u00e9, elles offrent une touche de charme r\u00e9tro.\",\"breadcrumb\":{\"@id\":\"https:\/\/valkyrieparis-bijoux.fr\/en\/boucles-d-oreilles-art-deco\/boucles-doreilles-vintage-peridot-veritable-modele-astrid\/#breadcrumb\"},\"inLanguage\":\"en-US\",\"potentialAction\":[{\"@type\":\"ReadAction\",\"target\":[\"https:\/\/valkyrieparis-bijoux.fr\/en\/boucles-d-oreilles-art-deco\/boucles-doreilles-vintage-peridot-veritable-modele-astrid\/\"]}]},{\"@type\":\"ImageObject\",\"inLanguage\":\"en-US\",\"@id\":\"https:\/\/valkyrieparis-bijoux.fr\/en\/boucles-d-oreilles-art-deco\/boucles-doreilles-vintage-peridot-veritable-modele-astrid\/#primaryimage\",\"url\":\"https:\/\/valkyrieparis-bijoux.fr\/wp-content\/uploads\/2023\/03\/IMG_5461.jpg\",\"contentUrl\":\"https:\/\/valkyrieparis-bijoux.fr\/wp-content\/uploads\/2023\/03\/IMG_5461.jpg\",\"width\":1500,\"height\":1500,\"caption\":\"boucles-peridot\"},{\"@type\":\"BreadcrumbList\",\"@id\":\"https:\/\/valkyrieparis-bijoux.fr\/en\/boucles-d-oreilles-art-deco\/boucles-doreilles-vintage-peridot-veritable-modele-astrid\/#breadcrumb\",\"itemListElement\":[{\"@type\":\"ListItem\",\"position\":1,\"name\":\"Boutique\",\"item\":\"https:\/\/valkyrieparis-bijoux.fr\/boutique-valkyrie\/\"},{\"@type\":\"ListItem\",\"position\":2,\"name\":\"Boucles d&rsquo;oreilles vintage &#8211; p\u00e9ridot &#8211; mod\u00e8le Astrid\"}]},{\"@type\":\"WebSite\",\"@id\":\"https:\/\/valkyrieparis-bijoux.fr\/en\/#website\",\"url\":\"https:\/\/valkyrieparis-bijoux.fr\/en\/\",\"name\":\"Valkyrie Paris\",\"description\":\"Cr\u00e9ateurs de Bijoux Art D\u00e9co\",\"publisher\":{\"@id\":\"https:\/\/valkyrieparis-bijoux.fr\/en\/#organization\"},\"potentialAction\":[{\"@type\":\"SearchAction\",\"target\":{\"@type\":\"EntryPoint\",\"urlTemplate\":\"https:\/\/valkyrieparis-bijoux.fr\/en\/?s={search_term_string}\"},\"query-input\":{\"@type\":\"PropertyValueSpecification\",\"valueRequired\":true,\"valueName\":\"search_term_string\"}}],\"inLanguage\":\"en-US\"},{\"@type\":\"Organization\",\"@id\":\"https:\/\/valkyrieparis-bijoux.fr\/en\/#organization\",\"name\":\"Valkyrie Paris\",\"url\":\"https:\/\/valkyrieparis-bijoux.fr\/en\/\",\"logo\":{\"@type\":\"ImageObject\",\"inLanguage\":\"en-US\",\"@id\":\"https:\/\/valkyrieparis-bijoux.fr\/en\/#\/schema\/logo\/image\/\",\"url\":\"https:\/\/valkyrieparis-bijoux.fr\/wp-content\/uploads\/2021\/03\/Valkyrie_logo_noir-2.png\",\"contentUrl\":\"https:\/\/valkyrieparis-bijoux.fr\/wp-content\/uploads\/2021\/03\/Valkyrie_logo_noir-2.png\",\"width\":1000,\"height\":321,\"caption\":\"Valkyrie Paris\"},\"image\":{\"@id\":\"https:\/\/valkyrieparis-bijoux.fr\/en\/#\/schema\/logo\/image\/\"},\"sameAs\":[\"https:\/\/www.facebook.com\/ValkyrieParis\",\"https:\/\/www.instagram.com\/valkyrieparis\/\",\"https:\/\/www.pinterest.fr\/ValkyrieParis\/_created\/\"]}]}<\/script>\n<!-- \/ Yoast SEO plugin. -->","yoast_head_json":{"title":"Vintage earrings - peridot - model Astrid -","description":"Discover the elegance of vintage Adrast\u00e9e earrings. Set with peridot and a sophisticated design, they offer a touch of retro charm.","robots":{"index":"index","follow":"follow","max-snippet":"max-snippet:-1","max-image-preview":"max-image-preview:large","max-video-preview":"max-video-preview:-1"},"canonical":"https:\/\/valkyrieparis-bijoux.fr\/en\/boucles-d-oreilles-art-deco\/boucles-doreilles-vintage-peridot-veritable-modele-astrid\/","og_locale":"en_US","og_type":"article","og_title":"Boucles d'oreilles vintage - p\u00e9ridot - mod\u00e8le Astrid -","og_description":"D\u00e9couvrez l'\u00e9l\u00e9gance des boucles d'oreilles vintage Adrast\u00e9e. Serties de p\u00e9ridot et au design sophistiqu\u00e9, elles offrent une touche de charme r\u00e9tro.","og_url":"https:\/\/valkyrieparis-bijoux.fr\/en\/boucles-d-oreilles-art-deco\/boucles-doreilles-vintage-peridot-veritable-modele-astrid\/","og_site_name":"Valkyrie Paris","article_publisher":"https:\/\/www.facebook.com\/ValkyrieParis","article_modified_time":"2026-01-29T13:01:15+00:00","og_image":[{"width":1500,"height":1500,"url":"https:\/\/valkyrieparis-bijoux.fr\/wp-content\/uploads\/2023\/03\/IMG_5461.jpg","type":"image\/jpeg"}],"twitter_misc":{"Est. reading time":"3 minutes"},"schema":{"@context":"https:\/\/schema.org","@graph":[{"@type":"WebPage","@id":"https:\/\/valkyrieparis-bijoux.fr\/en\/boucles-d-oreilles-art-deco\/boucles-doreilles-vintage-peridot-veritable-modele-astrid\/","url":"https:\/\/valkyrieparis-bijoux.fr\/en\/boucles-d-oreilles-art-deco\/boucles-doreilles-vintage-peridot-veritable-modele-astrid\/","name":"Vintage earrings - peridot - model Astrid -","isPartOf":{"@id":"https:\/\/valkyrieparis-bijoux.fr\/en\/#website"},"primaryImageOfPage":{"@id":"https:\/\/valkyrieparis-bijoux.fr\/en\/boucles-d-oreilles-art-deco\/boucles-doreilles-vintage-peridot-veritable-modele-astrid\/#primaryimage"},"image":{"@id":"https:\/\/valkyrieparis-bijoux.fr\/en\/boucles-d-oreilles-art-deco\/boucles-doreilles-vintage-peridot-veritable-modele-astrid\/#primaryimage"},"thumbnailUrl":"https:\/\/valkyrieparis-bijoux.fr\/wp-content\/uploads\/2023\/03\/IMG_5461.jpg","datePublished":"2023-03-20T10:32:53+00:00","dateModified":"2026-01-29T13:01:15+00:00","description":"Discover the elegance of vintage Adrast\u00e9e earrings. Set with peridot and a sophisticated design, they offer a touch of retro charm.","breadcrumb":{"@id":"https:\/\/valkyrieparis-bijoux.fr\/en\/boucles-d-oreilles-art-deco\/boucles-doreilles-vintage-peridot-veritable-modele-astrid\/#breadcrumb"},"inLanguage":"en-US","potentialAction":[{"@type":"ReadAction","target":["https:\/\/valkyrieparis-bijoux.fr\/en\/boucles-d-oreilles-art-deco\/boucles-doreilles-vintage-peridot-veritable-modele-astrid\/"]}]},{"@type":"ImageObject","inLanguage":"en-US","@id":"https:\/\/valkyrieparis-bijoux.fr\/en\/boucles-d-oreilles-art-deco\/boucles-doreilles-vintage-peridot-veritable-modele-astrid\/#primaryimage","url":"https:\/\/valkyrieparis-bijoux.fr\/wp-content\/uploads\/2023\/03\/IMG_5461.jpg","contentUrl":"https:\/\/valkyrieparis-bijoux.fr\/wp-content\/uploads\/2023\/03\/IMG_5461.jpg","width":1500,"height":1500,"caption":"boucles-peridot"},{"@type":"BreadcrumbList","@id":"https:\/\/valkyrieparis-bijoux.fr\/en\/boucles-d-oreilles-art-deco\/boucles-doreilles-vintage-peridot-veritable-modele-astrid\/#breadcrumb","itemListElement":[{"@type":"ListItem","position":1,"name":"Boutique","item":"https:\/\/valkyrieparis-bijoux.fr\/boutique-valkyrie\/"},{"@type":"ListItem","position":2,"name":"Boucles d&rsquo;oreilles vintage &#8211; p\u00e9ridot &#8211; mod\u00e8le Astrid"}]},{"@type":"WebSite","@id":"https:\/\/valkyrieparis-bijoux.fr\/en\/#website","url":"https:\/\/valkyrieparis-bijoux.fr\/en\/","name":"Valkyrie Paris","description":"Art Deco Jewellery Designers","publisher":{"@id":"https:\/\/valkyrieparis-bijoux.fr\/en\/#organization"},"potentialAction":[{"@type":"SearchAction","target":{"@type":"EntryPoint","urlTemplate":"https:\/\/valkyrieparis-bijoux.fr\/en\/?s={search_term_string}"},"query-input":{"@type":"PropertyValueSpecification","valueRequired":true,"valueName":"search_term_string"}}],"inLanguage":"en-US"},{"@type":"Organization","@id":"https:\/\/valkyrieparis-bijoux.fr\/en\/#organization","name":"Valkyrie Paris","url":"https:\/\/valkyrieparis-bijoux.fr\/en\/","logo":{"@type":"ImageObject","inLanguage":"en-US","@id":"https:\/\/valkyrieparis-bijoux.fr\/en\/#\/schema\/logo\/image\/","url":"https:\/\/valkyrieparis-bijoux.fr\/wp-content\/uploads\/2021\/03\/Valkyrie_logo_noir-2.png","contentUrl":"https:\/\/valkyrieparis-bijoux.fr\/wp-content\/uploads\/2021\/03\/Valkyrie_logo_noir-2.png","width":1000,"height":321,"caption":"Valkyrie Paris"},"image":{"@id":"https:\/\/valkyrieparis-bijoux.fr\/en\/#\/schema\/logo\/image\/"},"sameAs":["https:\/\/www.facebook.com\/ValkyrieParis","https:\/\/www.instagram.com\/valkyrieparis\/","https:\/\/www.pinterest.fr\/ValkyrieParis\/_created\/"]}]}},"_links":{"self":[{"href":"https:\/\/valkyrieparis-bijoux.fr\/en\/wp-json\/wp\/v2\/product\/223681","targetHints":{"allow":["GET"]}}],"collection":[{"href":"https:\/\/valkyrieparis-bijoux.fr\/en\/wp-json\/wp\/v2\/product"}],"about":[{"href":"https:\/\/valkyrieparis-bijoux.fr\/en\/wp-json\/wp\/v2\/types\/product"}],"wp:featuredmedia":[{"embeddable":true,"href":"https:\/\/valkyrieparis-bijoux.fr\/en\/wp-json\/wp\/v2\/media\/223658"}],"wp:attachment":[{"href":"https:\/\/valkyrieparis-bijoux.fr\/en\/wp-json\/wp\/v2\/media?parent=223681"}],"wp:term":[{"taxonomy":"product_brand","embeddable":true,"href":"https:\/\/valkyrieparis-bijoux.fr\/en\/wp-json\/wp\/v2\/product_brand?post=223681"},{"taxonomy":"product_cat","embeddable":true,"href":"https:\/\/valkyrieparis-bijoux.fr\/en\/wp-json\/wp\/v2\/product_cat?post=223681"},{"taxonomy":"product_tag","embeddable":true,"href":"https:\/\/valkyrieparis-bijoux.fr\/en\/wp-json\/wp\/v2\/product_tag?post=223681"}],"curies":[{"name":"wp","href":"https:\/\/api.w.org\/{rel}","templated":true}]}}