{"id":223522,"date":"2023-02-01T16:34:07","date_gmt":"2023-02-01T15:34:07","guid":{"rendered":"https:\/\/valkyrieparis-bijoux.fr\/?post_type=product&#038;p=223522"},"modified":"2026-03-23T11:24:56","modified_gmt":"2026-03-23T10:24:56","slug":"boucles-doreilles-art-deco-onyx-noir","status":"publish","type":"product","link":"https:\/\/valkyrieparis-bijoux.fr\/en\/boucles-d-oreilles-art-deco\/boucles-doreilles-art-deco-onyx-noir\/","title":{"rendered":"Art Deco earrings - onyx - Aphrodite design"},"content":{"rendered":"<h2>Les boucles d&rsquo;oreilles art d\u00e9co pour un look r\u00e9tro<\/h2>\n<p>Visit <strong>boucles d&rsquo;oreilles vintage<\/strong> sont de plus en plus populaires aupr\u00e8s des amateurs de mode et de bijoux. Ces boucles d&rsquo;oreilles ont un style unique et une histoire qui les accompagnent, ce qui les rend encore plus attrayantes.<\/p>\n<p>Il y a plusieurs raisons pour lesquelles les gens aiment porter des boucles d&rsquo;oreilles \u00e0 l&rsquo;inspiration vintage. Tout d&rsquo;abord, elles ont un <strong>unique style<\/strong> which differs from <a href=\"\/en\/\u00ab\/\">loops<\/a> d&rsquo;oreilles modernes. Les boucles d&rsquo;oreilles vintage ont souvent des designs plus complexes et des d\u00e9tails travaill\u00e9s. Cela les rend plus int\u00e9ressantes \u00e0 porter. De plus, elles ont souvent un <strong>retro charm<\/strong> reminiscent of years gone by. Which makes them even more attractive to fashion lovers.<\/p>\n<h2>Les boucles d&rsquo;oreilles onyx : le must-have de la saison pour un style unique<\/h2>\n<p>Les boucles d&rsquo;oreilles en <strong>onyx<\/strong> are a trendy and popular fashion accessory thanks to their all-purpose color and natural beauty. This semi-precious stone <strong>apporte de la chaleur et de l&rsquo;audace<\/strong> \u00e0 tout look, qu&rsquo;il soit d\u00e9contract\u00e9 ou habill\u00e9. Les avantages de porter des boucles d&rsquo;oreilles en onyx sont nombreux. Cette pierre est connue pour apporter de la bonne fortune et de la prosp\u00e9rit\u00e9 \u00e0 ceux qui la portent, ainsi que pour am\u00e9liorer la cr\u00e9ativit\u00e9 et l&rsquo;expression personnelle.<\/p>\n<p>In addition, the <strong>boucles d&rsquo;oreilles en onyx<\/strong> sont durables et peu co\u00fbteuses, ce qui les rend id\u00e9ales pour une utilisation quotidienne. Elles sont enti\u00e8rement fabriqu\u00e9es en argent massif. En plus de ses avantages spirituels, l&rsquo;onyx a \u00e9galement des bienfaits physiques. Elle est cens\u00e9e <strong>improve blood circulation<\/strong>, renforcer le syst\u00e8me immunitaire et apaiser les douleurs menstruelles. La cornaline peut \u00e9galement aider \u00e0 calmer les nerfs, r\u00e9duire l&rsquo;anxi\u00e9t\u00e9 et am\u00e9liorer le sommeil.<\/p>","protected":false},"excerpt":{"rendered":"<p><a rel=\"noreferrer\" href=\"https:\/\/valkyrieparis-bijoux.fr\/wp-content\/uploads\/2026\/03\/Boucles-doreilles-art-deco-onyx-argent.mp4\" class=\"vp-a vp-mp4-type vp-modal-click vp-modal-click_shortcode\">Discover the jewel in video<\/a><br \/>\n&nbsp;<br \/>\nThe Aphrodite art deco silver earrings combine sobriety and style with their sleek design, ideal for everyday wear. Adorned with black onyx, this lightweight pair stands out for its elegant contrast between the depth of the stone and the textured details. Inspired by the geometric lines of the '20s, these earrings offer a discreet touch of originality for those who appreciate jewelry that's refined without being too showy.<br \/>\n&nbsp;<br \/>\n&gt; <strong>Material<\/strong> Genuine sterling silver, hallmarked 925<br \/>\n&gt; <strong>Stones<\/strong> onyx and marcasite<br \/>\n&gt; Total length: 3 cm<br \/>\n&gt; <strong>Delivery<\/strong> available in France<br \/>\n&gt; <strong>\u00c9crin<\/strong> Valkyrie offert<br \/>\n&gt; Jewelry <strong>guaranteed<\/strong> one year against manufacturing defects<br \/>\n&gt; Loops <strong>hypoallergenic<\/strong><\/p>","protected":false},"featured_media":228723,"template":"","meta":{"_et_pb_use_builder":"","_et_pb_old_content":"","_et_gb_content_width":""},"product_brand":[],"product_cat":[168],"product_tag":[],"class_list":{"0":"post-223522","1":"product","2":"type-product","3":"status-publish","4":"has-post-thumbnail","6":"product_cat-boucles-d-oreilles-art-deco","8":"first","9":"instock","10":"shipping-taxable","11":"purchasable","12":"product-type-simple"},"yoast_head":"<!-- This site is optimized with the Yoast SEO plugin v26.9 - https:\/\/yoast.com\/product\/yoast-seo-wordpress\/ -->\n<title>Boucles d&#039;oreilles art d\u00e9co - onyx - mod\u00e8le Aphrodite -<\/title>\n<meta name=\"description\" content=\"Craquez pour le charme intemporel des boucles d&#039;oreilles art d\u00e9co en onyx. Elles se portent au quotidien gr\u00e2ce \u00e0 leur design discret.\" \/>\n<meta name=\"robots\" content=\"index, follow, max-snippet:-1, max-image-preview:large, max-video-preview:-1\" \/>\n<link rel=\"canonical\" href=\"https:\/\/valkyrieparis-bijoux.fr\/en\/boucles-d-oreilles-art-deco\/boucles-doreilles-art-deco-onyx-noir\/\" \/>\n<meta property=\"og:locale\" content=\"en_US\" \/>\n<meta property=\"og:type\" content=\"article\" \/>\n<meta property=\"og:title\" content=\"Boucles d&#039;oreilles art d\u00e9co - onyx - mod\u00e8le Aphrodite -\" \/>\n<meta property=\"og:description\" content=\"Craquez pour le charme intemporel des boucles d&#039;oreilles art d\u00e9co en onyx. Elles se portent au quotidien gr\u00e2ce \u00e0 leur design discret.\" \/>\n<meta property=\"og:url\" content=\"https:\/\/valkyrieparis-bijoux.fr\/en\/boucles-d-oreilles-art-deco\/boucles-doreilles-art-deco-onyx-noir\/\" \/>\n<meta property=\"og:site_name\" content=\"Valkyrie Paris\" \/>\n<meta property=\"article:publisher\" content=\"https:\/\/www.facebook.com\/ValkyrieParis\" \/>\n<meta property=\"article:modified_time\" content=\"2026-03-23T10:24:56+00:00\" \/>\n<meta property=\"og:image\" content=\"https:\/\/valkyrieparis-bijoux.fr\/wp-content\/uploads\/2025\/03\/89E7B0B3-C1B6-4C36-AC20-D311058CB247.jpg\" \/>\n\t<meta property=\"og:image:width\" content=\"1700\" \/>\n\t<meta property=\"og:image:height\" content=\"1700\" \/>\n\t<meta property=\"og:image:type\" content=\"image\/jpeg\" \/>\n<meta name=\"twitter:label1\" content=\"Est. reading time\" \/>\n\t<meta name=\"twitter:data1\" content=\"2 minutes\" \/>\n<script type=\"application\/ld+json\" class=\"yoast-schema-graph\">{\"@context\":\"https:\/\/schema.org\",\"@graph\":[{\"@type\":\"WebPage\",\"@id\":\"https:\/\/valkyrieparis-bijoux.fr\/en\/boucles-d-oreilles-art-deco\/boucles-doreilles-art-deco-onyx-noir\/\",\"url\":\"https:\/\/valkyrieparis-bijoux.fr\/en\/boucles-d-oreilles-art-deco\/boucles-doreilles-art-deco-onyx-noir\/\",\"name\":\"Boucles d'oreilles art d\u00e9co - onyx - mod\u00e8le Aphrodite -\",\"isPartOf\":{\"@id\":\"https:\/\/valkyrieparis-bijoux.fr\/en\/#website\"},\"primaryImageOfPage\":{\"@id\":\"https:\/\/valkyrieparis-bijoux.fr\/en\/boucles-d-oreilles-art-deco\/boucles-doreilles-art-deco-onyx-noir\/#primaryimage\"},\"image\":{\"@id\":\"https:\/\/valkyrieparis-bijoux.fr\/en\/boucles-d-oreilles-art-deco\/boucles-doreilles-art-deco-onyx-noir\/#primaryimage\"},\"thumbnailUrl\":\"https:\/\/valkyrieparis-bijoux.fr\/wp-content\/uploads\/2025\/03\/89E7B0B3-C1B6-4C36-AC20-D311058CB247.jpg\",\"datePublished\":\"2023-02-01T15:34:07+00:00\",\"dateModified\":\"2026-03-23T10:24:56+00:00\",\"description\":\"Craquez pour le charme intemporel des boucles d'oreilles art d\u00e9co en onyx. Elles se portent au quotidien gr\u00e2ce \u00e0 leur design discret.\",\"breadcrumb\":{\"@id\":\"https:\/\/valkyrieparis-bijoux.fr\/en\/boucles-d-oreilles-art-deco\/boucles-doreilles-art-deco-onyx-noir\/#breadcrumb\"},\"inLanguage\":\"en-US\",\"potentialAction\":[{\"@type\":\"ReadAction\",\"target\":[\"https:\/\/valkyrieparis-bijoux.fr\/en\/boucles-d-oreilles-art-deco\/boucles-doreilles-art-deco-onyx-noir\/\"]}]},{\"@type\":\"ImageObject\",\"inLanguage\":\"en-US\",\"@id\":\"https:\/\/valkyrieparis-bijoux.fr\/en\/boucles-d-oreilles-art-deco\/boucles-doreilles-art-deco-onyx-noir\/#primaryimage\",\"url\":\"https:\/\/valkyrieparis-bijoux.fr\/wp-content\/uploads\/2025\/03\/89E7B0B3-C1B6-4C36-AC20-D311058CB247.jpg\",\"contentUrl\":\"https:\/\/valkyrieparis-bijoux.fr\/wp-content\/uploads\/2025\/03\/89E7B0B3-C1B6-4C36-AC20-D311058CB247.jpg\",\"width\":1700,\"height\":1700,\"caption\":\"boucles-doreilles-art-deco-onyx\"},{\"@type\":\"BreadcrumbList\",\"@id\":\"https:\/\/valkyrieparis-bijoux.fr\/en\/boucles-d-oreilles-art-deco\/boucles-doreilles-art-deco-onyx-noir\/#breadcrumb\",\"itemListElement\":[{\"@type\":\"ListItem\",\"position\":1,\"name\":\"Boutique\",\"item\":\"https:\/\/valkyrieparis-bijoux.fr\/boutique-valkyrie\/\"},{\"@type\":\"ListItem\",\"position\":2,\"name\":\"Boucles d&rsquo;oreilles art d\u00e9co &#8211; onyx &#8211; mod\u00e8le Aphrodite\"}]},{\"@type\":\"WebSite\",\"@id\":\"https:\/\/valkyrieparis-bijoux.fr\/en\/#website\",\"url\":\"https:\/\/valkyrieparis-bijoux.fr\/en\/\",\"name\":\"Valkyrie Paris\",\"description\":\"Cr\u00e9ateurs de Bijoux Art D\u00e9co\",\"publisher\":{\"@id\":\"https:\/\/valkyrieparis-bijoux.fr\/en\/#organization\"},\"potentialAction\":[{\"@type\":\"SearchAction\",\"target\":{\"@type\":\"EntryPoint\",\"urlTemplate\":\"https:\/\/valkyrieparis-bijoux.fr\/en\/?s={search_term_string}\"},\"query-input\":{\"@type\":\"PropertyValueSpecification\",\"valueRequired\":true,\"valueName\":\"search_term_string\"}}],\"inLanguage\":\"en-US\"},{\"@type\":\"Organization\",\"@id\":\"https:\/\/valkyrieparis-bijoux.fr\/en\/#organization\",\"name\":\"Valkyrie Paris\",\"url\":\"https:\/\/valkyrieparis-bijoux.fr\/en\/\",\"logo\":{\"@type\":\"ImageObject\",\"inLanguage\":\"en-US\",\"@id\":\"https:\/\/valkyrieparis-bijoux.fr\/en\/#\/schema\/logo\/image\/\",\"url\":\"https:\/\/valkyrieparis-bijoux.fr\/wp-content\/uploads\/2021\/03\/Valkyrie_logo_noir-2.png\",\"contentUrl\":\"https:\/\/valkyrieparis-bijoux.fr\/wp-content\/uploads\/2021\/03\/Valkyrie_logo_noir-2.png\",\"width\":1000,\"height\":321,\"caption\":\"Valkyrie Paris\"},\"image\":{\"@id\":\"https:\/\/valkyrieparis-bijoux.fr\/en\/#\/schema\/logo\/image\/\"},\"sameAs\":[\"https:\/\/www.facebook.com\/ValkyrieParis\",\"https:\/\/www.instagram.com\/valkyrieparis\/\",\"https:\/\/www.pinterest.fr\/ValkyrieParis\/_created\/\"]}]}<\/script>\n<!-- \/ Yoast SEO plugin. -->","yoast_head_json":{"title":"Art deco earrings - onyx - Aphrodite model -","description":"Fall for the timeless charm of art deco onyx earrings. Their discreet design makes them ideal for everyday wear.","robots":{"index":"index","follow":"follow","max-snippet":"max-snippet:-1","max-image-preview":"max-image-preview:large","max-video-preview":"max-video-preview:-1"},"canonical":"https:\/\/valkyrieparis-bijoux.fr\/en\/boucles-d-oreilles-art-deco\/boucles-doreilles-art-deco-onyx-noir\/","og_locale":"en_US","og_type":"article","og_title":"Boucles d'oreilles art d\u00e9co - onyx - mod\u00e8le Aphrodite -","og_description":"Craquez pour le charme intemporel des boucles d'oreilles art d\u00e9co en onyx. Elles se portent au quotidien gr\u00e2ce \u00e0 leur design discret.","og_url":"https:\/\/valkyrieparis-bijoux.fr\/en\/boucles-d-oreilles-art-deco\/boucles-doreilles-art-deco-onyx-noir\/","og_site_name":"Valkyrie Paris","article_publisher":"https:\/\/www.facebook.com\/ValkyrieParis","article_modified_time":"2026-03-23T10:24:56+00:00","og_image":[{"width":1700,"height":1700,"url":"https:\/\/valkyrieparis-bijoux.fr\/wp-content\/uploads\/2025\/03\/89E7B0B3-C1B6-4C36-AC20-D311058CB247.jpg","type":"image\/jpeg"}],"twitter_misc":{"Est. reading time":"2 minutes"},"schema":{"@context":"https:\/\/schema.org","@graph":[{"@type":"WebPage","@id":"https:\/\/valkyrieparis-bijoux.fr\/en\/boucles-d-oreilles-art-deco\/boucles-doreilles-art-deco-onyx-noir\/","url":"https:\/\/valkyrieparis-bijoux.fr\/en\/boucles-d-oreilles-art-deco\/boucles-doreilles-art-deco-onyx-noir\/","name":"Art deco earrings - onyx - Aphrodite model -","isPartOf":{"@id":"https:\/\/valkyrieparis-bijoux.fr\/en\/#website"},"primaryImageOfPage":{"@id":"https:\/\/valkyrieparis-bijoux.fr\/en\/boucles-d-oreilles-art-deco\/boucles-doreilles-art-deco-onyx-noir\/#primaryimage"},"image":{"@id":"https:\/\/valkyrieparis-bijoux.fr\/en\/boucles-d-oreilles-art-deco\/boucles-doreilles-art-deco-onyx-noir\/#primaryimage"},"thumbnailUrl":"https:\/\/valkyrieparis-bijoux.fr\/wp-content\/uploads\/2025\/03\/89E7B0B3-C1B6-4C36-AC20-D311058CB247.jpg","datePublished":"2023-02-01T15:34:07+00:00","dateModified":"2026-03-23T10:24:56+00:00","description":"Fall for the timeless charm of art deco onyx earrings. Their discreet design makes them ideal for everyday wear.","breadcrumb":{"@id":"https:\/\/valkyrieparis-bijoux.fr\/en\/boucles-d-oreilles-art-deco\/boucles-doreilles-art-deco-onyx-noir\/#breadcrumb"},"inLanguage":"en-US","potentialAction":[{"@type":"ReadAction","target":["https:\/\/valkyrieparis-bijoux.fr\/en\/boucles-d-oreilles-art-deco\/boucles-doreilles-art-deco-onyx-noir\/"]}]},{"@type":"ImageObject","inLanguage":"en-US","@id":"https:\/\/valkyrieparis-bijoux.fr\/en\/boucles-d-oreilles-art-deco\/boucles-doreilles-art-deco-onyx-noir\/#primaryimage","url":"https:\/\/valkyrieparis-bijoux.fr\/wp-content\/uploads\/2025\/03\/89E7B0B3-C1B6-4C36-AC20-D311058CB247.jpg","contentUrl":"https:\/\/valkyrieparis-bijoux.fr\/wp-content\/uploads\/2025\/03\/89E7B0B3-C1B6-4C36-AC20-D311058CB247.jpg","width":1700,"height":1700,"caption":"boucles-doreilles-art-deco-onyx"},{"@type":"BreadcrumbList","@id":"https:\/\/valkyrieparis-bijoux.fr\/en\/boucles-d-oreilles-art-deco\/boucles-doreilles-art-deco-onyx-noir\/#breadcrumb","itemListElement":[{"@type":"ListItem","position":1,"name":"Boutique","item":"https:\/\/valkyrieparis-bijoux.fr\/boutique-valkyrie\/"},{"@type":"ListItem","position":2,"name":"Boucles d&rsquo;oreilles art d\u00e9co &#8211; onyx &#8211; mod\u00e8le Aphrodite"}]},{"@type":"WebSite","@id":"https:\/\/valkyrieparis-bijoux.fr\/en\/#website","url":"https:\/\/valkyrieparis-bijoux.fr\/en\/","name":"Valkyrie Paris","description":"Art Deco Jewellery Designers","publisher":{"@id":"https:\/\/valkyrieparis-bijoux.fr\/en\/#organization"},"potentialAction":[{"@type":"SearchAction","target":{"@type":"EntryPoint","urlTemplate":"https:\/\/valkyrieparis-bijoux.fr\/en\/?s={search_term_string}"},"query-input":{"@type":"PropertyValueSpecification","valueRequired":true,"valueName":"search_term_string"}}],"inLanguage":"en-US"},{"@type":"Organization","@id":"https:\/\/valkyrieparis-bijoux.fr\/en\/#organization","name":"Valkyrie Paris","url":"https:\/\/valkyrieparis-bijoux.fr\/en\/","logo":{"@type":"ImageObject","inLanguage":"en-US","@id":"https:\/\/valkyrieparis-bijoux.fr\/en\/#\/schema\/logo\/image\/","url":"https:\/\/valkyrieparis-bijoux.fr\/wp-content\/uploads\/2021\/03\/Valkyrie_logo_noir-2.png","contentUrl":"https:\/\/valkyrieparis-bijoux.fr\/wp-content\/uploads\/2021\/03\/Valkyrie_logo_noir-2.png","width":1000,"height":321,"caption":"Valkyrie Paris"},"image":{"@id":"https:\/\/valkyrieparis-bijoux.fr\/en\/#\/schema\/logo\/image\/"},"sameAs":["https:\/\/www.facebook.com\/ValkyrieParis","https:\/\/www.instagram.com\/valkyrieparis\/","https:\/\/www.pinterest.fr\/ValkyrieParis\/_created\/"]}]}},"_links":{"self":[{"href":"https:\/\/valkyrieparis-bijoux.fr\/en\/wp-json\/wp\/v2\/product\/223522","targetHints":{"allow":["GET"]}}],"collection":[{"href":"https:\/\/valkyrieparis-bijoux.fr\/en\/wp-json\/wp\/v2\/product"}],"about":[{"href":"https:\/\/valkyrieparis-bijoux.fr\/en\/wp-json\/wp\/v2\/types\/product"}],"wp:featuredmedia":[{"embeddable":true,"href":"https:\/\/valkyrieparis-bijoux.fr\/en\/wp-json\/wp\/v2\/media\/228723"}],"wp:attachment":[{"href":"https:\/\/valkyrieparis-bijoux.fr\/en\/wp-json\/wp\/v2\/media?parent=223522"}],"wp:term":[{"taxonomy":"product_brand","embeddable":true,"href":"https:\/\/valkyrieparis-bijoux.fr\/en\/wp-json\/wp\/v2\/product_brand?post=223522"},{"taxonomy":"product_cat","embeddable":true,"href":"https:\/\/valkyrieparis-bijoux.fr\/en\/wp-json\/wp\/v2\/product_cat?post=223522"},{"taxonomy":"product_tag","embeddable":true,"href":"https:\/\/valkyrieparis-bijoux.fr\/en\/wp-json\/wp\/v2\/product_tag?post=223522"}],"curies":[{"name":"wp","href":"https:\/\/api.w.org\/{rel}","templated":true}]}}