{"id":223438,"date":"2023-01-26T11:51:59","date_gmt":"2023-01-26T10:51:59","guid":{"rendered":"https:\/\/valkyrieparis-bijoux.fr\/?post_type=product&#038;p=223438"},"modified":"2026-02-03T14:22:48","modified_gmt":"2026-02-03T13:22:48","slug":"bague-art-deco-sertie-de-trois-topazes-modele-orion","status":"publish","type":"product","link":"https:\/\/valkyrieparis-bijoux.fr\/en\/bagues-art-deco\/bague-art-deco-sertie-de-trois-topazes-modele-orion\/","title":{"rendered":"Art deco ring - topaz - Orion model"},"content":{"rendered":"<p>[et_pb_section fb_built=\u00a0\u00bb1&Prime; _builder_version=\u00a0\u00bb4.16&Prime; custom_padding=\u00a0\u00bb0px||||false|false\u00a0\u00bb global_colors_info=\u00a0\u00bb{}\u00a0\u00bb][et_pb_row _builder_version=\u00a0\u00bb4.16&Prime; background_size=\u00a0\u00bbinitial\u00a0\u00bb background_position=\u00a0\u00bbtop_left\u00a0\u00bb background_repeat=\u00a0\u00bbrepeat\u00a0\u00bb width=\u00a0\u00bb100%\u00a0\u00bb custom_padding=\u00a0\u00bb0px||0px||false|false\u00a0\u00bb global_colors_info=\u00a0\u00bb{}\u00a0\u00bb][et_pb_column type=\u00a0\u00bb4_4&Prime; _builder_version=\u00a0\u00bb4.16&Prime; custom_padding=\u00a0\u00bb|||\u00a0\u00bb global_colors_info=\u00a0\u00bb{}\u00a0\u00bb custom_padding__hover=\u00a0\u00bb|||\u00a0\u00bb][et_pb_wc_breadcrumb _builder_version=\u00a0\u00bb4.16&Prime; global_colors_info=\u00a0\u00bb{}\u00a0\u00bb][\/et_pb_wc_breadcrumb][\/et_pb_column][\/et_pb_row][et_pb_row column_structure=\u00a0\u00bb1_2,1_2&Prime; _builder_version=\u00a0\u00bb4.16&Prime; background_size=\u00a0\u00bbinitial\u00a0\u00bb background_position=\u00a0\u00bbtop_left\u00a0\u00bb background_repeat=\u00a0\u00bbrepeat\u00a0\u00bb width=\u00a0\u00bb100%\u00a0\u00bb custom_padding=\u00a0\u00bb0px||||false|false\u00a0\u00bb global_colors_info=\u00a0\u00bb{}\u00a0\u00bb][et_pb_column type=\u00a0\u00bb1_2&Prime; _builder_version=\u00a0\u00bb4.16&Prime; custom_padding=\u00a0\u00bb|||\u00a0\u00bb global_colors_info=\u00a0\u00bb{}\u00a0\u00bb custom_padding__hover=\u00a0\u00bb|||\u00a0\u00bb][et_pb_wc_images _builder_version=\u00a0\u00bb4.16&Prime; global_colors_info=\u00a0\u00bb{}\u00a0\u00bb][\/et_pb_wc_images][\/et_pb_column][et_pb_column type=\u00a0\u00bb1_2&Prime; _builder_version=\u00a0\u00bb4.16&Prime; custom_padding=\u00a0\u00bb|||\u00a0\u00bb global_colors_info=\u00a0\u00bb{}\u00a0\u00bb custom_padding__hover=\u00a0\u00bb|||\u00a0\u00bb][et_pb_wc_title _builder_version=\u00a0\u00bb4.16&Prime; global_colors_info=\u00a0\u00bb{}\u00a0\u00bb][\/et_pb_wc_title][et_pb_code _builder_version=\u00a0\u00bb4.24.0&Prime; _module_preset=\u00a0\u00bbdefault\u00a0\u00bb global_colors_info=\u00a0\u00bb{}\u00a0\u00bb]<\/p>\n<div id=\"sagWidgetSummary\"><\/div>\n<p>[\/et_pb_code][et_pb_wc_rating _builder_version=\u00a0\u00bb4.16&Prime; global_colors_info=\u00a0\u00bb{}\u00a0\u00bb][\/et_pb_wc_rating][et_pb_wc_price _builder_version=\u00a0\u00bb4.16&Prime; global_colors_info=\u00a0\u00bb{}\u00a0\u00bb][\/et_pb_wc_price][et_pb_wc_description _builder_version=\u00a0\u00bb4.16&Prime; global_colors_info=\u00a0\u00bb{}\u00a0\u00bb][\/et_pb_wc_description][et_pb_wc_add_to_cart _builder_version=\u00a0\u00bb4.16&Prime; global_colors_info=\u00a0\u00bb{}\u00a0\u00bb][\/et_pb_wc_add_to_cart][et_pb_wc_meta _builder_version=\u00a0\u00bb4.16&Prime; global_colors_info=\u00a0\u00bb{}\u00a0\u00bb][\/et_pb_wc_meta][\/et_pb_column][\/et_pb_row][et_pb_row _builder_version=\u00a0\u00bb4.16&Prime; background_size=\u00a0\u00bbinitial\u00a0\u00bb background_position=\u00a0\u00bbtop_left\u00a0\u00bb background_repeat=\u00a0\u00bbrepeat\u00a0\u00bb width=\u00a0\u00bb100%\u00a0\u00bb global_colors_info=\u00a0\u00bb{}\u00a0\u00bb][et_pb_column type=\u00a0\u00bb4_4&Prime; _builder_version=\u00a0\u00bb4.16&Prime; custom_padding=\u00a0\u00bb|||\u00a0\u00bb global_colors_info=\u00a0\u00bb{}\u00a0\u00bb custom_padding__hover=\u00a0\u00bb|||\u00a0\u00bb][et_pb_wc_tabs _builder_version=\u00a0\u00bb4.16&Prime; global_colors_info=\u00a0\u00bb{}\u00a0\u00bb]\t\t\t\t\t[\/et_pb_wc_tabs][et_pb_wc_upsells _builder_version=\u00a0\u00bb4.16&Prime; global_colors_info=\u00a0\u00bb{}\u00a0\u00bb][\/et_pb_wc_upsells][et_pb_wc_related_products _builder_version=\u00a0\u00bb4.16&Prime; global_colors_info=\u00a0\u00bb{}\u00a0\u00bb][\/et_pb_wc_related_products][et_pb_wc_cart_notice admin_label=\u00a0\u00bbAvis Woo\u00a0\u00bb _builder_version=\u00a0\u00bb4.24.0&Prime; global_colors_info=\u00a0\u00bb{}\u00a0\u00bb][\/et_pb_wc_cart_notice][et_pb_code admin_label=\u00a0\u00bbCode\u00a0\u00bb _builder_version=\u00a0\u00bb4.24.0&Prime; _module_preset=\u00a0\u00bbdefault\u00a0\u00bb global_colors_info=\u00a0\u00bb{}\u00a0\u00bb]<\/p>\n<div id=\"sagProductReviews\"><\/div>\n<p><!-- [et_pb_line_break_holder] --><\/p>\n<div id=\"sagWidgetSummary\"><\/div>\n<p><!-- [et_pb_line_break_holder] --><script type=\"text\/javascript\"><!-- [et_pb_line_break_holder] -->window.onload = function () {<!-- [et_pb_line_break_holder] --> if (document.getElementById(\"ag-s\")) {<!-- [et_pb_line_break_holder] --> var sagProductReviews = document.getElementById(\"ag-s\");<!-- [et_pb_line_break_holder] --> document.getElementById(\"sagProductReviews\").appendChild(sagProductReviews);<!-- [et_pb_line_break_holder] --> sagProductReviews.setAttribute(\"style\", \"display:block !important;\");<!-- [et_pb_line_break_holder] --> }<!-- [et_pb_line_break_holder] -->if (document.getElementById(\"agWidgetH\")) {<!-- [et_pb_line_break_holder] --> var sagWidgetSummary = document.getElementById(\"agWidgetH\");<!-- [et_pb_line_break_holder] --> document.getElementById(\"sagWidgetSummary\").appendChild(sagWidgetSummary);<!-- [et_pb_line_break_holder] --> sagWidgetSummary.setAttribute(\"style\", \"display:block !important;\");<!-- [et_pb_line_break_holder] --> }<!-- [et_pb_line_break_holder] -->}<!-- [et_pb_line_break_holder] --><\/script><!-- [et_pb_line_break_holder] -->[\/et_pb_code][\/et_pb_column][\/et_pb_row][\/et_pb_section]<\/p>\n","protected":false},"excerpt":{"rendered":"<a rel=\"noreferrer\" href=\"https:\/\/valkyrieparis-bijoux.fr\/wp-content\/uploads\/2023\/01\/bague-art-deco-topaze-marcassites.mp4\" class=\"vp-a vp-mp4-type vp-modal-click vp-modal-click_shortcode\">Discover the jewel in video<\/a>\n<p>This magnificent sterling silver ring is set with three genuine blue topazes, which will illuminate your hand with elegance. Their deep color and natural brilliance are enhanced by the finesse of the sterling silver ring. This art deco ring is a perfect choice to add a touch of color to your jewelry collection or to give as a gift to a loved one.<\/p>\n<p>&gt; <strong>Material<\/strong> and <strong>stone<\/strong> silver, blue topaz, marcasite<br \/>\n&gt; <strong>Dimensions<\/strong> 1.2 cm (length) x 1.8 cm (width)<br \/>\n&gt; <strong>Delivery<\/strong> free of charge in France<br \/>\n&gt; <strong>\u00c9crin<\/strong> Valkyrie offert<br \/>\n&gt; Ring <strong>warranty<\/strong> one year against manufacturing defects<br \/>\n&gt; Ring <strong>hypoallergenic<\/strong><\/p>","protected":false},"featured_media":224097,"template":"","meta":{"_et_pb_use_builder":"on","_et_pb_old_content":"<h2>Bague art d\u00e9co en argent, topaze et marcassites intemporelle et de qualit\u00e9<\/h2>\r\nVous voulez acheter une belle bague de <strong>style ancien<\/strong> authentique, sans devoir assister \u00e0 une vente aux ench\u00e8res ou aller dans une vente de bijoux anciens\u00a0? Sur Valkyrie, vous pourrez trouver votre bonheur. Vous ne pouvez pas rester indiff\u00e9rent au charme et \u00e0 la sensualit\u00e9 de cette magnifique bague art d\u00e9co en argent massif. Nous l'ornons de trois pierres de topaze en forme carr\u00e9e et <strong>serties griffes<\/strong>. Son anneau est incrust\u00e9 d\u2019un pavage en marcassites qui donne \u00e0 la fois un aspect vieilli et plus de brillance. L\u2019effet bicolore des deux gemmes les met encore plus en valeur. Son d<strong>esign imposant<\/strong>, avec ses formes g\u00e9om\u00e9triques, peut \u00eatre port\u00e9e comme chevali\u00e8re par les hommes. Mais elle peut tout aussi bien apporter du glamour dans le look d\u2019une femme.\r\n\r\nLa <strong>topaze<\/strong> est une gemme exceptionnelle, mais vous pourrez aussi choisir parmi nos diff\u00e9rentes pierres fines d\u2019une grande puret\u00e9 comme le lapis-lazuli, le turquoise, la nacre, le <a href=\"https:\/\/valkyrieparis-bijoux.fr\/bagues-art-deco\/bague-art-deco-semele\/\">grenat<\/a>, et bien d\u2019autres.\u00a0Cette <strong>bague vintage<\/strong> peut se porter \u00e0 toutes les occasions. Elle peut vite devenir l\u2019accessoire incontournable de votre bo\u00eete \u00e0 bijoux. Elle peut aussi se d\u00e9cliner en diff\u00e9rentes pierres pr\u00e9cieuses et semi-pr\u00e9cieuses comme la topaze, le p\u00e9ridot, la citrine. Mais \u00e9galement l\u2019onyx, l\u2019\u00e9meraude, le saphir, la cornaline et bien d\u2019autres. Elle peut aussi \u00eatre une excellente id\u00e9e cadeau, c\u2019est une bague de qualit\u00e9 en argent massif 925 milli\u00e8mes, inoxydable et <strong>hypoallerg\u00e9nique<\/strong> pour un confort optimal. Vous pourrez v\u00e9rifier la composition de ses m\u00e9taux pr\u00e9cieux \u00e0 travers le poin\u00e7on. Elle peut d\u2019ailleurs \u00eatre ajust\u00e9e \u00e0 votre tour de doigt. Il vous suffit de nous \u00e9crire pour avoir une taille sup\u00e9rieure ou inf\u00e9rieure.\r\n\r\nNous vous la remettrons dans un \u00e9crin avec le certificat d\u2019authenticit\u00e9. Vous n\u2019aurez pas \u00e0 vous d\u00e9placer, nous offrons la livraison \u00e0 domicile. Nous avons aussi un large choix de bijoux pour vous permettre de composer une <strong>parure<\/strong> avec la <strong>pierre<\/strong> de votre choix. Jetez un \u0153il sur notre collection de colliers, de pendentifs, de boucles d\u2019oreilles. Mais aussi de bracelets, de manchette, de gourmette orn\u00e9es de pierres en taille brillant. Mais \u00e9galement en taille poire, en taille baguette, en taille coussin, en taille princesse. Toutes aussi \u00e9poustouflantes les unes que les autres.\r\n<h2>La bague art d\u00e9co en topaze inspire la confiance, la loyaut\u00e9, la stabilit\u00e9<\/h2>\r\nSi cette bague a attir\u00e9 votre attention, ce n\u2019est pas seulement gr\u00e2ce \u00e0 son style qui rappelle la <strong>Belle-\u00c9poque<\/strong> et qui s\u2019apparente \u00e0 la Haute Joaillerie de la Place Vend\u00f4me. C\u2019est aussi sa couleur bleue apaisante qui symbolise la confiance, la loyaut\u00e9, la stabilit\u00e9 qui refl\u00e8te un certain bien-\u00eatre. C\u2019est aussi une <strong>pierre authentique<\/strong> qui a de r\u00e9elles vertus physiques et psychiques. Elle peut stimuler la circulation sanguine, avoir un effet cicatrisant, aider \u00e0 surmonter le stress et l\u2019angoisse. Chaque gemme que nos joaillers utilisent ont des bienfaits particuliers comme le quartz, la tourmaline, l\u2019opale, l\u2019aigu\u00eb-marine, etc.\r\n\r\nSi vous recherchez un <strong>bijou art d\u00e9co<\/strong> original qui symbolise la f\u00e9minit\u00e9, la finesse, l\u2019<strong>\u00e9l\u00e9gance<\/strong> et la sensualit\u00e9, nous avons aussi de nombreux mod\u00e8les de bagues fantaisies. T\u00e9moignant tous du savoir-faire exceptionnel de nos bijoutiers. La bague fleur, la bague <a href=\"https:\/\/valkyrieparis-bijoux.fr\/bagues-tank\">tank<\/a>, la bague marquise, la bague marguerite illumineront instantan\u00e9ment votre tenue. Pour un meilleur effet, vous ne devez porter qu\u2019une de ses bagues imposantes \u00e0 la fois et les associer avec des bijoux plus fins et discrets. Pour les grandes occasions comme un mariage, des <strong>fian\u00e7ailles<\/strong>, des soir\u00e9es importantes, vous pourrez opter pour le style plus sobre de la bague \u00e9ternit\u00e9. Mais \u00e9galement de la bague \u2018toi et moi\u2019, la bague solitaire ou la bague trilogie.","_et_gb_content_width":""},"product_brand":[],"product_cat":[29],"product_tag":[],"class_list":{"0":"post-223438","1":"product","2":"type-product","3":"status-publish","4":"has-post-thumbnail","6":"product_cat-bagues-art-deco","8":"first","9":"instock","10":"shipping-taxable","11":"purchasable","12":"product-type-variable"},"yoast_head":"<!-- This site is optimized with the Yoast SEO plugin v26.9 - https:\/\/yoast.com\/product\/yoast-seo-wordpress\/ -->\n<title>Bague art d\u00e9co - topaze - mod\u00e8le Orion - Valkyrie Paris<\/title>\n<meta name=\"description\" content=\"Cette bague art d\u00e9co est un choix parfait pour ajouter une touche de couleur \u00e0 votre bo\u00eete \u00e0 bijoux ou pour offrir en cadeau \u00e0 un \u00eatre cher.\" \/>\n<meta name=\"robots\" content=\"index, follow, max-snippet:-1, max-image-preview:large, max-video-preview:-1\" \/>\n<link rel=\"canonical\" href=\"https:\/\/valkyrieparis-bijoux.fr\/en\/bagues-art-deco\/bague-art-deco-sertie-de-trois-topazes-modele-orion\/\" \/>\n<meta property=\"og:locale\" content=\"en_US\" \/>\n<meta property=\"og:type\" content=\"article\" \/>\n<meta property=\"og:title\" content=\"Bague art d\u00e9co - topaze - mod\u00e8le Orion - Valkyrie Paris\" \/>\n<meta property=\"og:description\" content=\"Cette bague art d\u00e9co est un choix parfait pour ajouter une touche de couleur \u00e0 votre bo\u00eete \u00e0 bijoux ou pour offrir en cadeau \u00e0 un \u00eatre cher.\" \/>\n<meta property=\"og:url\" content=\"https:\/\/valkyrieparis-bijoux.fr\/en\/bagues-art-deco\/bague-art-deco-sertie-de-trois-topazes-modele-orion\/\" \/>\n<meta property=\"og:site_name\" content=\"Valkyrie Paris\" \/>\n<meta property=\"article:publisher\" content=\"https:\/\/www.facebook.com\/ValkyrieParis\" \/>\n<meta property=\"article:modified_time\" content=\"2026-02-03T13:22:48+00:00\" \/>\n<meta property=\"og:image\" content=\"https:\/\/valkyrieparis-bijoux.fr\/wp-content\/uploads\/2023\/09\/IMG_0847.jpg\" \/>\n\t<meta property=\"og:image:width\" content=\"1500\" \/>\n\t<meta property=\"og:image:height\" content=\"1500\" \/>\n\t<meta property=\"og:image:type\" content=\"image\/jpeg\" \/>\n<meta name=\"twitter:label1\" content=\"Est. reading time\" \/>\n\t<meta name=\"twitter:data1\" content=\"5 minutes\" \/>\n<script type=\"application\/ld+json\" class=\"yoast-schema-graph\">{\"@context\":\"https:\/\/schema.org\",\"@graph\":[{\"@type\":\"WebPage\",\"@id\":\"https:\/\/valkyrieparis-bijoux.fr\/en\/bagues-art-deco\/bague-art-deco-sertie-de-trois-topazes-modele-orion\/\",\"url\":\"https:\/\/valkyrieparis-bijoux.fr\/en\/bagues-art-deco\/bague-art-deco-sertie-de-trois-topazes-modele-orion\/\",\"name\":\"Bague art d\u00e9co - topaze - mod\u00e8le Orion - Valkyrie Paris\",\"isPartOf\":{\"@id\":\"https:\/\/valkyrieparis-bijoux.fr\/en\/#website\"},\"primaryImageOfPage\":{\"@id\":\"https:\/\/valkyrieparis-bijoux.fr\/en\/bagues-art-deco\/bague-art-deco-sertie-de-trois-topazes-modele-orion\/#primaryimage\"},\"image\":{\"@id\":\"https:\/\/valkyrieparis-bijoux.fr\/en\/bagues-art-deco\/bague-art-deco-sertie-de-trois-topazes-modele-orion\/#primaryimage\"},\"thumbnailUrl\":\"https:\/\/valkyrieparis-bijoux.fr\/wp-content\/uploads\/2023\/09\/IMG_0847.jpg\",\"datePublished\":\"2023-01-26T10:51:59+00:00\",\"dateModified\":\"2026-02-03T13:22:48+00:00\",\"description\":\"Cette bague art d\u00e9co est un choix parfait pour ajouter une touche de couleur \u00e0 votre bo\u00eete \u00e0 bijoux ou pour offrir en cadeau \u00e0 un \u00eatre cher.\",\"breadcrumb\":{\"@id\":\"https:\/\/valkyrieparis-bijoux.fr\/en\/bagues-art-deco\/bague-art-deco-sertie-de-trois-topazes-modele-orion\/#breadcrumb\"},\"inLanguage\":\"en-US\",\"potentialAction\":[{\"@type\":\"ReadAction\",\"target\":[\"https:\/\/valkyrieparis-bijoux.fr\/en\/bagues-art-deco\/bague-art-deco-sertie-de-trois-topazes-modele-orion\/\"]}]},{\"@type\":\"ImageObject\",\"inLanguage\":\"en-US\",\"@id\":\"https:\/\/valkyrieparis-bijoux.fr\/en\/bagues-art-deco\/bague-art-deco-sertie-de-trois-topazes-modele-orion\/#primaryimage\",\"url\":\"https:\/\/valkyrieparis-bijoux.fr\/wp-content\/uploads\/2023\/09\/IMG_0847.jpg\",\"contentUrl\":\"https:\/\/valkyrieparis-bijoux.fr\/wp-content\/uploads\/2023\/09\/IMG_0847.jpg\",\"width\":1500,\"height\":1500,\"caption\":\"bague-art-deco-pierre-bleue\"},{\"@type\":\"BreadcrumbList\",\"@id\":\"https:\/\/valkyrieparis-bijoux.fr\/en\/bagues-art-deco\/bague-art-deco-sertie-de-trois-topazes-modele-orion\/#breadcrumb\",\"itemListElement\":[{\"@type\":\"ListItem\",\"position\":1,\"name\":\"Boutique\",\"item\":\"https:\/\/valkyrieparis-bijoux.fr\/boutique-valkyrie\/\"},{\"@type\":\"ListItem\",\"position\":2,\"name\":\"Bague art d\u00e9co &#8211; topaze &#8211; mod\u00e8le Orion\"}]},{\"@type\":\"WebSite\",\"@id\":\"https:\/\/valkyrieparis-bijoux.fr\/en\/#website\",\"url\":\"https:\/\/valkyrieparis-bijoux.fr\/en\/\",\"name\":\"Valkyrie Paris\",\"description\":\"Cr\u00e9ateurs de Bijoux Art D\u00e9co\",\"publisher\":{\"@id\":\"https:\/\/valkyrieparis-bijoux.fr\/en\/#organization\"},\"potentialAction\":[{\"@type\":\"SearchAction\",\"target\":{\"@type\":\"EntryPoint\",\"urlTemplate\":\"https:\/\/valkyrieparis-bijoux.fr\/en\/?s={search_term_string}\"},\"query-input\":{\"@type\":\"PropertyValueSpecification\",\"valueRequired\":true,\"valueName\":\"search_term_string\"}}],\"inLanguage\":\"en-US\"},{\"@type\":\"Organization\",\"@id\":\"https:\/\/valkyrieparis-bijoux.fr\/en\/#organization\",\"name\":\"Valkyrie Paris\",\"url\":\"https:\/\/valkyrieparis-bijoux.fr\/en\/\",\"logo\":{\"@type\":\"ImageObject\",\"inLanguage\":\"en-US\",\"@id\":\"https:\/\/valkyrieparis-bijoux.fr\/en\/#\/schema\/logo\/image\/\",\"url\":\"https:\/\/valkyrieparis-bijoux.fr\/wp-content\/uploads\/2021\/03\/Valkyrie_logo_noir-2.png\",\"contentUrl\":\"https:\/\/valkyrieparis-bijoux.fr\/wp-content\/uploads\/2021\/03\/Valkyrie_logo_noir-2.png\",\"width\":1000,\"height\":321,\"caption\":\"Valkyrie Paris\"},\"image\":{\"@id\":\"https:\/\/valkyrieparis-bijoux.fr\/en\/#\/schema\/logo\/image\/\"},\"sameAs\":[\"https:\/\/www.facebook.com\/ValkyrieParis\",\"https:\/\/www.instagram.com\/valkyrieparis\/\",\"https:\/\/www.pinterest.fr\/ValkyrieParis\/_created\/\"]}]}<\/script>\n<!-- \/ Yoast SEO plugin. -->","yoast_head_json":{"title":"Art deco ring - topaz - Orion model - Valkyrie Paris","description":"This art deco ring is a perfect choice to add a touch of color to your jewelry box or to give as a gift to a loved one.","robots":{"index":"index","follow":"follow","max-snippet":"max-snippet:-1","max-image-preview":"max-image-preview:large","max-video-preview":"max-video-preview:-1"},"canonical":"https:\/\/valkyrieparis-bijoux.fr\/en\/bagues-art-deco\/bague-art-deco-sertie-de-trois-topazes-modele-orion\/","og_locale":"en_US","og_type":"article","og_title":"Bague art d\u00e9co - topaze - mod\u00e8le Orion - Valkyrie Paris","og_description":"Cette bague art d\u00e9co est un choix parfait pour ajouter une touche de couleur \u00e0 votre bo\u00eete \u00e0 bijoux ou pour offrir en cadeau \u00e0 un \u00eatre cher.","og_url":"https:\/\/valkyrieparis-bijoux.fr\/en\/bagues-art-deco\/bague-art-deco-sertie-de-trois-topazes-modele-orion\/","og_site_name":"Valkyrie Paris","article_publisher":"https:\/\/www.facebook.com\/ValkyrieParis","article_modified_time":"2026-02-03T13:22:48+00:00","og_image":[{"width":1500,"height":1500,"url":"https:\/\/valkyrieparis-bijoux.fr\/wp-content\/uploads\/2023\/09\/IMG_0847.jpg","type":"image\/jpeg"}],"twitter_misc":{"Est. reading time":"5 minutes"},"schema":{"@context":"https:\/\/schema.org","@graph":[{"@type":"WebPage","@id":"https:\/\/valkyrieparis-bijoux.fr\/en\/bagues-art-deco\/bague-art-deco-sertie-de-trois-topazes-modele-orion\/","url":"https:\/\/valkyrieparis-bijoux.fr\/en\/bagues-art-deco\/bague-art-deco-sertie-de-trois-topazes-modele-orion\/","name":"Art deco ring - topaz - Orion model - Valkyrie Paris","isPartOf":{"@id":"https:\/\/valkyrieparis-bijoux.fr\/en\/#website"},"primaryImageOfPage":{"@id":"https:\/\/valkyrieparis-bijoux.fr\/en\/bagues-art-deco\/bague-art-deco-sertie-de-trois-topazes-modele-orion\/#primaryimage"},"image":{"@id":"https:\/\/valkyrieparis-bijoux.fr\/en\/bagues-art-deco\/bague-art-deco-sertie-de-trois-topazes-modele-orion\/#primaryimage"},"thumbnailUrl":"https:\/\/valkyrieparis-bijoux.fr\/wp-content\/uploads\/2023\/09\/IMG_0847.jpg","datePublished":"2023-01-26T10:51:59+00:00","dateModified":"2026-02-03T13:22:48+00:00","description":"This art deco ring is a perfect choice to add a touch of color to your jewelry box or to give as a gift to a loved one.","breadcrumb":{"@id":"https:\/\/valkyrieparis-bijoux.fr\/en\/bagues-art-deco\/bague-art-deco-sertie-de-trois-topazes-modele-orion\/#breadcrumb"},"inLanguage":"en-US","potentialAction":[{"@type":"ReadAction","target":["https:\/\/valkyrieparis-bijoux.fr\/en\/bagues-art-deco\/bague-art-deco-sertie-de-trois-topazes-modele-orion\/"]}]},{"@type":"ImageObject","inLanguage":"en-US","@id":"https:\/\/valkyrieparis-bijoux.fr\/en\/bagues-art-deco\/bague-art-deco-sertie-de-trois-topazes-modele-orion\/#primaryimage","url":"https:\/\/valkyrieparis-bijoux.fr\/wp-content\/uploads\/2023\/09\/IMG_0847.jpg","contentUrl":"https:\/\/valkyrieparis-bijoux.fr\/wp-content\/uploads\/2023\/09\/IMG_0847.jpg","width":1500,"height":1500,"caption":"bague-art-deco-pierre-bleue"},{"@type":"BreadcrumbList","@id":"https:\/\/valkyrieparis-bijoux.fr\/en\/bagues-art-deco\/bague-art-deco-sertie-de-trois-topazes-modele-orion\/#breadcrumb","itemListElement":[{"@type":"ListItem","position":1,"name":"Boutique","item":"https:\/\/valkyrieparis-bijoux.fr\/boutique-valkyrie\/"},{"@type":"ListItem","position":2,"name":"Bague art d\u00e9co &#8211; topaze &#8211; mod\u00e8le Orion"}]},{"@type":"WebSite","@id":"https:\/\/valkyrieparis-bijoux.fr\/en\/#website","url":"https:\/\/valkyrieparis-bijoux.fr\/en\/","name":"Valkyrie Paris","description":"Art Deco Jewellery Designers","publisher":{"@id":"https:\/\/valkyrieparis-bijoux.fr\/en\/#organization"},"potentialAction":[{"@type":"SearchAction","target":{"@type":"EntryPoint","urlTemplate":"https:\/\/valkyrieparis-bijoux.fr\/en\/?s={search_term_string}"},"query-input":{"@type":"PropertyValueSpecification","valueRequired":true,"valueName":"search_term_string"}}],"inLanguage":"en-US"},{"@type":"Organization","@id":"https:\/\/valkyrieparis-bijoux.fr\/en\/#organization","name":"Valkyrie Paris","url":"https:\/\/valkyrieparis-bijoux.fr\/en\/","logo":{"@type":"ImageObject","inLanguage":"en-US","@id":"https:\/\/valkyrieparis-bijoux.fr\/en\/#\/schema\/logo\/image\/","url":"https:\/\/valkyrieparis-bijoux.fr\/wp-content\/uploads\/2021\/03\/Valkyrie_logo_noir-2.png","contentUrl":"https:\/\/valkyrieparis-bijoux.fr\/wp-content\/uploads\/2021\/03\/Valkyrie_logo_noir-2.png","width":1000,"height":321,"caption":"Valkyrie Paris"},"image":{"@id":"https:\/\/valkyrieparis-bijoux.fr\/en\/#\/schema\/logo\/image\/"},"sameAs":["https:\/\/www.facebook.com\/ValkyrieParis","https:\/\/www.instagram.com\/valkyrieparis\/","https:\/\/www.pinterest.fr\/ValkyrieParis\/_created\/"]}]}},"_links":{"self":[{"href":"https:\/\/valkyrieparis-bijoux.fr\/en\/wp-json\/wp\/v2\/product\/223438","targetHints":{"allow":["GET"]}}],"collection":[{"href":"https:\/\/valkyrieparis-bijoux.fr\/en\/wp-json\/wp\/v2\/product"}],"about":[{"href":"https:\/\/valkyrieparis-bijoux.fr\/en\/wp-json\/wp\/v2\/types\/product"}],"wp:featuredmedia":[{"embeddable":true,"href":"https:\/\/valkyrieparis-bijoux.fr\/en\/wp-json\/wp\/v2\/media\/224097"}],"wp:attachment":[{"href":"https:\/\/valkyrieparis-bijoux.fr\/en\/wp-json\/wp\/v2\/media?parent=223438"}],"wp:term":[{"taxonomy":"product_brand","embeddable":true,"href":"https:\/\/valkyrieparis-bijoux.fr\/en\/wp-json\/wp\/v2\/product_brand?post=223438"},{"taxonomy":"product_cat","embeddable":true,"href":"https:\/\/valkyrieparis-bijoux.fr\/en\/wp-json\/wp\/v2\/product_cat?post=223438"},{"taxonomy":"product_tag","embeddable":true,"href":"https:\/\/valkyrieparis-bijoux.fr\/en\/wp-json\/wp\/v2\/product_tag?post=223438"}],"curies":[{"name":"wp","href":"https:\/\/api.w.org\/{rel}","templated":true}]}}