{"id":223415,"date":"2023-01-20T10:25:27","date_gmt":"2023-01-20T09:25:27","guid":{"rendered":"https:\/\/valkyrieparis-bijoux.fr\/?post_type=product&#038;p=223415"},"modified":"2026-03-30T12:38:11","modified_gmt":"2026-03-30T11:38:11","slug":"bague-art-deco-argent-et-agate-verte-modele-circe","status":"publish","type":"product","link":"https:\/\/valkyrieparis-bijoux.fr\/en\/bagues-art-deco\/bague-art-deco-argent-et-agate-verte\/","title":{"rendered":"Bague art d\u00e9co &#8211; agate &#8211; mod\u00e8le Circ\u00e9"},"content":{"rendered":"<h2>Une bague art d\u00e9co en argent, agate verte et marcassites tout en \u00e9l\u00e9gance<\/h2>\n<p>Would you like a ring that is both slender and imposing? This beautiful <strong>art deco ring<\/strong> a un anneau fin orn\u00e9 d\u2019une pierre principale en agate verte de forme hexagonale qui a un certain style de cabochon. Elle est entour\u00e9e de marcassites en pavage. Cela fait penser \u00e0 la brillance des diamants. Ce bijou de style ancien est appr\u00e9ci\u00e9e pour son <strong>geometric design<\/strong> reminiscent of Belle-\u00c9poque architecture. Its lines are clean and uncluttered. A two-tone effect is often used to contrast and enhance colored stones. These include citrine, emerald, topaz, onyx, sapphire, carnelian, peridot and more.<\/p>\n<p>Our <strong>jewelers<\/strong> are also highly creative, as you'll see from the many ring models in our catalogs. You'll fall under the spell of our fantasy rings such as the daisy ring, the flower ring, the marquise ring, the ring of the <a href=\"https:\/\/valkyrieparis-bijoux.fr\/en\/bagues-tank\/\">tank<\/a>. We also have different engagement ring models and even wedding rings. Like the 'toi et moi' ring, the eternity ring, the trilogy ring or the solitaire ring. Our rings are made of solid 925 thousandths silver for optimum brilliance. This precious metal is also rustproof and hypoallergenic. To find out what it's made of, just take a look at its <strong>punch<\/strong>. Each ring can also be adjusted to fit the size of your finger, allowing you to choose the ring you prefer. <strong>gift idea<\/strong> for a loved one. If you require a larger or smaller size than those suggested, please write to us.<\/p>\n<h2>An art deco ring similar to those used by the Haute Joaillerie de la Place Vend\u00f4me<\/h2>\n<p>Visit <strong>vintage rings<\/strong> are today synonymous with modernity and retro style. Women's art nouveau rings add glamour and elegance to any outfit. If, on the other hand, your look is more sober and discreet, this will be the essential accessory to highlight your personality and make you unique. Our rings are high quality, original and timeless. They will be delivered to you in a <strong>case<\/strong> avec le certificat d\u2019authenticit\u00e9. Sur leurs <strong>frames<\/strong>, vous pourrez observer des pierres fines comme le quartz, l\u2019opale, l\u2019aigu\u00eb-marine, la tourmaline, les perles de culture, et bien d&rsquo;autres.<\/p>\n<p>All our <strong>precious stones<\/strong> and semi-precious stones retain all the purity of the gem. You'll be able to take full advantage of their <strong>virtues<\/strong>. En portant l&rsquo;agate sur vous, vous aurez plus de chance de d\u00e9velopper des relations saines, vous ferez preuve de plus de tol\u00e9rance. De plus, l&rsquo;agate peut apporter de l\u2019\u00e9quilibre. Si vous voulez acheter une bague, vous pourrez aussi la choisir en fonction de la gemme ou du sertissage. Parmi nos mod\u00e8les, vous pourrez aussi trouver votre pierre de pr\u00e9dilection comme la nacre, le lapis-lazuli, le turquoise, le grenat, etc. Elle peut \u00eatre en taille brillant, en taille baguette, en taille princesse, en taille coussin. Vous pourrez aussi vous constituer une <strong>set<\/strong> with our extensive <strong>necklace collection<\/strong>bracelets, cuff links, curb chains, bracelets <a href=\"https:\/\/valkyrieparis-bijoux.fr\/en\/boucles-d-oreilles-art-deco\/boucles-doreilles-art-deco-diana\/\">loops<\/a> earrings to match your skin tone, eye color, make-up, etc.<\/p>","protected":false},"excerpt":{"rendered":"<p><a rel=\"noreferrer\" href=\"https:\/\/valkyrieparis-bijoux.fr\/wp-content\/uploads\/2025\/01\/Bague-agate-verte-argent.mp4\" class=\"vp-a vp-mp4-type vp-modal-click vp-modal-click_shortcode\">Discover the jewel in video<\/a><br \/>\n&nbsp;<br \/>\nCette merveilleuse bague en argent est orn\u00e9e d\u2019agate verte v\u00e9ritable et de marcassites scintillantes. L\u2019agate est une pierre connue pour sa signification symbolique de sagesse et d\u2019\u00e9quilibre \u00e9motionnel, tandis que les marcassites ajoutent une touche de brillance et de glamour. La bague art d\u00e9co Circ\u00e9 est parfaite pour toutes les occasions, que ce soit pour un usage quotidien ou pour une soir\u00e9e habill\u00e9e. Elle est \u00e9l\u00e9gante et intemporelle, et sera un ajout pr\u00e9cieux \u00e0 toute collection de bijoux.<br \/>\n&nbsp;<br \/>\n&gt; <strong>Material<\/strong> Genuine sterling silver, hallmarked 925<br \/>\n&gt; <strong>Stones<\/strong> : agate verte, marcassites<br \/>\n&gt; <strong>Dimensions<\/strong> : 2,3 cm (longueur) x 1,7 cm (largeur)<br \/>\n&gt; <strong>Delivery<\/strong> free of charge in France<br \/>\n&gt; <strong>\u00c9crin<\/strong> Valkyrie offert<br \/>\n&gt; Ring <strong>warranty<\/strong> one year against manufacturing defects<br \/>\n&gt; Ring <strong>hypoallergenic<\/strong><\/p>","protected":false},"featured_media":228289,"template":"","meta":{"_et_pb_use_builder":"","_et_pb_old_content":"<h2>Une bague art d\u00e9co en argent, agate verte et marcassites tout en \u00e9l\u00e9gance<\/h2>\r\nVous souhaitez avoir une bague fine et imposante \u00e0 la fois\u00a0? Cette magnifique <strong>bague art d\u00e9co<\/strong> a un anneau fin orn\u00e9 d\u2019une pierre principale en agate verte de forme hexagonale qui a un certain style de cabochon. Elle est entour\u00e9e de marcassites en pavage. Cela fait penser \u00e0 la brillance des diamants. Ce bijou de style ancien est appr\u00e9ci\u00e9e pour son <strong>design g\u00e9om\u00e9trique<\/strong> qui rappelle les architectures de la Belle-\u00c9poque. Ses lignes sont nettes et \u00e9pur\u00e9es. Il y a souvent un effet bicolore afin de contraster et de mieux mettre en valeur les pierres de couleur. Comme la citrine, l\u2019\u00e9meraude, la topaze, l\u2019onyx, le saphir, la cornaline, le p\u00e9ridot, etc.\r\n\r\nNos <strong>joaillers<\/strong> font aussi preuve d\u2019une grande cr\u00e9ativit\u00e9 que vous constaterez \u00e0 travers les nombreux mod\u00e8les de bagues dans nos catalogues. Vous tomberez sous le charme de nos bagues fantaisies comme la bague marguerite, la bague fleur, la bague marquise, la bague <a href=\"https:\/\/valkyrieparis-bijoux.fr\/bagues-tank\">tank<\/a>. Nous avons aussi diff\u00e9rents mod\u00e8les de bague de fian\u00e7ailles et m\u00eame des alliances de mariage. Comme la bague \u2018toi et moi\u2019, la bague \u00e9ternit\u00e9, la bague trilogie ou encore la\u00a0bague solitaire. Nos bagues sont en argent massif 925 milli\u00e8mes pour une brillance optimale. Ce m\u00e9tal pr\u00e9cieux est aussi inoxydable et hypoallerg\u00e9nique. Pour en conna\u00eetre la composition, vous aurez juste \u00e0 jeter un \u0153il sur son <strong>poin\u00e7on<\/strong>. Chaque bague peut par ailleurs \u00eatre ajust\u00e9e au tour de doigt, vous pourrez la choisir comme <strong>id\u00e9e-cadeau<\/strong> pour une personne ch\u00e8re. Si vous avez besoin d\u2019une taille sup\u00e9rieure ou inf\u00e9rieure \u00e0 celles propos\u00e9es, n\u2019h\u00e9sitez pas \u00e0 nous \u00e9crire.\r\n<h2>Une bague art d\u00e9co semblable \u00e0 celles de la Haute Joaillerie de la Place Vend\u00f4me<\/h2>\r\nLes <strong>bagues vintage<\/strong> sont aujourd\u2019hui synonymes de modernit\u00e9 tout en ayant un style r\u00e9tro. Les bagues pour femme qui datent de l\u2019art nouveau apportent du glamour et de l\u2019\u00e9l\u00e9gance \u00e0 une tenue. Si par contre, votre allure est plut\u00f4t sobre et discr\u00e8te, ce sera l\u2019accessoire indispensable pour mettre votre personnalit\u00e9 en avant et vous rendre unique. Nos bagues sont de grande qualit\u00e9, originales et intemporelles. Elles vous seront remises dans un <strong>\u00e9crin<\/strong> avec le certificat d\u2019authenticit\u00e9. Sur leurs <strong>montures<\/strong>, vous pourrez observer des pierres fines comme le quartz, l\u2019opale, l\u2019aigu\u00eb-marine, la tourmaline, les perles de culture, et bien d'autres.\r\n\r\nL\u2019ensemble de nos <strong>pierres pr\u00e9cieuses<\/strong> et semi-pr\u00e9cieuses conservent toute la puret\u00e9 de la gemme. Vous pourrez alors profiter pleinement de leurs <strong>vertus<\/strong>. En portant l'agate sur vous, vous aurez plus de chance de d\u00e9velopper des relations saines, vous ferez preuve de plus de tol\u00e9rance. De plus, l'agate peut apporter de l\u2019\u00e9quilibre. Si vous voulez acheter une bague, vous pourrez aussi la choisir en fonction de la gemme ou du sertissage. Parmi nos mod\u00e8les, vous pourrez aussi trouver votre pierre de pr\u00e9dilection comme la nacre, le lapis-lazuli, le turquoise, le grenat, etc. Elle peut \u00eatre en taille brillant, en taille baguette, en taille princesse, en taille coussin. Vous pourrez aussi vous constituer une <strong>parure<\/strong> avec notre large <strong>collection de colliers<\/strong>, de bracelets, de manchette, de gourmette, de <a href=\"https:\/\/valkyrieparis-bijoux.fr\/boucles-d-oreilles-art-deco\/boucles-doreilles-art-deco-diana\/\/\">boucles<\/a> d\u2019oreilles qui s\u2019accorderont \u00e0 merveille \u00e0 votre teint, la couleur de vos yeux, de votre maquillage, etc.","_et_gb_content_width":""},"product_brand":[],"product_cat":[29],"product_tag":[],"class_list":{"0":"post-223415","1":"product","2":"type-product","3":"status-publish","4":"has-post-thumbnail","6":"product_cat-bagues-art-deco","8":"first","9":"instock","10":"shipping-taxable","11":"purchasable","12":"product-type-variable"},"yoast_head":"<!-- This site is optimized with the Yoast SEO plugin v26.9 - https:\/\/yoast.com\/product\/yoast-seo-wordpress\/ -->\n<title>Bague art d\u00e9co - agate - mod\u00e8le Circ\u00e9 - Valkyrie Paris<\/title>\n<meta name=\"description\" content=\"La bague art d\u00e9co Circ\u00e9 est parfaite pour toutes les occasions, que ce soit pour un usage quotidien ou pour une soir\u00e9e habill\u00e9e.\" \/>\n<meta name=\"robots\" content=\"index, follow, max-snippet:-1, max-image-preview:large, max-video-preview:-1\" \/>\n<link rel=\"canonical\" href=\"https:\/\/valkyrieparis-bijoux.fr\/en\/bagues-art-deco\/bague-art-deco-argent-et-agate-verte\/\" \/>\n<meta property=\"og:locale\" content=\"en_US\" \/>\n<meta property=\"og:type\" content=\"article\" \/>\n<meta property=\"og:title\" content=\"Bague art d\u00e9co - agate - mod\u00e8le Circ\u00e9 - Valkyrie Paris\" \/>\n<meta property=\"og:description\" content=\"La bague art d\u00e9co Circ\u00e9 est parfaite pour toutes les occasions, que ce soit pour un usage quotidien ou pour une soir\u00e9e habill\u00e9e.\" \/>\n<meta property=\"og:url\" content=\"https:\/\/valkyrieparis-bijoux.fr\/en\/bagues-art-deco\/bague-art-deco-argent-et-agate-verte\/\" \/>\n<meta property=\"og:site_name\" content=\"Valkyrie Paris\" \/>\n<meta property=\"article:publisher\" content=\"https:\/\/www.facebook.com\/ValkyrieParis\" \/>\n<meta property=\"article:modified_time\" content=\"2026-03-30T11:38:11+00:00\" \/>\n<meta property=\"og:image\" content=\"https:\/\/valkyrieparis-bijoux.fr\/wp-content\/uploads\/2025\/01\/5911FAEE-DE6D-496A-9FF7-3F5FD66CB810.jpeg\" \/>\n\t<meta property=\"og:image:width\" content=\"1700\" \/>\n\t<meta property=\"og:image:height\" content=\"1700\" \/>\n\t<meta property=\"og:image:type\" content=\"image\/jpeg\" \/>\n<meta name=\"twitter:label1\" content=\"Est. reading time\" \/>\n\t<meta name=\"twitter:data1\" content=\"3 minutes\" \/>\n<script type=\"application\/ld+json\" class=\"yoast-schema-graph\">{\"@context\":\"https:\/\/schema.org\",\"@graph\":[{\"@type\":\"WebPage\",\"@id\":\"https:\/\/valkyrieparis-bijoux.fr\/en\/bagues-art-deco\/bague-art-deco-argent-et-agate-verte\/\",\"url\":\"https:\/\/valkyrieparis-bijoux.fr\/en\/bagues-art-deco\/bague-art-deco-argent-et-agate-verte\/\",\"name\":\"Bague art d\u00e9co - agate - mod\u00e8le Circ\u00e9 - Valkyrie Paris\",\"isPartOf\":{\"@id\":\"https:\/\/valkyrieparis-bijoux.fr\/en\/#website\"},\"primaryImageOfPage\":{\"@id\":\"https:\/\/valkyrieparis-bijoux.fr\/en\/bagues-art-deco\/bague-art-deco-argent-et-agate-verte\/#primaryimage\"},\"image\":{\"@id\":\"https:\/\/valkyrieparis-bijoux.fr\/en\/bagues-art-deco\/bague-art-deco-argent-et-agate-verte\/#primaryimage\"},\"thumbnailUrl\":\"https:\/\/valkyrieparis-bijoux.fr\/wp-content\/uploads\/2025\/01\/5911FAEE-DE6D-496A-9FF7-3F5FD66CB810.jpeg\",\"datePublished\":\"2023-01-20T09:25:27+00:00\",\"dateModified\":\"2026-03-30T11:38:11+00:00\",\"description\":\"La bague art d\u00e9co Circ\u00e9 est parfaite pour toutes les occasions, que ce soit pour un usage quotidien ou pour une soir\u00e9e habill\u00e9e.\",\"breadcrumb\":{\"@id\":\"https:\/\/valkyrieparis-bijoux.fr\/en\/bagues-art-deco\/bague-art-deco-argent-et-agate-verte\/#breadcrumb\"},\"inLanguage\":\"en-US\",\"potentialAction\":[{\"@type\":\"ReadAction\",\"target\":[\"https:\/\/valkyrieparis-bijoux.fr\/en\/bagues-art-deco\/bague-art-deco-argent-et-agate-verte\/\"]}]},{\"@type\":\"ImageObject\",\"inLanguage\":\"en-US\",\"@id\":\"https:\/\/valkyrieparis-bijoux.fr\/en\/bagues-art-deco\/bague-art-deco-argent-et-agate-verte\/#primaryimage\",\"url\":\"https:\/\/valkyrieparis-bijoux.fr\/wp-content\/uploads\/2025\/01\/5911FAEE-DE6D-496A-9FF7-3F5FD66CB810.jpeg\",\"contentUrl\":\"https:\/\/valkyrieparis-bijoux.fr\/wp-content\/uploads\/2025\/01\/5911FAEE-DE6D-496A-9FF7-3F5FD66CB810.jpeg\",\"width\":1700,\"height\":1700,\"caption\":\"bague-art-deco-pierre-veritable\"},{\"@type\":\"BreadcrumbList\",\"@id\":\"https:\/\/valkyrieparis-bijoux.fr\/en\/bagues-art-deco\/bague-art-deco-argent-et-agate-verte\/#breadcrumb\",\"itemListElement\":[{\"@type\":\"ListItem\",\"position\":1,\"name\":\"Boutique\",\"item\":\"https:\/\/valkyrieparis-bijoux.fr\/boutique-valkyrie\/\"},{\"@type\":\"ListItem\",\"position\":2,\"name\":\"Bague art d\u00e9co &#8211; agate &#8211; mod\u00e8le Circ\u00e9\"}]},{\"@type\":\"WebSite\",\"@id\":\"https:\/\/valkyrieparis-bijoux.fr\/en\/#website\",\"url\":\"https:\/\/valkyrieparis-bijoux.fr\/en\/\",\"name\":\"Valkyrie Paris\",\"description\":\"Cr\u00e9ateurs de Bijoux Art D\u00e9co\",\"publisher\":{\"@id\":\"https:\/\/valkyrieparis-bijoux.fr\/en\/#organization\"},\"potentialAction\":[{\"@type\":\"SearchAction\",\"target\":{\"@type\":\"EntryPoint\",\"urlTemplate\":\"https:\/\/valkyrieparis-bijoux.fr\/en\/?s={search_term_string}\"},\"query-input\":{\"@type\":\"PropertyValueSpecification\",\"valueRequired\":true,\"valueName\":\"search_term_string\"}}],\"inLanguage\":\"en-US\"},{\"@type\":\"Organization\",\"@id\":\"https:\/\/valkyrieparis-bijoux.fr\/en\/#organization\",\"name\":\"Valkyrie Paris\",\"url\":\"https:\/\/valkyrieparis-bijoux.fr\/en\/\",\"logo\":{\"@type\":\"ImageObject\",\"inLanguage\":\"en-US\",\"@id\":\"https:\/\/valkyrieparis-bijoux.fr\/en\/#\/schema\/logo\/image\/\",\"url\":\"https:\/\/valkyrieparis-bijoux.fr\/wp-content\/uploads\/2021\/03\/Valkyrie_logo_noir-2.png\",\"contentUrl\":\"https:\/\/valkyrieparis-bijoux.fr\/wp-content\/uploads\/2021\/03\/Valkyrie_logo_noir-2.png\",\"width\":1000,\"height\":321,\"caption\":\"Valkyrie Paris\"},\"image\":{\"@id\":\"https:\/\/valkyrieparis-bijoux.fr\/en\/#\/schema\/logo\/image\/\"},\"sameAs\":[\"https:\/\/www.facebook.com\/ValkyrieParis\",\"https:\/\/www.instagram.com\/valkyrieparis\/\",\"https:\/\/www.pinterest.fr\/ValkyrieParis\/_created\/\"]}]}<\/script>\n<!-- \/ Yoast SEO plugin. -->","yoast_head_json":{"title":"Bague art d\u00e9co - agate - mod\u00e8le Circ\u00e9 - Valkyrie Paris","description":"La bague art d\u00e9co Circ\u00e9 est parfaite pour toutes les occasions, que ce soit pour un usage quotidien ou pour une soir\u00e9e habill\u00e9e.","robots":{"index":"index","follow":"follow","max-snippet":"max-snippet:-1","max-image-preview":"max-image-preview:large","max-video-preview":"max-video-preview:-1"},"canonical":"https:\/\/valkyrieparis-bijoux.fr\/en\/bagues-art-deco\/bague-art-deco-argent-et-agate-verte\/","og_locale":"en_US","og_type":"article","og_title":"Bague art d\u00e9co - agate - mod\u00e8le Circ\u00e9 - Valkyrie Paris","og_description":"La bague art d\u00e9co Circ\u00e9 est parfaite pour toutes les occasions, que ce soit pour un usage quotidien ou pour une soir\u00e9e habill\u00e9e.","og_url":"https:\/\/valkyrieparis-bijoux.fr\/en\/bagues-art-deco\/bague-art-deco-argent-et-agate-verte\/","og_site_name":"Valkyrie Paris","article_publisher":"https:\/\/www.facebook.com\/ValkyrieParis","article_modified_time":"2026-03-30T11:38:11+00:00","og_image":[{"width":1700,"height":1700,"url":"https:\/\/valkyrieparis-bijoux.fr\/wp-content\/uploads\/2025\/01\/5911FAEE-DE6D-496A-9FF7-3F5FD66CB810.jpeg","type":"image\/jpeg"}],"twitter_misc":{"Est. reading time":"3 minutes"},"schema":{"@context":"https:\/\/schema.org","@graph":[{"@type":"WebPage","@id":"https:\/\/valkyrieparis-bijoux.fr\/en\/bagues-art-deco\/bague-art-deco-argent-et-agate-verte\/","url":"https:\/\/valkyrieparis-bijoux.fr\/en\/bagues-art-deco\/bague-art-deco-argent-et-agate-verte\/","name":"Bague art d\u00e9co - agate - mod\u00e8le Circ\u00e9 - Valkyrie Paris","isPartOf":{"@id":"https:\/\/valkyrieparis-bijoux.fr\/en\/#website"},"primaryImageOfPage":{"@id":"https:\/\/valkyrieparis-bijoux.fr\/en\/bagues-art-deco\/bague-art-deco-argent-et-agate-verte\/#primaryimage"},"image":{"@id":"https:\/\/valkyrieparis-bijoux.fr\/en\/bagues-art-deco\/bague-art-deco-argent-et-agate-verte\/#primaryimage"},"thumbnailUrl":"https:\/\/valkyrieparis-bijoux.fr\/wp-content\/uploads\/2025\/01\/5911FAEE-DE6D-496A-9FF7-3F5FD66CB810.jpeg","datePublished":"2023-01-20T09:25:27+00:00","dateModified":"2026-03-30T11:38:11+00:00","description":"La bague art d\u00e9co Circ\u00e9 est parfaite pour toutes les occasions, que ce soit pour un usage quotidien ou pour une soir\u00e9e habill\u00e9e.","breadcrumb":{"@id":"https:\/\/valkyrieparis-bijoux.fr\/en\/bagues-art-deco\/bague-art-deco-argent-et-agate-verte\/#breadcrumb"},"inLanguage":"en-US","potentialAction":[{"@type":"ReadAction","target":["https:\/\/valkyrieparis-bijoux.fr\/en\/bagues-art-deco\/bague-art-deco-argent-et-agate-verte\/"]}]},{"@type":"ImageObject","inLanguage":"en-US","@id":"https:\/\/valkyrieparis-bijoux.fr\/en\/bagues-art-deco\/bague-art-deco-argent-et-agate-verte\/#primaryimage","url":"https:\/\/valkyrieparis-bijoux.fr\/wp-content\/uploads\/2025\/01\/5911FAEE-DE6D-496A-9FF7-3F5FD66CB810.jpeg","contentUrl":"https:\/\/valkyrieparis-bijoux.fr\/wp-content\/uploads\/2025\/01\/5911FAEE-DE6D-496A-9FF7-3F5FD66CB810.jpeg","width":1700,"height":1700,"caption":"bague-art-deco-pierre-veritable"},{"@type":"BreadcrumbList","@id":"https:\/\/valkyrieparis-bijoux.fr\/en\/bagues-art-deco\/bague-art-deco-argent-et-agate-verte\/#breadcrumb","itemListElement":[{"@type":"ListItem","position":1,"name":"Boutique","item":"https:\/\/valkyrieparis-bijoux.fr\/boutique-valkyrie\/"},{"@type":"ListItem","position":2,"name":"Bague art d\u00e9co &#8211; agate &#8211; mod\u00e8le Circ\u00e9"}]},{"@type":"WebSite","@id":"https:\/\/valkyrieparis-bijoux.fr\/en\/#website","url":"https:\/\/valkyrieparis-bijoux.fr\/en\/","name":"Valkyrie Paris","description":"Art Deco Jewellery Designers","publisher":{"@id":"https:\/\/valkyrieparis-bijoux.fr\/en\/#organization"},"potentialAction":[{"@type":"SearchAction","target":{"@type":"EntryPoint","urlTemplate":"https:\/\/valkyrieparis-bijoux.fr\/en\/?s={search_term_string}"},"query-input":{"@type":"PropertyValueSpecification","valueRequired":true,"valueName":"search_term_string"}}],"inLanguage":"en-US"},{"@type":"Organization","@id":"https:\/\/valkyrieparis-bijoux.fr\/en\/#organization","name":"Valkyrie Paris","url":"https:\/\/valkyrieparis-bijoux.fr\/en\/","logo":{"@type":"ImageObject","inLanguage":"en-US","@id":"https:\/\/valkyrieparis-bijoux.fr\/en\/#\/schema\/logo\/image\/","url":"https:\/\/valkyrieparis-bijoux.fr\/wp-content\/uploads\/2021\/03\/Valkyrie_logo_noir-2.png","contentUrl":"https:\/\/valkyrieparis-bijoux.fr\/wp-content\/uploads\/2021\/03\/Valkyrie_logo_noir-2.png","width":1000,"height":321,"caption":"Valkyrie Paris"},"image":{"@id":"https:\/\/valkyrieparis-bijoux.fr\/en\/#\/schema\/logo\/image\/"},"sameAs":["https:\/\/www.facebook.com\/ValkyrieParis","https:\/\/www.instagram.com\/valkyrieparis\/","https:\/\/www.pinterest.fr\/ValkyrieParis\/_created\/"]}]}},"_links":{"self":[{"href":"https:\/\/valkyrieparis-bijoux.fr\/en\/wp-json\/wp\/v2\/product\/223415","targetHints":{"allow":["GET"]}}],"collection":[{"href":"https:\/\/valkyrieparis-bijoux.fr\/en\/wp-json\/wp\/v2\/product"}],"about":[{"href":"https:\/\/valkyrieparis-bijoux.fr\/en\/wp-json\/wp\/v2\/types\/product"}],"wp:featuredmedia":[{"embeddable":true,"href":"https:\/\/valkyrieparis-bijoux.fr\/en\/wp-json\/wp\/v2\/media\/228289"}],"wp:attachment":[{"href":"https:\/\/valkyrieparis-bijoux.fr\/en\/wp-json\/wp\/v2\/media?parent=223415"}],"wp:term":[{"taxonomy":"product_brand","embeddable":true,"href":"https:\/\/valkyrieparis-bijoux.fr\/en\/wp-json\/wp\/v2\/product_brand?post=223415"},{"taxonomy":"product_cat","embeddable":true,"href":"https:\/\/valkyrieparis-bijoux.fr\/en\/wp-json\/wp\/v2\/product_cat?post=223415"},{"taxonomy":"product_tag","embeddable":true,"href":"https:\/\/valkyrieparis-bijoux.fr\/en\/wp-json\/wp\/v2\/product_tag?post=223415"}],"curies":[{"name":"wp","href":"https:\/\/api.w.org\/{rel}","templated":true}]}}