{"id":223394,"date":"2023-01-19T16:37:12","date_gmt":"2023-01-19T15:37:12","guid":{"rendered":"https:\/\/valkyrieparis-bijoux.fr\/?post_type=product&#038;p=223394"},"modified":"2026-01-29T12:17:54","modified_gmt":"2026-01-29T11:17:54","slug":"bague-art-deco-tank-argent-et-amethyste-modele-meduse","status":"publish","type":"product","link":"https:\/\/valkyrieparis-bijoux.fr\/en\/bagues-art-deco\/bague-art-deco-tank-argent-et-amethyste-modele-meduse\/","title":{"rendered":"Amethyst ring - M\u00e9duse model"},"content":{"rendered":"<h1>Un bijou d&rsquo;\u00e9ternit\u00e9 : la bague art d\u00e9co en argent et am\u00e9thyste<\/h1>\n<p>L&rsquo;\u00e9cho des temps anciens se m\u00eale \u00e0 la contemporan\u00e9it\u00e9 dans le design des bijoux art d\u00e9co. Leurs attributs uniques et intemporels font de ces parures une synth\u00e8se de l&rsquo;ancien et du nouveau. Notre <strong>art deco ring in sterling silver<\/strong>with its bold geometries, is such a fusion.<\/p>\n<p>Un anneau d\u00e9di\u00e9 aux deux sexes, poss\u00e9dant la vigueur d&rsquo;une chevali\u00e8re et l&rsquo;\u00e9l\u00e9gance d&rsquo;un bijou d\u00e9licat. Le bijou est couronn\u00e9 de cinq am\u00e9thystes, taill\u00e9es comme des joyaux pr\u00e9cieux. Son allure, inspir\u00e9e de la Belle \u00c9poque, \u00e9voque la grandeur architecturale de l&rsquo;art nouveau. Ce chef-d&rsquo;\u0153uvre vous transformera, \u00e9levant votre \u00e9l\u00e9gance vers de nouveaux sommets.<\/p>\n<p>Outre l&rsquo;<a href=\"https:\/\/valkyrieparis-bijoux.fr\/en\/bagues-tank\/bague-tank-sertie-dagate-bleue-modele-electra\/\">amethyst<\/a>, ce bijou peut \u00eatre orn\u00e9 de pierres pr\u00e9cieuses et semi-pr\u00e9cieuses telles que l&rsquo;\u00e9meraude, la citrine, la topaze, l&rsquo;onyx, le zirconium ou le saphir. Le style vintage devient \u00e0 nouveau tendance, et l&rsquo;\u00e9cho de la Haute Joaillerie sur la Place Vend\u00f4me vous accompagnera.<\/p>\n<h1>Les vertus secr\u00e8tes de l&rsquo;am\u00e9thyste<\/h1>\n<p>L&rsquo;am\u00e9thyste, une pierre fine de grande puret\u00e9, est l&rsquo;\u00e9toile du ciel min\u00e9ral. Compos\u00e9e principalement de dioxyde de silicium, ce quartz violet poss\u00e8de un pouvoir secret : celui de d\u00e9tendre les muscles, d&rsquo;\u00e9vacuer le stress, de r\u00e9guler la pression. Elle peut m\u00eame att\u00e9nuer l&rsquo;acidit\u00e9 gastrique et purifier le corps apr\u00e8s des exc\u00e8s alimentaires. Porter cette pierre est un acte de soin de soi, une promesse de bien-\u00eatre quotidien.<\/p>\n<h1>Un amour \u00e9ternel : l&rsquo;argent 925 milli\u00e8mes<\/h1>\n<p>Our <a href=\"https:\/\/valkyrieparis-bijoux.fr\/en\/bagues-tank\/\">jewelers<\/a> emploient avec passion de l&rsquo;argent massif 925 milli\u00e8mes, un mat\u00e9riau durable et inoxydable. L&rsquo;anneau est hypoallerg\u00e9nique pour votre confort et peut \u00eatre ajust\u00e9 \u00e0 votre taille de doigt. Que vous ayez besoin d&rsquo;une taille plus grande ou plus petite, nous sommes \u00e0 votre \u00e9coute. C&rsquo;est plus qu&rsquo;un cadeau &#8211; c&rsquo;est une affirmation d&rsquo;amour pour une personne ch\u00e8re.<\/p>\n<p>Et si vous \u00eates attir\u00e9 par d&rsquo;autres gemmes, explorez nos variantes avec l&rsquo;opale, le quartz, la topaze, la cornaline, le grenat ou les perles de culture. Chacun de nos bijoux est une c\u00e9l\u00e9bration de la beaut\u00e9 naturelle et de la cr\u00e9ativit\u00e9 humaine.<\/p>\n<h1>Acquire finesse at an affordable price<\/h1>\n<p>Notre collection de bagues fantaisie est \u00e0 la port\u00e9e de tous. Explorez les sommets de l&rsquo;artisanat et la cr\u00e9ativit\u00e9 de nos bijoutiers. Chaque pi\u00e8ce est une d\u00e9claration de finesse, attestant de notre engagement envers l&rsquo;excellence. Votre qu\u00eate de l&rsquo;extraordinaire s&rsquo;ach\u00e8ve ici, o\u00f9 chaque choix est une c\u00e9l\u00e9bration de votre individualit\u00e9. Votre transformation personnelle commence maintenant. R\u00e9alisez votre potentiel. Transformez-vous.<\/p>\n<p><span style=\"color: #666666; font-size: 14px;\">We have necklaces <\/span><a style=\"font-size: 14px;\" href=\"https:\/\/valkyrieparis-bijoux.fr\/en\/boucles-d-oreilles-art-deco\/boucles-doreilles-art-deco-diana\/\">loops<\/a><span style=\"color: #666666; font-size: 14px;\"> earrings, bracelets and cuffs. You'll also appreciate jewels with a pav\u00e9 or a <\/span><strong style=\"color: #666666; font-size: 14px;\">crimping<\/strong><span style=\"color: #666666; font-size: 14px;\"> carnelian, mother-of-pearl, lapis lazuli, turquoise, garnet, etc.<\/span><\/p>\n<p>Our <strong>jewelers<\/strong> use 925 thousandths sterling silver and stainless steel. The ring is hypoallergenic for your comfort and can be adjusted to your finger size. If you need a size larger or smaller than the ones we offer, don't hesitate to write to us. This is a <strong>gift idea<\/strong> ideal for that special someone. If she has a favorite gemstone, you can also choose from our various variations such as opal, quartz, topaz, carnelian, garnet, cultured pearls and more.<\/p>\n<p>You can buy our<strong> fancy rings at affordable prices<\/strong>. On our site, you'll be spoilt for choice with our finely-crafted pieces that testify to the expertise and creativity of our <strong>jewelers<\/strong>.<\/p>","protected":false},"excerpt":{"rendered":"<p><a rel=\"noreferrer\" href=\"https:\/\/valkyrieparis-bijoux.fr\/wp-content\/uploads\/2023\/01\/bague-argent-amethyste.mp4\" class=\"vp-a vp-mp4-type vp-modal-click vp-modal-click_shortcode\">Discover the jewel in video<\/a><br \/>\n&nbsp;<br \/>\nEmbracing the eternal and the ephemeral, our amethyst ring rises majestically, an exquisite blend of genuine silver and sparkling amethysts. A beacon of timeless beauty, omnipresent in your jewelry setting, it embodies the perfect symbiosis of material splendor and immortal charm.<br \/>\n&nbsp;<br \/>\n&gt; <strong>Material<\/strong> and <strong>stone<\/strong> sterling silver, genuine amethyst<br \/>\n&gt; <strong>Dimensions<\/strong> 1.3 cm (length) x 2.5 cm (width)<br \/>\n&gt; <strong>Delivery<\/strong> free of charge in France<br \/>\n&gt; <strong>\u00c9crin<\/strong> Valkyrie offert<br \/>\n&gt; Ring <strong>warranty<\/strong> one year against manufacturing defects<br \/>\n&gt; Ring <strong>hypoallergenic<\/strong><\/p>","protected":false},"featured_media":223399,"template":"","meta":{"_et_pb_use_builder":"","_et_pb_old_content":"","_et_gb_content_width":""},"product_brand":[],"product_cat":[169],"product_tag":[],"class_list":{"0":"post-223394","1":"product","2":"type-product","3":"status-publish","4":"has-post-thumbnail","6":"product_cat-bagues-tank","8":"first","9":"instock","10":"shipping-taxable","11":"purchasable","12":"product-type-variable"},"yoast_head":"<!-- This site is optimized with the Yoast SEO plugin v26.9 - https:\/\/yoast.com\/product\/yoast-seo-wordpress\/ -->\n<title>Bague am\u00e9thyste - mod\u00e8le M\u00e9duse -<\/title>\n<meta name=\"description\" content=\"Plongez dans l&#039;univers captivant de notre bague am\u00e9thyste tank. Une fusion d&#039;\u00e9l\u00e9gance intemporelle et de design contemporain.\" \/>\n<meta name=\"robots\" content=\"index, follow, max-snippet:-1, max-image-preview:large, max-video-preview:-1\" \/>\n<link rel=\"canonical\" href=\"https:\/\/valkyrieparis-bijoux.fr\/en\/bagues-art-deco\/bague-art-deco-tank-argent-et-amethyste-modele-meduse\/\" \/>\n<meta property=\"og:locale\" content=\"en_US\" \/>\n<meta property=\"og:type\" content=\"article\" \/>\n<meta property=\"og:title\" content=\"Bague am\u00e9thyste - mod\u00e8le M\u00e9duse -\" \/>\n<meta property=\"og:description\" content=\"Plongez dans l&#039;univers captivant de notre bague am\u00e9thyste tank. Une fusion d&#039;\u00e9l\u00e9gance intemporelle et de design contemporain.\" \/>\n<meta property=\"og:url\" content=\"https:\/\/valkyrieparis-bijoux.fr\/en\/bagues-art-deco\/bague-art-deco-tank-argent-et-amethyste-modele-meduse\/\" \/>\n<meta property=\"og:site_name\" content=\"Valkyrie Paris\" \/>\n<meta property=\"article:publisher\" content=\"https:\/\/www.facebook.com\/ValkyrieParis\" \/>\n<meta property=\"article:modified_time\" content=\"2026-01-29T11:17:54+00:00\" \/>\n<meta property=\"og:image\" content=\"https:\/\/valkyrieparis-bijoux.fr\/wp-content\/uploads\/2023\/01\/IMG_3233.jpg\" \/>\n\t<meta property=\"og:image:width\" content=\"1500\" \/>\n\t<meta property=\"og:image:height\" content=\"1500\" \/>\n\t<meta property=\"og:image:type\" content=\"image\/jpeg\" \/>\n<meta name=\"twitter:label1\" content=\"Est. reading time\" \/>\n\t<meta name=\"twitter:data1\" content=\"4 minutes\" \/>\n<script type=\"application\/ld+json\" class=\"yoast-schema-graph\">{\"@context\":\"https:\/\/schema.org\",\"@graph\":[{\"@type\":\"WebPage\",\"@id\":\"https:\/\/valkyrieparis-bijoux.fr\/en\/bagues-art-deco\/bague-art-deco-tank-argent-et-amethyste-modele-meduse\/\",\"url\":\"https:\/\/valkyrieparis-bijoux.fr\/en\/bagues-art-deco\/bague-art-deco-tank-argent-et-amethyste-modele-meduse\/\",\"name\":\"Bague am\u00e9thyste - mod\u00e8le M\u00e9duse -\",\"isPartOf\":{\"@id\":\"https:\/\/valkyrieparis-bijoux.fr\/en\/#website\"},\"primaryImageOfPage\":{\"@id\":\"https:\/\/valkyrieparis-bijoux.fr\/en\/bagues-art-deco\/bague-art-deco-tank-argent-et-amethyste-modele-meduse\/#primaryimage\"},\"image\":{\"@id\":\"https:\/\/valkyrieparis-bijoux.fr\/en\/bagues-art-deco\/bague-art-deco-tank-argent-et-amethyste-modele-meduse\/#primaryimage\"},\"thumbnailUrl\":\"https:\/\/valkyrieparis-bijoux.fr\/wp-content\/uploads\/2023\/01\/IMG_3233.jpg\",\"datePublished\":\"2023-01-19T15:37:12+00:00\",\"dateModified\":\"2026-01-29T11:17:54+00:00\",\"description\":\"Plongez dans l'univers captivant de notre bague am\u00e9thyste tank. Une fusion d'\u00e9l\u00e9gance intemporelle et de design contemporain.\",\"breadcrumb\":{\"@id\":\"https:\/\/valkyrieparis-bijoux.fr\/en\/bagues-art-deco\/bague-art-deco-tank-argent-et-amethyste-modele-meduse\/#breadcrumb\"},\"inLanguage\":\"en-US\",\"potentialAction\":[{\"@type\":\"ReadAction\",\"target\":[\"https:\/\/valkyrieparis-bijoux.fr\/en\/bagues-art-deco\/bague-art-deco-tank-argent-et-amethyste-modele-meduse\/\"]}]},{\"@type\":\"ImageObject\",\"inLanguage\":\"en-US\",\"@id\":\"https:\/\/valkyrieparis-bijoux.fr\/en\/bagues-art-deco\/bague-art-deco-tank-argent-et-amethyste-modele-meduse\/#primaryimage\",\"url\":\"https:\/\/valkyrieparis-bijoux.fr\/wp-content\/uploads\/2023\/01\/IMG_3233.jpg\",\"contentUrl\":\"https:\/\/valkyrieparis-bijoux.fr\/wp-content\/uploads\/2023\/01\/IMG_3233.jpg\",\"width\":1500,\"height\":1500,\"caption\":\"bague-art-deco-chevaliere\"},{\"@type\":\"BreadcrumbList\",\"@id\":\"https:\/\/valkyrieparis-bijoux.fr\/en\/bagues-art-deco\/bague-art-deco-tank-argent-et-amethyste-modele-meduse\/#breadcrumb\",\"itemListElement\":[{\"@type\":\"ListItem\",\"position\":1,\"name\":\"Boutique\",\"item\":\"https:\/\/valkyrieparis-bijoux.fr\/boutique-valkyrie\/\"},{\"@type\":\"ListItem\",\"position\":2,\"name\":\"Bague am\u00e9thyste &#8211; mod\u00e8le M\u00e9duse\"}]},{\"@type\":\"WebSite\",\"@id\":\"https:\/\/valkyrieparis-bijoux.fr\/en\/#website\",\"url\":\"https:\/\/valkyrieparis-bijoux.fr\/en\/\",\"name\":\"Valkyrie Paris\",\"description\":\"Cr\u00e9ateurs de Bijoux Art D\u00e9co\",\"publisher\":{\"@id\":\"https:\/\/valkyrieparis-bijoux.fr\/en\/#organization\"},\"potentialAction\":[{\"@type\":\"SearchAction\",\"target\":{\"@type\":\"EntryPoint\",\"urlTemplate\":\"https:\/\/valkyrieparis-bijoux.fr\/en\/?s={search_term_string}\"},\"query-input\":{\"@type\":\"PropertyValueSpecification\",\"valueRequired\":true,\"valueName\":\"search_term_string\"}}],\"inLanguage\":\"en-US\"},{\"@type\":\"Organization\",\"@id\":\"https:\/\/valkyrieparis-bijoux.fr\/en\/#organization\",\"name\":\"Valkyrie Paris\",\"url\":\"https:\/\/valkyrieparis-bijoux.fr\/en\/\",\"logo\":{\"@type\":\"ImageObject\",\"inLanguage\":\"en-US\",\"@id\":\"https:\/\/valkyrieparis-bijoux.fr\/en\/#\/schema\/logo\/image\/\",\"url\":\"https:\/\/valkyrieparis-bijoux.fr\/wp-content\/uploads\/2021\/03\/Valkyrie_logo_noir-2.png\",\"contentUrl\":\"https:\/\/valkyrieparis-bijoux.fr\/wp-content\/uploads\/2021\/03\/Valkyrie_logo_noir-2.png\",\"width\":1000,\"height\":321,\"caption\":\"Valkyrie Paris\"},\"image\":{\"@id\":\"https:\/\/valkyrieparis-bijoux.fr\/en\/#\/schema\/logo\/image\/\"},\"sameAs\":[\"https:\/\/www.facebook.com\/ValkyrieParis\",\"https:\/\/www.instagram.com\/valkyrieparis\/\",\"https:\/\/www.pinterest.fr\/ValkyrieParis\/_created\/\"]}]}<\/script>\n<!-- \/ Yoast SEO plugin. -->","yoast_head_json":{"title":"Amethyst ring - Medusa design -","description":"Immerse yourself in the captivating world of our tank amethyst ring. A fusion of timeless elegance and contemporary design.","robots":{"index":"index","follow":"follow","max-snippet":"max-snippet:-1","max-image-preview":"max-image-preview:large","max-video-preview":"max-video-preview:-1"},"canonical":"https:\/\/valkyrieparis-bijoux.fr\/en\/bagues-art-deco\/bague-art-deco-tank-argent-et-amethyste-modele-meduse\/","og_locale":"en_US","og_type":"article","og_title":"Bague am\u00e9thyste - mod\u00e8le M\u00e9duse -","og_description":"Plongez dans l'univers captivant de notre bague am\u00e9thyste tank. Une fusion d'\u00e9l\u00e9gance intemporelle et de design contemporain.","og_url":"https:\/\/valkyrieparis-bijoux.fr\/en\/bagues-art-deco\/bague-art-deco-tank-argent-et-amethyste-modele-meduse\/","og_site_name":"Valkyrie Paris","article_publisher":"https:\/\/www.facebook.com\/ValkyrieParis","article_modified_time":"2026-01-29T11:17:54+00:00","og_image":[{"width":1500,"height":1500,"url":"https:\/\/valkyrieparis-bijoux.fr\/wp-content\/uploads\/2023\/01\/IMG_3233.jpg","type":"image\/jpeg"}],"twitter_misc":{"Est. reading time":"4 minutes"},"schema":{"@context":"https:\/\/schema.org","@graph":[{"@type":"WebPage","@id":"https:\/\/valkyrieparis-bijoux.fr\/en\/bagues-art-deco\/bague-art-deco-tank-argent-et-amethyste-modele-meduse\/","url":"https:\/\/valkyrieparis-bijoux.fr\/en\/bagues-art-deco\/bague-art-deco-tank-argent-et-amethyste-modele-meduse\/","name":"Amethyst ring - Medusa design -","isPartOf":{"@id":"https:\/\/valkyrieparis-bijoux.fr\/en\/#website"},"primaryImageOfPage":{"@id":"https:\/\/valkyrieparis-bijoux.fr\/en\/bagues-art-deco\/bague-art-deco-tank-argent-et-amethyste-modele-meduse\/#primaryimage"},"image":{"@id":"https:\/\/valkyrieparis-bijoux.fr\/en\/bagues-art-deco\/bague-art-deco-tank-argent-et-amethyste-modele-meduse\/#primaryimage"},"thumbnailUrl":"https:\/\/valkyrieparis-bijoux.fr\/wp-content\/uploads\/2023\/01\/IMG_3233.jpg","datePublished":"2023-01-19T15:37:12+00:00","dateModified":"2026-01-29T11:17:54+00:00","description":"Immerse yourself in the captivating world of our tank amethyst ring. A fusion of timeless elegance and contemporary design.","breadcrumb":{"@id":"https:\/\/valkyrieparis-bijoux.fr\/en\/bagues-art-deco\/bague-art-deco-tank-argent-et-amethyste-modele-meduse\/#breadcrumb"},"inLanguage":"en-US","potentialAction":[{"@type":"ReadAction","target":["https:\/\/valkyrieparis-bijoux.fr\/en\/bagues-art-deco\/bague-art-deco-tank-argent-et-amethyste-modele-meduse\/"]}]},{"@type":"ImageObject","inLanguage":"en-US","@id":"https:\/\/valkyrieparis-bijoux.fr\/en\/bagues-art-deco\/bague-art-deco-tank-argent-et-amethyste-modele-meduse\/#primaryimage","url":"https:\/\/valkyrieparis-bijoux.fr\/wp-content\/uploads\/2023\/01\/IMG_3233.jpg","contentUrl":"https:\/\/valkyrieparis-bijoux.fr\/wp-content\/uploads\/2023\/01\/IMG_3233.jpg","width":1500,"height":1500,"caption":"bague-art-deco-chevaliere"},{"@type":"BreadcrumbList","@id":"https:\/\/valkyrieparis-bijoux.fr\/en\/bagues-art-deco\/bague-art-deco-tank-argent-et-amethyste-modele-meduse\/#breadcrumb","itemListElement":[{"@type":"ListItem","position":1,"name":"Boutique","item":"https:\/\/valkyrieparis-bijoux.fr\/boutique-valkyrie\/"},{"@type":"ListItem","position":2,"name":"Bague am\u00e9thyste &#8211; mod\u00e8le M\u00e9duse"}]},{"@type":"WebSite","@id":"https:\/\/valkyrieparis-bijoux.fr\/en\/#website","url":"https:\/\/valkyrieparis-bijoux.fr\/en\/","name":"Valkyrie Paris","description":"Art Deco Jewellery Designers","publisher":{"@id":"https:\/\/valkyrieparis-bijoux.fr\/en\/#organization"},"potentialAction":[{"@type":"SearchAction","target":{"@type":"EntryPoint","urlTemplate":"https:\/\/valkyrieparis-bijoux.fr\/en\/?s={search_term_string}"},"query-input":{"@type":"PropertyValueSpecification","valueRequired":true,"valueName":"search_term_string"}}],"inLanguage":"en-US"},{"@type":"Organization","@id":"https:\/\/valkyrieparis-bijoux.fr\/en\/#organization","name":"Valkyrie Paris","url":"https:\/\/valkyrieparis-bijoux.fr\/en\/","logo":{"@type":"ImageObject","inLanguage":"en-US","@id":"https:\/\/valkyrieparis-bijoux.fr\/en\/#\/schema\/logo\/image\/","url":"https:\/\/valkyrieparis-bijoux.fr\/wp-content\/uploads\/2021\/03\/Valkyrie_logo_noir-2.png","contentUrl":"https:\/\/valkyrieparis-bijoux.fr\/wp-content\/uploads\/2021\/03\/Valkyrie_logo_noir-2.png","width":1000,"height":321,"caption":"Valkyrie Paris"},"image":{"@id":"https:\/\/valkyrieparis-bijoux.fr\/en\/#\/schema\/logo\/image\/"},"sameAs":["https:\/\/www.facebook.com\/ValkyrieParis","https:\/\/www.instagram.com\/valkyrieparis\/","https:\/\/www.pinterest.fr\/ValkyrieParis\/_created\/"]}]}},"_links":{"self":[{"href":"https:\/\/valkyrieparis-bijoux.fr\/en\/wp-json\/wp\/v2\/product\/223394","targetHints":{"allow":["GET"]}}],"collection":[{"href":"https:\/\/valkyrieparis-bijoux.fr\/en\/wp-json\/wp\/v2\/product"}],"about":[{"href":"https:\/\/valkyrieparis-bijoux.fr\/en\/wp-json\/wp\/v2\/types\/product"}],"wp:featuredmedia":[{"embeddable":true,"href":"https:\/\/valkyrieparis-bijoux.fr\/en\/wp-json\/wp\/v2\/media\/223399"}],"wp:attachment":[{"href":"https:\/\/valkyrieparis-bijoux.fr\/en\/wp-json\/wp\/v2\/media?parent=223394"}],"wp:term":[{"taxonomy":"product_brand","embeddable":true,"href":"https:\/\/valkyrieparis-bijoux.fr\/en\/wp-json\/wp\/v2\/product_brand?post=223394"},{"taxonomy":"product_cat","embeddable":true,"href":"https:\/\/valkyrieparis-bijoux.fr\/en\/wp-json\/wp\/v2\/product_cat?post=223394"},{"taxonomy":"product_tag","embeddable":true,"href":"https:\/\/valkyrieparis-bijoux.fr\/en\/wp-json\/wp\/v2\/product_tag?post=223394"}],"curies":[{"name":"wp","href":"https:\/\/api.w.org\/{rel}","templated":true}]}}