{"id":223296,"date":"2023-01-12T11:41:10","date_gmt":"2023-01-12T10:41:10","guid":{"rendered":"https:\/\/valkyrieparis-bijoux.fr\/?post_type=product&#038;p=223296"},"modified":"2026-01-29T14:03:31","modified_gmt":"2026-01-29T13:03:31","slug":"boucles-doreilles-art-deco-topaze-bleue-veritable-modele-calypso","status":"publish","type":"product","link":"https:\/\/valkyrieparis-bijoux.fr\/en\/boucles-d-oreilles-art-deco\/boucles-doreilles-art-deco-topaze-bleue-veritable-modele-calypso\/","title":{"rendered":"Art deco earrings - topaz - Calypso design"},"content":{"rendered":"<p>Vous recherchez un accessoire divin pour habiller vos tenues ? Voici nos boucles d&rsquo;oreilles art d\u00e9co serties de topaze bleue v\u00e9ritables. Les pierres pr\u00e9cieuses sont taill\u00e9es en forme de goutte pour un rendu \u00e9l\u00e9gant et f\u00e9minin.<\/p>\n<p>Ces merveilleuses boucles d&rsquo;oreilles vintage constituent \u00e9galement une id\u00e9e-cadeau. Elles vont seront livr\u00e9es dans un \u00e9crin accompagn\u00e9es de leur certificat d&rsquo;authenticit\u00e9. Vous trouverez dans notre collection de bijoux, des bagues et colliers par\u00e9s de topaze bleue \u00e9galement. Ces bijoux s&rsquo;associent parfaitement aux boucles d&rsquo;oreilles Calypso.<\/p>\n<p>Les boucles d&rsquo;oreilles art d\u00e9co en topaze bleue sont des bijoux populaires en raison de la beaut\u00e9 de la pierre pr\u00e9cieuse. La topaze est une pierre divine qui se trouve g\u00e9n\u00e9ralement dans des couleurs allant du bleu p\u00e2le au bleu fonc\u00e9. Elle est souvent taill\u00e9e en forme de goutte ou de perle et est souvent utilis\u00e9e dans les bijoux tels que les boucles d&rsquo;oreilles, les <a href=\"https:\/\/valkyrieparis-bijoux.fr\/en\/colliers-art-deco\/\">necklaces<\/a> and <a href=\"https:\/\/valkyrieparis-bijoux.fr\/en\/bagues-art-deco\/\">rings<\/a>.<\/p>\n<p>Les boucles d&rsquo;oreilles en topaze peuvent \u00eatre fabriqu\u00e9es \u00e0 partir d&rsquo;une pierre pr\u00e9cieuse ou peuvent \u00eatre combin\u00e9es avec d&rsquo;autres pierres pr\u00e9cieuses ou encore des perles pour cr\u00e9er un design unique. Elles peuvent \u00eatre fabriqu\u00e9es en or, en argent ou en plaqu\u00e9 or et sont disponibles dans une vari\u00e9t\u00e9 de styles, allant des boucles d&rsquo;oreilles simples aux boucles d&rsquo;oreilles orn\u00e9es de diamants ou de perles.<\/p>\n<p>Les boucles d&rsquo;oreilles en topaze sont souvent port\u00e9es comme accessoire de mode, mais elles sont \u00e9galement consid\u00e9r\u00e9es comme ayant des propri\u00e9t\u00e9s spirituelles et curatives. Certaines personnes croient que la topaze a des propri\u00e9t\u00e9s apaisantes et peut aider \u00e0 la relaxation. Elle est \u00e9galement consid\u00e9r\u00e9e comme une pierre protectrice et est souvent port\u00e9e comme talisman pour \u00e9loigner les mauvais esprits.<\/p>","protected":false},"excerpt":{"rendered":"<p>Calypso earrings are a real favorite! Elegant, flashy and refined, they're ideal for any occasion. In the evening, the sparkle of topaz and marcasites will make you shine. For everyday wear, their 3.5 cm length is practical. This jewel will brighten up your everyday outfit.<br \/>\n&nbsp;<br \/>\n&gt; <strong>Material<\/strong> and <strong>stone<\/strong> sterling silver, blue topaz, marcasites<br \/>\n&gt; Total length: 3.5 cm<br \/>\n&gt; <strong>Delivery<\/strong> available in France<br \/>\n&gt; <strong>\u00c9crin<\/strong> Valkyrie offert<br \/>\n&gt; Jewelry <strong>guaranteed<\/strong> one year against manufacturing defects<br \/>\n&gt; Loops <strong>hypoallergenic<\/strong><\/p>","protected":false},"featured_media":223298,"template":"","meta":{"_et_pb_use_builder":"","_et_pb_old_content":"","_et_gb_content_width":""},"product_brand":[],"product_cat":[168],"product_tag":[],"class_list":{"0":"post-223296","1":"product","2":"type-product","3":"status-publish","4":"has-post-thumbnail","6":"product_cat-boucles-d-oreilles-art-deco","8":"first","9":"outofstock","10":"shipping-taxable","11":"purchasable","12":"product-type-simple"},"yoast_head":"<!-- This site is optimized with the Yoast SEO plugin v26.9 - https:\/\/yoast.com\/product\/yoast-seo-wordpress\/ -->\n<title>Boucles d&#039;oreilles art d\u00e9co - topaze - mod\u00e8le Calypso -<\/title>\n<meta name=\"description\" content=\"Vous recherchez un accessoire divin pour habiller vos tenues ? Voici nos boucles d&#039;oreilles art d\u00e9co serties de topaze bleue v\u00e9ritables.\" \/>\n<meta name=\"robots\" content=\"index, follow, max-snippet:-1, max-image-preview:large, max-video-preview:-1\" \/>\n<link rel=\"canonical\" href=\"https:\/\/valkyrieparis-bijoux.fr\/en\/boucles-d-oreilles-art-deco\/boucles-doreilles-art-deco-topaze-bleue-veritable-modele-calypso\/\" \/>\n<meta property=\"og:locale\" content=\"en_US\" \/>\n<meta property=\"og:type\" content=\"article\" \/>\n<meta property=\"og:title\" content=\"Boucles d&#039;oreilles art d\u00e9co - topaze - mod\u00e8le Calypso -\" \/>\n<meta property=\"og:description\" content=\"Vous recherchez un accessoire divin pour habiller vos tenues ? Voici nos boucles d&#039;oreilles art d\u00e9co serties de topaze bleue v\u00e9ritables.\" \/>\n<meta property=\"og:url\" content=\"https:\/\/valkyrieparis-bijoux.fr\/en\/boucles-d-oreilles-art-deco\/boucles-doreilles-art-deco-topaze-bleue-veritable-modele-calypso\/\" \/>\n<meta property=\"og:site_name\" content=\"Valkyrie Paris\" \/>\n<meta property=\"article:publisher\" content=\"https:\/\/www.facebook.com\/ValkyrieParis\" \/>\n<meta property=\"article:modified_time\" content=\"2026-01-29T13:03:31+00:00\" \/>\n<meta property=\"og:image\" content=\"https:\/\/valkyrieparis-bijoux.fr\/wp-content\/uploads\/2023\/01\/Fichier_035.jpeg\" \/>\n\t<meta property=\"og:image:width\" content=\"1500\" \/>\n\t<meta property=\"og:image:height\" content=\"1500\" \/>\n\t<meta property=\"og:image:type\" content=\"image\/jpeg\" \/>\n<meta name=\"twitter:label1\" content=\"Est. reading time\" \/>\n\t<meta name=\"twitter:data1\" content=\"2 minutes\" \/>\n<script type=\"application\/ld+json\" class=\"yoast-schema-graph\">{\"@context\":\"https:\/\/schema.org\",\"@graph\":[{\"@type\":\"WebPage\",\"@id\":\"https:\/\/valkyrieparis-bijoux.fr\/en\/boucles-d-oreilles-art-deco\/boucles-doreilles-art-deco-topaze-bleue-veritable-modele-calypso\/\",\"url\":\"https:\/\/valkyrieparis-bijoux.fr\/en\/boucles-d-oreilles-art-deco\/boucles-doreilles-art-deco-topaze-bleue-veritable-modele-calypso\/\",\"name\":\"Boucles d'oreilles art d\u00e9co - topaze - mod\u00e8le Calypso -\",\"isPartOf\":{\"@id\":\"https:\/\/valkyrieparis-bijoux.fr\/en\/#website\"},\"primaryImageOfPage\":{\"@id\":\"https:\/\/valkyrieparis-bijoux.fr\/en\/boucles-d-oreilles-art-deco\/boucles-doreilles-art-deco-topaze-bleue-veritable-modele-calypso\/#primaryimage\"},\"image\":{\"@id\":\"https:\/\/valkyrieparis-bijoux.fr\/en\/boucles-d-oreilles-art-deco\/boucles-doreilles-art-deco-topaze-bleue-veritable-modele-calypso\/#primaryimage\"},\"thumbnailUrl\":\"https:\/\/valkyrieparis-bijoux.fr\/wp-content\/uploads\/2023\/01\/Fichier_035.jpeg\",\"datePublished\":\"2023-01-12T10:41:10+00:00\",\"dateModified\":\"2026-01-29T13:03:31+00:00\",\"description\":\"Vous recherchez un accessoire divin pour habiller vos tenues ? Voici nos boucles d'oreilles art d\u00e9co serties de topaze bleue v\u00e9ritables.\",\"breadcrumb\":{\"@id\":\"https:\/\/valkyrieparis-bijoux.fr\/en\/boucles-d-oreilles-art-deco\/boucles-doreilles-art-deco-topaze-bleue-veritable-modele-calypso\/#breadcrumb\"},\"inLanguage\":\"en-US\",\"potentialAction\":[{\"@type\":\"ReadAction\",\"target\":[\"https:\/\/valkyrieparis-bijoux.fr\/en\/boucles-d-oreilles-art-deco\/boucles-doreilles-art-deco-topaze-bleue-veritable-modele-calypso\/\"]}]},{\"@type\":\"ImageObject\",\"inLanguage\":\"en-US\",\"@id\":\"https:\/\/valkyrieparis-bijoux.fr\/en\/boucles-d-oreilles-art-deco\/boucles-doreilles-art-deco-topaze-bleue-veritable-modele-calypso\/#primaryimage\",\"url\":\"https:\/\/valkyrieparis-bijoux.fr\/wp-content\/uploads\/2023\/01\/Fichier_035.jpeg\",\"contentUrl\":\"https:\/\/valkyrieparis-bijoux.fr\/wp-content\/uploads\/2023\/01\/Fichier_035.jpeg\",\"width\":1500,\"height\":1500,\"caption\":\"boucles-doreilles-art-deco-pendantes\"},{\"@type\":\"BreadcrumbList\",\"@id\":\"https:\/\/valkyrieparis-bijoux.fr\/en\/boucles-d-oreilles-art-deco\/boucles-doreilles-art-deco-topaze-bleue-veritable-modele-calypso\/#breadcrumb\",\"itemListElement\":[{\"@type\":\"ListItem\",\"position\":1,\"name\":\"Boutique\",\"item\":\"https:\/\/valkyrieparis-bijoux.fr\/boutique-valkyrie\/\"},{\"@type\":\"ListItem\",\"position\":2,\"name\":\"Boucles d&rsquo;oreilles art d\u00e9co &#8211; topaze &#8211; mod\u00e8le Calypso\"}]},{\"@type\":\"WebSite\",\"@id\":\"https:\/\/valkyrieparis-bijoux.fr\/en\/#website\",\"url\":\"https:\/\/valkyrieparis-bijoux.fr\/en\/\",\"name\":\"Valkyrie Paris\",\"description\":\"Cr\u00e9ateurs de Bijoux Art D\u00e9co\",\"publisher\":{\"@id\":\"https:\/\/valkyrieparis-bijoux.fr\/en\/#organization\"},\"potentialAction\":[{\"@type\":\"SearchAction\",\"target\":{\"@type\":\"EntryPoint\",\"urlTemplate\":\"https:\/\/valkyrieparis-bijoux.fr\/en\/?s={search_term_string}\"},\"query-input\":{\"@type\":\"PropertyValueSpecification\",\"valueRequired\":true,\"valueName\":\"search_term_string\"}}],\"inLanguage\":\"en-US\"},{\"@type\":\"Organization\",\"@id\":\"https:\/\/valkyrieparis-bijoux.fr\/en\/#organization\",\"name\":\"Valkyrie Paris\",\"url\":\"https:\/\/valkyrieparis-bijoux.fr\/en\/\",\"logo\":{\"@type\":\"ImageObject\",\"inLanguage\":\"en-US\",\"@id\":\"https:\/\/valkyrieparis-bijoux.fr\/en\/#\/schema\/logo\/image\/\",\"url\":\"https:\/\/valkyrieparis-bijoux.fr\/wp-content\/uploads\/2021\/03\/Valkyrie_logo_noir-2.png\",\"contentUrl\":\"https:\/\/valkyrieparis-bijoux.fr\/wp-content\/uploads\/2021\/03\/Valkyrie_logo_noir-2.png\",\"width\":1000,\"height\":321,\"caption\":\"Valkyrie Paris\"},\"image\":{\"@id\":\"https:\/\/valkyrieparis-bijoux.fr\/en\/#\/schema\/logo\/image\/\"},\"sameAs\":[\"https:\/\/www.facebook.com\/ValkyrieParis\",\"https:\/\/www.instagram.com\/valkyrieparis\/\",\"https:\/\/www.pinterest.fr\/ValkyrieParis\/_created\/\"]}]}<\/script>\n<!-- \/ Yoast SEO plugin. -->","yoast_head_json":{"title":"Art deco earrings - topaz - Calypso model -","description":"Looking for a divine accessory to dress up your outfits? Introducing our art deco earrings set with genuine blue topaz.","robots":{"index":"index","follow":"follow","max-snippet":"max-snippet:-1","max-image-preview":"max-image-preview:large","max-video-preview":"max-video-preview:-1"},"canonical":"https:\/\/valkyrieparis-bijoux.fr\/en\/boucles-d-oreilles-art-deco\/boucles-doreilles-art-deco-topaze-bleue-veritable-modele-calypso\/","og_locale":"en_US","og_type":"article","og_title":"Boucles d'oreilles art d\u00e9co - topaze - mod\u00e8le Calypso -","og_description":"Vous recherchez un accessoire divin pour habiller vos tenues ? Voici nos boucles d'oreilles art d\u00e9co serties de topaze bleue v\u00e9ritables.","og_url":"https:\/\/valkyrieparis-bijoux.fr\/en\/boucles-d-oreilles-art-deco\/boucles-doreilles-art-deco-topaze-bleue-veritable-modele-calypso\/","og_site_name":"Valkyrie Paris","article_publisher":"https:\/\/www.facebook.com\/ValkyrieParis","article_modified_time":"2026-01-29T13:03:31+00:00","og_image":[{"width":1500,"height":1500,"url":"https:\/\/valkyrieparis-bijoux.fr\/wp-content\/uploads\/2023\/01\/Fichier_035.jpeg","type":"image\/jpeg"}],"twitter_misc":{"Est. reading time":"2 minutes"},"schema":{"@context":"https:\/\/schema.org","@graph":[{"@type":"WebPage","@id":"https:\/\/valkyrieparis-bijoux.fr\/en\/boucles-d-oreilles-art-deco\/boucles-doreilles-art-deco-topaze-bleue-veritable-modele-calypso\/","url":"https:\/\/valkyrieparis-bijoux.fr\/en\/boucles-d-oreilles-art-deco\/boucles-doreilles-art-deco-topaze-bleue-veritable-modele-calypso\/","name":"Art deco earrings - topaz - Calypso model -","isPartOf":{"@id":"https:\/\/valkyrieparis-bijoux.fr\/en\/#website"},"primaryImageOfPage":{"@id":"https:\/\/valkyrieparis-bijoux.fr\/en\/boucles-d-oreilles-art-deco\/boucles-doreilles-art-deco-topaze-bleue-veritable-modele-calypso\/#primaryimage"},"image":{"@id":"https:\/\/valkyrieparis-bijoux.fr\/en\/boucles-d-oreilles-art-deco\/boucles-doreilles-art-deco-topaze-bleue-veritable-modele-calypso\/#primaryimage"},"thumbnailUrl":"https:\/\/valkyrieparis-bijoux.fr\/wp-content\/uploads\/2023\/01\/Fichier_035.jpeg","datePublished":"2023-01-12T10:41:10+00:00","dateModified":"2026-01-29T13:03:31+00:00","description":"Looking for a divine accessory to dress up your outfits? Introducing our art deco earrings set with genuine blue topaz.","breadcrumb":{"@id":"https:\/\/valkyrieparis-bijoux.fr\/en\/boucles-d-oreilles-art-deco\/boucles-doreilles-art-deco-topaze-bleue-veritable-modele-calypso\/#breadcrumb"},"inLanguage":"en-US","potentialAction":[{"@type":"ReadAction","target":["https:\/\/valkyrieparis-bijoux.fr\/en\/boucles-d-oreilles-art-deco\/boucles-doreilles-art-deco-topaze-bleue-veritable-modele-calypso\/"]}]},{"@type":"ImageObject","inLanguage":"en-US","@id":"https:\/\/valkyrieparis-bijoux.fr\/en\/boucles-d-oreilles-art-deco\/boucles-doreilles-art-deco-topaze-bleue-veritable-modele-calypso\/#primaryimage","url":"https:\/\/valkyrieparis-bijoux.fr\/wp-content\/uploads\/2023\/01\/Fichier_035.jpeg","contentUrl":"https:\/\/valkyrieparis-bijoux.fr\/wp-content\/uploads\/2023\/01\/Fichier_035.jpeg","width":1500,"height":1500,"caption":"boucles-doreilles-art-deco-pendantes"},{"@type":"BreadcrumbList","@id":"https:\/\/valkyrieparis-bijoux.fr\/en\/boucles-d-oreilles-art-deco\/boucles-doreilles-art-deco-topaze-bleue-veritable-modele-calypso\/#breadcrumb","itemListElement":[{"@type":"ListItem","position":1,"name":"Boutique","item":"https:\/\/valkyrieparis-bijoux.fr\/boutique-valkyrie\/"},{"@type":"ListItem","position":2,"name":"Boucles d&rsquo;oreilles art d\u00e9co &#8211; topaze &#8211; mod\u00e8le Calypso"}]},{"@type":"WebSite","@id":"https:\/\/valkyrieparis-bijoux.fr\/en\/#website","url":"https:\/\/valkyrieparis-bijoux.fr\/en\/","name":"Valkyrie Paris","description":"Art Deco Jewellery Designers","publisher":{"@id":"https:\/\/valkyrieparis-bijoux.fr\/en\/#organization"},"potentialAction":[{"@type":"SearchAction","target":{"@type":"EntryPoint","urlTemplate":"https:\/\/valkyrieparis-bijoux.fr\/en\/?s={search_term_string}"},"query-input":{"@type":"PropertyValueSpecification","valueRequired":true,"valueName":"search_term_string"}}],"inLanguage":"en-US"},{"@type":"Organization","@id":"https:\/\/valkyrieparis-bijoux.fr\/en\/#organization","name":"Valkyrie Paris","url":"https:\/\/valkyrieparis-bijoux.fr\/en\/","logo":{"@type":"ImageObject","inLanguage":"en-US","@id":"https:\/\/valkyrieparis-bijoux.fr\/en\/#\/schema\/logo\/image\/","url":"https:\/\/valkyrieparis-bijoux.fr\/wp-content\/uploads\/2021\/03\/Valkyrie_logo_noir-2.png","contentUrl":"https:\/\/valkyrieparis-bijoux.fr\/wp-content\/uploads\/2021\/03\/Valkyrie_logo_noir-2.png","width":1000,"height":321,"caption":"Valkyrie Paris"},"image":{"@id":"https:\/\/valkyrieparis-bijoux.fr\/en\/#\/schema\/logo\/image\/"},"sameAs":["https:\/\/www.facebook.com\/ValkyrieParis","https:\/\/www.instagram.com\/valkyrieparis\/","https:\/\/www.pinterest.fr\/ValkyrieParis\/_created\/"]}]}},"_links":{"self":[{"href":"https:\/\/valkyrieparis-bijoux.fr\/en\/wp-json\/wp\/v2\/product\/223296","targetHints":{"allow":["GET"]}}],"collection":[{"href":"https:\/\/valkyrieparis-bijoux.fr\/en\/wp-json\/wp\/v2\/product"}],"about":[{"href":"https:\/\/valkyrieparis-bijoux.fr\/en\/wp-json\/wp\/v2\/types\/product"}],"wp:featuredmedia":[{"embeddable":true,"href":"https:\/\/valkyrieparis-bijoux.fr\/en\/wp-json\/wp\/v2\/media\/223298"}],"wp:attachment":[{"href":"https:\/\/valkyrieparis-bijoux.fr\/en\/wp-json\/wp\/v2\/media?parent=223296"}],"wp:term":[{"taxonomy":"product_brand","embeddable":true,"href":"https:\/\/valkyrieparis-bijoux.fr\/en\/wp-json\/wp\/v2\/product_brand?post=223296"},{"taxonomy":"product_cat","embeddable":true,"href":"https:\/\/valkyrieparis-bijoux.fr\/en\/wp-json\/wp\/v2\/product_cat?post=223296"},{"taxonomy":"product_tag","embeddable":true,"href":"https:\/\/valkyrieparis-bijoux.fr\/en\/wp-json\/wp\/v2\/product_tag?post=223296"}],"curies":[{"name":"wp","href":"https:\/\/api.w.org\/{rel}","templated":true}]}}