{"id":222459,"date":"2022-10-13T13:23:20","date_gmt":"2022-10-13T12:23:20","guid":{"rendered":"https:\/\/valkyrieparis-bijoux.fr\/?post_type=product&#038;p=222459"},"modified":"2026-01-29T12:19:33","modified_gmt":"2026-01-29T11:19:33","slug":"bague-art-deco-argent-topaze-modele-lyra","status":"publish","type":"product","link":"https:\/\/valkyrieparis-bijoux.fr\/en\/bagues-art-deco\/bague-art-deco-argent-topaze-modele-lyra\/","title":{"rendered":"Bague art d\u00e9co &#8211; topaze &#8211; mod\u00e8le Lyra"},"content":{"rendered":"<h2>Bague art d\u00e9co en topaze et marcassites<\/h2>\n<p>Le mod\u00e8le Lyra est une jolie bague fine art d\u00e9co qui est \u00e9galement discr\u00e8te. Elle se distingue par son <strong>vintage style<\/strong>, inspir\u00e9e des bijoux anciens de la Belle \u00c9poque. Elle est appr\u00e9ci\u00e9e pour son originalit\u00e9 et le fait qu\u2019elle reste un intemporel. Son anneau en argent 925 milli\u00e8mes, hypoallerg\u00e9nique et inoxydable est surmont\u00e9 d\u2019une topaze bleue. L\u2019argent a \u00e9t\u00e9 sculpt\u00e9 et incrust\u00e9 de pierres fines qui sont des marcassites de mani\u00e8re \u00e0 donner un effet de pavage. C\u2019est un r\u00e9el travail d\u2019orf\u00e8vre semblable \u00e0 la Haute Joaillerie de la Place Vend\u00f4me. C\u2019est une bague qui allie \u00e0 la fois finesse, \u00e9l\u00e9gance et glamour.<\/p>\n<p>Les bijoux anciens peuvent convenir \u00e0 tous les \u00e2ges et peuvent \u00eatre consid\u00e9r\u00e9s comme des bijoux fantaisies. Leur particularit\u00e9 est de pouvoir s\u2019accorder \u00e0 toutes les tenues, des plus classiques aux plus audacieuses et styl\u00e9es. Ce qui est s\u00fbr, c&rsquo;est que vous aurez tous les regards sur vous. Vous appr\u00e9cierez \u00e9galement nos diff\u00e9rents mod\u00e8les\u00a0: la bague marguerite, la bague fleur, la bague marquise, la bague Toi et Moi. Mais aussi la bague chevali\u00e8re, la bague solitaire, la bague tank, la bague trilogie qui peuvent parfaitement convenir pour une bague de fian\u00e7ailles brillante avec des lignes extraordinaires. Vous pourrez d\u2019ailleurs v\u00e9rifier la composition des m\u00e9taux pr\u00e9cieux de la <strong>ring<\/strong> through its <strong>punch<\/strong>.<\/p>\n<h2>The virtues of blue topaz and marcasites<\/h2>\n<p>Vous serez envout\u00e9s par les reflets aux nuances cristallines de la <strong>blue topaz<\/strong>accentuated by the <strong>original design<\/strong> of the ring. It also has astonishing virtues. It has the power to cure asthma, insomnia and haemorrhage. It goes well with <a href=\"https:\/\/valkyrieparis-bijoux.fr\/en\/https:\/\/valkyrieparis-bijoux.fr\/bagues-art-deco\/bague-art-deco-topaze-bleue-authentique-modele-calypso\/\">marcasites<\/a>while providing a <strong>two-tone<\/strong> to the ring. These small, fine stones propagate positive waves that can boost the immune system of a person in convalescence, for example.<\/p>\n<p>If you want to offer this <a href=\"https:\/\/valkyrieparis-bijoux.fr\/en\/bagues-art-deco\/\">beautiful ring<\/a> or complete your <strong>jewelry collection<\/strong> avec une parure, tous nos mod\u00e8les sont remis avec un \u00e9crin et un certificat d\u2019authenticit\u00e9. Nos bagues peuvent aussi \u00eatre parfaitement ajust\u00e9es \u00e0 votre tour de doigt. Il vous suffit simplement de nous demander votre taille si elle ne figure pas dans la liste propos\u00e9e.<\/p>\n<p>Inspired by art nouveau, our jewelers work with precious and semi-precious gems such as amethyst, emerald, ruby, sapphire, zirconium, opal, garnet, quartz, crystal, lapis lazuli, cultured pearls, mother-of-pearl, agate, peridot, blue sapphire, carnelian and turquoise. These are <strong>costume jewelry<\/strong> for every occasion and every day.<\/p>","protected":false},"excerpt":{"rendered":"<p>Cette bague en argent sterling s\u00e9duit par sa forme allong\u00e9e et son esprit vintage. En son centre, une topaze bleue ovale capte la lumi\u00e8re, encadr\u00e9e par des marcassites finement incrust\u00e9es qui soulignent ses lignes g\u00e9om\u00e9triques. Inspir\u00e9e du style des ann\u00e9es 1920, cette cr\u00e9ation marie le raffinement du design ancien \u00e0 une touche contemporaine. Une bague art d\u00e9co au caract\u00e8re unique, entre modernit\u00e9 et h\u00e9ritage artisanal.<br \/>\n&nbsp;<br \/>\n&gt; <strong>Material<\/strong> Genuine sterling silver, hallmarked 925<br \/>\n&gt; <strong>Stones<\/strong> : topaze bleue, marcassites<br \/>\n&gt; <strong>Dimensions<\/strong> : 1,7 cm (longueur) x 0,9 cm (largeur)<br \/>\n&gt; <strong>Delivery<\/strong> free of charge in France<br \/>\n&gt; <strong>\u00c9crin<\/strong> Valkyrie offert<br \/>\n&gt; Ring <strong>warranty<\/strong> one year against manufacturing defects<br \/>\n&gt; Ring <strong>hypoallergenic<\/strong><\/p>","protected":false},"featured_media":229314,"template":"","meta":{"_et_pb_use_builder":"","_et_pb_old_content":"","_et_gb_content_width":""},"product_brand":[],"product_cat":[29],"product_tag":[],"class_list":{"0":"post-222459","1":"product","2":"type-product","3":"status-publish","4":"has-post-thumbnail","6":"product_cat-bagues-art-deco","8":"first","9":"instock","10":"shipping-taxable","11":"purchasable","12":"product-type-variable"},"yoast_head":"<!-- This site is optimized with the Yoast SEO plugin v26.9 - https:\/\/yoast.com\/product\/yoast-seo-wordpress\/ -->\n<title>Bague art d\u00e9co - topaze - mod\u00e8le Lyra - Valkyrie Paris<\/title>\n<meta name=\"description\" content=\"Cette bague en argent sterling s\u00e9duit par sa forme allong\u00e9e et son esprit vintage. En son centre, une topaze bleue ovale capte la lumi\u00e8re.\" \/>\n<meta name=\"robots\" content=\"index, follow, max-snippet:-1, max-image-preview:large, max-video-preview:-1\" \/>\n<link rel=\"canonical\" href=\"https:\/\/valkyrieparis-bijoux.fr\/en\/bagues-art-deco\/bague-art-deco-argent-topaze-modele-lyra\/\" \/>\n<meta property=\"og:locale\" content=\"en_US\" \/>\n<meta property=\"og:type\" content=\"article\" \/>\n<meta property=\"og:title\" content=\"Bague art d\u00e9co - topaze - mod\u00e8le Lyra - Valkyrie Paris\" \/>\n<meta property=\"og:description\" content=\"Cette bague en argent sterling s\u00e9duit par sa forme allong\u00e9e et son esprit vintage. En son centre, une topaze bleue ovale capte la lumi\u00e8re.\" \/>\n<meta property=\"og:url\" content=\"https:\/\/valkyrieparis-bijoux.fr\/en\/bagues-art-deco\/bague-art-deco-argent-topaze-modele-lyra\/\" \/>\n<meta property=\"og:site_name\" content=\"Valkyrie Paris\" \/>\n<meta property=\"article:publisher\" content=\"https:\/\/www.facebook.com\/ValkyrieParis\" \/>\n<meta property=\"article:modified_time\" content=\"2026-01-29T11:19:33+00:00\" \/>\n<meta property=\"og:image\" content=\"https:\/\/valkyrieparis-bijoux.fr\/wp-content\/uploads\/2022\/10\/A792876A-95DF-4890-BAC1-C967989BFAA1.jpg\" \/>\n\t<meta property=\"og:image:width\" content=\"1189\" \/>\n\t<meta property=\"og:image:height\" content=\"1189\" \/>\n\t<meta property=\"og:image:type\" content=\"image\/jpeg\" \/>\n<meta name=\"twitter:label1\" content=\"Est. reading time\" \/>\n\t<meta name=\"twitter:data1\" content=\"3 minutes\" \/>\n<script type=\"application\/ld+json\" class=\"yoast-schema-graph\">{\"@context\":\"https:\/\/schema.org\",\"@graph\":[{\"@type\":\"WebPage\",\"@id\":\"https:\/\/valkyrieparis-bijoux.fr\/en\/bagues-art-deco\/bague-art-deco-argent-topaze-modele-lyra\/\",\"url\":\"https:\/\/valkyrieparis-bijoux.fr\/en\/bagues-art-deco\/bague-art-deco-argent-topaze-modele-lyra\/\",\"name\":\"Bague art d\u00e9co - topaze - mod\u00e8le Lyra - Valkyrie Paris\",\"isPartOf\":{\"@id\":\"https:\/\/valkyrieparis-bijoux.fr\/en\/#website\"},\"primaryImageOfPage\":{\"@id\":\"https:\/\/valkyrieparis-bijoux.fr\/en\/bagues-art-deco\/bague-art-deco-argent-topaze-modele-lyra\/#primaryimage\"},\"image\":{\"@id\":\"https:\/\/valkyrieparis-bijoux.fr\/en\/bagues-art-deco\/bague-art-deco-argent-topaze-modele-lyra\/#primaryimage\"},\"thumbnailUrl\":\"https:\/\/valkyrieparis-bijoux.fr\/wp-content\/uploads\/2022\/10\/A792876A-95DF-4890-BAC1-C967989BFAA1.jpg\",\"datePublished\":\"2022-10-13T12:23:20+00:00\",\"dateModified\":\"2026-01-29T11:19:33+00:00\",\"description\":\"Cette bague en argent sterling s\u00e9duit par sa forme allong\u00e9e et son esprit vintage. En son centre, une topaze bleue ovale capte la lumi\u00e8re.\",\"breadcrumb\":{\"@id\":\"https:\/\/valkyrieparis-bijoux.fr\/en\/bagues-art-deco\/bague-art-deco-argent-topaze-modele-lyra\/#breadcrumb\"},\"inLanguage\":\"en-US\",\"potentialAction\":[{\"@type\":\"ReadAction\",\"target\":[\"https:\/\/valkyrieparis-bijoux.fr\/en\/bagues-art-deco\/bague-art-deco-argent-topaze-modele-lyra\/\"]}]},{\"@type\":\"ImageObject\",\"inLanguage\":\"en-US\",\"@id\":\"https:\/\/valkyrieparis-bijoux.fr\/en\/bagues-art-deco\/bague-art-deco-argent-topaze-modele-lyra\/#primaryimage\",\"url\":\"https:\/\/valkyrieparis-bijoux.fr\/wp-content\/uploads\/2022\/10\/A792876A-95DF-4890-BAC1-C967989BFAA1.jpg\",\"contentUrl\":\"https:\/\/valkyrieparis-bijoux.fr\/wp-content\/uploads\/2022\/10\/A792876A-95DF-4890-BAC1-C967989BFAA1.jpg\",\"width\":1189,\"height\":1189,\"caption\":\"bague-topaze-bleue-argent\"},{\"@type\":\"BreadcrumbList\",\"@id\":\"https:\/\/valkyrieparis-bijoux.fr\/en\/bagues-art-deco\/bague-art-deco-argent-topaze-modele-lyra\/#breadcrumb\",\"itemListElement\":[{\"@type\":\"ListItem\",\"position\":1,\"name\":\"Boutique\",\"item\":\"https:\/\/valkyrieparis-bijoux.fr\/boutique-valkyrie\/\"},{\"@type\":\"ListItem\",\"position\":2,\"name\":\"Bague art d\u00e9co &#8211; topaze &#8211; mod\u00e8le Lyra\"}]},{\"@type\":\"WebSite\",\"@id\":\"https:\/\/valkyrieparis-bijoux.fr\/en\/#website\",\"url\":\"https:\/\/valkyrieparis-bijoux.fr\/en\/\",\"name\":\"Valkyrie Paris\",\"description\":\"Cr\u00e9ateurs de Bijoux Art D\u00e9co\",\"publisher\":{\"@id\":\"https:\/\/valkyrieparis-bijoux.fr\/en\/#organization\"},\"potentialAction\":[{\"@type\":\"SearchAction\",\"target\":{\"@type\":\"EntryPoint\",\"urlTemplate\":\"https:\/\/valkyrieparis-bijoux.fr\/en\/?s={search_term_string}\"},\"query-input\":{\"@type\":\"PropertyValueSpecification\",\"valueRequired\":true,\"valueName\":\"search_term_string\"}}],\"inLanguage\":\"en-US\"},{\"@type\":\"Organization\",\"@id\":\"https:\/\/valkyrieparis-bijoux.fr\/en\/#organization\",\"name\":\"Valkyrie Paris\",\"url\":\"https:\/\/valkyrieparis-bijoux.fr\/en\/\",\"logo\":{\"@type\":\"ImageObject\",\"inLanguage\":\"en-US\",\"@id\":\"https:\/\/valkyrieparis-bijoux.fr\/en\/#\/schema\/logo\/image\/\",\"url\":\"https:\/\/valkyrieparis-bijoux.fr\/wp-content\/uploads\/2021\/03\/Valkyrie_logo_noir-2.png\",\"contentUrl\":\"https:\/\/valkyrieparis-bijoux.fr\/wp-content\/uploads\/2021\/03\/Valkyrie_logo_noir-2.png\",\"width\":1000,\"height\":321,\"caption\":\"Valkyrie Paris\"},\"image\":{\"@id\":\"https:\/\/valkyrieparis-bijoux.fr\/en\/#\/schema\/logo\/image\/\"},\"sameAs\":[\"https:\/\/www.facebook.com\/ValkyrieParis\",\"https:\/\/www.instagram.com\/valkyrieparis\/\",\"https:\/\/www.pinterest.fr\/ValkyrieParis\/_created\/\"]}]}<\/script>\n<!-- \/ Yoast SEO plugin. -->","yoast_head_json":{"title":"Bague art d\u00e9co - topaze - mod\u00e8le Lyra - Valkyrie Paris","description":"Cette bague en argent sterling s\u00e9duit par sa forme allong\u00e9e et son esprit vintage. En son centre, une topaze bleue ovale capte la lumi\u00e8re.","robots":{"index":"index","follow":"follow","max-snippet":"max-snippet:-1","max-image-preview":"max-image-preview:large","max-video-preview":"max-video-preview:-1"},"canonical":"https:\/\/valkyrieparis-bijoux.fr\/en\/bagues-art-deco\/bague-art-deco-argent-topaze-modele-lyra\/","og_locale":"en_US","og_type":"article","og_title":"Bague art d\u00e9co - topaze - mod\u00e8le Lyra - Valkyrie Paris","og_description":"Cette bague en argent sterling s\u00e9duit par sa forme allong\u00e9e et son esprit vintage. En son centre, une topaze bleue ovale capte la lumi\u00e8re.","og_url":"https:\/\/valkyrieparis-bijoux.fr\/en\/bagues-art-deco\/bague-art-deco-argent-topaze-modele-lyra\/","og_site_name":"Valkyrie Paris","article_publisher":"https:\/\/www.facebook.com\/ValkyrieParis","article_modified_time":"2026-01-29T11:19:33+00:00","og_image":[{"width":1189,"height":1189,"url":"https:\/\/valkyrieparis-bijoux.fr\/wp-content\/uploads\/2022\/10\/A792876A-95DF-4890-BAC1-C967989BFAA1.jpg","type":"image\/jpeg"}],"twitter_misc":{"Est. reading time":"3 minutes"},"schema":{"@context":"https:\/\/schema.org","@graph":[{"@type":"WebPage","@id":"https:\/\/valkyrieparis-bijoux.fr\/en\/bagues-art-deco\/bague-art-deco-argent-topaze-modele-lyra\/","url":"https:\/\/valkyrieparis-bijoux.fr\/en\/bagues-art-deco\/bague-art-deco-argent-topaze-modele-lyra\/","name":"Bague art d\u00e9co - topaze - mod\u00e8le Lyra - Valkyrie Paris","isPartOf":{"@id":"https:\/\/valkyrieparis-bijoux.fr\/en\/#website"},"primaryImageOfPage":{"@id":"https:\/\/valkyrieparis-bijoux.fr\/en\/bagues-art-deco\/bague-art-deco-argent-topaze-modele-lyra\/#primaryimage"},"image":{"@id":"https:\/\/valkyrieparis-bijoux.fr\/en\/bagues-art-deco\/bague-art-deco-argent-topaze-modele-lyra\/#primaryimage"},"thumbnailUrl":"https:\/\/valkyrieparis-bijoux.fr\/wp-content\/uploads\/2022\/10\/A792876A-95DF-4890-BAC1-C967989BFAA1.jpg","datePublished":"2022-10-13T12:23:20+00:00","dateModified":"2026-01-29T11:19:33+00:00","description":"Cette bague en argent sterling s\u00e9duit par sa forme allong\u00e9e et son esprit vintage. En son centre, une topaze bleue ovale capte la lumi\u00e8re.","breadcrumb":{"@id":"https:\/\/valkyrieparis-bijoux.fr\/en\/bagues-art-deco\/bague-art-deco-argent-topaze-modele-lyra\/#breadcrumb"},"inLanguage":"en-US","potentialAction":[{"@type":"ReadAction","target":["https:\/\/valkyrieparis-bijoux.fr\/en\/bagues-art-deco\/bague-art-deco-argent-topaze-modele-lyra\/"]}]},{"@type":"ImageObject","inLanguage":"en-US","@id":"https:\/\/valkyrieparis-bijoux.fr\/en\/bagues-art-deco\/bague-art-deco-argent-topaze-modele-lyra\/#primaryimage","url":"https:\/\/valkyrieparis-bijoux.fr\/wp-content\/uploads\/2022\/10\/A792876A-95DF-4890-BAC1-C967989BFAA1.jpg","contentUrl":"https:\/\/valkyrieparis-bijoux.fr\/wp-content\/uploads\/2022\/10\/A792876A-95DF-4890-BAC1-C967989BFAA1.jpg","width":1189,"height":1189,"caption":"bague-topaze-bleue-argent"},{"@type":"BreadcrumbList","@id":"https:\/\/valkyrieparis-bijoux.fr\/en\/bagues-art-deco\/bague-art-deco-argent-topaze-modele-lyra\/#breadcrumb","itemListElement":[{"@type":"ListItem","position":1,"name":"Boutique","item":"https:\/\/valkyrieparis-bijoux.fr\/boutique-valkyrie\/"},{"@type":"ListItem","position":2,"name":"Bague art d\u00e9co &#8211; topaze &#8211; mod\u00e8le Lyra"}]},{"@type":"WebSite","@id":"https:\/\/valkyrieparis-bijoux.fr\/en\/#website","url":"https:\/\/valkyrieparis-bijoux.fr\/en\/","name":"Valkyrie Paris","description":"Art Deco Jewellery Designers","publisher":{"@id":"https:\/\/valkyrieparis-bijoux.fr\/en\/#organization"},"potentialAction":[{"@type":"SearchAction","target":{"@type":"EntryPoint","urlTemplate":"https:\/\/valkyrieparis-bijoux.fr\/en\/?s={search_term_string}"},"query-input":{"@type":"PropertyValueSpecification","valueRequired":true,"valueName":"search_term_string"}}],"inLanguage":"en-US"},{"@type":"Organization","@id":"https:\/\/valkyrieparis-bijoux.fr\/en\/#organization","name":"Valkyrie Paris","url":"https:\/\/valkyrieparis-bijoux.fr\/en\/","logo":{"@type":"ImageObject","inLanguage":"en-US","@id":"https:\/\/valkyrieparis-bijoux.fr\/en\/#\/schema\/logo\/image\/","url":"https:\/\/valkyrieparis-bijoux.fr\/wp-content\/uploads\/2021\/03\/Valkyrie_logo_noir-2.png","contentUrl":"https:\/\/valkyrieparis-bijoux.fr\/wp-content\/uploads\/2021\/03\/Valkyrie_logo_noir-2.png","width":1000,"height":321,"caption":"Valkyrie Paris"},"image":{"@id":"https:\/\/valkyrieparis-bijoux.fr\/en\/#\/schema\/logo\/image\/"},"sameAs":["https:\/\/www.facebook.com\/ValkyrieParis","https:\/\/www.instagram.com\/valkyrieparis\/","https:\/\/www.pinterest.fr\/ValkyrieParis\/_created\/"]}]}},"_links":{"self":[{"href":"https:\/\/valkyrieparis-bijoux.fr\/en\/wp-json\/wp\/v2\/product\/222459","targetHints":{"allow":["GET"]}}],"collection":[{"href":"https:\/\/valkyrieparis-bijoux.fr\/en\/wp-json\/wp\/v2\/product"}],"about":[{"href":"https:\/\/valkyrieparis-bijoux.fr\/en\/wp-json\/wp\/v2\/types\/product"}],"wp:featuredmedia":[{"embeddable":true,"href":"https:\/\/valkyrieparis-bijoux.fr\/en\/wp-json\/wp\/v2\/media\/229314"}],"wp:attachment":[{"href":"https:\/\/valkyrieparis-bijoux.fr\/en\/wp-json\/wp\/v2\/media?parent=222459"}],"wp:term":[{"taxonomy":"product_brand","embeddable":true,"href":"https:\/\/valkyrieparis-bijoux.fr\/en\/wp-json\/wp\/v2\/product_brand?post=222459"},{"taxonomy":"product_cat","embeddable":true,"href":"https:\/\/valkyrieparis-bijoux.fr\/en\/wp-json\/wp\/v2\/product_cat?post=222459"},{"taxonomy":"product_tag","embeddable":true,"href":"https:\/\/valkyrieparis-bijoux.fr\/en\/wp-json\/wp\/v2\/product_tag?post=222459"}],"curies":[{"name":"wp","href":"https:\/\/api.w.org\/{rel}","templated":true}]}}