{"id":222389,"date":"2022-10-13T10:03:51","date_gmt":"2022-10-13T09:03:51","guid":{"rendered":"https:\/\/valkyrieparis-bijoux.fr\/?post_type=product&#038;p=222389"},"modified":"2026-01-29T12:22:56","modified_gmt":"2026-01-29T11:22:56","slug":"bague-art-deco-peridot-veritable-modele-semele","status":"publish","type":"product","link":"https:\/\/valkyrieparis-bijoux.fr\/en\/bagues-art-deco\/bague-art-deco-peridot-veritable-modele-semele\/","title":{"rendered":"Art Deco ring - peridot - S\u00e9m\u00e9l\u00e9 model"},"content":{"rendered":"<h2>Art Deco ring in peridot, marcasite and black enamel<\/h2>\n<p>You want to sell <strong>trend<\/strong> Do you love antique jewelry that doesn't have to be imposing? Then the S\u00e9m\u00e9l\u00e9 model is for you. This <a href=\"https:\/\/valkyrieparis-bijoux.fr\/en\/bagues-art-deco\/\">ring<\/a> fine en argent massif est hypoallerg\u00e9nique et inoxydable. Elle est \u00e9l\u00e9gante et sophistiqu\u00e9e tout en gardant une certaine sobri\u00e9t\u00e9. C\u2019est une v\u00e9ritable \u0153uvre d\u2019art. Elle est orn\u00e9e d\u2019un p\u00e9ridot taill\u00e9 brillant avec ses multiples facettes. Cette pierre naturelle est sertie griffes. Sur les c\u00f4t\u00e9s, nous sculptons l&rsquo;argent afin d&rsquo;y incruster des marcassites apportant cet effet de pavage. De plus, pour un rendu exceptionnel, nous entourons la gemme centrale d\u2019\u00e9mail noir. Elle peut se d\u00e9cliner en topaze bleue, en grenat, en lapis-lazuli, en oxyde de zirconium, en am\u00e9thyste etc.<\/p>\n<p>Ce sont dans les d\u00e9tails que l\u2019on constate toute l\u2019\u00e9tendue du travail d\u2019orf\u00e8vrerie effectu\u00e9 pour mettre en forme cette magnifique bague art d\u00e9co. Nos bijoux pour femme s&rsquo;inspirent de la Belle-\u00c9poque et suscitent encore plus l\u2019attention suite \u00e0 leur pr\u00e9sence dans les maisons de la haute joaillerie sur la Place Vend\u00f4me. Ils sont un symbole de la f\u00e9minit\u00e9 et du glamour. Vous pourrez conna\u00eetre la composition des m\u00e9taux pr\u00e9cieux en observant le poin\u00e7on qui se trouve sur le <strong>jewelry<\/strong>. You can also fall under the spell of the daisy ring, the flower ring, the signet ring or the solitaire ring, all of which will add a modern touch to your look. If you're looking for a rare and original engagement ring, you might just find your favorite piece. Finally, the Toi et Moi ring, the trilogy ring, the tank ring and the marquise ring are also very popular models.<\/p>\n<h2>The virtues of peridot and marcasite<\/h2>\n<p>Visit <strong>peridot<\/strong> is a precious stone discovered in Egypt. Thanks to its purity, this gem acts as a powerful disinfectant that eliminates toxins from your body. It goes very well with <a href=\"https:\/\/valkyrieparis-bijoux.fr\/en\/bagues-art-deco\/bague-art-deco-grenat-veritable-modele-orion\/\">marcasites<\/a> that bring joy and good humor. There's nothing like them to motivate you and get you through difficult situations. You can wear them every day, and why not put them together with a necklace or earrings? We have a wide choice of art deco models to suit all tastes.<\/p>\n<p>Nos joaillers utilisent des pierres authentiques comme l\u2019\u00e9meraude, le rubis, le zirconium, le lapis-lazuli, les perles de culture. De plus, nous vous exp\u00e9dions nos bijoux avec un \u00e9crin et un certificat d\u2019authenticit\u00e9. Pour compl\u00e9ter votre collection, vous pourrez d\u00e9couvrir les nombreuses d\u00e9clinaisons de nos bijoux vintage orn\u00e9s de gemmes pr\u00e9cieuses et semi-pr\u00e9cieuses comme l\u2019\u00e9meraude, l\u2019am\u00e9thyste, le cristal, l\u2019oxyde, la citrine, l\u2019opale, le grenat, le quartz. En d\u00e9finitive, nos bijoux <strong>high fantasy<\/strong> are equally suited to casual, chic, elegant or bohemian looks.<\/p>","protected":false},"excerpt":{"rendered":"<p><a rel=\"noreferrer\" href=\"https:\/\/valkyrieparis-bijoux.fr\/wp-content\/uploads\/2023\/08\/bague-semele-peridot-2.mp4\" class=\"vp-a vp-mp4-type vp-modal-click vp-modal-click_shortcode\">Discover the jewel in video<\/a><br \/>\n&nbsp;<br \/>\nThe S\u00e9m\u00e9l\u00e9 model is adored for its vintage style and all-purpose appeal. In fact, the slim design of this art deco ring means you can wear it every day. What's more, you'll benefit from the virtues of peridot. Peridot is a highly prized yellow-green gemstone. The Egyptians called it \"the stone of the Sun\".<br \/>\n&nbsp;<br \/>\n&gt; <strong>Material<\/strong> and <strong>stone<\/strong> silver, peridot, black enamel, marcasite<br \/>\n&gt; <strong>Dimensions<\/strong> 1 cm (length) x 1 cm (width)<br \/>\n&gt; <strong>Delivery<\/strong> free of charge in France<br \/>\n&gt; <strong>\u00c9crin<\/strong> Valkyrie offert<br \/>\n&gt; Ring <strong>warranty<\/strong> one year against manufacturing defects<br \/>\n&gt; Ring <strong>hypoallergenic<\/strong><\/p>","protected":false},"featured_media":226017,"template":"","meta":{"_et_pb_use_builder":"","_et_pb_old_content":"","_et_gb_content_width":""},"product_brand":[],"product_cat":[29],"product_tag":[],"class_list":{"0":"post-222389","1":"product","2":"type-product","3":"status-publish","4":"has-post-thumbnail","6":"product_cat-bagues-art-deco","8":"first","9":"instock","10":"shipping-taxable","11":"purchasable","12":"product-type-variable"},"yoast_head":"<!-- This site is optimized with the Yoast SEO plugin v26.9 - https:\/\/yoast.com\/product\/yoast-seo-wordpress\/ -->\n<title>Bague art d\u00e9co - p\u00e9ridot - mod\u00e8le S\u00e9m\u00e9l\u00e9 -<\/title>\n<meta name=\"description\" content=\"Le mod\u00e8le S\u00e9m\u00e9l\u00e9 est ador\u00e9 pour son style vintage. La finesse de cette bague art d\u00e9co vous permet de la porter au quotidien.\" \/>\n<meta name=\"robots\" content=\"index, follow, max-snippet:-1, max-image-preview:large, max-video-preview:-1\" \/>\n<link rel=\"canonical\" href=\"https:\/\/valkyrieparis-bijoux.fr\/en\/bagues-art-deco\/bague-art-deco-peridot-veritable-modele-semele\/\" \/>\n<meta property=\"og:locale\" content=\"en_US\" \/>\n<meta property=\"og:type\" content=\"article\" \/>\n<meta property=\"og:title\" content=\"Bague art d\u00e9co - p\u00e9ridot - mod\u00e8le S\u00e9m\u00e9l\u00e9 -\" \/>\n<meta property=\"og:description\" content=\"Le mod\u00e8le S\u00e9m\u00e9l\u00e9 est ador\u00e9 pour son style vintage. La finesse de cette bague art d\u00e9co vous permet de la porter au quotidien.\" \/>\n<meta property=\"og:url\" content=\"https:\/\/valkyrieparis-bijoux.fr\/en\/bagues-art-deco\/bague-art-deco-peridot-veritable-modele-semele\/\" \/>\n<meta property=\"og:site_name\" content=\"Valkyrie Paris\" \/>\n<meta property=\"article:publisher\" content=\"https:\/\/www.facebook.com\/ValkyrieParis\" \/>\n<meta property=\"article:modified_time\" content=\"2026-01-29T11:22:56+00:00\" \/>\n<meta property=\"og:image\" content=\"https:\/\/valkyrieparis-bijoux.fr\/wp-content\/uploads\/2024\/05\/IMG_8741-1.jpg\" \/>\n\t<meta property=\"og:image:width\" content=\"1200\" \/>\n\t<meta property=\"og:image:height\" content=\"1200\" \/>\n\t<meta property=\"og:image:type\" content=\"image\/jpeg\" \/>\n<meta name=\"twitter:label1\" content=\"Est. reading time\" \/>\n\t<meta name=\"twitter:data1\" content=\"3 minutes\" \/>\n<script type=\"application\/ld+json\" class=\"yoast-schema-graph\">{\"@context\":\"https:\/\/schema.org\",\"@graph\":[{\"@type\":\"WebPage\",\"@id\":\"https:\/\/valkyrieparis-bijoux.fr\/en\/bagues-art-deco\/bague-art-deco-peridot-veritable-modele-semele\/\",\"url\":\"https:\/\/valkyrieparis-bijoux.fr\/en\/bagues-art-deco\/bague-art-deco-peridot-veritable-modele-semele\/\",\"name\":\"Bague art d\u00e9co - p\u00e9ridot - mod\u00e8le S\u00e9m\u00e9l\u00e9 -\",\"isPartOf\":{\"@id\":\"https:\/\/valkyrieparis-bijoux.fr\/en\/#website\"},\"primaryImageOfPage\":{\"@id\":\"https:\/\/valkyrieparis-bijoux.fr\/en\/bagues-art-deco\/bague-art-deco-peridot-veritable-modele-semele\/#primaryimage\"},\"image\":{\"@id\":\"https:\/\/valkyrieparis-bijoux.fr\/en\/bagues-art-deco\/bague-art-deco-peridot-veritable-modele-semele\/#primaryimage\"},\"thumbnailUrl\":\"https:\/\/valkyrieparis-bijoux.fr\/wp-content\/uploads\/2024\/05\/IMG_8741-1.jpg\",\"datePublished\":\"2022-10-13T09:03:51+00:00\",\"dateModified\":\"2026-01-29T11:22:56+00:00\",\"description\":\"Le mod\u00e8le S\u00e9m\u00e9l\u00e9 est ador\u00e9 pour son style vintage. La finesse de cette bague art d\u00e9co vous permet de la porter au quotidien.\",\"breadcrumb\":{\"@id\":\"https:\/\/valkyrieparis-bijoux.fr\/en\/bagues-art-deco\/bague-art-deco-peridot-veritable-modele-semele\/#breadcrumb\"},\"inLanguage\":\"en-US\",\"potentialAction\":[{\"@type\":\"ReadAction\",\"target\":[\"https:\/\/valkyrieparis-bijoux.fr\/en\/bagues-art-deco\/bague-art-deco-peridot-veritable-modele-semele\/\"]}]},{\"@type\":\"ImageObject\",\"inLanguage\":\"en-US\",\"@id\":\"https:\/\/valkyrieparis-bijoux.fr\/en\/bagues-art-deco\/bague-art-deco-peridot-veritable-modele-semele\/#primaryimage\",\"url\":\"https:\/\/valkyrieparis-bijoux.fr\/wp-content\/uploads\/2024\/05\/IMG_8741-1.jpg\",\"contentUrl\":\"https:\/\/valkyrieparis-bijoux.fr\/wp-content\/uploads\/2024\/05\/IMG_8741-1.jpg\",\"width\":1200,\"height\":1200,\"caption\":\"bague-art-deco-peridot\"},{\"@type\":\"BreadcrumbList\",\"@id\":\"https:\/\/valkyrieparis-bijoux.fr\/en\/bagues-art-deco\/bague-art-deco-peridot-veritable-modele-semele\/#breadcrumb\",\"itemListElement\":[{\"@type\":\"ListItem\",\"position\":1,\"name\":\"Boutique\",\"item\":\"https:\/\/valkyrieparis-bijoux.fr\/boutique-valkyrie\/\"},{\"@type\":\"ListItem\",\"position\":2,\"name\":\"Bague art d\u00e9co &#8211; p\u00e9ridot &#8211; mod\u00e8le S\u00e9m\u00e9l\u00e9\"}]},{\"@type\":\"WebSite\",\"@id\":\"https:\/\/valkyrieparis-bijoux.fr\/en\/#website\",\"url\":\"https:\/\/valkyrieparis-bijoux.fr\/en\/\",\"name\":\"Valkyrie Paris\",\"description\":\"Cr\u00e9ateurs de Bijoux Art D\u00e9co\",\"publisher\":{\"@id\":\"https:\/\/valkyrieparis-bijoux.fr\/en\/#organization\"},\"potentialAction\":[{\"@type\":\"SearchAction\",\"target\":{\"@type\":\"EntryPoint\",\"urlTemplate\":\"https:\/\/valkyrieparis-bijoux.fr\/en\/?s={search_term_string}\"},\"query-input\":{\"@type\":\"PropertyValueSpecification\",\"valueRequired\":true,\"valueName\":\"search_term_string\"}}],\"inLanguage\":\"en-US\"},{\"@type\":\"Organization\",\"@id\":\"https:\/\/valkyrieparis-bijoux.fr\/en\/#organization\",\"name\":\"Valkyrie Paris\",\"url\":\"https:\/\/valkyrieparis-bijoux.fr\/en\/\",\"logo\":{\"@type\":\"ImageObject\",\"inLanguage\":\"en-US\",\"@id\":\"https:\/\/valkyrieparis-bijoux.fr\/en\/#\/schema\/logo\/image\/\",\"url\":\"https:\/\/valkyrieparis-bijoux.fr\/wp-content\/uploads\/2021\/03\/Valkyrie_logo_noir-2.png\",\"contentUrl\":\"https:\/\/valkyrieparis-bijoux.fr\/wp-content\/uploads\/2021\/03\/Valkyrie_logo_noir-2.png\",\"width\":1000,\"height\":321,\"caption\":\"Valkyrie Paris\"},\"image\":{\"@id\":\"https:\/\/valkyrieparis-bijoux.fr\/en\/#\/schema\/logo\/image\/\"},\"sameAs\":[\"https:\/\/www.facebook.com\/ValkyrieParis\",\"https:\/\/www.instagram.com\/valkyrieparis\/\",\"https:\/\/www.pinterest.fr\/ValkyrieParis\/_created\/\"]}]}<\/script>\n<!-- \/ Yoast SEO plugin. -->","yoast_head_json":{"title":"Art deco ring - peridot - S\u00e9m\u00e9l\u00e9 model -","description":"The S\u00e9m\u00e9l\u00e9 model is adored for its vintage style. The finesse of this art deco ring means you can wear it every day.","robots":{"index":"index","follow":"follow","max-snippet":"max-snippet:-1","max-image-preview":"max-image-preview:large","max-video-preview":"max-video-preview:-1"},"canonical":"https:\/\/valkyrieparis-bijoux.fr\/en\/bagues-art-deco\/bague-art-deco-peridot-veritable-modele-semele\/","og_locale":"en_US","og_type":"article","og_title":"Bague art d\u00e9co - p\u00e9ridot - mod\u00e8le S\u00e9m\u00e9l\u00e9 -","og_description":"Le mod\u00e8le S\u00e9m\u00e9l\u00e9 est ador\u00e9 pour son style vintage. La finesse de cette bague art d\u00e9co vous permet de la porter au quotidien.","og_url":"https:\/\/valkyrieparis-bijoux.fr\/en\/bagues-art-deco\/bague-art-deco-peridot-veritable-modele-semele\/","og_site_name":"Valkyrie Paris","article_publisher":"https:\/\/www.facebook.com\/ValkyrieParis","article_modified_time":"2026-01-29T11:22:56+00:00","og_image":[{"width":1200,"height":1200,"url":"https:\/\/valkyrieparis-bijoux.fr\/wp-content\/uploads\/2024\/05\/IMG_8741-1.jpg","type":"image\/jpeg"}],"twitter_misc":{"Est. reading time":"3 minutes"},"schema":{"@context":"https:\/\/schema.org","@graph":[{"@type":"WebPage","@id":"https:\/\/valkyrieparis-bijoux.fr\/en\/bagues-art-deco\/bague-art-deco-peridot-veritable-modele-semele\/","url":"https:\/\/valkyrieparis-bijoux.fr\/en\/bagues-art-deco\/bague-art-deco-peridot-veritable-modele-semele\/","name":"Art deco ring - peridot - S\u00e9m\u00e9l\u00e9 model -","isPartOf":{"@id":"https:\/\/valkyrieparis-bijoux.fr\/en\/#website"},"primaryImageOfPage":{"@id":"https:\/\/valkyrieparis-bijoux.fr\/en\/bagues-art-deco\/bague-art-deco-peridot-veritable-modele-semele\/#primaryimage"},"image":{"@id":"https:\/\/valkyrieparis-bijoux.fr\/en\/bagues-art-deco\/bague-art-deco-peridot-veritable-modele-semele\/#primaryimage"},"thumbnailUrl":"https:\/\/valkyrieparis-bijoux.fr\/wp-content\/uploads\/2024\/05\/IMG_8741-1.jpg","datePublished":"2022-10-13T09:03:51+00:00","dateModified":"2026-01-29T11:22:56+00:00","description":"The S\u00e9m\u00e9l\u00e9 model is adored for its vintage style. The finesse of this art deco ring means you can wear it every day.","breadcrumb":{"@id":"https:\/\/valkyrieparis-bijoux.fr\/en\/bagues-art-deco\/bague-art-deco-peridot-veritable-modele-semele\/#breadcrumb"},"inLanguage":"en-US","potentialAction":[{"@type":"ReadAction","target":["https:\/\/valkyrieparis-bijoux.fr\/en\/bagues-art-deco\/bague-art-deco-peridot-veritable-modele-semele\/"]}]},{"@type":"ImageObject","inLanguage":"en-US","@id":"https:\/\/valkyrieparis-bijoux.fr\/en\/bagues-art-deco\/bague-art-deco-peridot-veritable-modele-semele\/#primaryimage","url":"https:\/\/valkyrieparis-bijoux.fr\/wp-content\/uploads\/2024\/05\/IMG_8741-1.jpg","contentUrl":"https:\/\/valkyrieparis-bijoux.fr\/wp-content\/uploads\/2024\/05\/IMG_8741-1.jpg","width":1200,"height":1200,"caption":"bague-art-deco-peridot"},{"@type":"BreadcrumbList","@id":"https:\/\/valkyrieparis-bijoux.fr\/en\/bagues-art-deco\/bague-art-deco-peridot-veritable-modele-semele\/#breadcrumb","itemListElement":[{"@type":"ListItem","position":1,"name":"Boutique","item":"https:\/\/valkyrieparis-bijoux.fr\/boutique-valkyrie\/"},{"@type":"ListItem","position":2,"name":"Bague art d\u00e9co &#8211; p\u00e9ridot &#8211; mod\u00e8le S\u00e9m\u00e9l\u00e9"}]},{"@type":"WebSite","@id":"https:\/\/valkyrieparis-bijoux.fr\/en\/#website","url":"https:\/\/valkyrieparis-bijoux.fr\/en\/","name":"Valkyrie Paris","description":"Art Deco Jewellery Designers","publisher":{"@id":"https:\/\/valkyrieparis-bijoux.fr\/en\/#organization"},"potentialAction":[{"@type":"SearchAction","target":{"@type":"EntryPoint","urlTemplate":"https:\/\/valkyrieparis-bijoux.fr\/en\/?s={search_term_string}"},"query-input":{"@type":"PropertyValueSpecification","valueRequired":true,"valueName":"search_term_string"}}],"inLanguage":"en-US"},{"@type":"Organization","@id":"https:\/\/valkyrieparis-bijoux.fr\/en\/#organization","name":"Valkyrie Paris","url":"https:\/\/valkyrieparis-bijoux.fr\/en\/","logo":{"@type":"ImageObject","inLanguage":"en-US","@id":"https:\/\/valkyrieparis-bijoux.fr\/en\/#\/schema\/logo\/image\/","url":"https:\/\/valkyrieparis-bijoux.fr\/wp-content\/uploads\/2021\/03\/Valkyrie_logo_noir-2.png","contentUrl":"https:\/\/valkyrieparis-bijoux.fr\/wp-content\/uploads\/2021\/03\/Valkyrie_logo_noir-2.png","width":1000,"height":321,"caption":"Valkyrie Paris"},"image":{"@id":"https:\/\/valkyrieparis-bijoux.fr\/en\/#\/schema\/logo\/image\/"},"sameAs":["https:\/\/www.facebook.com\/ValkyrieParis","https:\/\/www.instagram.com\/valkyrieparis\/","https:\/\/www.pinterest.fr\/ValkyrieParis\/_created\/"]}]}},"_links":{"self":[{"href":"https:\/\/valkyrieparis-bijoux.fr\/en\/wp-json\/wp\/v2\/product\/222389","targetHints":{"allow":["GET"]}}],"collection":[{"href":"https:\/\/valkyrieparis-bijoux.fr\/en\/wp-json\/wp\/v2\/product"}],"about":[{"href":"https:\/\/valkyrieparis-bijoux.fr\/en\/wp-json\/wp\/v2\/types\/product"}],"wp:featuredmedia":[{"embeddable":true,"href":"https:\/\/valkyrieparis-bijoux.fr\/en\/wp-json\/wp\/v2\/media\/226017"}],"wp:attachment":[{"href":"https:\/\/valkyrieparis-bijoux.fr\/en\/wp-json\/wp\/v2\/media?parent=222389"}],"wp:term":[{"taxonomy":"product_brand","embeddable":true,"href":"https:\/\/valkyrieparis-bijoux.fr\/en\/wp-json\/wp\/v2\/product_brand?post=222389"},{"taxonomy":"product_cat","embeddable":true,"href":"https:\/\/valkyrieparis-bijoux.fr\/en\/wp-json\/wp\/v2\/product_cat?post=222389"},{"taxonomy":"product_tag","embeddable":true,"href":"https:\/\/valkyrieparis-bijoux.fr\/en\/wp-json\/wp\/v2\/product_tag?post=222389"}],"curies":[{"name":"wp","href":"https:\/\/api.w.org\/{rel}","templated":true}]}}