{"id":221931,"date":"2022-07-12T10:50:23","date_gmt":"2022-07-12T09:50:23","guid":{"rendered":"https:\/\/valkyrieparis-bijoux.fr\/?post_type=product&#038;p=221931"},"modified":"2026-02-03T16:28:19","modified_gmt":"2026-02-03T15:28:19","slug":"bague-tank-argent-nacre-authentique-modele-electra","status":"publish","type":"product","link":"https:\/\/valkyrieparis-bijoux.fr\/en\/bagues-tank\/bague-tank-argent-nacre-authentique-modele-electra\/","title":{"rendered":"Tank ring - mother-of-pearl - Electra model"},"content":{"rendered":"<p>[et_pb_section fb_built=\u00a0\u00bb1&Prime; _builder_version=\u00a0\u00bb4.16&Prime; custom_padding=\u00a0\u00bb0px||||false|false\u00a0\u00bb global_colors_info=\u00a0\u00bb{}\u00a0\u00bb][et_pb_row _builder_version=\u00a0\u00bb4.16&Prime; background_size=\u00a0\u00bbinitial\u00a0\u00bb background_position=\u00a0\u00bbtop_left\u00a0\u00bb background_repeat=\u00a0\u00bbrepeat\u00a0\u00bb width=\u00a0\u00bb100%\u00a0\u00bb custom_padding=\u00a0\u00bb0px||0px||false|false\u00a0\u00bb global_colors_info=\u00a0\u00bb{}\u00a0\u00bb][et_pb_column type=\u00a0\u00bb4_4&Prime; _builder_version=\u00a0\u00bb4.16&Prime; custom_padding=\u00a0\u00bb|||\u00a0\u00bb global_colors_info=\u00a0\u00bb{}\u00a0\u00bb custom_padding__hover=\u00a0\u00bb|||\u00a0\u00bb][et_pb_wc_breadcrumb _builder_version=\u00a0\u00bb4.16&Prime; global_colors_info=\u00a0\u00bb{}\u00a0\u00bb][\/et_pb_wc_breadcrumb][et_pb_wc_cart_notice _builder_version=\u00a0\u00bb4.16&Prime; global_colors_info=\u00a0\u00bb{}\u00a0\u00bb][\/et_pb_wc_cart_notice][\/et_pb_column][\/et_pb_row][et_pb_row column_structure=\u00a0\u00bb1_2,1_2&Prime; _builder_version=\u00a0\u00bb4.16&Prime; background_size=\u00a0\u00bbinitial\u00a0\u00bb background_position=\u00a0\u00bbtop_left\u00a0\u00bb background_repeat=\u00a0\u00bbrepeat\u00a0\u00bb width=\u00a0\u00bb100%\u00a0\u00bb custom_padding=\u00a0\u00bb0px||||false|false\u00a0\u00bb global_colors_info=\u00a0\u00bb{}\u00a0\u00bb][et_pb_column type=\u00a0\u00bb1_2&Prime; _builder_version=\u00a0\u00bb4.16&Prime; custom_padding=\u00a0\u00bb|||\u00a0\u00bb global_colors_info=\u00a0\u00bb{}\u00a0\u00bb custom_padding__hover=\u00a0\u00bb|||\u00a0\u00bb][et_pb_wc_images _builder_version=\u00a0\u00bb4.16&Prime; global_colors_info=\u00a0\u00bb{}\u00a0\u00bb][\/et_pb_wc_images][\/et_pb_column][et_pb_column type=\u00a0\u00bb1_2&Prime; _builder_version=\u00a0\u00bb4.16&Prime; custom_padding=\u00a0\u00bb|||\u00a0\u00bb global_colors_info=\u00a0\u00bb{}\u00a0\u00bb custom_padding__hover=\u00a0\u00bb|||\u00a0\u00bb][et_pb_wc_title _builder_version=\u00a0\u00bb4.16&Prime; global_colors_info=\u00a0\u00bb{}\u00a0\u00bb][\/et_pb_wc_title][et_pb_wc_rating _builder_version=\u00a0\u00bb4.16&Prime; global_colors_info=\u00a0\u00bb{}\u00a0\u00bb][\/et_pb_wc_rating][et_pb_wc_price _builder_version=\u00a0\u00bb4.16&Prime; global_colors_info=\u00a0\u00bb{}\u00a0\u00bb][\/et_pb_wc_price][et_pb_wc_description _builder_version=\u00a0\u00bb4.16&Prime; global_colors_info=\u00a0\u00bb{}\u00a0\u00bb][\/et_pb_wc_description][et_pb_wc_add_to_cart _builder_version=\u00a0\u00bb4.16&Prime; global_colors_info=\u00a0\u00bb{}\u00a0\u00bb][\/et_pb_wc_add_to_cart][et_pb_wc_meta _builder_version=\u00a0\u00bb4.16&Prime; global_colors_info=\u00a0\u00bb{}\u00a0\u00bb][\/et_pb_wc_meta][\/et_pb_column][\/et_pb_row][et_pb_row _builder_version=\u00a0\u00bb4.16&Prime; background_size=\u00a0\u00bbinitial\u00a0\u00bb background_position=\u00a0\u00bbtop_left\u00a0\u00bb background_repeat=\u00a0\u00bbrepeat\u00a0\u00bb width=\u00a0\u00bb100%\u00a0\u00bb global_colors_info=\u00a0\u00bb{}\u00a0\u00bb][et_pb_column type=\u00a0\u00bb4_4&Prime; _builder_version=\u00a0\u00bb4.16&Prime; custom_padding=\u00a0\u00bb|||\u00a0\u00bb global_colors_info=\u00a0\u00bb{}\u00a0\u00bb custom_padding__hover=\u00a0\u00bb|||\u00a0\u00bb][et_pb_wc_tabs _builder_version=\u00a0\u00bb4.16&Prime; global_colors_info=\u00a0\u00bb{}\u00a0\u00bb]\t\t\t\t\t[\/et_pb_wc_tabs][et_pb_wc_upsells _builder_version=\u00a0\u00bb4.16&Prime; global_colors_info=\u00a0\u00bb{}\u00a0\u00bb][\/et_pb_wc_upsells][et_pb_wc_related_products _builder_version=\u00a0\u00bb4.16&Prime; global_colors_info=\u00a0\u00bb{}\u00a0\u00bb][\/et_pb_wc_related_products][et_pb_code _builder_version=\u00a0\u00bb4.23.1&Prime; _module_preset=\u00a0\u00bbdefault\u00a0\u00bb global_colors_info=\u00a0\u00bb{}\u00a0\u00bb]<\/p>\n<div id=\"sagProductReviews\"><\/div>\n<p><!-- [et_pb_line_break_holder] --><script type=\"text\/javascript\"><!-- [et_pb_line_break_holder] -->window.onload = function () {<!-- [et_pb_line_break_holder] --> if (document.getElementById(\"ag-s\")) {<!-- [et_pb_line_break_holder] --> var sagProductReviews = document.getElementById(\"ag-s\");<!-- [et_pb_line_break_holder] --> document.getElementById(\"sagProductReviews\").appendChild(sagProductReviews);<!-- [et_pb_line_break_holder] --> sagProductReviews.setAttribute(\"style\", \"display:block !important;\");<!-- [et_pb_line_break_holder] --> }<!-- [et_pb_line_break_holder] -->}<!-- [et_pb_line_break_holder] --><\/script><!-- [et_pb_line_break_holder] --><!-- [et_pb_line_break_holder] -->[\/et_pb_code][\/et_pb_column][\/et_pb_row][\/et_pb_section]<\/p>\n","protected":false},"excerpt":{"rendered":"<a rel=\"noreferrer\" href=\"https:\/\/valkyrieparis-bijoux.fr\/wp-content\/uploads\/2022\/07\/bague-tank-nacre.mp4\" class=\"vp-a vp-mp4-type vp-modal-click vp-modal-click_shortcode\">Discover the jewel in video<\/a>\n<p>(Re)discover this marvel adorned with three genuine mother-of-pearl stones. A best-seller in our tank ring collection, you won't be able to get enough of its elegance. The perfect marriage of silver and white stone makes this jewel a daily must-have.<\/p>\n<p>&gt; <strong>Material<\/strong> and stone: silver, natural mother-of-pearl<br \/>\n&gt; <strong>Dimensions<\/strong> 1.4 cm (length) x 1.9 cm (width)<br \/>\n&gt; <strong>Delivery<\/strong> free of charge in France<br \/>\n&gt; <strong>\u00c9crin<\/strong> Valkyrie offert<br \/>\n&gt; Ring <strong>warranty<\/strong> one year against manufacturing defects<br \/>\n&gt; Hypoallergenic ring<\/p>","protected":false},"featured_media":226303,"template":"","meta":{"_et_pb_use_builder":"on","_et_pb_old_content":"<h2>Une ravissante bague tank originale et intemporelle<\/h2>\r\nLe <a href=\"https:\/\/valkyrieparis-bijoux.fr\/bagues-tank\/bague-tank-art-deco-agate-verte-modele-electra\/\">style vintage<\/a> et r\u00e9tro revient \u00e0 la mode. Il donne du caract\u00e8re et un certain cachet \u00e0 vos tenues. Faites-vous plaisir avec cette <strong>bague tank<\/strong>\u00a0hypoallerg\u00e9nique qui convient \u00e0 tous les looks. La nacre se marie parfaitement avec l\u2019argent. Ce sont des teintes neutres et sobres que vous pourrez associer \u00e0 la couleur de votre choix.\r\n\r\nLe design s\u2019adapte un peu plus au monde contemporain, mais reste complexe et arbore une forme cubique avec de petites griffes. Les <strong>joaillers<\/strong> ont all\u00e9g\u00e9 la taille de la bague par rapport \u00e0 celle de la bague tank d\u2019origine. Elle reste quand m\u00eame plus remarquable que les bagues de taille normale.\r\n\r\nLes pierres sont taill\u00e9es plus finement. Les anneaux peuvent \u00eatre sertis de <strong>pierres pr\u00e9cieuses<\/strong> comme le diamant, le rubis, l\u2019\u00e9meraude, le saphir. Ils peuvent par ailleurs \u00eatre orn\u00e9s de pierres semi-pr\u00e9cieuses comme l\u2019onyx, l\u2019aigu\u00eb marine, l\u2019am\u00e9thyste, le quartz, le lapis lazuli, la citrine, la topaze bleue, l\u2019amazonite, le turquoise, la pierre de lune, la tourmaline etc. Une alternative plus abordable serait une d\u00e9clinaison en plaqu\u00e9 or ou en argent plaqu\u00e9 avec des pierres en oxydes de zirconium. Sachez toutefois qu\u2019il est possible de <strong>personnaliser<\/strong> votre bijou avec les pierres de votre choix.\r\n<h2>La nacre\u00a0: un excellent r\u00e9gulateur d\u2019humeur<\/h2>\r\nSi vous cherchez un accessoire pour compl\u00e9ter votre <strong>collection de bijou<\/strong>, cette bague en argent pour femme est ce qu\u2019il vous faut. Vous pourrez la porter avec des boucles d\u2019oreilles discr\u00e8tes, un sautoir en argent fin, une manchette ou un pendentif en argent.\r\n\r\nC\u2019est aussi une <a href=\"https:\/\/valkyrieparis-bijoux.fr\/bagues-tank\">id\u00e9e-cadeau<\/a> pour un \u00eatre cher car elle vous sera remise dans une jolie bo\u00eete avec le <strong>certificat d\u2019authenticit\u00e9<\/strong>. C\u2019est encore mieux qu\u2019un \u00e9crin. Si vous h\u00e9sitez encore, sachez que la taille de bague est parfaitement ajustable \u00e0 votre tour de doigt.\r\n\r\nLa <strong>nacre<\/strong> a des vertus qui peuvent vous lib\u00e9rer de vos peurs et de vos angoisses. En la portant tous les jours, vous aurez un sentiment de bien-\u00eatre et de l\u00e9g\u00e8ret\u00e9. Vous vous sentirez mieux dans votre peau et vous pourrez vous affirmer et vous exprimer sans craindre l\u2019opinion des autres. Elle pourra aussi vous rendre intuitive et vous serez plus ouverte d\u2019esprit. Ce serait aussi une bonne id\u00e9e d\u2019en faire une parure ou m\u00eame une bague de fian\u00e7ailles.\r\n<h2>Une bague vintage en argent orn\u00e9e de nacre authentique<\/h2>\r\nCette magnifique bague tank a un style r\u00e9tro qui s\u00e9duit au premier regard. Les premiers bijoux de cette forme ont \u00e9t\u00e9 cr\u00e9\u00e9s durant les ann\u00e9es 40. Cette p\u00e9riode a \u00e9t\u00e9 marqu\u00e9e par une crise \u00e9conomique qui a fait suite \u00e0 la guerre. Les <strong>bijoutiers<\/strong> ont imagin\u00e9 cette bague d\u2019une taille imposante, qui rappelait en quelque sorte celle des gros engins, dont elle tire son nom. Toutefois, ses lignes sculpturales et son raffinement lui conf\u00e8rent une \u00e9l\u00e9gance rare.\r\n\r\nLe fait de poss\u00e9der des objets et des accessoires d\u2019une taille consid\u00e9rable durant cette \u00e9poque signifiait la puissance et la domination. Les personnes de prestige rivalisaient alors avec leurs grosses voitures, leurs maisons immenses et d\u2019impressionnants bijoux. Elles \u00e9taient de grosses bagues avec des pierres fines pour homme en platine ou en or jaune, assorties avec des montres tank. Elles \u00e9taient port\u00e9es comme une bague <strong>chevali\u00e8re<\/strong>.\r\n\r\nLa <strong>joaillerie<\/strong> a aussi cr\u00e9\u00e9e une version de la bague tank, pour les femmes sensuelles et guerri\u00e8res. Elle s\u2019inspirait des ic\u00f4nes des ann\u00e9es 30 comme Hedy Lamarr, consid\u00e9r\u00e9e alors comme la plus belle femme du monde. C\u2019\u00e9tait une actrice et une ing\u00e9nieure d\u2019origine autrichienne. Elle incarnait la beaut\u00e9, l\u2019intelligence et l\u2019ind\u00e9pendance.","_et_gb_content_width":""},"product_brand":[],"product_cat":[169],"product_tag":[],"class_list":{"0":"post-221931","1":"product","2":"type-product","3":"status-publish","4":"has-post-thumbnail","6":"product_cat-bagues-tank","8":"first","9":"instock","10":"shipping-taxable","11":"purchasable","12":"product-type-variable"},"yoast_head":"<!-- This site is optimized with the Yoast SEO plugin v26.9 - https:\/\/yoast.com\/product\/yoast-seo-wordpress\/ -->\n<title>Bague tank - nacre - mod\u00e8le Electra - Valkyrie Paris<\/title>\n<meta name=\"description\" content=\"Le mod\u00e8le Electra vous fait de l&#039;oeil ? (Re)-d\u00e9couvrez la bague tank par\u00e9e de trois nacres v\u00e9ritables et facilement portable.\" \/>\n<meta name=\"robots\" content=\"index, follow, max-snippet:-1, max-image-preview:large, max-video-preview:-1\" \/>\n<link rel=\"canonical\" href=\"https:\/\/valkyrieparis-bijoux.fr\/en\/bagues-tank\/bague-tank-argent-nacre-authentique-modele-electra\/\" \/>\n<meta property=\"og:locale\" content=\"en_US\" \/>\n<meta property=\"og:type\" content=\"article\" \/>\n<meta property=\"og:title\" content=\"Bague tank - nacre - mod\u00e8le Electra - Valkyrie Paris\" \/>\n<meta property=\"og:description\" content=\"Le mod\u00e8le Electra vous fait de l&#039;oeil ? (Re)-d\u00e9couvrez la bague tank par\u00e9e de trois nacres v\u00e9ritables et facilement portable.\" \/>\n<meta property=\"og:url\" content=\"https:\/\/valkyrieparis-bijoux.fr\/en\/bagues-tank\/bague-tank-argent-nacre-authentique-modele-electra\/\" \/>\n<meta property=\"og:site_name\" content=\"Valkyrie Paris\" \/>\n<meta property=\"article:publisher\" content=\"https:\/\/www.facebook.com\/ValkyrieParis\" \/>\n<meta property=\"article:modified_time\" content=\"2026-02-03T15:28:19+00:00\" \/>\n<meta property=\"og:image\" content=\"https:\/\/valkyrieparis-bijoux.fr\/wp-content\/uploads\/2022\/07\/IMG_8857.jpg\" \/>\n\t<meta property=\"og:image:width\" content=\"1200\" \/>\n\t<meta property=\"og:image:height\" content=\"1200\" \/>\n\t<meta property=\"og:image:type\" content=\"image\/jpeg\" \/>\n<meta name=\"twitter:label1\" content=\"Est. reading time\" \/>\n\t<meta name=\"twitter:data1\" content=\"5 minutes\" \/>\n<script type=\"application\/ld+json\" class=\"yoast-schema-graph\">{\"@context\":\"https:\/\/schema.org\",\"@graph\":[{\"@type\":\"WebPage\",\"@id\":\"https:\/\/valkyrieparis-bijoux.fr\/en\/bagues-tank\/bague-tank-argent-nacre-authentique-modele-electra\/\",\"url\":\"https:\/\/valkyrieparis-bijoux.fr\/en\/bagues-tank\/bague-tank-argent-nacre-authentique-modele-electra\/\",\"name\":\"Bague tank - nacre - mod\u00e8le Electra - Valkyrie Paris\",\"isPartOf\":{\"@id\":\"https:\/\/valkyrieparis-bijoux.fr\/en\/#website\"},\"primaryImageOfPage\":{\"@id\":\"https:\/\/valkyrieparis-bijoux.fr\/en\/bagues-tank\/bague-tank-argent-nacre-authentique-modele-electra\/#primaryimage\"},\"image\":{\"@id\":\"https:\/\/valkyrieparis-bijoux.fr\/en\/bagues-tank\/bague-tank-argent-nacre-authentique-modele-electra\/#primaryimage\"},\"thumbnailUrl\":\"https:\/\/valkyrieparis-bijoux.fr\/wp-content\/uploads\/2022\/07\/IMG_8857.jpg\",\"datePublished\":\"2022-07-12T09:50:23+00:00\",\"dateModified\":\"2026-02-03T15:28:19+00:00\",\"description\":\"Le mod\u00e8le Electra vous fait de l'oeil ? (Re)-d\u00e9couvrez la bague tank par\u00e9e de trois nacres v\u00e9ritables et facilement portable.\",\"breadcrumb\":{\"@id\":\"https:\/\/valkyrieparis-bijoux.fr\/en\/bagues-tank\/bague-tank-argent-nacre-authentique-modele-electra\/#breadcrumb\"},\"inLanguage\":\"en-US\",\"potentialAction\":[{\"@type\":\"ReadAction\",\"target\":[\"https:\/\/valkyrieparis-bijoux.fr\/en\/bagues-tank\/bague-tank-argent-nacre-authentique-modele-electra\/\"]}]},{\"@type\":\"ImageObject\",\"inLanguage\":\"en-US\",\"@id\":\"https:\/\/valkyrieparis-bijoux.fr\/en\/bagues-tank\/bague-tank-argent-nacre-authentique-modele-electra\/#primaryimage\",\"url\":\"https:\/\/valkyrieparis-bijoux.fr\/wp-content\/uploads\/2022\/07\/IMG_8857.jpg\",\"contentUrl\":\"https:\/\/valkyrieparis-bijoux.fr\/wp-content\/uploads\/2022\/07\/IMG_8857.jpg\",\"width\":1200,\"height\":1200,\"caption\":\"bague-tank-nacre\"},{\"@type\":\"BreadcrumbList\",\"@id\":\"https:\/\/valkyrieparis-bijoux.fr\/en\/bagues-tank\/bague-tank-argent-nacre-authentique-modele-electra\/#breadcrumb\",\"itemListElement\":[{\"@type\":\"ListItem\",\"position\":1,\"name\":\"Boutique\",\"item\":\"https:\/\/valkyrieparis-bijoux.fr\/boutique-valkyrie\/\"},{\"@type\":\"ListItem\",\"position\":2,\"name\":\"Bague tank &#8211; nacre &#8211; mod\u00e8le Electra\"}]},{\"@type\":\"WebSite\",\"@id\":\"https:\/\/valkyrieparis-bijoux.fr\/en\/#website\",\"url\":\"https:\/\/valkyrieparis-bijoux.fr\/en\/\",\"name\":\"Valkyrie Paris\",\"description\":\"Cr\u00e9ateurs de Bijoux Art D\u00e9co\",\"publisher\":{\"@id\":\"https:\/\/valkyrieparis-bijoux.fr\/en\/#organization\"},\"potentialAction\":[{\"@type\":\"SearchAction\",\"target\":{\"@type\":\"EntryPoint\",\"urlTemplate\":\"https:\/\/valkyrieparis-bijoux.fr\/en\/?s={search_term_string}\"},\"query-input\":{\"@type\":\"PropertyValueSpecification\",\"valueRequired\":true,\"valueName\":\"search_term_string\"}}],\"inLanguage\":\"en-US\"},{\"@type\":\"Organization\",\"@id\":\"https:\/\/valkyrieparis-bijoux.fr\/en\/#organization\",\"name\":\"Valkyrie Paris\",\"url\":\"https:\/\/valkyrieparis-bijoux.fr\/en\/\",\"logo\":{\"@type\":\"ImageObject\",\"inLanguage\":\"en-US\",\"@id\":\"https:\/\/valkyrieparis-bijoux.fr\/en\/#\/schema\/logo\/image\/\",\"url\":\"https:\/\/valkyrieparis-bijoux.fr\/wp-content\/uploads\/2021\/03\/Valkyrie_logo_noir-2.png\",\"contentUrl\":\"https:\/\/valkyrieparis-bijoux.fr\/wp-content\/uploads\/2021\/03\/Valkyrie_logo_noir-2.png\",\"width\":1000,\"height\":321,\"caption\":\"Valkyrie Paris\"},\"image\":{\"@id\":\"https:\/\/valkyrieparis-bijoux.fr\/en\/#\/schema\/logo\/image\/\"},\"sameAs\":[\"https:\/\/www.facebook.com\/ValkyrieParis\",\"https:\/\/www.instagram.com\/valkyrieparis\/\",\"https:\/\/www.pinterest.fr\/ValkyrieParis\/_created\/\"]}]}<\/script>\n<!-- \/ Yoast SEO plugin. -->","yoast_head_json":{"title":"Tank ring - mother-of-pearl - Electra model - Valkyrie Paris","description":"Are you interested in the Electra model? (Re)-discover the tank ring, adorned with three genuine mother-of-pearl stones and easily wearable.","robots":{"index":"index","follow":"follow","max-snippet":"max-snippet:-1","max-image-preview":"max-image-preview:large","max-video-preview":"max-video-preview:-1"},"canonical":"https:\/\/valkyrieparis-bijoux.fr\/en\/bagues-tank\/bague-tank-argent-nacre-authentique-modele-electra\/","og_locale":"en_US","og_type":"article","og_title":"Bague tank - nacre - mod\u00e8le Electra - Valkyrie Paris","og_description":"Le mod\u00e8le Electra vous fait de l'oeil ? (Re)-d\u00e9couvrez la bague tank par\u00e9e de trois nacres v\u00e9ritables et facilement portable.","og_url":"https:\/\/valkyrieparis-bijoux.fr\/en\/bagues-tank\/bague-tank-argent-nacre-authentique-modele-electra\/","og_site_name":"Valkyrie Paris","article_publisher":"https:\/\/www.facebook.com\/ValkyrieParis","article_modified_time":"2026-02-03T15:28:19+00:00","og_image":[{"width":1200,"height":1200,"url":"https:\/\/valkyrieparis-bijoux.fr\/wp-content\/uploads\/2022\/07\/IMG_8857.jpg","type":"image\/jpeg"}],"twitter_misc":{"Est. reading time":"5 minutes"},"schema":{"@context":"https:\/\/schema.org","@graph":[{"@type":"WebPage","@id":"https:\/\/valkyrieparis-bijoux.fr\/en\/bagues-tank\/bague-tank-argent-nacre-authentique-modele-electra\/","url":"https:\/\/valkyrieparis-bijoux.fr\/en\/bagues-tank\/bague-tank-argent-nacre-authentique-modele-electra\/","name":"Tank ring - mother-of-pearl - Electra model - Valkyrie Paris","isPartOf":{"@id":"https:\/\/valkyrieparis-bijoux.fr\/en\/#website"},"primaryImageOfPage":{"@id":"https:\/\/valkyrieparis-bijoux.fr\/en\/bagues-tank\/bague-tank-argent-nacre-authentique-modele-electra\/#primaryimage"},"image":{"@id":"https:\/\/valkyrieparis-bijoux.fr\/en\/bagues-tank\/bague-tank-argent-nacre-authentique-modele-electra\/#primaryimage"},"thumbnailUrl":"https:\/\/valkyrieparis-bijoux.fr\/wp-content\/uploads\/2022\/07\/IMG_8857.jpg","datePublished":"2022-07-12T09:50:23+00:00","dateModified":"2026-02-03T15:28:19+00:00","description":"Are you interested in the Electra model? (Re)-discover the tank ring, adorned with three genuine mother-of-pearl stones and easily wearable.","breadcrumb":{"@id":"https:\/\/valkyrieparis-bijoux.fr\/en\/bagues-tank\/bague-tank-argent-nacre-authentique-modele-electra\/#breadcrumb"},"inLanguage":"en-US","potentialAction":[{"@type":"ReadAction","target":["https:\/\/valkyrieparis-bijoux.fr\/en\/bagues-tank\/bague-tank-argent-nacre-authentique-modele-electra\/"]}]},{"@type":"ImageObject","inLanguage":"en-US","@id":"https:\/\/valkyrieparis-bijoux.fr\/en\/bagues-tank\/bague-tank-argent-nacre-authentique-modele-electra\/#primaryimage","url":"https:\/\/valkyrieparis-bijoux.fr\/wp-content\/uploads\/2022\/07\/IMG_8857.jpg","contentUrl":"https:\/\/valkyrieparis-bijoux.fr\/wp-content\/uploads\/2022\/07\/IMG_8857.jpg","width":1200,"height":1200,"caption":"bague-tank-nacre"},{"@type":"BreadcrumbList","@id":"https:\/\/valkyrieparis-bijoux.fr\/en\/bagues-tank\/bague-tank-argent-nacre-authentique-modele-electra\/#breadcrumb","itemListElement":[{"@type":"ListItem","position":1,"name":"Boutique","item":"https:\/\/valkyrieparis-bijoux.fr\/boutique-valkyrie\/"},{"@type":"ListItem","position":2,"name":"Bague tank &#8211; nacre &#8211; mod\u00e8le Electra"}]},{"@type":"WebSite","@id":"https:\/\/valkyrieparis-bijoux.fr\/en\/#website","url":"https:\/\/valkyrieparis-bijoux.fr\/en\/","name":"Valkyrie Paris","description":"Art Deco Jewellery Designers","publisher":{"@id":"https:\/\/valkyrieparis-bijoux.fr\/en\/#organization"},"potentialAction":[{"@type":"SearchAction","target":{"@type":"EntryPoint","urlTemplate":"https:\/\/valkyrieparis-bijoux.fr\/en\/?s={search_term_string}"},"query-input":{"@type":"PropertyValueSpecification","valueRequired":true,"valueName":"search_term_string"}}],"inLanguage":"en-US"},{"@type":"Organization","@id":"https:\/\/valkyrieparis-bijoux.fr\/en\/#organization","name":"Valkyrie Paris","url":"https:\/\/valkyrieparis-bijoux.fr\/en\/","logo":{"@type":"ImageObject","inLanguage":"en-US","@id":"https:\/\/valkyrieparis-bijoux.fr\/en\/#\/schema\/logo\/image\/","url":"https:\/\/valkyrieparis-bijoux.fr\/wp-content\/uploads\/2021\/03\/Valkyrie_logo_noir-2.png","contentUrl":"https:\/\/valkyrieparis-bijoux.fr\/wp-content\/uploads\/2021\/03\/Valkyrie_logo_noir-2.png","width":1000,"height":321,"caption":"Valkyrie Paris"},"image":{"@id":"https:\/\/valkyrieparis-bijoux.fr\/en\/#\/schema\/logo\/image\/"},"sameAs":["https:\/\/www.facebook.com\/ValkyrieParis","https:\/\/www.instagram.com\/valkyrieparis\/","https:\/\/www.pinterest.fr\/ValkyrieParis\/_created\/"]}]}},"_links":{"self":[{"href":"https:\/\/valkyrieparis-bijoux.fr\/en\/wp-json\/wp\/v2\/product\/221931","targetHints":{"allow":["GET"]}}],"collection":[{"href":"https:\/\/valkyrieparis-bijoux.fr\/en\/wp-json\/wp\/v2\/product"}],"about":[{"href":"https:\/\/valkyrieparis-bijoux.fr\/en\/wp-json\/wp\/v2\/types\/product"}],"wp:featuredmedia":[{"embeddable":true,"href":"https:\/\/valkyrieparis-bijoux.fr\/en\/wp-json\/wp\/v2\/media\/226303"}],"wp:attachment":[{"href":"https:\/\/valkyrieparis-bijoux.fr\/en\/wp-json\/wp\/v2\/media?parent=221931"}],"wp:term":[{"taxonomy":"product_brand","embeddable":true,"href":"https:\/\/valkyrieparis-bijoux.fr\/en\/wp-json\/wp\/v2\/product_brand?post=221931"},{"taxonomy":"product_cat","embeddable":true,"href":"https:\/\/valkyrieparis-bijoux.fr\/en\/wp-json\/wp\/v2\/product_cat?post=221931"},{"taxonomy":"product_tag","embeddable":true,"href":"https:\/\/valkyrieparis-bijoux.fr\/en\/wp-json\/wp\/v2\/product_tag?post=221931"}],"curies":[{"name":"wp","href":"https:\/\/api.w.org\/{rel}","templated":true}]}}