{"id":221370,"date":"2022-03-11T15:48:03","date_gmt":"2022-03-11T14:48:03","guid":{"rendered":"https:\/\/valkyrieparis-bijoux.fr\/?post_type=product&#038;p=221370"},"modified":"2026-01-29T15:11:01","modified_gmt":"2026-01-29T14:11:01","slug":"pendentif-nacre-chaine-argent-modele-vanir","status":"publish","type":"product","link":"https:\/\/valkyrieparis-bijoux.fr\/en\/colliers-art-deco\/pendentif-nacre-chaine-argent-modele-vanir\/","title":{"rendered":"Mother-of-pearl pendant and chain - Vanir model"},"content":{"rendered":"","protected":false},"excerpt":{"rendered":"<p><a rel=\"noreferrer\" href=\"https:\/\/valkyrieparis-bijoux.fr\/wp-content\/uploads\/2024\/02\/Collier-art-deco-argent-nacre.mp4\" class=\"vp-a vp-mp4-type vp-modal-click vp-modal-click_shortcode\">Discover the jewel in video<\/a><br \/>\n&nbsp;<br \/>\nWe invite you to discover our mother-of-pearl necklace, an Art Deco-inspired masterpiece perfect for enhancing your wardrobe. Made of sterling silver, also known as 925 silver, this sublime piece features luminous mother-of-pearl, surrounded by delicate, light-catching details. The pendant comes with a lightly twisted chain. It adds a touch of refinement. This jewel is a celebration of retro-chic style, ideal for any elegant, understated collection.<br \/>\n&nbsp;<br \/>\n&gt; <strong>Material<\/strong> Genuine sterling silver, hallmarked 925<br \/>\n&gt; <strong>Stones<\/strong> mother-of-pearl and marcasites<br \/>\n&gt; <strong>Pendant length<\/strong> Size : 2.6 cm<br \/>\n&gt; <strong>Chain length<\/strong> Size : 45 cm<br \/>\n&gt; <strong>Delivery<\/strong> available in France<br \/>\n&gt; <strong>\u00c9crin<\/strong> Valkyrie offert<br \/>\n&gt; Necklace <strong>guaranteed<\/strong> one year against manufacturing defects<br \/>\n&gt; Bijou <strong>hypoallergenic<\/strong><\/p>","protected":false},"featured_media":226080,"template":"","meta":{"_et_pb_use_builder":"","_et_pb_old_content":"","_et_gb_content_width":""},"product_brand":[],"product_cat":[32],"product_tag":[],"class_list":{"0":"post-221370","1":"product","2":"type-product","3":"status-publish","4":"has-post-thumbnail","6":"product_cat-colliers-art-deco","8":"first","9":"instock","10":"shipping-taxable","11":"purchasable","12":"product-type-simple"},"yoast_head":"<!-- This site is optimized with the Yoast SEO plugin v26.9 - https:\/\/yoast.com\/product\/yoast-seo-wordpress\/ -->\n<title>Pendentif nacre avec cha\u00eene argent<\/title>\n<meta name=\"description\" content=\"Ce collier fait-main accompagnera \u00e0 la perfection vos tenues du quotidien ou de soir\u00e9e. Cette pi\u00e8ce vous apportera une allure r\u00e9tro\" \/>\n<meta name=\"robots\" content=\"index, follow, max-snippet:-1, max-image-preview:large, max-video-preview:-1\" \/>\n<link rel=\"canonical\" href=\"https:\/\/valkyrieparis-bijoux.fr\/en\/colliers-art-deco\/pendentif-nacre-chaine-argent-modele-vanir\/\" \/>\n<meta property=\"og:locale\" content=\"en_US\" \/>\n<meta property=\"og:type\" content=\"article\" \/>\n<meta property=\"og:title\" content=\"Pendentif nacre avec cha\u00eene argent\" \/>\n<meta property=\"og:description\" content=\"Ce collier fait-main accompagnera \u00e0 la perfection vos tenues du quotidien ou de soir\u00e9e. Cette pi\u00e8ce vous apportera une allure r\u00e9tro\" \/>\n<meta property=\"og:url\" content=\"https:\/\/valkyrieparis-bijoux.fr\/en\/colliers-art-deco\/pendentif-nacre-chaine-argent-modele-vanir\/\" \/>\n<meta property=\"og:site_name\" content=\"Valkyrie Paris\" \/>\n<meta property=\"article:publisher\" content=\"https:\/\/www.facebook.com\/ValkyrieParis\" \/>\n<meta property=\"article:modified_time\" content=\"2026-01-29T14:11:01+00:00\" \/>\n<meta property=\"og:image\" content=\"https:\/\/valkyrieparis-bijoux.fr\/wp-content\/uploads\/2024\/05\/IMG_7452.jpg\" \/>\n\t<meta property=\"og:image:width\" content=\"1000\" \/>\n\t<meta property=\"og:image:height\" content=\"1000\" \/>\n\t<meta property=\"og:image:type\" content=\"image\/jpeg\" \/>\n<meta name=\"twitter:label1\" content=\"Est. reading time\" \/>\n\t<meta name=\"twitter:data1\" content=\"1 minute\" \/>\n<script type=\"application\/ld+json\" class=\"yoast-schema-graph\">{\"@context\":\"https:\/\/schema.org\",\"@graph\":[{\"@type\":\"WebPage\",\"@id\":\"https:\/\/valkyrieparis-bijoux.fr\/en\/colliers-art-deco\/pendentif-nacre-chaine-argent-modele-vanir\/\",\"url\":\"https:\/\/valkyrieparis-bijoux.fr\/en\/colliers-art-deco\/pendentif-nacre-chaine-argent-modele-vanir\/\",\"name\":\"Pendentif nacre avec cha\u00eene argent\",\"isPartOf\":{\"@id\":\"https:\/\/valkyrieparis-bijoux.fr\/en\/#website\"},\"primaryImageOfPage\":{\"@id\":\"https:\/\/valkyrieparis-bijoux.fr\/en\/colliers-art-deco\/pendentif-nacre-chaine-argent-modele-vanir\/#primaryimage\"},\"image\":{\"@id\":\"https:\/\/valkyrieparis-bijoux.fr\/en\/colliers-art-deco\/pendentif-nacre-chaine-argent-modele-vanir\/#primaryimage\"},\"thumbnailUrl\":\"https:\/\/valkyrieparis-bijoux.fr\/wp-content\/uploads\/2024\/05\/IMG_7452.jpg\",\"datePublished\":\"2022-03-11T14:48:03+00:00\",\"dateModified\":\"2026-01-29T14:11:01+00:00\",\"description\":\"Ce collier fait-main accompagnera \u00e0 la perfection vos tenues du quotidien ou de soir\u00e9e. Cette pi\u00e8ce vous apportera une allure r\u00e9tro\",\"breadcrumb\":{\"@id\":\"https:\/\/valkyrieparis-bijoux.fr\/en\/colliers-art-deco\/pendentif-nacre-chaine-argent-modele-vanir\/#breadcrumb\"},\"inLanguage\":\"en-US\",\"potentialAction\":[{\"@type\":\"ReadAction\",\"target\":[\"https:\/\/valkyrieparis-bijoux.fr\/en\/colliers-art-deco\/pendentif-nacre-chaine-argent-modele-vanir\/\"]}]},{\"@type\":\"ImageObject\",\"inLanguage\":\"en-US\",\"@id\":\"https:\/\/valkyrieparis-bijoux.fr\/en\/colliers-art-deco\/pendentif-nacre-chaine-argent-modele-vanir\/#primaryimage\",\"url\":\"https:\/\/valkyrieparis-bijoux.fr\/wp-content\/uploads\/2024\/05\/IMG_7452.jpg\",\"contentUrl\":\"https:\/\/valkyrieparis-bijoux.fr\/wp-content\/uploads\/2024\/05\/IMG_7452.jpg\",\"width\":1000,\"height\":1000,\"caption\":\"pendentif-art-deco-nacre\"},{\"@type\":\"BreadcrumbList\",\"@id\":\"https:\/\/valkyrieparis-bijoux.fr\/en\/colliers-art-deco\/pendentif-nacre-chaine-argent-modele-vanir\/#breadcrumb\",\"itemListElement\":[{\"@type\":\"ListItem\",\"position\":1,\"name\":\"Boutique\",\"item\":\"https:\/\/valkyrieparis-bijoux.fr\/boutique-valkyrie\/\"},{\"@type\":\"ListItem\",\"position\":2,\"name\":\"Pendentif nacre et cha\u00eene &#8211; mod\u00e8le Vanir\"}]},{\"@type\":\"WebSite\",\"@id\":\"https:\/\/valkyrieparis-bijoux.fr\/en\/#website\",\"url\":\"https:\/\/valkyrieparis-bijoux.fr\/en\/\",\"name\":\"Valkyrie Paris\",\"description\":\"Cr\u00e9ateurs de Bijoux Art D\u00e9co\",\"publisher\":{\"@id\":\"https:\/\/valkyrieparis-bijoux.fr\/en\/#organization\"},\"potentialAction\":[{\"@type\":\"SearchAction\",\"target\":{\"@type\":\"EntryPoint\",\"urlTemplate\":\"https:\/\/valkyrieparis-bijoux.fr\/en\/?s={search_term_string}\"},\"query-input\":{\"@type\":\"PropertyValueSpecification\",\"valueRequired\":true,\"valueName\":\"search_term_string\"}}],\"inLanguage\":\"en-US\"},{\"@type\":\"Organization\",\"@id\":\"https:\/\/valkyrieparis-bijoux.fr\/en\/#organization\",\"name\":\"Valkyrie Paris\",\"url\":\"https:\/\/valkyrieparis-bijoux.fr\/en\/\",\"logo\":{\"@type\":\"ImageObject\",\"inLanguage\":\"en-US\",\"@id\":\"https:\/\/valkyrieparis-bijoux.fr\/en\/#\/schema\/logo\/image\/\",\"url\":\"https:\/\/valkyrieparis-bijoux.fr\/wp-content\/uploads\/2021\/03\/Valkyrie_logo_noir-2.png\",\"contentUrl\":\"https:\/\/valkyrieparis-bijoux.fr\/wp-content\/uploads\/2021\/03\/Valkyrie_logo_noir-2.png\",\"width\":1000,\"height\":321,\"caption\":\"Valkyrie Paris\"},\"image\":{\"@id\":\"https:\/\/valkyrieparis-bijoux.fr\/en\/#\/schema\/logo\/image\/\"},\"sameAs\":[\"https:\/\/www.facebook.com\/ValkyrieParis\",\"https:\/\/www.instagram.com\/valkyrieparis\/\",\"https:\/\/www.pinterest.fr\/ValkyrieParis\/_created\/\"]}]}<\/script>\n<!-- \/ Yoast SEO plugin. -->","yoast_head_json":{"title":"Mother-of-pearl pendant with silver chain","description":"This handmade necklace is the perfect accompaniment to your everyday or evening outfits. This piece will give you a retro","robots":{"index":"index","follow":"follow","max-snippet":"max-snippet:-1","max-image-preview":"max-image-preview:large","max-video-preview":"max-video-preview:-1"},"canonical":"https:\/\/valkyrieparis-bijoux.fr\/en\/colliers-art-deco\/pendentif-nacre-chaine-argent-modele-vanir\/","og_locale":"en_US","og_type":"article","og_title":"Pendentif nacre avec cha\u00eene argent","og_description":"Ce collier fait-main accompagnera \u00e0 la perfection vos tenues du quotidien ou de soir\u00e9e. Cette pi\u00e8ce vous apportera une allure r\u00e9tro","og_url":"https:\/\/valkyrieparis-bijoux.fr\/en\/colliers-art-deco\/pendentif-nacre-chaine-argent-modele-vanir\/","og_site_name":"Valkyrie Paris","article_publisher":"https:\/\/www.facebook.com\/ValkyrieParis","article_modified_time":"2026-01-29T14:11:01+00:00","og_image":[{"width":1000,"height":1000,"url":"https:\/\/valkyrieparis-bijoux.fr\/wp-content\/uploads\/2024\/05\/IMG_7452.jpg","type":"image\/jpeg"}],"twitter_misc":{"Est. reading time":"1 minute"},"schema":{"@context":"https:\/\/schema.org","@graph":[{"@type":"WebPage","@id":"https:\/\/valkyrieparis-bijoux.fr\/en\/colliers-art-deco\/pendentif-nacre-chaine-argent-modele-vanir\/","url":"https:\/\/valkyrieparis-bijoux.fr\/en\/colliers-art-deco\/pendentif-nacre-chaine-argent-modele-vanir\/","name":"Mother-of-pearl pendant with silver chain","isPartOf":{"@id":"https:\/\/valkyrieparis-bijoux.fr\/en\/#website"},"primaryImageOfPage":{"@id":"https:\/\/valkyrieparis-bijoux.fr\/en\/colliers-art-deco\/pendentif-nacre-chaine-argent-modele-vanir\/#primaryimage"},"image":{"@id":"https:\/\/valkyrieparis-bijoux.fr\/en\/colliers-art-deco\/pendentif-nacre-chaine-argent-modele-vanir\/#primaryimage"},"thumbnailUrl":"https:\/\/valkyrieparis-bijoux.fr\/wp-content\/uploads\/2024\/05\/IMG_7452.jpg","datePublished":"2022-03-11T14:48:03+00:00","dateModified":"2026-01-29T14:11:01+00:00","description":"This handmade necklace is the perfect accompaniment to your everyday or evening outfits. This piece will give you a retro","breadcrumb":{"@id":"https:\/\/valkyrieparis-bijoux.fr\/en\/colliers-art-deco\/pendentif-nacre-chaine-argent-modele-vanir\/#breadcrumb"},"inLanguage":"en-US","potentialAction":[{"@type":"ReadAction","target":["https:\/\/valkyrieparis-bijoux.fr\/en\/colliers-art-deco\/pendentif-nacre-chaine-argent-modele-vanir\/"]}]},{"@type":"ImageObject","inLanguage":"en-US","@id":"https:\/\/valkyrieparis-bijoux.fr\/en\/colliers-art-deco\/pendentif-nacre-chaine-argent-modele-vanir\/#primaryimage","url":"https:\/\/valkyrieparis-bijoux.fr\/wp-content\/uploads\/2024\/05\/IMG_7452.jpg","contentUrl":"https:\/\/valkyrieparis-bijoux.fr\/wp-content\/uploads\/2024\/05\/IMG_7452.jpg","width":1000,"height":1000,"caption":"pendentif-art-deco-nacre"},{"@type":"BreadcrumbList","@id":"https:\/\/valkyrieparis-bijoux.fr\/en\/colliers-art-deco\/pendentif-nacre-chaine-argent-modele-vanir\/#breadcrumb","itemListElement":[{"@type":"ListItem","position":1,"name":"Boutique","item":"https:\/\/valkyrieparis-bijoux.fr\/boutique-valkyrie\/"},{"@type":"ListItem","position":2,"name":"Pendentif nacre et cha\u00eene &#8211; mod\u00e8le Vanir"}]},{"@type":"WebSite","@id":"https:\/\/valkyrieparis-bijoux.fr\/en\/#website","url":"https:\/\/valkyrieparis-bijoux.fr\/en\/","name":"Valkyrie Paris","description":"Art Deco Jewellery Designers","publisher":{"@id":"https:\/\/valkyrieparis-bijoux.fr\/en\/#organization"},"potentialAction":[{"@type":"SearchAction","target":{"@type":"EntryPoint","urlTemplate":"https:\/\/valkyrieparis-bijoux.fr\/en\/?s={search_term_string}"},"query-input":{"@type":"PropertyValueSpecification","valueRequired":true,"valueName":"search_term_string"}}],"inLanguage":"en-US"},{"@type":"Organization","@id":"https:\/\/valkyrieparis-bijoux.fr\/en\/#organization","name":"Valkyrie Paris","url":"https:\/\/valkyrieparis-bijoux.fr\/en\/","logo":{"@type":"ImageObject","inLanguage":"en-US","@id":"https:\/\/valkyrieparis-bijoux.fr\/en\/#\/schema\/logo\/image\/","url":"https:\/\/valkyrieparis-bijoux.fr\/wp-content\/uploads\/2021\/03\/Valkyrie_logo_noir-2.png","contentUrl":"https:\/\/valkyrieparis-bijoux.fr\/wp-content\/uploads\/2021\/03\/Valkyrie_logo_noir-2.png","width":1000,"height":321,"caption":"Valkyrie Paris"},"image":{"@id":"https:\/\/valkyrieparis-bijoux.fr\/en\/#\/schema\/logo\/image\/"},"sameAs":["https:\/\/www.facebook.com\/ValkyrieParis","https:\/\/www.instagram.com\/valkyrieparis\/","https:\/\/www.pinterest.fr\/ValkyrieParis\/_created\/"]}]}},"_links":{"self":[{"href":"https:\/\/valkyrieparis-bijoux.fr\/en\/wp-json\/wp\/v2\/product\/221370","targetHints":{"allow":["GET"]}}],"collection":[{"href":"https:\/\/valkyrieparis-bijoux.fr\/en\/wp-json\/wp\/v2\/product"}],"about":[{"href":"https:\/\/valkyrieparis-bijoux.fr\/en\/wp-json\/wp\/v2\/types\/product"}],"wp:featuredmedia":[{"embeddable":true,"href":"https:\/\/valkyrieparis-bijoux.fr\/en\/wp-json\/wp\/v2\/media\/226080"}],"wp:attachment":[{"href":"https:\/\/valkyrieparis-bijoux.fr\/en\/wp-json\/wp\/v2\/media?parent=221370"}],"wp:term":[{"taxonomy":"product_brand","embeddable":true,"href":"https:\/\/valkyrieparis-bijoux.fr\/en\/wp-json\/wp\/v2\/product_brand?post=221370"},{"taxonomy":"product_cat","embeddable":true,"href":"https:\/\/valkyrieparis-bijoux.fr\/en\/wp-json\/wp\/v2\/product_cat?post=221370"},{"taxonomy":"product_tag","embeddable":true,"href":"https:\/\/valkyrieparis-bijoux.fr\/en\/wp-json\/wp\/v2\/product_tag?post=221370"}],"curies":[{"name":"wp","href":"https:\/\/api.w.org\/{rel}","templated":true}]}}