{"id":221369,"date":"2022-03-11T15:43:14","date_gmt":"2022-03-11T14:43:14","guid":{"rendered":"https:\/\/valkyrieparis-bijoux.fr\/?post_type=product&#038;p=221369"},"modified":"2026-02-10T11:21:43","modified_gmt":"2026-02-10T10:21:43","slug":"collier-art-deco-agate-verte-marcassite","status":"publish","type":"product","link":"https:\/\/valkyrieparis-bijoux.fr\/en\/colliers-art-deco\/collier-agate-verte-marcassite\/","title":{"rendered":"Art deco necklace - agate - Enchantress design"},"content":{"rendered":"<p><span style=\"color: #333333; font-size: 26px;\">Art Deco necklace with silver chain to accessorize your outfits with style\u00a0<\/span><\/p>\n<p><span style=\"font-weight: 400;\">This wonderful piece is set with an agate stone rich in virtues and benefits. Your art deco green agate necklace is a <\/span><b>pendant <\/b><span style=\"font-weight: 400;\">with silver chain with zircons for more rhinestones. <\/span><span style=\"font-weight: 400;\">Your necklace is delivered free of charge in France.<\/span><span style=\"font-weight: 400;\">\u00a0It comes with a one-year warranty against manufacturing defects. What's more, you can wear this accessory without fear of allergies, since we use hypoallergenic materials.\u00a0<\/span><\/p>\n<h2><span style=\"font-weight: 400;\">Collier d&rsquo;inspiration vintage serti d&rsquo;agate verte v\u00e9ritable<\/span><\/h2>\n<p><span style=\"font-weight: 400;\">Even though it is traditionally used in <\/span><b>jewelry <\/b><span style=\"font-weight: 400;\">and decoration, agate has unsuspected virtues. At <a href=\"https:\/\/valkyrieparis-bijoux.fr\/en\/colliers-art-deco\/\">lithotherapy<\/a> agate's many benefits for body and mind are well known. Agate is said to have healing properties. It is said to help reduce muscular pain and contribute to healthy joints.\u00a0<\/span><\/p>\n<p><span style=\"font-weight: 400;\">At the psychic level, agate is said to be used to dispel negative ideas. It is recommended for pessimists. Agate is also said to facilitate sleep and ward off bad dreams. Visit <\/span><b>virtues <\/b><span style=\"font-weight: 400;\">agate's healing powers also apply at this level. It helps to keep the mind peaceful and unperturbed. <\/span><\/p>","protected":false},"excerpt":{"rendered":"<p><a rel=\"noreferrer\" href=\"https:\/\/valkyrieparis-bijoux.fr\/wp-content\/uploads\/2024\/02\/Collier-art-deco-agate-verte.mp4\" class=\"vp-a vp-mp4-type vp-modal-click vp-modal-click_shortcode\">Discover the jewel in video<\/a><br \/>\n&nbsp;<br \/>\nDiscover our sumptuous art deco necklace, a masterpiece designed in genuine silver, adorned with a fascinating green agate. It is perfectly enhanced by delicate marcasites. A perfect blend of refinement and character, this jewel is a tribute to the Art Deco era. Green agate, a stone of balance and harmony, brings a touch of serenity and well-being to the wearer. This necklace is not just an accessory, it's a promise of distinction and natural virtues.<br \/>\n&nbsp;<br \/>\n&gt; <strong>Material<\/strong> Genuine sterling silver, hallmarked 925<br \/>\n&gt; <strong>Stones<\/strong> Green agate and marcasites<br \/>\n&gt; <strong>Pendant length<\/strong> Size : 5 cm<br \/>\n&gt; <strong>Delivery<\/strong> available in France<br \/>\n&gt; <strong>\u00c9crin<\/strong> Valkyrie offert<br \/>\n&gt; Necklace <strong>guaranteed<\/strong> one year against manufacturing defects<br \/>\n&gt; Bijou <strong>hypoallergenic<\/strong><\/p>","protected":false},"featured_media":225932,"template":"","meta":{"_et_pb_use_builder":"","_et_pb_old_content":"","_et_gb_content_width":""},"product_brand":[],"product_cat":[32],"product_tag":[],"class_list":{"0":"post-221369","1":"product","2":"type-product","3":"status-publish","4":"has-post-thumbnail","6":"product_cat-colliers-art-deco","8":"first","9":"onbackorder","10":"shipping-taxable","11":"purchasable","12":"product-type-simple"},"yoast_head":"<!-- This site is optimized with the Yoast SEO plugin v26.9 - https:\/\/yoast.com\/product\/yoast-seo-wordpress\/ -->\n<title>collier art d\u00e9co agate verte - Valkyrie Paris<\/title>\n<meta name=\"description\" content=\"Laissez-vous s\u00e9duire par la beaut\u00e9 du collier Enchanteresse. Une pi\u00e8ce ma\u00eetresse de l&#039;Art D\u00e9co, sertie d&#039;agate verte. Il s&#039;agit d&#039;un v\u00e9ritable joyau.\" \/>\n<meta name=\"robots\" content=\"index, follow, max-snippet:-1, max-image-preview:large, max-video-preview:-1\" \/>\n<link rel=\"canonical\" href=\"https:\/\/valkyrieparis-bijoux.fr\/en\/colliers-art-deco\/collier-agate-verte-marcassite\/\" \/>\n<meta property=\"og:locale\" content=\"en_US\" \/>\n<meta property=\"og:type\" content=\"article\" \/>\n<meta property=\"og:title\" content=\"collier art d\u00e9co agate verte - Valkyrie Paris\" \/>\n<meta property=\"og:description\" content=\"Laissez-vous s\u00e9duire par la beaut\u00e9 du collier Enchanteresse. Une pi\u00e8ce ma\u00eetresse de l&#039;Art D\u00e9co, sertie d&#039;agate verte. Il s&#039;agit d&#039;un v\u00e9ritable joyau.\" \/>\n<meta property=\"og:url\" content=\"https:\/\/valkyrieparis-bijoux.fr\/en\/colliers-art-deco\/collier-agate-verte-marcassite\/\" \/>\n<meta property=\"og:site_name\" content=\"Valkyrie Paris\" \/>\n<meta property=\"article:publisher\" content=\"https:\/\/www.facebook.com\/ValkyrieParis\" \/>\n<meta property=\"article:modified_time\" content=\"2026-02-10T10:21:43+00:00\" \/>\n<meta property=\"og:image\" content=\"https:\/\/valkyrieparis-bijoux.fr\/wp-content\/uploads\/2024\/05\/IMG_8376.jpg\" \/>\n\t<meta property=\"og:image:width\" content=\"1000\" \/>\n\t<meta property=\"og:image:height\" content=\"1000\" \/>\n\t<meta property=\"og:image:type\" content=\"image\/jpeg\" \/>\n<meta name=\"twitter:label1\" content=\"Est. reading time\" \/>\n\t<meta name=\"twitter:data1\" content=\"2 minutes\" \/>\n<script type=\"application\/ld+json\" class=\"yoast-schema-graph\">{\"@context\":\"https:\/\/schema.org\",\"@graph\":[{\"@type\":\"WebPage\",\"@id\":\"https:\/\/valkyrieparis-bijoux.fr\/en\/colliers-art-deco\/collier-agate-verte-marcassite\/\",\"url\":\"https:\/\/valkyrieparis-bijoux.fr\/en\/colliers-art-deco\/collier-agate-verte-marcassite\/\",\"name\":\"collier art d\u00e9co agate verte - Valkyrie Paris\",\"isPartOf\":{\"@id\":\"https:\/\/valkyrieparis-bijoux.fr\/en\/#website\"},\"primaryImageOfPage\":{\"@id\":\"https:\/\/valkyrieparis-bijoux.fr\/en\/colliers-art-deco\/collier-agate-verte-marcassite\/#primaryimage\"},\"image\":{\"@id\":\"https:\/\/valkyrieparis-bijoux.fr\/en\/colliers-art-deco\/collier-agate-verte-marcassite\/#primaryimage\"},\"thumbnailUrl\":\"https:\/\/valkyrieparis-bijoux.fr\/wp-content\/uploads\/2024\/05\/IMG_8376.jpg\",\"datePublished\":\"2022-03-11T14:43:14+00:00\",\"dateModified\":\"2026-02-10T10:21:43+00:00\",\"description\":\"Laissez-vous s\u00e9duire par la beaut\u00e9 du collier Enchanteresse. Une pi\u00e8ce ma\u00eetresse de l'Art D\u00e9co, sertie d'agate verte. Il s'agit d'un v\u00e9ritable joyau.\",\"breadcrumb\":{\"@id\":\"https:\/\/valkyrieparis-bijoux.fr\/en\/colliers-art-deco\/collier-agate-verte-marcassite\/#breadcrumb\"},\"inLanguage\":\"en-US\",\"potentialAction\":[{\"@type\":\"ReadAction\",\"target\":[\"https:\/\/valkyrieparis-bijoux.fr\/en\/colliers-art-deco\/collier-agate-verte-marcassite\/\"]}]},{\"@type\":\"ImageObject\",\"inLanguage\":\"en-US\",\"@id\":\"https:\/\/valkyrieparis-bijoux.fr\/en\/colliers-art-deco\/collier-agate-verte-marcassite\/#primaryimage\",\"url\":\"https:\/\/valkyrieparis-bijoux.fr\/wp-content\/uploads\/2024\/05\/IMG_8376.jpg\",\"contentUrl\":\"https:\/\/valkyrieparis-bijoux.fr\/wp-content\/uploads\/2024\/05\/IMG_8376.jpg\",\"width\":1000,\"height\":1000,\"caption\":\"collier-agate-marcassites\"},{\"@type\":\"BreadcrumbList\",\"@id\":\"https:\/\/valkyrieparis-bijoux.fr\/en\/colliers-art-deco\/collier-agate-verte-marcassite\/#breadcrumb\",\"itemListElement\":[{\"@type\":\"ListItem\",\"position\":1,\"name\":\"Boutique\",\"item\":\"https:\/\/valkyrieparis-bijoux.fr\/boutique-valkyrie\/\"},{\"@type\":\"ListItem\",\"position\":2,\"name\":\"Collier art d\u00e9co &#8211; agate &#8211; mod\u00e8le Enchanteresse\"}]},{\"@type\":\"WebSite\",\"@id\":\"https:\/\/valkyrieparis-bijoux.fr\/en\/#website\",\"url\":\"https:\/\/valkyrieparis-bijoux.fr\/en\/\",\"name\":\"Valkyrie Paris\",\"description\":\"Cr\u00e9ateurs de Bijoux Art D\u00e9co\",\"publisher\":{\"@id\":\"https:\/\/valkyrieparis-bijoux.fr\/en\/#organization\"},\"potentialAction\":[{\"@type\":\"SearchAction\",\"target\":{\"@type\":\"EntryPoint\",\"urlTemplate\":\"https:\/\/valkyrieparis-bijoux.fr\/en\/?s={search_term_string}\"},\"query-input\":{\"@type\":\"PropertyValueSpecification\",\"valueRequired\":true,\"valueName\":\"search_term_string\"}}],\"inLanguage\":\"en-US\"},{\"@type\":\"Organization\",\"@id\":\"https:\/\/valkyrieparis-bijoux.fr\/en\/#organization\",\"name\":\"Valkyrie Paris\",\"url\":\"https:\/\/valkyrieparis-bijoux.fr\/en\/\",\"logo\":{\"@type\":\"ImageObject\",\"inLanguage\":\"en-US\",\"@id\":\"https:\/\/valkyrieparis-bijoux.fr\/en\/#\/schema\/logo\/image\/\",\"url\":\"https:\/\/valkyrieparis-bijoux.fr\/wp-content\/uploads\/2021\/03\/Valkyrie_logo_noir-2.png\",\"contentUrl\":\"https:\/\/valkyrieparis-bijoux.fr\/wp-content\/uploads\/2021\/03\/Valkyrie_logo_noir-2.png\",\"width\":1000,\"height\":321,\"caption\":\"Valkyrie Paris\"},\"image\":{\"@id\":\"https:\/\/valkyrieparis-bijoux.fr\/en\/#\/schema\/logo\/image\/\"},\"sameAs\":[\"https:\/\/www.facebook.com\/ValkyrieParis\",\"https:\/\/www.instagram.com\/valkyrieparis\/\",\"https:\/\/www.pinterest.fr\/ValkyrieParis\/_created\/\"]}]}<\/script>\n<!-- \/ Yoast SEO plugin. -->","yoast_head_json":{"title":"art deco green agate necklace - Valkyrie Paris","description":"Let yourself be seduced by the beauty of the Enchanteresse necklace. An Art Deco masterpiece, set with green agate. A true gem.","robots":{"index":"index","follow":"follow","max-snippet":"max-snippet:-1","max-image-preview":"max-image-preview:large","max-video-preview":"max-video-preview:-1"},"canonical":"https:\/\/valkyrieparis-bijoux.fr\/en\/colliers-art-deco\/collier-agate-verte-marcassite\/","og_locale":"en_US","og_type":"article","og_title":"collier art d\u00e9co agate verte - Valkyrie Paris","og_description":"Laissez-vous s\u00e9duire par la beaut\u00e9 du collier Enchanteresse. Une pi\u00e8ce ma\u00eetresse de l'Art D\u00e9co, sertie d'agate verte. Il s'agit d'un v\u00e9ritable joyau.","og_url":"https:\/\/valkyrieparis-bijoux.fr\/en\/colliers-art-deco\/collier-agate-verte-marcassite\/","og_site_name":"Valkyrie Paris","article_publisher":"https:\/\/www.facebook.com\/ValkyrieParis","article_modified_time":"2026-02-10T10:21:43+00:00","og_image":[{"width":1000,"height":1000,"url":"https:\/\/valkyrieparis-bijoux.fr\/wp-content\/uploads\/2024\/05\/IMG_8376.jpg","type":"image\/jpeg"}],"twitter_misc":{"Est. reading time":"2 minutes"},"schema":{"@context":"https:\/\/schema.org","@graph":[{"@type":"WebPage","@id":"https:\/\/valkyrieparis-bijoux.fr\/en\/colliers-art-deco\/collier-agate-verte-marcassite\/","url":"https:\/\/valkyrieparis-bijoux.fr\/en\/colliers-art-deco\/collier-agate-verte-marcassite\/","name":"art deco green agate necklace - Valkyrie Paris","isPartOf":{"@id":"https:\/\/valkyrieparis-bijoux.fr\/en\/#website"},"primaryImageOfPage":{"@id":"https:\/\/valkyrieparis-bijoux.fr\/en\/colliers-art-deco\/collier-agate-verte-marcassite\/#primaryimage"},"image":{"@id":"https:\/\/valkyrieparis-bijoux.fr\/en\/colliers-art-deco\/collier-agate-verte-marcassite\/#primaryimage"},"thumbnailUrl":"https:\/\/valkyrieparis-bijoux.fr\/wp-content\/uploads\/2024\/05\/IMG_8376.jpg","datePublished":"2022-03-11T14:43:14+00:00","dateModified":"2026-02-10T10:21:43+00:00","description":"Let yourself be seduced by the beauty of the Enchanteresse necklace. An Art Deco masterpiece, set with green agate. A true gem.","breadcrumb":{"@id":"https:\/\/valkyrieparis-bijoux.fr\/en\/colliers-art-deco\/collier-agate-verte-marcassite\/#breadcrumb"},"inLanguage":"en-US","potentialAction":[{"@type":"ReadAction","target":["https:\/\/valkyrieparis-bijoux.fr\/en\/colliers-art-deco\/collier-agate-verte-marcassite\/"]}]},{"@type":"ImageObject","inLanguage":"en-US","@id":"https:\/\/valkyrieparis-bijoux.fr\/en\/colliers-art-deco\/collier-agate-verte-marcassite\/#primaryimage","url":"https:\/\/valkyrieparis-bijoux.fr\/wp-content\/uploads\/2024\/05\/IMG_8376.jpg","contentUrl":"https:\/\/valkyrieparis-bijoux.fr\/wp-content\/uploads\/2024\/05\/IMG_8376.jpg","width":1000,"height":1000,"caption":"collier-agate-marcassites"},{"@type":"BreadcrumbList","@id":"https:\/\/valkyrieparis-bijoux.fr\/en\/colliers-art-deco\/collier-agate-verte-marcassite\/#breadcrumb","itemListElement":[{"@type":"ListItem","position":1,"name":"Boutique","item":"https:\/\/valkyrieparis-bijoux.fr\/boutique-valkyrie\/"},{"@type":"ListItem","position":2,"name":"Collier art d\u00e9co &#8211; agate &#8211; mod\u00e8le Enchanteresse"}]},{"@type":"WebSite","@id":"https:\/\/valkyrieparis-bijoux.fr\/en\/#website","url":"https:\/\/valkyrieparis-bijoux.fr\/en\/","name":"Valkyrie Paris","description":"Art Deco Jewellery Designers","publisher":{"@id":"https:\/\/valkyrieparis-bijoux.fr\/en\/#organization"},"potentialAction":[{"@type":"SearchAction","target":{"@type":"EntryPoint","urlTemplate":"https:\/\/valkyrieparis-bijoux.fr\/en\/?s={search_term_string}"},"query-input":{"@type":"PropertyValueSpecification","valueRequired":true,"valueName":"search_term_string"}}],"inLanguage":"en-US"},{"@type":"Organization","@id":"https:\/\/valkyrieparis-bijoux.fr\/en\/#organization","name":"Valkyrie Paris","url":"https:\/\/valkyrieparis-bijoux.fr\/en\/","logo":{"@type":"ImageObject","inLanguage":"en-US","@id":"https:\/\/valkyrieparis-bijoux.fr\/en\/#\/schema\/logo\/image\/","url":"https:\/\/valkyrieparis-bijoux.fr\/wp-content\/uploads\/2021\/03\/Valkyrie_logo_noir-2.png","contentUrl":"https:\/\/valkyrieparis-bijoux.fr\/wp-content\/uploads\/2021\/03\/Valkyrie_logo_noir-2.png","width":1000,"height":321,"caption":"Valkyrie Paris"},"image":{"@id":"https:\/\/valkyrieparis-bijoux.fr\/en\/#\/schema\/logo\/image\/"},"sameAs":["https:\/\/www.facebook.com\/ValkyrieParis","https:\/\/www.instagram.com\/valkyrieparis\/","https:\/\/www.pinterest.fr\/ValkyrieParis\/_created\/"]}]}},"_links":{"self":[{"href":"https:\/\/valkyrieparis-bijoux.fr\/en\/wp-json\/wp\/v2\/product\/221369","targetHints":{"allow":["GET"]}}],"collection":[{"href":"https:\/\/valkyrieparis-bijoux.fr\/en\/wp-json\/wp\/v2\/product"}],"about":[{"href":"https:\/\/valkyrieparis-bijoux.fr\/en\/wp-json\/wp\/v2\/types\/product"}],"wp:featuredmedia":[{"embeddable":true,"href":"https:\/\/valkyrieparis-bijoux.fr\/en\/wp-json\/wp\/v2\/media\/225932"}],"wp:attachment":[{"href":"https:\/\/valkyrieparis-bijoux.fr\/en\/wp-json\/wp\/v2\/media?parent=221369"}],"wp:term":[{"taxonomy":"product_brand","embeddable":true,"href":"https:\/\/valkyrieparis-bijoux.fr\/en\/wp-json\/wp\/v2\/product_brand?post=221369"},{"taxonomy":"product_cat","embeddable":true,"href":"https:\/\/valkyrieparis-bijoux.fr\/en\/wp-json\/wp\/v2\/product_cat?post=221369"},{"taxonomy":"product_tag","embeddable":true,"href":"https:\/\/valkyrieparis-bijoux.fr\/en\/wp-json\/wp\/v2\/product_tag?post=221369"}],"curies":[{"name":"wp","href":"https:\/\/api.w.org\/{rel}","templated":true}]}}