{"id":221368,"date":"2022-03-11T15:40:09","date_gmt":"2022-03-11T14:40:09","guid":{"rendered":"https:\/\/valkyrieparis-bijoux.fr\/?post_type=product&#038;p=221368"},"modified":"2026-03-23T11:10:11","modified_gmt":"2026-03-23T10:10:11","slug":"collier-art-deco-argent-massif-et-onyx","status":"publish","type":"product","link":"https:\/\/valkyrieparis-bijoux.fr\/en\/boucles-d-oreilles-art-deco\/boucles-d-oreilles-art-deco-onyx-noir\/","title":{"rendered":"Boucles d&rsquo;oreilles art d\u00e9co &#8211; onyx &#8211; mod\u00e8le Amara"},"content":{"rendered":"<h2><span style=\"font-weight: 400;\">Boucles d&rsquo;oreilles art d\u00e9co en argent et marcassites<\/span><\/h2>\n<p><span style=\"font-weight: 400;\">L\u2019onyx se marie parfaitement avec l\u2019argent massif pour former un bel accessoire que vous pourrez mettre sur toutes vos tenues pour garder classe et \u00e9l\u00e9gance.<\/span><\/p>\n<p><span style=\"font-weight: 400;\">Free delivery in France. <b>The accessory <\/b>includes a one-year warranty against manufacturing defects. And it contains no substances or materials likely to cause allergies.<\/span><\/p>\n<h2><span style=\"font-weight: 400;\">Black onyx and its recognized properties\u00a0<\/span><\/h2>\n<p><span style=\"font-weight: 400;\">A variety of chalcedony, like agate, and a member of the silicate family, onyx is one of the stones with almost magical properties used in jewelry. <\/span><b>lithotherapy<\/b><span style=\"font-weight: 400;\">. It contributes to the proper functioning of the immune system. It enables the body to stabilize and strengthen itself, so that it can become fully aware of its capabilities.<\/span><\/p>\n<p><span style=\"font-weight: 400;\">In addition, onyx, again according to the <a href=\"https:\/\/valkyrieparis-bijoux.fr\/en\/colliers-art-deco\/\">lithotherapy<\/a>would act as a <\/span><b>protection <\/b><span style=\"font-weight: 400;\">against negative ideas. It has the power to harmonize body and mind. It also boosts self-confidence and aids concentration.<\/span><\/p>\n<p>&nbsp;<\/p>","protected":false},"excerpt":{"rendered":"<p><a rel=\"noreferrer\" href=\"https:\/\/valkyrieparis-bijoux.fr\/wp-content\/uploads\/2026\/03\/boucles-doreilles-onyx-marcassite-argent.mp4\" class=\"vp-a vp-mp4-type vp-modal-click vp-modal-click_shortcode\">Discover the jewel in video<\/a><br \/>\n&nbsp;<br \/>\nAmara c\u00e9l\u00e8bre pleinement le design Art D\u00e9co avec ses lignes graphiques, ses contrastes marqu\u00e9s et son architecture sym\u00e9trique en argent massif. Ce style iconique des ann\u00e9es 1920 se retrouve dans chaque d\u00e9tail : formes pr\u00e9cises, volumes ma\u00eetris\u00e9s, pr\u00e9sence affirm\u00e9e. L&rsquo;onyx noir, pierres li\u00e9e \u00e0 la force int\u00e9rieure, renforce l&rsquo;intensit\u00e9 visuelle et apporte un contraste profond. Les marcassites ajoutent un aspect textur\u00e9 et un charme r\u00e9tro recherch\u00e9. Une cr\u00e9ation au caract\u00e8re fort, pens\u00e9e pour celles et ceux qui aiment les pi\u00e8ces structur\u00e9es et l&rsquo;esth\u00e9tique Art D\u00e9co assum\u00e9e. Amara rend hommage au savoir-faire artisanal et \u00e0 ce mouvement artistique embl\u00e9matique.<br \/>\n&nbsp;<br \/>\n&gt; <strong>Material<\/strong> Genuine sterling silver, hallmarked 925<br \/>\n&gt; <strong>Stones<\/strong> onyx and marcasite<br \/>\n&gt; Longueur totale : 3,1 cm<br \/>\n&gt; <strong>Delivery<\/strong> available in France<br \/>\n&gt; <strong>\u00c9crin<\/strong> Valkyrie offert<br \/>\n&gt; Jewelry <strong>guaranteed<\/strong> one year against manufacturing defects<br \/>\n&gt; Loops <strong>hypoallergenic<\/strong><\/p>","protected":false},"featured_media":229272,"template":"","meta":{"_et_pb_use_builder":"","_et_pb_old_content":"","_et_gb_content_width":""},"product_brand":[],"product_cat":[168],"product_tag":[],"class_list":{"0":"post-221368","1":"product","2":"type-product","3":"status-publish","4":"has-post-thumbnail","6":"product_cat-boucles-d-oreilles-art-deco","8":"first","9":"instock","10":"shipping-taxable","11":"purchasable","12":"product-type-simple"},"yoast_head":"<!-- This site is optimized with the Yoast SEO plugin v26.9 - https:\/\/yoast.com\/product\/yoast-seo-wordpress\/ -->\n<title>Boucles d&#039;oreilles art d\u00e9co - onyx - mod\u00e8le Amara -<\/title>\n<meta name=\"description\" content=\"Amara c\u00e9l\u00e8bre pleinement le design Art D\u00e9co avec ses lignes graphiques, ses contrastes marqu\u00e9s et son architecture sym\u00e9trique en argent massif.\" \/>\n<meta name=\"robots\" content=\"index, follow, max-snippet:-1, max-image-preview:large, max-video-preview:-1\" \/>\n<link rel=\"canonical\" href=\"https:\/\/valkyrieparis-bijoux.fr\/en\/boucles-d-oreilles-art-deco\/boucles-d-oreilles-art-deco-onyx-noir\/\" \/>\n<meta property=\"og:locale\" content=\"en_US\" \/>\n<meta property=\"og:type\" content=\"article\" \/>\n<meta property=\"og:title\" content=\"Boucles d&#039;oreilles art d\u00e9co - onyx - mod\u00e8le Amara -\" \/>\n<meta property=\"og:description\" content=\"Amara c\u00e9l\u00e8bre pleinement le design Art D\u00e9co avec ses lignes graphiques, ses contrastes marqu\u00e9s et son architecture sym\u00e9trique en argent massif.\" \/>\n<meta property=\"og:url\" content=\"https:\/\/valkyrieparis-bijoux.fr\/en\/boucles-d-oreilles-art-deco\/boucles-d-oreilles-art-deco-onyx-noir\/\" \/>\n<meta property=\"og:site_name\" content=\"Valkyrie Paris\" \/>\n<meta property=\"article:publisher\" content=\"https:\/\/www.facebook.com\/ValkyrieParis\" \/>\n<meta property=\"article:modified_time\" content=\"2026-03-23T10:10:11+00:00\" \/>\n<meta property=\"og:image\" content=\"https:\/\/valkyrieparis-bijoux.fr\/wp-content\/uploads\/2022\/03\/CD96C148-4BB3-47A5-91D2-35FB130F4E2B.jpeg\" \/>\n\t<meta property=\"og:image:width\" content=\"1800\" \/>\n\t<meta property=\"og:image:height\" content=\"1800\" \/>\n\t<meta property=\"og:image:type\" content=\"image\/jpeg\" \/>\n<meta name=\"twitter:label1\" content=\"Est. reading time\" \/>\n\t<meta name=\"twitter:data1\" content=\"2 minutes\" \/>\n<script type=\"application\/ld+json\" class=\"yoast-schema-graph\">{\"@context\":\"https:\/\/schema.org\",\"@graph\":[{\"@type\":\"WebPage\",\"@id\":\"https:\/\/valkyrieparis-bijoux.fr\/en\/boucles-d-oreilles-art-deco\/boucles-d-oreilles-art-deco-onyx-noir\/\",\"url\":\"https:\/\/valkyrieparis-bijoux.fr\/en\/boucles-d-oreilles-art-deco\/boucles-d-oreilles-art-deco-onyx-noir\/\",\"name\":\"Boucles d'oreilles art d\u00e9co - onyx - mod\u00e8le Amara -\",\"isPartOf\":{\"@id\":\"https:\/\/valkyrieparis-bijoux.fr\/en\/#website\"},\"primaryImageOfPage\":{\"@id\":\"https:\/\/valkyrieparis-bijoux.fr\/en\/boucles-d-oreilles-art-deco\/boucles-d-oreilles-art-deco-onyx-noir\/#primaryimage\"},\"image\":{\"@id\":\"https:\/\/valkyrieparis-bijoux.fr\/en\/boucles-d-oreilles-art-deco\/boucles-d-oreilles-art-deco-onyx-noir\/#primaryimage\"},\"thumbnailUrl\":\"https:\/\/valkyrieparis-bijoux.fr\/wp-content\/uploads\/2022\/03\/CD96C148-4BB3-47A5-91D2-35FB130F4E2B.jpeg\",\"datePublished\":\"2022-03-11T14:40:09+00:00\",\"dateModified\":\"2026-03-23T10:10:11+00:00\",\"description\":\"Amara c\u00e9l\u00e8bre pleinement le design Art D\u00e9co avec ses lignes graphiques, ses contrastes marqu\u00e9s et son architecture sym\u00e9trique en argent massif.\",\"breadcrumb\":{\"@id\":\"https:\/\/valkyrieparis-bijoux.fr\/en\/boucles-d-oreilles-art-deco\/boucles-d-oreilles-art-deco-onyx-noir\/#breadcrumb\"},\"inLanguage\":\"en-US\",\"potentialAction\":[{\"@type\":\"ReadAction\",\"target\":[\"https:\/\/valkyrieparis-bijoux.fr\/en\/boucles-d-oreilles-art-deco\/boucles-d-oreilles-art-deco-onyx-noir\/\"]}]},{\"@type\":\"ImageObject\",\"inLanguage\":\"en-US\",\"@id\":\"https:\/\/valkyrieparis-bijoux.fr\/en\/boucles-d-oreilles-art-deco\/boucles-d-oreilles-art-deco-onyx-noir\/#primaryimage\",\"url\":\"https:\/\/valkyrieparis-bijoux.fr\/wp-content\/uploads\/2022\/03\/CD96C148-4BB3-47A5-91D2-35FB130F4E2B.jpeg\",\"contentUrl\":\"https:\/\/valkyrieparis-bijoux.fr\/wp-content\/uploads\/2022\/03\/CD96C148-4BB3-47A5-91D2-35FB130F4E2B.jpeg\",\"width\":1800,\"height\":1800,\"caption\":\"boucles-d-oreilles-art-deco-onyx\"},{\"@type\":\"BreadcrumbList\",\"@id\":\"https:\/\/valkyrieparis-bijoux.fr\/en\/boucles-d-oreilles-art-deco\/boucles-d-oreilles-art-deco-onyx-noir\/#breadcrumb\",\"itemListElement\":[{\"@type\":\"ListItem\",\"position\":1,\"name\":\"Boutique\",\"item\":\"https:\/\/valkyrieparis-bijoux.fr\/boutique-valkyrie\/\"},{\"@type\":\"ListItem\",\"position\":2,\"name\":\"Boucles d&rsquo;oreilles art d\u00e9co &#8211; onyx &#8211; mod\u00e8le Amara\"}]},{\"@type\":\"WebSite\",\"@id\":\"https:\/\/valkyrieparis-bijoux.fr\/en\/#website\",\"url\":\"https:\/\/valkyrieparis-bijoux.fr\/en\/\",\"name\":\"Valkyrie Paris\",\"description\":\"Cr\u00e9ateurs de Bijoux Art D\u00e9co\",\"publisher\":{\"@id\":\"https:\/\/valkyrieparis-bijoux.fr\/en\/#organization\"},\"potentialAction\":[{\"@type\":\"SearchAction\",\"target\":{\"@type\":\"EntryPoint\",\"urlTemplate\":\"https:\/\/valkyrieparis-bijoux.fr\/en\/?s={search_term_string}\"},\"query-input\":{\"@type\":\"PropertyValueSpecification\",\"valueRequired\":true,\"valueName\":\"search_term_string\"}}],\"inLanguage\":\"en-US\"},{\"@type\":\"Organization\",\"@id\":\"https:\/\/valkyrieparis-bijoux.fr\/en\/#organization\",\"name\":\"Valkyrie Paris\",\"url\":\"https:\/\/valkyrieparis-bijoux.fr\/en\/\",\"logo\":{\"@type\":\"ImageObject\",\"inLanguage\":\"en-US\",\"@id\":\"https:\/\/valkyrieparis-bijoux.fr\/en\/#\/schema\/logo\/image\/\",\"url\":\"https:\/\/valkyrieparis-bijoux.fr\/wp-content\/uploads\/2021\/03\/Valkyrie_logo_noir-2.png\",\"contentUrl\":\"https:\/\/valkyrieparis-bijoux.fr\/wp-content\/uploads\/2021\/03\/Valkyrie_logo_noir-2.png\",\"width\":1000,\"height\":321,\"caption\":\"Valkyrie Paris\"},\"image\":{\"@id\":\"https:\/\/valkyrieparis-bijoux.fr\/en\/#\/schema\/logo\/image\/\"},\"sameAs\":[\"https:\/\/www.facebook.com\/ValkyrieParis\",\"https:\/\/www.instagram.com\/valkyrieparis\/\",\"https:\/\/www.pinterest.fr\/ValkyrieParis\/_created\/\"]}]}<\/script>\n<!-- \/ Yoast SEO plugin. -->","yoast_head_json":{"title":"Boucles d'oreilles art d\u00e9co - onyx - mod\u00e8le Amara -","description":"Amara c\u00e9l\u00e8bre pleinement le design Art D\u00e9co avec ses lignes graphiques, ses contrastes marqu\u00e9s et son architecture sym\u00e9trique en argent massif.","robots":{"index":"index","follow":"follow","max-snippet":"max-snippet:-1","max-image-preview":"max-image-preview:large","max-video-preview":"max-video-preview:-1"},"canonical":"https:\/\/valkyrieparis-bijoux.fr\/en\/boucles-d-oreilles-art-deco\/boucles-d-oreilles-art-deco-onyx-noir\/","og_locale":"en_US","og_type":"article","og_title":"Boucles d'oreilles art d\u00e9co - onyx - mod\u00e8le Amara -","og_description":"Amara c\u00e9l\u00e8bre pleinement le design Art D\u00e9co avec ses lignes graphiques, ses contrastes marqu\u00e9s et son architecture sym\u00e9trique en argent massif.","og_url":"https:\/\/valkyrieparis-bijoux.fr\/en\/boucles-d-oreilles-art-deco\/boucles-d-oreilles-art-deco-onyx-noir\/","og_site_name":"Valkyrie Paris","article_publisher":"https:\/\/www.facebook.com\/ValkyrieParis","article_modified_time":"2026-03-23T10:10:11+00:00","og_image":[{"width":1800,"height":1800,"url":"https:\/\/valkyrieparis-bijoux.fr\/wp-content\/uploads\/2022\/03\/CD96C148-4BB3-47A5-91D2-35FB130F4E2B.jpeg","type":"image\/jpeg"}],"twitter_misc":{"Est. reading time":"2 minutes"},"schema":{"@context":"https:\/\/schema.org","@graph":[{"@type":"WebPage","@id":"https:\/\/valkyrieparis-bijoux.fr\/en\/boucles-d-oreilles-art-deco\/boucles-d-oreilles-art-deco-onyx-noir\/","url":"https:\/\/valkyrieparis-bijoux.fr\/en\/boucles-d-oreilles-art-deco\/boucles-d-oreilles-art-deco-onyx-noir\/","name":"Boucles d'oreilles art d\u00e9co - onyx - mod\u00e8le Amara -","isPartOf":{"@id":"https:\/\/valkyrieparis-bijoux.fr\/en\/#website"},"primaryImageOfPage":{"@id":"https:\/\/valkyrieparis-bijoux.fr\/en\/boucles-d-oreilles-art-deco\/boucles-d-oreilles-art-deco-onyx-noir\/#primaryimage"},"image":{"@id":"https:\/\/valkyrieparis-bijoux.fr\/en\/boucles-d-oreilles-art-deco\/boucles-d-oreilles-art-deco-onyx-noir\/#primaryimage"},"thumbnailUrl":"https:\/\/valkyrieparis-bijoux.fr\/wp-content\/uploads\/2022\/03\/CD96C148-4BB3-47A5-91D2-35FB130F4E2B.jpeg","datePublished":"2022-03-11T14:40:09+00:00","dateModified":"2026-03-23T10:10:11+00:00","description":"Amara c\u00e9l\u00e8bre pleinement le design Art D\u00e9co avec ses lignes graphiques, ses contrastes marqu\u00e9s et son architecture sym\u00e9trique en argent massif.","breadcrumb":{"@id":"https:\/\/valkyrieparis-bijoux.fr\/en\/boucles-d-oreilles-art-deco\/boucles-d-oreilles-art-deco-onyx-noir\/#breadcrumb"},"inLanguage":"en-US","potentialAction":[{"@type":"ReadAction","target":["https:\/\/valkyrieparis-bijoux.fr\/en\/boucles-d-oreilles-art-deco\/boucles-d-oreilles-art-deco-onyx-noir\/"]}]},{"@type":"ImageObject","inLanguage":"en-US","@id":"https:\/\/valkyrieparis-bijoux.fr\/en\/boucles-d-oreilles-art-deco\/boucles-d-oreilles-art-deco-onyx-noir\/#primaryimage","url":"https:\/\/valkyrieparis-bijoux.fr\/wp-content\/uploads\/2022\/03\/CD96C148-4BB3-47A5-91D2-35FB130F4E2B.jpeg","contentUrl":"https:\/\/valkyrieparis-bijoux.fr\/wp-content\/uploads\/2022\/03\/CD96C148-4BB3-47A5-91D2-35FB130F4E2B.jpeg","width":1800,"height":1800,"caption":"boucles-d-oreilles-art-deco-onyx"},{"@type":"BreadcrumbList","@id":"https:\/\/valkyrieparis-bijoux.fr\/en\/boucles-d-oreilles-art-deco\/boucles-d-oreilles-art-deco-onyx-noir\/#breadcrumb","itemListElement":[{"@type":"ListItem","position":1,"name":"Boutique","item":"https:\/\/valkyrieparis-bijoux.fr\/boutique-valkyrie\/"},{"@type":"ListItem","position":2,"name":"Boucles d&rsquo;oreilles art d\u00e9co &#8211; onyx &#8211; mod\u00e8le Amara"}]},{"@type":"WebSite","@id":"https:\/\/valkyrieparis-bijoux.fr\/en\/#website","url":"https:\/\/valkyrieparis-bijoux.fr\/en\/","name":"Valkyrie Paris","description":"Art Deco Jewellery Designers","publisher":{"@id":"https:\/\/valkyrieparis-bijoux.fr\/en\/#organization"},"potentialAction":[{"@type":"SearchAction","target":{"@type":"EntryPoint","urlTemplate":"https:\/\/valkyrieparis-bijoux.fr\/en\/?s={search_term_string}"},"query-input":{"@type":"PropertyValueSpecification","valueRequired":true,"valueName":"search_term_string"}}],"inLanguage":"en-US"},{"@type":"Organization","@id":"https:\/\/valkyrieparis-bijoux.fr\/en\/#organization","name":"Valkyrie Paris","url":"https:\/\/valkyrieparis-bijoux.fr\/en\/","logo":{"@type":"ImageObject","inLanguage":"en-US","@id":"https:\/\/valkyrieparis-bijoux.fr\/en\/#\/schema\/logo\/image\/","url":"https:\/\/valkyrieparis-bijoux.fr\/wp-content\/uploads\/2021\/03\/Valkyrie_logo_noir-2.png","contentUrl":"https:\/\/valkyrieparis-bijoux.fr\/wp-content\/uploads\/2021\/03\/Valkyrie_logo_noir-2.png","width":1000,"height":321,"caption":"Valkyrie Paris"},"image":{"@id":"https:\/\/valkyrieparis-bijoux.fr\/en\/#\/schema\/logo\/image\/"},"sameAs":["https:\/\/www.facebook.com\/ValkyrieParis","https:\/\/www.instagram.com\/valkyrieparis\/","https:\/\/www.pinterest.fr\/ValkyrieParis\/_created\/"]}]}},"_links":{"self":[{"href":"https:\/\/valkyrieparis-bijoux.fr\/en\/wp-json\/wp\/v2\/product\/221368","targetHints":{"allow":["GET"]}}],"collection":[{"href":"https:\/\/valkyrieparis-bijoux.fr\/en\/wp-json\/wp\/v2\/product"}],"about":[{"href":"https:\/\/valkyrieparis-bijoux.fr\/en\/wp-json\/wp\/v2\/types\/product"}],"wp:featuredmedia":[{"embeddable":true,"href":"https:\/\/valkyrieparis-bijoux.fr\/en\/wp-json\/wp\/v2\/media\/229272"}],"wp:attachment":[{"href":"https:\/\/valkyrieparis-bijoux.fr\/en\/wp-json\/wp\/v2\/media?parent=221368"}],"wp:term":[{"taxonomy":"product_brand","embeddable":true,"href":"https:\/\/valkyrieparis-bijoux.fr\/en\/wp-json\/wp\/v2\/product_brand?post=221368"},{"taxonomy":"product_cat","embeddable":true,"href":"https:\/\/valkyrieparis-bijoux.fr\/en\/wp-json\/wp\/v2\/product_cat?post=221368"},{"taxonomy":"product_tag","embeddable":true,"href":"https:\/\/valkyrieparis-bijoux.fr\/en\/wp-json\/wp\/v2\/product_tag?post=221368"}],"curies":[{"name":"wp","href":"https:\/\/api.w.org\/{rel}","templated":true}]}}