{"id":221363,"date":"2022-03-11T15:19:51","date_gmt":"2022-03-11T14:19:51","guid":{"rendered":"https:\/\/valkyrieparis-bijoux.fr\/?post_type=product&#038;p=221363"},"modified":"2026-01-29T15:11:20","modified_gmt":"2026-01-29T14:11:20","slug":"collier-art-deco-citrine-et-argent","status":"publish","type":"product","link":"https:\/\/valkyrieparis-bijoux.fr\/en\/colliers-art-deco\/collier-art-deco-citrine-et-argent\/","title":{"rendered":"Art deco necklace - citrine - Hephaestus model"},"content":{"rendered":"<h2><span style=\"font-weight: 400;\">Symbolism attached to art deco citrine necklaces<\/span><\/h2>\n<p><span style=\"font-weight: 400;\">In ancient times, stone <\/span><b>citrine <\/b><span style=\"font-weight: 400;\">was considered a <a href=\"https:\/\/valkyrieparis-bijoux.fr\/en\/colliers-art-deco\/\">lucky charm<\/a>. It was used to protect against the evil eye and ward off wild beasts. The Romans made pendants from it. Ancient Egyptian priests attributed many powers to its color.<\/span><\/p>\n<p><span style=\"font-weight: 400;\">In ancient Greece, citrine stone also symbolized Chiron, son of the titan Cronos and a great hero of Greek mythology. Chiron possessed great gifts of <\/span><b>cure <\/b><span style=\"font-weight: 400;\">and is considered the tutor of the Greco-Roman god of medicine, Asclepius.<\/span><\/p>\n<h2><span style=\"font-weight: 400;\">The benefits of citrine in lithotherapy<\/span><\/h2>\n<p><span style=\"font-weight: 400;\">Citrine, in <\/span><b>lithotherapy<\/b><span style=\"font-weight: 400;\">It also has many positive effects. Firstly, on the digestive system, where it acts against nausea, food poisoning, vomiting and so on. It also acts on the heart and blood system, notably the thyroid gland, pancreas, intestine and kidneys.\u00a0<\/span><\/p>\n<p><span style=\"font-weight: 400;\">Visit <a href=\"https:\/\/valkyrieparis-bijoux.fr\/en\/colliers-art-deco\/collier-pierre-noire-onyx-et-marcassites\/\">citrine<\/a> also acts mentally. It is effective against <\/span><b>stress<\/b><span style=\"font-weight: 400;\">. Elle vous aide ainsi \u00e0 rester lucide lors d&rsquo;\u00e9v\u00e9nements scolaires ou professionnels importants tels que les examens ou les entretiens d\u2019embauches. Le mod\u00e8le H\u00e9pha\u00efstos est un incontournable de notre collection. D\u00e9licat et discret, ce collier se glissera facilement au milieu de vos tenues du quotidien. La citrine \u00e9tait l\u2019ic\u00f4ne des ann\u00e9es folles, v\u00e9ritable symbole de l\u2019Art D\u00e9co port\u00e9e par de nombreuses c\u00e9l\u00e9brit\u00e9s comme Greta Garbo.<\/span><\/p>\n<p>&nbsp;<\/p>","protected":false},"excerpt":{"rendered":"<a rel=\"noreferrer\" href=\"https:\/\/valkyrieparis-bijoux.fr\/wp-content\/uploads\/2024\/02\/Collier-art-deco-citrine-marcassites.mp4\" class=\"vp-a vp-mp4-type vp-modal-click vp-modal-click_shortcode\">Discover the jewel in video<\/a>\n<p>This art deco sterling silver necklace captures the essence of retro glamour with its citrine center stone. The deep golden-yellow gem is cut in a teardrop shape and delicately encased in a setting of fine arabesques and meticulous granulations. This art deco jewel seduces with its bold design where symmetry meets delicacy, echoing the masterpieces of the 1920s.<\/p>\n<p>&gt; <strong>Material<\/strong> Genuine sterling silver, hallmarked 925<br \/>\n&gt; <strong>Stones<\/strong> citrine and marcasites<br \/>\n&gt; <strong>Pendant length<\/strong> : 4 cm<br \/>\n&gt; <strong>Chain length<\/strong> Size : 45 cm<br \/>\n&gt; <strong>Delivery<\/strong> available in France<br \/>\n&gt; <strong>\u00c9crin<\/strong> Valkyrie offert<br \/>\n&gt; Necklace <strong>guaranteed<\/strong> one year against manufacturing defects<br \/>\n&gt; Bijou <strong>hypoallergenic<\/strong><\/p>","protected":false},"featured_media":225935,"template":"","meta":{"_et_pb_use_builder":"","_et_pb_old_content":"","_et_gb_content_width":""},"product_brand":[],"product_cat":[32],"product_tag":[],"class_list":{"0":"post-221363","1":"product","2":"type-product","3":"status-publish","4":"has-post-thumbnail","6":"product_cat-colliers-art-deco","8":"first","9":"instock","10":"shipping-taxable","11":"purchasable","12":"product-type-simple"},"yoast_head":"<!-- This site is optimized with the Yoast SEO plugin v26.9 - https:\/\/yoast.com\/product\/yoast-seo-wordpress\/ -->\n<title>Collier art d\u00e9co - citrine - mod\u00e8le H\u00e9pha\u00efstos - Valkyrie Paris<\/title>\n<meta name=\"description\" content=\"Rehaussez votre tenue en portant ce somptueux collier \u00e0 l&#039;inspiration Art D\u00e9co. Nous le cr\u00e9ons en argent et citrine v\u00e9ritable.\" \/>\n<meta name=\"robots\" content=\"index, follow, max-snippet:-1, max-image-preview:large, max-video-preview:-1\" \/>\n<link rel=\"canonical\" href=\"https:\/\/valkyrieparis-bijoux.fr\/en\/colliers-art-deco\/collier-art-deco-citrine-et-argent\/\" \/>\n<meta property=\"og:locale\" content=\"en_US\" \/>\n<meta property=\"og:type\" content=\"article\" \/>\n<meta property=\"og:title\" content=\"Collier art d\u00e9co - citrine - mod\u00e8le H\u00e9pha\u00efstos - Valkyrie Paris\" \/>\n<meta property=\"og:description\" content=\"Rehaussez votre tenue en portant ce somptueux collier \u00e0 l&#039;inspiration Art D\u00e9co. Nous le cr\u00e9ons en argent et citrine v\u00e9ritable.\" \/>\n<meta property=\"og:url\" content=\"https:\/\/valkyrieparis-bijoux.fr\/en\/colliers-art-deco\/collier-art-deco-citrine-et-argent\/\" \/>\n<meta property=\"og:site_name\" content=\"Valkyrie Paris\" \/>\n<meta property=\"article:publisher\" content=\"https:\/\/www.facebook.com\/ValkyrieParis\" \/>\n<meta property=\"article:modified_time\" content=\"2026-01-29T14:11:20+00:00\" \/>\n<meta property=\"og:image\" content=\"https:\/\/valkyrieparis-bijoux.fr\/wp-content\/uploads\/2024\/05\/IMG_8269.jpg\" \/>\n\t<meta property=\"og:image:width\" content=\"1000\" \/>\n\t<meta property=\"og:image:height\" content=\"1000\" \/>\n\t<meta property=\"og:image:type\" content=\"image\/jpeg\" \/>\n<meta name=\"twitter:label1\" content=\"Est. reading time\" \/>\n\t<meta name=\"twitter:data1\" content=\"2 minutes\" \/>\n<script type=\"application\/ld+json\" class=\"yoast-schema-graph\">{\"@context\":\"https:\/\/schema.org\",\"@graph\":[{\"@type\":\"WebPage\",\"@id\":\"https:\/\/valkyrieparis-bijoux.fr\/en\/colliers-art-deco\/collier-art-deco-citrine-et-argent\/\",\"url\":\"https:\/\/valkyrieparis-bijoux.fr\/en\/colliers-art-deco\/collier-art-deco-citrine-et-argent\/\",\"name\":\"Collier art d\u00e9co - citrine - mod\u00e8le H\u00e9pha\u00efstos - Valkyrie Paris\",\"isPartOf\":{\"@id\":\"https:\/\/valkyrieparis-bijoux.fr\/en\/#website\"},\"primaryImageOfPage\":{\"@id\":\"https:\/\/valkyrieparis-bijoux.fr\/en\/colliers-art-deco\/collier-art-deco-citrine-et-argent\/#primaryimage\"},\"image\":{\"@id\":\"https:\/\/valkyrieparis-bijoux.fr\/en\/colliers-art-deco\/collier-art-deco-citrine-et-argent\/#primaryimage\"},\"thumbnailUrl\":\"https:\/\/valkyrieparis-bijoux.fr\/wp-content\/uploads\/2024\/05\/IMG_8269.jpg\",\"datePublished\":\"2022-03-11T14:19:51+00:00\",\"dateModified\":\"2026-01-29T14:11:20+00:00\",\"description\":\"Rehaussez votre tenue en portant ce somptueux collier \u00e0 l'inspiration Art D\u00e9co. Nous le cr\u00e9ons en argent et citrine v\u00e9ritable.\",\"breadcrumb\":{\"@id\":\"https:\/\/valkyrieparis-bijoux.fr\/en\/colliers-art-deco\/collier-art-deco-citrine-et-argent\/#breadcrumb\"},\"inLanguage\":\"en-US\",\"potentialAction\":[{\"@type\":\"ReadAction\",\"target\":[\"https:\/\/valkyrieparis-bijoux.fr\/en\/colliers-art-deco\/collier-art-deco-citrine-et-argent\/\"]}]},{\"@type\":\"ImageObject\",\"inLanguage\":\"en-US\",\"@id\":\"https:\/\/valkyrieparis-bijoux.fr\/en\/colliers-art-deco\/collier-art-deco-citrine-et-argent\/#primaryimage\",\"url\":\"https:\/\/valkyrieparis-bijoux.fr\/wp-content\/uploads\/2024\/05\/IMG_8269.jpg\",\"contentUrl\":\"https:\/\/valkyrieparis-bijoux.fr\/wp-content\/uploads\/2024\/05\/IMG_8269.jpg\",\"width\":1000,\"height\":1000,\"caption\":\"collier-citrine-naturelle\"},{\"@type\":\"BreadcrumbList\",\"@id\":\"https:\/\/valkyrieparis-bijoux.fr\/en\/colliers-art-deco\/collier-art-deco-citrine-et-argent\/#breadcrumb\",\"itemListElement\":[{\"@type\":\"ListItem\",\"position\":1,\"name\":\"Boutique\",\"item\":\"https:\/\/valkyrieparis-bijoux.fr\/boutique-valkyrie\/\"},{\"@type\":\"ListItem\",\"position\":2,\"name\":\"Collier art d\u00e9co &#8211; citrine &#8211; mod\u00e8le H\u00e9pha\u00efstos\"}]},{\"@type\":\"WebSite\",\"@id\":\"https:\/\/valkyrieparis-bijoux.fr\/en\/#website\",\"url\":\"https:\/\/valkyrieparis-bijoux.fr\/en\/\",\"name\":\"Valkyrie Paris\",\"description\":\"Cr\u00e9ateurs de Bijoux Art D\u00e9co\",\"publisher\":{\"@id\":\"https:\/\/valkyrieparis-bijoux.fr\/en\/#organization\"},\"potentialAction\":[{\"@type\":\"SearchAction\",\"target\":{\"@type\":\"EntryPoint\",\"urlTemplate\":\"https:\/\/valkyrieparis-bijoux.fr\/en\/?s={search_term_string}\"},\"query-input\":{\"@type\":\"PropertyValueSpecification\",\"valueRequired\":true,\"valueName\":\"search_term_string\"}}],\"inLanguage\":\"en-US\"},{\"@type\":\"Organization\",\"@id\":\"https:\/\/valkyrieparis-bijoux.fr\/en\/#organization\",\"name\":\"Valkyrie Paris\",\"url\":\"https:\/\/valkyrieparis-bijoux.fr\/en\/\",\"logo\":{\"@type\":\"ImageObject\",\"inLanguage\":\"en-US\",\"@id\":\"https:\/\/valkyrieparis-bijoux.fr\/en\/#\/schema\/logo\/image\/\",\"url\":\"https:\/\/valkyrieparis-bijoux.fr\/wp-content\/uploads\/2021\/03\/Valkyrie_logo_noir-2.png\",\"contentUrl\":\"https:\/\/valkyrieparis-bijoux.fr\/wp-content\/uploads\/2021\/03\/Valkyrie_logo_noir-2.png\",\"width\":1000,\"height\":321,\"caption\":\"Valkyrie Paris\"},\"image\":{\"@id\":\"https:\/\/valkyrieparis-bijoux.fr\/en\/#\/schema\/logo\/image\/\"},\"sameAs\":[\"https:\/\/www.facebook.com\/ValkyrieParis\",\"https:\/\/www.instagram.com\/valkyrieparis\/\",\"https:\/\/www.pinterest.fr\/ValkyrieParis\/_created\/\"]}]}<\/script>\n<!-- \/ Yoast SEO plugin. -->","yoast_head_json":{"title":"Art deco necklace - citrine - H\u00e9pha\u00efstos model - Valkyrie Paris","description":"Enhance your outfit with this sumptuous Art Deco-inspired necklace. We create it in sterling silver and genuine citrine.","robots":{"index":"index","follow":"follow","max-snippet":"max-snippet:-1","max-image-preview":"max-image-preview:large","max-video-preview":"max-video-preview:-1"},"canonical":"https:\/\/valkyrieparis-bijoux.fr\/en\/colliers-art-deco\/collier-art-deco-citrine-et-argent\/","og_locale":"en_US","og_type":"article","og_title":"Collier art d\u00e9co - citrine - mod\u00e8le H\u00e9pha\u00efstos - Valkyrie Paris","og_description":"Rehaussez votre tenue en portant ce somptueux collier \u00e0 l'inspiration Art D\u00e9co. Nous le cr\u00e9ons en argent et citrine v\u00e9ritable.","og_url":"https:\/\/valkyrieparis-bijoux.fr\/en\/colliers-art-deco\/collier-art-deco-citrine-et-argent\/","og_site_name":"Valkyrie Paris","article_publisher":"https:\/\/www.facebook.com\/ValkyrieParis","article_modified_time":"2026-01-29T14:11:20+00:00","og_image":[{"width":1000,"height":1000,"url":"https:\/\/valkyrieparis-bijoux.fr\/wp-content\/uploads\/2024\/05\/IMG_8269.jpg","type":"image\/jpeg"}],"twitter_misc":{"Est. reading time":"2 minutes"},"schema":{"@context":"https:\/\/schema.org","@graph":[{"@type":"WebPage","@id":"https:\/\/valkyrieparis-bijoux.fr\/en\/colliers-art-deco\/collier-art-deco-citrine-et-argent\/","url":"https:\/\/valkyrieparis-bijoux.fr\/en\/colliers-art-deco\/collier-art-deco-citrine-et-argent\/","name":"Art deco necklace - citrine - H\u00e9pha\u00efstos model - Valkyrie Paris","isPartOf":{"@id":"https:\/\/valkyrieparis-bijoux.fr\/en\/#website"},"primaryImageOfPage":{"@id":"https:\/\/valkyrieparis-bijoux.fr\/en\/colliers-art-deco\/collier-art-deco-citrine-et-argent\/#primaryimage"},"image":{"@id":"https:\/\/valkyrieparis-bijoux.fr\/en\/colliers-art-deco\/collier-art-deco-citrine-et-argent\/#primaryimage"},"thumbnailUrl":"https:\/\/valkyrieparis-bijoux.fr\/wp-content\/uploads\/2024\/05\/IMG_8269.jpg","datePublished":"2022-03-11T14:19:51+00:00","dateModified":"2026-01-29T14:11:20+00:00","description":"Enhance your outfit with this sumptuous Art Deco-inspired necklace. We create it in sterling silver and genuine citrine.","breadcrumb":{"@id":"https:\/\/valkyrieparis-bijoux.fr\/en\/colliers-art-deco\/collier-art-deco-citrine-et-argent\/#breadcrumb"},"inLanguage":"en-US","potentialAction":[{"@type":"ReadAction","target":["https:\/\/valkyrieparis-bijoux.fr\/en\/colliers-art-deco\/collier-art-deco-citrine-et-argent\/"]}]},{"@type":"ImageObject","inLanguage":"en-US","@id":"https:\/\/valkyrieparis-bijoux.fr\/en\/colliers-art-deco\/collier-art-deco-citrine-et-argent\/#primaryimage","url":"https:\/\/valkyrieparis-bijoux.fr\/wp-content\/uploads\/2024\/05\/IMG_8269.jpg","contentUrl":"https:\/\/valkyrieparis-bijoux.fr\/wp-content\/uploads\/2024\/05\/IMG_8269.jpg","width":1000,"height":1000,"caption":"collier-citrine-naturelle"},{"@type":"BreadcrumbList","@id":"https:\/\/valkyrieparis-bijoux.fr\/en\/colliers-art-deco\/collier-art-deco-citrine-et-argent\/#breadcrumb","itemListElement":[{"@type":"ListItem","position":1,"name":"Boutique","item":"https:\/\/valkyrieparis-bijoux.fr\/boutique-valkyrie\/"},{"@type":"ListItem","position":2,"name":"Collier art d\u00e9co &#8211; citrine &#8211; mod\u00e8le H\u00e9pha\u00efstos"}]},{"@type":"WebSite","@id":"https:\/\/valkyrieparis-bijoux.fr\/en\/#website","url":"https:\/\/valkyrieparis-bijoux.fr\/en\/","name":"Valkyrie Paris","description":"Art Deco Jewellery Designers","publisher":{"@id":"https:\/\/valkyrieparis-bijoux.fr\/en\/#organization"},"potentialAction":[{"@type":"SearchAction","target":{"@type":"EntryPoint","urlTemplate":"https:\/\/valkyrieparis-bijoux.fr\/en\/?s={search_term_string}"},"query-input":{"@type":"PropertyValueSpecification","valueRequired":true,"valueName":"search_term_string"}}],"inLanguage":"en-US"},{"@type":"Organization","@id":"https:\/\/valkyrieparis-bijoux.fr\/en\/#organization","name":"Valkyrie Paris","url":"https:\/\/valkyrieparis-bijoux.fr\/en\/","logo":{"@type":"ImageObject","inLanguage":"en-US","@id":"https:\/\/valkyrieparis-bijoux.fr\/en\/#\/schema\/logo\/image\/","url":"https:\/\/valkyrieparis-bijoux.fr\/wp-content\/uploads\/2021\/03\/Valkyrie_logo_noir-2.png","contentUrl":"https:\/\/valkyrieparis-bijoux.fr\/wp-content\/uploads\/2021\/03\/Valkyrie_logo_noir-2.png","width":1000,"height":321,"caption":"Valkyrie Paris"},"image":{"@id":"https:\/\/valkyrieparis-bijoux.fr\/en\/#\/schema\/logo\/image\/"},"sameAs":["https:\/\/www.facebook.com\/ValkyrieParis","https:\/\/www.instagram.com\/valkyrieparis\/","https:\/\/www.pinterest.fr\/ValkyrieParis\/_created\/"]}]}},"_links":{"self":[{"href":"https:\/\/valkyrieparis-bijoux.fr\/en\/wp-json\/wp\/v2\/product\/221363","targetHints":{"allow":["GET"]}}],"collection":[{"href":"https:\/\/valkyrieparis-bijoux.fr\/en\/wp-json\/wp\/v2\/product"}],"about":[{"href":"https:\/\/valkyrieparis-bijoux.fr\/en\/wp-json\/wp\/v2\/types\/product"}],"wp:featuredmedia":[{"embeddable":true,"href":"https:\/\/valkyrieparis-bijoux.fr\/en\/wp-json\/wp\/v2\/media\/225935"}],"wp:attachment":[{"href":"https:\/\/valkyrieparis-bijoux.fr\/en\/wp-json\/wp\/v2\/media?parent=221363"}],"wp:term":[{"taxonomy":"product_brand","embeddable":true,"href":"https:\/\/valkyrieparis-bijoux.fr\/en\/wp-json\/wp\/v2\/product_brand?post=221363"},{"taxonomy":"product_cat","embeddable":true,"href":"https:\/\/valkyrieparis-bijoux.fr\/en\/wp-json\/wp\/v2\/product_cat?post=221363"},{"taxonomy":"product_tag","embeddable":true,"href":"https:\/\/valkyrieparis-bijoux.fr\/en\/wp-json\/wp\/v2\/product_tag?post=221363"}],"curies":[{"name":"wp","href":"https:\/\/api.w.org\/{rel}","templated":true}]}}