{"id":221360,"date":"2022-03-11T15:08:57","date_gmt":"2022-03-11T14:08:57","guid":{"rendered":"https:\/\/valkyrieparis-bijoux.fr\/?post_type=product&#038;p=221360"},"modified":"2026-01-29T15:12:38","modified_gmt":"2026-01-29T14:12:38","slug":"collier-art-deco-nacre-et-onyx","status":"publish","type":"product","link":"https:\/\/valkyrieparis-bijoux.fr\/en\/colliers-art-deco\/collier-art-deco-nacre-et-onyx\/","title":{"rendered":"Art deco necklace - mother-of-pearl - Fitzgerald model"},"content":{"rendered":"<p><span style=\"color: #333333; font-size: 26px;\">Physical benefits of the art deco mother-of-pearl and onyx necklace<\/span><\/p>\n<p><span style=\"font-weight: 400;\">Ic\u00f4ne de l&rsquo;art d\u00e9co, ce style de collier art d\u00e9co \u00e9tait port\u00e9 sans retenue dans les ann\u00e9es folles. En plus de vous garnir de cette magnifique pi\u00e8ce, vous d\u00e9couvrirez la magie de la <a href=\"https:\/\/valkyrieparis-bijoux.fr\/en\/colliers-art-deco\/collier-pierre-bleue-jade-naturelle\/\">mother-of-pearl<\/a>.<\/span><\/p>\n<p><span style=\"font-weight: 400;\">The stone <\/span><b>onyx <\/b><span style=\"font-weight: 400;\">helps improve fluency by relaxing the mouth and teeth. It is recommended for people who have difficulty expressing themselves (speech difficulties, stuttering, etc.). Onyx contributes to a healthy immune system.\u00a0<\/span><\/p>\n<p><span style=\"font-weight: 400;\">The stone <\/span><b>mother-of-pearl <\/b><span style=\"font-weight: 400;\">has regenerative properties that are of interest even to conventional medicine. It protects and stimulates the digestive system. It soothes sore throats and headaches. It boosts the immune system\u00a0<\/span><\/p>\n<h2><span style=\"font-weight: 400;\">Spiritual benefits of mother-of-pearl and onyx<\/span><\/h2>\n<p><span style=\"font-weight: 400;\">Onyx cancels out negative thoughts. It promotes harmony between body and mind. This <\/span><b>ore <\/b><span style=\"font-weight: 400;\">also boosts self-confidence by reducing stress and anxiety. L'<a href=\"https:\/\/valkyrieparis-bijoux.fr\/en\/colliers-art-deco\/\">onyx<\/a> frees you from mental tension, making way for positive vibes.\u00a0<\/span><\/p>\n<p><span style=\"font-weight: 400;\">Visit <\/span><b>stone <\/b><span style=\"font-weight: 400;\">mother-of-pearl is a relaxing stone and an effective mood regulator. It calms anxiety, anger and excessive emotional states. It frees us from the fear and anxiety that imprison us and prevent us from acting.\u00a0<\/span><\/p>\n<p>&gt; The virtues of mother-of-pearl<br \/>\nCreated slowly and naturally in a marine environment, mother-of-pearl possesses considerable purifying power and facilitates access to the astral body.<\/p>\n<p>&gt; Cleaning your jewel<br \/>\nNous vous conseillons de frotter la cha\u00eene avec un chiffon doux afin de conserver la beaut\u00e9 de l&rsquo;argent.<\/p>\n<p>&nbsp;<\/p>","protected":false},"excerpt":{"rendered":"<p><span style=\"font-weight: 400;\">An ideal fashion accessory for women in search of originality, chic and elegance. This <\/span><b>art deco necklace<\/b><span style=\"font-weight: 400;\"> is a jewelry marvel with its stainless silver chain set with mother-of-pearl and onyx. These rare minerals possess astonishing virtues recognized by lithotherapy specialists. So, what more could you want? What more does it need to add to your jewelry box?<\/span><\/p>\n<ul>\n<li style=\"font-weight: 400;\" aria-level=\"1\"><b>Material<\/b><span style=\"font-weight: 400;\">Genuine silver, mother-of-pearl, onyx, marcasites<\/span><\/li>\n<li style=\"font-weight: 400;\" aria-level=\"1\"><b>Size<\/b><span style=\"font-weight: 400;\">: Custom-made<\/span><\/li>\n<li style=\"font-weight: 400;\" aria-level=\"1\"><b>Warranty<\/b><span style=\"font-weight: 400;\">: Yes<\/span><\/li>\n<li style=\"font-weight: 400;\" aria-level=\"1\"><b>Warranty period<\/b><span style=\"font-weight: 400;\">1 year<\/span><\/li>\n<li style=\"font-weight: 400;\" aria-level=\"1\"><b>Delivery<\/b><span style=\"font-weight: 400;\">Free in France<\/span><\/li>\n<li style=\"font-weight: 400;\" aria-level=\"1\"><b>Hypoallergenic<\/b><span style=\"font-weight: 400;\">: Yes<\/span><\/li>\n<\/ul>\n<p>&nbsp;<\/p>","protected":false},"featured_media":223723,"template":"","meta":{"_et_pb_use_builder":"","_et_pb_old_content":"","_et_gb_content_width":""},"product_brand":[],"product_cat":[32],"product_tag":[],"class_list":{"0":"post-221360","1":"product","2":"type-product","3":"status-publish","4":"has-post-thumbnail","6":"product_cat-colliers-art-deco","8":"first","9":"instock","10":"shipping-taxable","11":"purchasable","12":"product-type-simple"},"yoast_head":"<!-- This site is optimized with the Yoast SEO plugin v26.9 - https:\/\/yoast.com\/product\/yoast-seo-wordpress\/ -->\n<title>Collier art d\u00e9co - nacre - mod\u00e8le Fitzgerald - Valkyrie Paris<\/title>\n<meta name=\"description\" content=\"Ce collier art d\u00e9co de nacre et d\u2019onyx est une merveille de joaillerie. Ces minerais poss\u00e8dent d\u2019\u00e9tonnantes vertus reconnues\" \/>\n<meta name=\"robots\" content=\"index, follow, max-snippet:-1, max-image-preview:large, max-video-preview:-1\" \/>\n<link rel=\"canonical\" href=\"https:\/\/valkyrieparis-bijoux.fr\/en\/colliers-art-deco\/collier-art-deco-nacre-et-onyx\/\" \/>\n<meta property=\"og:locale\" content=\"en_US\" \/>\n<meta property=\"og:type\" content=\"article\" \/>\n<meta property=\"og:title\" content=\"Collier art d\u00e9co - nacre - mod\u00e8le Fitzgerald - Valkyrie Paris\" \/>\n<meta property=\"og:description\" content=\"Ce collier art d\u00e9co de nacre et d\u2019onyx est une merveille de joaillerie. Ces minerais poss\u00e8dent d\u2019\u00e9tonnantes vertus reconnues\" \/>\n<meta property=\"og:url\" content=\"https:\/\/valkyrieparis-bijoux.fr\/en\/colliers-art-deco\/collier-art-deco-nacre-et-onyx\/\" \/>\n<meta property=\"og:site_name\" content=\"Valkyrie Paris\" \/>\n<meta property=\"article:publisher\" content=\"https:\/\/www.facebook.com\/ValkyrieParis\" \/>\n<meta property=\"article:modified_time\" content=\"2026-01-29T14:12:38+00:00\" \/>\n<meta property=\"og:image\" content=\"https:\/\/valkyrieparis-bijoux.fr\/wp-content\/uploads\/2022\/03\/IMG_3663.jpg\" \/>\n\t<meta property=\"og:image:width\" content=\"1500\" \/>\n\t<meta property=\"og:image:height\" content=\"1500\" \/>\n\t<meta property=\"og:image:type\" content=\"image\/jpeg\" \/>\n<meta name=\"twitter:label1\" content=\"Est. reading time\" \/>\n\t<meta name=\"twitter:data1\" content=\"2 minutes\" \/>\n<script type=\"application\/ld+json\" class=\"yoast-schema-graph\">{\"@context\":\"https:\/\/schema.org\",\"@graph\":[{\"@type\":\"WebPage\",\"@id\":\"https:\/\/valkyrieparis-bijoux.fr\/en\/colliers-art-deco\/collier-art-deco-nacre-et-onyx\/\",\"url\":\"https:\/\/valkyrieparis-bijoux.fr\/en\/colliers-art-deco\/collier-art-deco-nacre-et-onyx\/\",\"name\":\"Collier art d\u00e9co - nacre - mod\u00e8le Fitzgerald - Valkyrie Paris\",\"isPartOf\":{\"@id\":\"https:\/\/valkyrieparis-bijoux.fr\/en\/#website\"},\"primaryImageOfPage\":{\"@id\":\"https:\/\/valkyrieparis-bijoux.fr\/en\/colliers-art-deco\/collier-art-deco-nacre-et-onyx\/#primaryimage\"},\"image\":{\"@id\":\"https:\/\/valkyrieparis-bijoux.fr\/en\/colliers-art-deco\/collier-art-deco-nacre-et-onyx\/#primaryimage\"},\"thumbnailUrl\":\"https:\/\/valkyrieparis-bijoux.fr\/wp-content\/uploads\/2022\/03\/IMG_3663.jpg\",\"datePublished\":\"2022-03-11T14:08:57+00:00\",\"dateModified\":\"2026-01-29T14:12:38+00:00\",\"description\":\"Ce collier art d\u00e9co de nacre et d\u2019onyx est une merveille de joaillerie. Ces minerais poss\u00e8dent d\u2019\u00e9tonnantes vertus reconnues\",\"breadcrumb\":{\"@id\":\"https:\/\/valkyrieparis-bijoux.fr\/en\/colliers-art-deco\/collier-art-deco-nacre-et-onyx\/#breadcrumb\"},\"inLanguage\":\"en-US\",\"potentialAction\":[{\"@type\":\"ReadAction\",\"target\":[\"https:\/\/valkyrieparis-bijoux.fr\/en\/colliers-art-deco\/collier-art-deco-nacre-et-onyx\/\"]}]},{\"@type\":\"ImageObject\",\"inLanguage\":\"en-US\",\"@id\":\"https:\/\/valkyrieparis-bijoux.fr\/en\/colliers-art-deco\/collier-art-deco-nacre-et-onyx\/#primaryimage\",\"url\":\"https:\/\/valkyrieparis-bijoux.fr\/wp-content\/uploads\/2022\/03\/IMG_3663.jpg\",\"contentUrl\":\"https:\/\/valkyrieparis-bijoux.fr\/wp-content\/uploads\/2022\/03\/IMG_3663.jpg\",\"width\":1500,\"height\":1500,\"caption\":\"collier-argent-vintage\"},{\"@type\":\"BreadcrumbList\",\"@id\":\"https:\/\/valkyrieparis-bijoux.fr\/en\/colliers-art-deco\/collier-art-deco-nacre-et-onyx\/#breadcrumb\",\"itemListElement\":[{\"@type\":\"ListItem\",\"position\":1,\"name\":\"Boutique\",\"item\":\"https:\/\/valkyrieparis-bijoux.fr\/boutique-valkyrie\/\"},{\"@type\":\"ListItem\",\"position\":2,\"name\":\"Collier art d\u00e9co &#8211; nacre &#8211; mod\u00e8le Fitzgerald\"}]},{\"@type\":\"WebSite\",\"@id\":\"https:\/\/valkyrieparis-bijoux.fr\/en\/#website\",\"url\":\"https:\/\/valkyrieparis-bijoux.fr\/en\/\",\"name\":\"Valkyrie Paris\",\"description\":\"Cr\u00e9ateurs de Bijoux Art D\u00e9co\",\"publisher\":{\"@id\":\"https:\/\/valkyrieparis-bijoux.fr\/en\/#organization\"},\"potentialAction\":[{\"@type\":\"SearchAction\",\"target\":{\"@type\":\"EntryPoint\",\"urlTemplate\":\"https:\/\/valkyrieparis-bijoux.fr\/en\/?s={search_term_string}\"},\"query-input\":{\"@type\":\"PropertyValueSpecification\",\"valueRequired\":true,\"valueName\":\"search_term_string\"}}],\"inLanguage\":\"en-US\"},{\"@type\":\"Organization\",\"@id\":\"https:\/\/valkyrieparis-bijoux.fr\/en\/#organization\",\"name\":\"Valkyrie Paris\",\"url\":\"https:\/\/valkyrieparis-bijoux.fr\/en\/\",\"logo\":{\"@type\":\"ImageObject\",\"inLanguage\":\"en-US\",\"@id\":\"https:\/\/valkyrieparis-bijoux.fr\/en\/#\/schema\/logo\/image\/\",\"url\":\"https:\/\/valkyrieparis-bijoux.fr\/wp-content\/uploads\/2021\/03\/Valkyrie_logo_noir-2.png\",\"contentUrl\":\"https:\/\/valkyrieparis-bijoux.fr\/wp-content\/uploads\/2021\/03\/Valkyrie_logo_noir-2.png\",\"width\":1000,\"height\":321,\"caption\":\"Valkyrie Paris\"},\"image\":{\"@id\":\"https:\/\/valkyrieparis-bijoux.fr\/en\/#\/schema\/logo\/image\/\"},\"sameAs\":[\"https:\/\/www.facebook.com\/ValkyrieParis\",\"https:\/\/www.instagram.com\/valkyrieparis\/\",\"https:\/\/www.pinterest.fr\/ValkyrieParis\/_created\/\"]}]}<\/script>\n<!-- \/ Yoast SEO plugin. -->","yoast_head_json":{"title":"Art deco necklace - mother-of-pearl - Fitzgerald design - Valkyrie Paris","description":"This art deco mother-of-pearl and onyx necklace is a marvel of jewelry. These minerals possess astonishing virtues recognized","robots":{"index":"index","follow":"follow","max-snippet":"max-snippet:-1","max-image-preview":"max-image-preview:large","max-video-preview":"max-video-preview:-1"},"canonical":"https:\/\/valkyrieparis-bijoux.fr\/en\/colliers-art-deco\/collier-art-deco-nacre-et-onyx\/","og_locale":"en_US","og_type":"article","og_title":"Collier art d\u00e9co - nacre - mod\u00e8le Fitzgerald - Valkyrie Paris","og_description":"Ce collier art d\u00e9co de nacre et d\u2019onyx est une merveille de joaillerie. Ces minerais poss\u00e8dent d\u2019\u00e9tonnantes vertus reconnues","og_url":"https:\/\/valkyrieparis-bijoux.fr\/en\/colliers-art-deco\/collier-art-deco-nacre-et-onyx\/","og_site_name":"Valkyrie Paris","article_publisher":"https:\/\/www.facebook.com\/ValkyrieParis","article_modified_time":"2026-01-29T14:12:38+00:00","og_image":[{"width":1500,"height":1500,"url":"https:\/\/valkyrieparis-bijoux.fr\/wp-content\/uploads\/2022\/03\/IMG_3663.jpg","type":"image\/jpeg"}],"twitter_misc":{"Est. reading time":"2 minutes"},"schema":{"@context":"https:\/\/schema.org","@graph":[{"@type":"WebPage","@id":"https:\/\/valkyrieparis-bijoux.fr\/en\/colliers-art-deco\/collier-art-deco-nacre-et-onyx\/","url":"https:\/\/valkyrieparis-bijoux.fr\/en\/colliers-art-deco\/collier-art-deco-nacre-et-onyx\/","name":"Art deco necklace - mother-of-pearl - Fitzgerald design - Valkyrie Paris","isPartOf":{"@id":"https:\/\/valkyrieparis-bijoux.fr\/en\/#website"},"primaryImageOfPage":{"@id":"https:\/\/valkyrieparis-bijoux.fr\/en\/colliers-art-deco\/collier-art-deco-nacre-et-onyx\/#primaryimage"},"image":{"@id":"https:\/\/valkyrieparis-bijoux.fr\/en\/colliers-art-deco\/collier-art-deco-nacre-et-onyx\/#primaryimage"},"thumbnailUrl":"https:\/\/valkyrieparis-bijoux.fr\/wp-content\/uploads\/2022\/03\/IMG_3663.jpg","datePublished":"2022-03-11T14:08:57+00:00","dateModified":"2026-01-29T14:12:38+00:00","description":"This art deco mother-of-pearl and onyx necklace is a marvel of jewelry. These minerals possess astonishing virtues recognized","breadcrumb":{"@id":"https:\/\/valkyrieparis-bijoux.fr\/en\/colliers-art-deco\/collier-art-deco-nacre-et-onyx\/#breadcrumb"},"inLanguage":"en-US","potentialAction":[{"@type":"ReadAction","target":["https:\/\/valkyrieparis-bijoux.fr\/en\/colliers-art-deco\/collier-art-deco-nacre-et-onyx\/"]}]},{"@type":"ImageObject","inLanguage":"en-US","@id":"https:\/\/valkyrieparis-bijoux.fr\/en\/colliers-art-deco\/collier-art-deco-nacre-et-onyx\/#primaryimage","url":"https:\/\/valkyrieparis-bijoux.fr\/wp-content\/uploads\/2022\/03\/IMG_3663.jpg","contentUrl":"https:\/\/valkyrieparis-bijoux.fr\/wp-content\/uploads\/2022\/03\/IMG_3663.jpg","width":1500,"height":1500,"caption":"collier-argent-vintage"},{"@type":"BreadcrumbList","@id":"https:\/\/valkyrieparis-bijoux.fr\/en\/colliers-art-deco\/collier-art-deco-nacre-et-onyx\/#breadcrumb","itemListElement":[{"@type":"ListItem","position":1,"name":"Boutique","item":"https:\/\/valkyrieparis-bijoux.fr\/boutique-valkyrie\/"},{"@type":"ListItem","position":2,"name":"Collier art d\u00e9co &#8211; nacre &#8211; mod\u00e8le Fitzgerald"}]},{"@type":"WebSite","@id":"https:\/\/valkyrieparis-bijoux.fr\/en\/#website","url":"https:\/\/valkyrieparis-bijoux.fr\/en\/","name":"Valkyrie Paris","description":"Art Deco Jewellery Designers","publisher":{"@id":"https:\/\/valkyrieparis-bijoux.fr\/en\/#organization"},"potentialAction":[{"@type":"SearchAction","target":{"@type":"EntryPoint","urlTemplate":"https:\/\/valkyrieparis-bijoux.fr\/en\/?s={search_term_string}"},"query-input":{"@type":"PropertyValueSpecification","valueRequired":true,"valueName":"search_term_string"}}],"inLanguage":"en-US"},{"@type":"Organization","@id":"https:\/\/valkyrieparis-bijoux.fr\/en\/#organization","name":"Valkyrie Paris","url":"https:\/\/valkyrieparis-bijoux.fr\/en\/","logo":{"@type":"ImageObject","inLanguage":"en-US","@id":"https:\/\/valkyrieparis-bijoux.fr\/en\/#\/schema\/logo\/image\/","url":"https:\/\/valkyrieparis-bijoux.fr\/wp-content\/uploads\/2021\/03\/Valkyrie_logo_noir-2.png","contentUrl":"https:\/\/valkyrieparis-bijoux.fr\/wp-content\/uploads\/2021\/03\/Valkyrie_logo_noir-2.png","width":1000,"height":321,"caption":"Valkyrie Paris"},"image":{"@id":"https:\/\/valkyrieparis-bijoux.fr\/en\/#\/schema\/logo\/image\/"},"sameAs":["https:\/\/www.facebook.com\/ValkyrieParis","https:\/\/www.instagram.com\/valkyrieparis\/","https:\/\/www.pinterest.fr\/ValkyrieParis\/_created\/"]}]}},"_links":{"self":[{"href":"https:\/\/valkyrieparis-bijoux.fr\/en\/wp-json\/wp\/v2\/product\/221360","targetHints":{"allow":["GET"]}}],"collection":[{"href":"https:\/\/valkyrieparis-bijoux.fr\/en\/wp-json\/wp\/v2\/product"}],"about":[{"href":"https:\/\/valkyrieparis-bijoux.fr\/en\/wp-json\/wp\/v2\/types\/product"}],"wp:featuredmedia":[{"embeddable":true,"href":"https:\/\/valkyrieparis-bijoux.fr\/en\/wp-json\/wp\/v2\/media\/223723"}],"wp:attachment":[{"href":"https:\/\/valkyrieparis-bijoux.fr\/en\/wp-json\/wp\/v2\/media?parent=221360"}],"wp:term":[{"taxonomy":"product_brand","embeddable":true,"href":"https:\/\/valkyrieparis-bijoux.fr\/en\/wp-json\/wp\/v2\/product_brand?post=221360"},{"taxonomy":"product_cat","embeddable":true,"href":"https:\/\/valkyrieparis-bijoux.fr\/en\/wp-json\/wp\/v2\/product_cat?post=221360"},{"taxonomy":"product_tag","embeddable":true,"href":"https:\/\/valkyrieparis-bijoux.fr\/en\/wp-json\/wp\/v2\/product_tag?post=221360"}],"curies":[{"name":"wp","href":"https:\/\/api.w.org\/{rel}","templated":true}]}}