{"id":221297,"date":"2022-03-03T17:49:23","date_gmt":"2022-03-03T16:49:23","guid":{"rendered":"https:\/\/valkyrieparis-bijoux.fr\/?post_type=product&#038;p=221297"},"modified":"2026-02-10T16:02:15","modified_gmt":"2026-02-10T15:02:15","slug":"bague-grenat-marcassite","status":"publish","type":"product","link":"https:\/\/valkyrieparis-bijoux.fr\/en\/bagues-art-deco\/bague-grenat-marcassite\/","title":{"rendered":"Garnet - marcasite ring - Nymph model"},"content":{"rendered":"<h2><span style=\"font-weight: 400;\">Garnet ring in silver to strengthen the root chakra<\/span><\/h2>\n<p><span style=\"font-weight: 400;\">Discover this stylish art deco ring <\/span><b>vintage<\/b><span style=\"font-weight: 400;\"> of resounding splendor. This fabulous ring will light up your hand and give confidence to your look. It is crafted in silver and topped with a garnet stone. Contrary to what we know from medieval beliefs, lithotherapists lend great qualities to garnet. It is considered the stone of stability and strength.\u00a0<\/span><\/p>\n<p><span style=\"font-weight: 400;\">Garnet is linked to the root chakra at the base of the spine. It helps strengthen self-esteem <\/span><b>trust<\/b><span style=\"font-weight: 400;\"> et le contr\u00f4le de son corps. Il stabilise les personnes au caract\u00e8re inconstant et donne des forces pour affronter les bouleversements de la vie. Catalyseur d\u2019une m\u00e9ditation r\u00e9ussie, il aide \u00e0 trouver ce que l&rsquo;on cherche et \u00e0 mieux voir la v\u00e9ritable nature des choses.\u00a0<\/span><\/p>\n<h2><span style=\"font-weight: 400;\">Sumptuous ring embroidered with marcasite crystals: a real lucky charm\u00a0<\/span><\/h2>\n<p><span style=\"font-weight: 400;\">Refl\u00e9tant l&rsquo;\u00e9nergie de l&rsquo;or, la pierre <a href=\"https:\/\/valkyrieparis-bijoux.fr\/en\/bagues-art-deco\/bague-art-deco-cornaline-veritable\/\">marcasite<\/a> is a vector of <\/span><b>success<\/b><span style=\"font-weight: 400;\">of happiness and power. Its energetic vibrations and solar radiance open the being to creativity. It gives the holder confidence to move through the world and through life. Known for attracting universal energies, it helps trigger healthy energies in the physical structure. It is known for seeking out the cause of worry, and is useful for getting to the root of psychosomatic problems or traumas.\u00a0<\/span><\/p>\n<p><span style=\"font-weight: 400;\">Not only does this mineral protect the body against contagious illnesses such as flu, colds, viruses, skin diseases and fungal infections. When exposed to divine light, marcasite stone is beautiful and powerful for <\/span><b>cure<\/b><span style=\"font-weight: 400;\"> emotional wounds.<\/span><\/p>","protected":false},"excerpt":{"rendered":"<p><a rel=\"noreferrer\" href=\"https:\/\/valkyrieparis-bijoux.fr\/wp-content\/uploads\/2024\/09\/Bague-art-deco-grenat-modele-nymphe.mp4\" class=\"vp-a vp-mp4-type vp-modal-click vp-modal-click_shortcode\">Discover the jewel in video<\/a><br \/>\n&nbsp;<br \/>\nDiscover the Nymph garnet ring in silver, where elegance meets bold design. The garnet stone, cut in the shape of a drop, captures the light with intensity, accentuated by the marcasites meticulously set around it. The contrast between deep red and worked silver creates a unique piece. The whole evokes both tradition and modernity. A perfect choice for gem enthusiasts looking for a ring with a strong personality.<br \/>\n&nbsp;<br \/>\n&gt; <strong>Material<\/strong> Genuine sterling silver, hallmarked 925<br \/>\n&gt; <strong>Stones<\/strong> Garnet and marcasite<br \/>\n&gt; <strong>Dimensions<\/strong> 1.9 cm (length) x 1.9 cm (width)<br \/>\n&gt; <strong>Delivery<\/strong> free of charge in France<br \/>\n&gt; <strong>\u00c9crin<\/strong> Valkyrie offert<br \/>\n&gt; Ring <strong>warranty<\/strong> one year against manufacturing defects<br \/>\n&gt; Ring <strong>hypoallergenic<\/strong><\/p>","protected":false},"featured_media":227047,"template":"","meta":{"_et_pb_use_builder":"","_et_pb_old_content":"","_et_gb_content_width":""},"product_brand":[],"product_cat":[29],"product_tag":[],"class_list":{"0":"post-221297","1":"product","2":"type-product","3":"status-publish","4":"has-post-thumbnail","6":"product_cat-bagues-art-deco","8":"first","9":"instock","10":"shipping-taxable","11":"purchasable","12":"product-type-variable"},"yoast_head":"<!-- This site is optimized with the Yoast SEO plugin v26.9 - https:\/\/yoast.com\/product\/yoast-seo-wordpress\/ -->\n<title>Bague grenat - marcassite - mod\u00e8le Nymphe - Valkyrie Paris<\/title>\n<meta name=\"description\" content=\"\u00c9quilibrez vos \u00e9nergies gr\u00e2ce \u00e0 la marcassite de cette bague cr\u00e9\u00e9e soigneusement en argent massif. Le grenat v\u00e9ritable est porteur de nombreuses vertus.\" \/>\n<meta name=\"robots\" content=\"index, follow, max-snippet:-1, max-image-preview:large, max-video-preview:-1\" \/>\n<link rel=\"canonical\" href=\"https:\/\/valkyrieparis-bijoux.fr\/en\/bagues-art-deco\/bague-grenat-marcassite\/\" \/>\n<meta property=\"og:locale\" content=\"en_US\" \/>\n<meta property=\"og:type\" content=\"article\" \/>\n<meta property=\"og:title\" content=\"Bague grenat - marcassite - mod\u00e8le Nymphe - Valkyrie Paris\" \/>\n<meta property=\"og:description\" content=\"\u00c9quilibrez vos \u00e9nergies gr\u00e2ce \u00e0 la marcassite de cette bague cr\u00e9\u00e9e soigneusement en argent massif. Le grenat v\u00e9ritable est porteur de nombreuses vertus.\" \/>\n<meta property=\"og:url\" content=\"https:\/\/valkyrieparis-bijoux.fr\/en\/bagues-art-deco\/bague-grenat-marcassite\/\" \/>\n<meta property=\"og:site_name\" content=\"Valkyrie Paris\" \/>\n<meta property=\"article:publisher\" content=\"https:\/\/www.facebook.com\/ValkyrieParis\" \/>\n<meta property=\"article:modified_time\" content=\"2026-02-10T15:02:15+00:00\" \/>\n<meta property=\"og:image\" content=\"https:\/\/valkyrieparis-bijoux.fr\/wp-content\/uploads\/2024\/09\/DA12A593-F884-4F84-B73E-894544A471A7.jpeg\" \/>\n\t<meta property=\"og:image:width\" content=\"1500\" \/>\n\t<meta property=\"og:image:height\" content=\"1500\" \/>\n\t<meta property=\"og:image:type\" content=\"image\/jpeg\" \/>\n<meta name=\"twitter:label1\" content=\"Est. reading time\" \/>\n\t<meta name=\"twitter:data1\" content=\"2 minutes\" \/>\n<script type=\"application\/ld+json\" class=\"yoast-schema-graph\">{\"@context\":\"https:\/\/schema.org\",\"@graph\":[{\"@type\":\"WebPage\",\"@id\":\"https:\/\/valkyrieparis-bijoux.fr\/en\/bagues-art-deco\/bague-grenat-marcassite\/\",\"url\":\"https:\/\/valkyrieparis-bijoux.fr\/en\/bagues-art-deco\/bague-grenat-marcassite\/\",\"name\":\"Bague grenat - marcassite - mod\u00e8le Nymphe - Valkyrie Paris\",\"isPartOf\":{\"@id\":\"https:\/\/valkyrieparis-bijoux.fr\/en\/#website\"},\"primaryImageOfPage\":{\"@id\":\"https:\/\/valkyrieparis-bijoux.fr\/en\/bagues-art-deco\/bague-grenat-marcassite\/#primaryimage\"},\"image\":{\"@id\":\"https:\/\/valkyrieparis-bijoux.fr\/en\/bagues-art-deco\/bague-grenat-marcassite\/#primaryimage\"},\"thumbnailUrl\":\"https:\/\/valkyrieparis-bijoux.fr\/wp-content\/uploads\/2024\/09\/DA12A593-F884-4F84-B73E-894544A471A7.jpeg\",\"datePublished\":\"2022-03-03T16:49:23+00:00\",\"dateModified\":\"2026-02-10T15:02:15+00:00\",\"description\":\"\u00c9quilibrez vos \u00e9nergies gr\u00e2ce \u00e0 la marcassite de cette bague cr\u00e9\u00e9e soigneusement en argent massif. Le grenat v\u00e9ritable est porteur de nombreuses vertus.\",\"breadcrumb\":{\"@id\":\"https:\/\/valkyrieparis-bijoux.fr\/en\/bagues-art-deco\/bague-grenat-marcassite\/#breadcrumb\"},\"inLanguage\":\"en-US\",\"potentialAction\":[{\"@type\":\"ReadAction\",\"target\":[\"https:\/\/valkyrieparis-bijoux.fr\/en\/bagues-art-deco\/bague-grenat-marcassite\/\"]}]},{\"@type\":\"ImageObject\",\"inLanguage\":\"en-US\",\"@id\":\"https:\/\/valkyrieparis-bijoux.fr\/en\/bagues-art-deco\/bague-grenat-marcassite\/#primaryimage\",\"url\":\"https:\/\/valkyrieparis-bijoux.fr\/wp-content\/uploads\/2024\/09\/DA12A593-F884-4F84-B73E-894544A471A7.jpeg\",\"contentUrl\":\"https:\/\/valkyrieparis-bijoux.fr\/wp-content\/uploads\/2024\/09\/DA12A593-F884-4F84-B73E-894544A471A7.jpeg\",\"width\":1500,\"height\":1500,\"caption\":\"bague-grenat-argent\"},{\"@type\":\"BreadcrumbList\",\"@id\":\"https:\/\/valkyrieparis-bijoux.fr\/en\/bagues-art-deco\/bague-grenat-marcassite\/#breadcrumb\",\"itemListElement\":[{\"@type\":\"ListItem\",\"position\":1,\"name\":\"Boutique\",\"item\":\"https:\/\/valkyrieparis-bijoux.fr\/boutique-valkyrie\/\"},{\"@type\":\"ListItem\",\"position\":2,\"name\":\"Bague grenat &#8211; marcassite &#8211; mod\u00e8le Nymphe\"}]},{\"@type\":\"WebSite\",\"@id\":\"https:\/\/valkyrieparis-bijoux.fr\/en\/#website\",\"url\":\"https:\/\/valkyrieparis-bijoux.fr\/en\/\",\"name\":\"Valkyrie Paris\",\"description\":\"Cr\u00e9ateurs de Bijoux Art D\u00e9co\",\"publisher\":{\"@id\":\"https:\/\/valkyrieparis-bijoux.fr\/en\/#organization\"},\"potentialAction\":[{\"@type\":\"SearchAction\",\"target\":{\"@type\":\"EntryPoint\",\"urlTemplate\":\"https:\/\/valkyrieparis-bijoux.fr\/en\/?s={search_term_string}\"},\"query-input\":{\"@type\":\"PropertyValueSpecification\",\"valueRequired\":true,\"valueName\":\"search_term_string\"}}],\"inLanguage\":\"en-US\"},{\"@type\":\"Organization\",\"@id\":\"https:\/\/valkyrieparis-bijoux.fr\/en\/#organization\",\"name\":\"Valkyrie Paris\",\"url\":\"https:\/\/valkyrieparis-bijoux.fr\/en\/\",\"logo\":{\"@type\":\"ImageObject\",\"inLanguage\":\"en-US\",\"@id\":\"https:\/\/valkyrieparis-bijoux.fr\/en\/#\/schema\/logo\/image\/\",\"url\":\"https:\/\/valkyrieparis-bijoux.fr\/wp-content\/uploads\/2021\/03\/Valkyrie_logo_noir-2.png\",\"contentUrl\":\"https:\/\/valkyrieparis-bijoux.fr\/wp-content\/uploads\/2021\/03\/Valkyrie_logo_noir-2.png\",\"width\":1000,\"height\":321,\"caption\":\"Valkyrie Paris\"},\"image\":{\"@id\":\"https:\/\/valkyrieparis-bijoux.fr\/en\/#\/schema\/logo\/image\/\"},\"sameAs\":[\"https:\/\/www.facebook.com\/ValkyrieParis\",\"https:\/\/www.instagram.com\/valkyrieparis\/\",\"https:\/\/www.pinterest.fr\/ValkyrieParis\/_created\/\"]}]}<\/script>\n<!-- \/ Yoast SEO plugin. -->","yoast_head_json":{"title":"Garnet - marcasite ring - Nymph model - Valkyrie Paris","description":"Balance your energies with the marcasite in this carefully crafted sterling silver ring. Genuine garnet has many virtues.","robots":{"index":"index","follow":"follow","max-snippet":"max-snippet:-1","max-image-preview":"max-image-preview:large","max-video-preview":"max-video-preview:-1"},"canonical":"https:\/\/valkyrieparis-bijoux.fr\/en\/bagues-art-deco\/bague-grenat-marcassite\/","og_locale":"en_US","og_type":"article","og_title":"Bague grenat - marcassite - mod\u00e8le Nymphe - Valkyrie Paris","og_description":"\u00c9quilibrez vos \u00e9nergies gr\u00e2ce \u00e0 la marcassite de cette bague cr\u00e9\u00e9e soigneusement en argent massif. Le grenat v\u00e9ritable est porteur de nombreuses vertus.","og_url":"https:\/\/valkyrieparis-bijoux.fr\/en\/bagues-art-deco\/bague-grenat-marcassite\/","og_site_name":"Valkyrie Paris","article_publisher":"https:\/\/www.facebook.com\/ValkyrieParis","article_modified_time":"2026-02-10T15:02:15+00:00","og_image":[{"width":1500,"height":1500,"url":"https:\/\/valkyrieparis-bijoux.fr\/wp-content\/uploads\/2024\/09\/DA12A593-F884-4F84-B73E-894544A471A7.jpeg","type":"image\/jpeg"}],"twitter_misc":{"Est. reading time":"2 minutes"},"schema":{"@context":"https:\/\/schema.org","@graph":[{"@type":"WebPage","@id":"https:\/\/valkyrieparis-bijoux.fr\/en\/bagues-art-deco\/bague-grenat-marcassite\/","url":"https:\/\/valkyrieparis-bijoux.fr\/en\/bagues-art-deco\/bague-grenat-marcassite\/","name":"Garnet - marcasite ring - Nymph model - Valkyrie Paris","isPartOf":{"@id":"https:\/\/valkyrieparis-bijoux.fr\/en\/#website"},"primaryImageOfPage":{"@id":"https:\/\/valkyrieparis-bijoux.fr\/en\/bagues-art-deco\/bague-grenat-marcassite\/#primaryimage"},"image":{"@id":"https:\/\/valkyrieparis-bijoux.fr\/en\/bagues-art-deco\/bague-grenat-marcassite\/#primaryimage"},"thumbnailUrl":"https:\/\/valkyrieparis-bijoux.fr\/wp-content\/uploads\/2024\/09\/DA12A593-F884-4F84-B73E-894544A471A7.jpeg","datePublished":"2022-03-03T16:49:23+00:00","dateModified":"2026-02-10T15:02:15+00:00","description":"Balance your energies with the marcasite in this carefully crafted sterling silver ring. Genuine garnet has many virtues.","breadcrumb":{"@id":"https:\/\/valkyrieparis-bijoux.fr\/en\/bagues-art-deco\/bague-grenat-marcassite\/#breadcrumb"},"inLanguage":"en-US","potentialAction":[{"@type":"ReadAction","target":["https:\/\/valkyrieparis-bijoux.fr\/en\/bagues-art-deco\/bague-grenat-marcassite\/"]}]},{"@type":"ImageObject","inLanguage":"en-US","@id":"https:\/\/valkyrieparis-bijoux.fr\/en\/bagues-art-deco\/bague-grenat-marcassite\/#primaryimage","url":"https:\/\/valkyrieparis-bijoux.fr\/wp-content\/uploads\/2024\/09\/DA12A593-F884-4F84-B73E-894544A471A7.jpeg","contentUrl":"https:\/\/valkyrieparis-bijoux.fr\/wp-content\/uploads\/2024\/09\/DA12A593-F884-4F84-B73E-894544A471A7.jpeg","width":1500,"height":1500,"caption":"bague-grenat-argent"},{"@type":"BreadcrumbList","@id":"https:\/\/valkyrieparis-bijoux.fr\/en\/bagues-art-deco\/bague-grenat-marcassite\/#breadcrumb","itemListElement":[{"@type":"ListItem","position":1,"name":"Boutique","item":"https:\/\/valkyrieparis-bijoux.fr\/boutique-valkyrie\/"},{"@type":"ListItem","position":2,"name":"Bague grenat &#8211; marcassite &#8211; mod\u00e8le Nymphe"}]},{"@type":"WebSite","@id":"https:\/\/valkyrieparis-bijoux.fr\/en\/#website","url":"https:\/\/valkyrieparis-bijoux.fr\/en\/","name":"Valkyrie Paris","description":"Art Deco Jewellery Designers","publisher":{"@id":"https:\/\/valkyrieparis-bijoux.fr\/en\/#organization"},"potentialAction":[{"@type":"SearchAction","target":{"@type":"EntryPoint","urlTemplate":"https:\/\/valkyrieparis-bijoux.fr\/en\/?s={search_term_string}"},"query-input":{"@type":"PropertyValueSpecification","valueRequired":true,"valueName":"search_term_string"}}],"inLanguage":"en-US"},{"@type":"Organization","@id":"https:\/\/valkyrieparis-bijoux.fr\/en\/#organization","name":"Valkyrie Paris","url":"https:\/\/valkyrieparis-bijoux.fr\/en\/","logo":{"@type":"ImageObject","inLanguage":"en-US","@id":"https:\/\/valkyrieparis-bijoux.fr\/en\/#\/schema\/logo\/image\/","url":"https:\/\/valkyrieparis-bijoux.fr\/wp-content\/uploads\/2021\/03\/Valkyrie_logo_noir-2.png","contentUrl":"https:\/\/valkyrieparis-bijoux.fr\/wp-content\/uploads\/2021\/03\/Valkyrie_logo_noir-2.png","width":1000,"height":321,"caption":"Valkyrie Paris"},"image":{"@id":"https:\/\/valkyrieparis-bijoux.fr\/en\/#\/schema\/logo\/image\/"},"sameAs":["https:\/\/www.facebook.com\/ValkyrieParis","https:\/\/www.instagram.com\/valkyrieparis\/","https:\/\/www.pinterest.fr\/ValkyrieParis\/_created\/"]}]}},"_links":{"self":[{"href":"https:\/\/valkyrieparis-bijoux.fr\/en\/wp-json\/wp\/v2\/product\/221297","targetHints":{"allow":["GET"]}}],"collection":[{"href":"https:\/\/valkyrieparis-bijoux.fr\/en\/wp-json\/wp\/v2\/product"}],"about":[{"href":"https:\/\/valkyrieparis-bijoux.fr\/en\/wp-json\/wp\/v2\/types\/product"}],"wp:featuredmedia":[{"embeddable":true,"href":"https:\/\/valkyrieparis-bijoux.fr\/en\/wp-json\/wp\/v2\/media\/227047"}],"wp:attachment":[{"href":"https:\/\/valkyrieparis-bijoux.fr\/en\/wp-json\/wp\/v2\/media?parent=221297"}],"wp:term":[{"taxonomy":"product_brand","embeddable":true,"href":"https:\/\/valkyrieparis-bijoux.fr\/en\/wp-json\/wp\/v2\/product_brand?post=221297"},{"taxonomy":"product_cat","embeddable":true,"href":"https:\/\/valkyrieparis-bijoux.fr\/en\/wp-json\/wp\/v2\/product_cat?post=221297"},{"taxonomy":"product_tag","embeddable":true,"href":"https:\/\/valkyrieparis-bijoux.fr\/en\/wp-json\/wp\/v2\/product_tag?post=221297"}],"curies":[{"name":"wp","href":"https:\/\/api.w.org\/{rel}","templated":true}]}}