{"id":221284,"date":"2022-03-03T17:33:34","date_gmt":"2022-03-03T16:33:34","guid":{"rendered":"https:\/\/valkyrieparis-bijoux.fr\/?post_type=product&#038;p=221284"},"modified":"2026-02-10T16:08:01","modified_gmt":"2026-02-10T15:08:01","slug":"bague-art-deco-agate-verte-veritable","status":"publish","type":"product","link":"https:\/\/valkyrieparis-bijoux.fr\/en\/bagues-art-deco\/bague-art-deco-agate-modele-pandore\/","title":{"rendered":"Art deco ring - green agate - Pandora model"},"content":{"rendered":"<h2><span style=\"font-weight: 400;\">Hypoallergenic art deco ring for all occasions<\/span><\/h2>\n<p><span style=\"font-weight: 400;\">The beauty of a ring lies in two main aspects. The first is its design, and the second is the materials with which it has been crafted. In both respects, this ring meets all the criteria of an exceptional ring. In terms of design, it is a pure <\/span><b>wonder<\/b><span style=\"font-weight: 400;\">. The geometric shapes used in its design make it special.\u00a0<\/span><\/p>\n<p><span style=\"font-weight: 400;\">La monture de cette bague vintage est simple et tr\u00e8s pratique. Elle met en \u00e9vidence la beaut\u00e9 de la pierre d&rsquo;agate qui surmonte cet <\/span><b>ring<\/b><span style=\"font-weight: 400;\">. Its green color adds even more sparkle to the set. This color blends perfectly with the silver gray applied to the frame. The <a href=\"https:\/\/valkyrieparis-bijoux.fr\/en\/bagues-art-deco\/\">marcasite<\/a> visible on the ring's motifs completes its design perfectly.<\/span><\/p>\n<p><span style=\"font-weight: 400;\">What's more, this <\/span><b>antique-style deco ring <\/b><span style=\"font-weight: 400;\">is hypoallergenic and goes perfectly with any outfit. This \"allergy-free\" property isn't the only one contained in this ring. In fact, the gemstones in the ring provide additional benefits.\u00a0\u00a0<\/span><\/p>\n<h2><span style=\"font-weight: 400;\">A sublime precious metal ring with therapeutic properties\u00a0<\/span><\/h2>\n<p><span style=\"font-weight: 400;\">L\u2019argent, la pierre d&rsquo;agate et la marcassite poss\u00e8dent de nombreuses propri\u00e9t\u00e9s et vertus th\u00e9rapeutiques. En effet, tous ces mat\u00e9riaux sont tr\u00e8s utilis\u00e9s en <\/span><b>lithotherapy<\/b><span style=\"font-weight: 400;\">. Silver brings self-confidence and self-assurance. It cures disorders linked to electromagnetic hypersensitivity, such as nausea, dizziness and migraine. This metal also has anti-inflammatory properties and a highly effective antiseptic effect.\u00a0<\/span><\/p>\n<p><span style=\"font-weight: 400;\">This <\/span><b>art deco ring<\/b><span style=\"font-weight: 400;\"> a h\u00e9rit\u00e9 \u00e9galement des attributs de la pierre d&rsquo;agate qui la constitue. Ce min\u00e9ral verte poss\u00e8de un pouvoir protecteur et anti-inflammatoire. Sur les plans \u00e9motionnels et spirituels, elle est capable de dissiper les pens\u00e9es vagabondes. Les attitudes positives comme la concentration seront donc optimis\u00e9es. En plus de cela, l&rsquo;agate \u00e9galement appel\u00e9e \u00ab la pierre de feu \u00bb vous donne du courage et de la pers\u00e9v\u00e9rance.<\/span><\/p>\n<p><span style=\"font-weight: 400;\">The final component of this ring is the marcasite stone. Like the ring's other components, it possesses virtues that may be useful to you. On a physical level, it can combat hot flushes. Legend has it that marcasite can have a positive effect on the body's respiratory system, making it easier for the lungs to work. Connected to the divine, this <a href=\"https:\/\/valkyrieparis-bijoux.fr\/en\/bagues-art-deco\/bague-art-deco-agate-et-argent-massif\/\">stone<\/a> also soothes emotional wounds. Enjoy the beauty and virtues of this ring with <\/span><b>vintage style <\/b><span style=\"font-weight: 400;\">once it's in your possession.\u00a0 <\/span><\/p>","protected":false},"excerpt":{"rendered":"<p><a rel=\"noreferrer\" href=\"https:\/\/valkyrieparis-bijoux.fr\/wp-content\/uploads\/2024\/06\/Bague-art-deco-agate-modele-pandore.mp4\" class=\"vp-a vp-mp4-type vp-modal-click vp-modal-click_shortcode\">Discover the jewel in video<\/a><br \/>\n&nbsp;<br \/>\nDiscover the green agate Pandora ring, a one-of-a-kind piece of sterling silver jewelry. Named after the mythical Pandora's box, this ring holds a mystical beauty with its rectangular agate stone and delicate marcasites. Green agate, known for its soothing and balancing benefits, helps stabilize emotions and boost self-confidence. The Pandora ring is a must-have choice for lovers of authentic, symbolic jewelry.<br \/>\n&nbsp;<br \/>\n&gt; <strong>Material<\/strong> Genuine sterling silver, hallmarked 925<br \/>\n&gt; <strong>Stones<\/strong> green agate and marcasite<br \/>\n&gt; <strong>Dimensions<\/strong> 1.1 cm (length) x 0.9 cm (width)<br \/>\n&gt; <strong>Delivery<\/strong> free of charge in France<br \/>\n&gt; <strong>\u00c9crin<\/strong> Valkyrie offert<br \/>\n&gt; Ring <strong>warranty<\/strong> one year against manufacturing defects<br \/>\n&gt; Ring <strong>hypoallergenic<\/strong><\/p>","protected":false},"featured_media":226680,"template":"","meta":{"_et_pb_use_builder":"","_et_pb_old_content":"","_et_gb_content_width":""},"product_brand":[],"product_cat":[29],"product_tag":[],"class_list":{"0":"post-221284","1":"product","2":"type-product","3":"status-publish","4":"has-post-thumbnail","6":"product_cat-bagues-art-deco","8":"first","9":"instock","10":"shipping-taxable","11":"purchasable","12":"product-type-variable"},"yoast_head":"<!-- This site is optimized with the Yoast SEO plugin v26.9 - https:\/\/yoast.com\/product\/yoast-seo-wordpress\/ -->\n<title>Bague art d\u00e9co \u2013 agate verte \u2013 mod\u00e8le Pandore art deco -<\/title>\n<meta name=\"description\" content=\"D\u00e9couvrez la bague art d\u00e9co en agate naturelle. Nomm\u00e9e d&#039;apr\u00e8s la mythique bo\u00eete de Pandore, elle renferme une beaut\u00e9 mystique.\" \/>\n<meta name=\"robots\" content=\"index, follow, max-snippet:-1, max-image-preview:large, max-video-preview:-1\" \/>\n<link rel=\"canonical\" href=\"https:\/\/valkyrieparis-bijoux.fr\/en\/bagues-art-deco\/bague-art-deco-agate-modele-pandore\/\" \/>\n<meta property=\"og:locale\" content=\"en_US\" \/>\n<meta property=\"og:type\" content=\"article\" \/>\n<meta property=\"og:title\" content=\"Bague art d\u00e9co \u2013 agate verte \u2013 mod\u00e8le Pandore art deco -\" \/>\n<meta property=\"og:description\" content=\"D\u00e9couvrez la bague art d\u00e9co en agate naturelle. Nomm\u00e9e d&#039;apr\u00e8s la mythique bo\u00eete de Pandore, elle renferme une beaut\u00e9 mystique.\" \/>\n<meta property=\"og:url\" content=\"https:\/\/valkyrieparis-bijoux.fr\/en\/bagues-art-deco\/bague-art-deco-agate-modele-pandore\/\" \/>\n<meta property=\"og:site_name\" content=\"Valkyrie Paris\" \/>\n<meta property=\"article:publisher\" content=\"https:\/\/www.facebook.com\/ValkyrieParis\" \/>\n<meta property=\"article:modified_time\" content=\"2026-02-10T15:08:01+00:00\" \/>\n<meta property=\"og:image\" content=\"https:\/\/valkyrieparis-bijoux.fr\/wp-content\/uploads\/2022\/03\/AFF4CB85-CA82-48E9-BDAE-182B6393AA57.jpeg\" \/>\n\t<meta property=\"og:image:width\" content=\"1500\" \/>\n\t<meta property=\"og:image:height\" content=\"1500\" \/>\n\t<meta property=\"og:image:type\" content=\"image\/jpeg\" \/>\n<meta name=\"twitter:label1\" content=\"Est. reading time\" \/>\n\t<meta name=\"twitter:data1\" content=\"3 minutes\" \/>\n<script type=\"application\/ld+json\" class=\"yoast-schema-graph\">{\"@context\":\"https:\/\/schema.org\",\"@graph\":[{\"@type\":\"WebPage\",\"@id\":\"https:\/\/valkyrieparis-bijoux.fr\/en\/bagues-art-deco\/bague-art-deco-agate-modele-pandore\/\",\"url\":\"https:\/\/valkyrieparis-bijoux.fr\/en\/bagues-art-deco\/bague-art-deco-agate-modele-pandore\/\",\"name\":\"Bague art d\u00e9co \u2013 agate verte \u2013 mod\u00e8le Pandore art deco -\",\"isPartOf\":{\"@id\":\"https:\/\/valkyrieparis-bijoux.fr\/en\/#website\"},\"primaryImageOfPage\":{\"@id\":\"https:\/\/valkyrieparis-bijoux.fr\/en\/bagues-art-deco\/bague-art-deco-agate-modele-pandore\/#primaryimage\"},\"image\":{\"@id\":\"https:\/\/valkyrieparis-bijoux.fr\/en\/bagues-art-deco\/bague-art-deco-agate-modele-pandore\/#primaryimage\"},\"thumbnailUrl\":\"https:\/\/valkyrieparis-bijoux.fr\/wp-content\/uploads\/2022\/03\/AFF4CB85-CA82-48E9-BDAE-182B6393AA57.jpeg\",\"datePublished\":\"2022-03-03T16:33:34+00:00\",\"dateModified\":\"2026-02-10T15:08:01+00:00\",\"description\":\"D\u00e9couvrez la bague art d\u00e9co en agate naturelle. Nomm\u00e9e d'apr\u00e8s la mythique bo\u00eete de Pandore, elle renferme une beaut\u00e9 mystique.\",\"breadcrumb\":{\"@id\":\"https:\/\/valkyrieparis-bijoux.fr\/en\/bagues-art-deco\/bague-art-deco-agate-modele-pandore\/#breadcrumb\"},\"inLanguage\":\"en-US\",\"potentialAction\":[{\"@type\":\"ReadAction\",\"target\":[\"https:\/\/valkyrieparis-bijoux.fr\/en\/bagues-art-deco\/bague-art-deco-agate-modele-pandore\/\"]}]},{\"@type\":\"ImageObject\",\"inLanguage\":\"en-US\",\"@id\":\"https:\/\/valkyrieparis-bijoux.fr\/en\/bagues-art-deco\/bague-art-deco-agate-modele-pandore\/#primaryimage\",\"url\":\"https:\/\/valkyrieparis-bijoux.fr\/wp-content\/uploads\/2022\/03\/AFF4CB85-CA82-48E9-BDAE-182B6393AA57.jpeg\",\"contentUrl\":\"https:\/\/valkyrieparis-bijoux.fr\/wp-content\/uploads\/2022\/03\/AFF4CB85-CA82-48E9-BDAE-182B6393AA57.jpeg\",\"width\":1500,\"height\":1500,\"caption\":\"bague-agate-pierre-naturelle\"},{\"@type\":\"BreadcrumbList\",\"@id\":\"https:\/\/valkyrieparis-bijoux.fr\/en\/bagues-art-deco\/bague-art-deco-agate-modele-pandore\/#breadcrumb\",\"itemListElement\":[{\"@type\":\"ListItem\",\"position\":1,\"name\":\"Boutique\",\"item\":\"https:\/\/valkyrieparis-bijoux.fr\/boutique-valkyrie\/\"},{\"@type\":\"ListItem\",\"position\":2,\"name\":\"Bague art d\u00e9co \u2013 agate verte \u2013 mod\u00e8le Pandore\"}]},{\"@type\":\"WebSite\",\"@id\":\"https:\/\/valkyrieparis-bijoux.fr\/en\/#website\",\"url\":\"https:\/\/valkyrieparis-bijoux.fr\/en\/\",\"name\":\"Valkyrie Paris\",\"description\":\"Cr\u00e9ateurs de Bijoux Art D\u00e9co\",\"publisher\":{\"@id\":\"https:\/\/valkyrieparis-bijoux.fr\/en\/#organization\"},\"potentialAction\":[{\"@type\":\"SearchAction\",\"target\":{\"@type\":\"EntryPoint\",\"urlTemplate\":\"https:\/\/valkyrieparis-bijoux.fr\/en\/?s={search_term_string}\"},\"query-input\":{\"@type\":\"PropertyValueSpecification\",\"valueRequired\":true,\"valueName\":\"search_term_string\"}}],\"inLanguage\":\"en-US\"},{\"@type\":\"Organization\",\"@id\":\"https:\/\/valkyrieparis-bijoux.fr\/en\/#organization\",\"name\":\"Valkyrie Paris\",\"url\":\"https:\/\/valkyrieparis-bijoux.fr\/en\/\",\"logo\":{\"@type\":\"ImageObject\",\"inLanguage\":\"en-US\",\"@id\":\"https:\/\/valkyrieparis-bijoux.fr\/en\/#\/schema\/logo\/image\/\",\"url\":\"https:\/\/valkyrieparis-bijoux.fr\/wp-content\/uploads\/2021\/03\/Valkyrie_logo_noir-2.png\",\"contentUrl\":\"https:\/\/valkyrieparis-bijoux.fr\/wp-content\/uploads\/2021\/03\/Valkyrie_logo_noir-2.png\",\"width\":1000,\"height\":321,\"caption\":\"Valkyrie Paris\"},\"image\":{\"@id\":\"https:\/\/valkyrieparis-bijoux.fr\/en\/#\/schema\/logo\/image\/\"},\"sameAs\":[\"https:\/\/www.facebook.com\/ValkyrieParis\",\"https:\/\/www.instagram.com\/valkyrieparis\/\",\"https:\/\/www.pinterest.fr\/ValkyrieParis\/_created\/\"]}]}<\/script>\n<!-- \/ Yoast SEO plugin. -->","yoast_head_json":{"title":"Art deco ring - green agate - Pandore art deco model -","description":"Discover the art deco ring in natural agate. Named after the mythical Pandora's box, it holds a mystical beauty.","robots":{"index":"index","follow":"follow","max-snippet":"max-snippet:-1","max-image-preview":"max-image-preview:large","max-video-preview":"max-video-preview:-1"},"canonical":"https:\/\/valkyrieparis-bijoux.fr\/en\/bagues-art-deco\/bague-art-deco-agate-modele-pandore\/","og_locale":"en_US","og_type":"article","og_title":"Bague art d\u00e9co \u2013 agate verte \u2013 mod\u00e8le Pandore art deco -","og_description":"D\u00e9couvrez la bague art d\u00e9co en agate naturelle. Nomm\u00e9e d'apr\u00e8s la mythique bo\u00eete de Pandore, elle renferme une beaut\u00e9 mystique.","og_url":"https:\/\/valkyrieparis-bijoux.fr\/en\/bagues-art-deco\/bague-art-deco-agate-modele-pandore\/","og_site_name":"Valkyrie Paris","article_publisher":"https:\/\/www.facebook.com\/ValkyrieParis","article_modified_time":"2026-02-10T15:08:01+00:00","og_image":[{"width":1500,"height":1500,"url":"https:\/\/valkyrieparis-bijoux.fr\/wp-content\/uploads\/2022\/03\/AFF4CB85-CA82-48E9-BDAE-182B6393AA57.jpeg","type":"image\/jpeg"}],"twitter_misc":{"Est. reading time":"3 minutes"},"schema":{"@context":"https:\/\/schema.org","@graph":[{"@type":"WebPage","@id":"https:\/\/valkyrieparis-bijoux.fr\/en\/bagues-art-deco\/bague-art-deco-agate-modele-pandore\/","url":"https:\/\/valkyrieparis-bijoux.fr\/en\/bagues-art-deco\/bague-art-deco-agate-modele-pandore\/","name":"Art deco ring - green agate - Pandore art deco model -","isPartOf":{"@id":"https:\/\/valkyrieparis-bijoux.fr\/en\/#website"},"primaryImageOfPage":{"@id":"https:\/\/valkyrieparis-bijoux.fr\/en\/bagues-art-deco\/bague-art-deco-agate-modele-pandore\/#primaryimage"},"image":{"@id":"https:\/\/valkyrieparis-bijoux.fr\/en\/bagues-art-deco\/bague-art-deco-agate-modele-pandore\/#primaryimage"},"thumbnailUrl":"https:\/\/valkyrieparis-bijoux.fr\/wp-content\/uploads\/2022\/03\/AFF4CB85-CA82-48E9-BDAE-182B6393AA57.jpeg","datePublished":"2022-03-03T16:33:34+00:00","dateModified":"2026-02-10T15:08:01+00:00","description":"Discover the art deco ring in natural agate. Named after the mythical Pandora's box, it holds a mystical beauty.","breadcrumb":{"@id":"https:\/\/valkyrieparis-bijoux.fr\/en\/bagues-art-deco\/bague-art-deco-agate-modele-pandore\/#breadcrumb"},"inLanguage":"en-US","potentialAction":[{"@type":"ReadAction","target":["https:\/\/valkyrieparis-bijoux.fr\/en\/bagues-art-deco\/bague-art-deco-agate-modele-pandore\/"]}]},{"@type":"ImageObject","inLanguage":"en-US","@id":"https:\/\/valkyrieparis-bijoux.fr\/en\/bagues-art-deco\/bague-art-deco-agate-modele-pandore\/#primaryimage","url":"https:\/\/valkyrieparis-bijoux.fr\/wp-content\/uploads\/2022\/03\/AFF4CB85-CA82-48E9-BDAE-182B6393AA57.jpeg","contentUrl":"https:\/\/valkyrieparis-bijoux.fr\/wp-content\/uploads\/2022\/03\/AFF4CB85-CA82-48E9-BDAE-182B6393AA57.jpeg","width":1500,"height":1500,"caption":"bague-agate-pierre-naturelle"},{"@type":"BreadcrumbList","@id":"https:\/\/valkyrieparis-bijoux.fr\/en\/bagues-art-deco\/bague-art-deco-agate-modele-pandore\/#breadcrumb","itemListElement":[{"@type":"ListItem","position":1,"name":"Boutique","item":"https:\/\/valkyrieparis-bijoux.fr\/boutique-valkyrie\/"},{"@type":"ListItem","position":2,"name":"Bague art d\u00e9co \u2013 agate verte \u2013 mod\u00e8le Pandore"}]},{"@type":"WebSite","@id":"https:\/\/valkyrieparis-bijoux.fr\/en\/#website","url":"https:\/\/valkyrieparis-bijoux.fr\/en\/","name":"Valkyrie Paris","description":"Art Deco Jewellery Designers","publisher":{"@id":"https:\/\/valkyrieparis-bijoux.fr\/en\/#organization"},"potentialAction":[{"@type":"SearchAction","target":{"@type":"EntryPoint","urlTemplate":"https:\/\/valkyrieparis-bijoux.fr\/en\/?s={search_term_string}"},"query-input":{"@type":"PropertyValueSpecification","valueRequired":true,"valueName":"search_term_string"}}],"inLanguage":"en-US"},{"@type":"Organization","@id":"https:\/\/valkyrieparis-bijoux.fr\/en\/#organization","name":"Valkyrie Paris","url":"https:\/\/valkyrieparis-bijoux.fr\/en\/","logo":{"@type":"ImageObject","inLanguage":"en-US","@id":"https:\/\/valkyrieparis-bijoux.fr\/en\/#\/schema\/logo\/image\/","url":"https:\/\/valkyrieparis-bijoux.fr\/wp-content\/uploads\/2021\/03\/Valkyrie_logo_noir-2.png","contentUrl":"https:\/\/valkyrieparis-bijoux.fr\/wp-content\/uploads\/2021\/03\/Valkyrie_logo_noir-2.png","width":1000,"height":321,"caption":"Valkyrie Paris"},"image":{"@id":"https:\/\/valkyrieparis-bijoux.fr\/en\/#\/schema\/logo\/image\/"},"sameAs":["https:\/\/www.facebook.com\/ValkyrieParis","https:\/\/www.instagram.com\/valkyrieparis\/","https:\/\/www.pinterest.fr\/ValkyrieParis\/_created\/"]}]}},"_links":{"self":[{"href":"https:\/\/valkyrieparis-bijoux.fr\/en\/wp-json\/wp\/v2\/product\/221284","targetHints":{"allow":["GET"]}}],"collection":[{"href":"https:\/\/valkyrieparis-bijoux.fr\/en\/wp-json\/wp\/v2\/product"}],"about":[{"href":"https:\/\/valkyrieparis-bijoux.fr\/en\/wp-json\/wp\/v2\/types\/product"}],"wp:featuredmedia":[{"embeddable":true,"href":"https:\/\/valkyrieparis-bijoux.fr\/en\/wp-json\/wp\/v2\/media\/226680"}],"wp:attachment":[{"href":"https:\/\/valkyrieparis-bijoux.fr\/en\/wp-json\/wp\/v2\/media?parent=221284"}],"wp:term":[{"taxonomy":"product_brand","embeddable":true,"href":"https:\/\/valkyrieparis-bijoux.fr\/en\/wp-json\/wp\/v2\/product_brand?post=221284"},{"taxonomy":"product_cat","embeddable":true,"href":"https:\/\/valkyrieparis-bijoux.fr\/en\/wp-json\/wp\/v2\/product_cat?post=221284"},{"taxonomy":"product_tag","embeddable":true,"href":"https:\/\/valkyrieparis-bijoux.fr\/en\/wp-json\/wp\/v2\/product_tag?post=221284"}],"curies":[{"name":"wp","href":"https:\/\/api.w.org\/{rel}","templated":true}]}}