{"id":221255,"date":"2022-03-03T16:54:21","date_gmt":"2022-03-03T15:54:21","guid":{"rendered":"https:\/\/valkyrieparis-bijoux.fr\/?post_type=product&#038;p=221255"},"modified":"2026-03-26T13:58:36","modified_gmt":"2026-03-26T12:58:36","slug":"bague-topaze-bleue-marcassite-naturelle","status":"publish","type":"product","link":"https:\/\/valkyrieparis-bijoux.fr\/en\/bagues-art-deco\/bague-topaze-bleue-marcassite-naturelles\/","title":{"rendered":"Blue topaz ring - Elysia model"},"content":{"rendered":"<h2>Silver ring set with a blue topaz and marcasites<\/h2>\n<p>Are you looking for an exceptional ring to wear for a special occasion or just to make an everyday statement? This magnificent sterling silver ring adorned with emerald-cut blue topaz and marcasite pav\u00e9 dazzles with its lines and design. The impeccable finishing of this antique jewel is a testament to the talent of our jewelers.<\/p>\n<p>This pretty ring in precious metal, verifiable thanks to its hallmark, can also be offered as an engagement ring. If your loved one is particularly fond of the color blue, this antique jewel is sure to win them over. This ring for women evokes natural elements such as the ocean, the sky and the purity of water. Blue is also a soothing color that reinforces stability. It is also often associated with wisdom, dreams and serenity. Blue topaz is therefore associated with all these concepts that contribute to well-being.<\/p>\n<p>Our precious and semi-precious stone jewelry is customizable and comes with a certificate of authenticity. You may also be interested in the virtues of our different gems to guide your choice. These include peridot, ruby, cultured pearls, amethyst, citrine and many others.<\/p>\n<h2>Blue topaz will guide you in the right direction<\/h2>\n<p>Si vous vous sentez perdue ou que les choses sont confuses \u00e0 un point o\u00f9 vous ne savez pas quelle direction est la meilleure pour votre vie, la topaze bleue a des vertus qui pourront vous \u00eatre d\u2019une grande aide. Il s&rsquo;agit d&rsquo;une pierre fine qui d\u00e9gage une vibration qui permet d\u2019avoir les id\u00e9es plus claires. Ces derni\u00e8res viendront principalement de l\u2019esprit et non de l\u2019influence ext\u00e9rieure ou des \u00e9nergies n\u00e9gatives.<\/p>\n<p>You will then gradually learn what will make you truly happy and fulfilled. This gem also has metaphysical properties that can heal you. We recommend our toi et moi rings, adorned with blue topaz in baguette, cushion and pear cuts. But also marquise-cut, princess-cut, etc. You'll be able to wear them on any occasion and enjoy their benefits to the full.<\/p>\n<p>You can also embellish it with the various jewels on our site. Our collection of necklaces, bracelets, earrings, pendants, etc. will help you put together an ensemble. Last but not least, you'll also find a wide choice of gift ideas, including mixed rings suitable for men.<\/p>","protected":false},"excerpt":{"rendered":"<p><a rel=\"noreferrer\" href=\"https:\/\/valkyrieparis-bijoux.fr\/wp-content\/uploads\/2024\/02\/Bague-marcassites-topaze-bleue.mp4\" class=\"vp-a vp-mp4-type vp-modal-click vp-modal-click_shortcode\">Discover the jewel in video<\/a><br \/>\n&nbsp;<br \/>\nDiscover our sublime blue topaz ring, a jewel of contemporary elegance. This exceptional piece is finely crafted in sterling silver, offering lasting brilliance and sophisticated sparkle. At its center, it offers a captivating blue topaz, precision-cut. This precious gem is framed by a sparkling halo of marcasites. A perfect balance of tradition and modernity, this ring is the epitome of understated luxury and refinement.<br \/>\n&nbsp;<br \/>\n&gt; <strong>Material<\/strong> Genuine sterling silver, hallmarked 925<br \/>\n&gt; <strong>Stones<\/strong> blue topaz and marcasites<br \/>\n&gt; <strong>Dimensions<\/strong> 1.7 cm (length) x 1.4 cm (width)<br \/>\n&gt; <strong>Delivery<\/strong> free of charge in France<br \/>\n&gt; <strong>\u00c9crin<\/strong> Valkyrie offert<br \/>\n&gt; Ring <strong>warranty<\/strong> one year against manufacturing defects<br \/>\n&gt; Ring <strong>hypoallergenic<\/strong><\/p>","protected":false},"featured_media":229495,"template":"","meta":{"_et_pb_use_builder":"","_et_pb_old_content":"","_et_gb_content_width":""},"product_brand":[],"product_cat":[29],"product_tag":[],"class_list":{"0":"post-221255","1":"product","2":"type-product","3":"status-publish","4":"has-post-thumbnail","6":"product_cat-bagues-art-deco","8":"first","9":"instock","10":"shipping-taxable","11":"purchasable","12":"product-type-variable"},"yoast_head":"<!-- This site is optimized with the Yoast SEO plugin v26.9 - https:\/\/yoast.com\/product\/yoast-seo-wordpress\/ -->\n<title>Bague topaze bleue - mod\u00e8le Elysia - Valkyrie Paris<\/title>\n<meta name=\"description\" content=\"La bague topaze bleue en argent et marcassites est une pi\u00e8ce compos\u00e9e de pierres qui r\u00e9v\u00e8lent votre raffinement et votre grande personnalit\u00e9.\" \/>\n<meta name=\"robots\" content=\"index, follow, max-snippet:-1, max-image-preview:large, max-video-preview:-1\" \/>\n<link rel=\"canonical\" href=\"https:\/\/valkyrieparis-bijoux.fr\/en\/bagues-art-deco\/bague-topaze-bleue-marcassite-naturelles\/\" \/>\n<meta property=\"og:locale\" content=\"en_US\" \/>\n<meta property=\"og:type\" content=\"article\" \/>\n<meta property=\"og:title\" content=\"Bague topaze bleue - mod\u00e8le Elysia - Valkyrie Paris\" \/>\n<meta property=\"og:description\" content=\"La bague topaze bleue en argent et marcassites est une pi\u00e8ce compos\u00e9e de pierres qui r\u00e9v\u00e8lent votre raffinement et votre grande personnalit\u00e9.\" \/>\n<meta property=\"og:url\" content=\"https:\/\/valkyrieparis-bijoux.fr\/en\/bagues-art-deco\/bague-topaze-bleue-marcassite-naturelles\/\" \/>\n<meta property=\"og:site_name\" content=\"Valkyrie Paris\" \/>\n<meta property=\"article:publisher\" content=\"https:\/\/www.facebook.com\/ValkyrieParis\" \/>\n<meta property=\"article:modified_time\" content=\"2026-03-26T12:58:36+00:00\" \/>\n<meta property=\"og:image\" content=\"https:\/\/valkyrieparis-bijoux.fr\/wp-content\/uploads\/2026\/01\/EE0509D7-5AE4-49A8-ABD1-D6CA91847149.jpg\" \/>\n\t<meta property=\"og:image:width\" content=\"1600\" \/>\n\t<meta property=\"og:image:height\" content=\"1600\" \/>\n\t<meta property=\"og:image:type\" content=\"image\/jpeg\" \/>\n<meta name=\"twitter:label1\" content=\"Est. reading time\" \/>\n\t<meta name=\"twitter:data1\" content=\"3 minutes\" \/>\n<script type=\"application\/ld+json\" class=\"yoast-schema-graph\">{\"@context\":\"https:\/\/schema.org\",\"@graph\":[{\"@type\":\"WebPage\",\"@id\":\"https:\/\/valkyrieparis-bijoux.fr\/en\/bagues-art-deco\/bague-topaze-bleue-marcassite-naturelles\/\",\"url\":\"https:\/\/valkyrieparis-bijoux.fr\/en\/bagues-art-deco\/bague-topaze-bleue-marcassite-naturelles\/\",\"name\":\"Bague topaze bleue - mod\u00e8le Elysia - Valkyrie Paris\",\"isPartOf\":{\"@id\":\"https:\/\/valkyrieparis-bijoux.fr\/en\/#website\"},\"primaryImageOfPage\":{\"@id\":\"https:\/\/valkyrieparis-bijoux.fr\/en\/bagues-art-deco\/bague-topaze-bleue-marcassite-naturelles\/#primaryimage\"},\"image\":{\"@id\":\"https:\/\/valkyrieparis-bijoux.fr\/en\/bagues-art-deco\/bague-topaze-bleue-marcassite-naturelles\/#primaryimage\"},\"thumbnailUrl\":\"https:\/\/valkyrieparis-bijoux.fr\/wp-content\/uploads\/2026\/01\/EE0509D7-5AE4-49A8-ABD1-D6CA91847149.jpg\",\"datePublished\":\"2022-03-03T15:54:21+00:00\",\"dateModified\":\"2026-03-26T12:58:36+00:00\",\"description\":\"La bague topaze bleue en argent et marcassites est une pi\u00e8ce compos\u00e9e de pierres qui r\u00e9v\u00e8lent votre raffinement et votre grande personnalit\u00e9.\",\"breadcrumb\":{\"@id\":\"https:\/\/valkyrieparis-bijoux.fr\/en\/bagues-art-deco\/bague-topaze-bleue-marcassite-naturelles\/#breadcrumb\"},\"inLanguage\":\"en-US\",\"potentialAction\":[{\"@type\":\"ReadAction\",\"target\":[\"https:\/\/valkyrieparis-bijoux.fr\/en\/bagues-art-deco\/bague-topaze-bleue-marcassite-naturelles\/\"]}]},{\"@type\":\"ImageObject\",\"inLanguage\":\"en-US\",\"@id\":\"https:\/\/valkyrieparis-bijoux.fr\/en\/bagues-art-deco\/bague-topaze-bleue-marcassite-naturelles\/#primaryimage\",\"url\":\"https:\/\/valkyrieparis-bijoux.fr\/wp-content\/uploads\/2026\/01\/EE0509D7-5AE4-49A8-ABD1-D6CA91847149.jpg\",\"contentUrl\":\"https:\/\/valkyrieparis-bijoux.fr\/wp-content\/uploads\/2026\/01\/EE0509D7-5AE4-49A8-ABD1-D6CA91847149.jpg\",\"width\":1600,\"height\":1600,\"caption\":\"bague-topaze-bleue-marcassites\"},{\"@type\":\"BreadcrumbList\",\"@id\":\"https:\/\/valkyrieparis-bijoux.fr\/en\/bagues-art-deco\/bague-topaze-bleue-marcassite-naturelles\/#breadcrumb\",\"itemListElement\":[{\"@type\":\"ListItem\",\"position\":1,\"name\":\"Boutique\",\"item\":\"https:\/\/valkyrieparis-bijoux.fr\/boutique-valkyrie\/\"},{\"@type\":\"ListItem\",\"position\":2,\"name\":\"Bague topaze bleue &#8211; mod\u00e8le Elysia\"}]},{\"@type\":\"WebSite\",\"@id\":\"https:\/\/valkyrieparis-bijoux.fr\/en\/#website\",\"url\":\"https:\/\/valkyrieparis-bijoux.fr\/en\/\",\"name\":\"Valkyrie Paris\",\"description\":\"Cr\u00e9ateurs de Bijoux Art D\u00e9co\",\"publisher\":{\"@id\":\"https:\/\/valkyrieparis-bijoux.fr\/en\/#organization\"},\"potentialAction\":[{\"@type\":\"SearchAction\",\"target\":{\"@type\":\"EntryPoint\",\"urlTemplate\":\"https:\/\/valkyrieparis-bijoux.fr\/en\/?s={search_term_string}\"},\"query-input\":{\"@type\":\"PropertyValueSpecification\",\"valueRequired\":true,\"valueName\":\"search_term_string\"}}],\"inLanguage\":\"en-US\"},{\"@type\":\"Organization\",\"@id\":\"https:\/\/valkyrieparis-bijoux.fr\/en\/#organization\",\"name\":\"Valkyrie Paris\",\"url\":\"https:\/\/valkyrieparis-bijoux.fr\/en\/\",\"logo\":{\"@type\":\"ImageObject\",\"inLanguage\":\"en-US\",\"@id\":\"https:\/\/valkyrieparis-bijoux.fr\/en\/#\/schema\/logo\/image\/\",\"url\":\"https:\/\/valkyrieparis-bijoux.fr\/wp-content\/uploads\/2021\/03\/Valkyrie_logo_noir-2.png\",\"contentUrl\":\"https:\/\/valkyrieparis-bijoux.fr\/wp-content\/uploads\/2021\/03\/Valkyrie_logo_noir-2.png\",\"width\":1000,\"height\":321,\"caption\":\"Valkyrie Paris\"},\"image\":{\"@id\":\"https:\/\/valkyrieparis-bijoux.fr\/en\/#\/schema\/logo\/image\/\"},\"sameAs\":[\"https:\/\/www.facebook.com\/ValkyrieParis\",\"https:\/\/www.instagram.com\/valkyrieparis\/\",\"https:\/\/www.pinterest.fr\/ValkyrieParis\/_created\/\"]}]}<\/script>\n<!-- \/ Yoast SEO plugin. -->","yoast_head_json":{"title":"Blue topaz ring - Elysia model - Valkyrie Paris","description":"The blue topaz ring in silver and marcasite is a piece composed of stones that reveal your refinement and great personality.","robots":{"index":"index","follow":"follow","max-snippet":"max-snippet:-1","max-image-preview":"max-image-preview:large","max-video-preview":"max-video-preview:-1"},"canonical":"https:\/\/valkyrieparis-bijoux.fr\/en\/bagues-art-deco\/bague-topaze-bleue-marcassite-naturelles\/","og_locale":"en_US","og_type":"article","og_title":"Bague topaze bleue - mod\u00e8le Elysia - Valkyrie Paris","og_description":"La bague topaze bleue en argent et marcassites est une pi\u00e8ce compos\u00e9e de pierres qui r\u00e9v\u00e8lent votre raffinement et votre grande personnalit\u00e9.","og_url":"https:\/\/valkyrieparis-bijoux.fr\/en\/bagues-art-deco\/bague-topaze-bleue-marcassite-naturelles\/","og_site_name":"Valkyrie Paris","article_publisher":"https:\/\/www.facebook.com\/ValkyrieParis","article_modified_time":"2026-03-26T12:58:36+00:00","og_image":[{"width":1600,"height":1600,"url":"https:\/\/valkyrieparis-bijoux.fr\/wp-content\/uploads\/2026\/01\/EE0509D7-5AE4-49A8-ABD1-D6CA91847149.jpg","type":"image\/jpeg"}],"twitter_misc":{"Est. reading time":"3 minutes"},"schema":{"@context":"https:\/\/schema.org","@graph":[{"@type":"WebPage","@id":"https:\/\/valkyrieparis-bijoux.fr\/en\/bagues-art-deco\/bague-topaze-bleue-marcassite-naturelles\/","url":"https:\/\/valkyrieparis-bijoux.fr\/en\/bagues-art-deco\/bague-topaze-bleue-marcassite-naturelles\/","name":"Blue topaz ring - Elysia model - Valkyrie Paris","isPartOf":{"@id":"https:\/\/valkyrieparis-bijoux.fr\/en\/#website"},"primaryImageOfPage":{"@id":"https:\/\/valkyrieparis-bijoux.fr\/en\/bagues-art-deco\/bague-topaze-bleue-marcassite-naturelles\/#primaryimage"},"image":{"@id":"https:\/\/valkyrieparis-bijoux.fr\/en\/bagues-art-deco\/bague-topaze-bleue-marcassite-naturelles\/#primaryimage"},"thumbnailUrl":"https:\/\/valkyrieparis-bijoux.fr\/wp-content\/uploads\/2026\/01\/EE0509D7-5AE4-49A8-ABD1-D6CA91847149.jpg","datePublished":"2022-03-03T15:54:21+00:00","dateModified":"2026-03-26T12:58:36+00:00","description":"The blue topaz ring in silver and marcasite is a piece composed of stones that reveal your refinement and great personality.","breadcrumb":{"@id":"https:\/\/valkyrieparis-bijoux.fr\/en\/bagues-art-deco\/bague-topaze-bleue-marcassite-naturelles\/#breadcrumb"},"inLanguage":"en-US","potentialAction":[{"@type":"ReadAction","target":["https:\/\/valkyrieparis-bijoux.fr\/en\/bagues-art-deco\/bague-topaze-bleue-marcassite-naturelles\/"]}]},{"@type":"ImageObject","inLanguage":"en-US","@id":"https:\/\/valkyrieparis-bijoux.fr\/en\/bagues-art-deco\/bague-topaze-bleue-marcassite-naturelles\/#primaryimage","url":"https:\/\/valkyrieparis-bijoux.fr\/wp-content\/uploads\/2026\/01\/EE0509D7-5AE4-49A8-ABD1-D6CA91847149.jpg","contentUrl":"https:\/\/valkyrieparis-bijoux.fr\/wp-content\/uploads\/2026\/01\/EE0509D7-5AE4-49A8-ABD1-D6CA91847149.jpg","width":1600,"height":1600,"caption":"bague-topaze-bleue-marcassites"},{"@type":"BreadcrumbList","@id":"https:\/\/valkyrieparis-bijoux.fr\/en\/bagues-art-deco\/bague-topaze-bleue-marcassite-naturelles\/#breadcrumb","itemListElement":[{"@type":"ListItem","position":1,"name":"Boutique","item":"https:\/\/valkyrieparis-bijoux.fr\/boutique-valkyrie\/"},{"@type":"ListItem","position":2,"name":"Bague topaze bleue &#8211; mod\u00e8le Elysia"}]},{"@type":"WebSite","@id":"https:\/\/valkyrieparis-bijoux.fr\/en\/#website","url":"https:\/\/valkyrieparis-bijoux.fr\/en\/","name":"Valkyrie Paris","description":"Art Deco Jewellery Designers","publisher":{"@id":"https:\/\/valkyrieparis-bijoux.fr\/en\/#organization"},"potentialAction":[{"@type":"SearchAction","target":{"@type":"EntryPoint","urlTemplate":"https:\/\/valkyrieparis-bijoux.fr\/en\/?s={search_term_string}"},"query-input":{"@type":"PropertyValueSpecification","valueRequired":true,"valueName":"search_term_string"}}],"inLanguage":"en-US"},{"@type":"Organization","@id":"https:\/\/valkyrieparis-bijoux.fr\/en\/#organization","name":"Valkyrie Paris","url":"https:\/\/valkyrieparis-bijoux.fr\/en\/","logo":{"@type":"ImageObject","inLanguage":"en-US","@id":"https:\/\/valkyrieparis-bijoux.fr\/en\/#\/schema\/logo\/image\/","url":"https:\/\/valkyrieparis-bijoux.fr\/wp-content\/uploads\/2021\/03\/Valkyrie_logo_noir-2.png","contentUrl":"https:\/\/valkyrieparis-bijoux.fr\/wp-content\/uploads\/2021\/03\/Valkyrie_logo_noir-2.png","width":1000,"height":321,"caption":"Valkyrie Paris"},"image":{"@id":"https:\/\/valkyrieparis-bijoux.fr\/en\/#\/schema\/logo\/image\/"},"sameAs":["https:\/\/www.facebook.com\/ValkyrieParis","https:\/\/www.instagram.com\/valkyrieparis\/","https:\/\/www.pinterest.fr\/ValkyrieParis\/_created\/"]}]}},"_links":{"self":[{"href":"https:\/\/valkyrieparis-bijoux.fr\/en\/wp-json\/wp\/v2\/product\/221255","targetHints":{"allow":["GET"]}}],"collection":[{"href":"https:\/\/valkyrieparis-bijoux.fr\/en\/wp-json\/wp\/v2\/product"}],"about":[{"href":"https:\/\/valkyrieparis-bijoux.fr\/en\/wp-json\/wp\/v2\/types\/product"}],"wp:featuredmedia":[{"embeddable":true,"href":"https:\/\/valkyrieparis-bijoux.fr\/en\/wp-json\/wp\/v2\/media\/229495"}],"wp:attachment":[{"href":"https:\/\/valkyrieparis-bijoux.fr\/en\/wp-json\/wp\/v2\/media?parent=221255"}],"wp:term":[{"taxonomy":"product_brand","embeddable":true,"href":"https:\/\/valkyrieparis-bijoux.fr\/en\/wp-json\/wp\/v2\/product_brand?post=221255"},{"taxonomy":"product_cat","embeddable":true,"href":"https:\/\/valkyrieparis-bijoux.fr\/en\/wp-json\/wp\/v2\/product_cat?post=221255"},{"taxonomy":"product_tag","embeddable":true,"href":"https:\/\/valkyrieparis-bijoux.fr\/en\/wp-json\/wp\/v2\/product_tag?post=221255"}],"curies":[{"name":"wp","href":"https:\/\/api.w.org\/{rel}","templated":true}]}}