{"id":221195,"date":"2022-02-28T13:00:14","date_gmt":"2022-02-28T12:00:14","guid":{"rendered":"https:\/\/valkyrieparis-bijoux.fr\/?post_type=product&#038;p=221195"},"modified":"2026-01-29T13:30:33","modified_gmt":"2026-01-29T12:30:33","slug":"bague-art-deco-nacre-et-grenat-veritables","status":"publish","type":"product","link":"https:\/\/valkyrieparis-bijoux.fr\/en\/bagues-art-deco\/bague-art-deco-nacre-et-rubis-ares\/","title":{"rendered":"Art Deco ring - mother-of-pearl and ruby - Ar\u00e8s model"},"content":{"rendered":"<h2><span style=\"font-weight: 400;\">Elegant, refined art deco jewelry ideal for a gift<\/span><\/h2>\n<p><span style=\"font-weight: 400;\">La bague en nacre et rubis v\u00e9ritables est une bague sertie d&rsquo;une pierre taill\u00e9e en argent et de pierres naturelles. Ce beau bijou pr\u00e9sente plusieurs <\/span><b>sparkling facets<\/b><span style=\"font-weight: 400;\">. This ring stands out from the others <a href=\"https:\/\/valkyrieparis-bijoux.fr\/en\/bagues-art-deco\/\">jewels<\/a> in its category, thanks to its marvellous geometric shape and its many stones.<\/span><\/p>\n<p><span style=\"font-weight: 400;\">The symmetry of the stones in the ring gives it an urban architectural style, and its size is reminiscent of a <\/span><b>traditional European design<\/b><span style=\"font-weight: 400;\">. As for the mother-of-pearl and ruby stones that make up the ring, they are caliber-cut to stand out more clearly.\u00a0<\/span><\/p>\n<p><span style=\"font-weight: 400;\">Made in France by the finest craftsmen, the genuine mother-of-pearl and ruby ring has been around for over 100 years. It is also characterized by its <\/span><b>watermark style<\/b><span style=\"font-weight: 400;\">. En effet, elle refl\u00e8te un travail raffin\u00e9, propre et pr\u00e9cis. C&rsquo;est ce qui fait l&rsquo;authenticit\u00e9 de ce bijou. Un tel chef-d&rsquo;\u0153uvre est un plaisir \u00e0 contempler. Il n&rsquo;est pas n\u00e9cessaire de porter d&rsquo;autres bijoux. Cette bague ornera parfaitement votre main.<\/span><\/p>\n<h2><span style=\"font-weight: 400;\">Silver mother-of-pearl and ruby ring to reveal the chic, glamorous person you are<\/span><\/h2>\n<p><span style=\"font-weight: 400;\">Il existe de nombreuses raisons de choisir la bague en nacre v\u00e9ritable et rubis. En effet, sa brillance est exceptionnelle compar\u00e9 aux autres anneaux. De plus, elle est disponible \u00e0 un prix plus abordable que celui de l&rsquo;or. Elle apporte une <\/span><b>a refined, glamorous touch<\/b><span style=\"font-weight: 400;\"> et s&rsquo;accorde avec tous les styles de tenues. Accessoire chic, il est une garantie de pep&rsquo;s sur votre robe \u00e9l\u00e9gante. Que ce soit pour vos soir\u00e9es ou vos \u00e9v\u00e9nements festifs, en portant votre bague en nacre v\u00e9ritable et rubis, vous \u00eates s\u00fbre d&rsquo;\u00eatre la reine de la soir\u00e9e.<\/span><\/p>\n<p><span style=\"font-weight: 400;\">Optez pour cette bague et vous \u00eates s\u00fbre de ne plus avoir \u00e0 vous soucier de l&rsquo;apparence de vos jolis doigts. Par ailleurs, la brillance et la beaut\u00e9 de ce joyau ne cessent d&rsquo;augmenter au fil des ann\u00e9es. Notez que vous avez la possibilit\u00e9 de le <\/span><b>customize<\/b><span style=\"font-weight: 400;\"> and choose the color you want. What's more, this <a href=\"https:\/\/valkyrieparis-bijoux.fr\/en\/produit\/bague-de-style-vintage-spinelle-noire-veritable\/\">ring<\/a> is embellished with authentic stones to bring a touch of refinement to your delicate hands.\u00a0<\/span><\/p>\n<p><span style=\"font-weight: 400;\">Enfin, choisir cette bague en nacre et rubis, c&rsquo;est opter pour <\/span><b>l&rsquo;originalit\u00e9<\/b><span style=\"font-weight: 400;\"> in your clothing style. Delivery is free in France, and we offer a one-year guarantee against manufacturing defects.<\/span><\/p>","protected":false},"excerpt":{"rendered":"<p><a rel=\"noreferrer\" href=\"#\" class=\"vp-a vp-unknown-type_shortcode vp-modal-click vp-modal-click_shortcode\">Discover the jewel in video<\/a><br \/>\n&nbsp;<br \/>\n<span style=\"font-weight: 400;\">Visit <\/span><b>mother-of-pearl and ruby ring<\/b><span style=\"font-weight: 400;\"> make this jewel a pleasing and elegant piece to wear. Sublime and resistant, this ring retains its integrity through the ages. It is distinguished by its finesse and distinctive shapes. This art deco ring has become a worldwide trend and distinguishes its wearers. Sublimate your style with this ultimate fashion accessory.<\/span><br \/>\n&nbsp;<br \/>\n&gt; <strong>Material<\/strong> and <strong>stone<\/strong> silver, mother-of-pearl, ruby, marcasite<br \/>\n&gt; <strong>Dimensions<\/strong> 2 cm (length) x 1.4 cm (width)<br \/>\n&gt; <strong>Delivery<\/strong> free of charge in France<br \/>\n&gt; <strong>\u00c9crin<\/strong> Valkyrie offert<br \/>\n&gt; Ring <strong>warranty<\/strong> one year against manufacturing defects<br \/>\n&gt; Ring <strong>hypoallergenic<\/strong><\/p>","protected":false},"featured_media":225997,"template":"","meta":{"_et_pb_use_builder":"","_et_pb_old_content":"","_et_gb_content_width":""},"product_brand":[],"product_cat":[29],"product_tag":[],"class_list":{"0":"post-221195","1":"product","2":"type-product","3":"status-publish","4":"has-post-thumbnail","6":"product_cat-bagues-art-deco","8":"first","9":"instock","10":"shipping-taxable","11":"purchasable","12":"product-type-variable"},"yoast_head":"<!-- This site is optimized with the Yoast SEO plugin v26.9 - https:\/\/yoast.com\/product\/yoast-seo-wordpress\/ -->\n<title>Bague art d\u00e9co \u2013 nacre et rubis \u2013 mod\u00e8le Ar\u00e8s - Valkyrie Paris<\/title>\n<meta name=\"description\" content=\"Cette bague art d\u00e9co bague nacre et grenat conserve son int\u00e9grit\u00e9 \u00e0 travers les \u00e2ges, elle est devenue une tendance mondiale.\" \/>\n<meta name=\"robots\" content=\"index, follow, max-snippet:-1, max-image-preview:large, max-video-preview:-1\" \/>\n<link rel=\"canonical\" href=\"https:\/\/valkyrieparis-bijoux.fr\/en\/bagues-art-deco\/bague-art-deco-nacre-et-rubis-ares\/\" \/>\n<meta property=\"og:locale\" content=\"en_US\" \/>\n<meta property=\"og:type\" content=\"article\" \/>\n<meta property=\"og:title\" content=\"Bague art d\u00e9co \u2013 nacre et rubis \u2013 mod\u00e8le Ar\u00e8s - Valkyrie Paris\" \/>\n<meta property=\"og:description\" content=\"Cette bague art d\u00e9co bague nacre et grenat conserve son int\u00e9grit\u00e9 \u00e0 travers les \u00e2ges, elle est devenue une tendance mondiale.\" \/>\n<meta property=\"og:url\" content=\"https:\/\/valkyrieparis-bijoux.fr\/en\/bagues-art-deco\/bague-art-deco-nacre-et-rubis-ares\/\" \/>\n<meta property=\"og:site_name\" content=\"Valkyrie Paris\" \/>\n<meta property=\"article:publisher\" content=\"https:\/\/www.facebook.com\/ValkyrieParis\" \/>\n<meta property=\"article:modified_time\" content=\"2026-01-29T12:30:33+00:00\" \/>\n<meta property=\"og:image\" content=\"https:\/\/valkyrieparis-bijoux.fr\/wp-content\/uploads\/2024\/05\/IMG_8703-1.jpg\" \/>\n\t<meta property=\"og:image:width\" content=\"1200\" \/>\n\t<meta property=\"og:image:height\" content=\"1200\" \/>\n\t<meta property=\"og:image:type\" content=\"image\/jpeg\" \/>\n<meta name=\"twitter:label1\" content=\"Est. reading time\" \/>\n\t<meta name=\"twitter:data1\" content=\"3 minutes\" \/>\n<script type=\"application\/ld+json\" class=\"yoast-schema-graph\">{\"@context\":\"https:\/\/schema.org\",\"@graph\":[{\"@type\":\"WebPage\",\"@id\":\"https:\/\/valkyrieparis-bijoux.fr\/en\/bagues-art-deco\/bague-art-deco-nacre-et-rubis-ares\/\",\"url\":\"https:\/\/valkyrieparis-bijoux.fr\/en\/bagues-art-deco\/bague-art-deco-nacre-et-rubis-ares\/\",\"name\":\"Bague art d\u00e9co \u2013 nacre et rubis \u2013 mod\u00e8le Ar\u00e8s - Valkyrie Paris\",\"isPartOf\":{\"@id\":\"https:\/\/valkyrieparis-bijoux.fr\/en\/#website\"},\"primaryImageOfPage\":{\"@id\":\"https:\/\/valkyrieparis-bijoux.fr\/en\/bagues-art-deco\/bague-art-deco-nacre-et-rubis-ares\/#primaryimage\"},\"image\":{\"@id\":\"https:\/\/valkyrieparis-bijoux.fr\/en\/bagues-art-deco\/bague-art-deco-nacre-et-rubis-ares\/#primaryimage\"},\"thumbnailUrl\":\"https:\/\/valkyrieparis-bijoux.fr\/wp-content\/uploads\/2024\/05\/IMG_8703-1.jpg\",\"datePublished\":\"2022-02-28T12:00:14+00:00\",\"dateModified\":\"2026-01-29T12:30:33+00:00\",\"description\":\"Cette bague art d\u00e9co bague nacre et grenat conserve son int\u00e9grit\u00e9 \u00e0 travers les \u00e2ges, elle est devenue une tendance mondiale.\",\"breadcrumb\":{\"@id\":\"https:\/\/valkyrieparis-bijoux.fr\/en\/bagues-art-deco\/bague-art-deco-nacre-et-rubis-ares\/#breadcrumb\"},\"inLanguage\":\"en-US\",\"potentialAction\":[{\"@type\":\"ReadAction\",\"target\":[\"https:\/\/valkyrieparis-bijoux.fr\/en\/bagues-art-deco\/bague-art-deco-nacre-et-rubis-ares\/\"]}]},{\"@type\":\"ImageObject\",\"inLanguage\":\"en-US\",\"@id\":\"https:\/\/valkyrieparis-bijoux.fr\/en\/bagues-art-deco\/bague-art-deco-nacre-et-rubis-ares\/#primaryimage\",\"url\":\"https:\/\/valkyrieparis-bijoux.fr\/wp-content\/uploads\/2024\/05\/IMG_8703-1.jpg\",\"contentUrl\":\"https:\/\/valkyrieparis-bijoux.fr\/wp-content\/uploads\/2024\/05\/IMG_8703-1.jpg\",\"width\":1200,\"height\":1200,\"caption\":\"bague-vintage-style-rubis\"},{\"@type\":\"BreadcrumbList\",\"@id\":\"https:\/\/valkyrieparis-bijoux.fr\/en\/bagues-art-deco\/bague-art-deco-nacre-et-rubis-ares\/#breadcrumb\",\"itemListElement\":[{\"@type\":\"ListItem\",\"position\":1,\"name\":\"Boutique\",\"item\":\"https:\/\/valkyrieparis-bijoux.fr\/boutique-valkyrie\/\"},{\"@type\":\"ListItem\",\"position\":2,\"name\":\"Bague art d\u00e9co \u2013 nacre et rubis \u2013 mod\u00e8le Ar\u00e8s\"}]},{\"@type\":\"WebSite\",\"@id\":\"https:\/\/valkyrieparis-bijoux.fr\/en\/#website\",\"url\":\"https:\/\/valkyrieparis-bijoux.fr\/en\/\",\"name\":\"Valkyrie Paris\",\"description\":\"Cr\u00e9ateurs de Bijoux Art D\u00e9co\",\"publisher\":{\"@id\":\"https:\/\/valkyrieparis-bijoux.fr\/en\/#organization\"},\"potentialAction\":[{\"@type\":\"SearchAction\",\"target\":{\"@type\":\"EntryPoint\",\"urlTemplate\":\"https:\/\/valkyrieparis-bijoux.fr\/en\/?s={search_term_string}\"},\"query-input\":{\"@type\":\"PropertyValueSpecification\",\"valueRequired\":true,\"valueName\":\"search_term_string\"}}],\"inLanguage\":\"en-US\"},{\"@type\":\"Organization\",\"@id\":\"https:\/\/valkyrieparis-bijoux.fr\/en\/#organization\",\"name\":\"Valkyrie Paris\",\"url\":\"https:\/\/valkyrieparis-bijoux.fr\/en\/\",\"logo\":{\"@type\":\"ImageObject\",\"inLanguage\":\"en-US\",\"@id\":\"https:\/\/valkyrieparis-bijoux.fr\/en\/#\/schema\/logo\/image\/\",\"url\":\"https:\/\/valkyrieparis-bijoux.fr\/wp-content\/uploads\/2021\/03\/Valkyrie_logo_noir-2.png\",\"contentUrl\":\"https:\/\/valkyrieparis-bijoux.fr\/wp-content\/uploads\/2021\/03\/Valkyrie_logo_noir-2.png\",\"width\":1000,\"height\":321,\"caption\":\"Valkyrie Paris\"},\"image\":{\"@id\":\"https:\/\/valkyrieparis-bijoux.fr\/en\/#\/schema\/logo\/image\/\"},\"sameAs\":[\"https:\/\/www.facebook.com\/ValkyrieParis\",\"https:\/\/www.instagram.com\/valkyrieparis\/\",\"https:\/\/www.pinterest.fr\/ValkyrieParis\/_created\/\"]}]}<\/script>\n<!-- \/ Yoast SEO plugin. -->","yoast_head_json":{"title":"Art Deco ring - mother-of-pearl and ruby - Ar\u00e8s model - Valkyrie Paris","description":"This art deco mother-of-pearl and garnet ring retains its integrity through the ages, and has become a worldwide trend.","robots":{"index":"index","follow":"follow","max-snippet":"max-snippet:-1","max-image-preview":"max-image-preview:large","max-video-preview":"max-video-preview:-1"},"canonical":"https:\/\/valkyrieparis-bijoux.fr\/en\/bagues-art-deco\/bague-art-deco-nacre-et-rubis-ares\/","og_locale":"en_US","og_type":"article","og_title":"Bague art d\u00e9co \u2013 nacre et rubis \u2013 mod\u00e8le Ar\u00e8s - Valkyrie Paris","og_description":"Cette bague art d\u00e9co bague nacre et grenat conserve son int\u00e9grit\u00e9 \u00e0 travers les \u00e2ges, elle est devenue une tendance mondiale.","og_url":"https:\/\/valkyrieparis-bijoux.fr\/en\/bagues-art-deco\/bague-art-deco-nacre-et-rubis-ares\/","og_site_name":"Valkyrie Paris","article_publisher":"https:\/\/www.facebook.com\/ValkyrieParis","article_modified_time":"2026-01-29T12:30:33+00:00","og_image":[{"width":1200,"height":1200,"url":"https:\/\/valkyrieparis-bijoux.fr\/wp-content\/uploads\/2024\/05\/IMG_8703-1.jpg","type":"image\/jpeg"}],"twitter_misc":{"Est. reading time":"3 minutes"},"schema":{"@context":"https:\/\/schema.org","@graph":[{"@type":"WebPage","@id":"https:\/\/valkyrieparis-bijoux.fr\/en\/bagues-art-deco\/bague-art-deco-nacre-et-rubis-ares\/","url":"https:\/\/valkyrieparis-bijoux.fr\/en\/bagues-art-deco\/bague-art-deco-nacre-et-rubis-ares\/","name":"Art Deco ring - mother-of-pearl and ruby - Ar\u00e8s model - Valkyrie Paris","isPartOf":{"@id":"https:\/\/valkyrieparis-bijoux.fr\/en\/#website"},"primaryImageOfPage":{"@id":"https:\/\/valkyrieparis-bijoux.fr\/en\/bagues-art-deco\/bague-art-deco-nacre-et-rubis-ares\/#primaryimage"},"image":{"@id":"https:\/\/valkyrieparis-bijoux.fr\/en\/bagues-art-deco\/bague-art-deco-nacre-et-rubis-ares\/#primaryimage"},"thumbnailUrl":"https:\/\/valkyrieparis-bijoux.fr\/wp-content\/uploads\/2024\/05\/IMG_8703-1.jpg","datePublished":"2022-02-28T12:00:14+00:00","dateModified":"2026-01-29T12:30:33+00:00","description":"This art deco mother-of-pearl and garnet ring retains its integrity through the ages, and has become a worldwide trend.","breadcrumb":{"@id":"https:\/\/valkyrieparis-bijoux.fr\/en\/bagues-art-deco\/bague-art-deco-nacre-et-rubis-ares\/#breadcrumb"},"inLanguage":"en-US","potentialAction":[{"@type":"ReadAction","target":["https:\/\/valkyrieparis-bijoux.fr\/en\/bagues-art-deco\/bague-art-deco-nacre-et-rubis-ares\/"]}]},{"@type":"ImageObject","inLanguage":"en-US","@id":"https:\/\/valkyrieparis-bijoux.fr\/en\/bagues-art-deco\/bague-art-deco-nacre-et-rubis-ares\/#primaryimage","url":"https:\/\/valkyrieparis-bijoux.fr\/wp-content\/uploads\/2024\/05\/IMG_8703-1.jpg","contentUrl":"https:\/\/valkyrieparis-bijoux.fr\/wp-content\/uploads\/2024\/05\/IMG_8703-1.jpg","width":1200,"height":1200,"caption":"bague-vintage-style-rubis"},{"@type":"BreadcrumbList","@id":"https:\/\/valkyrieparis-bijoux.fr\/en\/bagues-art-deco\/bague-art-deco-nacre-et-rubis-ares\/#breadcrumb","itemListElement":[{"@type":"ListItem","position":1,"name":"Boutique","item":"https:\/\/valkyrieparis-bijoux.fr\/boutique-valkyrie\/"},{"@type":"ListItem","position":2,"name":"Bague art d\u00e9co \u2013 nacre et rubis \u2013 mod\u00e8le Ar\u00e8s"}]},{"@type":"WebSite","@id":"https:\/\/valkyrieparis-bijoux.fr\/en\/#website","url":"https:\/\/valkyrieparis-bijoux.fr\/en\/","name":"Valkyrie Paris","description":"Art Deco Jewellery Designers","publisher":{"@id":"https:\/\/valkyrieparis-bijoux.fr\/en\/#organization"},"potentialAction":[{"@type":"SearchAction","target":{"@type":"EntryPoint","urlTemplate":"https:\/\/valkyrieparis-bijoux.fr\/en\/?s={search_term_string}"},"query-input":{"@type":"PropertyValueSpecification","valueRequired":true,"valueName":"search_term_string"}}],"inLanguage":"en-US"},{"@type":"Organization","@id":"https:\/\/valkyrieparis-bijoux.fr\/en\/#organization","name":"Valkyrie Paris","url":"https:\/\/valkyrieparis-bijoux.fr\/en\/","logo":{"@type":"ImageObject","inLanguage":"en-US","@id":"https:\/\/valkyrieparis-bijoux.fr\/en\/#\/schema\/logo\/image\/","url":"https:\/\/valkyrieparis-bijoux.fr\/wp-content\/uploads\/2021\/03\/Valkyrie_logo_noir-2.png","contentUrl":"https:\/\/valkyrieparis-bijoux.fr\/wp-content\/uploads\/2021\/03\/Valkyrie_logo_noir-2.png","width":1000,"height":321,"caption":"Valkyrie Paris"},"image":{"@id":"https:\/\/valkyrieparis-bijoux.fr\/en\/#\/schema\/logo\/image\/"},"sameAs":["https:\/\/www.facebook.com\/ValkyrieParis","https:\/\/www.instagram.com\/valkyrieparis\/","https:\/\/www.pinterest.fr\/ValkyrieParis\/_created\/"]}]}},"_links":{"self":[{"href":"https:\/\/valkyrieparis-bijoux.fr\/en\/wp-json\/wp\/v2\/product\/221195","targetHints":{"allow":["GET"]}}],"collection":[{"href":"https:\/\/valkyrieparis-bijoux.fr\/en\/wp-json\/wp\/v2\/product"}],"about":[{"href":"https:\/\/valkyrieparis-bijoux.fr\/en\/wp-json\/wp\/v2\/types\/product"}],"wp:featuredmedia":[{"embeddable":true,"href":"https:\/\/valkyrieparis-bijoux.fr\/en\/wp-json\/wp\/v2\/media\/225997"}],"wp:attachment":[{"href":"https:\/\/valkyrieparis-bijoux.fr\/en\/wp-json\/wp\/v2\/media?parent=221195"}],"wp:term":[{"taxonomy":"product_brand","embeddable":true,"href":"https:\/\/valkyrieparis-bijoux.fr\/en\/wp-json\/wp\/v2\/product_brand?post=221195"},{"taxonomy":"product_cat","embeddable":true,"href":"https:\/\/valkyrieparis-bijoux.fr\/en\/wp-json\/wp\/v2\/product_cat?post=221195"},{"taxonomy":"product_tag","embeddable":true,"href":"https:\/\/valkyrieparis-bijoux.fr\/en\/wp-json\/wp\/v2\/product_tag?post=221195"}],"curies":[{"name":"wp","href":"https:\/\/api.w.org\/{rel}","templated":true}]}}