{"id":221078,"date":"2022-02-26T14:04:59","date_gmt":"2022-02-26T13:04:59","guid":{"rendered":"https:\/\/valkyrieparis-bijoux.fr\/?post_type=product&#038;p=221078"},"modified":"2026-02-10T16:11:09","modified_gmt":"2026-02-10T15:11:09","slug":"bague-amethyste-marcassite-scintillante","status":"publish","type":"product","link":"https:\/\/valkyrieparis-bijoux.fr\/en\/bagues-art-deco\/bague-amethyste-marcassite-scintillante\/","title":{"rendered":"Amethyst ring - Lysandra model"},"content":{"rendered":"<h2>Silver amethyst and marcasite ring<\/h2>\n<p>Cette magnifique bague orn\u00e9e de six am\u00e9thystes en forme de fleur et d\u2019un pavage de marcassites, se distingue par son design au style Art D\u00e9co. Il s\u2019agit d\u2019un bijou original et intemporel inspir\u00e9 de l\u2019art indien, chinois et \u00e9gyptien. L&rsquo;am\u00e9thyste est une pierre pr\u00e9cieuse de la famille des quartz. On la reconna\u00eet par sa couleur violette, qui peut varier du violet p\u00e2le au violet profond. Cette teinte est due \u00e0 la pr\u00e9sence d&rsquo;ions de fer dans sa structure cristalline. Cette gemme se pr\u00e9sente souvent sous forme de cristaux prismatiques ou de g\u00e9odes, et elle est appr\u00e9ci\u00e9e pour sa transparence et son \u00e9clat. Sa duret\u00e9 sur l&rsquo;\u00e9chelle de Mohs est de 7, ce qui la rend r\u00e9sistante aux rayures.<\/p>\n<p>Sur le plan symbolique, l&rsquo;am\u00e9thyste est souvent associ\u00e9e \u00e0 la paix int\u00e9rieure, \u00e0 la clart\u00e9 mentale et \u00e0 l&rsquo;\u00e9quilibre \u00e9motionnel. Elle est \u00e9galement r\u00e9put\u00e9e pour ses propri\u00e9t\u00e9s curatives, notamment pour soulager le stress et favoriser la m\u00e9ditation. De nos jours, l&rsquo;am\u00e9thyste est toujours tr\u00e8s pris\u00e9e en joaillerie pour sa beaut\u00e9 naturelle et ses connotations positives. Vous pourrez la porter au quotidien, car elle orne aussi nos colliers, bracelets, boucles d\u2019oreilles que vous pourrez voir sur notre bijouterie en ligne. Il en est de m\u00eame pour les mod\u00e8les de bague tank, bague marguerite, bague fleur, bague trilogie, etc. L\u2019am\u00e9thyste est mise en valeur de diff\u00e9rentes mani\u00e8res en taille poire, \u00e9meraude, marquise, princesse, coussin et bien d\u2019autres.<\/p>\n<p>Les marcassites quant \u00e0 elles sont des min\u00e9raux de la classe des sulfures. Elles se pr\u00e9sentent sous forme de cristaux brillants et m\u00e9talliques. Ces gemmes \u00e9taient populaires dans la bijouterie antique et ont \u00e9t\u00e9 largement utilis\u00e9es pendant l&rsquo;\u00e9poque victorienne. Sur le plan symbolique, les marcassites \u00e9taient souvent associ\u00e9es \u00e0 la chance et \u00e0 la protection. Elles \u00e9taient \u00e9galement consid\u00e9r\u00e9es comme des pierres porte-bonheur, capables de repousser les \u00e9nergies n\u00e9gatives.<\/p>\n<h2>Why are vintage amethyst and marcasite rings so fashionable?<\/h2>\n<p>De nos jours, il y a un int\u00e9r\u00eat croissant pour les bijoux r\u00e9tro et vintage. Ces bijoux r\u00e9tro ont un charme intemporel qui attire de nombreux amateurs de bijoux. La bague am\u00e9thyste est particuli\u00e8rement appr\u00e9ci\u00e9e pour sa couleur riche et son symbolisme spirituel, tandis que les marcassites ajoutent une touche d&rsquo;\u00e9clat subtile et de sophistication.<\/p>\n<p>Retro and vintage rings have become popular as alternatives to more conventional contemporary jewelry. People are looking for unique, original pieces that stand out from the norm. This 925 thousandths silver ring with amethyst and marcasite is exactly what they're looking for. By wearing this refined and glamorous ring for women, you can express not only your personal style, but also the tradition of jewelry.<br \/>\nOur jewelers also use other precious and semi-precious stones such as peridot, citrine, ruby, blue topaz and carnelian. All our jewelry comes with a certificate of authenticity.<\/p>","protected":false},"excerpt":{"rendered":"<p><a rel=\"noreferrer\" href=\"#\" class=\"vp-a vp-unknown-type_shortcode vp-modal-click vp-modal-click_shortcode\">Discover the jewel in video<\/a><br \/>\n&nbsp;<br \/>\nThis sterling silver amethyst ring is a tribute to Art Deco design with its geometric lines and sophisticated sparkle. The fine stones are arranged with a precision that reflects the distinctive motifs of this iconic period, offering a touch of history and luxury to your jewelry collection. A perfect choice for those who cherish the harmony of vintage craftsmanship and modern aesthetics. The delicate setting is adorned with marcasites that frame amethysts with deep purple reflections, offering a striking contrast and a touch of glamour.<br \/>\n&nbsp;<br \/>\n&gt; <strong>Material<\/strong> Genuine sterling silver, hallmarked 925<br \/>\n&gt; <strong>Stones<\/strong> amethyst and marcasite<br \/>\n&gt; <strong>Dimensions<\/strong> 2 cm (length) x 1.5 cm (width)<br \/>\n&gt; <strong>Delivery<\/strong> free of charge in France<br \/>\n&gt; <strong>\u00c9crin<\/strong> Valkyrie offert<br \/>\n&gt; Ring <strong>warranty<\/strong> one year against manufacturing defects<br \/>\n&gt; Ring <strong>hypoallergenic<\/strong><\/p>","protected":false},"featured_media":226479,"template":"","meta":{"_et_pb_use_builder":"","_et_pb_old_content":"","_et_gb_content_width":""},"product_brand":[],"product_cat":[29],"product_tag":[],"class_list":{"0":"post-221078","1":"product","2":"type-product","3":"status-publish","4":"has-post-thumbnail","6":"product_cat-bagues-art-deco","8":"first","9":"instock","10":"shipping-taxable","11":"purchasable","12":"product-type-variable"},"yoast_head":"<!-- This site is optimized with the Yoast SEO plugin v26.9 - https:\/\/yoast.com\/product\/yoast-seo-wordpress\/ -->\n<title>Bague am\u00e9thyste - mod\u00e8le Lysandra - Valkyrie Paris<\/title>\n<meta name=\"description\" content=\"D\u2019une beaut\u00e9 irr\u00e9sistible, cette am\u00e9thyste \u00e0 l&#039;inspiration art d\u00e9co force l\u2019admiration de tous ceux qui ont la chance de la contempler.\" \/>\n<meta name=\"robots\" content=\"index, follow, max-snippet:-1, max-image-preview:large, max-video-preview:-1\" \/>\n<link rel=\"canonical\" href=\"https:\/\/valkyrieparis-bijoux.fr\/en\/bagues-art-deco\/bague-amethyste-marcassite-scintillante\/\" \/>\n<meta property=\"og:locale\" content=\"en_US\" \/>\n<meta property=\"og:type\" content=\"article\" \/>\n<meta property=\"og:title\" content=\"Bague am\u00e9thyste - mod\u00e8le Lysandra - Valkyrie Paris\" \/>\n<meta property=\"og:description\" content=\"D\u2019une beaut\u00e9 irr\u00e9sistible, cette am\u00e9thyste \u00e0 l&#039;inspiration art d\u00e9co force l\u2019admiration de tous ceux qui ont la chance de la contempler.\" \/>\n<meta property=\"og:url\" content=\"https:\/\/valkyrieparis-bijoux.fr\/en\/bagues-art-deco\/bague-amethyste-marcassite-scintillante\/\" \/>\n<meta property=\"og:site_name\" content=\"Valkyrie Paris\" \/>\n<meta property=\"article:publisher\" content=\"https:\/\/www.facebook.com\/ValkyrieParis\" \/>\n<meta property=\"article:modified_time\" content=\"2026-02-10T15:11:09+00:00\" \/>\n<meta property=\"og:image\" content=\"https:\/\/valkyrieparis-bijoux.fr\/wp-content\/uploads\/2022\/02\/IMG_8043.jpg\" \/>\n\t<meta property=\"og:image:width\" content=\"1200\" \/>\n\t<meta property=\"og:image:height\" content=\"1200\" \/>\n\t<meta property=\"og:image:type\" content=\"image\/jpeg\" \/>\n<meta name=\"twitter:label1\" content=\"Est. reading time\" \/>\n\t<meta name=\"twitter:data1\" content=\"3 minutes\" \/>\n<script type=\"application\/ld+json\" class=\"yoast-schema-graph\">{\"@context\":\"https:\/\/schema.org\",\"@graph\":[{\"@type\":\"WebPage\",\"@id\":\"https:\/\/valkyrieparis-bijoux.fr\/en\/bagues-art-deco\/bague-amethyste-marcassite-scintillante\/\",\"url\":\"https:\/\/valkyrieparis-bijoux.fr\/en\/bagues-art-deco\/bague-amethyste-marcassite-scintillante\/\",\"name\":\"Bague am\u00e9thyste - mod\u00e8le Lysandra - Valkyrie Paris\",\"isPartOf\":{\"@id\":\"https:\/\/valkyrieparis-bijoux.fr\/en\/#website\"},\"primaryImageOfPage\":{\"@id\":\"https:\/\/valkyrieparis-bijoux.fr\/en\/bagues-art-deco\/bague-amethyste-marcassite-scintillante\/#primaryimage\"},\"image\":{\"@id\":\"https:\/\/valkyrieparis-bijoux.fr\/en\/bagues-art-deco\/bague-amethyste-marcassite-scintillante\/#primaryimage\"},\"thumbnailUrl\":\"https:\/\/valkyrieparis-bijoux.fr\/wp-content\/uploads\/2022\/02\/IMG_8043.jpg\",\"datePublished\":\"2022-02-26T13:04:59+00:00\",\"dateModified\":\"2026-02-10T15:11:09+00:00\",\"description\":\"D\u2019une beaut\u00e9 irr\u00e9sistible, cette am\u00e9thyste \u00e0 l'inspiration art d\u00e9co force l\u2019admiration de tous ceux qui ont la chance de la contempler.\",\"breadcrumb\":{\"@id\":\"https:\/\/valkyrieparis-bijoux.fr\/en\/bagues-art-deco\/bague-amethyste-marcassite-scintillante\/#breadcrumb\"},\"inLanguage\":\"en-US\",\"potentialAction\":[{\"@type\":\"ReadAction\",\"target\":[\"https:\/\/valkyrieparis-bijoux.fr\/en\/bagues-art-deco\/bague-amethyste-marcassite-scintillante\/\"]}]},{\"@type\":\"ImageObject\",\"inLanguage\":\"en-US\",\"@id\":\"https:\/\/valkyrieparis-bijoux.fr\/en\/bagues-art-deco\/bague-amethyste-marcassite-scintillante\/#primaryimage\",\"url\":\"https:\/\/valkyrieparis-bijoux.fr\/wp-content\/uploads\/2022\/02\/IMG_8043.jpg\",\"contentUrl\":\"https:\/\/valkyrieparis-bijoux.fr\/wp-content\/uploads\/2022\/02\/IMG_8043.jpg\",\"width\":1200,\"height\":1200,\"caption\":\"bague-amethyste-inspiration-vintage\"},{\"@type\":\"BreadcrumbList\",\"@id\":\"https:\/\/valkyrieparis-bijoux.fr\/en\/bagues-art-deco\/bague-amethyste-marcassite-scintillante\/#breadcrumb\",\"itemListElement\":[{\"@type\":\"ListItem\",\"position\":1,\"name\":\"Boutique\",\"item\":\"https:\/\/valkyrieparis-bijoux.fr\/boutique-valkyrie\/\"},{\"@type\":\"ListItem\",\"position\":2,\"name\":\"Bague am\u00e9thyste &#8211; mod\u00e8le Lysandra\"}]},{\"@type\":\"WebSite\",\"@id\":\"https:\/\/valkyrieparis-bijoux.fr\/en\/#website\",\"url\":\"https:\/\/valkyrieparis-bijoux.fr\/en\/\",\"name\":\"Valkyrie Paris\",\"description\":\"Cr\u00e9ateurs de Bijoux Art D\u00e9co\",\"publisher\":{\"@id\":\"https:\/\/valkyrieparis-bijoux.fr\/en\/#organization\"},\"potentialAction\":[{\"@type\":\"SearchAction\",\"target\":{\"@type\":\"EntryPoint\",\"urlTemplate\":\"https:\/\/valkyrieparis-bijoux.fr\/en\/?s={search_term_string}\"},\"query-input\":{\"@type\":\"PropertyValueSpecification\",\"valueRequired\":true,\"valueName\":\"search_term_string\"}}],\"inLanguage\":\"en-US\"},{\"@type\":\"Organization\",\"@id\":\"https:\/\/valkyrieparis-bijoux.fr\/en\/#organization\",\"name\":\"Valkyrie Paris\",\"url\":\"https:\/\/valkyrieparis-bijoux.fr\/en\/\",\"logo\":{\"@type\":\"ImageObject\",\"inLanguage\":\"en-US\",\"@id\":\"https:\/\/valkyrieparis-bijoux.fr\/en\/#\/schema\/logo\/image\/\",\"url\":\"https:\/\/valkyrieparis-bijoux.fr\/wp-content\/uploads\/2021\/03\/Valkyrie_logo_noir-2.png\",\"contentUrl\":\"https:\/\/valkyrieparis-bijoux.fr\/wp-content\/uploads\/2021\/03\/Valkyrie_logo_noir-2.png\",\"width\":1000,\"height\":321,\"caption\":\"Valkyrie Paris\"},\"image\":{\"@id\":\"https:\/\/valkyrieparis-bijoux.fr\/en\/#\/schema\/logo\/image\/\"},\"sameAs\":[\"https:\/\/www.facebook.com\/ValkyrieParis\",\"https:\/\/www.instagram.com\/valkyrieparis\/\",\"https:\/\/www.pinterest.fr\/ValkyrieParis\/_created\/\"]}]}<\/script>\n<!-- \/ Yoast SEO plugin. -->","yoast_head_json":{"title":"Amethyst ring - Lysandra model - Valkyrie Paris","description":"Irresistibly beautiful, this art deco-inspired amethyst is admired by all who have the chance to contemplate it.","robots":{"index":"index","follow":"follow","max-snippet":"max-snippet:-1","max-image-preview":"max-image-preview:large","max-video-preview":"max-video-preview:-1"},"canonical":"https:\/\/valkyrieparis-bijoux.fr\/en\/bagues-art-deco\/bague-amethyste-marcassite-scintillante\/","og_locale":"en_US","og_type":"article","og_title":"Bague am\u00e9thyste - mod\u00e8le Lysandra - Valkyrie Paris","og_description":"D\u2019une beaut\u00e9 irr\u00e9sistible, cette am\u00e9thyste \u00e0 l'inspiration art d\u00e9co force l\u2019admiration de tous ceux qui ont la chance de la contempler.","og_url":"https:\/\/valkyrieparis-bijoux.fr\/en\/bagues-art-deco\/bague-amethyste-marcassite-scintillante\/","og_site_name":"Valkyrie Paris","article_publisher":"https:\/\/www.facebook.com\/ValkyrieParis","article_modified_time":"2026-02-10T15:11:09+00:00","og_image":[{"width":1200,"height":1200,"url":"https:\/\/valkyrieparis-bijoux.fr\/wp-content\/uploads\/2022\/02\/IMG_8043.jpg","type":"image\/jpeg"}],"twitter_misc":{"Est. reading time":"3 minutes"},"schema":{"@context":"https:\/\/schema.org","@graph":[{"@type":"WebPage","@id":"https:\/\/valkyrieparis-bijoux.fr\/en\/bagues-art-deco\/bague-amethyste-marcassite-scintillante\/","url":"https:\/\/valkyrieparis-bijoux.fr\/en\/bagues-art-deco\/bague-amethyste-marcassite-scintillante\/","name":"Amethyst ring - Lysandra model - Valkyrie Paris","isPartOf":{"@id":"https:\/\/valkyrieparis-bijoux.fr\/en\/#website"},"primaryImageOfPage":{"@id":"https:\/\/valkyrieparis-bijoux.fr\/en\/bagues-art-deco\/bague-amethyste-marcassite-scintillante\/#primaryimage"},"image":{"@id":"https:\/\/valkyrieparis-bijoux.fr\/en\/bagues-art-deco\/bague-amethyste-marcassite-scintillante\/#primaryimage"},"thumbnailUrl":"https:\/\/valkyrieparis-bijoux.fr\/wp-content\/uploads\/2022\/02\/IMG_8043.jpg","datePublished":"2022-02-26T13:04:59+00:00","dateModified":"2026-02-10T15:11:09+00:00","description":"Irresistibly beautiful, this art deco-inspired amethyst is admired by all who have the chance to contemplate it.","breadcrumb":{"@id":"https:\/\/valkyrieparis-bijoux.fr\/en\/bagues-art-deco\/bague-amethyste-marcassite-scintillante\/#breadcrumb"},"inLanguage":"en-US","potentialAction":[{"@type":"ReadAction","target":["https:\/\/valkyrieparis-bijoux.fr\/en\/bagues-art-deco\/bague-amethyste-marcassite-scintillante\/"]}]},{"@type":"ImageObject","inLanguage":"en-US","@id":"https:\/\/valkyrieparis-bijoux.fr\/en\/bagues-art-deco\/bague-amethyste-marcassite-scintillante\/#primaryimage","url":"https:\/\/valkyrieparis-bijoux.fr\/wp-content\/uploads\/2022\/02\/IMG_8043.jpg","contentUrl":"https:\/\/valkyrieparis-bijoux.fr\/wp-content\/uploads\/2022\/02\/IMG_8043.jpg","width":1200,"height":1200,"caption":"bague-amethyste-inspiration-vintage"},{"@type":"BreadcrumbList","@id":"https:\/\/valkyrieparis-bijoux.fr\/en\/bagues-art-deco\/bague-amethyste-marcassite-scintillante\/#breadcrumb","itemListElement":[{"@type":"ListItem","position":1,"name":"Boutique","item":"https:\/\/valkyrieparis-bijoux.fr\/boutique-valkyrie\/"},{"@type":"ListItem","position":2,"name":"Bague am\u00e9thyste &#8211; mod\u00e8le Lysandra"}]},{"@type":"WebSite","@id":"https:\/\/valkyrieparis-bijoux.fr\/en\/#website","url":"https:\/\/valkyrieparis-bijoux.fr\/en\/","name":"Valkyrie Paris","description":"Art Deco Jewellery Designers","publisher":{"@id":"https:\/\/valkyrieparis-bijoux.fr\/en\/#organization"},"potentialAction":[{"@type":"SearchAction","target":{"@type":"EntryPoint","urlTemplate":"https:\/\/valkyrieparis-bijoux.fr\/en\/?s={search_term_string}"},"query-input":{"@type":"PropertyValueSpecification","valueRequired":true,"valueName":"search_term_string"}}],"inLanguage":"en-US"},{"@type":"Organization","@id":"https:\/\/valkyrieparis-bijoux.fr\/en\/#organization","name":"Valkyrie Paris","url":"https:\/\/valkyrieparis-bijoux.fr\/en\/","logo":{"@type":"ImageObject","inLanguage":"en-US","@id":"https:\/\/valkyrieparis-bijoux.fr\/en\/#\/schema\/logo\/image\/","url":"https:\/\/valkyrieparis-bijoux.fr\/wp-content\/uploads\/2021\/03\/Valkyrie_logo_noir-2.png","contentUrl":"https:\/\/valkyrieparis-bijoux.fr\/wp-content\/uploads\/2021\/03\/Valkyrie_logo_noir-2.png","width":1000,"height":321,"caption":"Valkyrie Paris"},"image":{"@id":"https:\/\/valkyrieparis-bijoux.fr\/en\/#\/schema\/logo\/image\/"},"sameAs":["https:\/\/www.facebook.com\/ValkyrieParis","https:\/\/www.instagram.com\/valkyrieparis\/","https:\/\/www.pinterest.fr\/ValkyrieParis\/_created\/"]}]}},"_links":{"self":[{"href":"https:\/\/valkyrieparis-bijoux.fr\/en\/wp-json\/wp\/v2\/product\/221078","targetHints":{"allow":["GET"]}}],"collection":[{"href":"https:\/\/valkyrieparis-bijoux.fr\/en\/wp-json\/wp\/v2\/product"}],"about":[{"href":"https:\/\/valkyrieparis-bijoux.fr\/en\/wp-json\/wp\/v2\/types\/product"}],"wp:featuredmedia":[{"embeddable":true,"href":"https:\/\/valkyrieparis-bijoux.fr\/en\/wp-json\/wp\/v2\/media\/226479"}],"wp:attachment":[{"href":"https:\/\/valkyrieparis-bijoux.fr\/en\/wp-json\/wp\/v2\/media?parent=221078"}],"wp:term":[{"taxonomy":"product_brand","embeddable":true,"href":"https:\/\/valkyrieparis-bijoux.fr\/en\/wp-json\/wp\/v2\/product_brand?post=221078"},{"taxonomy":"product_cat","embeddable":true,"href":"https:\/\/valkyrieparis-bijoux.fr\/en\/wp-json\/wp\/v2\/product_cat?post=221078"},{"taxonomy":"product_tag","embeddable":true,"href":"https:\/\/valkyrieparis-bijoux.fr\/en\/wp-json\/wp\/v2\/product_tag?post=221078"}],"curies":[{"name":"wp","href":"https:\/\/api.w.org\/{rel}","templated":true}]}}