{"id":221058,"date":"2022-02-26T13:52:47","date_gmt":"2022-02-26T12:52:47","guid":{"rendered":"https:\/\/valkyrieparis-bijoux.fr\/?post_type=product&#038;p=221058"},"modified":"2026-04-29T12:56:25","modified_gmt":"2026-04-29T11:56:25","slug":"bague-art-deco-bague-art-deco-argent-925-000-et-amazonite-naturelle","status":"publish","type":"product","link":"https:\/\/valkyrieparis-bijoux.fr\/en\/bagues-art-deco\/bague-art-deco-argent-amazonite-naturelle\/","title":{"rendered":"Art deco ring - amazonite - Amazone model"},"content":{"rendered":"<h2><span style=\"font-weight: 400;\">Magnificent hypoallergenic ring ideal for expressing affection<\/span><\/h2>\n<p><span style=\"font-weight: 400;\">This beauty accessory is essentially made of silver and gold.<a href=\"https:\/\/valkyrieparis-bijoux.fr\/en\/bagues-art-deco\/\">amazonite<\/a>. Its comfortable geometric design is topped by a globe-shaped frame. This globe supports a large piece of bluish amazonite. The whole forms a magnificent, completely hypoallergenic piece of jewelry. In fact, this <\/span><b>pretty ring<\/b><span style=\"font-weight: 400;\"> is cadmium-, nickel- and lead-free. These precious metals<\/span> <span style=\"font-weight: 400;\">being those that cause cutaneous hypersensitivity.\u00a0<\/span><\/p>\n<p><span style=\"font-weight: 400;\">Fortunately, your ring is not only free of these materials, it's also made of silver. Thanks to its <\/span><b>antimicrobial properties <\/b><span style=\"font-weight: 400;\">offers extra protection against possible allergies. So there's no need to worry about your skin.\u00a0<\/span><\/p>\n<p><span style=\"font-weight: 400;\">When you want to make a wardrobe composition, this <\/span><b>fine jewelry<\/b><span style=\"font-weight: 400;\"> creates harmony with all styles of clothing. To accompany it, you can add silver bracelets, necklaces or pendants.<\/span><\/p>\n<h2><span style=\"font-weight: 400;\">Silver ring as an excellent gift idea for your partner<\/span><\/h2>\n<p><span style=\"font-weight: 400;\">Your <\/span><b>ring set<\/b><span style=\"font-weight: 400;\"> is the perfect gift for your partner. Chic and fashionable, it offers breathtaking brilliance. Inspired by ancient times, this jewel has many therapeutic virtues, due in particular to its constitution.<\/span><\/p>\n<p><span style=\"font-weight: 400;\">Tout d\u2019abord parlons du m\u00e9tal argent. Selon un bon nombre de personnes vivant en France, des am\u00e9liorations de la sant\u00e9 ont \u00e9t\u00e9 constat\u00e9es apr\u00e8s utilisation de bijoux argent\u00e9s. L&rsquo;un de ces changements est sans doute l\u2019am\u00e9lioration de la circulation sanguine et de la force cardiaque. Le <\/span><b>silver precious metal<\/b><span style=\"font-weight: 400;\"> is also recognized for its immune-boosting properties.<\/span><\/p>\n<p><span style=\"font-weight: 400;\">A<\/span><b> silver-set ring <\/b><span style=\"font-weight: 400;\">is therefore ideally placed to help you fight and prevent bacterial infections. In addition, this jewel also features the amazonite stone, whose benefits are numerous. This precious stone helps relieve metabolic problems linked to cholesterol. It also helps relieve cramps and joint pain.<\/span><\/p>\n<h2><span style=\"font-weight: 400;\">Magnificent, easy-care stainless steel ring, a jewel in your jewelry collection.<\/span><\/h2>\n<p><span style=\"font-weight: 400;\">Did you know? This <\/span><b>ring ring<\/b><span style=\"font-weight: 400;\"> is rustproof. It guarantees long service life. Its hardness is guaranteed by the presence of silver metal in its composition. To help ensure this longevity, you can <strong>maintain this ring<\/strong>.<\/span><\/p>\n<p><span style=\"font-weight: 400;\">Finally, this <a href=\"https:\/\/valkyrieparis-bijoux.fr\/en\/bagues-art-deco\/bague-art-deco-argent-topaze-bleue-et-marcassites\/\">ring<\/a> set with silver and amazonite, is ideal for all occasions. Especially occasions of joy, exchange of greetings and great anniversaries. <\/span><b>conviviality<\/b><span style=\"font-weight: 400;\">. If you're a little reserved, don't worry, amazonite is a powerful booster of social relationships. Just wear your jewel and let the magic happen.<\/span><\/p>\n<p>&gt; Appr\u00e9ciez les bienfaits de l&rsquo;amazonite<br \/>\nIn lithotherapy, amazonite promotes calcium absorption and helps combat bone fragility.<\/p>\n<p>&gt; Entretenir votre anneau d&rsquo;argent<br \/>\nRub your ring with a soft, dry cloth.<\/p>","protected":false},"excerpt":{"rendered":"<p><a rel=\"noreferrer\" href=\"https:\/\/valkyrieparis-bijoux.fr\/wp-content\/uploads\/2023\/08\/bague-amazone-amazonite-2.mp4\" class=\"vp-a vp-mp4-type vp-modal-click vp-modal-click_shortcode\">Discover the jewel in video<\/a><br \/>\n&nbsp;<br \/>\n<span style=\"font-weight: 400;\">Amazonite is a remarkable stone not for its preciousness, but for the quality of its virtues. Your <\/span><b>art deco ring-silver 925\/1000 and amazonite <\/b><span style=\"font-weight: 400;\">is remarkable in more ways than one. It's a jewel of particular refinement that perfectly blends art, fashion and lithotherapy. Discover this timeless jewel to reveal your personality and enhance your joie de vivre.<\/span><br \/>\n&nbsp;<br \/>\n&gt; <strong>Material<\/strong> and <strong>stone<\/strong> 925 silver, natural amazonite, marcasite<br \/>\n&gt; <strong>Dimensions<\/strong> 1.5 cm (length) x 2 cm (width)<br \/>\n&gt; <strong>Delivery<\/strong> free of charge in France<br \/>\n&gt; <strong>\u00c9crin<\/strong> Valkyrie offert<br \/>\n&gt; Ring <strong>warranty<\/strong> one year against manufacturing defects<br \/>\n&gt; Ring <strong>hypoallergenic<\/strong><\/p>","protected":false},"featured_media":224061,"template":"","meta":{"_et_pb_use_builder":"","_et_pb_old_content":"","_et_gb_content_width":""},"product_brand":[],"product_cat":[29],"product_tag":[],"class_list":{"0":"post-221058","1":"product","2":"type-product","3":"status-publish","4":"has-post-thumbnail","6":"product_cat-bagues-art-deco","8":"first","9":"onbackorder","10":"shipping-taxable","11":"purchasable","12":"product-type-variable"},"yoast_head":"<!-- This site is optimized with the Yoast SEO plugin v26.9 - https:\/\/yoast.com\/product\/yoast-seo-wordpress\/ -->\n<title>Bague art d\u00e9co - amazonite - mod\u00e8le Amazone - Valkyrie Paris<\/title>\n<meta name=\"description\" content=\"Cette bague art d\u00e9co est un bon cadeau que vous pouvez offrir \u00e0 votre partenaire. Elle est chic et a de nombreuses vertus.\" \/>\n<meta name=\"robots\" content=\"index, follow, max-snippet:-1, max-image-preview:large, max-video-preview:-1\" \/>\n<link rel=\"canonical\" href=\"https:\/\/valkyrieparis-bijoux.fr\/en\/bagues-art-deco\/bague-art-deco-argent-amazonite-naturelle\/\" \/>\n<meta property=\"og:locale\" content=\"en_US\" \/>\n<meta property=\"og:type\" content=\"article\" \/>\n<meta property=\"og:title\" content=\"Bague art d\u00e9co - amazonite - mod\u00e8le Amazone - Valkyrie Paris\" \/>\n<meta property=\"og:description\" content=\"Cette bague art d\u00e9co est un bon cadeau que vous pouvez offrir \u00e0 votre partenaire. Elle est chic et a de nombreuses vertus.\" \/>\n<meta property=\"og:url\" content=\"https:\/\/valkyrieparis-bijoux.fr\/en\/bagues-art-deco\/bague-art-deco-argent-amazonite-naturelle\/\" \/>\n<meta property=\"og:site_name\" content=\"Valkyrie Paris\" \/>\n<meta property=\"article:publisher\" content=\"https:\/\/www.facebook.com\/ValkyrieParis\" \/>\n<meta property=\"article:modified_time\" content=\"2026-04-29T11:56:25+00:00\" \/>\n<meta property=\"og:image\" content=\"https:\/\/valkyrieparis-bijoux.fr\/wp-content\/uploads\/2023\/09\/IMG_0684.jpg\" \/>\n\t<meta property=\"og:image:width\" content=\"900\" \/>\n\t<meta property=\"og:image:height\" content=\"900\" \/>\n\t<meta property=\"og:image:type\" content=\"image\/jpeg\" \/>\n<meta name=\"twitter:label1\" content=\"Est. reading time\" \/>\n\t<meta name=\"twitter:data1\" content=\"3 minutes\" \/>\n<script type=\"application\/ld+json\" class=\"yoast-schema-graph\">{\"@context\":\"https:\/\/schema.org\",\"@graph\":[{\"@type\":\"WebPage\",\"@id\":\"https:\/\/valkyrieparis-bijoux.fr\/en\/bagues-art-deco\/bague-art-deco-argent-amazonite-naturelle\/\",\"url\":\"https:\/\/valkyrieparis-bijoux.fr\/en\/bagues-art-deco\/bague-art-deco-argent-amazonite-naturelle\/\",\"name\":\"Bague art d\u00e9co - amazonite - mod\u00e8le Amazone - Valkyrie Paris\",\"isPartOf\":{\"@id\":\"https:\/\/valkyrieparis-bijoux.fr\/en\/#website\"},\"primaryImageOfPage\":{\"@id\":\"https:\/\/valkyrieparis-bijoux.fr\/en\/bagues-art-deco\/bague-art-deco-argent-amazonite-naturelle\/#primaryimage\"},\"image\":{\"@id\":\"https:\/\/valkyrieparis-bijoux.fr\/en\/bagues-art-deco\/bague-art-deco-argent-amazonite-naturelle\/#primaryimage\"},\"thumbnailUrl\":\"https:\/\/valkyrieparis-bijoux.fr\/wp-content\/uploads\/2023\/09\/IMG_0684.jpg\",\"datePublished\":\"2022-02-26T12:52:47+00:00\",\"dateModified\":\"2026-04-29T11:56:25+00:00\",\"description\":\"Cette bague art d\u00e9co est un bon cadeau que vous pouvez offrir \u00e0 votre partenaire. Elle est chic et a de nombreuses vertus.\",\"breadcrumb\":{\"@id\":\"https:\/\/valkyrieparis-bijoux.fr\/en\/bagues-art-deco\/bague-art-deco-argent-amazonite-naturelle\/#breadcrumb\"},\"inLanguage\":\"en-US\",\"potentialAction\":[{\"@type\":\"ReadAction\",\"target\":[\"https:\/\/valkyrieparis-bijoux.fr\/en\/bagues-art-deco\/bague-art-deco-argent-amazonite-naturelle\/\"]}]},{\"@type\":\"ImageObject\",\"inLanguage\":\"en-US\",\"@id\":\"https:\/\/valkyrieparis-bijoux.fr\/en\/bagues-art-deco\/bague-art-deco-argent-amazonite-naturelle\/#primaryimage\",\"url\":\"https:\/\/valkyrieparis-bijoux.fr\/wp-content\/uploads\/2023\/09\/IMG_0684.jpg\",\"contentUrl\":\"https:\/\/valkyrieparis-bijoux.fr\/wp-content\/uploads\/2023\/09\/IMG_0684.jpg\",\"width\":900,\"height\":900,\"caption\":\"bague-art-deco-amazonite\"},{\"@type\":\"BreadcrumbList\",\"@id\":\"https:\/\/valkyrieparis-bijoux.fr\/en\/bagues-art-deco\/bague-art-deco-argent-amazonite-naturelle\/#breadcrumb\",\"itemListElement\":[{\"@type\":\"ListItem\",\"position\":1,\"name\":\"Boutique\",\"item\":\"https:\/\/valkyrieparis-bijoux.fr\/boutique-valkyrie\/\"},{\"@type\":\"ListItem\",\"position\":2,\"name\":\"Bague art d\u00e9co &#8211; amazonite &#8211; mod\u00e8le Amazone\"}]},{\"@type\":\"WebSite\",\"@id\":\"https:\/\/valkyrieparis-bijoux.fr\/en\/#website\",\"url\":\"https:\/\/valkyrieparis-bijoux.fr\/en\/\",\"name\":\"Valkyrie Paris\",\"description\":\"Cr\u00e9ateurs de Bijoux Art D\u00e9co\",\"publisher\":{\"@id\":\"https:\/\/valkyrieparis-bijoux.fr\/en\/#organization\"},\"potentialAction\":[{\"@type\":\"SearchAction\",\"target\":{\"@type\":\"EntryPoint\",\"urlTemplate\":\"https:\/\/valkyrieparis-bijoux.fr\/en\/?s={search_term_string}\"},\"query-input\":{\"@type\":\"PropertyValueSpecification\",\"valueRequired\":true,\"valueName\":\"search_term_string\"}}],\"inLanguage\":\"en-US\"},{\"@type\":\"Organization\",\"@id\":\"https:\/\/valkyrieparis-bijoux.fr\/en\/#organization\",\"name\":\"Valkyrie Paris\",\"url\":\"https:\/\/valkyrieparis-bijoux.fr\/en\/\",\"logo\":{\"@type\":\"ImageObject\",\"inLanguage\":\"en-US\",\"@id\":\"https:\/\/valkyrieparis-bijoux.fr\/en\/#\/schema\/logo\/image\/\",\"url\":\"https:\/\/valkyrieparis-bijoux.fr\/wp-content\/uploads\/2021\/03\/Valkyrie_logo_noir-2.png\",\"contentUrl\":\"https:\/\/valkyrieparis-bijoux.fr\/wp-content\/uploads\/2021\/03\/Valkyrie_logo_noir-2.png\",\"width\":1000,\"height\":321,\"caption\":\"Valkyrie Paris\"},\"image\":{\"@id\":\"https:\/\/valkyrieparis-bijoux.fr\/en\/#\/schema\/logo\/image\/\"},\"sameAs\":[\"https:\/\/www.facebook.com\/ValkyrieParis\",\"https:\/\/www.instagram.com\/valkyrieparis\/\",\"https:\/\/www.pinterest.fr\/ValkyrieParis\/_created\/\"]}]}<\/script>\n<!-- \/ Yoast SEO plugin. -->","yoast_head_json":{"title":"Art deco ring - amazonite - Amazone model - Valkyrie Paris","description":"This art deco ring is a great gift for your partner. It's chic and has many virtues.","robots":{"index":"index","follow":"follow","max-snippet":"max-snippet:-1","max-image-preview":"max-image-preview:large","max-video-preview":"max-video-preview:-1"},"canonical":"https:\/\/valkyrieparis-bijoux.fr\/en\/bagues-art-deco\/bague-art-deco-argent-amazonite-naturelle\/","og_locale":"en_US","og_type":"article","og_title":"Bague art d\u00e9co - amazonite - mod\u00e8le Amazone - Valkyrie Paris","og_description":"Cette bague art d\u00e9co est un bon cadeau que vous pouvez offrir \u00e0 votre partenaire. Elle est chic et a de nombreuses vertus.","og_url":"https:\/\/valkyrieparis-bijoux.fr\/en\/bagues-art-deco\/bague-art-deco-argent-amazonite-naturelle\/","og_site_name":"Valkyrie Paris","article_publisher":"https:\/\/www.facebook.com\/ValkyrieParis","article_modified_time":"2026-04-29T11:56:25+00:00","og_image":[{"width":900,"height":900,"url":"https:\/\/valkyrieparis-bijoux.fr\/wp-content\/uploads\/2023\/09\/IMG_0684.jpg","type":"image\/jpeg"}],"twitter_misc":{"Est. reading time":"3 minutes"},"schema":{"@context":"https:\/\/schema.org","@graph":[{"@type":"WebPage","@id":"https:\/\/valkyrieparis-bijoux.fr\/en\/bagues-art-deco\/bague-art-deco-argent-amazonite-naturelle\/","url":"https:\/\/valkyrieparis-bijoux.fr\/en\/bagues-art-deco\/bague-art-deco-argent-amazonite-naturelle\/","name":"Art deco ring - amazonite - Amazone model - Valkyrie Paris","isPartOf":{"@id":"https:\/\/valkyrieparis-bijoux.fr\/en\/#website"},"primaryImageOfPage":{"@id":"https:\/\/valkyrieparis-bijoux.fr\/en\/bagues-art-deco\/bague-art-deco-argent-amazonite-naturelle\/#primaryimage"},"image":{"@id":"https:\/\/valkyrieparis-bijoux.fr\/en\/bagues-art-deco\/bague-art-deco-argent-amazonite-naturelle\/#primaryimage"},"thumbnailUrl":"https:\/\/valkyrieparis-bijoux.fr\/wp-content\/uploads\/2023\/09\/IMG_0684.jpg","datePublished":"2022-02-26T12:52:47+00:00","dateModified":"2026-04-29T11:56:25+00:00","description":"This art deco ring is a great gift for your partner. It's chic and has many virtues.","breadcrumb":{"@id":"https:\/\/valkyrieparis-bijoux.fr\/en\/bagues-art-deco\/bague-art-deco-argent-amazonite-naturelle\/#breadcrumb"},"inLanguage":"en-US","potentialAction":[{"@type":"ReadAction","target":["https:\/\/valkyrieparis-bijoux.fr\/en\/bagues-art-deco\/bague-art-deco-argent-amazonite-naturelle\/"]}]},{"@type":"ImageObject","inLanguage":"en-US","@id":"https:\/\/valkyrieparis-bijoux.fr\/en\/bagues-art-deco\/bague-art-deco-argent-amazonite-naturelle\/#primaryimage","url":"https:\/\/valkyrieparis-bijoux.fr\/wp-content\/uploads\/2023\/09\/IMG_0684.jpg","contentUrl":"https:\/\/valkyrieparis-bijoux.fr\/wp-content\/uploads\/2023\/09\/IMG_0684.jpg","width":900,"height":900,"caption":"bague-art-deco-amazonite"},{"@type":"BreadcrumbList","@id":"https:\/\/valkyrieparis-bijoux.fr\/en\/bagues-art-deco\/bague-art-deco-argent-amazonite-naturelle\/#breadcrumb","itemListElement":[{"@type":"ListItem","position":1,"name":"Boutique","item":"https:\/\/valkyrieparis-bijoux.fr\/boutique-valkyrie\/"},{"@type":"ListItem","position":2,"name":"Bague art d\u00e9co &#8211; amazonite &#8211; mod\u00e8le Amazone"}]},{"@type":"WebSite","@id":"https:\/\/valkyrieparis-bijoux.fr\/en\/#website","url":"https:\/\/valkyrieparis-bijoux.fr\/en\/","name":"Valkyrie Paris","description":"Art Deco Jewellery Designers","publisher":{"@id":"https:\/\/valkyrieparis-bijoux.fr\/en\/#organization"},"potentialAction":[{"@type":"SearchAction","target":{"@type":"EntryPoint","urlTemplate":"https:\/\/valkyrieparis-bijoux.fr\/en\/?s={search_term_string}"},"query-input":{"@type":"PropertyValueSpecification","valueRequired":true,"valueName":"search_term_string"}}],"inLanguage":"en-US"},{"@type":"Organization","@id":"https:\/\/valkyrieparis-bijoux.fr\/en\/#organization","name":"Valkyrie Paris","url":"https:\/\/valkyrieparis-bijoux.fr\/en\/","logo":{"@type":"ImageObject","inLanguage":"en-US","@id":"https:\/\/valkyrieparis-bijoux.fr\/en\/#\/schema\/logo\/image\/","url":"https:\/\/valkyrieparis-bijoux.fr\/wp-content\/uploads\/2021\/03\/Valkyrie_logo_noir-2.png","contentUrl":"https:\/\/valkyrieparis-bijoux.fr\/wp-content\/uploads\/2021\/03\/Valkyrie_logo_noir-2.png","width":1000,"height":321,"caption":"Valkyrie Paris"},"image":{"@id":"https:\/\/valkyrieparis-bijoux.fr\/en\/#\/schema\/logo\/image\/"},"sameAs":["https:\/\/www.facebook.com\/ValkyrieParis","https:\/\/www.instagram.com\/valkyrieparis\/","https:\/\/www.pinterest.fr\/ValkyrieParis\/_created\/"]}]}},"_links":{"self":[{"href":"https:\/\/valkyrieparis-bijoux.fr\/en\/wp-json\/wp\/v2\/product\/221058","targetHints":{"allow":["GET"]}}],"collection":[{"href":"https:\/\/valkyrieparis-bijoux.fr\/en\/wp-json\/wp\/v2\/product"}],"about":[{"href":"https:\/\/valkyrieparis-bijoux.fr\/en\/wp-json\/wp\/v2\/types\/product"}],"wp:featuredmedia":[{"embeddable":true,"href":"https:\/\/valkyrieparis-bijoux.fr\/en\/wp-json\/wp\/v2\/media\/224061"}],"wp:attachment":[{"href":"https:\/\/valkyrieparis-bijoux.fr\/en\/wp-json\/wp\/v2\/media?parent=221058"}],"wp:term":[{"taxonomy":"product_brand","embeddable":true,"href":"https:\/\/valkyrieparis-bijoux.fr\/en\/wp-json\/wp\/v2\/product_brand?post=221058"},{"taxonomy":"product_cat","embeddable":true,"href":"https:\/\/valkyrieparis-bijoux.fr\/en\/wp-json\/wp\/v2\/product_cat?post=221058"},{"taxonomy":"product_tag","embeddable":true,"href":"https:\/\/valkyrieparis-bijoux.fr\/en\/wp-json\/wp\/v2\/product_tag?post=221058"}],"curies":[{"name":"wp","href":"https:\/\/api.w.org\/{rel}","templated":true}]}}