{"id":220951,"date":"2022-02-16T14:46:40","date_gmt":"2022-02-16T13:46:40","guid":{"rendered":"https:\/\/valkyrieparis-bijoux.fr\/?post_type=product&#038;p=220951"},"modified":"2026-02-26T11:25:24","modified_gmt":"2026-02-26T10:25:24","slug":"bague-art-deco-bague-de-style-ancien-agate-et-marcassites","status":"publish","type":"product","link":"https:\/\/valkyrieparis-bijoux.fr\/en\/bagues-art-deco\/bague-de-style-ancien-agate\/","title":{"rendered":"Bague art d\u00e9co \u2013 feuilles d&rsquo;or &#8211; mod\u00e8le C\u00e9lestine"},"content":{"rendered":"<h2><span style=\"font-weight: 400;\">An art deco ring in marcasite and agate with multiple therapeutic virtues<\/span><\/h2>\n<p><span style=\"font-weight: 400;\">In fact, this ring is shaped from the <\/span><b>natural stone marcasite<\/b><span style=\"font-weight: 400;\">like other minerals extracted from natural deposits. This gem has long been used on<a href=\"https:\/\/valkyrieparis-bijoux.fr\/en\/bagues-art-deco\/\"> jewelry<\/a> of great value. Today, wearing jewelry set with marcasite is reminiscent of vintage style. The stone is encrusted on the ring and shines like a small diamond of incomparable brilliance.<\/span><\/p>\n<p><span style=\"font-weight: 400;\">The mineral used to shape this <\/span><b>women's ring<\/b><span style=\"font-weight: 400;\"> adds a distinctive metallic sheen. But it is also reminiscent of a purely antique style. This is why marcasite is best appreciated in the various styles of beauty jewelry.<\/span><\/p>\n<p><span style=\"font-weight: 400;\">In addition, the <\/span><b>agate stone<\/b><span style=\"font-weight: 400;\"> has many virtues. Indeed, the stone is known to relax muscles, reduce the effects of stress and ward off negative external influences. Symbolically, it also lends an air of elegance thanks to\u00a0<\/span><span style=\"font-weight: 400;\">to beauty that shines through at first glance.<\/span><\/p>\n<h2><span style=\"font-weight: 400;\">A timeless jewel for women to give as a gift<\/span><\/h2>\n<p><span style=\"font-weight: 400;\">Next, the ring is the <\/span><b>jewelry<\/b><span style=\"font-weight: 400;\"> the most precious of all symbolic gifts when it comes to wedding rings. It can be a friendly, romantic gesture, or part of a vow renewal ceremony. It's a sublime gift to offer those around you as a token of love for loved ones.\u00a0<\/span><\/p>\n<p><span style=\"font-weight: 400;\">This frame can have many meanings. It may be a simple ring, a <\/span><b>promise ring<\/b><span style=\"font-weight: 400;\">solitaire or wedding ring. But in any case, this ring is a good sign of love and a commitment to be respected.<\/span><\/p>\n<h2><span style=\"font-weight: 400;\">Beautiful, hypoallergenic, easy-care ring\u00a0<\/span><\/h2>\n<p><span style=\"font-weight: 400;\">Did you know? The human body can be sensitive to objects it comes into contact with. In the case of <\/span><b>jewelry<\/b><span style=\"font-weight: 400;\"> such as rings, an allergy may arise if their composition includes metals such as cadmium, nickel or lead.<\/span><\/p>\n<p><span style=\"font-weight: 400;\">Made in France, these jewels do not contain<a href=\"https:\/\/valkyrieparis-bijoux.fr\/en\/bagues-art-deco\/bague-art-deco-argent-et-nacre\/\"> materials<\/a> listed above. So you have nothing to worry about. What's more, to make sure you get the right size, you can order a <\/span><b>customized measurement<\/b><span style=\"font-weight: 400;\">. In addition, you can clean your ring by rubbing it with a soft cloth.<\/span><\/p>\n<p><span style=\"font-weight: 400;\">En bref, cette bague art d\u00e9co en agate verte et en marcassites est un anneau pr\u00e9cieux que vous pouvez offrir \u00e0 une personne ch\u00e8re. Forte de sa couleur verte orn\u00e9e d\u2019agate, cet anneau est le signe d\u2019une alliance \u00e9ternelle et pr\u00e9cieuse. Les vertus et les b\u00e9n\u00e9fices qu&rsquo;il apporte sont multiples. Jamais, vous ne serez d\u00e9\u00e7u.<\/span><\/p>\n<p>A sign of serenity and success, this bottle-green crystal is renowned for its many benefits.<br \/>\nL&rsquo;agate verte entretient la stabilit\u00e9 entre les \u00e9nergies et les forces.<\/p>","protected":false},"excerpt":{"rendered":"<p><a rel=\"noreferrer\" href=\"https:\/\/valkyrieparis-bijoux.fr\/wp-content\/uploads\/2024\/01\/Bague-agate-verte-feuille-d-or.mp4\" class=\"vp-a vp-mp4-type vp-modal-click vp-modal-click_shortcode\">Discover the jewel in video<\/a><br \/>\n&nbsp;<br \/>\n<span style=\"font-weight: 400;\">This magnificent <\/span><b>ring<\/b><span style=\"font-weight: 400;\"> art deco is set with agate and genuine gold leaf. The setting makes it magnificent and elegant. It is carefully framed by a multitude of sparkling marcasites. In addition to its eye-catching aesthetics, you'll benefit from the virtues of green agate.<\/span><br \/>\n&nbsp;<br \/>\n&gt; <strong>Material<\/strong> Genuine sterling silver, hallmarked 925<br \/>\n&gt; <strong>Stones<\/strong> green agate, gold leaf and marcasites<br \/>\n&gt; <strong>Dimensions<\/strong> 2.1 cm (length) x 2.1 cm (width)<br \/>\n&gt; <strong>Delivery<\/strong> free of charge in France<br \/>\n&gt; <strong>\u00c9crin<\/strong> Valkyrie offert<br \/>\n&gt; Ring <strong>warranty<\/strong> one year against manufacturing defects<br \/>\n&gt; Ring <strong>hypoallergenic<\/strong><\/p>","protected":false},"featured_media":226008,"template":"","meta":{"_et_pb_use_builder":"","_et_pb_old_content":"","_et_gb_content_width":""},"product_brand":[],"product_cat":[29],"product_tag":[],"class_list":{"0":"post-220951","1":"product","2":"type-product","3":"status-publish","4":"has-post-thumbnail","6":"product_cat-bagues-art-deco","8":"first","9":"instock","10":"shipping-taxable","11":"purchasable","12":"product-type-variable"},"yoast_head":"<!-- This site is optimized with the Yoast SEO plugin v26.9 - https:\/\/yoast.com\/product\/yoast-seo-wordpress\/ -->\n<title>Bague de style ancien - agate et marcassites Valkyrie Paris<\/title>\n<meta name=\"description\" content=\"Cette magnifique bague art d\u00e9co est sertie de l\u2019agate et de la min\u00e9rale marcassite. Sa monture la rend magnifique et d\u2019une grande finesse.\" \/>\n<meta name=\"robots\" content=\"index, follow, max-snippet:-1, max-image-preview:large, max-video-preview:-1\" \/>\n<link rel=\"canonical\" href=\"https:\/\/valkyrieparis-bijoux.fr\/en\/bagues-art-deco\/bague-de-style-ancien-agate\/\" \/>\n<meta property=\"og:locale\" content=\"en_US\" \/>\n<meta property=\"og:type\" content=\"article\" \/>\n<meta property=\"og:title\" content=\"Bague de style ancien - agate et marcassites Valkyrie Paris\" \/>\n<meta property=\"og:description\" content=\"Cette magnifique bague art d\u00e9co est sertie de l\u2019agate et de la min\u00e9rale marcassite. Sa monture la rend magnifique et d\u2019une grande finesse.\" \/>\n<meta property=\"og:url\" content=\"https:\/\/valkyrieparis-bijoux.fr\/en\/bagues-art-deco\/bague-de-style-ancien-agate\/\" \/>\n<meta property=\"og:site_name\" content=\"Valkyrie Paris\" \/>\n<meta property=\"article:publisher\" content=\"https:\/\/www.facebook.com\/ValkyrieParis\" \/>\n<meta property=\"article:modified_time\" content=\"2026-02-26T10:25:24+00:00\" \/>\n<meta property=\"og:image\" content=\"https:\/\/valkyrieparis-bijoux.fr\/wp-content\/uploads\/2024\/05\/IMG_8713-1.jpg\" \/>\n\t<meta property=\"og:image:width\" content=\"1200\" \/>\n\t<meta property=\"og:image:height\" content=\"1200\" \/>\n\t<meta property=\"og:image:type\" content=\"image\/jpeg\" \/>\n<meta name=\"twitter:label1\" content=\"Est. reading time\" \/>\n\t<meta name=\"twitter:data1\" content=\"3 minutes\" \/>\n<script type=\"application\/ld+json\" class=\"yoast-schema-graph\">{\"@context\":\"https:\/\/schema.org\",\"@graph\":[{\"@type\":\"WebPage\",\"@id\":\"https:\/\/valkyrieparis-bijoux.fr\/en\/bagues-art-deco\/bague-de-style-ancien-agate\/\",\"url\":\"https:\/\/valkyrieparis-bijoux.fr\/en\/bagues-art-deco\/bague-de-style-ancien-agate\/\",\"name\":\"Bague de style ancien - agate et marcassites Valkyrie Paris\",\"isPartOf\":{\"@id\":\"https:\/\/valkyrieparis-bijoux.fr\/en\/#website\"},\"primaryImageOfPage\":{\"@id\":\"https:\/\/valkyrieparis-bijoux.fr\/en\/bagues-art-deco\/bague-de-style-ancien-agate\/#primaryimage\"},\"image\":{\"@id\":\"https:\/\/valkyrieparis-bijoux.fr\/en\/bagues-art-deco\/bague-de-style-ancien-agate\/#primaryimage\"},\"thumbnailUrl\":\"https:\/\/valkyrieparis-bijoux.fr\/wp-content\/uploads\/2024\/05\/IMG_8713-1.jpg\",\"datePublished\":\"2022-02-16T13:46:40+00:00\",\"dateModified\":\"2026-02-26T10:25:24+00:00\",\"description\":\"Cette magnifique bague art d\u00e9co est sertie de l\u2019agate et de la min\u00e9rale marcassite. Sa monture la rend magnifique et d\u2019une grande finesse.\",\"breadcrumb\":{\"@id\":\"https:\/\/valkyrieparis-bijoux.fr\/en\/bagues-art-deco\/bague-de-style-ancien-agate\/#breadcrumb\"},\"inLanguage\":\"en-US\",\"potentialAction\":[{\"@type\":\"ReadAction\",\"target\":[\"https:\/\/valkyrieparis-bijoux.fr\/en\/bagues-art-deco\/bague-de-style-ancien-agate\/\"]}]},{\"@type\":\"ImageObject\",\"inLanguage\":\"en-US\",\"@id\":\"https:\/\/valkyrieparis-bijoux.fr\/en\/bagues-art-deco\/bague-de-style-ancien-agate\/#primaryimage\",\"url\":\"https:\/\/valkyrieparis-bijoux.fr\/wp-content\/uploads\/2024\/05\/IMG_8713-1.jpg\",\"contentUrl\":\"https:\/\/valkyrieparis-bijoux.fr\/wp-content\/uploads\/2024\/05\/IMG_8713-1.jpg\",\"width\":1200,\"height\":1200,\"caption\":\"bague-agate-verte-naturelle\"},{\"@type\":\"BreadcrumbList\",\"@id\":\"https:\/\/valkyrieparis-bijoux.fr\/en\/bagues-art-deco\/bague-de-style-ancien-agate\/#breadcrumb\",\"itemListElement\":[{\"@type\":\"ListItem\",\"position\":1,\"name\":\"Boutique\",\"item\":\"https:\/\/valkyrieparis-bijoux.fr\/boutique-valkyrie\/\"},{\"@type\":\"ListItem\",\"position\":2,\"name\":\"Bague art d\u00e9co \u2013 feuilles d&rsquo;or &#8211; mod\u00e8le C\u00e9lestine\"}]},{\"@type\":\"WebSite\",\"@id\":\"https:\/\/valkyrieparis-bijoux.fr\/en\/#website\",\"url\":\"https:\/\/valkyrieparis-bijoux.fr\/en\/\",\"name\":\"Valkyrie Paris\",\"description\":\"Cr\u00e9ateurs de Bijoux Art D\u00e9co\",\"publisher\":{\"@id\":\"https:\/\/valkyrieparis-bijoux.fr\/en\/#organization\"},\"potentialAction\":[{\"@type\":\"SearchAction\",\"target\":{\"@type\":\"EntryPoint\",\"urlTemplate\":\"https:\/\/valkyrieparis-bijoux.fr\/en\/?s={search_term_string}\"},\"query-input\":{\"@type\":\"PropertyValueSpecification\",\"valueRequired\":true,\"valueName\":\"search_term_string\"}}],\"inLanguage\":\"en-US\"},{\"@type\":\"Organization\",\"@id\":\"https:\/\/valkyrieparis-bijoux.fr\/en\/#organization\",\"name\":\"Valkyrie Paris\",\"url\":\"https:\/\/valkyrieparis-bijoux.fr\/en\/\",\"logo\":{\"@type\":\"ImageObject\",\"inLanguage\":\"en-US\",\"@id\":\"https:\/\/valkyrieparis-bijoux.fr\/en\/#\/schema\/logo\/image\/\",\"url\":\"https:\/\/valkyrieparis-bijoux.fr\/wp-content\/uploads\/2021\/03\/Valkyrie_logo_noir-2.png\",\"contentUrl\":\"https:\/\/valkyrieparis-bijoux.fr\/wp-content\/uploads\/2021\/03\/Valkyrie_logo_noir-2.png\",\"width\":1000,\"height\":321,\"caption\":\"Valkyrie Paris\"},\"image\":{\"@id\":\"https:\/\/valkyrieparis-bijoux.fr\/en\/#\/schema\/logo\/image\/\"},\"sameAs\":[\"https:\/\/www.facebook.com\/ValkyrieParis\",\"https:\/\/www.instagram.com\/valkyrieparis\/\",\"https:\/\/www.pinterest.fr\/ValkyrieParis\/_created\/\"]}]}<\/script>\n<!-- \/ Yoast SEO plugin. -->","yoast_head_json":{"title":"Antique style ring - agate and marcasites Valkyrie Paris","description":"This magnificent art deco ring is set with agate and the mineral marcasite. Its setting makes it magnificent and of great finesse.","robots":{"index":"index","follow":"follow","max-snippet":"max-snippet:-1","max-image-preview":"max-image-preview:large","max-video-preview":"max-video-preview:-1"},"canonical":"https:\/\/valkyrieparis-bijoux.fr\/en\/bagues-art-deco\/bague-de-style-ancien-agate\/","og_locale":"en_US","og_type":"article","og_title":"Bague de style ancien - agate et marcassites Valkyrie Paris","og_description":"Cette magnifique bague art d\u00e9co est sertie de l\u2019agate et de la min\u00e9rale marcassite. Sa monture la rend magnifique et d\u2019une grande finesse.","og_url":"https:\/\/valkyrieparis-bijoux.fr\/en\/bagues-art-deco\/bague-de-style-ancien-agate\/","og_site_name":"Valkyrie Paris","article_publisher":"https:\/\/www.facebook.com\/ValkyrieParis","article_modified_time":"2026-02-26T10:25:24+00:00","og_image":[{"width":1200,"height":1200,"url":"https:\/\/valkyrieparis-bijoux.fr\/wp-content\/uploads\/2024\/05\/IMG_8713-1.jpg","type":"image\/jpeg"}],"twitter_misc":{"Est. reading time":"3 minutes"},"schema":{"@context":"https:\/\/schema.org","@graph":[{"@type":"WebPage","@id":"https:\/\/valkyrieparis-bijoux.fr\/en\/bagues-art-deco\/bague-de-style-ancien-agate\/","url":"https:\/\/valkyrieparis-bijoux.fr\/en\/bagues-art-deco\/bague-de-style-ancien-agate\/","name":"Antique style ring - agate and marcasites Valkyrie Paris","isPartOf":{"@id":"https:\/\/valkyrieparis-bijoux.fr\/en\/#website"},"primaryImageOfPage":{"@id":"https:\/\/valkyrieparis-bijoux.fr\/en\/bagues-art-deco\/bague-de-style-ancien-agate\/#primaryimage"},"image":{"@id":"https:\/\/valkyrieparis-bijoux.fr\/en\/bagues-art-deco\/bague-de-style-ancien-agate\/#primaryimage"},"thumbnailUrl":"https:\/\/valkyrieparis-bijoux.fr\/wp-content\/uploads\/2024\/05\/IMG_8713-1.jpg","datePublished":"2022-02-16T13:46:40+00:00","dateModified":"2026-02-26T10:25:24+00:00","description":"This magnificent art deco ring is set with agate and the mineral marcasite. Its setting makes it magnificent and of great finesse.","breadcrumb":{"@id":"https:\/\/valkyrieparis-bijoux.fr\/en\/bagues-art-deco\/bague-de-style-ancien-agate\/#breadcrumb"},"inLanguage":"en-US","potentialAction":[{"@type":"ReadAction","target":["https:\/\/valkyrieparis-bijoux.fr\/en\/bagues-art-deco\/bague-de-style-ancien-agate\/"]}]},{"@type":"ImageObject","inLanguage":"en-US","@id":"https:\/\/valkyrieparis-bijoux.fr\/en\/bagues-art-deco\/bague-de-style-ancien-agate\/#primaryimage","url":"https:\/\/valkyrieparis-bijoux.fr\/wp-content\/uploads\/2024\/05\/IMG_8713-1.jpg","contentUrl":"https:\/\/valkyrieparis-bijoux.fr\/wp-content\/uploads\/2024\/05\/IMG_8713-1.jpg","width":1200,"height":1200,"caption":"bague-agate-verte-naturelle"},{"@type":"BreadcrumbList","@id":"https:\/\/valkyrieparis-bijoux.fr\/en\/bagues-art-deco\/bague-de-style-ancien-agate\/#breadcrumb","itemListElement":[{"@type":"ListItem","position":1,"name":"Boutique","item":"https:\/\/valkyrieparis-bijoux.fr\/boutique-valkyrie\/"},{"@type":"ListItem","position":2,"name":"Bague art d\u00e9co \u2013 feuilles d&rsquo;or &#8211; mod\u00e8le C\u00e9lestine"}]},{"@type":"WebSite","@id":"https:\/\/valkyrieparis-bijoux.fr\/en\/#website","url":"https:\/\/valkyrieparis-bijoux.fr\/en\/","name":"Valkyrie Paris","description":"Art Deco Jewellery Designers","publisher":{"@id":"https:\/\/valkyrieparis-bijoux.fr\/en\/#organization"},"potentialAction":[{"@type":"SearchAction","target":{"@type":"EntryPoint","urlTemplate":"https:\/\/valkyrieparis-bijoux.fr\/en\/?s={search_term_string}"},"query-input":{"@type":"PropertyValueSpecification","valueRequired":true,"valueName":"search_term_string"}}],"inLanguage":"en-US"},{"@type":"Organization","@id":"https:\/\/valkyrieparis-bijoux.fr\/en\/#organization","name":"Valkyrie Paris","url":"https:\/\/valkyrieparis-bijoux.fr\/en\/","logo":{"@type":"ImageObject","inLanguage":"en-US","@id":"https:\/\/valkyrieparis-bijoux.fr\/en\/#\/schema\/logo\/image\/","url":"https:\/\/valkyrieparis-bijoux.fr\/wp-content\/uploads\/2021\/03\/Valkyrie_logo_noir-2.png","contentUrl":"https:\/\/valkyrieparis-bijoux.fr\/wp-content\/uploads\/2021\/03\/Valkyrie_logo_noir-2.png","width":1000,"height":321,"caption":"Valkyrie Paris"},"image":{"@id":"https:\/\/valkyrieparis-bijoux.fr\/en\/#\/schema\/logo\/image\/"},"sameAs":["https:\/\/www.facebook.com\/ValkyrieParis","https:\/\/www.instagram.com\/valkyrieparis\/","https:\/\/www.pinterest.fr\/ValkyrieParis\/_created\/"]}]}},"_links":{"self":[{"href":"https:\/\/valkyrieparis-bijoux.fr\/en\/wp-json\/wp\/v2\/product\/220951","targetHints":{"allow":["GET"]}}],"collection":[{"href":"https:\/\/valkyrieparis-bijoux.fr\/en\/wp-json\/wp\/v2\/product"}],"about":[{"href":"https:\/\/valkyrieparis-bijoux.fr\/en\/wp-json\/wp\/v2\/types\/product"}],"wp:featuredmedia":[{"embeddable":true,"href":"https:\/\/valkyrieparis-bijoux.fr\/en\/wp-json\/wp\/v2\/media\/226008"}],"wp:attachment":[{"href":"https:\/\/valkyrieparis-bijoux.fr\/en\/wp-json\/wp\/v2\/media?parent=220951"}],"wp:term":[{"taxonomy":"product_brand","embeddable":true,"href":"https:\/\/valkyrieparis-bijoux.fr\/en\/wp-json\/wp\/v2\/product_brand?post=220951"},{"taxonomy":"product_cat","embeddable":true,"href":"https:\/\/valkyrieparis-bijoux.fr\/en\/wp-json\/wp\/v2\/product_cat?post=220951"},{"taxonomy":"product_tag","embeddable":true,"href":"https:\/\/valkyrieparis-bijoux.fr\/en\/wp-json\/wp\/v2\/product_tag?post=220951"}],"curies":[{"name":"wp","href":"https:\/\/api.w.org\/{rel}","templated":true}]}}