{"id":220927,"date":"2022-02-16T14:25:40","date_gmt":"2022-02-16T13:25:40","guid":{"rendered":"https:\/\/valkyrieparis-bijoux.fr\/?post_type=product&#038;p=220927"},"modified":"2026-02-03T15:02:52","modified_gmt":"2026-02-03T14:02:52","slug":"bague-art-deco-bague-art-deco-en-argent-et-topaze-bleue","status":"publish","type":"product","link":"https:\/\/valkyrieparis-bijoux.fr\/en\/bagues-art-deco\/bague-amethyste-naturelle\/","title":{"rendered":"Amethyst ring - Androm\u00e8de model"},"content":{"rendered":"<h2><span style=\"font-weight: 400;\">Une bague orn\u00e9e d&rsquo;am\u00e9thyste pour toutes les occasions<\/span><\/h2>\n<p><span style=\"font-weight: 400;\">You're a woman of class, and you've certainly understood the obviousness of having this ring in your <\/span><b>jewelry collection<\/b><span style=\"font-weight: 400;\">. This slim ring is the first choice in its category in terms of design. In fact, with its <a href=\"https:\/\/valkyrieparis-bijoux.fr\/en\/bagues-art-deco\/\">amethyst<\/a> which has many virtues, is made of silver. Beyond its aesthetic beauty, this fine stone brings protection, serenity and peace.<\/span><\/p>\n<p>L&rsquo;am\u00e9thyste, qui fait partie de la famille des quartz, est non seulement belle mais elle est aussi r\u00e9put\u00e9e pour ses nombreuses vertus.<\/p>\n<p>D&rsquo;abord, sur le plan \u00e9nerg\u00e9tique et spirituel, l&rsquo;am\u00e9thyste est consid\u00e9r\u00e9e comme une pierre de sagesse et d&rsquo;humilit\u00e9. Elle est souvent utilis\u00e9e pour favoriser la m\u00e9ditation, renforcer l&rsquo;intuition et ouvrir l&rsquo;esprit \u00e0 une conscience plus \u00e9lev\u00e9e. Beaucoup de personnes l&rsquo;utilisent pour trouver un \u00e9quilibre mental et \u00e9motionnel, car elle aiderait \u00e0 apaiser l&rsquo;anxi\u00e9t\u00e9 et \u00e0 dissiper les pens\u00e9es n\u00e9gatives.<\/p>\n<p>Sur le plan physique, certains amateurs de lithoth\u00e9rapie croient que l&rsquo;am\u00e9thyste aurait des effets b\u00e9n\u00e9fiques sur la purification et la d\u00e9toxification du corps. Elle serait \u00e9galement utile pour soulager certains maux comme les maux de t\u00eate ou les tensions, et m\u00eame pour am\u00e9liorer la qualit\u00e9 du sommeil.<\/p>\n<h2><span style=\"font-weight: 400;\">Hypoallergenic jewelry, good for beauty and good for health<\/span><\/h2>\n<p><span style=\"font-weight: 400;\">Silver metal has long been recognized as one of the most beneficial precious metals for human health. First of all, many people report improved blood circulation after using a <\/span><b>silver ornament<\/b><span style=\"font-weight: 400;\">. Secondly, this stone is a powerful immune system booster.<\/span><\/p>\n<p><span style=\"font-weight: 400;\">It is also said to embody anti-microbial properties. From <\/span><b>chemical properties<\/b><span style=\"font-weight: 400;\"> which have yet to be scientifically proven. But the evidence is there, and it's enough to make this precious material famous.\u00a0<\/span><span style=\"font-weight: 400;\">What's more, there are no skin-damaging heavy metals in the composition of this women's jewelry. So you can use it even if you have sensitive skin.<\/span><\/p>\n<h2><span style=\"font-weight: 400;\">Strong, durable, easy-care ladies' ring<\/span><\/h2>\n<p><span style=\"font-weight: 400;\">Visit <a href=\"https:\/\/valkyrieparis-bijoux.fr\/en\/bagues-art-deco\/bague-art-deco-email-et-topaze-bleue\/\">metal<\/a> The silver used to manufacture this ring has anti-corrosion properties. In other words, you can use this <\/span><b>jewelry<\/b><span style=\"font-weight: 400;\"> without worrying about rust. It also retains its shine, no matter how many years you use it.<\/span><\/p>\n<p><span style=\"font-weight: 400;\">Pour l\u2019entretenir et lui donner une longue dur\u00e9e de vie, vous devez cependant prendre quelques mesures. Notamment celle de r\u00e9guli\u00e8rement le nettoyer. Pour cela vous devez \u00e9viter d&rsquo;utiliser des substances un peu trop agressives, et le <\/span><b>clean <\/b>a<span style=\"font-weight: 400;\">with a clean cloth.<\/span><b>\u00a0<\/b><\/p>","protected":false},"excerpt":{"rendered":"<p><a rel=\"noreferrer\" href=\"#\" class=\"vp-a vp-unknown-type_shortcode vp-modal-click vp-modal-click_shortcode\">Discover the jewel in video<\/a><br \/>\n&nbsp;<br \/>\nDiscover our elegant amethyst ring, a jewel of refinement. This sterling silver jewel features a captivating amethyst, precision-cut to reveal its deep purple color and captivating reflections. Framed by shimmering marcasites, each stone is meticulously added to create unparalleled sparkle. The hexagonal geometric design adds a touch of originality, making this ring a one-of-a-kind treasure. Perfect for a touch of everyday sparkle or a memorable gift.<br \/>\n&nbsp;<br \/>\n&gt; <strong>Material<\/strong> Genuine sterling silver, hallmarked 925<br \/>\n&gt; <strong>Stones<\/strong> amethyst and marcasite<br \/>\n&gt; <strong>Dimensions<\/strong> 1.9 cm (length) x 1.9 cm (width)<br \/>\n&gt; <strong>Delivery<\/strong> free of charge in France<br \/>\n&gt; <strong>\u00c9crin<\/strong> Valkyrie offert<br \/>\n&gt; Ring <strong>warranty<\/strong> one year against manufacturing defects<br \/>\n&gt; Ring <strong>hypoallergenic<\/strong><\/p>","protected":false},"featured_media":226004,"template":"","meta":{"_et_pb_use_builder":"","_et_pb_old_content":"","_et_gb_content_width":""},"product_brand":[],"product_cat":[29],"product_tag":[],"class_list":{"0":"post-220927","1":"product","2":"type-product","3":"status-publish","4":"has-post-thumbnail","6":"product_cat-bagues-art-deco","8":"first","9":"instock","10":"shipping-taxable","11":"purchasable","12":"product-type-variable"},"yoast_head":"<!-- This site is optimized with the Yoast SEO plugin v26.9 - https:\/\/yoast.com\/product\/yoast-seo-wordpress\/ -->\n<title>Bague am\u00e9thyste - mod\u00e8le Androm\u00e8de - Valkyrie Paris<\/title>\n<meta name=\"description\" content=\"En effet, cette bague art deco en topaze bleu vous permet de lutter contre vos insomnies et d\u2019am\u00e9liorer la qualit\u00e9 de votre sommeil.\" \/>\n<meta name=\"robots\" content=\"index, follow, max-snippet:-1, max-image-preview:large, max-video-preview:-1\" \/>\n<link rel=\"canonical\" href=\"https:\/\/valkyrieparis-bijoux.fr\/en\/bagues-art-deco\/bague-amethyste-naturelle\/\" \/>\n<meta property=\"og:locale\" content=\"en_US\" \/>\n<meta property=\"og:type\" content=\"article\" \/>\n<meta property=\"og:title\" content=\"Bague am\u00e9thyste - mod\u00e8le Androm\u00e8de - Valkyrie Paris\" \/>\n<meta property=\"og:description\" content=\"En effet, cette bague art deco en topaze bleu vous permet de lutter contre vos insomnies et d\u2019am\u00e9liorer la qualit\u00e9 de votre sommeil.\" \/>\n<meta property=\"og:url\" content=\"https:\/\/valkyrieparis-bijoux.fr\/en\/bagues-art-deco\/bague-amethyste-naturelle\/\" \/>\n<meta property=\"og:site_name\" content=\"Valkyrie Paris\" \/>\n<meta property=\"article:publisher\" content=\"https:\/\/www.facebook.com\/ValkyrieParis\" \/>\n<meta property=\"article:modified_time\" content=\"2026-02-03T14:02:52+00:00\" \/>\n<meta property=\"og:image\" content=\"https:\/\/valkyrieparis-bijoux.fr\/wp-content\/uploads\/2024\/05\/IMG_8717-1.jpg\" \/>\n\t<meta property=\"og:image:width\" content=\"1200\" \/>\n\t<meta property=\"og:image:height\" content=\"1200\" \/>\n\t<meta property=\"og:image:type\" content=\"image\/jpeg\" \/>\n<meta name=\"twitter:label1\" content=\"Est. reading time\" \/>\n\t<meta name=\"twitter:data1\" content=\"3 minutes\" \/>\n<script type=\"application\/ld+json\" class=\"yoast-schema-graph\">{\"@context\":\"https:\/\/schema.org\",\"@graph\":[{\"@type\":\"WebPage\",\"@id\":\"https:\/\/valkyrieparis-bijoux.fr\/en\/bagues-art-deco\/bague-amethyste-naturelle\/\",\"url\":\"https:\/\/valkyrieparis-bijoux.fr\/en\/bagues-art-deco\/bague-amethyste-naturelle\/\",\"name\":\"Bague am\u00e9thyste - mod\u00e8le Androm\u00e8de - Valkyrie Paris\",\"isPartOf\":{\"@id\":\"https:\/\/valkyrieparis-bijoux.fr\/en\/#website\"},\"primaryImageOfPage\":{\"@id\":\"https:\/\/valkyrieparis-bijoux.fr\/en\/bagues-art-deco\/bague-amethyste-naturelle\/#primaryimage\"},\"image\":{\"@id\":\"https:\/\/valkyrieparis-bijoux.fr\/en\/bagues-art-deco\/bague-amethyste-naturelle\/#primaryimage\"},\"thumbnailUrl\":\"https:\/\/valkyrieparis-bijoux.fr\/wp-content\/uploads\/2024\/05\/IMG_8717-1.jpg\",\"datePublished\":\"2022-02-16T13:25:40+00:00\",\"dateModified\":\"2026-02-03T14:02:52+00:00\",\"description\":\"En effet, cette bague art deco en topaze bleu vous permet de lutter contre vos insomnies et d\u2019am\u00e9liorer la qualit\u00e9 de votre sommeil.\",\"breadcrumb\":{\"@id\":\"https:\/\/valkyrieparis-bijoux.fr\/en\/bagues-art-deco\/bague-amethyste-naturelle\/#breadcrumb\"},\"inLanguage\":\"en-US\",\"potentialAction\":[{\"@type\":\"ReadAction\",\"target\":[\"https:\/\/valkyrieparis-bijoux.fr\/en\/bagues-art-deco\/bague-amethyste-naturelle\/\"]}]},{\"@type\":\"ImageObject\",\"inLanguage\":\"en-US\",\"@id\":\"https:\/\/valkyrieparis-bijoux.fr\/en\/bagues-art-deco\/bague-amethyste-naturelle\/#primaryimage\",\"url\":\"https:\/\/valkyrieparis-bijoux.fr\/wp-content\/uploads\/2024\/05\/IMG_8717-1.jpg\",\"contentUrl\":\"https:\/\/valkyrieparis-bijoux.fr\/wp-content\/uploads\/2024\/05\/IMG_8717-1.jpg\",\"width\":1200,\"height\":1200,\"caption\":\"bague-am\u00e9thyste-bijouterie\"},{\"@type\":\"BreadcrumbList\",\"@id\":\"https:\/\/valkyrieparis-bijoux.fr\/en\/bagues-art-deco\/bague-amethyste-naturelle\/#breadcrumb\",\"itemListElement\":[{\"@type\":\"ListItem\",\"position\":1,\"name\":\"Boutique\",\"item\":\"https:\/\/valkyrieparis-bijoux.fr\/boutique-valkyrie\/\"},{\"@type\":\"ListItem\",\"position\":2,\"name\":\"Bague am\u00e9thyste &#8211; mod\u00e8le Androm\u00e8de\"}]},{\"@type\":\"WebSite\",\"@id\":\"https:\/\/valkyrieparis-bijoux.fr\/en\/#website\",\"url\":\"https:\/\/valkyrieparis-bijoux.fr\/en\/\",\"name\":\"Valkyrie Paris\",\"description\":\"Cr\u00e9ateurs de Bijoux Art D\u00e9co\",\"publisher\":{\"@id\":\"https:\/\/valkyrieparis-bijoux.fr\/en\/#organization\"},\"potentialAction\":[{\"@type\":\"SearchAction\",\"target\":{\"@type\":\"EntryPoint\",\"urlTemplate\":\"https:\/\/valkyrieparis-bijoux.fr\/en\/?s={search_term_string}\"},\"query-input\":{\"@type\":\"PropertyValueSpecification\",\"valueRequired\":true,\"valueName\":\"search_term_string\"}}],\"inLanguage\":\"en-US\"},{\"@type\":\"Organization\",\"@id\":\"https:\/\/valkyrieparis-bijoux.fr\/en\/#organization\",\"name\":\"Valkyrie Paris\",\"url\":\"https:\/\/valkyrieparis-bijoux.fr\/en\/\",\"logo\":{\"@type\":\"ImageObject\",\"inLanguage\":\"en-US\",\"@id\":\"https:\/\/valkyrieparis-bijoux.fr\/en\/#\/schema\/logo\/image\/\",\"url\":\"https:\/\/valkyrieparis-bijoux.fr\/wp-content\/uploads\/2021\/03\/Valkyrie_logo_noir-2.png\",\"contentUrl\":\"https:\/\/valkyrieparis-bijoux.fr\/wp-content\/uploads\/2021\/03\/Valkyrie_logo_noir-2.png\",\"width\":1000,\"height\":321,\"caption\":\"Valkyrie Paris\"},\"image\":{\"@id\":\"https:\/\/valkyrieparis-bijoux.fr\/en\/#\/schema\/logo\/image\/\"},\"sameAs\":[\"https:\/\/www.facebook.com\/ValkyrieParis\",\"https:\/\/www.instagram.com\/valkyrieparis\/\",\"https:\/\/www.pinterest.fr\/ValkyrieParis\/_created\/\"]}]}<\/script>\n<!-- \/ Yoast SEO plugin. -->","yoast_head_json":{"title":"Amethyst ring - Androm\u00e8de model - Valkyrie Paris","description":"This art deco blue topaz ring will help you fight insomnia and improve the quality of your sleep.","robots":{"index":"index","follow":"follow","max-snippet":"max-snippet:-1","max-image-preview":"max-image-preview:large","max-video-preview":"max-video-preview:-1"},"canonical":"https:\/\/valkyrieparis-bijoux.fr\/en\/bagues-art-deco\/bague-amethyste-naturelle\/","og_locale":"en_US","og_type":"article","og_title":"Bague am\u00e9thyste - mod\u00e8le Androm\u00e8de - Valkyrie Paris","og_description":"En effet, cette bague art deco en topaze bleu vous permet de lutter contre vos insomnies et d\u2019am\u00e9liorer la qualit\u00e9 de votre sommeil.","og_url":"https:\/\/valkyrieparis-bijoux.fr\/en\/bagues-art-deco\/bague-amethyste-naturelle\/","og_site_name":"Valkyrie Paris","article_publisher":"https:\/\/www.facebook.com\/ValkyrieParis","article_modified_time":"2026-02-03T14:02:52+00:00","og_image":[{"width":1200,"height":1200,"url":"https:\/\/valkyrieparis-bijoux.fr\/wp-content\/uploads\/2024\/05\/IMG_8717-1.jpg","type":"image\/jpeg"}],"twitter_misc":{"Est. reading time":"3 minutes"},"schema":{"@context":"https:\/\/schema.org","@graph":[{"@type":"WebPage","@id":"https:\/\/valkyrieparis-bijoux.fr\/en\/bagues-art-deco\/bague-amethyste-naturelle\/","url":"https:\/\/valkyrieparis-bijoux.fr\/en\/bagues-art-deco\/bague-amethyste-naturelle\/","name":"Amethyst ring - Androm\u00e8de model - Valkyrie Paris","isPartOf":{"@id":"https:\/\/valkyrieparis-bijoux.fr\/en\/#website"},"primaryImageOfPage":{"@id":"https:\/\/valkyrieparis-bijoux.fr\/en\/bagues-art-deco\/bague-amethyste-naturelle\/#primaryimage"},"image":{"@id":"https:\/\/valkyrieparis-bijoux.fr\/en\/bagues-art-deco\/bague-amethyste-naturelle\/#primaryimage"},"thumbnailUrl":"https:\/\/valkyrieparis-bijoux.fr\/wp-content\/uploads\/2024\/05\/IMG_8717-1.jpg","datePublished":"2022-02-16T13:25:40+00:00","dateModified":"2026-02-03T14:02:52+00:00","description":"This art deco blue topaz ring will help you fight insomnia and improve the quality of your sleep.","breadcrumb":{"@id":"https:\/\/valkyrieparis-bijoux.fr\/en\/bagues-art-deco\/bague-amethyste-naturelle\/#breadcrumb"},"inLanguage":"en-US","potentialAction":[{"@type":"ReadAction","target":["https:\/\/valkyrieparis-bijoux.fr\/en\/bagues-art-deco\/bague-amethyste-naturelle\/"]}]},{"@type":"ImageObject","inLanguage":"en-US","@id":"https:\/\/valkyrieparis-bijoux.fr\/en\/bagues-art-deco\/bague-amethyste-naturelle\/#primaryimage","url":"https:\/\/valkyrieparis-bijoux.fr\/wp-content\/uploads\/2024\/05\/IMG_8717-1.jpg","contentUrl":"https:\/\/valkyrieparis-bijoux.fr\/wp-content\/uploads\/2024\/05\/IMG_8717-1.jpg","width":1200,"height":1200,"caption":"bague-am\u00e9thyste-bijouterie"},{"@type":"BreadcrumbList","@id":"https:\/\/valkyrieparis-bijoux.fr\/en\/bagues-art-deco\/bague-amethyste-naturelle\/#breadcrumb","itemListElement":[{"@type":"ListItem","position":1,"name":"Boutique","item":"https:\/\/valkyrieparis-bijoux.fr\/boutique-valkyrie\/"},{"@type":"ListItem","position":2,"name":"Bague am\u00e9thyste &#8211; mod\u00e8le Androm\u00e8de"}]},{"@type":"WebSite","@id":"https:\/\/valkyrieparis-bijoux.fr\/en\/#website","url":"https:\/\/valkyrieparis-bijoux.fr\/en\/","name":"Valkyrie Paris","description":"Art Deco Jewellery Designers","publisher":{"@id":"https:\/\/valkyrieparis-bijoux.fr\/en\/#organization"},"potentialAction":[{"@type":"SearchAction","target":{"@type":"EntryPoint","urlTemplate":"https:\/\/valkyrieparis-bijoux.fr\/en\/?s={search_term_string}"},"query-input":{"@type":"PropertyValueSpecification","valueRequired":true,"valueName":"search_term_string"}}],"inLanguage":"en-US"},{"@type":"Organization","@id":"https:\/\/valkyrieparis-bijoux.fr\/en\/#organization","name":"Valkyrie Paris","url":"https:\/\/valkyrieparis-bijoux.fr\/en\/","logo":{"@type":"ImageObject","inLanguage":"en-US","@id":"https:\/\/valkyrieparis-bijoux.fr\/en\/#\/schema\/logo\/image\/","url":"https:\/\/valkyrieparis-bijoux.fr\/wp-content\/uploads\/2021\/03\/Valkyrie_logo_noir-2.png","contentUrl":"https:\/\/valkyrieparis-bijoux.fr\/wp-content\/uploads\/2021\/03\/Valkyrie_logo_noir-2.png","width":1000,"height":321,"caption":"Valkyrie Paris"},"image":{"@id":"https:\/\/valkyrieparis-bijoux.fr\/en\/#\/schema\/logo\/image\/"},"sameAs":["https:\/\/www.facebook.com\/ValkyrieParis","https:\/\/www.instagram.com\/valkyrieparis\/","https:\/\/www.pinterest.fr\/ValkyrieParis\/_created\/"]}]}},"_links":{"self":[{"href":"https:\/\/valkyrieparis-bijoux.fr\/en\/wp-json\/wp\/v2\/product\/220927","targetHints":{"allow":["GET"]}}],"collection":[{"href":"https:\/\/valkyrieparis-bijoux.fr\/en\/wp-json\/wp\/v2\/product"}],"about":[{"href":"https:\/\/valkyrieparis-bijoux.fr\/en\/wp-json\/wp\/v2\/types\/product"}],"wp:featuredmedia":[{"embeddable":true,"href":"https:\/\/valkyrieparis-bijoux.fr\/en\/wp-json\/wp\/v2\/media\/226004"}],"wp:attachment":[{"href":"https:\/\/valkyrieparis-bijoux.fr\/en\/wp-json\/wp\/v2\/media?parent=220927"}],"wp:term":[{"taxonomy":"product_brand","embeddable":true,"href":"https:\/\/valkyrieparis-bijoux.fr\/en\/wp-json\/wp\/v2\/product_brand?post=220927"},{"taxonomy":"product_cat","embeddable":true,"href":"https:\/\/valkyrieparis-bijoux.fr\/en\/wp-json\/wp\/v2\/product_cat?post=220927"},{"taxonomy":"product_tag","embeddable":true,"href":"https:\/\/valkyrieparis-bijoux.fr\/en\/wp-json\/wp\/v2\/product_tag?post=220927"}],"curies":[{"name":"wp","href":"https:\/\/api.w.org\/{rel}","templated":true}]}}