{"id":220915,"date":"2022-02-16T14:12:30","date_gmt":"2022-02-16T13:12:30","guid":{"rendered":"https:\/\/valkyrieparis-bijoux.fr\/?post_type=product&#038;p=220915"},"modified":"2026-02-03T16:17:03","modified_gmt":"2026-02-03T15:17:03","slug":"bague-animal-en-argent-et-emeraude","status":"publish","type":"product","link":"https:\/\/valkyrieparis-bijoux.fr\/en\/bagues-art-deco\/bague-opale-et-marcassite\/","title":{"rendered":"Art deco ring - opal - Olympe model"},"content":{"rendered":"<h2><span style=\"font-weight: 400;\">Women's silver ring to seduce and consecrate your love<\/span><\/h2>\n<p><span style=\"font-weight: 400;\">Gentlemen, are you looking for a ring to show your affection for her? A jewel that will mark an event with a precious stone? This <\/span><b>jewelry<\/b><span style=\"font-weight: 400;\">\u00a0is for you. The materials of which it is made conceal a number of <a href=\"https:\/\/valkyrieparis-bijoux.fr\/en\/bagues-art-deco\/\">protective qualities<\/a>against negative energies. Imposing and seductive, this jewel will surprise your partner with its originality.\u00a0<\/span><\/p>\n<p><span style=\"font-weight: 400;\">Irresistibly beautiful and breathtakingly brilliant, this <\/span><b>art deco ring<\/b><span style=\"font-weight: 400;\"> force l\u2019admiration de tous ceux qui ont la chance de la contempler. Profitez des vertus de l&rsquo;opale naturelle, prot\u00e9gez vos articulations, et retrouvez votre force int\u00e9rieure. En outre, cette finesse de joaillerie fera briller votre personnalit\u00e9 et ressortir votre singularit\u00e9.<\/span><\/p>\n<p><span style=\"font-weight: 400;\">What's more, you'll love the fact that this <\/span><b>original ring<\/b><span style=\"font-weight: 400;\"> s\u2019adapte \u00e0 tous les styles vestimentaires. Si vous aimez le luxe, alors vous \u00eates au diapason de ce bijou femme. Il cr\u00e9e et donne un cachet de sophistication remarquable \u00e0 toutes les tenues. Commandez une taille enti\u00e8rement personnalis\u00e9e \u00e0 votre tour de doigt. Si votre taille ne figure pas dans l&rsquo;intervalle propos\u00e9, n&rsquo;h\u00e9sitez pas \u00e0 nous envoyer un message.<\/span><\/p>\n<h2><span style=\"font-weight: 400;\">Fine solid silver jewelry with multiple health benefits<\/span><\/h2>\n<p><span style=\"font-weight: 400;\">Your Valkyrie jewel is made of <\/span><b>precious metal silver. <\/b><span style=\"font-weight: 400;\">A material which, in addition to the strength it confers, has a number of health benefits for the body. For many years, silver has been recognized for its antigenic and blood circulation regulating properties. A genuine antimicrobial agent, it also boosts the immune system.<\/span><\/p>\n<p><span style=\"font-weight: 400;\">But many French people have reported other beneficial effects after using <\/span><b>silver jewelry,<\/b><span style=\"font-weight: 400;\"> including a ring set in silver. These include, for example, resorption in the evolution of influenza, or effectiveness in the treatment of bone pathologies. These properties partly explain the popularity of 925 silver jewelry. Try it, you'll love it!<\/span><\/p>\n<h2><span style=\"font-weight: 400;\">Hypoallergenic ring suitable for sensitive skin, ideal as a gift idea<\/span><\/h2>\n<p><span style=\"font-weight: 400;\">If you have skin that is sensitive to heavy metals, don't miss out on this product. <\/span><b>solid silver jewelry<\/b><span style=\"font-weight: 400;\">. This valuable ornament is nickel-, lead- and cadmium-free. These metals are, in the <a href=\"https:\/\/valkyrieparis-bijoux.fr\/en\/bagues-art-deco\/bague-de-style-ancien-amethyste\/\">jewelry<\/a>regularly implicated in allergy phenomena.<\/span><\/p>\n<p><span style=\"font-weight: 400;\">Another advantage of <\/span><b>metal silver<\/b><span style=\"font-weight: 400;\"> est qu\u2019il est inoxydable. D\u2019o\u00f9 la garantie d\u2019utilisation de votre bague qui est de un an. Il est par ailleurs r\u00e9sistant aux corrosions qui sont les premiers ennemis dans la destruction des accessoires de joaillerie pour femmes ou pour hommes. Un joyau dont vous profiterez donc longtemps, surtout qu\u2019il est associ\u00e9 ici \u00e0 l&rsquo;opale dont les propri\u00e9t\u00e9s chimiques sont nombreuses.<\/span><\/p>\n<p><span style=\"font-weight: 400;\">In short, because you're an exceptional woman, don't pass up this gem. Gorgeous, minimalist, easy to wear or remove, it's got it all. Stand out from the crowd with this <\/span><b>vintage ring<\/b><span style=\"font-weight: 400;\"> with your evening wear.<\/span><\/p>","protected":false},"excerpt":{"rendered":"<p><a rel=\"noreferrer\" href=\"#\" class=\"vp-a vp-unknown-type_shortcode vp-modal-click vp-modal-click_shortcode\">Discover the jewel in video<\/a><br \/>\n&nbsp;<br \/>\n<span style=\"font-weight: 400;\">Opal is essentially a feminine gemstone, cut to exalt a woman's great sensuality. This sensitivity, your <\/span><b>opal ring<\/b><span style=\"font-weight: 400;\"> has crystallized it into a magnificent piece of jewelry. The ring, crafted in solid silver, is simply remarkable. Reveal the authenticity of your taste with this jewelry accessory like no other.<\/span><span style=\"font-weight: 400;\">\u00a0<\/span><br \/>\n&nbsp;<br \/>\n&gt; <strong>Material<\/strong> and <strong>stone<\/strong> silver, opal, marcasite<br \/>\n&gt; <strong>Dimensions<\/strong> 1.8 cm (length) x 2 cm (width)<br \/>\n&gt; <strong>Delivery<\/strong> free of charge in France<br \/>\n&gt; <strong>\u00c9crin<\/strong> Valkyrie offert<br \/>\n&gt; Ring <strong>warranty<\/strong> one year against manufacturing defects<br \/>\n&gt; Ring <strong>hypoallergenic<\/strong><\/p>","protected":false},"featured_media":224026,"template":"","meta":{"_et_pb_use_builder":"","_et_pb_old_content":"","_et_gb_content_width":""},"product_brand":[],"product_cat":[29],"product_tag":[],"class_list":{"0":"post-220915","1":"product","2":"type-product","3":"status-publish","4":"has-post-thumbnail","6":"product_cat-bagues-art-deco","8":"first","9":"instock","10":"shipping-taxable","11":"purchasable","12":"product-type-variable"},"yoast_head":"<!-- This site is optimized with the Yoast SEO plugin v26.9 - https:\/\/yoast.com\/product\/yoast-seo-wordpress\/ -->\n<title>Bague art d\u00e9co \u2013 opale \u2013 mod\u00e8le Olympe - Valkyrie Paris<\/title>\n<meta name=\"description\" content=\"Avec une pierre taill\u00e9e pour exalter la grande sensualit\u00e9 de la femme. Cette bague \u00e9meraude au motif animal est faite pour toutes les femmes.\" \/>\n<meta name=\"robots\" content=\"index, follow, max-snippet:-1, max-image-preview:large, max-video-preview:-1\" \/>\n<link rel=\"canonical\" href=\"https:\/\/valkyrieparis-bijoux.fr\/en\/bagues-art-deco\/bague-opale-et-marcassite\/\" \/>\n<meta property=\"og:locale\" content=\"en_US\" \/>\n<meta property=\"og:type\" content=\"article\" \/>\n<meta property=\"og:title\" content=\"Bague art d\u00e9co \u2013 opale \u2013 mod\u00e8le Olympe - Valkyrie Paris\" \/>\n<meta property=\"og:description\" content=\"Avec une pierre taill\u00e9e pour exalter la grande sensualit\u00e9 de la femme. Cette bague \u00e9meraude au motif animal est faite pour toutes les femmes.\" \/>\n<meta property=\"og:url\" content=\"https:\/\/valkyrieparis-bijoux.fr\/en\/bagues-art-deco\/bague-opale-et-marcassite\/\" \/>\n<meta property=\"og:site_name\" content=\"Valkyrie Paris\" \/>\n<meta property=\"article:publisher\" content=\"https:\/\/www.facebook.com\/ValkyrieParis\" \/>\n<meta property=\"article:modified_time\" content=\"2026-02-03T15:17:03+00:00\" \/>\n<meta property=\"og:image\" content=\"https:\/\/valkyrieparis-bijoux.fr\/wp-content\/uploads\/2023\/09\/Fichier_0081.jpeg\" \/>\n\t<meta property=\"og:image:width\" content=\"900\" \/>\n\t<meta property=\"og:image:height\" content=\"900\" \/>\n\t<meta property=\"og:image:type\" content=\"image\/jpeg\" \/>\n<meta name=\"twitter:label1\" content=\"Est. reading time\" \/>\n\t<meta name=\"twitter:data1\" content=\"3 minutes\" \/>\n<script type=\"application\/ld+json\" class=\"yoast-schema-graph\">{\"@context\":\"https:\/\/schema.org\",\"@graph\":[{\"@type\":\"WebPage\",\"@id\":\"https:\/\/valkyrieparis-bijoux.fr\/en\/bagues-art-deco\/bague-opale-et-marcassite\/\",\"url\":\"https:\/\/valkyrieparis-bijoux.fr\/en\/bagues-art-deco\/bague-opale-et-marcassite\/\",\"name\":\"Bague art d\u00e9co \u2013 opale \u2013 mod\u00e8le Olympe - Valkyrie Paris\",\"isPartOf\":{\"@id\":\"https:\/\/valkyrieparis-bijoux.fr\/en\/#website\"},\"primaryImageOfPage\":{\"@id\":\"https:\/\/valkyrieparis-bijoux.fr\/en\/bagues-art-deco\/bague-opale-et-marcassite\/#primaryimage\"},\"image\":{\"@id\":\"https:\/\/valkyrieparis-bijoux.fr\/en\/bagues-art-deco\/bague-opale-et-marcassite\/#primaryimage\"},\"thumbnailUrl\":\"https:\/\/valkyrieparis-bijoux.fr\/wp-content\/uploads\/2023\/09\/Fichier_0081.jpeg\",\"datePublished\":\"2022-02-16T13:12:30+00:00\",\"dateModified\":\"2026-02-03T15:17:03+00:00\",\"description\":\"Avec une pierre taill\u00e9e pour exalter la grande sensualit\u00e9 de la femme. Cette bague \u00e9meraude au motif animal est faite pour toutes les femmes.\",\"breadcrumb\":{\"@id\":\"https:\/\/valkyrieparis-bijoux.fr\/en\/bagues-art-deco\/bague-opale-et-marcassite\/#breadcrumb\"},\"inLanguage\":\"en-US\",\"potentialAction\":[{\"@type\":\"ReadAction\",\"target\":[\"https:\/\/valkyrieparis-bijoux.fr\/en\/bagues-art-deco\/bague-opale-et-marcassite\/\"]}]},{\"@type\":\"ImageObject\",\"inLanguage\":\"en-US\",\"@id\":\"https:\/\/valkyrieparis-bijoux.fr\/en\/bagues-art-deco\/bague-opale-et-marcassite\/#primaryimage\",\"url\":\"https:\/\/valkyrieparis-bijoux.fr\/wp-content\/uploads\/2023\/09\/Fichier_0081.jpeg\",\"contentUrl\":\"https:\/\/valkyrieparis-bijoux.fr\/wp-content\/uploads\/2023\/09\/Fichier_0081.jpeg\",\"width\":900,\"height\":900,\"caption\":\"bague-art-deco-haute-fantaisie\"},{\"@type\":\"BreadcrumbList\",\"@id\":\"https:\/\/valkyrieparis-bijoux.fr\/en\/bagues-art-deco\/bague-opale-et-marcassite\/#breadcrumb\",\"itemListElement\":[{\"@type\":\"ListItem\",\"position\":1,\"name\":\"Boutique\",\"item\":\"https:\/\/valkyrieparis-bijoux.fr\/boutique-valkyrie\/\"},{\"@type\":\"ListItem\",\"position\":2,\"name\":\"Bague art d\u00e9co \u2013 opale \u2013 mod\u00e8le Olympe\"}]},{\"@type\":\"WebSite\",\"@id\":\"https:\/\/valkyrieparis-bijoux.fr\/en\/#website\",\"url\":\"https:\/\/valkyrieparis-bijoux.fr\/en\/\",\"name\":\"Valkyrie Paris\",\"description\":\"Cr\u00e9ateurs de Bijoux Art D\u00e9co\",\"publisher\":{\"@id\":\"https:\/\/valkyrieparis-bijoux.fr\/en\/#organization\"},\"potentialAction\":[{\"@type\":\"SearchAction\",\"target\":{\"@type\":\"EntryPoint\",\"urlTemplate\":\"https:\/\/valkyrieparis-bijoux.fr\/en\/?s={search_term_string}\"},\"query-input\":{\"@type\":\"PropertyValueSpecification\",\"valueRequired\":true,\"valueName\":\"search_term_string\"}}],\"inLanguage\":\"en-US\"},{\"@type\":\"Organization\",\"@id\":\"https:\/\/valkyrieparis-bijoux.fr\/en\/#organization\",\"name\":\"Valkyrie Paris\",\"url\":\"https:\/\/valkyrieparis-bijoux.fr\/en\/\",\"logo\":{\"@type\":\"ImageObject\",\"inLanguage\":\"en-US\",\"@id\":\"https:\/\/valkyrieparis-bijoux.fr\/en\/#\/schema\/logo\/image\/\",\"url\":\"https:\/\/valkyrieparis-bijoux.fr\/wp-content\/uploads\/2021\/03\/Valkyrie_logo_noir-2.png\",\"contentUrl\":\"https:\/\/valkyrieparis-bijoux.fr\/wp-content\/uploads\/2021\/03\/Valkyrie_logo_noir-2.png\",\"width\":1000,\"height\":321,\"caption\":\"Valkyrie Paris\"},\"image\":{\"@id\":\"https:\/\/valkyrieparis-bijoux.fr\/en\/#\/schema\/logo\/image\/\"},\"sameAs\":[\"https:\/\/www.facebook.com\/ValkyrieParis\",\"https:\/\/www.instagram.com\/valkyrieparis\/\",\"https:\/\/www.pinterest.fr\/ValkyrieParis\/_created\/\"]}]}<\/script>\n<!-- \/ Yoast SEO plugin. -->","yoast_head_json":{"title":"Art deco ring - opal - Olympe model - Valkyrie Paris","description":"With a cut stone to enhance a woman's sensuality. This emerald ring with animal motif is made for all women.","robots":{"index":"index","follow":"follow","max-snippet":"max-snippet:-1","max-image-preview":"max-image-preview:large","max-video-preview":"max-video-preview:-1"},"canonical":"https:\/\/valkyrieparis-bijoux.fr\/en\/bagues-art-deco\/bague-opale-et-marcassite\/","og_locale":"en_US","og_type":"article","og_title":"Bague art d\u00e9co \u2013 opale \u2013 mod\u00e8le Olympe - Valkyrie Paris","og_description":"Avec une pierre taill\u00e9e pour exalter la grande sensualit\u00e9 de la femme. Cette bague \u00e9meraude au motif animal est faite pour toutes les femmes.","og_url":"https:\/\/valkyrieparis-bijoux.fr\/en\/bagues-art-deco\/bague-opale-et-marcassite\/","og_site_name":"Valkyrie Paris","article_publisher":"https:\/\/www.facebook.com\/ValkyrieParis","article_modified_time":"2026-02-03T15:17:03+00:00","og_image":[{"width":900,"height":900,"url":"https:\/\/valkyrieparis-bijoux.fr\/wp-content\/uploads\/2023\/09\/Fichier_0081.jpeg","type":"image\/jpeg"}],"twitter_misc":{"Est. reading time":"3 minutes"},"schema":{"@context":"https:\/\/schema.org","@graph":[{"@type":"WebPage","@id":"https:\/\/valkyrieparis-bijoux.fr\/en\/bagues-art-deco\/bague-opale-et-marcassite\/","url":"https:\/\/valkyrieparis-bijoux.fr\/en\/bagues-art-deco\/bague-opale-et-marcassite\/","name":"Art deco ring - opal - Olympe model - Valkyrie Paris","isPartOf":{"@id":"https:\/\/valkyrieparis-bijoux.fr\/en\/#website"},"primaryImageOfPage":{"@id":"https:\/\/valkyrieparis-bijoux.fr\/en\/bagues-art-deco\/bague-opale-et-marcassite\/#primaryimage"},"image":{"@id":"https:\/\/valkyrieparis-bijoux.fr\/en\/bagues-art-deco\/bague-opale-et-marcassite\/#primaryimage"},"thumbnailUrl":"https:\/\/valkyrieparis-bijoux.fr\/wp-content\/uploads\/2023\/09\/Fichier_0081.jpeg","datePublished":"2022-02-16T13:12:30+00:00","dateModified":"2026-02-03T15:17:03+00:00","description":"With a cut stone to enhance a woman's sensuality. This emerald ring with animal motif is made for all women.","breadcrumb":{"@id":"https:\/\/valkyrieparis-bijoux.fr\/en\/bagues-art-deco\/bague-opale-et-marcassite\/#breadcrumb"},"inLanguage":"en-US","potentialAction":[{"@type":"ReadAction","target":["https:\/\/valkyrieparis-bijoux.fr\/en\/bagues-art-deco\/bague-opale-et-marcassite\/"]}]},{"@type":"ImageObject","inLanguage":"en-US","@id":"https:\/\/valkyrieparis-bijoux.fr\/en\/bagues-art-deco\/bague-opale-et-marcassite\/#primaryimage","url":"https:\/\/valkyrieparis-bijoux.fr\/wp-content\/uploads\/2023\/09\/Fichier_0081.jpeg","contentUrl":"https:\/\/valkyrieparis-bijoux.fr\/wp-content\/uploads\/2023\/09\/Fichier_0081.jpeg","width":900,"height":900,"caption":"bague-art-deco-haute-fantaisie"},{"@type":"BreadcrumbList","@id":"https:\/\/valkyrieparis-bijoux.fr\/en\/bagues-art-deco\/bague-opale-et-marcassite\/#breadcrumb","itemListElement":[{"@type":"ListItem","position":1,"name":"Boutique","item":"https:\/\/valkyrieparis-bijoux.fr\/boutique-valkyrie\/"},{"@type":"ListItem","position":2,"name":"Bague art d\u00e9co \u2013 opale \u2013 mod\u00e8le Olympe"}]},{"@type":"WebSite","@id":"https:\/\/valkyrieparis-bijoux.fr\/en\/#website","url":"https:\/\/valkyrieparis-bijoux.fr\/en\/","name":"Valkyrie Paris","description":"Art Deco Jewellery Designers","publisher":{"@id":"https:\/\/valkyrieparis-bijoux.fr\/en\/#organization"},"potentialAction":[{"@type":"SearchAction","target":{"@type":"EntryPoint","urlTemplate":"https:\/\/valkyrieparis-bijoux.fr\/en\/?s={search_term_string}"},"query-input":{"@type":"PropertyValueSpecification","valueRequired":true,"valueName":"search_term_string"}}],"inLanguage":"en-US"},{"@type":"Organization","@id":"https:\/\/valkyrieparis-bijoux.fr\/en\/#organization","name":"Valkyrie Paris","url":"https:\/\/valkyrieparis-bijoux.fr\/en\/","logo":{"@type":"ImageObject","inLanguage":"en-US","@id":"https:\/\/valkyrieparis-bijoux.fr\/en\/#\/schema\/logo\/image\/","url":"https:\/\/valkyrieparis-bijoux.fr\/wp-content\/uploads\/2021\/03\/Valkyrie_logo_noir-2.png","contentUrl":"https:\/\/valkyrieparis-bijoux.fr\/wp-content\/uploads\/2021\/03\/Valkyrie_logo_noir-2.png","width":1000,"height":321,"caption":"Valkyrie Paris"},"image":{"@id":"https:\/\/valkyrieparis-bijoux.fr\/en\/#\/schema\/logo\/image\/"},"sameAs":["https:\/\/www.facebook.com\/ValkyrieParis","https:\/\/www.instagram.com\/valkyrieparis\/","https:\/\/www.pinterest.fr\/ValkyrieParis\/_created\/"]}]}},"_links":{"self":[{"href":"https:\/\/valkyrieparis-bijoux.fr\/en\/wp-json\/wp\/v2\/product\/220915","targetHints":{"allow":["GET"]}}],"collection":[{"href":"https:\/\/valkyrieparis-bijoux.fr\/en\/wp-json\/wp\/v2\/product"}],"about":[{"href":"https:\/\/valkyrieparis-bijoux.fr\/en\/wp-json\/wp\/v2\/types\/product"}],"wp:featuredmedia":[{"embeddable":true,"href":"https:\/\/valkyrieparis-bijoux.fr\/en\/wp-json\/wp\/v2\/media\/224026"}],"wp:attachment":[{"href":"https:\/\/valkyrieparis-bijoux.fr\/en\/wp-json\/wp\/v2\/media?parent=220915"}],"wp:term":[{"taxonomy":"product_brand","embeddable":true,"href":"https:\/\/valkyrieparis-bijoux.fr\/en\/wp-json\/wp\/v2\/product_brand?post=220915"},{"taxonomy":"product_cat","embeddable":true,"href":"https:\/\/valkyrieparis-bijoux.fr\/en\/wp-json\/wp\/v2\/product_cat?post=220915"},{"taxonomy":"product_tag","embeddable":true,"href":"https:\/\/valkyrieparis-bijoux.fr\/en\/wp-json\/wp\/v2\/product_tag?post=220915"}],"curies":[{"name":"wp","href":"https:\/\/api.w.org\/{rel}","templated":true}]}}