{"id":220815,"date":"2022-02-14T18:00:52","date_gmt":"2022-02-14T17:00:52","guid":{"rendered":"https:\/\/valkyrieparis-bijoux.fr\/?post_type=product&#038;p=220815"},"modified":"2026-01-29T13:34:17","modified_gmt":"2026-01-29T12:34:17","slug":"bague-de-style-ancien-amethyste","status":"publish","type":"product","link":"https:\/\/valkyrieparis-bijoux.fr\/en\/bagues-art-deco\/bague-de-style-ancien-amethyste\/","title":{"rendered":"Bague de style ancien &#8211; am\u00e9thyste &#8211; mod\u00e8le Freya"},"content":{"rendered":"<h2><span style=\"font-weight: 400;\">Amethyst ring rich in therapeutic virtues\u00a0<\/span><\/h2>\n<p><span style=\"font-weight: 400;\">If you love the port of<\/span><b> jewelry<\/b><span style=\"font-weight: 400;\">, alors ce bijou est pour vous. Il est orn\u00e9 d\u2019am\u00e9thyste tr\u00e8s brillante dont les vertus sont multiples. Tr\u00e8s longtemps, cette pierre pr\u00e9cieuse a fascin\u00e9 le monde. Car selon plusieurs th\u00e9ories, la pierre d\u2019am\u00e9thyste agit puissamment pour calmer l\u2019esprit mental. De plus, elle sait favoriser la cr\u00e9ativit\u00e9 et la motivation.<\/span><\/p>\n<p><span style=\"font-weight: 400;\">This pretty <\/span><b>ring<\/b><span style=\"font-weight: 400;\"> gives your style an authentic touch. When worn on the finger, it lets your personality shine through. An accessory distinguished by its simplicity and delicate elegance. Discover this magnificent jewel for yourself or as a gift.<\/span><\/p>\n<p><span style=\"font-weight: 400;\">In everyday life, wearing a <\/span><b>amethyst ring<\/b><span style=\"font-weight: 400;\"> will help you fight addictions such as alcohol and tobacco. But this stone also has beneficial effects in eradicating headaches and for relaxation. These effects are just part of the long list of benefits you can derive from wearing this piece of women's jewelry on a daily basis. What's more, its particular brilliance will enhance your various clothing styles.<\/span><\/p>\n<h2><span style=\"font-weight: 400;\">Magnificent women's ring ideal as a gift idea for special occasions<\/span><\/h2>\n<p><span style=\"font-weight: 400;\">Whatever the <\/span><b>size of your fingers<\/b><span style=\"font-weight: 400;\">, cette bague s\u2019ajuste pour vous convenir. En effet, si votre taille est inf\u00e9rieure ou sup\u00e9rieure \u00e0 celles propos\u00e9es, n&rsquo;h\u00e9sitez pas \u00e0 nous envoyer un message. De cette fa\u00e7on, vous allez pouvoir ais\u00e9ment porter votre bijou ou le retirer\u00a0; de quoi \u00e9viter des l\u00e9sions.\u00a0<\/span><\/p>\n<p><span style=\"font-weight: 400;\">What's more, maintenance is quick and easy. With a soft cloth, your jewel quickly regains its shine. To help it shine like never before, simply wipe it clean whenever you notice dirt or impurities. This<\/span><b> jewelry<\/b> <b>fine <\/b><span style=\"font-weight: 400;\">can be combined with other women's rings to bring out your unique style.\u00a0<\/span><\/p>\n<p><span style=\"font-weight: 400;\">Accompany it with a pretty bracelet, pendant or earrings to let your uniqueness shine through.<\/span><\/p>\n<h2><span style=\"font-weight: 400;\">Hypoallergenic ring for everyday wear<\/span><\/h2>\n<p><span style=\"font-weight: 400;\">In addition to the advantages mentioned above, this ring is hypoallergenic. In other words, it does not interfere with the <\/span><b>skin sensitivity<\/b><span style=\"font-weight: 400;\">. An important quality when you consider that many substances cause irritation.<\/span><\/p>\n<p><span style=\"font-weight: 400;\">However, you must avoid corrosive substances that oxidize amethyst stone. At the risk of <\/span><b>alter gloss <\/b><span style=\"font-weight: 400;\">and integrity. What's more, you can wear your ring for any occasion. It remains an excellent gift idea for vintage style enthusiasts.<\/span><\/p>\n<p><span style=\"font-weight: 400;\">Finally, this <a href=\"https:\/\/valkyrieparis-bijoux.fr\/en\/bagues-tank\/bague-tank-art-deco-nacre-veritable\/\">alliance<\/a>with its amethyst stone, is a must-have accessory in your collection. A discreet piece of jewelry, but one which, thanks to the many virtues of the amethyst stone, will regulate your aura and soothe you. What's more, it comes with a one-year guarantee.<\/span><\/p>","protected":false},"excerpt":{"rendered":"<p><span style=\"font-weight: 400;\">Everything in nature is a source of harmony: water, air, living beings and even stone. The same is true of our <\/span><b>antique-style amethyst ring<\/b><span style=\"font-weight: 400;\">. This magnificent jewelry accessory brings the benefits of this crystal to your fingertips. Simple, sober and at the same time extremely flirtatious, your purification ring will enhance your authentic style.<\/span><br \/>\n&nbsp;<br \/>\n&gt; <strong>Material<\/strong> Genuine sterling silver, hallmarked 925<br \/>\n&gt; <strong>Stones<\/strong> amethyst and marcasite<br \/>\n&gt; <strong>Dimensions<\/strong> : 0,9 cm (longueur) x 2,5 cm (largeur)<br \/>\n&gt; <strong>Delivery<\/strong> free of charge in France<br \/>\n&gt; <strong>\u00c9crin<\/strong> Valkyrie offert<br \/>\n&gt; Ring <strong>warranty<\/strong> one year against manufacturing defects<br \/>\n&gt; Ring <strong>hypoallergenic<\/strong><\/p>","protected":false},"featured_media":229353,"template":"","meta":{"_et_pb_use_builder":"","_et_pb_old_content":"","_et_gb_content_width":""},"product_brand":[],"product_cat":[29],"product_tag":[],"class_list":{"0":"post-220815","1":"product","2":"type-product","3":"status-publish","4":"has-post-thumbnail","6":"product_cat-bagues-art-deco","8":"first","9":"instock","10":"shipping-taxable","11":"purchasable","12":"product-type-variable"},"yoast_head":"<!-- This site is optimized with the Yoast SEO plugin v26.9 - https:\/\/yoast.com\/product\/yoast-seo-wordpress\/ -->\n<title>Bague de style ancien - am\u00e9thyste - mod\u00e8le Freya - Valkyrie Paris<\/title>\n<meta name=\"description\" content=\"Ce magnifique bague art d\u00e9co vous offre \u00e0 bout de doigt les bienfaits de l&#039;am\u00e9thyste. Il est simple sobre et \u00e0 la fois extr\u00eamement coquet.\" \/>\n<meta name=\"robots\" content=\"index, follow, max-snippet:-1, max-image-preview:large, max-video-preview:-1\" \/>\n<link rel=\"canonical\" href=\"https:\/\/valkyrieparis-bijoux.fr\/en\/bagues-art-deco\/bague-de-style-ancien-amethyste\/\" \/>\n<meta property=\"og:locale\" content=\"en_US\" \/>\n<meta property=\"og:type\" content=\"article\" \/>\n<meta property=\"og:title\" content=\"Bague de style ancien - am\u00e9thyste - mod\u00e8le Freya - Valkyrie Paris\" \/>\n<meta property=\"og:description\" content=\"Ce magnifique bague art d\u00e9co vous offre \u00e0 bout de doigt les bienfaits de l&#039;am\u00e9thyste. Il est simple sobre et \u00e0 la fois extr\u00eamement coquet.\" \/>\n<meta property=\"og:url\" content=\"https:\/\/valkyrieparis-bijoux.fr\/en\/bagues-art-deco\/bague-de-style-ancien-amethyste\/\" \/>\n<meta property=\"og:site_name\" content=\"Valkyrie Paris\" \/>\n<meta property=\"article:publisher\" content=\"https:\/\/www.facebook.com\/ValkyrieParis\" \/>\n<meta property=\"article:modified_time\" content=\"2026-01-29T12:34:17+00:00\" \/>\n<meta property=\"og:image\" content=\"https:\/\/valkyrieparis-bijoux.fr\/wp-content\/uploads\/2022\/02\/E1564F2D-E088-4597-AF32-C2D4F927FC04.jpeg\" \/>\n\t<meta property=\"og:image:width\" content=\"1900\" \/>\n\t<meta property=\"og:image:height\" content=\"1900\" \/>\n\t<meta property=\"og:image:type\" content=\"image\/jpeg\" \/>\n<meta name=\"twitter:label1\" content=\"Est. reading time\" \/>\n\t<meta name=\"twitter:data1\" content=\"3 minutes\" \/>\n<script type=\"application\/ld+json\" class=\"yoast-schema-graph\">{\"@context\":\"https:\/\/schema.org\",\"@graph\":[{\"@type\":\"WebPage\",\"@id\":\"https:\/\/valkyrieparis-bijoux.fr\/en\/bagues-art-deco\/bague-de-style-ancien-amethyste\/\",\"url\":\"https:\/\/valkyrieparis-bijoux.fr\/en\/bagues-art-deco\/bague-de-style-ancien-amethyste\/\",\"name\":\"Bague de style ancien - am\u00e9thyste - mod\u00e8le Freya - Valkyrie Paris\",\"isPartOf\":{\"@id\":\"https:\/\/valkyrieparis-bijoux.fr\/en\/#website\"},\"primaryImageOfPage\":{\"@id\":\"https:\/\/valkyrieparis-bijoux.fr\/en\/bagues-art-deco\/bague-de-style-ancien-amethyste\/#primaryimage\"},\"image\":{\"@id\":\"https:\/\/valkyrieparis-bijoux.fr\/en\/bagues-art-deco\/bague-de-style-ancien-amethyste\/#primaryimage\"},\"thumbnailUrl\":\"https:\/\/valkyrieparis-bijoux.fr\/wp-content\/uploads\/2022\/02\/E1564F2D-E088-4597-AF32-C2D4F927FC04.jpeg\",\"datePublished\":\"2022-02-14T17:00:52+00:00\",\"dateModified\":\"2026-01-29T12:34:17+00:00\",\"description\":\"Ce magnifique bague art d\u00e9co vous offre \u00e0 bout de doigt les bienfaits de l'am\u00e9thyste. Il est simple sobre et \u00e0 la fois extr\u00eamement coquet.\",\"breadcrumb\":{\"@id\":\"https:\/\/valkyrieparis-bijoux.fr\/en\/bagues-art-deco\/bague-de-style-ancien-amethyste\/#breadcrumb\"},\"inLanguage\":\"en-US\",\"potentialAction\":[{\"@type\":\"ReadAction\",\"target\":[\"https:\/\/valkyrieparis-bijoux.fr\/en\/bagues-art-deco\/bague-de-style-ancien-amethyste\/\"]}]},{\"@type\":\"ImageObject\",\"inLanguage\":\"en-US\",\"@id\":\"https:\/\/valkyrieparis-bijoux.fr\/en\/bagues-art-deco\/bague-de-style-ancien-amethyste\/#primaryimage\",\"url\":\"https:\/\/valkyrieparis-bijoux.fr\/wp-content\/uploads\/2022\/02\/E1564F2D-E088-4597-AF32-C2D4F927FC04.jpeg\",\"contentUrl\":\"https:\/\/valkyrieparis-bijoux.fr\/wp-content\/uploads\/2022\/02\/E1564F2D-E088-4597-AF32-C2D4F927FC04.jpeg\",\"width\":1900,\"height\":1900},{\"@type\":\"BreadcrumbList\",\"@id\":\"https:\/\/valkyrieparis-bijoux.fr\/en\/bagues-art-deco\/bague-de-style-ancien-amethyste\/#breadcrumb\",\"itemListElement\":[{\"@type\":\"ListItem\",\"position\":1,\"name\":\"Boutique\",\"item\":\"https:\/\/valkyrieparis-bijoux.fr\/boutique-valkyrie\/\"},{\"@type\":\"ListItem\",\"position\":2,\"name\":\"Bague de style ancien &#8211; am\u00e9thyste &#8211; mod\u00e8le Freya\"}]},{\"@type\":\"WebSite\",\"@id\":\"https:\/\/valkyrieparis-bijoux.fr\/en\/#website\",\"url\":\"https:\/\/valkyrieparis-bijoux.fr\/en\/\",\"name\":\"Valkyrie Paris\",\"description\":\"Cr\u00e9ateurs de Bijoux Art D\u00e9co\",\"publisher\":{\"@id\":\"https:\/\/valkyrieparis-bijoux.fr\/en\/#organization\"},\"potentialAction\":[{\"@type\":\"SearchAction\",\"target\":{\"@type\":\"EntryPoint\",\"urlTemplate\":\"https:\/\/valkyrieparis-bijoux.fr\/en\/?s={search_term_string}\"},\"query-input\":{\"@type\":\"PropertyValueSpecification\",\"valueRequired\":true,\"valueName\":\"search_term_string\"}}],\"inLanguage\":\"en-US\"},{\"@type\":\"Organization\",\"@id\":\"https:\/\/valkyrieparis-bijoux.fr\/en\/#organization\",\"name\":\"Valkyrie Paris\",\"url\":\"https:\/\/valkyrieparis-bijoux.fr\/en\/\",\"logo\":{\"@type\":\"ImageObject\",\"inLanguage\":\"en-US\",\"@id\":\"https:\/\/valkyrieparis-bijoux.fr\/en\/#\/schema\/logo\/image\/\",\"url\":\"https:\/\/valkyrieparis-bijoux.fr\/wp-content\/uploads\/2021\/03\/Valkyrie_logo_noir-2.png\",\"contentUrl\":\"https:\/\/valkyrieparis-bijoux.fr\/wp-content\/uploads\/2021\/03\/Valkyrie_logo_noir-2.png\",\"width\":1000,\"height\":321,\"caption\":\"Valkyrie Paris\"},\"image\":{\"@id\":\"https:\/\/valkyrieparis-bijoux.fr\/en\/#\/schema\/logo\/image\/\"},\"sameAs\":[\"https:\/\/www.facebook.com\/ValkyrieParis\",\"https:\/\/www.instagram.com\/valkyrieparis\/\",\"https:\/\/www.pinterest.fr\/ValkyrieParis\/_created\/\"]}]}<\/script>\n<!-- \/ Yoast SEO plugin. -->","yoast_head_json":{"title":"Bague de style ancien - am\u00e9thyste - mod\u00e8le Freya - Valkyrie Paris","description":"Ce magnifique bague art d\u00e9co vous offre \u00e0 bout de doigt les bienfaits de l'am\u00e9thyste. Il est simple sobre et \u00e0 la fois extr\u00eamement coquet.","robots":{"index":"index","follow":"follow","max-snippet":"max-snippet:-1","max-image-preview":"max-image-preview:large","max-video-preview":"max-video-preview:-1"},"canonical":"https:\/\/valkyrieparis-bijoux.fr\/en\/bagues-art-deco\/bague-de-style-ancien-amethyste\/","og_locale":"en_US","og_type":"article","og_title":"Bague de style ancien - am\u00e9thyste - mod\u00e8le Freya - Valkyrie Paris","og_description":"Ce magnifique bague art d\u00e9co vous offre \u00e0 bout de doigt les bienfaits de l'am\u00e9thyste. Il est simple sobre et \u00e0 la fois extr\u00eamement coquet.","og_url":"https:\/\/valkyrieparis-bijoux.fr\/en\/bagues-art-deco\/bague-de-style-ancien-amethyste\/","og_site_name":"Valkyrie Paris","article_publisher":"https:\/\/www.facebook.com\/ValkyrieParis","article_modified_time":"2026-01-29T12:34:17+00:00","og_image":[{"width":1900,"height":1900,"url":"https:\/\/valkyrieparis-bijoux.fr\/wp-content\/uploads\/2022\/02\/E1564F2D-E088-4597-AF32-C2D4F927FC04.jpeg","type":"image\/jpeg"}],"twitter_misc":{"Est. reading time":"3 minutes"},"schema":{"@context":"https:\/\/schema.org","@graph":[{"@type":"WebPage","@id":"https:\/\/valkyrieparis-bijoux.fr\/en\/bagues-art-deco\/bague-de-style-ancien-amethyste\/","url":"https:\/\/valkyrieparis-bijoux.fr\/en\/bagues-art-deco\/bague-de-style-ancien-amethyste\/","name":"Bague de style ancien - am\u00e9thyste - mod\u00e8le Freya - Valkyrie Paris","isPartOf":{"@id":"https:\/\/valkyrieparis-bijoux.fr\/en\/#website"},"primaryImageOfPage":{"@id":"https:\/\/valkyrieparis-bijoux.fr\/en\/bagues-art-deco\/bague-de-style-ancien-amethyste\/#primaryimage"},"image":{"@id":"https:\/\/valkyrieparis-bijoux.fr\/en\/bagues-art-deco\/bague-de-style-ancien-amethyste\/#primaryimage"},"thumbnailUrl":"https:\/\/valkyrieparis-bijoux.fr\/wp-content\/uploads\/2022\/02\/E1564F2D-E088-4597-AF32-C2D4F927FC04.jpeg","datePublished":"2022-02-14T17:00:52+00:00","dateModified":"2026-01-29T12:34:17+00:00","description":"Ce magnifique bague art d\u00e9co vous offre \u00e0 bout de doigt les bienfaits de l'am\u00e9thyste. Il est simple sobre et \u00e0 la fois extr\u00eamement coquet.","breadcrumb":{"@id":"https:\/\/valkyrieparis-bijoux.fr\/en\/bagues-art-deco\/bague-de-style-ancien-amethyste\/#breadcrumb"},"inLanguage":"en-US","potentialAction":[{"@type":"ReadAction","target":["https:\/\/valkyrieparis-bijoux.fr\/en\/bagues-art-deco\/bague-de-style-ancien-amethyste\/"]}]},{"@type":"ImageObject","inLanguage":"en-US","@id":"https:\/\/valkyrieparis-bijoux.fr\/en\/bagues-art-deco\/bague-de-style-ancien-amethyste\/#primaryimage","url":"https:\/\/valkyrieparis-bijoux.fr\/wp-content\/uploads\/2022\/02\/E1564F2D-E088-4597-AF32-C2D4F927FC04.jpeg","contentUrl":"https:\/\/valkyrieparis-bijoux.fr\/wp-content\/uploads\/2022\/02\/E1564F2D-E088-4597-AF32-C2D4F927FC04.jpeg","width":1900,"height":1900},{"@type":"BreadcrumbList","@id":"https:\/\/valkyrieparis-bijoux.fr\/en\/bagues-art-deco\/bague-de-style-ancien-amethyste\/#breadcrumb","itemListElement":[{"@type":"ListItem","position":1,"name":"Boutique","item":"https:\/\/valkyrieparis-bijoux.fr\/boutique-valkyrie\/"},{"@type":"ListItem","position":2,"name":"Bague de style ancien &#8211; am\u00e9thyste &#8211; mod\u00e8le Freya"}]},{"@type":"WebSite","@id":"https:\/\/valkyrieparis-bijoux.fr\/en\/#website","url":"https:\/\/valkyrieparis-bijoux.fr\/en\/","name":"Valkyrie Paris","description":"Art Deco Jewellery Designers","publisher":{"@id":"https:\/\/valkyrieparis-bijoux.fr\/en\/#organization"},"potentialAction":[{"@type":"SearchAction","target":{"@type":"EntryPoint","urlTemplate":"https:\/\/valkyrieparis-bijoux.fr\/en\/?s={search_term_string}"},"query-input":{"@type":"PropertyValueSpecification","valueRequired":true,"valueName":"search_term_string"}}],"inLanguage":"en-US"},{"@type":"Organization","@id":"https:\/\/valkyrieparis-bijoux.fr\/en\/#organization","name":"Valkyrie Paris","url":"https:\/\/valkyrieparis-bijoux.fr\/en\/","logo":{"@type":"ImageObject","inLanguage":"en-US","@id":"https:\/\/valkyrieparis-bijoux.fr\/en\/#\/schema\/logo\/image\/","url":"https:\/\/valkyrieparis-bijoux.fr\/wp-content\/uploads\/2021\/03\/Valkyrie_logo_noir-2.png","contentUrl":"https:\/\/valkyrieparis-bijoux.fr\/wp-content\/uploads\/2021\/03\/Valkyrie_logo_noir-2.png","width":1000,"height":321,"caption":"Valkyrie Paris"},"image":{"@id":"https:\/\/valkyrieparis-bijoux.fr\/en\/#\/schema\/logo\/image\/"},"sameAs":["https:\/\/www.facebook.com\/ValkyrieParis","https:\/\/www.instagram.com\/valkyrieparis\/","https:\/\/www.pinterest.fr\/ValkyrieParis\/_created\/"]}]}},"_links":{"self":[{"href":"https:\/\/valkyrieparis-bijoux.fr\/en\/wp-json\/wp\/v2\/product\/220815","targetHints":{"allow":["GET"]}}],"collection":[{"href":"https:\/\/valkyrieparis-bijoux.fr\/en\/wp-json\/wp\/v2\/product"}],"about":[{"href":"https:\/\/valkyrieparis-bijoux.fr\/en\/wp-json\/wp\/v2\/types\/product"}],"wp:featuredmedia":[{"embeddable":true,"href":"https:\/\/valkyrieparis-bijoux.fr\/en\/wp-json\/wp\/v2\/media\/229353"}],"wp:attachment":[{"href":"https:\/\/valkyrieparis-bijoux.fr\/en\/wp-json\/wp\/v2\/media?parent=220815"}],"wp:term":[{"taxonomy":"product_brand","embeddable":true,"href":"https:\/\/valkyrieparis-bijoux.fr\/en\/wp-json\/wp\/v2\/product_brand?post=220815"},{"taxonomy":"product_cat","embeddable":true,"href":"https:\/\/valkyrieparis-bijoux.fr\/en\/wp-json\/wp\/v2\/product_cat?post=220815"},{"taxonomy":"product_tag","embeddable":true,"href":"https:\/\/valkyrieparis-bijoux.fr\/en\/wp-json\/wp\/v2\/product_tag?post=220815"}],"curies":[{"name":"wp","href":"https:\/\/api.w.org\/{rel}","templated":true}]}}