{"id":219922,"date":"2021-12-13T15:07:52","date_gmt":"2021-12-13T14:07:52","guid":{"rendered":"https:\/\/valkyrieparis-bijoux.fr\/?post_type=product&#038;p=219922"},"modified":"2026-01-29T13:37:33","modified_gmt":"2026-01-29T12:37:33","slug":"bague-amethyste-naturelle-argent","status":"publish","type":"product","link":"https:\/\/valkyrieparis-bijoux.fr\/en\/bagues-art-deco\/bague-amethyste-argent-massif\/","title":{"rendered":"Amethyst ring - Ph\u00e9b\u00e9 model"},"content":{"rendered":"<h2>Silver amethyst ring set with marcasites<\/h2>\n<p>This solid silver trilogy ring is set with three drop-cut amethysts and marcasite pav\u00e9. Its exceptional design and sophisticated, luxurious style make it a popular choice for art deco rings. It offers a colorful and distinctive alternative to traditional diamonds.<br \/>\nLa bague trilogie trouve ses racines dans l&rsquo;Antiquit\u00e9, o\u00f9 elle \u00e9tait souvent utilis\u00e9e pour symboliser des concepts tels que l&rsquo;amour, l&rsquo;engagement et la fid\u00e9lit\u00e9. L&rsquo;id\u00e9e de combiner trois pierres pr\u00e9cieuses sur un m\u00eame anneau remonte \u00e0 plusieurs mill\u00e9naires. Mais c&rsquo;est au cours du Moyen \u00c2ge que ce concept tel que nous le connaissons aujourd&rsquo;hui a commenc\u00e9 \u00e0 prendre forme. \u00c0 cette \u00e9poque, la bague trilogie \u00e9tait souvent utilis\u00e9e comme un symbole d&rsquo;alliance. En effet, chaque pierre repr\u00e9sentant une phase diff\u00e9rente de la relation : le pass\u00e9, le pr\u00e9sent et le futur.<\/p>\n<p>Au fil des si\u00e8cles, les styles et les designs ont \u00e9volu\u00e9 pour refl\u00e9ter les tendances et les pr\u00e9f\u00e9rences de chaque \u00e9poque. Au Moyen \u00c2ge, elles \u00e9taient souvent simples et \u00e9pur\u00e9es, avec des pierres pr\u00e9cieuses non taill\u00e9es mont\u00e9es sur un anneau en m\u00e9tal. Pendant la Renaissance, les bagues trilogie sont devenues plus \u00e9labor\u00e9es, avec l&rsquo;introduction de techniques de taille des pierres plus avanc\u00e9es et des ornements suppl\u00e9mentaires sur le m\u00e9tal.<br \/>\nAu XIXe si\u00e8cle, l&rsquo;\u00e8re victorienne a vu les bagues trilogie orn\u00e9es de diamants et d&rsquo;autres pierres pr\u00e9cieuses. Souvent entour\u00e9es de d\u00e9tails floraux et de motifs romantiques. Au XXe si\u00e8cle, notamment avec l&rsquo;av\u00e8nement de l&rsquo;Art D\u00e9co, les bagues trilogie sont devenues plus modernes et g\u00e9om\u00e9triques. Notamment avec des lignes nettes et des designs abstraits.<\/p>\n<h2>The virtues of amethyst in lithotherapy<\/h2>\n<p>Amethysts in emerald, princess, round, brilliant cut, etc. also adorn our other models of solitaire ring, daisy ring. But also flower rings, toi et moi rings, etc. We invite you to take a look at our extensive collection available in our online jewelry store.<br \/>\nThis fine stone is also a powerful crystal. It can protect you, soothe you, help you establish balance in your life or improve your concentration. It can also act on your environment, bringing positive energies and purifying the atmosphere in which it is placed.<\/p>\n<p>En raison de sa beaut\u00e9 et de sa signification symbolique, l&rsquo;am\u00e9thyste est aussi largement utilis\u00e9e dans la cr\u00e9ation de nos bijoux. Notamment les colliers, les boucles d&rsquo;oreilles et les bracelets. Elle peut aussi \u00eatre associ\u00e9e \u00e0 d&rsquo;autres pierres pr\u00e9cieuses pour cr\u00e9er des combinaisons de couleurs attrayantes et des designs uniques.<br \/>\nNous proposons aussi d\u2019autres pierres pr\u00e9cieuses et semi-pr\u00e9cieuses sur nos bagues pour femme et mixtes comme le rubis, l\u2019amazonite, la perle de culture, le p\u00e9ridot, et bien d\u2019autres. Nos joaillers utilisent par ailleurs de l\u2019argent 925 milli\u00e8mes dans la fabrication de nos bijoux de qualit\u00e9. Il s&rsquo;agit d&rsquo;un m\u00e9tal pr\u00e9cieux v\u00e9rifiable gr\u00e2ce au poin\u00e7on. Enfin, tous nos bijoux sont livr\u00e9s avec un certificat d\u2019authenticit\u00e9.<\/p>","protected":false},"excerpt":{"rendered":"<p><a rel=\"noreferrer\" href=\"#\" class=\"vp-a vp-unknown-type_shortcode vp-modal-click vp-modal-click_shortcode\">Discover the jewel in video<\/a><br \/>\n&nbsp;<br \/>\nExplore the distinctive sparkle of our sterling silver amethyst ring, designed to captivate and charm. The design incorporates three amethysts in a deep purple hue, set off by a pavement of sparkling marcasites that lend a vintage allure. The sterling silver structure is finely crafted, creating a criss-cross effect that elegantly envelops your right. This piece is an exquisite choice for those seeking to combine the grace of gems with the understated sparkle of marcasite.<br \/>\n&nbsp;<br \/>\n&gt; <strong>Material<\/strong> Genuine sterling silver, hallmarked 925<br \/>\n&gt; <strong>Stones<\/strong> amethyst and marcasite<br \/>\n&gt; <strong>Dimensions<\/strong> 2.8 cm (length) x 1 cm (width)<br \/>\n&gt; <strong>Delivery<\/strong> free of charge in France<br \/>\n&gt; <strong>\u00c9crin<\/strong> Valkyrie offert<br \/>\n&gt; Ring <strong>warranty<\/strong> one year against manufacturing defects<br \/>\n&gt; Ring <strong>hypoallergenic<\/strong><\/p>","protected":false},"featured_media":225771,"template":"","meta":{"_et_pb_use_builder":"","_et_pb_old_content":"","_et_gb_content_width":""},"product_brand":[],"product_cat":[29],"product_tag":[],"class_list":{"0":"post-219922","1":"product","2":"type-product","3":"status-publish","4":"has-post-thumbnail","6":"product_cat-bagues-art-deco","8":"first","9":"instock","10":"shipping-taxable","11":"purchasable","12":"product-type-variable"},"yoast_head":"<!-- This site is optimized with the Yoast SEO plugin v26.9 - https:\/\/yoast.com\/product\/yoast-seo-wordpress\/ -->\n<title>Bague am\u00e9thyste - mod\u00e8le Ph\u00e9b\u00e9 - Valkyrie Paris<\/title>\n<meta name=\"description\" content=\"D\u00e9couvrez la bague am\u00e9thyste Ph\u00e9b\u00e9 inspirant l&#039;admiration avec son design \u00e9l\u00e9gant et sa finition \u00e0 couper le souffle. Un bijou en argent massif.\" \/>\n<meta name=\"robots\" content=\"index, follow, max-snippet:-1, max-image-preview:large, max-video-preview:-1\" \/>\n<link rel=\"canonical\" href=\"https:\/\/valkyrieparis-bijoux.fr\/en\/bagues-art-deco\/bague-amethyste-argent-massif\/\" \/>\n<meta property=\"og:locale\" content=\"en_US\" \/>\n<meta property=\"og:type\" content=\"article\" \/>\n<meta property=\"og:title\" content=\"Bague am\u00e9thyste - mod\u00e8le Ph\u00e9b\u00e9 - Valkyrie Paris\" \/>\n<meta property=\"og:description\" content=\"D\u00e9couvrez la bague am\u00e9thyste Ph\u00e9b\u00e9 inspirant l&#039;admiration avec son design \u00e9l\u00e9gant et sa finition \u00e0 couper le souffle. Un bijou en argent massif.\" \/>\n<meta property=\"og:url\" content=\"https:\/\/valkyrieparis-bijoux.fr\/en\/bagues-art-deco\/bague-amethyste-argent-massif\/\" \/>\n<meta property=\"og:site_name\" content=\"Valkyrie Paris\" \/>\n<meta property=\"article:publisher\" content=\"https:\/\/www.facebook.com\/ValkyrieParis\" \/>\n<meta property=\"article:modified_time\" content=\"2026-01-29T12:37:33+00:00\" \/>\n<meta property=\"og:image\" content=\"https:\/\/valkyrieparis-bijoux.fr\/wp-content\/uploads\/2024\/04\/IMG_7871.jpg\" \/>\n\t<meta property=\"og:image:width\" content=\"1000\" \/>\n\t<meta property=\"og:image:height\" content=\"1000\" \/>\n\t<meta property=\"og:image:type\" content=\"image\/jpeg\" \/>\n<meta name=\"twitter:label1\" content=\"Est. reading time\" \/>\n\t<meta name=\"twitter:data1\" content=\"3 minutes\" \/>\n<script type=\"application\/ld+json\" class=\"yoast-schema-graph\">{\"@context\":\"https:\/\/schema.org\",\"@graph\":[{\"@type\":\"WebPage\",\"@id\":\"https:\/\/valkyrieparis-bijoux.fr\/en\/bagues-art-deco\/bague-amethyste-argent-massif\/\",\"url\":\"https:\/\/valkyrieparis-bijoux.fr\/en\/bagues-art-deco\/bague-amethyste-argent-massif\/\",\"name\":\"Bague am\u00e9thyste - mod\u00e8le Ph\u00e9b\u00e9 - Valkyrie Paris\",\"isPartOf\":{\"@id\":\"https:\/\/valkyrieparis-bijoux.fr\/en\/#website\"},\"primaryImageOfPage\":{\"@id\":\"https:\/\/valkyrieparis-bijoux.fr\/en\/bagues-art-deco\/bague-amethyste-argent-massif\/#primaryimage\"},\"image\":{\"@id\":\"https:\/\/valkyrieparis-bijoux.fr\/en\/bagues-art-deco\/bague-amethyste-argent-massif\/#primaryimage\"},\"thumbnailUrl\":\"https:\/\/valkyrieparis-bijoux.fr\/wp-content\/uploads\/2024\/04\/IMG_7871.jpg\",\"datePublished\":\"2021-12-13T14:07:52+00:00\",\"dateModified\":\"2026-01-29T12:37:33+00:00\",\"description\":\"D\u00e9couvrez la bague am\u00e9thyste Ph\u00e9b\u00e9 inspirant l'admiration avec son design \u00e9l\u00e9gant et sa finition \u00e0 couper le souffle. Un bijou en argent massif.\",\"breadcrumb\":{\"@id\":\"https:\/\/valkyrieparis-bijoux.fr\/en\/bagues-art-deco\/bague-amethyste-argent-massif\/#breadcrumb\"},\"inLanguage\":\"en-US\",\"potentialAction\":[{\"@type\":\"ReadAction\",\"target\":[\"https:\/\/valkyrieparis-bijoux.fr\/en\/bagues-art-deco\/bague-amethyste-argent-massif\/\"]}]},{\"@type\":\"ImageObject\",\"inLanguage\":\"en-US\",\"@id\":\"https:\/\/valkyrieparis-bijoux.fr\/en\/bagues-art-deco\/bague-amethyste-argent-massif\/#primaryimage\",\"url\":\"https:\/\/valkyrieparis-bijoux.fr\/wp-content\/uploads\/2024\/04\/IMG_7871.jpg\",\"contentUrl\":\"https:\/\/valkyrieparis-bijoux.fr\/wp-content\/uploads\/2024\/04\/IMG_7871.jpg\",\"width\":1000,\"height\":1000,\"caption\":\"bague-amethyste-naturelle\"},{\"@type\":\"BreadcrumbList\",\"@id\":\"https:\/\/valkyrieparis-bijoux.fr\/en\/bagues-art-deco\/bague-amethyste-argent-massif\/#breadcrumb\",\"itemListElement\":[{\"@type\":\"ListItem\",\"position\":1,\"name\":\"Boutique\",\"item\":\"https:\/\/valkyrieparis-bijoux.fr\/boutique-valkyrie\/\"},{\"@type\":\"ListItem\",\"position\":2,\"name\":\"Bague am\u00e9thyste &#8211; mod\u00e8le Ph\u00e9b\u00e9\"}]},{\"@type\":\"WebSite\",\"@id\":\"https:\/\/valkyrieparis-bijoux.fr\/en\/#website\",\"url\":\"https:\/\/valkyrieparis-bijoux.fr\/en\/\",\"name\":\"Valkyrie Paris\",\"description\":\"Cr\u00e9ateurs de Bijoux Art D\u00e9co\",\"publisher\":{\"@id\":\"https:\/\/valkyrieparis-bijoux.fr\/en\/#organization\"},\"potentialAction\":[{\"@type\":\"SearchAction\",\"target\":{\"@type\":\"EntryPoint\",\"urlTemplate\":\"https:\/\/valkyrieparis-bijoux.fr\/en\/?s={search_term_string}\"},\"query-input\":{\"@type\":\"PropertyValueSpecification\",\"valueRequired\":true,\"valueName\":\"search_term_string\"}}],\"inLanguage\":\"en-US\"},{\"@type\":\"Organization\",\"@id\":\"https:\/\/valkyrieparis-bijoux.fr\/en\/#organization\",\"name\":\"Valkyrie Paris\",\"url\":\"https:\/\/valkyrieparis-bijoux.fr\/en\/\",\"logo\":{\"@type\":\"ImageObject\",\"inLanguage\":\"en-US\",\"@id\":\"https:\/\/valkyrieparis-bijoux.fr\/en\/#\/schema\/logo\/image\/\",\"url\":\"https:\/\/valkyrieparis-bijoux.fr\/wp-content\/uploads\/2021\/03\/Valkyrie_logo_noir-2.png\",\"contentUrl\":\"https:\/\/valkyrieparis-bijoux.fr\/wp-content\/uploads\/2021\/03\/Valkyrie_logo_noir-2.png\",\"width\":1000,\"height\":321,\"caption\":\"Valkyrie Paris\"},\"image\":{\"@id\":\"https:\/\/valkyrieparis-bijoux.fr\/en\/#\/schema\/logo\/image\/\"},\"sameAs\":[\"https:\/\/www.facebook.com\/ValkyrieParis\",\"https:\/\/www.instagram.com\/valkyrieparis\/\",\"https:\/\/www.pinterest.fr\/ValkyrieParis\/_created\/\"]}]}<\/script>\n<!-- \/ Yoast SEO plugin. -->","yoast_head_json":{"title":"Amethyst ring - Ph\u00e9b\u00e9 model - Valkyrie Paris","description":"Discover the awe-inspiring Ph\u00e9b\u00e9 amethyst ring with its elegant design and breathtaking finish. A solid silver jewel.","robots":{"index":"index","follow":"follow","max-snippet":"max-snippet:-1","max-image-preview":"max-image-preview:large","max-video-preview":"max-video-preview:-1"},"canonical":"https:\/\/valkyrieparis-bijoux.fr\/en\/bagues-art-deco\/bague-amethyste-argent-massif\/","og_locale":"en_US","og_type":"article","og_title":"Bague am\u00e9thyste - mod\u00e8le Ph\u00e9b\u00e9 - Valkyrie Paris","og_description":"D\u00e9couvrez la bague am\u00e9thyste Ph\u00e9b\u00e9 inspirant l'admiration avec son design \u00e9l\u00e9gant et sa finition \u00e0 couper le souffle. Un bijou en argent massif.","og_url":"https:\/\/valkyrieparis-bijoux.fr\/en\/bagues-art-deco\/bague-amethyste-argent-massif\/","og_site_name":"Valkyrie Paris","article_publisher":"https:\/\/www.facebook.com\/ValkyrieParis","article_modified_time":"2026-01-29T12:37:33+00:00","og_image":[{"width":1000,"height":1000,"url":"https:\/\/valkyrieparis-bijoux.fr\/wp-content\/uploads\/2024\/04\/IMG_7871.jpg","type":"image\/jpeg"}],"twitter_misc":{"Est. reading time":"3 minutes"},"schema":{"@context":"https:\/\/schema.org","@graph":[{"@type":"WebPage","@id":"https:\/\/valkyrieparis-bijoux.fr\/en\/bagues-art-deco\/bague-amethyste-argent-massif\/","url":"https:\/\/valkyrieparis-bijoux.fr\/en\/bagues-art-deco\/bague-amethyste-argent-massif\/","name":"Amethyst ring - Ph\u00e9b\u00e9 model - Valkyrie Paris","isPartOf":{"@id":"https:\/\/valkyrieparis-bijoux.fr\/en\/#website"},"primaryImageOfPage":{"@id":"https:\/\/valkyrieparis-bijoux.fr\/en\/bagues-art-deco\/bague-amethyste-argent-massif\/#primaryimage"},"image":{"@id":"https:\/\/valkyrieparis-bijoux.fr\/en\/bagues-art-deco\/bague-amethyste-argent-massif\/#primaryimage"},"thumbnailUrl":"https:\/\/valkyrieparis-bijoux.fr\/wp-content\/uploads\/2024\/04\/IMG_7871.jpg","datePublished":"2021-12-13T14:07:52+00:00","dateModified":"2026-01-29T12:37:33+00:00","description":"Discover the awe-inspiring Ph\u00e9b\u00e9 amethyst ring with its elegant design and breathtaking finish. A solid silver jewel.","breadcrumb":{"@id":"https:\/\/valkyrieparis-bijoux.fr\/en\/bagues-art-deco\/bague-amethyste-argent-massif\/#breadcrumb"},"inLanguage":"en-US","potentialAction":[{"@type":"ReadAction","target":["https:\/\/valkyrieparis-bijoux.fr\/en\/bagues-art-deco\/bague-amethyste-argent-massif\/"]}]},{"@type":"ImageObject","inLanguage":"en-US","@id":"https:\/\/valkyrieparis-bijoux.fr\/en\/bagues-art-deco\/bague-amethyste-argent-massif\/#primaryimage","url":"https:\/\/valkyrieparis-bijoux.fr\/wp-content\/uploads\/2024\/04\/IMG_7871.jpg","contentUrl":"https:\/\/valkyrieparis-bijoux.fr\/wp-content\/uploads\/2024\/04\/IMG_7871.jpg","width":1000,"height":1000,"caption":"bague-amethyste-naturelle"},{"@type":"BreadcrumbList","@id":"https:\/\/valkyrieparis-bijoux.fr\/en\/bagues-art-deco\/bague-amethyste-argent-massif\/#breadcrumb","itemListElement":[{"@type":"ListItem","position":1,"name":"Boutique","item":"https:\/\/valkyrieparis-bijoux.fr\/boutique-valkyrie\/"},{"@type":"ListItem","position":2,"name":"Bague am\u00e9thyste &#8211; mod\u00e8le Ph\u00e9b\u00e9"}]},{"@type":"WebSite","@id":"https:\/\/valkyrieparis-bijoux.fr\/en\/#website","url":"https:\/\/valkyrieparis-bijoux.fr\/en\/","name":"Valkyrie Paris","description":"Art Deco Jewellery Designers","publisher":{"@id":"https:\/\/valkyrieparis-bijoux.fr\/en\/#organization"},"potentialAction":[{"@type":"SearchAction","target":{"@type":"EntryPoint","urlTemplate":"https:\/\/valkyrieparis-bijoux.fr\/en\/?s={search_term_string}"},"query-input":{"@type":"PropertyValueSpecification","valueRequired":true,"valueName":"search_term_string"}}],"inLanguage":"en-US"},{"@type":"Organization","@id":"https:\/\/valkyrieparis-bijoux.fr\/en\/#organization","name":"Valkyrie Paris","url":"https:\/\/valkyrieparis-bijoux.fr\/en\/","logo":{"@type":"ImageObject","inLanguage":"en-US","@id":"https:\/\/valkyrieparis-bijoux.fr\/en\/#\/schema\/logo\/image\/","url":"https:\/\/valkyrieparis-bijoux.fr\/wp-content\/uploads\/2021\/03\/Valkyrie_logo_noir-2.png","contentUrl":"https:\/\/valkyrieparis-bijoux.fr\/wp-content\/uploads\/2021\/03\/Valkyrie_logo_noir-2.png","width":1000,"height":321,"caption":"Valkyrie Paris"},"image":{"@id":"https:\/\/valkyrieparis-bijoux.fr\/en\/#\/schema\/logo\/image\/"},"sameAs":["https:\/\/www.facebook.com\/ValkyrieParis","https:\/\/www.instagram.com\/valkyrieparis\/","https:\/\/www.pinterest.fr\/ValkyrieParis\/_created\/"]}]}},"_links":{"self":[{"href":"https:\/\/valkyrieparis-bijoux.fr\/en\/wp-json\/wp\/v2\/product\/219922","targetHints":{"allow":["GET"]}}],"collection":[{"href":"https:\/\/valkyrieparis-bijoux.fr\/en\/wp-json\/wp\/v2\/product"}],"about":[{"href":"https:\/\/valkyrieparis-bijoux.fr\/en\/wp-json\/wp\/v2\/types\/product"}],"wp:featuredmedia":[{"embeddable":true,"href":"https:\/\/valkyrieparis-bijoux.fr\/en\/wp-json\/wp\/v2\/media\/225771"}],"wp:attachment":[{"href":"https:\/\/valkyrieparis-bijoux.fr\/en\/wp-json\/wp\/v2\/media?parent=219922"}],"wp:term":[{"taxonomy":"product_brand","embeddable":true,"href":"https:\/\/valkyrieparis-bijoux.fr\/en\/wp-json\/wp\/v2\/product_brand?post=219922"},{"taxonomy":"product_cat","embeddable":true,"href":"https:\/\/valkyrieparis-bijoux.fr\/en\/wp-json\/wp\/v2\/product_cat?post=219922"},{"taxonomy":"product_tag","embeddable":true,"href":"https:\/\/valkyrieparis-bijoux.fr\/en\/wp-json\/wp\/v2\/product_tag?post=219922"}],"curies":[{"name":"wp","href":"https:\/\/api.w.org\/{rel}","templated":true}]}}