{"id":219625,"date":"2021-12-11T10:26:00","date_gmt":"2021-12-11T09:26:00","guid":{"rendered":"https:\/\/valkyrieparis-bijoux.fr\/?post_type=product&#038;p=219625"},"modified":"2026-03-24T10:14:43","modified_gmt":"2026-03-24T09:14:43","slug":"boucles-doreilles-art-deco-boucles-doreilles-art-deco-agate-verte-2","status":"publish","type":"product","link":"https:\/\/valkyrieparis-bijoux.fr\/en\/boucles-d-oreilles-art-deco\/boucles-doreilles-art-deco-agate-verte-ariel\/","title":{"rendered":"Art deco earrings - agate - Ariel design"},"content":{"rendered":"<h2><span style=\"font-weight: 400;\">Vintage earrings with exceptional lithotherapy benefits and powers<\/span><\/h2>\n<p><span style=\"font-weight: 400;\">Lithotherapy has shown the world the virtues of many minerals and metals such as those that make up this buckle. Green agate is a stone reputed to attract good luck, abundance and <\/span><b>prosperity<\/b><span style=\"font-weight: 400;\">. This <a href=\"https:\/\/valkyrieparis-bijoux.fr\/en\/boucles-d-oreilles-art-deco\/grosses-boucles-doreilles-lapis-lazuli\/\">soothing stone<\/a> also develops intense calm and harmonizes energy balance by stabilizing the body's aura. The marcasite stone protects the body against throat and skin disorders. It also soothes emotional wounds and combats excess body heat. Benefit from all the virtues of these stones with these magnificent earrings.\u00a0<\/span><\/p>","protected":false},"excerpt":{"rendered":"<p><a rel=\"noreferrer\" href=\"https:\/\/valkyrieparis-bijoux.fr\/wp-content\/uploads\/2026\/03\/boucles-doreilles-art-deco-agate-argent.mp4\" class=\"vp-a vp-mp4-type vp-modal-click vp-modal-click_shortcode\">Discover the jewel in video<\/a><br \/>\n&nbsp;<br \/>\nAriel art deco earrings seduce with their refined style. Their delicate design in solid silver, adorned with green agate and marcasite, transports you into a mystical world. Every detail recalls the magic of the oceans and hidden dreams, where mystery mingles with beauty. This timeless pair perfectly combines silver details with the fascinating tones of agate.<br \/>\n&nbsp;<br \/>\n&gt; <strong>Material<\/strong> Genuine sterling silver, hallmarked 925<br \/>\n&gt; <strong>Stones<\/strong> Green agate and marcasites<br \/>\n&gt; Total length: 4.5 cm<br \/>\n&gt; <strong>Delivery<\/strong> available in France<br \/>\n&gt; <strong>\u00c9crin<\/strong> Valkyrie offert<br \/>\n&gt; Jewelry <strong>guaranteed<\/strong> one year against manufacturing defects<br \/>\n&gt; Loops <strong>hypoallergenic<\/strong><\/p>","protected":false},"featured_media":227455,"template":"","meta":{"_et_pb_use_builder":"","_et_pb_old_content":"","_et_gb_content_width":""},"product_brand":[],"product_cat":[168],"product_tag":[],"class_list":{"0":"post-219625","1":"product","2":"type-product","3":"status-publish","4":"has-post-thumbnail","6":"product_cat-boucles-d-oreilles-art-deco","8":"first","9":"instock","10":"shipping-taxable","11":"purchasable","12":"product-type-simple"},"yoast_head":"<!-- This site is optimized with the Yoast SEO plugin v26.9 - https:\/\/yoast.com\/product\/yoast-seo-wordpress\/ -->\n<title>Boucles d&#039;oreilles art d\u00e9co - agate - mod\u00e8le Ariel - Valkyrie Paris<\/title>\n<meta name=\"description\" content=\"L\u2019agate verte est une pierre pr\u00e9cieuse tr\u00e8s connue en raison de ses vertus th\u00e9rapeutiques. Optez pour nos boucles d\u2019oreilles art d\u00e9co.\" \/>\n<meta name=\"robots\" content=\"index, follow, max-snippet:-1, max-image-preview:large, max-video-preview:-1\" \/>\n<link rel=\"canonical\" href=\"https:\/\/valkyrieparis-bijoux.fr\/en\/boucles-d-oreilles-art-deco\/boucles-doreilles-art-deco-agate-verte-ariel\/\" \/>\n<meta property=\"og:locale\" content=\"en_US\" \/>\n<meta property=\"og:type\" content=\"article\" \/>\n<meta property=\"og:title\" content=\"Boucles d&#039;oreilles art d\u00e9co - agate - mod\u00e8le Ariel - Valkyrie Paris\" \/>\n<meta property=\"og:description\" content=\"L\u2019agate verte est une pierre pr\u00e9cieuse tr\u00e8s connue en raison de ses vertus th\u00e9rapeutiques. Optez pour nos boucles d\u2019oreilles art d\u00e9co.\" \/>\n<meta property=\"og:url\" content=\"https:\/\/valkyrieparis-bijoux.fr\/en\/boucles-d-oreilles-art-deco\/boucles-doreilles-art-deco-agate-verte-ariel\/\" \/>\n<meta property=\"og:site_name\" content=\"Valkyrie Paris\" \/>\n<meta property=\"article:publisher\" content=\"https:\/\/www.facebook.com\/ValkyrieParis\" \/>\n<meta property=\"article:modified_time\" content=\"2026-03-24T09:14:43+00:00\" \/>\n<meta property=\"og:image\" content=\"https:\/\/valkyrieparis-bijoux.fr\/wp-content\/uploads\/2024\/09\/46255687-2EB5-467A-8DD1-A3D9E2B7278A-1.jpg\" \/>\n\t<meta property=\"og:image:width\" content=\"1700\" \/>\n\t<meta property=\"og:image:height\" content=\"1700\" \/>\n\t<meta property=\"og:image:type\" content=\"image\/jpeg\" \/>\n<meta name=\"twitter:label1\" content=\"Est. reading time\" \/>\n\t<meta name=\"twitter:data1\" content=\"1 minute\" \/>\n<script type=\"application\/ld+json\" class=\"yoast-schema-graph\">{\"@context\":\"https:\/\/schema.org\",\"@graph\":[{\"@type\":\"WebPage\",\"@id\":\"https:\/\/valkyrieparis-bijoux.fr\/en\/boucles-d-oreilles-art-deco\/boucles-doreilles-art-deco-agate-verte-ariel\/\",\"url\":\"https:\/\/valkyrieparis-bijoux.fr\/en\/boucles-d-oreilles-art-deco\/boucles-doreilles-art-deco-agate-verte-ariel\/\",\"name\":\"Boucles d'oreilles art d\u00e9co - agate - mod\u00e8le Ariel - Valkyrie Paris\",\"isPartOf\":{\"@id\":\"https:\/\/valkyrieparis-bijoux.fr\/en\/#website\"},\"primaryImageOfPage\":{\"@id\":\"https:\/\/valkyrieparis-bijoux.fr\/en\/boucles-d-oreilles-art-deco\/boucles-doreilles-art-deco-agate-verte-ariel\/#primaryimage\"},\"image\":{\"@id\":\"https:\/\/valkyrieparis-bijoux.fr\/en\/boucles-d-oreilles-art-deco\/boucles-doreilles-art-deco-agate-verte-ariel\/#primaryimage\"},\"thumbnailUrl\":\"https:\/\/valkyrieparis-bijoux.fr\/wp-content\/uploads\/2024\/09\/46255687-2EB5-467A-8DD1-A3D9E2B7278A-1.jpg\",\"datePublished\":\"2021-12-11T09:26:00+00:00\",\"dateModified\":\"2026-03-24T09:14:43+00:00\",\"description\":\"L\u2019agate verte est une pierre pr\u00e9cieuse tr\u00e8s connue en raison de ses vertus th\u00e9rapeutiques. Optez pour nos boucles d\u2019oreilles art d\u00e9co.\",\"breadcrumb\":{\"@id\":\"https:\/\/valkyrieparis-bijoux.fr\/en\/boucles-d-oreilles-art-deco\/boucles-doreilles-art-deco-agate-verte-ariel\/#breadcrumb\"},\"inLanguage\":\"en-US\",\"potentialAction\":[{\"@type\":\"ReadAction\",\"target\":[\"https:\/\/valkyrieparis-bijoux.fr\/en\/boucles-d-oreilles-art-deco\/boucles-doreilles-art-deco-agate-verte-ariel\/\"]}]},{\"@type\":\"ImageObject\",\"inLanguage\":\"en-US\",\"@id\":\"https:\/\/valkyrieparis-bijoux.fr\/en\/boucles-d-oreilles-art-deco\/boucles-doreilles-art-deco-agate-verte-ariel\/#primaryimage\",\"url\":\"https:\/\/valkyrieparis-bijoux.fr\/wp-content\/uploads\/2024\/09\/46255687-2EB5-467A-8DD1-A3D9E2B7278A-1.jpg\",\"contentUrl\":\"https:\/\/valkyrieparis-bijoux.fr\/wp-content\/uploads\/2024\/09\/46255687-2EB5-467A-8DD1-A3D9E2B7278A-1.jpg\",\"width\":1700,\"height\":1700,\"caption\":\"boucles-doreilles-agate-argent\"},{\"@type\":\"BreadcrumbList\",\"@id\":\"https:\/\/valkyrieparis-bijoux.fr\/en\/boucles-d-oreilles-art-deco\/boucles-doreilles-art-deco-agate-verte-ariel\/#breadcrumb\",\"itemListElement\":[{\"@type\":\"ListItem\",\"position\":1,\"name\":\"Boutique\",\"item\":\"https:\/\/valkyrieparis-bijoux.fr\/boutique-valkyrie\/\"},{\"@type\":\"ListItem\",\"position\":2,\"name\":\"Boucles d&rsquo;oreilles art d\u00e9co &#8211; agate &#8211; mod\u00e8le Ariel\"}]},{\"@type\":\"WebSite\",\"@id\":\"https:\/\/valkyrieparis-bijoux.fr\/en\/#website\",\"url\":\"https:\/\/valkyrieparis-bijoux.fr\/en\/\",\"name\":\"Valkyrie Paris\",\"description\":\"Cr\u00e9ateurs de Bijoux Art D\u00e9co\",\"publisher\":{\"@id\":\"https:\/\/valkyrieparis-bijoux.fr\/en\/#organization\"},\"potentialAction\":[{\"@type\":\"SearchAction\",\"target\":{\"@type\":\"EntryPoint\",\"urlTemplate\":\"https:\/\/valkyrieparis-bijoux.fr\/en\/?s={search_term_string}\"},\"query-input\":{\"@type\":\"PropertyValueSpecification\",\"valueRequired\":true,\"valueName\":\"search_term_string\"}}],\"inLanguage\":\"en-US\"},{\"@type\":\"Organization\",\"@id\":\"https:\/\/valkyrieparis-bijoux.fr\/en\/#organization\",\"name\":\"Valkyrie Paris\",\"url\":\"https:\/\/valkyrieparis-bijoux.fr\/en\/\",\"logo\":{\"@type\":\"ImageObject\",\"inLanguage\":\"en-US\",\"@id\":\"https:\/\/valkyrieparis-bijoux.fr\/en\/#\/schema\/logo\/image\/\",\"url\":\"https:\/\/valkyrieparis-bijoux.fr\/wp-content\/uploads\/2021\/03\/Valkyrie_logo_noir-2.png\",\"contentUrl\":\"https:\/\/valkyrieparis-bijoux.fr\/wp-content\/uploads\/2021\/03\/Valkyrie_logo_noir-2.png\",\"width\":1000,\"height\":321,\"caption\":\"Valkyrie Paris\"},\"image\":{\"@id\":\"https:\/\/valkyrieparis-bijoux.fr\/en\/#\/schema\/logo\/image\/\"},\"sameAs\":[\"https:\/\/www.facebook.com\/ValkyrieParis\",\"https:\/\/www.instagram.com\/valkyrieparis\/\",\"https:\/\/www.pinterest.fr\/ValkyrieParis\/_created\/\"]}]}<\/script>\n<!-- \/ Yoast SEO plugin. -->","yoast_head_json":{"title":"Art deco earrings - agate - Ariel design - Valkyrie Paris","description":"Green agate is a gemstone renowned for its therapeutic properties. Choose our art deco earrings.","robots":{"index":"index","follow":"follow","max-snippet":"max-snippet:-1","max-image-preview":"max-image-preview:large","max-video-preview":"max-video-preview:-1"},"canonical":"https:\/\/valkyrieparis-bijoux.fr\/en\/boucles-d-oreilles-art-deco\/boucles-doreilles-art-deco-agate-verte-ariel\/","og_locale":"en_US","og_type":"article","og_title":"Boucles d'oreilles art d\u00e9co - agate - mod\u00e8le Ariel - Valkyrie Paris","og_description":"L\u2019agate verte est une pierre pr\u00e9cieuse tr\u00e8s connue en raison de ses vertus th\u00e9rapeutiques. Optez pour nos boucles d\u2019oreilles art d\u00e9co.","og_url":"https:\/\/valkyrieparis-bijoux.fr\/en\/boucles-d-oreilles-art-deco\/boucles-doreilles-art-deco-agate-verte-ariel\/","og_site_name":"Valkyrie Paris","article_publisher":"https:\/\/www.facebook.com\/ValkyrieParis","article_modified_time":"2026-03-24T09:14:43+00:00","og_image":[{"width":1700,"height":1700,"url":"https:\/\/valkyrieparis-bijoux.fr\/wp-content\/uploads\/2024\/09\/46255687-2EB5-467A-8DD1-A3D9E2B7278A-1.jpg","type":"image\/jpeg"}],"twitter_misc":{"Est. reading time":"1 minute"},"schema":{"@context":"https:\/\/schema.org","@graph":[{"@type":"WebPage","@id":"https:\/\/valkyrieparis-bijoux.fr\/en\/boucles-d-oreilles-art-deco\/boucles-doreilles-art-deco-agate-verte-ariel\/","url":"https:\/\/valkyrieparis-bijoux.fr\/en\/boucles-d-oreilles-art-deco\/boucles-doreilles-art-deco-agate-verte-ariel\/","name":"Art deco earrings - agate - Ariel design - Valkyrie Paris","isPartOf":{"@id":"https:\/\/valkyrieparis-bijoux.fr\/en\/#website"},"primaryImageOfPage":{"@id":"https:\/\/valkyrieparis-bijoux.fr\/en\/boucles-d-oreilles-art-deco\/boucles-doreilles-art-deco-agate-verte-ariel\/#primaryimage"},"image":{"@id":"https:\/\/valkyrieparis-bijoux.fr\/en\/boucles-d-oreilles-art-deco\/boucles-doreilles-art-deco-agate-verte-ariel\/#primaryimage"},"thumbnailUrl":"https:\/\/valkyrieparis-bijoux.fr\/wp-content\/uploads\/2024\/09\/46255687-2EB5-467A-8DD1-A3D9E2B7278A-1.jpg","datePublished":"2021-12-11T09:26:00+00:00","dateModified":"2026-03-24T09:14:43+00:00","description":"Green agate is a gemstone renowned for its therapeutic properties. Choose our art deco earrings.","breadcrumb":{"@id":"https:\/\/valkyrieparis-bijoux.fr\/en\/boucles-d-oreilles-art-deco\/boucles-doreilles-art-deco-agate-verte-ariel\/#breadcrumb"},"inLanguage":"en-US","potentialAction":[{"@type":"ReadAction","target":["https:\/\/valkyrieparis-bijoux.fr\/en\/boucles-d-oreilles-art-deco\/boucles-doreilles-art-deco-agate-verte-ariel\/"]}]},{"@type":"ImageObject","inLanguage":"en-US","@id":"https:\/\/valkyrieparis-bijoux.fr\/en\/boucles-d-oreilles-art-deco\/boucles-doreilles-art-deco-agate-verte-ariel\/#primaryimage","url":"https:\/\/valkyrieparis-bijoux.fr\/wp-content\/uploads\/2024\/09\/46255687-2EB5-467A-8DD1-A3D9E2B7278A-1.jpg","contentUrl":"https:\/\/valkyrieparis-bijoux.fr\/wp-content\/uploads\/2024\/09\/46255687-2EB5-467A-8DD1-A3D9E2B7278A-1.jpg","width":1700,"height":1700,"caption":"boucles-doreilles-agate-argent"},{"@type":"BreadcrumbList","@id":"https:\/\/valkyrieparis-bijoux.fr\/en\/boucles-d-oreilles-art-deco\/boucles-doreilles-art-deco-agate-verte-ariel\/#breadcrumb","itemListElement":[{"@type":"ListItem","position":1,"name":"Boutique","item":"https:\/\/valkyrieparis-bijoux.fr\/boutique-valkyrie\/"},{"@type":"ListItem","position":2,"name":"Boucles d&rsquo;oreilles art d\u00e9co &#8211; agate &#8211; mod\u00e8le Ariel"}]},{"@type":"WebSite","@id":"https:\/\/valkyrieparis-bijoux.fr\/en\/#website","url":"https:\/\/valkyrieparis-bijoux.fr\/en\/","name":"Valkyrie Paris","description":"Art Deco Jewellery Designers","publisher":{"@id":"https:\/\/valkyrieparis-bijoux.fr\/en\/#organization"},"potentialAction":[{"@type":"SearchAction","target":{"@type":"EntryPoint","urlTemplate":"https:\/\/valkyrieparis-bijoux.fr\/en\/?s={search_term_string}"},"query-input":{"@type":"PropertyValueSpecification","valueRequired":true,"valueName":"search_term_string"}}],"inLanguage":"en-US"},{"@type":"Organization","@id":"https:\/\/valkyrieparis-bijoux.fr\/en\/#organization","name":"Valkyrie Paris","url":"https:\/\/valkyrieparis-bijoux.fr\/en\/","logo":{"@type":"ImageObject","inLanguage":"en-US","@id":"https:\/\/valkyrieparis-bijoux.fr\/en\/#\/schema\/logo\/image\/","url":"https:\/\/valkyrieparis-bijoux.fr\/wp-content\/uploads\/2021\/03\/Valkyrie_logo_noir-2.png","contentUrl":"https:\/\/valkyrieparis-bijoux.fr\/wp-content\/uploads\/2021\/03\/Valkyrie_logo_noir-2.png","width":1000,"height":321,"caption":"Valkyrie Paris"},"image":{"@id":"https:\/\/valkyrieparis-bijoux.fr\/en\/#\/schema\/logo\/image\/"},"sameAs":["https:\/\/www.facebook.com\/ValkyrieParis","https:\/\/www.instagram.com\/valkyrieparis\/","https:\/\/www.pinterest.fr\/ValkyrieParis\/_created\/"]}]}},"_links":{"self":[{"href":"https:\/\/valkyrieparis-bijoux.fr\/en\/wp-json\/wp\/v2\/product\/219625","targetHints":{"allow":["GET"]}}],"collection":[{"href":"https:\/\/valkyrieparis-bijoux.fr\/en\/wp-json\/wp\/v2\/product"}],"about":[{"href":"https:\/\/valkyrieparis-bijoux.fr\/en\/wp-json\/wp\/v2\/types\/product"}],"wp:featuredmedia":[{"embeddable":true,"href":"https:\/\/valkyrieparis-bijoux.fr\/en\/wp-json\/wp\/v2\/media\/227455"}],"wp:attachment":[{"href":"https:\/\/valkyrieparis-bijoux.fr\/en\/wp-json\/wp\/v2\/media?parent=219625"}],"wp:term":[{"taxonomy":"product_brand","embeddable":true,"href":"https:\/\/valkyrieparis-bijoux.fr\/en\/wp-json\/wp\/v2\/product_brand?post=219625"},{"taxonomy":"product_cat","embeddable":true,"href":"https:\/\/valkyrieparis-bijoux.fr\/en\/wp-json\/wp\/v2\/product_cat?post=219625"},{"taxonomy":"product_tag","embeddable":true,"href":"https:\/\/valkyrieparis-bijoux.fr\/en\/wp-json\/wp\/v2\/product_tag?post=219625"}],"curies":[{"name":"wp","href":"https:\/\/api.w.org\/{rel}","templated":true}]}}