{"id":219621,"date":"2021-12-11T10:19:38","date_gmt":"2021-12-11T09:19:38","guid":{"rendered":"https:\/\/valkyrieparis-bijoux.fr\/?post_type=product&#038;p=219621"},"modified":"2026-01-29T14:12:35","modified_gmt":"2026-01-29T13:12:35","slug":"boucles-doreilles-art-deco-boucles-doreilles-en-argent-massif","status":"publish","type":"product","link":"https:\/\/valkyrieparis-bijoux.fr\/en\/boucles-d-oreilles-art-deco\/boucles-doreilles-art-deco-en-argent\/","title":{"rendered":"Art Deco earrings - Jupiter design"},"content":{"rendered":"<h2><span style=\"font-weight: 400;\">Art Deco onyx earrings<\/span><\/h2>\n<p><span style=\"font-weight: 400;\">These <a href=\"https:\/\/valkyrieparis-bijoux.fr\/en\/boucles-d-oreilles-art-deco\/\">ornaments<\/a> earrings are designed with fine stones. <\/span><span style=\"font-weight: 400;\">Thanks<\/span><span style=\"font-weight: 400;\"> \u00e0 leur couleur noire, elles se marient parfaitement avec tout ce que vous portez. Ainsi, que ce soit pour une soir\u00e9e ou des \u00e9v\u00e8nements festifs, vous \u00eates assur\u00e9s de vous d\u00e9marquer de la foule. De plus, ces boucles en argent massif ne changeront pas d&rsquo;aspect malgr\u00e9 le temps.\u00a0<\/span><\/p>\n<p><span style=\"font-weight: 400;\">Les boucles sont fabriqu\u00e9es par des artisans, cela t\u00e9moigne d&rsquo;un travail fin et bien fait. C&rsquo;est ce qui rend le <a href=\"https:\/\/valkyrieparis-bijoux.fr\/en\/boucles-d-oreilles-art-deco\/boucles-doreilles-art-deco-agate-verte\/\">jewelry<\/a> unique and authentic. Visit <\/span><b>precious stones<\/b><span style=\"font-weight: 400;\"> that make up this jewel make it elegant and dazzling. The Jupiter pattern sets it apart from other earrings in the same range.<\/span><\/p>\n<p><span style=\"font-weight: 400;\">Wearing these stones: <\/span><b>black onyx<\/b><span style=\"font-weight: 400;\"> et marcassites, vous profiterez des bienfaits des gemmes. De plus, l&rsquo;argent qui compose ces parures poss\u00e8de plusieurs propri\u00e9t\u00e9s qui rendent vos boucles sp\u00e9ciales. Il apporte notamment de l&rsquo;assurance. C&rsquo;est le gage d&rsquo;une meilleure estime de soi et de pure originalit\u00e9.<\/span><\/p>","protected":false},"excerpt":{"rendered":"<p>Discover our exclusive collection of art deco earrings, a dazzling tribute to timeless elegance. These refined pieces are meticulously crafted in sterling silver, featuring lustrous black onyx inlays contrasted by the subtle sparkle of marcasite. The clean geometry and sleek lines characteristic of the Art Deco style give these earrings vintage charm and sophisticated presence, ideal for enhancing your ensemble with a touch of historic glamour.<\/p>\n<p>&gt; <strong>Material<\/strong> Genuine sterling silver, hallmarked 925<br \/>\n&gt; <strong>Stones<\/strong> onyx and marcasite<br \/>\n&gt; Total length: 4 cm<br \/>\n&gt; <strong>Delivery<\/strong> available in France<br \/>\n&gt; <strong>\u00c9crin<\/strong> Valkyrie offert<br \/>\n&gt; Jewelry <strong>guaranteed<\/strong> one year against manufacturing defects<br \/>\n&gt; Loops <strong>hypoallergenic<\/strong><\/p>","protected":false},"featured_media":224867,"template":"","meta":{"_et_pb_use_builder":"","_et_pb_old_content":"","_et_gb_content_width":""},"product_brand":[],"product_cat":[168],"product_tag":[],"class_list":{"0":"post-219621","1":"product","2":"type-product","3":"status-publish","4":"has-post-thumbnail","6":"product_cat-boucles-d-oreilles-art-deco","8":"first","9":"instock","10":"shipping-taxable","11":"purchasable","12":"product-type-simple"},"yoast_head":"<!-- This site is optimized with the Yoast SEO plugin v26.9 - https:\/\/yoast.com\/product\/yoast-seo-wordpress\/ -->\n<title>Boucles d&#039;oreilles art d\u00e9co - mod\u00e8le Jupiter -<\/title>\n<meta name=\"description\" content=\"Vous \u00eates attir\u00e9e par la romance historique des bijoux r\u00e9tro ? Alors, optez pour le style qu&#039;offrent ces boucles d&#039;oreilles art d\u00e9co.\" \/>\n<meta name=\"robots\" content=\"index, follow, max-snippet:-1, max-image-preview:large, max-video-preview:-1\" \/>\n<link rel=\"canonical\" href=\"https:\/\/valkyrieparis-bijoux.fr\/en\/boucles-d-oreilles-art-deco\/boucles-doreilles-art-deco-en-argent\/\" \/>\n<meta property=\"og:locale\" content=\"en_US\" \/>\n<meta property=\"og:type\" content=\"article\" \/>\n<meta property=\"og:title\" content=\"Boucles d&#039;oreilles art d\u00e9co - mod\u00e8le Jupiter -\" \/>\n<meta property=\"og:description\" content=\"Vous \u00eates attir\u00e9e par la romance historique des bijoux r\u00e9tro ? Alors, optez pour le style qu&#039;offrent ces boucles d&#039;oreilles art d\u00e9co.\" \/>\n<meta property=\"og:url\" content=\"https:\/\/valkyrieparis-bijoux.fr\/en\/boucles-d-oreilles-art-deco\/boucles-doreilles-art-deco-en-argent\/\" \/>\n<meta property=\"og:site_name\" content=\"Valkyrie Paris\" \/>\n<meta property=\"article:publisher\" content=\"https:\/\/www.facebook.com\/ValkyrieParis\" \/>\n<meta property=\"article:modified_time\" content=\"2026-01-29T13:12:35+00:00\" \/>\n<meta property=\"og:image\" content=\"https:\/\/valkyrieparis-bijoux.fr\/wp-content\/uploads\/2024\/01\/IMG_6387.jpg\" \/>\n\t<meta property=\"og:image:width\" content=\"1300\" \/>\n\t<meta property=\"og:image:height\" content=\"1300\" \/>\n\t<meta property=\"og:image:type\" content=\"image\/jpeg\" \/>\n<meta name=\"twitter:label1\" content=\"Est. reading time\" \/>\n\t<meta name=\"twitter:data1\" content=\"2 minutes\" \/>\n<script type=\"application\/ld+json\" class=\"yoast-schema-graph\">{\"@context\":\"https:\/\/schema.org\",\"@graph\":[{\"@type\":\"WebPage\",\"@id\":\"https:\/\/valkyrieparis-bijoux.fr\/en\/boucles-d-oreilles-art-deco\/boucles-doreilles-art-deco-en-argent\/\",\"url\":\"https:\/\/valkyrieparis-bijoux.fr\/en\/boucles-d-oreilles-art-deco\/boucles-doreilles-art-deco-en-argent\/\",\"name\":\"Boucles d'oreilles art d\u00e9co - mod\u00e8le Jupiter -\",\"isPartOf\":{\"@id\":\"https:\/\/valkyrieparis-bijoux.fr\/en\/#website\"},\"primaryImageOfPage\":{\"@id\":\"https:\/\/valkyrieparis-bijoux.fr\/en\/boucles-d-oreilles-art-deco\/boucles-doreilles-art-deco-en-argent\/#primaryimage\"},\"image\":{\"@id\":\"https:\/\/valkyrieparis-bijoux.fr\/en\/boucles-d-oreilles-art-deco\/boucles-doreilles-art-deco-en-argent\/#primaryimage\"},\"thumbnailUrl\":\"https:\/\/valkyrieparis-bijoux.fr\/wp-content\/uploads\/2024\/01\/IMG_6387.jpg\",\"datePublished\":\"2021-12-11T09:19:38+00:00\",\"dateModified\":\"2026-01-29T13:12:35+00:00\",\"description\":\"Vous \u00eates attir\u00e9e par la romance historique des bijoux r\u00e9tro ? Alors, optez pour le style qu'offrent ces boucles d'oreilles art d\u00e9co.\",\"breadcrumb\":{\"@id\":\"https:\/\/valkyrieparis-bijoux.fr\/en\/boucles-d-oreilles-art-deco\/boucles-doreilles-art-deco-en-argent\/#breadcrumb\"},\"inLanguage\":\"en-US\",\"potentialAction\":[{\"@type\":\"ReadAction\",\"target\":[\"https:\/\/valkyrieparis-bijoux.fr\/en\/boucles-d-oreilles-art-deco\/boucles-doreilles-art-deco-en-argent\/\"]}]},{\"@type\":\"ImageObject\",\"inLanguage\":\"en-US\",\"@id\":\"https:\/\/valkyrieparis-bijoux.fr\/en\/boucles-d-oreilles-art-deco\/boucles-doreilles-art-deco-en-argent\/#primaryimage\",\"url\":\"https:\/\/valkyrieparis-bijoux.fr\/wp-content\/uploads\/2024\/01\/IMG_6387.jpg\",\"contentUrl\":\"https:\/\/valkyrieparis-bijoux.fr\/wp-content\/uploads\/2024\/01\/IMG_6387.jpg\",\"width\":1300,\"height\":1300,\"caption\":\"Boucles-d-oreilles-art-deco\"},{\"@type\":\"BreadcrumbList\",\"@id\":\"https:\/\/valkyrieparis-bijoux.fr\/en\/boucles-d-oreilles-art-deco\/boucles-doreilles-art-deco-en-argent\/#breadcrumb\",\"itemListElement\":[{\"@type\":\"ListItem\",\"position\":1,\"name\":\"Boutique\",\"item\":\"https:\/\/valkyrieparis-bijoux.fr\/boutique-valkyrie\/\"},{\"@type\":\"ListItem\",\"position\":2,\"name\":\"Boucles d&rsquo;oreilles art d\u00e9co &#8211; mod\u00e8le Jupiter\"}]},{\"@type\":\"WebSite\",\"@id\":\"https:\/\/valkyrieparis-bijoux.fr\/en\/#website\",\"url\":\"https:\/\/valkyrieparis-bijoux.fr\/en\/\",\"name\":\"Valkyrie Paris\",\"description\":\"Cr\u00e9ateurs de Bijoux Art D\u00e9co\",\"publisher\":{\"@id\":\"https:\/\/valkyrieparis-bijoux.fr\/en\/#organization\"},\"potentialAction\":[{\"@type\":\"SearchAction\",\"target\":{\"@type\":\"EntryPoint\",\"urlTemplate\":\"https:\/\/valkyrieparis-bijoux.fr\/en\/?s={search_term_string}\"},\"query-input\":{\"@type\":\"PropertyValueSpecification\",\"valueRequired\":true,\"valueName\":\"search_term_string\"}}],\"inLanguage\":\"en-US\"},{\"@type\":\"Organization\",\"@id\":\"https:\/\/valkyrieparis-bijoux.fr\/en\/#organization\",\"name\":\"Valkyrie Paris\",\"url\":\"https:\/\/valkyrieparis-bijoux.fr\/en\/\",\"logo\":{\"@type\":\"ImageObject\",\"inLanguage\":\"en-US\",\"@id\":\"https:\/\/valkyrieparis-bijoux.fr\/en\/#\/schema\/logo\/image\/\",\"url\":\"https:\/\/valkyrieparis-bijoux.fr\/wp-content\/uploads\/2021\/03\/Valkyrie_logo_noir-2.png\",\"contentUrl\":\"https:\/\/valkyrieparis-bijoux.fr\/wp-content\/uploads\/2021\/03\/Valkyrie_logo_noir-2.png\",\"width\":1000,\"height\":321,\"caption\":\"Valkyrie Paris\"},\"image\":{\"@id\":\"https:\/\/valkyrieparis-bijoux.fr\/en\/#\/schema\/logo\/image\/\"},\"sameAs\":[\"https:\/\/www.facebook.com\/ValkyrieParis\",\"https:\/\/www.instagram.com\/valkyrieparis\/\",\"https:\/\/www.pinterest.fr\/ValkyrieParis\/_created\/\"]}]}<\/script>\n<!-- \/ Yoast SEO plugin. -->","yoast_head_json":{"title":"Art deco earrings - Jupiter design -","description":"Are you drawn to the historic romance of retro jewelry? Then opt for the style offered by these art deco earrings.","robots":{"index":"index","follow":"follow","max-snippet":"max-snippet:-1","max-image-preview":"max-image-preview:large","max-video-preview":"max-video-preview:-1"},"canonical":"https:\/\/valkyrieparis-bijoux.fr\/en\/boucles-d-oreilles-art-deco\/boucles-doreilles-art-deco-en-argent\/","og_locale":"en_US","og_type":"article","og_title":"Boucles d'oreilles art d\u00e9co - mod\u00e8le Jupiter -","og_description":"Vous \u00eates attir\u00e9e par la romance historique des bijoux r\u00e9tro ? Alors, optez pour le style qu'offrent ces boucles d'oreilles art d\u00e9co.","og_url":"https:\/\/valkyrieparis-bijoux.fr\/en\/boucles-d-oreilles-art-deco\/boucles-doreilles-art-deco-en-argent\/","og_site_name":"Valkyrie Paris","article_publisher":"https:\/\/www.facebook.com\/ValkyrieParis","article_modified_time":"2026-01-29T13:12:35+00:00","og_image":[{"width":1300,"height":1300,"url":"https:\/\/valkyrieparis-bijoux.fr\/wp-content\/uploads\/2024\/01\/IMG_6387.jpg","type":"image\/jpeg"}],"twitter_misc":{"Est. reading time":"2 minutes"},"schema":{"@context":"https:\/\/schema.org","@graph":[{"@type":"WebPage","@id":"https:\/\/valkyrieparis-bijoux.fr\/en\/boucles-d-oreilles-art-deco\/boucles-doreilles-art-deco-en-argent\/","url":"https:\/\/valkyrieparis-bijoux.fr\/en\/boucles-d-oreilles-art-deco\/boucles-doreilles-art-deco-en-argent\/","name":"Art deco earrings - Jupiter design -","isPartOf":{"@id":"https:\/\/valkyrieparis-bijoux.fr\/en\/#website"},"primaryImageOfPage":{"@id":"https:\/\/valkyrieparis-bijoux.fr\/en\/boucles-d-oreilles-art-deco\/boucles-doreilles-art-deco-en-argent\/#primaryimage"},"image":{"@id":"https:\/\/valkyrieparis-bijoux.fr\/en\/boucles-d-oreilles-art-deco\/boucles-doreilles-art-deco-en-argent\/#primaryimage"},"thumbnailUrl":"https:\/\/valkyrieparis-bijoux.fr\/wp-content\/uploads\/2024\/01\/IMG_6387.jpg","datePublished":"2021-12-11T09:19:38+00:00","dateModified":"2026-01-29T13:12:35+00:00","description":"Are you drawn to the historic romance of retro jewelry? Then opt for the style offered by these art deco earrings.","breadcrumb":{"@id":"https:\/\/valkyrieparis-bijoux.fr\/en\/boucles-d-oreilles-art-deco\/boucles-doreilles-art-deco-en-argent\/#breadcrumb"},"inLanguage":"en-US","potentialAction":[{"@type":"ReadAction","target":["https:\/\/valkyrieparis-bijoux.fr\/en\/boucles-d-oreilles-art-deco\/boucles-doreilles-art-deco-en-argent\/"]}]},{"@type":"ImageObject","inLanguage":"en-US","@id":"https:\/\/valkyrieparis-bijoux.fr\/en\/boucles-d-oreilles-art-deco\/boucles-doreilles-art-deco-en-argent\/#primaryimage","url":"https:\/\/valkyrieparis-bijoux.fr\/wp-content\/uploads\/2024\/01\/IMG_6387.jpg","contentUrl":"https:\/\/valkyrieparis-bijoux.fr\/wp-content\/uploads\/2024\/01\/IMG_6387.jpg","width":1300,"height":1300,"caption":"Boucles-d-oreilles-art-deco"},{"@type":"BreadcrumbList","@id":"https:\/\/valkyrieparis-bijoux.fr\/en\/boucles-d-oreilles-art-deco\/boucles-doreilles-art-deco-en-argent\/#breadcrumb","itemListElement":[{"@type":"ListItem","position":1,"name":"Boutique","item":"https:\/\/valkyrieparis-bijoux.fr\/boutique-valkyrie\/"},{"@type":"ListItem","position":2,"name":"Boucles d&rsquo;oreilles art d\u00e9co &#8211; mod\u00e8le Jupiter"}]},{"@type":"WebSite","@id":"https:\/\/valkyrieparis-bijoux.fr\/en\/#website","url":"https:\/\/valkyrieparis-bijoux.fr\/en\/","name":"Valkyrie Paris","description":"Art Deco Jewellery Designers","publisher":{"@id":"https:\/\/valkyrieparis-bijoux.fr\/en\/#organization"},"potentialAction":[{"@type":"SearchAction","target":{"@type":"EntryPoint","urlTemplate":"https:\/\/valkyrieparis-bijoux.fr\/en\/?s={search_term_string}"},"query-input":{"@type":"PropertyValueSpecification","valueRequired":true,"valueName":"search_term_string"}}],"inLanguage":"en-US"},{"@type":"Organization","@id":"https:\/\/valkyrieparis-bijoux.fr\/en\/#organization","name":"Valkyrie Paris","url":"https:\/\/valkyrieparis-bijoux.fr\/en\/","logo":{"@type":"ImageObject","inLanguage":"en-US","@id":"https:\/\/valkyrieparis-bijoux.fr\/en\/#\/schema\/logo\/image\/","url":"https:\/\/valkyrieparis-bijoux.fr\/wp-content\/uploads\/2021\/03\/Valkyrie_logo_noir-2.png","contentUrl":"https:\/\/valkyrieparis-bijoux.fr\/wp-content\/uploads\/2021\/03\/Valkyrie_logo_noir-2.png","width":1000,"height":321,"caption":"Valkyrie Paris"},"image":{"@id":"https:\/\/valkyrieparis-bijoux.fr\/en\/#\/schema\/logo\/image\/"},"sameAs":["https:\/\/www.facebook.com\/ValkyrieParis","https:\/\/www.instagram.com\/valkyrieparis\/","https:\/\/www.pinterest.fr\/ValkyrieParis\/_created\/"]}]}},"_links":{"self":[{"href":"https:\/\/valkyrieparis-bijoux.fr\/en\/wp-json\/wp\/v2\/product\/219621","targetHints":{"allow":["GET"]}}],"collection":[{"href":"https:\/\/valkyrieparis-bijoux.fr\/en\/wp-json\/wp\/v2\/product"}],"about":[{"href":"https:\/\/valkyrieparis-bijoux.fr\/en\/wp-json\/wp\/v2\/types\/product"}],"wp:featuredmedia":[{"embeddable":true,"href":"https:\/\/valkyrieparis-bijoux.fr\/en\/wp-json\/wp\/v2\/media\/224867"}],"wp:attachment":[{"href":"https:\/\/valkyrieparis-bijoux.fr\/en\/wp-json\/wp\/v2\/media?parent=219621"}],"wp:term":[{"taxonomy":"product_brand","embeddable":true,"href":"https:\/\/valkyrieparis-bijoux.fr\/en\/wp-json\/wp\/v2\/product_brand?post=219621"},{"taxonomy":"product_cat","embeddable":true,"href":"https:\/\/valkyrieparis-bijoux.fr\/en\/wp-json\/wp\/v2\/product_cat?post=219621"},{"taxonomy":"product_tag","embeddable":true,"href":"https:\/\/valkyrieparis-bijoux.fr\/en\/wp-json\/wp\/v2\/product_tag?post=219621"}],"curies":[{"name":"wp","href":"https:\/\/api.w.org\/{rel}","templated":true}]}}