{"id":219545,"date":"2021-12-11T09:05:29","date_gmt":"2021-12-11T08:05:29","guid":{"rendered":"https:\/\/valkyrieparis-bijoux.fr\/?post_type=product&#038;p=219545"},"modified":"2026-02-04T11:03:28","modified_gmt":"2026-02-04T10:03:28","slug":"bague-avec-pierres-veritables-quartz-fume-et-topaze","status":"publish","type":"product","link":"https:\/\/valkyrieparis-bijoux.fr\/en\/bagues-art-deco\/bague-avec-pierres-veritables-quartz-fume-et-topaze\/","title":{"rendered":"Art Deco ring - smoky quartz - Minerve model"},"content":{"rendered":"<p>&gt; The virtues of stones<br \/>\nA traditional stone of love and abundance, blue topaz encourages you emotionally to capture the affection of others. Smoky quartz is said to ease pain and strengthen nerves.<\/p>\n<p>&gt; Taking care of your ring<br \/>\nWe simply recommend cleaning your ring with a dry cloth.<\/p>","protected":false},"excerpt":{"rendered":"<p><a rel=\"noreferrer\" href=\"#\" class=\"vp-a vp-unknown-type_shortcode vp-modal-click vp-modal-click_shortcode\">Discover the jewel in video<\/a><br \/>\n&nbsp;<br \/>\nDiscover Minerve, a magnificent art deco ring adorned with topaz in the center and smoky quartz all around.<br \/>\n&nbsp;<br \/>\n&gt; <strong>Material<\/strong> and <strong>stone<\/strong> silver, blue topaz, smoky quartz, marcasite<br \/>\n&gt; <strong>Dimensions<\/strong> 2.3 cm (length) x 2 cm (width)<br \/>\n&gt; <strong>Delivery<\/strong> free of charge in France<br \/>\n&gt; <strong>\u00c9crin<\/strong> Valkyrie offert<br \/>\n&gt; Ring <strong>warranty<\/strong> one year against manufacturing defects<br \/>\n&gt; Ring <strong>hypoallergenic<\/strong><\/p>","protected":false},"featured_media":226015,"template":"","meta":{"_et_pb_use_builder":"","_et_pb_old_content":"","_et_gb_content_width":""},"product_brand":[],"product_cat":[29],"product_tag":[],"class_list":{"0":"post-219545","1":"product","2":"type-product","3":"status-publish","4":"has-post-thumbnail","6":"product_cat-bagues-art-deco","8":"first","9":"instock","10":"shipping-taxable","11":"purchasable","12":"product-type-variable"},"yoast_head":"<!-- This site is optimized with the Yoast SEO plugin v26.9 - https:\/\/yoast.com\/product\/yoast-seo-wordpress\/ -->\n<title>Bague art d\u00e9co - quartz fum\u00e9 - mod\u00e8le Minerve - Valkyrie Paris<\/title>\n<meta name=\"description\" content=\"D\u00e9couvrez Minerve, une magnifique bague art d\u00e9co par\u00e9e d&#039;une topaze au centre et de quartz fum\u00e9 tout autour.\" \/>\n<meta name=\"robots\" content=\"index, follow, max-snippet:-1, max-image-preview:large, max-video-preview:-1\" \/>\n<link rel=\"canonical\" href=\"https:\/\/valkyrieparis-bijoux.fr\/en\/bagues-art-deco\/bague-avec-pierres-veritables-quartz-fume-et-topaze\/\" \/>\n<meta property=\"og:locale\" content=\"en_US\" \/>\n<meta property=\"og:type\" content=\"article\" \/>\n<meta property=\"og:title\" content=\"Bague art d\u00e9co - quartz fum\u00e9 - mod\u00e8le Minerve - Valkyrie Paris\" \/>\n<meta property=\"og:description\" content=\"D\u00e9couvrez Minerve, une magnifique bague art d\u00e9co par\u00e9e d&#039;une topaze au centre et de quartz fum\u00e9 tout autour.\" \/>\n<meta property=\"og:url\" content=\"https:\/\/valkyrieparis-bijoux.fr\/en\/bagues-art-deco\/bague-avec-pierres-veritables-quartz-fume-et-topaze\/\" \/>\n<meta property=\"og:site_name\" content=\"Valkyrie Paris\" \/>\n<meta property=\"article:publisher\" content=\"https:\/\/www.facebook.com\/ValkyrieParis\" \/>\n<meta property=\"article:modified_time\" content=\"2026-02-04T10:03:28+00:00\" \/>\n<meta property=\"og:image\" content=\"https:\/\/valkyrieparis-bijoux.fr\/wp-content\/uploads\/2024\/05\/IMG_8743-1.jpg\" \/>\n\t<meta property=\"og:image:width\" content=\"1200\" \/>\n\t<meta property=\"og:image:height\" content=\"1200\" \/>\n\t<meta property=\"og:image:type\" content=\"image\/jpeg\" \/>\n<meta name=\"twitter:label1\" content=\"Est. reading time\" \/>\n\t<meta name=\"twitter:data1\" content=\"1 minute\" \/>\n<script type=\"application\/ld+json\" class=\"yoast-schema-graph\">{\"@context\":\"https:\/\/schema.org\",\"@graph\":[{\"@type\":\"WebPage\",\"@id\":\"https:\/\/valkyrieparis-bijoux.fr\/en\/bagues-art-deco\/bague-avec-pierres-veritables-quartz-fume-et-topaze\/\",\"url\":\"https:\/\/valkyrieparis-bijoux.fr\/en\/bagues-art-deco\/bague-avec-pierres-veritables-quartz-fume-et-topaze\/\",\"name\":\"Bague art d\u00e9co - quartz fum\u00e9 - mod\u00e8le Minerve - Valkyrie Paris\",\"isPartOf\":{\"@id\":\"https:\/\/valkyrieparis-bijoux.fr\/en\/#website\"},\"primaryImageOfPage\":{\"@id\":\"https:\/\/valkyrieparis-bijoux.fr\/en\/bagues-art-deco\/bague-avec-pierres-veritables-quartz-fume-et-topaze\/#primaryimage\"},\"image\":{\"@id\":\"https:\/\/valkyrieparis-bijoux.fr\/en\/bagues-art-deco\/bague-avec-pierres-veritables-quartz-fume-et-topaze\/#primaryimage\"},\"thumbnailUrl\":\"https:\/\/valkyrieparis-bijoux.fr\/wp-content\/uploads\/2024\/05\/IMG_8743-1.jpg\",\"datePublished\":\"2021-12-11T08:05:29+00:00\",\"dateModified\":\"2026-02-04T10:03:28+00:00\",\"description\":\"D\u00e9couvrez Minerve, une magnifique bague art d\u00e9co par\u00e9e d'une topaze au centre et de quartz fum\u00e9 tout autour.\",\"breadcrumb\":{\"@id\":\"https:\/\/valkyrieparis-bijoux.fr\/en\/bagues-art-deco\/bague-avec-pierres-veritables-quartz-fume-et-topaze\/#breadcrumb\"},\"inLanguage\":\"en-US\",\"potentialAction\":[{\"@type\":\"ReadAction\",\"target\":[\"https:\/\/valkyrieparis-bijoux.fr\/en\/bagues-art-deco\/bague-avec-pierres-veritables-quartz-fume-et-topaze\/\"]}]},{\"@type\":\"ImageObject\",\"inLanguage\":\"en-US\",\"@id\":\"https:\/\/valkyrieparis-bijoux.fr\/en\/bagues-art-deco\/bague-avec-pierres-veritables-quartz-fume-et-topaze\/#primaryimage\",\"url\":\"https:\/\/valkyrieparis-bijoux.fr\/wp-content\/uploads\/2024\/05\/IMG_8743-1.jpg\",\"contentUrl\":\"https:\/\/valkyrieparis-bijoux.fr\/wp-content\/uploads\/2024\/05\/IMG_8743-1.jpg\",\"width\":1200,\"height\":1200,\"caption\":\"bague-topaze-quartz-fum\u00e9\"},{\"@type\":\"BreadcrumbList\",\"@id\":\"https:\/\/valkyrieparis-bijoux.fr\/en\/bagues-art-deco\/bague-avec-pierres-veritables-quartz-fume-et-topaze\/#breadcrumb\",\"itemListElement\":[{\"@type\":\"ListItem\",\"position\":1,\"name\":\"Boutique\",\"item\":\"https:\/\/valkyrieparis-bijoux.fr\/boutique-valkyrie\/\"},{\"@type\":\"ListItem\",\"position\":2,\"name\":\"Bague art d\u00e9co &#8211; quartz fum\u00e9 &#8211; mod\u00e8le Minerve\"}]},{\"@type\":\"WebSite\",\"@id\":\"https:\/\/valkyrieparis-bijoux.fr\/en\/#website\",\"url\":\"https:\/\/valkyrieparis-bijoux.fr\/en\/\",\"name\":\"Valkyrie Paris\",\"description\":\"Cr\u00e9ateurs de Bijoux Art D\u00e9co\",\"publisher\":{\"@id\":\"https:\/\/valkyrieparis-bijoux.fr\/en\/#organization\"},\"potentialAction\":[{\"@type\":\"SearchAction\",\"target\":{\"@type\":\"EntryPoint\",\"urlTemplate\":\"https:\/\/valkyrieparis-bijoux.fr\/en\/?s={search_term_string}\"},\"query-input\":{\"@type\":\"PropertyValueSpecification\",\"valueRequired\":true,\"valueName\":\"search_term_string\"}}],\"inLanguage\":\"en-US\"},{\"@type\":\"Organization\",\"@id\":\"https:\/\/valkyrieparis-bijoux.fr\/en\/#organization\",\"name\":\"Valkyrie Paris\",\"url\":\"https:\/\/valkyrieparis-bijoux.fr\/en\/\",\"logo\":{\"@type\":\"ImageObject\",\"inLanguage\":\"en-US\",\"@id\":\"https:\/\/valkyrieparis-bijoux.fr\/en\/#\/schema\/logo\/image\/\",\"url\":\"https:\/\/valkyrieparis-bijoux.fr\/wp-content\/uploads\/2021\/03\/Valkyrie_logo_noir-2.png\",\"contentUrl\":\"https:\/\/valkyrieparis-bijoux.fr\/wp-content\/uploads\/2021\/03\/Valkyrie_logo_noir-2.png\",\"width\":1000,\"height\":321,\"caption\":\"Valkyrie Paris\"},\"image\":{\"@id\":\"https:\/\/valkyrieparis-bijoux.fr\/en\/#\/schema\/logo\/image\/\"},\"sameAs\":[\"https:\/\/www.facebook.com\/ValkyrieParis\",\"https:\/\/www.instagram.com\/valkyrieparis\/\",\"https:\/\/www.pinterest.fr\/ValkyrieParis\/_created\/\"]}]}<\/script>\n<!-- \/ Yoast SEO plugin. -->","yoast_head_json":{"title":"Art Deco ring - smoky quartz - Minerve model - Valkyrie Paris","description":"Discover Minerve, a magnificent art deco ring adorned with topaz in the center and smoky quartz all around.","robots":{"index":"index","follow":"follow","max-snippet":"max-snippet:-1","max-image-preview":"max-image-preview:large","max-video-preview":"max-video-preview:-1"},"canonical":"https:\/\/valkyrieparis-bijoux.fr\/en\/bagues-art-deco\/bague-avec-pierres-veritables-quartz-fume-et-topaze\/","og_locale":"en_US","og_type":"article","og_title":"Bague art d\u00e9co - quartz fum\u00e9 - mod\u00e8le Minerve - Valkyrie Paris","og_description":"D\u00e9couvrez Minerve, une magnifique bague art d\u00e9co par\u00e9e d'une topaze au centre et de quartz fum\u00e9 tout autour.","og_url":"https:\/\/valkyrieparis-bijoux.fr\/en\/bagues-art-deco\/bague-avec-pierres-veritables-quartz-fume-et-topaze\/","og_site_name":"Valkyrie Paris","article_publisher":"https:\/\/www.facebook.com\/ValkyrieParis","article_modified_time":"2026-02-04T10:03:28+00:00","og_image":[{"width":1200,"height":1200,"url":"https:\/\/valkyrieparis-bijoux.fr\/wp-content\/uploads\/2024\/05\/IMG_8743-1.jpg","type":"image\/jpeg"}],"twitter_misc":{"Est. reading time":"1 minute"},"schema":{"@context":"https:\/\/schema.org","@graph":[{"@type":"WebPage","@id":"https:\/\/valkyrieparis-bijoux.fr\/en\/bagues-art-deco\/bague-avec-pierres-veritables-quartz-fume-et-topaze\/","url":"https:\/\/valkyrieparis-bijoux.fr\/en\/bagues-art-deco\/bague-avec-pierres-veritables-quartz-fume-et-topaze\/","name":"Art Deco ring - smoky quartz - Minerve model - Valkyrie Paris","isPartOf":{"@id":"https:\/\/valkyrieparis-bijoux.fr\/en\/#website"},"primaryImageOfPage":{"@id":"https:\/\/valkyrieparis-bijoux.fr\/en\/bagues-art-deco\/bague-avec-pierres-veritables-quartz-fume-et-topaze\/#primaryimage"},"image":{"@id":"https:\/\/valkyrieparis-bijoux.fr\/en\/bagues-art-deco\/bague-avec-pierres-veritables-quartz-fume-et-topaze\/#primaryimage"},"thumbnailUrl":"https:\/\/valkyrieparis-bijoux.fr\/wp-content\/uploads\/2024\/05\/IMG_8743-1.jpg","datePublished":"2021-12-11T08:05:29+00:00","dateModified":"2026-02-04T10:03:28+00:00","description":"Discover Minerve, a magnificent art deco ring adorned with topaz in the center and smoky quartz all around.","breadcrumb":{"@id":"https:\/\/valkyrieparis-bijoux.fr\/en\/bagues-art-deco\/bague-avec-pierres-veritables-quartz-fume-et-topaze\/#breadcrumb"},"inLanguage":"en-US","potentialAction":[{"@type":"ReadAction","target":["https:\/\/valkyrieparis-bijoux.fr\/en\/bagues-art-deco\/bague-avec-pierres-veritables-quartz-fume-et-topaze\/"]}]},{"@type":"ImageObject","inLanguage":"en-US","@id":"https:\/\/valkyrieparis-bijoux.fr\/en\/bagues-art-deco\/bague-avec-pierres-veritables-quartz-fume-et-topaze\/#primaryimage","url":"https:\/\/valkyrieparis-bijoux.fr\/wp-content\/uploads\/2024\/05\/IMG_8743-1.jpg","contentUrl":"https:\/\/valkyrieparis-bijoux.fr\/wp-content\/uploads\/2024\/05\/IMG_8743-1.jpg","width":1200,"height":1200,"caption":"bague-topaze-quartz-fum\u00e9"},{"@type":"BreadcrumbList","@id":"https:\/\/valkyrieparis-bijoux.fr\/en\/bagues-art-deco\/bague-avec-pierres-veritables-quartz-fume-et-topaze\/#breadcrumb","itemListElement":[{"@type":"ListItem","position":1,"name":"Boutique","item":"https:\/\/valkyrieparis-bijoux.fr\/boutique-valkyrie\/"},{"@type":"ListItem","position":2,"name":"Bague art d\u00e9co &#8211; quartz fum\u00e9 &#8211; mod\u00e8le Minerve"}]},{"@type":"WebSite","@id":"https:\/\/valkyrieparis-bijoux.fr\/en\/#website","url":"https:\/\/valkyrieparis-bijoux.fr\/en\/","name":"Valkyrie Paris","description":"Art Deco Jewellery Designers","publisher":{"@id":"https:\/\/valkyrieparis-bijoux.fr\/en\/#organization"},"potentialAction":[{"@type":"SearchAction","target":{"@type":"EntryPoint","urlTemplate":"https:\/\/valkyrieparis-bijoux.fr\/en\/?s={search_term_string}"},"query-input":{"@type":"PropertyValueSpecification","valueRequired":true,"valueName":"search_term_string"}}],"inLanguage":"en-US"},{"@type":"Organization","@id":"https:\/\/valkyrieparis-bijoux.fr\/en\/#organization","name":"Valkyrie Paris","url":"https:\/\/valkyrieparis-bijoux.fr\/en\/","logo":{"@type":"ImageObject","inLanguage":"en-US","@id":"https:\/\/valkyrieparis-bijoux.fr\/en\/#\/schema\/logo\/image\/","url":"https:\/\/valkyrieparis-bijoux.fr\/wp-content\/uploads\/2021\/03\/Valkyrie_logo_noir-2.png","contentUrl":"https:\/\/valkyrieparis-bijoux.fr\/wp-content\/uploads\/2021\/03\/Valkyrie_logo_noir-2.png","width":1000,"height":321,"caption":"Valkyrie Paris"},"image":{"@id":"https:\/\/valkyrieparis-bijoux.fr\/en\/#\/schema\/logo\/image\/"},"sameAs":["https:\/\/www.facebook.com\/ValkyrieParis","https:\/\/www.instagram.com\/valkyrieparis\/","https:\/\/www.pinterest.fr\/ValkyrieParis\/_created\/"]}]}},"_links":{"self":[{"href":"https:\/\/valkyrieparis-bijoux.fr\/en\/wp-json\/wp\/v2\/product\/219545","targetHints":{"allow":["GET"]}}],"collection":[{"href":"https:\/\/valkyrieparis-bijoux.fr\/en\/wp-json\/wp\/v2\/product"}],"about":[{"href":"https:\/\/valkyrieparis-bijoux.fr\/en\/wp-json\/wp\/v2\/types\/product"}],"wp:featuredmedia":[{"embeddable":true,"href":"https:\/\/valkyrieparis-bijoux.fr\/en\/wp-json\/wp\/v2\/media\/226015"}],"wp:attachment":[{"href":"https:\/\/valkyrieparis-bijoux.fr\/en\/wp-json\/wp\/v2\/media?parent=219545"}],"wp:term":[{"taxonomy":"product_brand","embeddable":true,"href":"https:\/\/valkyrieparis-bijoux.fr\/en\/wp-json\/wp\/v2\/product_brand?post=219545"},{"taxonomy":"product_cat","embeddable":true,"href":"https:\/\/valkyrieparis-bijoux.fr\/en\/wp-json\/wp\/v2\/product_cat?post=219545"},{"taxonomy":"product_tag","embeddable":true,"href":"https:\/\/valkyrieparis-bijoux.fr\/en\/wp-json\/wp\/v2\/product_tag?post=219545"}],"curies":[{"name":"wp","href":"https:\/\/api.w.org\/{rel}","templated":true}]}}