{"id":219390,"date":"2021-12-10T13:31:55","date_gmt":"2021-12-10T12:31:55","guid":{"rendered":"https:\/\/valkyrieparis-bijoux.fr\/?post_type=product&#038;p=219390"},"modified":"2026-03-24T10:20:41","modified_gmt":"2026-03-24T09:20:41","slug":"boucles-doreilles-art-deco-agate-verte","status":"publish","type":"product","link":"https:\/\/valkyrieparis-bijoux.fr\/en\/boucles-d-oreilles-art-deco\/boucles-doreilles-art-deco-agate-modele-canopus\/","title":{"rendered":"Boucles d&rsquo;oreilles art d\u00e9co &#8211; agate &#8211; mod\u00e8le Canopus"},"content":{"rendered":"<h2><span style=\"font-weight: 400;\">Agate earrings, vintage fashion, fashion past, fashion present<\/span><\/h2>\n<p><span style=\"font-weight: 400;\">The vintage style brings back fashionable clothes and <a href=\"https:\/\/valkyrieparis-bijoux.fr\/en\/boucles-d-oreilles-art-deco\/\">accessories<\/a> from 20 to 60 years old. It conquered hearts, seduced a generation, and continues to be highly appreciated among fashion enthusiasts. What's more, it <\/span><span style=\"font-weight: 400;\">allows you to create a highly original, authentic look.\u00a0<\/span><\/p>\n<p><span style=\"font-weight: 400;\">It lets you reminisce with nostalgia or emotion about an era rich in creativity. The motifs of these earrings correspond to <\/span><b>accessories<\/b><span style=\"font-weight: 400;\"> of ancient times. But above all, the stone will restore your health and eliminate energy blockages in your body.<\/span><\/p>\n<h2><span style=\"font-weight: 400;\">Agate, its many symbols and virtues to express your originality<\/span><\/h2>\n<p><span style=\"font-weight: 400;\">Visit <\/span><b>agate stone<\/b><span style=\"font-weight: 400;\"> poss\u00e8de de nombreux symboles et vertus. La pierre verte est utilis\u00e9e en lithoth\u00e9rapie contre l\u2019angoisse, le manque de confiance en soi, et l\u2019acceptation de soi. La pierre agate favoriserait \u00e9galement la sinc\u00e9rit\u00e9, incitant \u00e0 oser dire le fond de sa pens\u00e9e. Elle aide \u00e0 la concentration, soutient la m\u00e9moire, et rend vivaces les souvenirs.\u00a0<\/span><\/p>\n<p><span style=\"font-weight: 400;\">But the many virtues of <a href=\"https:\/\/valkyrieparis-bijoux.fr\/en\/boucles-d-oreilles-art-deco\/boucles-doreilles-style-vintage-quartz-lemon\/\">agate stone<\/a> are not limited to your psychological health. Agate also influences you physically. It is said to be a source of relaxation<\/span><b> skin problems<\/b><span style=\"font-weight: 400;\"> and stimulate fluid circulation. Enhance your jewelry collection with these chic and virtuous sets.<\/span><\/p>","protected":false},"excerpt":{"rendered":"<p><a rel=\"noreferrer\" href=\"https:\/\/valkyrieparis-bijoux.fr\/wp-content\/uploads\/2026\/03\/boucles-doreilles-art-deco-agate-verte.mp4\" class=\"vp-a vp-mp4-type vp-modal-click vp-modal-click_shortcode\">Discover the jewel in video<\/a><br \/>\n&nbsp;<br \/>\nAffirmez votre style avec nos boucles d&rsquo;oreilles art d\u00e9co en argent massif. Leur design g\u00e9om\u00e9trique est typique des ann\u00e9es 1920. Les lignes sont nettes. Les volumes sont structur\u00e9s. Chaque boucle est sertie d&rsquo;une agate verte naturelle au centre, encadr\u00e9e de marcassites finement travaill\u00e9es. L\u2019agate verte est une pierre associ\u00e9e \u00e0 l&rsquo;\u00e9quilibre et \u00e0 la confiance en soi. Sa couleur profonde contraste avec l&rsquo;\u00e9clat discret de l&rsquo;argent. Les marcassites soulignent les contours et renforcent l&rsquo;esprit graphique propre aux bijoux art d\u00e9co. Les boucles d&rsquo;oreilles Canopus en argent et agate apportent du caract\u00e8re \u00e0 une tenue de jour comme de soir\u00e9e. Une pi\u00e8ce forte pour celles qui aiment les bijoux au style vintage.<br \/>\n&nbsp;<br \/>\n&gt; <strong>Material<\/strong> Genuine sterling silver, hallmarked 925<br \/>\n&gt; <strong>Stones<\/strong> : agate verte, marcassites<br \/>\n&gt; Total length: 3.3 cm<br \/>\n&gt; <strong>Delivery<\/strong> available in France<br \/>\n&gt; <strong>Box<\/strong> and <strong>pouch<\/strong> Valkyrie offered<br \/>\n&gt; Jewelry <strong>guaranteed<\/strong> one year against manufacturing defects<br \/>\n&gt; Loops <strong>hypoallergenic<\/strong><\/p>","protected":false},"featured_media":229632,"template":"","meta":{"_et_pb_use_builder":"","_et_pb_old_content":"","_et_gb_content_width":""},"product_brand":[],"product_cat":[168],"product_tag":[],"class_list":{"0":"post-219390","1":"product","2":"type-product","3":"status-publish","4":"has-post-thumbnail","6":"product_cat-boucles-d-oreilles-art-deco","8":"first","9":"instock","10":"shipping-taxable","11":"purchasable","12":"product-type-simple"},"yoast_head":"<!-- This site is optimized with the Yoast SEO plugin v26.9 - https:\/\/yoast.com\/product\/yoast-seo-wordpress\/ -->\n<title>Boucles d&#039;oreilles art d\u00e9co - agate - mod\u00e8le Canopus - Valkyrie Paris<\/title>\n<meta name=\"description\" content=\"Affirmez votre style avec nos boucles d&#039;oreilles art d\u00e9co en argent massif. Leur design est typique des ann\u00e9es 1920. Les lignes sont nettes.\" \/>\n<meta name=\"robots\" content=\"index, follow, max-snippet:-1, max-image-preview:large, max-video-preview:-1\" \/>\n<link rel=\"canonical\" href=\"https:\/\/valkyrieparis-bijoux.fr\/en\/boucles-d-oreilles-art-deco\/boucles-doreilles-art-deco-agate-modele-canopus\/\" \/>\n<meta property=\"og:locale\" content=\"en_US\" \/>\n<meta property=\"og:type\" content=\"article\" \/>\n<meta property=\"og:title\" content=\"Boucles d&#039;oreilles art d\u00e9co - agate - mod\u00e8le Canopus - Valkyrie Paris\" \/>\n<meta property=\"og:description\" content=\"Affirmez votre style avec nos boucles d&#039;oreilles art d\u00e9co en argent massif. Leur design est typique des ann\u00e9es 1920. Les lignes sont nettes.\" \/>\n<meta property=\"og:url\" content=\"https:\/\/valkyrieparis-bijoux.fr\/en\/boucles-d-oreilles-art-deco\/boucles-doreilles-art-deco-agate-modele-canopus\/\" \/>\n<meta property=\"og:site_name\" content=\"Valkyrie Paris\" \/>\n<meta property=\"article:publisher\" content=\"https:\/\/www.facebook.com\/ValkyrieParis\" \/>\n<meta property=\"article:modified_time\" content=\"2026-03-24T09:20:41+00:00\" \/>\n<meta property=\"og:image\" content=\"https:\/\/valkyrieparis-bijoux.fr\/wp-content\/uploads\/2021\/12\/E5264F1D-9A6B-49B4-B6EA-AB579F4D43FC.jpeg\" \/>\n\t<meta property=\"og:image:width\" content=\"1800\" \/>\n\t<meta property=\"og:image:height\" content=\"1800\" \/>\n\t<meta property=\"og:image:type\" content=\"image\/jpeg\" \/>\n<meta name=\"twitter:label1\" content=\"Est. reading time\" \/>\n\t<meta name=\"twitter:data1\" content=\"2 minutes\" \/>\n<script type=\"application\/ld+json\" class=\"yoast-schema-graph\">{\"@context\":\"https:\/\/schema.org\",\"@graph\":[{\"@type\":\"WebPage\",\"@id\":\"https:\/\/valkyrieparis-bijoux.fr\/en\/boucles-d-oreilles-art-deco\/boucles-doreilles-art-deco-agate-modele-canopus\/\",\"url\":\"https:\/\/valkyrieparis-bijoux.fr\/en\/boucles-d-oreilles-art-deco\/boucles-doreilles-art-deco-agate-modele-canopus\/\",\"name\":\"Boucles d'oreilles art d\u00e9co - agate - mod\u00e8le Canopus - Valkyrie Paris\",\"isPartOf\":{\"@id\":\"https:\/\/valkyrieparis-bijoux.fr\/en\/#website\"},\"primaryImageOfPage\":{\"@id\":\"https:\/\/valkyrieparis-bijoux.fr\/en\/boucles-d-oreilles-art-deco\/boucles-doreilles-art-deco-agate-modele-canopus\/#primaryimage\"},\"image\":{\"@id\":\"https:\/\/valkyrieparis-bijoux.fr\/en\/boucles-d-oreilles-art-deco\/boucles-doreilles-art-deco-agate-modele-canopus\/#primaryimage\"},\"thumbnailUrl\":\"https:\/\/valkyrieparis-bijoux.fr\/wp-content\/uploads\/2021\/12\/E5264F1D-9A6B-49B4-B6EA-AB579F4D43FC.jpeg\",\"datePublished\":\"2021-12-10T12:31:55+00:00\",\"dateModified\":\"2026-03-24T09:20:41+00:00\",\"description\":\"Affirmez votre style avec nos boucles d'oreilles art d\u00e9co en argent massif. Leur design est typique des ann\u00e9es 1920. Les lignes sont nettes.\",\"breadcrumb\":{\"@id\":\"https:\/\/valkyrieparis-bijoux.fr\/en\/boucles-d-oreilles-art-deco\/boucles-doreilles-art-deco-agate-modele-canopus\/#breadcrumb\"},\"inLanguage\":\"en-US\",\"potentialAction\":[{\"@type\":\"ReadAction\",\"target\":[\"https:\/\/valkyrieparis-bijoux.fr\/en\/boucles-d-oreilles-art-deco\/boucles-doreilles-art-deco-agate-modele-canopus\/\"]}]},{\"@type\":\"ImageObject\",\"inLanguage\":\"en-US\",\"@id\":\"https:\/\/valkyrieparis-bijoux.fr\/en\/boucles-d-oreilles-art-deco\/boucles-doreilles-art-deco-agate-modele-canopus\/#primaryimage\",\"url\":\"https:\/\/valkyrieparis-bijoux.fr\/wp-content\/uploads\/2021\/12\/E5264F1D-9A6B-49B4-B6EA-AB579F4D43FC.jpeg\",\"contentUrl\":\"https:\/\/valkyrieparis-bijoux.fr\/wp-content\/uploads\/2021\/12\/E5264F1D-9A6B-49B4-B6EA-AB579F4D43FC.jpeg\",\"width\":1800,\"height\":1800,\"caption\":\"boucles-doreilles-art-deco-agate\"},{\"@type\":\"BreadcrumbList\",\"@id\":\"https:\/\/valkyrieparis-bijoux.fr\/en\/boucles-d-oreilles-art-deco\/boucles-doreilles-art-deco-agate-modele-canopus\/#breadcrumb\",\"itemListElement\":[{\"@type\":\"ListItem\",\"position\":1,\"name\":\"Boutique\",\"item\":\"https:\/\/valkyrieparis-bijoux.fr\/boutique-valkyrie\/\"},{\"@type\":\"ListItem\",\"position\":2,\"name\":\"Boucles d&rsquo;oreilles art d\u00e9co &#8211; agate &#8211; mod\u00e8le Canopus\"}]},{\"@type\":\"WebSite\",\"@id\":\"https:\/\/valkyrieparis-bijoux.fr\/en\/#website\",\"url\":\"https:\/\/valkyrieparis-bijoux.fr\/en\/\",\"name\":\"Valkyrie Paris\",\"description\":\"Cr\u00e9ateurs de Bijoux Art D\u00e9co\",\"publisher\":{\"@id\":\"https:\/\/valkyrieparis-bijoux.fr\/en\/#organization\"},\"potentialAction\":[{\"@type\":\"SearchAction\",\"target\":{\"@type\":\"EntryPoint\",\"urlTemplate\":\"https:\/\/valkyrieparis-bijoux.fr\/en\/?s={search_term_string}\"},\"query-input\":{\"@type\":\"PropertyValueSpecification\",\"valueRequired\":true,\"valueName\":\"search_term_string\"}}],\"inLanguage\":\"en-US\"},{\"@type\":\"Organization\",\"@id\":\"https:\/\/valkyrieparis-bijoux.fr\/en\/#organization\",\"name\":\"Valkyrie Paris\",\"url\":\"https:\/\/valkyrieparis-bijoux.fr\/en\/\",\"logo\":{\"@type\":\"ImageObject\",\"inLanguage\":\"en-US\",\"@id\":\"https:\/\/valkyrieparis-bijoux.fr\/en\/#\/schema\/logo\/image\/\",\"url\":\"https:\/\/valkyrieparis-bijoux.fr\/wp-content\/uploads\/2021\/03\/Valkyrie_logo_noir-2.png\",\"contentUrl\":\"https:\/\/valkyrieparis-bijoux.fr\/wp-content\/uploads\/2021\/03\/Valkyrie_logo_noir-2.png\",\"width\":1000,\"height\":321,\"caption\":\"Valkyrie Paris\"},\"image\":{\"@id\":\"https:\/\/valkyrieparis-bijoux.fr\/en\/#\/schema\/logo\/image\/\"},\"sameAs\":[\"https:\/\/www.facebook.com\/ValkyrieParis\",\"https:\/\/www.instagram.com\/valkyrieparis\/\",\"https:\/\/www.pinterest.fr\/ValkyrieParis\/_created\/\"]}]}<\/script>\n<!-- \/ Yoast SEO plugin. -->","yoast_head_json":{"title":"Boucles d'oreilles art d\u00e9co - agate - mod\u00e8le Canopus - Valkyrie Paris","description":"Affirmez votre style avec nos boucles d'oreilles art d\u00e9co en argent massif. Leur design est typique des ann\u00e9es 1920. Les lignes sont nettes.","robots":{"index":"index","follow":"follow","max-snippet":"max-snippet:-1","max-image-preview":"max-image-preview:large","max-video-preview":"max-video-preview:-1"},"canonical":"https:\/\/valkyrieparis-bijoux.fr\/en\/boucles-d-oreilles-art-deco\/boucles-doreilles-art-deco-agate-modele-canopus\/","og_locale":"en_US","og_type":"article","og_title":"Boucles d'oreilles art d\u00e9co - agate - mod\u00e8le Canopus - Valkyrie Paris","og_description":"Affirmez votre style avec nos boucles d'oreilles art d\u00e9co en argent massif. Leur design est typique des ann\u00e9es 1920. Les lignes sont nettes.","og_url":"https:\/\/valkyrieparis-bijoux.fr\/en\/boucles-d-oreilles-art-deco\/boucles-doreilles-art-deco-agate-modele-canopus\/","og_site_name":"Valkyrie Paris","article_publisher":"https:\/\/www.facebook.com\/ValkyrieParis","article_modified_time":"2026-03-24T09:20:41+00:00","og_image":[{"width":1800,"height":1800,"url":"https:\/\/valkyrieparis-bijoux.fr\/wp-content\/uploads\/2021\/12\/E5264F1D-9A6B-49B4-B6EA-AB579F4D43FC.jpeg","type":"image\/jpeg"}],"twitter_misc":{"Est. reading time":"2 minutes"},"schema":{"@context":"https:\/\/schema.org","@graph":[{"@type":"WebPage","@id":"https:\/\/valkyrieparis-bijoux.fr\/en\/boucles-d-oreilles-art-deco\/boucles-doreilles-art-deco-agate-modele-canopus\/","url":"https:\/\/valkyrieparis-bijoux.fr\/en\/boucles-d-oreilles-art-deco\/boucles-doreilles-art-deco-agate-modele-canopus\/","name":"Boucles d'oreilles art d\u00e9co - agate - mod\u00e8le Canopus - Valkyrie Paris","isPartOf":{"@id":"https:\/\/valkyrieparis-bijoux.fr\/en\/#website"},"primaryImageOfPage":{"@id":"https:\/\/valkyrieparis-bijoux.fr\/en\/boucles-d-oreilles-art-deco\/boucles-doreilles-art-deco-agate-modele-canopus\/#primaryimage"},"image":{"@id":"https:\/\/valkyrieparis-bijoux.fr\/en\/boucles-d-oreilles-art-deco\/boucles-doreilles-art-deco-agate-modele-canopus\/#primaryimage"},"thumbnailUrl":"https:\/\/valkyrieparis-bijoux.fr\/wp-content\/uploads\/2021\/12\/E5264F1D-9A6B-49B4-B6EA-AB579F4D43FC.jpeg","datePublished":"2021-12-10T12:31:55+00:00","dateModified":"2026-03-24T09:20:41+00:00","description":"Affirmez votre style avec nos boucles d'oreilles art d\u00e9co en argent massif. Leur design est typique des ann\u00e9es 1920. Les lignes sont nettes.","breadcrumb":{"@id":"https:\/\/valkyrieparis-bijoux.fr\/en\/boucles-d-oreilles-art-deco\/boucles-doreilles-art-deco-agate-modele-canopus\/#breadcrumb"},"inLanguage":"en-US","potentialAction":[{"@type":"ReadAction","target":["https:\/\/valkyrieparis-bijoux.fr\/en\/boucles-d-oreilles-art-deco\/boucles-doreilles-art-deco-agate-modele-canopus\/"]}]},{"@type":"ImageObject","inLanguage":"en-US","@id":"https:\/\/valkyrieparis-bijoux.fr\/en\/boucles-d-oreilles-art-deco\/boucles-doreilles-art-deco-agate-modele-canopus\/#primaryimage","url":"https:\/\/valkyrieparis-bijoux.fr\/wp-content\/uploads\/2021\/12\/E5264F1D-9A6B-49B4-B6EA-AB579F4D43FC.jpeg","contentUrl":"https:\/\/valkyrieparis-bijoux.fr\/wp-content\/uploads\/2021\/12\/E5264F1D-9A6B-49B4-B6EA-AB579F4D43FC.jpeg","width":1800,"height":1800,"caption":"boucles-doreilles-art-deco-agate"},{"@type":"BreadcrumbList","@id":"https:\/\/valkyrieparis-bijoux.fr\/en\/boucles-d-oreilles-art-deco\/boucles-doreilles-art-deco-agate-modele-canopus\/#breadcrumb","itemListElement":[{"@type":"ListItem","position":1,"name":"Boutique","item":"https:\/\/valkyrieparis-bijoux.fr\/boutique-valkyrie\/"},{"@type":"ListItem","position":2,"name":"Boucles d&rsquo;oreilles art d\u00e9co &#8211; agate &#8211; mod\u00e8le Canopus"}]},{"@type":"WebSite","@id":"https:\/\/valkyrieparis-bijoux.fr\/en\/#website","url":"https:\/\/valkyrieparis-bijoux.fr\/en\/","name":"Valkyrie Paris","description":"Art Deco Jewellery Designers","publisher":{"@id":"https:\/\/valkyrieparis-bijoux.fr\/en\/#organization"},"potentialAction":[{"@type":"SearchAction","target":{"@type":"EntryPoint","urlTemplate":"https:\/\/valkyrieparis-bijoux.fr\/en\/?s={search_term_string}"},"query-input":{"@type":"PropertyValueSpecification","valueRequired":true,"valueName":"search_term_string"}}],"inLanguage":"en-US"},{"@type":"Organization","@id":"https:\/\/valkyrieparis-bijoux.fr\/en\/#organization","name":"Valkyrie Paris","url":"https:\/\/valkyrieparis-bijoux.fr\/en\/","logo":{"@type":"ImageObject","inLanguage":"en-US","@id":"https:\/\/valkyrieparis-bijoux.fr\/en\/#\/schema\/logo\/image\/","url":"https:\/\/valkyrieparis-bijoux.fr\/wp-content\/uploads\/2021\/03\/Valkyrie_logo_noir-2.png","contentUrl":"https:\/\/valkyrieparis-bijoux.fr\/wp-content\/uploads\/2021\/03\/Valkyrie_logo_noir-2.png","width":1000,"height":321,"caption":"Valkyrie Paris"},"image":{"@id":"https:\/\/valkyrieparis-bijoux.fr\/en\/#\/schema\/logo\/image\/"},"sameAs":["https:\/\/www.facebook.com\/ValkyrieParis","https:\/\/www.instagram.com\/valkyrieparis\/","https:\/\/www.pinterest.fr\/ValkyrieParis\/_created\/"]}]}},"_links":{"self":[{"href":"https:\/\/valkyrieparis-bijoux.fr\/en\/wp-json\/wp\/v2\/product\/219390","targetHints":{"allow":["GET"]}}],"collection":[{"href":"https:\/\/valkyrieparis-bijoux.fr\/en\/wp-json\/wp\/v2\/product"}],"about":[{"href":"https:\/\/valkyrieparis-bijoux.fr\/en\/wp-json\/wp\/v2\/types\/product"}],"wp:featuredmedia":[{"embeddable":true,"href":"https:\/\/valkyrieparis-bijoux.fr\/en\/wp-json\/wp\/v2\/media\/229632"}],"wp:attachment":[{"href":"https:\/\/valkyrieparis-bijoux.fr\/en\/wp-json\/wp\/v2\/media?parent=219390"}],"wp:term":[{"taxonomy":"product_brand","embeddable":true,"href":"https:\/\/valkyrieparis-bijoux.fr\/en\/wp-json\/wp\/v2\/product_brand?post=219390"},{"taxonomy":"product_cat","embeddable":true,"href":"https:\/\/valkyrieparis-bijoux.fr\/en\/wp-json\/wp\/v2\/product_cat?post=219390"},{"taxonomy":"product_tag","embeddable":true,"href":"https:\/\/valkyrieparis-bijoux.fr\/en\/wp-json\/wp\/v2\/product_tag?post=219390"}],"curies":[{"name":"wp","href":"https:\/\/api.w.org\/{rel}","templated":true}]}}