{"id":219386,"date":"2021-12-10T13:24:41","date_gmt":"2021-12-10T12:24:41","guid":{"rendered":"https:\/\/valkyrieparis-bijoux.fr\/?post_type=product&#038;p=219386"},"modified":"2026-03-23T11:12:25","modified_gmt":"2026-03-23T10:12:25","slug":"boucles-doreilles-art-deco-grenat-marcassite","status":"publish","type":"product","link":"https:\/\/valkyrieparis-bijoux.fr\/en\/boucles-d-oreilles-art-deco\/boucles-doreilles-art-deco-grenat-zelda\/","title":{"rendered":"Boucles d&rsquo;oreilles art d\u00e9co &#8211; mod\u00e8le Zelda"},"content":{"rendered":"<h2><span style=\"font-weight: 400;\">Why choose a garnet earring?\u00a0<\/span><\/h2>\n<p><span style=\"font-weight: 400;\">Garnet's unique blood-red color appeals to <a href=\"https:\/\/valkyrieparis-bijoux.fr\/en\/boucles-d-oreilles-art-deco\/\">jewelers<\/a> for many years. But a jewel set with this bloodstone is much more than just an ornament. This <\/span><b>fine stone<\/b><span style=\"font-weight: 400;\"> has stood the test of time, serving humans of all eras for millennia. In religion, the Koran affirms that the fourth heaven is composed entirely of this red gem. The Bible, for its part, tells the story of Noah and makes garnet his guide. He is said to have used it to steer his ark through the dark chapter of the Flood. In Viking beliefs, garnet was used to guide the dead to Valhalla, the warrior's paradise.\u00a0\u00a0<\/span><\/p>\n<p><span style=\"font-weight: 400;\">Mounted on a sterling silver earring, garnet highlights its medicinal properties. This semi-precious stone has always been known for its <\/span><b>positive effects<\/b><span style=\"font-weight: 400;\"> on the heart. The <a href=\"https:\/\/valkyrieparis-bijoux.fr\/en\/boucles-d-oreilles-art-deco\/boucles-doreilles-pendantes-style-vintage-amethyste\/\">garnet<\/a> purifies the blood and strengthens circulation. It is a mineral that can be used to accompany natural treatments for individuals suffering from anemia.\u00a0\u00a0<\/span><\/p>\n<p><span style=\"font-weight: 400;\">In addition to these physical properties, garnet has psychic virtues that make it desirable for women's jewelry. In fact, the stone is said to enhance courage and <\/span><b>self-confidence <\/b><span style=\"font-weight: 400;\">of its wearer. It encourages joie de vivre and therefore strengthens vitality. It's a stone that's always useful to have with you when you're about to make major changes in your life. Garnet is the stone of valour, helping you through life's trials and tribulations.<\/span><\/p>\n<p>&nbsp;<\/p>","protected":false},"excerpt":{"rendered":"<p><a rel=\"noreferrer\" href=\"https:\/\/valkyrieparis-bijoux.fr\/wp-content\/uploads\/2026\/03\/boucles-doreilles-grenat-marcassite.mp4\" class=\"vp-a vp-mp4-type vp-modal-click vp-modal-click_shortcode\">Discover the jewel in video<\/a><br \/>\n&nbsp;<br \/>\nLes boucles d\u2019oreilles art d\u00e9co Zelda porte le nom de Fitzgerald, muse des Ann\u00e9es Folles et ic\u00f4nes de modernit\u00e9. Comme elle, elles incarnent un esprit libre, audacieux, et r\u00e9solument cr\u00e9atif. Leur design en argent massif 925 reprend les lignes graphiques et architecturales typiques du mouvement Art D\u00e9co. Le grenat, pierre intense associ\u00e9e \u00e0 la force int\u00e9rieure et au feu cr\u00e9atif, \u00e9voque la passion et l\u2019\u00e9nergie de cette \u00e9poque. Les marcassites apportent un jeu de texture d\u00e9licat, signature du style des ann\u00e9es 1920. Zelda n&rsquo;est pas une simple paire de boucles d&rsquo;oreilles : c&rsquo;est un clin d&rsquo;\u0153il \u00e0 celles qui aiment les pi\u00e8ces avec du caract\u00e8re et une histoire. \u00c0 porter pour affirmer une personnalit\u00e9 unique, avec une touche r\u00e9tro assum\u00e9e.<br \/>\n&nbsp;<br \/>\n&gt; <strong>Material<\/strong> Genuine sterling silver, hallmarked 925<br \/>\n&gt; <strong>Stones<\/strong> Garnets and marcasites<br \/>\n&gt; Total length: 4 cm<br \/>\n&gt; <strong>Delivery<\/strong> available in France<br \/>\n&gt; <strong>\u00c9crin<\/strong> Valkyrie offert<br \/>\n&gt; Jewelry <strong>guaranteed<\/strong> one year against manufacturing defects<br \/>\n&gt; Loops <strong>hypoallergenic<\/strong><\/p>","protected":false},"featured_media":229275,"template":"","meta":{"_et_pb_use_builder":"","_et_pb_old_content":"","_et_gb_content_width":""},"product_brand":[],"product_cat":[168],"product_tag":[],"class_list":{"0":"post-219386","1":"product","2":"type-product","3":"status-publish","4":"has-post-thumbnail","6":"product_cat-boucles-d-oreilles-art-deco","8":"first","9":"instock","10":"shipping-taxable","11":"purchasable","12":"product-type-simple"},"yoast_head":"<!-- This site is optimized with the Yoast SEO plugin v26.9 - https:\/\/yoast.com\/product\/yoast-seo-wordpress\/ -->\n<title>Boucles d&#039;oreilles art d\u00e9co - mod\u00e8le Zelda - Valkyrie Paris<\/title>\n<meta name=\"description\" content=\"Les boucles d\u2019oreilles art d\u00e9co Zelda porte le nom de Fitzgerald, muse des Ann\u00e9es Folles. Elles incarnent un esprit libre et audacieux.\" \/>\n<meta name=\"robots\" content=\"index, follow, max-snippet:-1, max-image-preview:large, max-video-preview:-1\" \/>\n<link rel=\"canonical\" href=\"https:\/\/valkyrieparis-bijoux.fr\/en\/boucles-d-oreilles-art-deco\/boucles-doreilles-art-deco-grenat-zelda\/\" \/>\n<meta property=\"og:locale\" content=\"en_US\" \/>\n<meta property=\"og:type\" content=\"article\" \/>\n<meta property=\"og:title\" content=\"Boucles d&#039;oreilles art d\u00e9co - mod\u00e8le Zelda - Valkyrie Paris\" \/>\n<meta property=\"og:description\" content=\"Les boucles d\u2019oreilles art d\u00e9co Zelda porte le nom de Fitzgerald, muse des Ann\u00e9es Folles. Elles incarnent un esprit libre et audacieux.\" \/>\n<meta property=\"og:url\" content=\"https:\/\/valkyrieparis-bijoux.fr\/en\/boucles-d-oreilles-art-deco\/boucles-doreilles-art-deco-grenat-zelda\/\" \/>\n<meta property=\"og:site_name\" content=\"Valkyrie Paris\" \/>\n<meta property=\"article:publisher\" content=\"https:\/\/www.facebook.com\/ValkyrieParis\" \/>\n<meta property=\"article:modified_time\" content=\"2026-03-23T10:12:25+00:00\" \/>\n<meta property=\"og:image\" content=\"https:\/\/valkyrieparis-bijoux.fr\/wp-content\/uploads\/2021\/12\/85295A17-A35F-4D55-989A-7100FA02855F.jpg\" \/>\n\t<meta property=\"og:image:width\" content=\"1800\" \/>\n\t<meta property=\"og:image:height\" content=\"1800\" \/>\n\t<meta property=\"og:image:type\" content=\"image\/jpeg\" \/>\n<meta name=\"twitter:label1\" content=\"Est. reading time\" \/>\n\t<meta name=\"twitter:data1\" content=\"2 minutes\" \/>\n<script type=\"application\/ld+json\" class=\"yoast-schema-graph\">{\"@context\":\"https:\/\/schema.org\",\"@graph\":[{\"@type\":\"WebPage\",\"@id\":\"https:\/\/valkyrieparis-bijoux.fr\/en\/boucles-d-oreilles-art-deco\/boucles-doreilles-art-deco-grenat-zelda\/\",\"url\":\"https:\/\/valkyrieparis-bijoux.fr\/en\/boucles-d-oreilles-art-deco\/boucles-doreilles-art-deco-grenat-zelda\/\",\"name\":\"Boucles d'oreilles art d\u00e9co - mod\u00e8le Zelda - Valkyrie Paris\",\"isPartOf\":{\"@id\":\"https:\/\/valkyrieparis-bijoux.fr\/en\/#website\"},\"primaryImageOfPage\":{\"@id\":\"https:\/\/valkyrieparis-bijoux.fr\/en\/boucles-d-oreilles-art-deco\/boucles-doreilles-art-deco-grenat-zelda\/#primaryimage\"},\"image\":{\"@id\":\"https:\/\/valkyrieparis-bijoux.fr\/en\/boucles-d-oreilles-art-deco\/boucles-doreilles-art-deco-grenat-zelda\/#primaryimage\"},\"thumbnailUrl\":\"https:\/\/valkyrieparis-bijoux.fr\/wp-content\/uploads\/2021\/12\/85295A17-A35F-4D55-989A-7100FA02855F.jpg\",\"datePublished\":\"2021-12-10T12:24:41+00:00\",\"dateModified\":\"2026-03-23T10:12:25+00:00\",\"description\":\"Les boucles d\u2019oreilles art d\u00e9co Zelda porte le nom de Fitzgerald, muse des Ann\u00e9es Folles. Elles incarnent un esprit libre et audacieux.\",\"breadcrumb\":{\"@id\":\"https:\/\/valkyrieparis-bijoux.fr\/en\/boucles-d-oreilles-art-deco\/boucles-doreilles-art-deco-grenat-zelda\/#breadcrumb\"},\"inLanguage\":\"en-US\",\"potentialAction\":[{\"@type\":\"ReadAction\",\"target\":[\"https:\/\/valkyrieparis-bijoux.fr\/en\/boucles-d-oreilles-art-deco\/boucles-doreilles-art-deco-grenat-zelda\/\"]}]},{\"@type\":\"ImageObject\",\"inLanguage\":\"en-US\",\"@id\":\"https:\/\/valkyrieparis-bijoux.fr\/en\/boucles-d-oreilles-art-deco\/boucles-doreilles-art-deco-grenat-zelda\/#primaryimage\",\"url\":\"https:\/\/valkyrieparis-bijoux.fr\/wp-content\/uploads\/2021\/12\/85295A17-A35F-4D55-989A-7100FA02855F.jpg\",\"contentUrl\":\"https:\/\/valkyrieparis-bijoux.fr\/wp-content\/uploads\/2021\/12\/85295A17-A35F-4D55-989A-7100FA02855F.jpg\",\"width\":1800,\"height\":1800,\"caption\":\"boucles-d-oreilles-marcassites-grenat\"},{\"@type\":\"BreadcrumbList\",\"@id\":\"https:\/\/valkyrieparis-bijoux.fr\/en\/boucles-d-oreilles-art-deco\/boucles-doreilles-art-deco-grenat-zelda\/#breadcrumb\",\"itemListElement\":[{\"@type\":\"ListItem\",\"position\":1,\"name\":\"Boutique\",\"item\":\"https:\/\/valkyrieparis-bijoux.fr\/boutique-valkyrie\/\"},{\"@type\":\"ListItem\",\"position\":2,\"name\":\"Boucles d&rsquo;oreilles art d\u00e9co &#8211; mod\u00e8le Zelda\"}]},{\"@type\":\"WebSite\",\"@id\":\"https:\/\/valkyrieparis-bijoux.fr\/en\/#website\",\"url\":\"https:\/\/valkyrieparis-bijoux.fr\/en\/\",\"name\":\"Valkyrie Paris\",\"description\":\"Cr\u00e9ateurs de Bijoux Art D\u00e9co\",\"publisher\":{\"@id\":\"https:\/\/valkyrieparis-bijoux.fr\/en\/#organization\"},\"potentialAction\":[{\"@type\":\"SearchAction\",\"target\":{\"@type\":\"EntryPoint\",\"urlTemplate\":\"https:\/\/valkyrieparis-bijoux.fr\/en\/?s={search_term_string}\"},\"query-input\":{\"@type\":\"PropertyValueSpecification\",\"valueRequired\":true,\"valueName\":\"search_term_string\"}}],\"inLanguage\":\"en-US\"},{\"@type\":\"Organization\",\"@id\":\"https:\/\/valkyrieparis-bijoux.fr\/en\/#organization\",\"name\":\"Valkyrie Paris\",\"url\":\"https:\/\/valkyrieparis-bijoux.fr\/en\/\",\"logo\":{\"@type\":\"ImageObject\",\"inLanguage\":\"en-US\",\"@id\":\"https:\/\/valkyrieparis-bijoux.fr\/en\/#\/schema\/logo\/image\/\",\"url\":\"https:\/\/valkyrieparis-bijoux.fr\/wp-content\/uploads\/2021\/03\/Valkyrie_logo_noir-2.png\",\"contentUrl\":\"https:\/\/valkyrieparis-bijoux.fr\/wp-content\/uploads\/2021\/03\/Valkyrie_logo_noir-2.png\",\"width\":1000,\"height\":321,\"caption\":\"Valkyrie Paris\"},\"image\":{\"@id\":\"https:\/\/valkyrieparis-bijoux.fr\/en\/#\/schema\/logo\/image\/\"},\"sameAs\":[\"https:\/\/www.facebook.com\/ValkyrieParis\",\"https:\/\/www.instagram.com\/valkyrieparis\/\",\"https:\/\/www.pinterest.fr\/ValkyrieParis\/_created\/\"]}]}<\/script>\n<!-- \/ Yoast SEO plugin. -->","yoast_head_json":{"title":"Boucles d'oreilles art d\u00e9co - mod\u00e8le Zelda - Valkyrie Paris","description":"Les boucles d\u2019oreilles art d\u00e9co Zelda porte le nom de Fitzgerald, muse des Ann\u00e9es Folles. Elles incarnent un esprit libre et audacieux.","robots":{"index":"index","follow":"follow","max-snippet":"max-snippet:-1","max-image-preview":"max-image-preview:large","max-video-preview":"max-video-preview:-1"},"canonical":"https:\/\/valkyrieparis-bijoux.fr\/en\/boucles-d-oreilles-art-deco\/boucles-doreilles-art-deco-grenat-zelda\/","og_locale":"en_US","og_type":"article","og_title":"Boucles d'oreilles art d\u00e9co - mod\u00e8le Zelda - Valkyrie Paris","og_description":"Les boucles d\u2019oreilles art d\u00e9co Zelda porte le nom de Fitzgerald, muse des Ann\u00e9es Folles. Elles incarnent un esprit libre et audacieux.","og_url":"https:\/\/valkyrieparis-bijoux.fr\/en\/boucles-d-oreilles-art-deco\/boucles-doreilles-art-deco-grenat-zelda\/","og_site_name":"Valkyrie Paris","article_publisher":"https:\/\/www.facebook.com\/ValkyrieParis","article_modified_time":"2026-03-23T10:12:25+00:00","og_image":[{"width":1800,"height":1800,"url":"https:\/\/valkyrieparis-bijoux.fr\/wp-content\/uploads\/2021\/12\/85295A17-A35F-4D55-989A-7100FA02855F.jpg","type":"image\/jpeg"}],"twitter_misc":{"Est. reading time":"2 minutes"},"schema":{"@context":"https:\/\/schema.org","@graph":[{"@type":"WebPage","@id":"https:\/\/valkyrieparis-bijoux.fr\/en\/boucles-d-oreilles-art-deco\/boucles-doreilles-art-deco-grenat-zelda\/","url":"https:\/\/valkyrieparis-bijoux.fr\/en\/boucles-d-oreilles-art-deco\/boucles-doreilles-art-deco-grenat-zelda\/","name":"Boucles d'oreilles art d\u00e9co - mod\u00e8le Zelda - Valkyrie Paris","isPartOf":{"@id":"https:\/\/valkyrieparis-bijoux.fr\/en\/#website"},"primaryImageOfPage":{"@id":"https:\/\/valkyrieparis-bijoux.fr\/en\/boucles-d-oreilles-art-deco\/boucles-doreilles-art-deco-grenat-zelda\/#primaryimage"},"image":{"@id":"https:\/\/valkyrieparis-bijoux.fr\/en\/boucles-d-oreilles-art-deco\/boucles-doreilles-art-deco-grenat-zelda\/#primaryimage"},"thumbnailUrl":"https:\/\/valkyrieparis-bijoux.fr\/wp-content\/uploads\/2021\/12\/85295A17-A35F-4D55-989A-7100FA02855F.jpg","datePublished":"2021-12-10T12:24:41+00:00","dateModified":"2026-03-23T10:12:25+00:00","description":"Les boucles d\u2019oreilles art d\u00e9co Zelda porte le nom de Fitzgerald, muse des Ann\u00e9es Folles. Elles incarnent un esprit libre et audacieux.","breadcrumb":{"@id":"https:\/\/valkyrieparis-bijoux.fr\/en\/boucles-d-oreilles-art-deco\/boucles-doreilles-art-deco-grenat-zelda\/#breadcrumb"},"inLanguage":"en-US","potentialAction":[{"@type":"ReadAction","target":["https:\/\/valkyrieparis-bijoux.fr\/en\/boucles-d-oreilles-art-deco\/boucles-doreilles-art-deco-grenat-zelda\/"]}]},{"@type":"ImageObject","inLanguage":"en-US","@id":"https:\/\/valkyrieparis-bijoux.fr\/en\/boucles-d-oreilles-art-deco\/boucles-doreilles-art-deco-grenat-zelda\/#primaryimage","url":"https:\/\/valkyrieparis-bijoux.fr\/wp-content\/uploads\/2021\/12\/85295A17-A35F-4D55-989A-7100FA02855F.jpg","contentUrl":"https:\/\/valkyrieparis-bijoux.fr\/wp-content\/uploads\/2021\/12\/85295A17-A35F-4D55-989A-7100FA02855F.jpg","width":1800,"height":1800,"caption":"boucles-d-oreilles-marcassites-grenat"},{"@type":"BreadcrumbList","@id":"https:\/\/valkyrieparis-bijoux.fr\/en\/boucles-d-oreilles-art-deco\/boucles-doreilles-art-deco-grenat-zelda\/#breadcrumb","itemListElement":[{"@type":"ListItem","position":1,"name":"Boutique","item":"https:\/\/valkyrieparis-bijoux.fr\/boutique-valkyrie\/"},{"@type":"ListItem","position":2,"name":"Boucles d&rsquo;oreilles art d\u00e9co &#8211; mod\u00e8le Zelda"}]},{"@type":"WebSite","@id":"https:\/\/valkyrieparis-bijoux.fr\/en\/#website","url":"https:\/\/valkyrieparis-bijoux.fr\/en\/","name":"Valkyrie Paris","description":"Art Deco Jewellery Designers","publisher":{"@id":"https:\/\/valkyrieparis-bijoux.fr\/en\/#organization"},"potentialAction":[{"@type":"SearchAction","target":{"@type":"EntryPoint","urlTemplate":"https:\/\/valkyrieparis-bijoux.fr\/en\/?s={search_term_string}"},"query-input":{"@type":"PropertyValueSpecification","valueRequired":true,"valueName":"search_term_string"}}],"inLanguage":"en-US"},{"@type":"Organization","@id":"https:\/\/valkyrieparis-bijoux.fr\/en\/#organization","name":"Valkyrie Paris","url":"https:\/\/valkyrieparis-bijoux.fr\/en\/","logo":{"@type":"ImageObject","inLanguage":"en-US","@id":"https:\/\/valkyrieparis-bijoux.fr\/en\/#\/schema\/logo\/image\/","url":"https:\/\/valkyrieparis-bijoux.fr\/wp-content\/uploads\/2021\/03\/Valkyrie_logo_noir-2.png","contentUrl":"https:\/\/valkyrieparis-bijoux.fr\/wp-content\/uploads\/2021\/03\/Valkyrie_logo_noir-2.png","width":1000,"height":321,"caption":"Valkyrie Paris"},"image":{"@id":"https:\/\/valkyrieparis-bijoux.fr\/en\/#\/schema\/logo\/image\/"},"sameAs":["https:\/\/www.facebook.com\/ValkyrieParis","https:\/\/www.instagram.com\/valkyrieparis\/","https:\/\/www.pinterest.fr\/ValkyrieParis\/_created\/"]}]}},"_links":{"self":[{"href":"https:\/\/valkyrieparis-bijoux.fr\/en\/wp-json\/wp\/v2\/product\/219386","targetHints":{"allow":["GET"]}}],"collection":[{"href":"https:\/\/valkyrieparis-bijoux.fr\/en\/wp-json\/wp\/v2\/product"}],"about":[{"href":"https:\/\/valkyrieparis-bijoux.fr\/en\/wp-json\/wp\/v2\/types\/product"}],"wp:featuredmedia":[{"embeddable":true,"href":"https:\/\/valkyrieparis-bijoux.fr\/en\/wp-json\/wp\/v2\/media\/229275"}],"wp:attachment":[{"href":"https:\/\/valkyrieparis-bijoux.fr\/en\/wp-json\/wp\/v2\/media?parent=219386"}],"wp:term":[{"taxonomy":"product_brand","embeddable":true,"href":"https:\/\/valkyrieparis-bijoux.fr\/en\/wp-json\/wp\/v2\/product_brand?post=219386"},{"taxonomy":"product_cat","embeddable":true,"href":"https:\/\/valkyrieparis-bijoux.fr\/en\/wp-json\/wp\/v2\/product_cat?post=219386"},{"taxonomy":"product_tag","embeddable":true,"href":"https:\/\/valkyrieparis-bijoux.fr\/en\/wp-json\/wp\/v2\/product_tag?post=219386"}],"curies":[{"name":"wp","href":"https:\/\/api.w.org\/{rel}","templated":true}]}}