{"id":219337,"date":"2021-12-10T11:55:52","date_gmt":"2021-12-10T10:55:52","guid":{"rendered":"https:\/\/valkyrieparis-bijoux.fr\/?post_type=product&#038;p=219337"},"modified":"2026-02-04T10:30:16","modified_gmt":"2026-02-04T09:30:16","slug":"bague-art-deco-vintage-argent-et-opale-veritable","status":"publish","type":"product","link":"https:\/\/valkyrieparis-bijoux.fr\/en\/bagues-art-deco\/bague-vintage-argent-et-opale\/","title":{"rendered":"Vintage ring - opal - Engyl model"},"content":{"rendered":"<h2><span style=\"font-weight: 400;\">A pretty art deco ring of set stones, ideal for an engagement.\u00a0<\/span><\/h2>\n<p><span style=\"font-weight: 400;\">Engyl, refined and classy, is a symbol of art deco jewelry. Typically vintage, it contains a marvellous opal. Discreet, you can wear it every day. This <\/span><b>jewelry ring<\/b><span style=\"font-weight: 400;\"> pr\u00e9sente une brillance \u00e0 couper le souffle. Il est dot\u00e9 d\u2019un motif \u00e0 \u00e9toile qui vous rappelle la grandeur de ces astres naturels qui brillent dans le ciel. Vous n\u2019avez pas besoin de vous inqui\u00e9ter du tour de doigt, cette bague alliance est ajustable pour tous les profils. En effet, si votre taille est inf\u00e9rieure ou sup\u00e9rieure \u00e0 celles propos\u00e9es, n&rsquo;h\u00e9sitez pas \u00e0 nous envoyer un message.<\/span><\/p>\n<p><span style=\"font-weight: 400;\">What's more, this <\/span><b>fine jewelry <\/b><span style=\"font-weight: 400;\">doesn't clutter up your outfit. Made with a simplistic design, you can wear it for any occasion. If you're that woman who always wants to command admiration, then don't pass up this art deco ring. Whatever your wardrobe, this ornament is a perfect match. It's high time you showed off your personality with this ravishing jewelry specimen.<\/span><\/p>\n<h2><span style=\"font-weight: 400;\">Hypoallergenic and suitable for all skin types<\/span><\/h2>\n<p><span style=\"font-weight: 400;\">If you're someone who often <\/span><b>sensitive skin<\/b><span style=\"font-weight: 400;\">so good news! This thin ring won't create an allergy. It's made with all the right measurements for sensitive people. So you have nothing to worry about.<\/span><\/p>\n<h2><span style=\"font-weight: 400;\">Original, easy-care silver ring for women<\/span><\/h2>\n<p><span style=\"font-weight: 400;\">These rings set with <\/span><b>precious metal silver<\/b><span style=\"font-weight: 400;\"> are the strongest in their class. What's more, the quality of the materials used in their manufacture justifies a guarantee of one year's use. For these <a href=\"https:\/\/valkyrieparis-bijoux.fr\/en\/bagues-art-deco\/\">jewelry<\/a> bagues, il ne s\u2019agit pas d\u2019argent plaqu\u00e9, mais de m\u00e9tal argent massif et pur. Vous n&rsquo;avez donc pas \u00e0 craindre la d\u00e9t\u00e9rioration de son aspect apr\u00e8s utilisation.<\/span><\/p>\n<p><span style=\"font-weight: 400;\">In addition, the maintenance of this <\/span><b>solid silver ring<\/b><span style=\"font-weight: 400;\"> won't take up much of your time. When it's dirty, simply wash it with plain water to restore its shine. But you must avoid using corrosive solutions against this silver jewel. <\/span><span style=\"font-weight: 400;\">In short, this ring <\/span>art deco<span style=\"font-weight: 400;\">\u00a0is a gift idea for your future wife to mark the beginning of your engagement. Featuring several beaded loops, it symbolizes unity, courage and fortitude.<\/span><\/p>\n<p>&gt; D\u00e9couvrez l&rsquo;opale authentique<br \/>\nIl s&rsquo;agit d&rsquo;une pierre tr\u00e8s sp\u00e9ciale aux nombreux chatoiements. Elle \u00e9tait consid\u00e9r\u00e9e par les Romains comme la plus pr\u00e9cieuse et rare des gemmes.<\/p>\n<p>&gt; Maintain your ring<br \/>\nNous cr\u00e9ons nos bijoux avec de l&rsquo;argent v\u00e9ritable et des pierres naturelles. Afin de conserver l&rsquo;\u00e9clat de ce m\u00e9tal, nous vous conseillons de frotter votre anneau avec un chiffon doux.<\/p>\n<p>&nbsp;<\/p>","protected":false},"excerpt":{"rendered":"<p><a rel=\"noreferrer\" href=\"#\" class=\"vp-a vp-unknown-type_shortcode vp-modal-click vp-modal-click_shortcode\">Discover the jewel in video<\/a><br \/>\n&nbsp;<br \/>\n<span style=\"font-weight: 400;\">Sober, trendy and elegant, this <\/span><b>ring<\/b> <b>vintage genuine opal<\/b><span style=\"font-weight: 400;\"> is for exceptional women. An accessory to wear on any occasion. A set in solid silver, opal, black enamel and marcasite, magnificent in its charm and glamour. A real gift to offer your girlfriend to show your love. Discover this ornament that makes you so special.<\/span><br \/>\n&nbsp;<br \/>\n&gt; <strong>Material<\/strong> and <strong>stone<\/strong> silver, genuine opal, black enamel, marcasite<br \/>\n&gt; <strong>Dimensions<\/strong> 1.5 cm (length) x 1 cm (width)<br \/>\n&gt; <strong>Delivery<\/strong> free of charge in France<br \/>\n&gt; <strong>\u00c9crin<\/strong> Valkyrie offert<br \/>\n&gt; Ring <strong>warranty<\/strong> one year against manufacturing defects<br \/>\n&gt; Ring <strong>hypoallergenic<\/strong><\/p>","protected":false},"featured_media":224088,"template":"","meta":{"_et_pb_use_builder":"","_et_pb_old_content":"","_et_gb_content_width":""},"product_brand":[],"product_cat":[29],"product_tag":[],"class_list":{"0":"post-219337","1":"product","2":"type-product","3":"status-publish","4":"has-post-thumbnail","6":"product_cat-bagues-art-deco","8":"first","9":"instock","10":"shipping-taxable","11":"purchasable","12":"product-type-variable"},"yoast_head":"<!-- This site is optimized with the Yoast SEO plugin v26.9 - https:\/\/yoast.com\/product\/yoast-seo-wordpress\/ -->\n<title>Bague vintage - opale - mod\u00e8le Engyl art d\u00e9co -<\/title>\n<meta name=\"description\" content=\"Sobre, tendance et \u00e9l\u00e9gante, cette bague art d\u00e9co opale est pour les femmes d\u2019exception. D\u00e9couvrez cet ornement qui vous rend si singulier.\" \/>\n<meta name=\"robots\" content=\"index, follow, max-snippet:-1, max-image-preview:large, max-video-preview:-1\" \/>\n<link rel=\"canonical\" href=\"https:\/\/valkyrieparis-bijoux.fr\/en\/bagues-art-deco\/bague-vintage-argent-et-opale\/\" \/>\n<meta property=\"og:locale\" content=\"en_US\" \/>\n<meta property=\"og:type\" content=\"article\" \/>\n<meta property=\"og:title\" content=\"Bague vintage - opale - mod\u00e8le Engyl art d\u00e9co -\" \/>\n<meta property=\"og:description\" content=\"Sobre, tendance et \u00e9l\u00e9gante, cette bague art d\u00e9co opale est pour les femmes d\u2019exception. D\u00e9couvrez cet ornement qui vous rend si singulier.\" \/>\n<meta property=\"og:url\" content=\"https:\/\/valkyrieparis-bijoux.fr\/en\/bagues-art-deco\/bague-vintage-argent-et-opale\/\" \/>\n<meta property=\"og:site_name\" content=\"Valkyrie Paris\" \/>\n<meta property=\"article:publisher\" content=\"https:\/\/www.facebook.com\/ValkyrieParis\" \/>\n<meta property=\"article:modified_time\" content=\"2026-02-04T09:30:16+00:00\" \/>\n<meta property=\"og:image\" content=\"https:\/\/valkyrieparis-bijoux.fr\/wp-content\/uploads\/2023\/09\/IMG_0727.jpg\" \/>\n\t<meta property=\"og:image:width\" content=\"900\" \/>\n\t<meta property=\"og:image:height\" content=\"900\" \/>\n\t<meta property=\"og:image:type\" content=\"image\/jpeg\" \/>\n<meta name=\"twitter:label1\" content=\"Est. reading time\" \/>\n\t<meta name=\"twitter:data1\" content=\"3 minutes\" \/>\n<script type=\"application\/ld+json\" class=\"yoast-schema-graph\">{\"@context\":\"https:\/\/schema.org\",\"@graph\":[{\"@type\":\"WebPage\",\"@id\":\"https:\/\/valkyrieparis-bijoux.fr\/en\/bagues-art-deco\/bague-vintage-argent-et-opale\/\",\"url\":\"https:\/\/valkyrieparis-bijoux.fr\/en\/bagues-art-deco\/bague-vintage-argent-et-opale\/\",\"name\":\"Bague vintage - opale - mod\u00e8le Engyl art d\u00e9co -\",\"isPartOf\":{\"@id\":\"https:\/\/valkyrieparis-bijoux.fr\/en\/#website\"},\"primaryImageOfPage\":{\"@id\":\"https:\/\/valkyrieparis-bijoux.fr\/en\/bagues-art-deco\/bague-vintage-argent-et-opale\/#primaryimage\"},\"image\":{\"@id\":\"https:\/\/valkyrieparis-bijoux.fr\/en\/bagues-art-deco\/bague-vintage-argent-et-opale\/#primaryimage\"},\"thumbnailUrl\":\"https:\/\/valkyrieparis-bijoux.fr\/wp-content\/uploads\/2023\/09\/IMG_0727.jpg\",\"datePublished\":\"2021-12-10T10:55:52+00:00\",\"dateModified\":\"2026-02-04T09:30:16+00:00\",\"description\":\"Sobre, tendance et \u00e9l\u00e9gante, cette bague art d\u00e9co opale est pour les femmes d\u2019exception. D\u00e9couvrez cet ornement qui vous rend si singulier.\",\"breadcrumb\":{\"@id\":\"https:\/\/valkyrieparis-bijoux.fr\/en\/bagues-art-deco\/bague-vintage-argent-et-opale\/#breadcrumb\"},\"inLanguage\":\"en-US\",\"potentialAction\":[{\"@type\":\"ReadAction\",\"target\":[\"https:\/\/valkyrieparis-bijoux.fr\/en\/bagues-art-deco\/bague-vintage-argent-et-opale\/\"]}]},{\"@type\":\"ImageObject\",\"inLanguage\":\"en-US\",\"@id\":\"https:\/\/valkyrieparis-bijoux.fr\/en\/bagues-art-deco\/bague-vintage-argent-et-opale\/#primaryimage\",\"url\":\"https:\/\/valkyrieparis-bijoux.fr\/wp-content\/uploads\/2023\/09\/IMG_0727.jpg\",\"contentUrl\":\"https:\/\/valkyrieparis-bijoux.fr\/wp-content\/uploads\/2023\/09\/IMG_0727.jpg\",\"width\":900,\"height\":900,\"caption\":\"bague-art-deco-en-argent\"},{\"@type\":\"BreadcrumbList\",\"@id\":\"https:\/\/valkyrieparis-bijoux.fr\/en\/bagues-art-deco\/bague-vintage-argent-et-opale\/#breadcrumb\",\"itemListElement\":[{\"@type\":\"ListItem\",\"position\":1,\"name\":\"Boutique\",\"item\":\"https:\/\/valkyrieparis-bijoux.fr\/boutique-valkyrie\/\"},{\"@type\":\"ListItem\",\"position\":2,\"name\":\"Bague vintage &#8211; opale &#8211; mod\u00e8le Engyl\"}]},{\"@type\":\"WebSite\",\"@id\":\"https:\/\/valkyrieparis-bijoux.fr\/en\/#website\",\"url\":\"https:\/\/valkyrieparis-bijoux.fr\/en\/\",\"name\":\"Valkyrie Paris\",\"description\":\"Cr\u00e9ateurs de Bijoux Art D\u00e9co\",\"publisher\":{\"@id\":\"https:\/\/valkyrieparis-bijoux.fr\/en\/#organization\"},\"potentialAction\":[{\"@type\":\"SearchAction\",\"target\":{\"@type\":\"EntryPoint\",\"urlTemplate\":\"https:\/\/valkyrieparis-bijoux.fr\/en\/?s={search_term_string}\"},\"query-input\":{\"@type\":\"PropertyValueSpecification\",\"valueRequired\":true,\"valueName\":\"search_term_string\"}}],\"inLanguage\":\"en-US\"},{\"@type\":\"Organization\",\"@id\":\"https:\/\/valkyrieparis-bijoux.fr\/en\/#organization\",\"name\":\"Valkyrie Paris\",\"url\":\"https:\/\/valkyrieparis-bijoux.fr\/en\/\",\"logo\":{\"@type\":\"ImageObject\",\"inLanguage\":\"en-US\",\"@id\":\"https:\/\/valkyrieparis-bijoux.fr\/en\/#\/schema\/logo\/image\/\",\"url\":\"https:\/\/valkyrieparis-bijoux.fr\/wp-content\/uploads\/2021\/03\/Valkyrie_logo_noir-2.png\",\"contentUrl\":\"https:\/\/valkyrieparis-bijoux.fr\/wp-content\/uploads\/2021\/03\/Valkyrie_logo_noir-2.png\",\"width\":1000,\"height\":321,\"caption\":\"Valkyrie Paris\"},\"image\":{\"@id\":\"https:\/\/valkyrieparis-bijoux.fr\/en\/#\/schema\/logo\/image\/\"},\"sameAs\":[\"https:\/\/www.facebook.com\/ValkyrieParis\",\"https:\/\/www.instagram.com\/valkyrieparis\/\",\"https:\/\/www.pinterest.fr\/ValkyrieParis\/_created\/\"]}]}<\/script>\n<!-- \/ Yoast SEO plugin. -->","yoast_head_json":{"title":"Vintage ring - opal - Engyl art deco model -","description":"Sober, trendy and elegant, this art deco opal ring is for exceptional women. Discover the ornament that makes you so special.","robots":{"index":"index","follow":"follow","max-snippet":"max-snippet:-1","max-image-preview":"max-image-preview:large","max-video-preview":"max-video-preview:-1"},"canonical":"https:\/\/valkyrieparis-bijoux.fr\/en\/bagues-art-deco\/bague-vintage-argent-et-opale\/","og_locale":"en_US","og_type":"article","og_title":"Bague vintage - opale - mod\u00e8le Engyl art d\u00e9co -","og_description":"Sobre, tendance et \u00e9l\u00e9gante, cette bague art d\u00e9co opale est pour les femmes d\u2019exception. D\u00e9couvrez cet ornement qui vous rend si singulier.","og_url":"https:\/\/valkyrieparis-bijoux.fr\/en\/bagues-art-deco\/bague-vintage-argent-et-opale\/","og_site_name":"Valkyrie Paris","article_publisher":"https:\/\/www.facebook.com\/ValkyrieParis","article_modified_time":"2026-02-04T09:30:16+00:00","og_image":[{"width":900,"height":900,"url":"https:\/\/valkyrieparis-bijoux.fr\/wp-content\/uploads\/2023\/09\/IMG_0727.jpg","type":"image\/jpeg"}],"twitter_misc":{"Est. reading time":"3 minutes"},"schema":{"@context":"https:\/\/schema.org","@graph":[{"@type":"WebPage","@id":"https:\/\/valkyrieparis-bijoux.fr\/en\/bagues-art-deco\/bague-vintage-argent-et-opale\/","url":"https:\/\/valkyrieparis-bijoux.fr\/en\/bagues-art-deco\/bague-vintage-argent-et-opale\/","name":"Vintage ring - opal - Engyl art deco model -","isPartOf":{"@id":"https:\/\/valkyrieparis-bijoux.fr\/en\/#website"},"primaryImageOfPage":{"@id":"https:\/\/valkyrieparis-bijoux.fr\/en\/bagues-art-deco\/bague-vintage-argent-et-opale\/#primaryimage"},"image":{"@id":"https:\/\/valkyrieparis-bijoux.fr\/en\/bagues-art-deco\/bague-vintage-argent-et-opale\/#primaryimage"},"thumbnailUrl":"https:\/\/valkyrieparis-bijoux.fr\/wp-content\/uploads\/2023\/09\/IMG_0727.jpg","datePublished":"2021-12-10T10:55:52+00:00","dateModified":"2026-02-04T09:30:16+00:00","description":"Sober, trendy and elegant, this art deco opal ring is for exceptional women. Discover the ornament that makes you so special.","breadcrumb":{"@id":"https:\/\/valkyrieparis-bijoux.fr\/en\/bagues-art-deco\/bague-vintage-argent-et-opale\/#breadcrumb"},"inLanguage":"en-US","potentialAction":[{"@type":"ReadAction","target":["https:\/\/valkyrieparis-bijoux.fr\/en\/bagues-art-deco\/bague-vintage-argent-et-opale\/"]}]},{"@type":"ImageObject","inLanguage":"en-US","@id":"https:\/\/valkyrieparis-bijoux.fr\/en\/bagues-art-deco\/bague-vintage-argent-et-opale\/#primaryimage","url":"https:\/\/valkyrieparis-bijoux.fr\/wp-content\/uploads\/2023\/09\/IMG_0727.jpg","contentUrl":"https:\/\/valkyrieparis-bijoux.fr\/wp-content\/uploads\/2023\/09\/IMG_0727.jpg","width":900,"height":900,"caption":"bague-art-deco-en-argent"},{"@type":"BreadcrumbList","@id":"https:\/\/valkyrieparis-bijoux.fr\/en\/bagues-art-deco\/bague-vintage-argent-et-opale\/#breadcrumb","itemListElement":[{"@type":"ListItem","position":1,"name":"Boutique","item":"https:\/\/valkyrieparis-bijoux.fr\/boutique-valkyrie\/"},{"@type":"ListItem","position":2,"name":"Bague vintage &#8211; opale &#8211; mod\u00e8le Engyl"}]},{"@type":"WebSite","@id":"https:\/\/valkyrieparis-bijoux.fr\/en\/#website","url":"https:\/\/valkyrieparis-bijoux.fr\/en\/","name":"Valkyrie Paris","description":"Art Deco Jewellery Designers","publisher":{"@id":"https:\/\/valkyrieparis-bijoux.fr\/en\/#organization"},"potentialAction":[{"@type":"SearchAction","target":{"@type":"EntryPoint","urlTemplate":"https:\/\/valkyrieparis-bijoux.fr\/en\/?s={search_term_string}"},"query-input":{"@type":"PropertyValueSpecification","valueRequired":true,"valueName":"search_term_string"}}],"inLanguage":"en-US"},{"@type":"Organization","@id":"https:\/\/valkyrieparis-bijoux.fr\/en\/#organization","name":"Valkyrie Paris","url":"https:\/\/valkyrieparis-bijoux.fr\/en\/","logo":{"@type":"ImageObject","inLanguage":"en-US","@id":"https:\/\/valkyrieparis-bijoux.fr\/en\/#\/schema\/logo\/image\/","url":"https:\/\/valkyrieparis-bijoux.fr\/wp-content\/uploads\/2021\/03\/Valkyrie_logo_noir-2.png","contentUrl":"https:\/\/valkyrieparis-bijoux.fr\/wp-content\/uploads\/2021\/03\/Valkyrie_logo_noir-2.png","width":1000,"height":321,"caption":"Valkyrie Paris"},"image":{"@id":"https:\/\/valkyrieparis-bijoux.fr\/en\/#\/schema\/logo\/image\/"},"sameAs":["https:\/\/www.facebook.com\/ValkyrieParis","https:\/\/www.instagram.com\/valkyrieparis\/","https:\/\/www.pinterest.fr\/ValkyrieParis\/_created\/"]}]}},"_links":{"self":[{"href":"https:\/\/valkyrieparis-bijoux.fr\/en\/wp-json\/wp\/v2\/product\/219337","targetHints":{"allow":["GET"]}}],"collection":[{"href":"https:\/\/valkyrieparis-bijoux.fr\/en\/wp-json\/wp\/v2\/product"}],"about":[{"href":"https:\/\/valkyrieparis-bijoux.fr\/en\/wp-json\/wp\/v2\/types\/product"}],"wp:featuredmedia":[{"embeddable":true,"href":"https:\/\/valkyrieparis-bijoux.fr\/en\/wp-json\/wp\/v2\/media\/224088"}],"wp:attachment":[{"href":"https:\/\/valkyrieparis-bijoux.fr\/en\/wp-json\/wp\/v2\/media?parent=219337"}],"wp:term":[{"taxonomy":"product_brand","embeddable":true,"href":"https:\/\/valkyrieparis-bijoux.fr\/en\/wp-json\/wp\/v2\/product_brand?post=219337"},{"taxonomy":"product_cat","embeddable":true,"href":"https:\/\/valkyrieparis-bijoux.fr\/en\/wp-json\/wp\/v2\/product_cat?post=219337"},{"taxonomy":"product_tag","embeddable":true,"href":"https:\/\/valkyrieparis-bijoux.fr\/en\/wp-json\/wp\/v2\/product_tag?post=219337"}],"curies":[{"name":"wp","href":"https:\/\/api.w.org\/{rel}","templated":true}]}}