{"id":218675,"date":"2021-05-31T07:44:26","date_gmt":"2021-05-31T06:44:26","guid":{"rendered":"https:\/\/valkyrieparis-bijoux.fr\/?post_type=product&#038;p=218675"},"modified":"2026-02-10T16:03:38","modified_gmt":"2026-02-10T15:03:38","slug":"bague-art-deco-citrine","status":"publish","type":"product","link":"https:\/\/valkyrieparis-bijoux.fr\/en\/bagues-art-deco\/bague-art-deco-citrine-modele-canopus\/","title":{"rendered":"Art deco ring - citrine - Canopus model"},"content":{"rendered":"<h2>Art Deco silver ring set with citrine and marcasites<\/h2>\n<p>This <strong>ring<\/strong> en argent, sertie de citrine et de marcassites en pavage, incarne parfaitement l\u2019\u00e9l\u00e9gance des ann\u00e9es 1920. Ses lignes discr\u00e8tes et ses pierres pr\u00e9cieuses captent la lumi\u00e8re sous tous les angles. Vous \u00eates \u00e0 la recherche d&rsquo;un bijou tout en finesse avec un <strong>vintage style<\/strong> ? Cette pi\u00e8ce est faite pour vous, alliant le charme intemporel de l&rsquo;art d\u00e9co \u00e0 des mat\u00e9riaux de qualit\u00e9. Laissez-vous s\u00e9duire par l&rsquo;\u00e9clat de la citrine, sublim\u00e9e par la d\u00e9licatesse des marcassites, qui attireront tous les regards.<\/p>\n<p>Belle Epoque jewelry, like this ring, is prized for its ability to transform a simple outfit into a sophisticated look. The unique design of this <strong>sterling silver 925<\/strong> et ses pierres pr\u00e9cieuses soigneusement travaill\u00e9es vous assureront une allure raffin\u00e9e en toute occasion. Cette bague deviendra rapidement un accessoire indispensable. Elle va aussi tr\u00e8s bien avec d&rsquo;autres bijoux, comme un pendentif en nacre, un bracelet en onyx ou m\u00eame des boucles d&rsquo;oreilles en \u00e9meraude.<br \/>\nCitrine is also known as the Sunstone. This fine, coloured stone <a href=\"https:\/\/valkyrieparis-bijoux.fr\/en\/bagues-art-deco\/bague-art-deco-citrine-modele-nymphe\/\">yellow<\/a> lemon is a variety of macrocrystalline quartz. It is often found in the same deposit as amethyst. Its contrast with the marcasites adds a touch of fantasy, making this ring a real eye-catcher. <strong>unique jewel<\/strong> that tells a story.<\/p>\n<h2>Authentic stones with astonishing virtues<\/h2>\n<p>These <strong>gems<\/strong> portent en elles des \u00e9nergies et des vertus reconnues depuis des mill\u00e9naires. La citrine est connue pour ses propri\u00e9t\u00e9s \u00e9nergisantes et apaisantes. On dit qu&rsquo;elle apporte la prosp\u00e9rit\u00e9 et la r\u00e9ussite tout en \u00e9levant l&rsquo;esprit vers un \u00e9tat de calme et de joie. Associ\u00e9e \u00e0 l&rsquo;argent, elle incarne la lumi\u00e8re et la puret\u00e9. Ce <strong>precious metal<\/strong> will bring you balance and serenity.<\/p>\n<p>Visit <strong>marcasites<\/strong>are a symbol of protection and emotional stability. Their subtly metallic lustre recalls the most emblematic creations of the jewellers of yesteryear. They always sought to marry style and symbolism. Citrine and marcasite, set on a silver base, make this ring an accessory charged with positive meaning.<br \/>\nSi vous aimez les bijoux vintage, ce mod\u00e8le ne peut que vous s\u00e9duire. Elle fait partie d&rsquo;une collection exclusive de bijoux art d\u00e9co. Avec cette magnifique bague vous porterez un style qui a travers\u00e9 les d\u00e9cennies, tout en ajoutant une certaine sophistication \u00e0 votre look.<\/p>\n<p>Chaque d\u00e9tail de ce bijou a \u00e9t\u00e9 pens\u00e9 pour raviver l&rsquo;esprit des ann\u00e9es folles, mais avec la <strong>a touch of modernity<\/strong> qu&rsquo;il vous faut pour rester tendance. Et si vous souhaitez compl\u00e9ter votre collection, explorez notre gamme de bagues trilogie, marguerite, marquise, toi et moi, etc. Nos mod\u00e8les orn\u00e9s de <strong>carnelian<\/strong>peridot, blue topaz, etc., await you.<\/p>\n<p>Let yourself be enchanted by the charm and symbolism of each piece. This jewel is a testimony to the expertise of our craftsmen and a tribute to the past. It will enhance every moment of your life.<\/p>","protected":false},"excerpt":{"rendered":"<p><a rel=\"noreferrer\" href=\"https:\/\/valkyrieparis-bijoux.fr\/wp-content\/uploads\/2024\/09\/Bague-art-deco-citrine-marcassites.mp4\" class=\"vp-a vp-mp4-type vp-modal-click vp-modal-click_shortcode\">Discover the jewel in video<\/a><br \/>\n&nbsp;<br \/>\nThe Canopus art deco ring in sterling silver, adorned with citrine and marcasite, embodies finesse and subtlety. Its delicate design, with a teardrop-cut center stone, highlights the beauty of the citrine. The combination of the sparkling stone and the surrounding marcasite gives this gem a vintage charm. Thanks to its discreet allure, it can be worn easily on a daily basis, adding a touch of distinction to any outfit.<br \/>\n&nbsp;<br \/>\n&gt; <strong>Material<\/strong> Genuine sterling silver, hallmarked 925<br \/>\n&gt; <strong>Stones<\/strong> citrine and marcasite<br \/>\n&gt; <strong>Dimensions<\/strong> 1.2 cm (length) x 1 cm (width)<br \/>\n&gt; <strong>Delivery<\/strong> free of charge in France<br \/>\n&gt; <strong>\u00c9crin<\/strong> Valkyrie offert<br \/>\n&gt; Ring <strong>warranty<\/strong> one year against manufacturing defects<br \/>\n&gt; Ring <strong>hypoallergenic<\/strong><\/p>","protected":false},"featured_media":227049,"template":"","meta":{"_et_pb_use_builder":"","_et_pb_old_content":"","_et_gb_content_width":""},"product_brand":[],"product_cat":[29],"product_tag":[],"class_list":{"0":"post-218675","1":"product","2":"type-product","3":"status-publish","4":"has-post-thumbnail","6":"product_cat-bagues-art-deco","8":"first","9":"instock","10":"shipping-taxable","11":"purchasable","12":"product-type-variable"},"yoast_head":"<!-- This site is optimized with the Yoast SEO plugin v26.9 - https:\/\/yoast.com\/product\/yoast-seo-wordpress\/ -->\n<title>Bague art d\u00e9co - citrine - mod\u00e8le Canopus -<\/title>\n<meta name=\"description\" content=\"Le mod\u00e8le Canopus se sertit de citrine naturelle pour votre plus grand plaisir. Optez pour cette bague art d\u00e9co \u00e0 la fois originale et vintage.\" \/>\n<meta name=\"robots\" content=\"index, follow, max-snippet:-1, max-image-preview:large, max-video-preview:-1\" \/>\n<link rel=\"canonical\" href=\"https:\/\/valkyrieparis-bijoux.fr\/en\/bagues-art-deco\/bague-art-deco-citrine-modele-canopus\/\" \/>\n<meta property=\"og:locale\" content=\"en_US\" \/>\n<meta property=\"og:type\" content=\"article\" \/>\n<meta property=\"og:title\" content=\"Bague art d\u00e9co - citrine - mod\u00e8le Canopus -\" \/>\n<meta property=\"og:description\" content=\"Le mod\u00e8le Canopus se sertit de citrine naturelle pour votre plus grand plaisir. Optez pour cette bague art d\u00e9co \u00e0 la fois originale et vintage.\" \/>\n<meta property=\"og:url\" content=\"https:\/\/valkyrieparis-bijoux.fr\/en\/bagues-art-deco\/bague-art-deco-citrine-modele-canopus\/\" \/>\n<meta property=\"og:site_name\" content=\"Valkyrie Paris\" \/>\n<meta property=\"article:publisher\" content=\"https:\/\/www.facebook.com\/ValkyrieParis\" \/>\n<meta property=\"article:modified_time\" content=\"2026-02-10T15:03:38+00:00\" \/>\n<meta property=\"og:image\" content=\"https:\/\/valkyrieparis-bijoux.fr\/wp-content\/uploads\/2024\/09\/461A678E-9F02-4A50-884B-9E4103C89773.jpeg\" \/>\n\t<meta property=\"og:image:width\" content=\"1500\" \/>\n\t<meta property=\"og:image:height\" content=\"1500\" \/>\n\t<meta property=\"og:image:type\" content=\"image\/jpeg\" \/>\n<meta name=\"twitter:label1\" content=\"Est. reading time\" \/>\n\t<meta name=\"twitter:data1\" content=\"3 minutes\" \/>\n<script type=\"application\/ld+json\" class=\"yoast-schema-graph\">{\"@context\":\"https:\/\/schema.org\",\"@graph\":[{\"@type\":\"WebPage\",\"@id\":\"https:\/\/valkyrieparis-bijoux.fr\/en\/bagues-art-deco\/bague-art-deco-citrine-modele-canopus\/\",\"url\":\"https:\/\/valkyrieparis-bijoux.fr\/en\/bagues-art-deco\/bague-art-deco-citrine-modele-canopus\/\",\"name\":\"Bague art d\u00e9co - citrine - mod\u00e8le Canopus -\",\"isPartOf\":{\"@id\":\"https:\/\/valkyrieparis-bijoux.fr\/en\/#website\"},\"primaryImageOfPage\":{\"@id\":\"https:\/\/valkyrieparis-bijoux.fr\/en\/bagues-art-deco\/bague-art-deco-citrine-modele-canopus\/#primaryimage\"},\"image\":{\"@id\":\"https:\/\/valkyrieparis-bijoux.fr\/en\/bagues-art-deco\/bague-art-deco-citrine-modele-canopus\/#primaryimage\"},\"thumbnailUrl\":\"https:\/\/valkyrieparis-bijoux.fr\/wp-content\/uploads\/2024\/09\/461A678E-9F02-4A50-884B-9E4103C89773.jpeg\",\"datePublished\":\"2021-05-31T06:44:26+00:00\",\"dateModified\":\"2026-02-10T15:03:38+00:00\",\"description\":\"Le mod\u00e8le Canopus se sertit de citrine naturelle pour votre plus grand plaisir. Optez pour cette bague art d\u00e9co \u00e0 la fois originale et vintage.\",\"breadcrumb\":{\"@id\":\"https:\/\/valkyrieparis-bijoux.fr\/en\/bagues-art-deco\/bague-art-deco-citrine-modele-canopus\/#breadcrumb\"},\"inLanguage\":\"en-US\",\"potentialAction\":[{\"@type\":\"ReadAction\",\"target\":[\"https:\/\/valkyrieparis-bijoux.fr\/en\/bagues-art-deco\/bague-art-deco-citrine-modele-canopus\/\"]}]},{\"@type\":\"ImageObject\",\"inLanguage\":\"en-US\",\"@id\":\"https:\/\/valkyrieparis-bijoux.fr\/en\/bagues-art-deco\/bague-art-deco-citrine-modele-canopus\/#primaryimage\",\"url\":\"https:\/\/valkyrieparis-bijoux.fr\/wp-content\/uploads\/2024\/09\/461A678E-9F02-4A50-884B-9E4103C89773.jpeg\",\"contentUrl\":\"https:\/\/valkyrieparis-bijoux.fr\/wp-content\/uploads\/2024\/09\/461A678E-9F02-4A50-884B-9E4103C89773.jpeg\",\"width\":1500,\"height\":1500,\"caption\":\"bague-art-deco-citrine-canopus\"},{\"@type\":\"BreadcrumbList\",\"@id\":\"https:\/\/valkyrieparis-bijoux.fr\/en\/bagues-art-deco\/bague-art-deco-citrine-modele-canopus\/#breadcrumb\",\"itemListElement\":[{\"@type\":\"ListItem\",\"position\":1,\"name\":\"Boutique\",\"item\":\"https:\/\/valkyrieparis-bijoux.fr\/boutique-valkyrie\/\"},{\"@type\":\"ListItem\",\"position\":2,\"name\":\"Bague art d\u00e9co &#8211; citrine &#8211; mod\u00e8le Canopus\"}]},{\"@type\":\"WebSite\",\"@id\":\"https:\/\/valkyrieparis-bijoux.fr\/en\/#website\",\"url\":\"https:\/\/valkyrieparis-bijoux.fr\/en\/\",\"name\":\"Valkyrie Paris\",\"description\":\"Cr\u00e9ateurs de Bijoux Art D\u00e9co\",\"publisher\":{\"@id\":\"https:\/\/valkyrieparis-bijoux.fr\/en\/#organization\"},\"potentialAction\":[{\"@type\":\"SearchAction\",\"target\":{\"@type\":\"EntryPoint\",\"urlTemplate\":\"https:\/\/valkyrieparis-bijoux.fr\/en\/?s={search_term_string}\"},\"query-input\":{\"@type\":\"PropertyValueSpecification\",\"valueRequired\":true,\"valueName\":\"search_term_string\"}}],\"inLanguage\":\"en-US\"},{\"@type\":\"Organization\",\"@id\":\"https:\/\/valkyrieparis-bijoux.fr\/en\/#organization\",\"name\":\"Valkyrie Paris\",\"url\":\"https:\/\/valkyrieparis-bijoux.fr\/en\/\",\"logo\":{\"@type\":\"ImageObject\",\"inLanguage\":\"en-US\",\"@id\":\"https:\/\/valkyrieparis-bijoux.fr\/en\/#\/schema\/logo\/image\/\",\"url\":\"https:\/\/valkyrieparis-bijoux.fr\/wp-content\/uploads\/2021\/03\/Valkyrie_logo_noir-2.png\",\"contentUrl\":\"https:\/\/valkyrieparis-bijoux.fr\/wp-content\/uploads\/2021\/03\/Valkyrie_logo_noir-2.png\",\"width\":1000,\"height\":321,\"caption\":\"Valkyrie Paris\"},\"image\":{\"@id\":\"https:\/\/valkyrieparis-bijoux.fr\/en\/#\/schema\/logo\/image\/\"},\"sameAs\":[\"https:\/\/www.facebook.com\/ValkyrieParis\",\"https:\/\/www.instagram.com\/valkyrieparis\/\",\"https:\/\/www.pinterest.fr\/ValkyrieParis\/_created\/\"]}]}<\/script>\n<!-- \/ Yoast SEO plugin. -->","yoast_head_json":{"title":"Art deco ring - citrine - Canopus model -","description":"The Canopus model is set with natural citrine for your greatest pleasure. Opt for this original, vintage art deco ring.","robots":{"index":"index","follow":"follow","max-snippet":"max-snippet:-1","max-image-preview":"max-image-preview:large","max-video-preview":"max-video-preview:-1"},"canonical":"https:\/\/valkyrieparis-bijoux.fr\/en\/bagues-art-deco\/bague-art-deco-citrine-modele-canopus\/","og_locale":"en_US","og_type":"article","og_title":"Bague art d\u00e9co - citrine - mod\u00e8le Canopus -","og_description":"Le mod\u00e8le Canopus se sertit de citrine naturelle pour votre plus grand plaisir. Optez pour cette bague art d\u00e9co \u00e0 la fois originale et vintage.","og_url":"https:\/\/valkyrieparis-bijoux.fr\/en\/bagues-art-deco\/bague-art-deco-citrine-modele-canopus\/","og_site_name":"Valkyrie Paris","article_publisher":"https:\/\/www.facebook.com\/ValkyrieParis","article_modified_time":"2026-02-10T15:03:38+00:00","og_image":[{"width":1500,"height":1500,"url":"https:\/\/valkyrieparis-bijoux.fr\/wp-content\/uploads\/2024\/09\/461A678E-9F02-4A50-884B-9E4103C89773.jpeg","type":"image\/jpeg"}],"twitter_misc":{"Est. reading time":"3 minutes"},"schema":{"@context":"https:\/\/schema.org","@graph":[{"@type":"WebPage","@id":"https:\/\/valkyrieparis-bijoux.fr\/en\/bagues-art-deco\/bague-art-deco-citrine-modele-canopus\/","url":"https:\/\/valkyrieparis-bijoux.fr\/en\/bagues-art-deco\/bague-art-deco-citrine-modele-canopus\/","name":"Art deco ring - citrine - Canopus model -","isPartOf":{"@id":"https:\/\/valkyrieparis-bijoux.fr\/en\/#website"},"primaryImageOfPage":{"@id":"https:\/\/valkyrieparis-bijoux.fr\/en\/bagues-art-deco\/bague-art-deco-citrine-modele-canopus\/#primaryimage"},"image":{"@id":"https:\/\/valkyrieparis-bijoux.fr\/en\/bagues-art-deco\/bague-art-deco-citrine-modele-canopus\/#primaryimage"},"thumbnailUrl":"https:\/\/valkyrieparis-bijoux.fr\/wp-content\/uploads\/2024\/09\/461A678E-9F02-4A50-884B-9E4103C89773.jpeg","datePublished":"2021-05-31T06:44:26+00:00","dateModified":"2026-02-10T15:03:38+00:00","description":"The Canopus model is set with natural citrine for your greatest pleasure. Opt for this original, vintage art deco ring.","breadcrumb":{"@id":"https:\/\/valkyrieparis-bijoux.fr\/en\/bagues-art-deco\/bague-art-deco-citrine-modele-canopus\/#breadcrumb"},"inLanguage":"en-US","potentialAction":[{"@type":"ReadAction","target":["https:\/\/valkyrieparis-bijoux.fr\/en\/bagues-art-deco\/bague-art-deco-citrine-modele-canopus\/"]}]},{"@type":"ImageObject","inLanguage":"en-US","@id":"https:\/\/valkyrieparis-bijoux.fr\/en\/bagues-art-deco\/bague-art-deco-citrine-modele-canopus\/#primaryimage","url":"https:\/\/valkyrieparis-bijoux.fr\/wp-content\/uploads\/2024\/09\/461A678E-9F02-4A50-884B-9E4103C89773.jpeg","contentUrl":"https:\/\/valkyrieparis-bijoux.fr\/wp-content\/uploads\/2024\/09\/461A678E-9F02-4A50-884B-9E4103C89773.jpeg","width":1500,"height":1500,"caption":"bague-art-deco-citrine-canopus"},{"@type":"BreadcrumbList","@id":"https:\/\/valkyrieparis-bijoux.fr\/en\/bagues-art-deco\/bague-art-deco-citrine-modele-canopus\/#breadcrumb","itemListElement":[{"@type":"ListItem","position":1,"name":"Boutique","item":"https:\/\/valkyrieparis-bijoux.fr\/boutique-valkyrie\/"},{"@type":"ListItem","position":2,"name":"Bague art d\u00e9co &#8211; citrine &#8211; mod\u00e8le Canopus"}]},{"@type":"WebSite","@id":"https:\/\/valkyrieparis-bijoux.fr\/en\/#website","url":"https:\/\/valkyrieparis-bijoux.fr\/en\/","name":"Valkyrie Paris","description":"Art Deco Jewellery Designers","publisher":{"@id":"https:\/\/valkyrieparis-bijoux.fr\/en\/#organization"},"potentialAction":[{"@type":"SearchAction","target":{"@type":"EntryPoint","urlTemplate":"https:\/\/valkyrieparis-bijoux.fr\/en\/?s={search_term_string}"},"query-input":{"@type":"PropertyValueSpecification","valueRequired":true,"valueName":"search_term_string"}}],"inLanguage":"en-US"},{"@type":"Organization","@id":"https:\/\/valkyrieparis-bijoux.fr\/en\/#organization","name":"Valkyrie Paris","url":"https:\/\/valkyrieparis-bijoux.fr\/en\/","logo":{"@type":"ImageObject","inLanguage":"en-US","@id":"https:\/\/valkyrieparis-bijoux.fr\/en\/#\/schema\/logo\/image\/","url":"https:\/\/valkyrieparis-bijoux.fr\/wp-content\/uploads\/2021\/03\/Valkyrie_logo_noir-2.png","contentUrl":"https:\/\/valkyrieparis-bijoux.fr\/wp-content\/uploads\/2021\/03\/Valkyrie_logo_noir-2.png","width":1000,"height":321,"caption":"Valkyrie Paris"},"image":{"@id":"https:\/\/valkyrieparis-bijoux.fr\/en\/#\/schema\/logo\/image\/"},"sameAs":["https:\/\/www.facebook.com\/ValkyrieParis","https:\/\/www.instagram.com\/valkyrieparis\/","https:\/\/www.pinterest.fr\/ValkyrieParis\/_created\/"]}]}},"_links":{"self":[{"href":"https:\/\/valkyrieparis-bijoux.fr\/en\/wp-json\/wp\/v2\/product\/218675","targetHints":{"allow":["GET"]}}],"collection":[{"href":"https:\/\/valkyrieparis-bijoux.fr\/en\/wp-json\/wp\/v2\/product"}],"about":[{"href":"https:\/\/valkyrieparis-bijoux.fr\/en\/wp-json\/wp\/v2\/types\/product"}],"wp:featuredmedia":[{"embeddable":true,"href":"https:\/\/valkyrieparis-bijoux.fr\/en\/wp-json\/wp\/v2\/media\/227049"}],"wp:attachment":[{"href":"https:\/\/valkyrieparis-bijoux.fr\/en\/wp-json\/wp\/v2\/media?parent=218675"}],"wp:term":[{"taxonomy":"product_brand","embeddable":true,"href":"https:\/\/valkyrieparis-bijoux.fr\/en\/wp-json\/wp\/v2\/product_brand?post=218675"},{"taxonomy":"product_cat","embeddable":true,"href":"https:\/\/valkyrieparis-bijoux.fr\/en\/wp-json\/wp\/v2\/product_cat?post=218675"},{"taxonomy":"product_tag","embeddable":true,"href":"https:\/\/valkyrieparis-bijoux.fr\/en\/wp-json\/wp\/v2\/product_tag?post=218675"}],"curies":[{"name":"wp","href":"https:\/\/api.w.org\/{rel}","templated":true}]}}