{"id":214619,"date":"2021-03-29T14:14:06","date_gmt":"2021-03-29T13:14:06","guid":{"rendered":"https:\/\/valkyrieparis-bijoux.fr\/?page_id=214619"},"modified":"2024-02-27T13:21:04","modified_gmt":"2024-02-27T12:21:04","slug":"mentions-legales","status":"publish","type":"page","link":"https:\/\/valkyrieparis-bijoux.fr\/en\/nos-mentions-legales\/","title":{"rendered":"Terms of use"},"content":{"rendered":"<p>[et_pb_section fb_built=\u00a0\u00bb1&Prime; admin_label=\u00a0\u00bbsection\u00a0\u00bb _builder_version=\u00a0\u00bb4.16&Prime; global_colors_info=\u00a0\u00bb{}\u00a0\u00bb][et_pb_row admin_label=\u00a0\u00bbtitre\u00a0\u00bb _builder_version=\u00a0\u00bb4.16&Prime; _module_preset=\u00a0\u00bbdefault\u00a0\u00bb locked=\u00a0\u00bboff\u00a0\u00bb collapsed=\u00a0\u00bbon\u00a0\u00bb global_colors_info=\u00a0\u00bb{}\u00a0\u00bb][et_pb_column type=\u00a0\u00bb4_4&Prime; _builder_version=\u00a0\u00bb4.16&Prime; _module_preset=\u00a0\u00bbdefault\u00a0\u00bb global_colors_info=\u00a0\u00bb{}\u00a0\u00bb][et_pb_text _builder_version=\u00a0\u00bb4.16&Prime; _dynamic_attributes=\u00a0\u00bbcontent\u00a0\u00bb _module_preset=\u00a0\u00bbdefault\u00a0\u00bb text_font_size=\u00a0\u00bb30px\u00a0\u00bb header_font=\u00a0\u00bb|600|||||||\u00a0\u00bb global_colors_info=\u00a0\u00bb{}\u00a0\u00bb]@ET-DC@eyJkeW5hbWljIjp0cnVlLCJjb250ZW50IjoicG9zdF90aXRsZSIsInNldHRpbmdzIjp7ImJlZm9yZSI6IiIsImFmdGVyIjoiIn19@[\/et_pb_text][\/et_pb_column][\/et_pb_row][et_pb_row admin_label=\u00a0\u00bbrow\u00a0\u00bb _builder_version=\u00a0\u00bb4.16&Prime; background_size=\u00a0\u00bbinitial\u00a0\u00bb background_position=\u00a0\u00bbtop_left\u00a0\u00bb background_repeat=\u00a0\u00bbrepeat\u00a0\u00bb custom_padding=\u00a0\u00bb||||false|false\u00a0\u00bb global_colors_info=\u00a0\u00bb{}\u00a0\u00bb][et_pb_column type=\u00a0\u00bb4_4&Prime; _builder_version=\u00a0\u00bb4.16&Prime; custom_padding=\u00a0\u00bb|||\u00a0\u00bb global_colors_info=\u00a0\u00bb{}\u00a0\u00bb custom_padding__hover=\u00a0\u00bb|||\u00a0\u00bb][et_pb_text admin_label=\u00a0\u00bbText\u00a0\u00bb _builder_version=\u00a0\u00bb4.16&Prime; background_size=\u00a0\u00bbinitial\u00a0\u00bb background_position=\u00a0\u00bbtop_left\u00a0\u00bb background_repeat=\u00a0\u00bbrepeat\u00a0\u00bb custom_margin=\u00a0\u00bb||||false|false\u00a0\u00bb global_colors_info=\u00a0\u00bb{}\u00a0\u00bb]<\/p>\n<p style=\"text-align: justify;\"><strong><\/strong><\/p>\n<p style=\"text-align: justify;\"><strong><\/strong><\/p>\n<p style=\"text-align: justify;\"><strong>1. \u00c9DITEUR<\/strong><\/p>\n<p style=\"text-align: justify;\">VALKYRIE PARIS, immatricul\u00e9e au Registre du Commerce et des Soci\u00e9t\u00e9s de Antibes sous le num\u00e9ro 892 839 986, dont le si\u00e8ge social est situ\u00e9 au\u00a0116 Boulevard Wilson\u00a0&#8211; 06160 Juan-les-Pins, France.\u00a0<\/p>\n<p style=\"text-align: justify;\"><strong><\/strong><\/p>\n<p style=\"text-align: justify;\"><strong>2. H\u00c9BERGEUR<\/strong><\/p>\n<p style=\"text-align: justify;\">LWS<\/p>\n<p style=\"text-align: justify;\"><strong>3. CONCEPTION ET R\u00c9ALISATION<\/strong><\/p>\n<p style=\"text-align: justify;\">COFFEE-MARKETING<\/p>\n<p style=\"text-align: justify;\">\n<p style=\"text-align: justify;\"><strong>4. DONN\u00c9ES PERSONNELLES ET COOKIES<\/strong><\/p>\n<p style=\"text-align: justify;\">Le Site utilise des cookies (t\u00e9moins de connexion) ce dont l\u2019utilisateur est inform\u00e9 en arrivant sur le site internet qui permettent d\u2019enregistrer des informations relatives \u00e0 la navigation de l\u2019ordinateur sur le site internet. Ces cookies ne sont install\u00e9s qu\u2019apr\u00e8s acceptation par l\u2019utilisateur, la poursuite de la navigation sur le site internet valant acceptation. L\u2019utilisateur peut s\u2019opposer \u00e0 l\u2019utilisation de ces cookies en param\u00e9trant son navigateur, sachant que l\u2019acc\u00e8s \u00e0 certains services peut n\u00e9cessiter l\u2019acceptation pr\u00e9alable par l\u2019utilisateur des cookies. Conform\u00e9ment aux dispositions de la loi n\u00b0 78-17 du 6 janvier 1978 relative \u00e0 l&rsquo;informatique, aux fichiers et aux libert\u00e9s, le site a fait l&rsquo;objet d&rsquo;une d\u00e9claration \u00e0 la CNIL (Commission Nationale Informatique et Libert\u00e9s), sous le Num\u00e9ro 2155228 v 0 Toutes les informations de votre Compte ne sont utilis\u00e9es que dans le cadre de votre relation commerciale avec Valkyrie Paris et le site www.valkyrieparis-bijoux.fr. Ces informations ne sont jamais partag\u00e9es avec des tiers ou revendues. Enfin, vos informations bancaires ne sont jamais en notre possession. Les transactions sont enti\u00e8rement trait\u00e9es par le module de paiement s\u00e9curis\u00e9 de notre partenaire Le Cr\u00e9dit Lyonnais. Vous disposez d&rsquo;un droit d&rsquo;acc\u00e8s aux donn\u00e9es, ainsi qu&rsquo;un droit de modification et de suppression de celles-ci. Pour exercer ce droit, il suffit d&rsquo;\u00e9crire \u00e0 Valkyrie Paris via le formulaire de contact dans la rubrique \u00ab Contact \u00bb.<\/p>\n<p style=\"text-align: justify;\">Vous pouvez \u00e9galement acc\u00e9der aux informations vous concernant et proc\u00e9der \u00e9ventuellement aux rectifications n\u00e9cessaires directement sur le site en vous rendant sur votre compte. Enfin vous avez \u00e9galement la possibilit\u00e9 de vous d\u00e9sabonner des newsletters propos\u00e9es par www.valkyrieparis-bijoux.fr (newsletters &amp; sms) d\u2019un simple clic sur le lien pr\u00e9vu en bas de page dans la derni\u00e8re newsletter ou SMS que vous avez re\u00e7u.<\/p>\n<p style=\"text-align: justify;\"><strong>5. DROITS D&rsquo;AUTEUR<\/strong><\/p>\n<p style=\"text-align: justify;\">La reproduction ou repr\u00e9sentation, int\u00e9grale ou partielle, des pages, des images, des donn\u00e9es et de tout autre \u00e9l\u00e9ment constitutif au site www.valkyrieparis-bijoux.fr, par quelque proc\u00e9d\u00e9 ou support que ce soit, est interdite et constitue sans autorisation de l&rsquo;\u00e9diteur une contrefa\u00e7on.<\/p>\n<p>[\/et_pb_text][\/et_pb_column][\/et_pb_row][\/et_pb_section]<\/p>\n","protected":false},"excerpt":{"rendered":"<p>1. \u00c9DITEUR VALKYRIE PARIS, immatricul\u00e9e au Registre du Commerce et des Soci\u00e9t\u00e9s de Antibes sous le num\u00e9ro 892 839 986, dont le si\u00e8ge social est situ\u00e9 au\u00a0116 Boulevard Wilson\u00a0&#8211; 06160 Juan-les-Pins, France.\u00a0 2. H\u00c9BERGEUR LWS 3. CONCEPTION ET R\u00c9ALISATION COFFEE-MARKETING 4. DONN\u00c9ES PERSONNELLES ET COOKIES Le Site utilise des cookies (t\u00e9moins de connexion) ce dont [&hellip;]<\/p>\n","protected":false},"author":1,"featured_media":0,"parent":0,"menu_order":0,"comment_status":"closed","ping_status":"closed","template":"","meta":{"_et_pb_use_builder":"on","_et_pb_old_content":"<!-- wp:paragraph -->\n<p><\/p>\n<!-- \/wp:paragraph -->\n\n<!-- wp:paragraph -->\n<p><strong>1. \u00c9DITEUR<\/strong><\/p>\n<!-- \/wp:paragraph -->\n\n<!-- wp:paragraph -->\n<p>VALKYRIE PARIS, immatricul\u00e9e au Registre du Commerce et des Soci\u00e9t\u00e9s de Antibes sous le num\u00e9ro 892 839 986, dont le si\u00e8ge social est situ\u00e9 au&nbsp;116 Boulevard Wilson&nbsp;- 06160 Juan-les-Pins, France. La directrice de la publication est Laura Boccara repr\u00e9sentante l\u00e9gale de Valkyrie Paris. Contact :&nbsp;laura@valkyrie-paris.com<\/p>\n<!-- \/wp:paragraph -->\n\n<!-- wp:paragraph -->\n<p><strong>2. H\u00c9BERGEUR<\/strong><\/p>\n<!-- \/wp:paragraph -->\n\n<!-- wp:paragraph -->\n<p>Nom<\/p>\n<!-- \/wp:paragraph -->\n\n<!-- wp:paragraph -->\n<p><strong>3. CONCEPTION ET R\u00c9ALISATION<\/strong><\/p>\n<!-- \/wp:paragraph -->\n\n<!-- wp:paragraph -->\n<p>Nom<\/p>\n<!-- \/wp:paragraph -->\n\n<!-- wp:paragraph -->\n<p>Adresse<\/p>\n<!-- \/wp:paragraph -->\n\n<!-- wp:paragraph -->\n<p>Site web<\/p>\n<!-- \/wp:paragraph -->\n\n<!-- wp:paragraph -->\n<p><strong>4. DONN\u00c9ES PERSONNELLES ET COOKIES<\/strong><\/p>\n<!-- \/wp:paragraph -->\n\n<!-- wp:paragraph -->\n<p>Le Site utilise des cookies (t\u00e9moins de connexion) ce dont l\u2019utilisateur est inform\u00e9 en arrivant sur le site internet qui permettent d\u2019enregistrer des informations relatives \u00e0 la navigation de l\u2019ordinateur sur le site internet. Ces cookies ne sont install\u00e9s qu\u2019apr\u00e8s acceptation par l\u2019utilisateur, la poursuite de la navigation sur le site internet valant acceptation. L\u2019utilisateur peut s\u2019opposer \u00e0 l\u2019utilisation de ces cookies en param\u00e9trant son navigateur, sachant que l\u2019acc\u00e8s \u00e0 certains services peut n\u00e9cessiter l\u2019acceptation pr\u00e9alable par l\u2019utilisateur des cookies. Conform\u00e9ment aux dispositions de la loi n\u00b0 78-17 du 6 janvier 1978 relative \u00e0 l'informatique, aux fichiers et aux libert\u00e9s, le site a fait l'objet d'une d\u00e9claration \u00e0 la CNIL (Commission Nationale Informatique et Libert\u00e9s), sous le Num\u00e9ro 2155228 v 0 Toutes les informations de votre Compte ne sont utilis\u00e9es que dans le cadre de votre relation commerciale avec Valkyrie Paris et le site www.valkyrieparis-bijoux.fr. Ces informations ne sont jamais partag\u00e9es avec des tiers ou revendues. Enfin, vos informations bancaires ne sont jamais en notre possession. Les transactions sont enti\u00e8rement trait\u00e9es par le module de paiement s\u00e9curis\u00e9 de notre partenaire Le Cr\u00e9dit Lyonnais. Vous disposez d'un droit d'acc\u00e8s aux donn\u00e9es, ainsi qu'un droit de modification et de suppression de celles-ci. Pour exercer ce droit, il suffit d'\u00e9crire \u00e0 Valkyrie Paris via le formulaire de contact dans la rubrique \u00ab Contact \u00bb, ou encore d'envoyer un courrier \u00e0 Valkyrie Paris \u00e0 l'adresse :&nbsp;<\/p>\n<!-- \/wp:paragraph -->\n\n<!-- wp:paragraph -->\n<p>258 chemin de la Gabelle - 06220 Golfe Juan, France<\/p>\n<!-- \/wp:paragraph -->\n\n<!-- wp:paragraph -->\n<p>Vous pouvez \u00e9galement acc\u00e9der aux informations vous concernant et proc\u00e9der \u00e9ventuellement aux rectifications n\u00e9cessaires directement sur le site en vous rendant sur votre compte. Enfin vous avez \u00e9galement la possibilit\u00e9 de vous d\u00e9sabonner des newsletters propos\u00e9es par www.valkyrieparis-bijoux.fr (newsletters &amp; sms) d\u2019un simple clic sur le lien pr\u00e9vu en bas de page dans la derni\u00e8re newsletter ou SMS que vous avez re\u00e7u.<\/p>\n<!-- \/wp:paragraph -->\n\n<!-- wp:paragraph -->\n<p><strong>5. DROITS D'AUTEUR<\/strong><\/p>\n<!-- \/wp:paragraph -->\n\n<!-- wp:paragraph -->\n<p>La reproduction ou repr\u00e9sentation, int\u00e9grale ou partielle, des pages, des images, des donn\u00e9es et de tout autre \u00e9l\u00e9ment constitutif au site www.valkyrieparis-bijoux.fr, par quelque proc\u00e9d\u00e9 ou support que ce soit, est interdite et constitue sans autorisation de l'\u00e9diteur une contrefa\u00e7on.<\/p>\n<!-- \/wp:paragraph -->","_et_gb_content_width":"","footnotes":""},"class_list":["post-214619","page","type-page","status-publish","hentry"],"yoast_head":"<!-- This site is optimized with the Yoast SEO plugin v26.9 - https:\/\/yoast.com\/product\/yoast-seo-wordpress\/ -->\n<title>Mentions L\u00e9gales - Valkyrie Paris - Bijoux Charnels.<\/title>\n<meta name=\"description\" content=\"mentions l\u00e9gales Valkyrie Paris - D\u00e9couvrez nos collections de bijoux Charnels. Offres en ligne \u00e0 partir de 19 Euros.\" \/>\n<meta name=\"robots\" content=\"index, follow, max-snippet:-1, max-image-preview:large, max-video-preview:-1\" \/>\n<link rel=\"canonical\" href=\"https:\/\/valkyrieparis-bijoux.fr\/en\/nos-mentions-legales\/\" \/>\n<meta property=\"og:locale\" content=\"en_US\" \/>\n<meta property=\"og:type\" content=\"article\" \/>\n<meta property=\"og:title\" content=\"Mentions L\u00e9gales - Valkyrie Paris - Bijoux Charnels.\" \/>\n<meta property=\"og:description\" content=\"mentions l\u00e9gales Valkyrie Paris - D\u00e9couvrez nos collections de bijoux Charnels. Offres en ligne \u00e0 partir de 19 Euros.\" \/>\n<meta property=\"og:url\" content=\"https:\/\/valkyrieparis-bijoux.fr\/en\/nos-mentions-legales\/\" \/>\n<meta property=\"og:site_name\" content=\"Valkyrie Paris\" \/>\n<meta property=\"article:publisher\" content=\"https:\/\/www.facebook.com\/ValkyrieParis\" \/>\n<meta property=\"article:modified_time\" content=\"2024-02-27T12:21:04+00:00\" \/>\n<meta name=\"twitter:label1\" content=\"Est. reading time\" \/>\n\t<meta name=\"twitter:data1\" content=\"3 minutes\" \/>\n<script type=\"application\/ld+json\" class=\"yoast-schema-graph\">{\"@context\":\"https:\/\/schema.org\",\"@graph\":[{\"@type\":\"WebPage\",\"@id\":\"https:\/\/valkyrieparis-bijoux.fr\/en\/nos-mentions-legales\/\",\"url\":\"https:\/\/valkyrieparis-bijoux.fr\/en\/nos-mentions-legales\/\",\"name\":\"Mentions L\u00e9gales - Valkyrie Paris - Bijoux Charnels.\",\"isPartOf\":{\"@id\":\"https:\/\/valkyrieparis-bijoux.fr\/en\/#website\"},\"datePublished\":\"2021-03-29T13:14:06+00:00\",\"dateModified\":\"2024-02-27T12:21:04+00:00\",\"description\":\"mentions l\u00e9gales Valkyrie Paris - D\u00e9couvrez nos collections de bijoux Charnels. Offres en ligne \u00e0 partir de 19 Euros.\",\"inLanguage\":\"en-US\",\"potentialAction\":[{\"@type\":\"ReadAction\",\"target\":[\"https:\/\/valkyrieparis-bijoux.fr\/en\/nos-mentions-legales\/\"]}]},{\"@type\":\"WebSite\",\"@id\":\"https:\/\/valkyrieparis-bijoux.fr\/en\/#website\",\"url\":\"https:\/\/valkyrieparis-bijoux.fr\/en\/\",\"name\":\"Valkyrie Paris\",\"description\":\"Cr\u00e9ateurs de Bijoux Art D\u00e9co\",\"publisher\":{\"@id\":\"https:\/\/valkyrieparis-bijoux.fr\/en\/#organization\"},\"potentialAction\":[{\"@type\":\"SearchAction\",\"target\":{\"@type\":\"EntryPoint\",\"urlTemplate\":\"https:\/\/valkyrieparis-bijoux.fr\/en\/?s={search_term_string}\"},\"query-input\":{\"@type\":\"PropertyValueSpecification\",\"valueRequired\":true,\"valueName\":\"search_term_string\"}}],\"inLanguage\":\"en-US\"},{\"@type\":\"Organization\",\"@id\":\"https:\/\/valkyrieparis-bijoux.fr\/en\/#organization\",\"name\":\"Valkyrie Paris\",\"url\":\"https:\/\/valkyrieparis-bijoux.fr\/en\/\",\"logo\":{\"@type\":\"ImageObject\",\"inLanguage\":\"en-US\",\"@id\":\"https:\/\/valkyrieparis-bijoux.fr\/en\/#\/schema\/logo\/image\/\",\"url\":\"https:\/\/valkyrieparis-bijoux.fr\/wp-content\/uploads\/2021\/03\/Valkyrie_logo_noir-2.png\",\"contentUrl\":\"https:\/\/valkyrieparis-bijoux.fr\/wp-content\/uploads\/2021\/03\/Valkyrie_logo_noir-2.png\",\"width\":1000,\"height\":321,\"caption\":\"Valkyrie Paris\"},\"image\":{\"@id\":\"https:\/\/valkyrieparis-bijoux.fr\/en\/#\/schema\/logo\/image\/\"},\"sameAs\":[\"https:\/\/www.facebook.com\/ValkyrieParis\",\"https:\/\/www.instagram.com\/valkyrieparis\/\",\"https:\/\/www.pinterest.fr\/ValkyrieParis\/_created\/\"]}]}<\/script>\n<!-- \/ Yoast SEO plugin. -->","yoast_head_json":{"title":"Legal Notice - Valkyrie Paris - Bijoux Charnels.","description":"legal notice Valkyrie Paris - Discover our Charnels jewelry collections. Online offers from 19 Euros.","robots":{"index":"index","follow":"follow","max-snippet":"max-snippet:-1","max-image-preview":"max-image-preview:large","max-video-preview":"max-video-preview:-1"},"canonical":"https:\/\/valkyrieparis-bijoux.fr\/en\/nos-mentions-legales\/","og_locale":"en_US","og_type":"article","og_title":"Mentions L\u00e9gales - Valkyrie Paris - Bijoux Charnels.","og_description":"mentions l\u00e9gales Valkyrie Paris - D\u00e9couvrez nos collections de bijoux Charnels. Offres en ligne \u00e0 partir de 19 Euros.","og_url":"https:\/\/valkyrieparis-bijoux.fr\/en\/nos-mentions-legales\/","og_site_name":"Valkyrie Paris","article_publisher":"https:\/\/www.facebook.com\/ValkyrieParis","article_modified_time":"2024-02-27T12:21:04+00:00","twitter_misc":{"Est. reading time":"3 minutes"},"schema":{"@context":"https:\/\/schema.org","@graph":[{"@type":"WebPage","@id":"https:\/\/valkyrieparis-bijoux.fr\/en\/nos-mentions-legales\/","url":"https:\/\/valkyrieparis-bijoux.fr\/en\/nos-mentions-legales\/","name":"Legal Notice - Valkyrie Paris - Bijoux Charnels.","isPartOf":{"@id":"https:\/\/valkyrieparis-bijoux.fr\/en\/#website"},"datePublished":"2021-03-29T13:14:06+00:00","dateModified":"2024-02-27T12:21:04+00:00","description":"legal notice Valkyrie Paris - Discover our Charnels jewelry collections. Online offers from 19 Euros.","inLanguage":"en-US","potentialAction":[{"@type":"ReadAction","target":["https:\/\/valkyrieparis-bijoux.fr\/en\/nos-mentions-legales\/"]}]},{"@type":"WebSite","@id":"https:\/\/valkyrieparis-bijoux.fr\/en\/#website","url":"https:\/\/valkyrieparis-bijoux.fr\/en\/","name":"Valkyrie Paris","description":"Art Deco Jewellery Designers","publisher":{"@id":"https:\/\/valkyrieparis-bijoux.fr\/en\/#organization"},"potentialAction":[{"@type":"SearchAction","target":{"@type":"EntryPoint","urlTemplate":"https:\/\/valkyrieparis-bijoux.fr\/en\/?s={search_term_string}"},"query-input":{"@type":"PropertyValueSpecification","valueRequired":true,"valueName":"search_term_string"}}],"inLanguage":"en-US"},{"@type":"Organization","@id":"https:\/\/valkyrieparis-bijoux.fr\/en\/#organization","name":"Valkyrie Paris","url":"https:\/\/valkyrieparis-bijoux.fr\/en\/","logo":{"@type":"ImageObject","inLanguage":"en-US","@id":"https:\/\/valkyrieparis-bijoux.fr\/en\/#\/schema\/logo\/image\/","url":"https:\/\/valkyrieparis-bijoux.fr\/wp-content\/uploads\/2021\/03\/Valkyrie_logo_noir-2.png","contentUrl":"https:\/\/valkyrieparis-bijoux.fr\/wp-content\/uploads\/2021\/03\/Valkyrie_logo_noir-2.png","width":1000,"height":321,"caption":"Valkyrie Paris"},"image":{"@id":"https:\/\/valkyrieparis-bijoux.fr\/en\/#\/schema\/logo\/image\/"},"sameAs":["https:\/\/www.facebook.com\/ValkyrieParis","https:\/\/www.instagram.com\/valkyrieparis\/","https:\/\/www.pinterest.fr\/ValkyrieParis\/_created\/"]}]}},"_links":{"self":[{"href":"https:\/\/valkyrieparis-bijoux.fr\/en\/wp-json\/wp\/v2\/pages\/214619","targetHints":{"allow":["GET"]}}],"collection":[{"href":"https:\/\/valkyrieparis-bijoux.fr\/en\/wp-json\/wp\/v2\/pages"}],"about":[{"href":"https:\/\/valkyrieparis-bijoux.fr\/en\/wp-json\/wp\/v2\/types\/page"}],"author":[{"embeddable":true,"href":"https:\/\/valkyrieparis-bijoux.fr\/en\/wp-json\/wp\/v2\/users\/1"}],"replies":[{"embeddable":true,"href":"https:\/\/valkyrieparis-bijoux.fr\/en\/wp-json\/wp\/v2\/comments?post=214619"}],"version-history":[{"count":0,"href":"https:\/\/valkyrieparis-bijoux.fr\/en\/wp-json\/wp\/v2\/pages\/214619\/revisions"}],"wp:attachment":[{"href":"https:\/\/valkyrieparis-bijoux.fr\/en\/wp-json\/wp\/v2\/media?parent=214619"}],"curies":[{"name":"wp","href":"https:\/\/api.w.org\/{rel}","templated":true}]}}