{"id":214078,"date":"2021-03-08T14:45:07","date_gmt":"2021-03-08T13:45:07","guid":{"rendered":"https:\/\/valkyrieparis-bijoux.fr\/?page_id=214078"},"modified":"2024-02-27T13:04:42","modified_gmt":"2024-02-27T12:04:42","slug":"politique-de-retours-echanges","status":"publish","type":"page","link":"https:\/\/valkyrieparis-bijoux.fr\/en\/politique-de-retours-echanges\/","title":{"rendered":"Shipping &amp; Returns Policy"},"content":{"rendered":"<p>[et_pb_section fb_built=\u00a0\u00bb1&Prime; admin_label=\u00a0\u00bbsection\u00a0\u00bb _builder_version=\u00a0\u00bb4.24.2&Prime; custom_margin=\u00a0\u00bb||241px||false|false\u00a0\u00bb hover_enabled=\u00a0\u00bb0&Prime; global_colors_info=\u00a0\u00bb{}\u00a0\u00bb sticky_enabled=\u00a0\u00bb0&Prime; custom_margin_last_edited=\u00a0\u00bbon|phone\u00a0\u00bb custom_margin_phone=\u00a0\u00bb||400px||false|false\u00a0\u00bb custom_margin_tablet=\u00a0\u00bb||241px||false|false\u00a0\u00bb][et_pb_row _builder_version=\u00a0\u00bb4.16&Prime; _module_preset=\u00a0\u00bbdefault\u00a0\u00bb min_height=\u00a0\u00bb100px\u00a0\u00bb custom_margin=\u00a0\u00bb52px||||false|false\u00a0\u00bb global_colors_info=\u00a0\u00bb{}\u00a0\u00bb][et_pb_column type=\u00a0\u00bb4_4&Prime; _builder_version=\u00a0\u00bb4.16&Prime; _module_preset=\u00a0\u00bbdefault\u00a0\u00bb global_colors_info=\u00a0\u00bb{}\u00a0\u00bb][et_pb_text _builder_version=\u00a0\u00bb4.24.2&Prime; _module_preset=\u00a0\u00bbdefault\u00a0\u00bb custom_padding=\u00a0\u00bb0px|||||\u00a0\u00bb hover_enabled=\u00a0\u00bb0&Prime; global_colors_info=\u00a0\u00bb{}\u00a0\u00bb sticky_enabled=\u00a0\u00bb0&Prime;]<\/p>\n<h2><span>POLITIQUE DE LIVRAISON<span class=\"Apple-converted-space\">\u00a0<\/span><\/span><\/h2>\n<p><span><span class=\"Apple-converted-space\"><\/span><\/span><\/p>\n<p><span><span class=\"Apple-converted-space\"><\/span><\/span><\/p>\n<p style=\"text-align: justify;\"><span>Chers clients,<\/span><\/p>\n<p style=\"text-align: justify;\"><span>Nous comprenons l\u2019impatience que repr\u00e9sente l\u2019attente de votre nouveau bijou. C\u2019est pourquoi nous nous engageons \u00e0 vous offrir une exp\u00e9rience de livraison transparente et efficace. Nous travaillons avec des partenaires de livraison fiables pour assurer que votre colis arrive en toute s\u00e9curit\u00e9 et dans les meilleurs d\u00e9lais.<\/span><\/p>\n<p style=\"text-align: justify;\"><span><\/span><\/p>\n<p style=\"text-align: justify;\"><span><b>La livraison en France M\u00e9tropolitaine<\/b><\/span><\/p>\n<p style=\"text-align: justify;\"><span>Nous sommes ravis d\u2019offrir la livraison sur tous nos bijoux pour nos clients r\u00e9sidant en France M\u00e9tropolitaine. D\u00e8s que vous passez commande, nous mettons tout en oeuvre pour pr\u00e9parer votre bijou avec soin et rapidit\u00e9.<span class=\"Apple-converted-space\">\u00a0<\/span><\/span><\/p>\n<p style=\"text-align: justify;\"><span>Si votre taille est en stock, vous recevrez votre commande sous deux \u00e0 trois jours ouvr\u00e9s. Sinon, une mise \u00e0 taille sera effectu\u00e9e sous sept \u00e0 dix jours environ (vous en serez alors inform\u00e9 par message).<\/span><\/p>\n<p style=\"text-align: justify;\"><span><\/span><\/p>\n<p style=\"text-align: justify;\"><span><b>La livraison \u00e0 l\u2019International<\/b><\/span><\/p>\n<p style=\"text-align: justify;\"><span>Pour nos clients internationaux, nous souhaitons apporter la m\u00eame qualit\u00e9 et le m\u00eame soin. Un frais de port fixe de 4,95 euros sera appliqu\u00e9 \u00e0 votre commande, peu importe votre localisation dans le monde.<\/span><\/p>\n<p style=\"text-align: justify;\"><span><\/span><\/p>\n<p style=\"text-align: justify;\"><span><b>Le suivi de votre commande<\/b><\/span><\/p>\n<p style=\"text-align: justify;\"><span>Une fois votre commande exp\u00e9di\u00e9e, vous recevrez un e-mail de confirmation avec le num\u00e9ro de suivi de votre colis. Cela vous permettra de suivre l\u2019avancement de votre livraison et de savoir exactement quand vous allez recevoir votre pr\u00e9cieux achat.<\/span><\/p>\n<p style=\"text-align: justify;\"><span><\/span><\/p>\n<p style=\"text-align: justify;\"><span>Nous sommes impatients de vous faire d\u00e9couvrir la beaut\u00e9 et la qualit\u00e9 de nos bijoux haute-fantaisies !<\/span><\/p>\n<p>[\/et_pb_text][\/et_pb_column][\/et_pb_row][et_pb_row _builder_version=\u00a0\u00bb4.24.2&Prime; _module_preset=\u00a0\u00bbdefault\u00a0\u00bb min_height=\u00a0\u00bb1003px\u00a0\u00bb height=\u00a0\u00bb1000px\u00a0\u00bb max_height=\u00a0\u00bb1000px\u00a0\u00bb custom_margin=\u00a0\u00bb52px||0px||false|false\u00a0\u00bb custom_padding=\u00a0\u00bb||0px||false|false\u00a0\u00bb global_colors_info=\u00a0\u00bb{}\u00a0\u00bb][et_pb_column type=\u00a0\u00bb4_4&Prime; _builder_version=\u00a0\u00bb4.16&Prime; _module_preset=\u00a0\u00bbdefault\u00a0\u00bb global_colors_info=\u00a0\u00bb{}\u00a0\u00bb][et_pb_text content_last_edited=\u00a0\u00bboff|desktop\u00a0\u00bb _builder_version=\u00a0\u00bb4.24.2&Prime; _module_preset=\u00a0\u00bbdefault\u00a0\u00bb custom_padding=\u00a0\u00bb0px|||||\u00a0\u00bb global_colors_info=\u00a0\u00bb{}\u00a0\u00bb]<\/p>\n<h2><span>ECHANGES &amp; REMBOURSEMENTS<\/span><\/h2>\n<p><span><\/span><\/p>\n<p style=\"text-align: justify;\"><span>Nous souhaitons que votre exp\u00e9rience au sein de notre boutique en ligne soit aussi satisfaisante et agr\u00e9able que possible. Nous comprenons qu\u2019il peut arriver que le bijou re\u00e7u ne corresponde pas parfaitement \u00e0 vos attentes ou \u00e0 votre taille. C\u2019est pourquoi nous avons mis en place une politique de retours simple et pratique pour vous.<\/span><\/p>\n<p style=\"text-align: justify;\"><span><\/span><\/p>\n<p style=\"text-align: justify;\"><span><b>Le d\u00e9lai de retour<\/b><\/span><\/p>\n<p style=\"text-align: justify;\"><span>Vous disposez de 15 jours apr\u00e8s la r\u00e9ception de votre colis pour initier une demande de retour. Ce d\u00e9lai vous permet de r\u00e9fl\u00e9chir \u00e0 votre achat et de vous assurer que le bijou vous convient parfaitement. Pour un remboursement, il faudra par ailleurs nous annoncer votre souhait de retour dans les trois jours maximum suivants la livraison du bijou.<\/span><\/p>\n<p style=\"text-align: justify;\"><span><\/span><\/p>\n<p style=\"text-align: justify;\"><span><b>Nos conditions de retour<\/b><\/span><\/p>\n<p style=\"text-align: justify;\"><span>Pour qu\u2019un bijou soit \u00e9ligible \u00e0 un \u00e9change ou \u00e0 un remboursement, il est imp\u00e9ratif qu\u2019il soit dans son \u00e9tat d\u2019origine et n\u2019ait jamais \u00e9t\u00e9 port\u00e9. Cela inclut, sans s\u2019y limiter, l\u2019absence de rayures, de dommages ou de modifications de toute sorte. Le bijou doit \u00e9galement \u00eatre retourn\u00e9 avec l\u2019\u00e9crin, le pochon et le certificat d\u2019authenticit\u00e9 qui l\u2019accompagnent.<\/span><\/p>\n<p style=\"text-align: justify;\"><span><\/span><\/p>\n<p style=\"text-align: justify;\"><span><b>Les solutions qui s\u2019offrent \u00e0 vous<span class=\"Apple-converted-space\">\u00a0<\/span><\/b><\/span><span><\/span><\/p>\n<ul style=\"text-align: justify;\">\n<li><span>L&rsquo;\u00e9change de taille de bague<\/span><\/li>\n<li><span>L&rsquo;\u00e9change de mod\u00e8le : sous r\u00e9serve de disponibilit\u00e9 de l\u2019article souhait\u00e9<\/span><\/li>\n<li><span>Le remboursement total de votre commande<\/span><\/li>\n<\/ul>\n<p style=\"text-align: justify;\"><span><\/span><\/p>\n<p style=\"text-align: justify;\"><span><b>Comment proc\u00e9der au retour de votre colis ?<\/b><\/span><\/p>\n<p style=\"text-align: justify;\"><span>Merci de bien vouloir nous envoyer un mail \u00e0 l\u2019adresse <a href=\"mailto:laura@valkyrie-paris.com\">laura@valkyrie-paris.com<\/a> ou via notre <a href=\"https:\/\/valkyrieparis-bijoux.fr\/contactez-valkyrie-paris\/\">formulaire de contact<\/a> en indiquant :<span class=\"Apple-converted-space\">\u00a0<\/span><\/span><\/p>\n<p style=\"text-align: justify;\"><span><\/span><\/p>\n<p>Votre nom et pr\u00e9nom<br \/>Votre num\u00e9ro de commande<br \/>Le motif du retour (facultatif)<\/p>\n<p style=\"text-align: justify;\"><span>Merci d\u2019emballer soigneusement le bijou dans son \u00e9crin d\u2019origine en vous assurant qu\u2019il soit bien prot\u00e9g\u00e9 pour le transport.\u00a0<\/span><span>A r\u00e9ception de votre colis, nous inspecterons le bijou pour nous assurer qu\u2019il respecte les conditions pr\u00e9cis\u00e9es ci-dessus.<\/span><\/p>\n<p style=\"text-align: justify;\"><span><\/span><\/p>\n<p style=\"text-align: justify;\"><span><\/span><\/p>\n<p style=\"text-align: justify;\"><span><\/span><\/p>\n<p style=\"text-align: center;\"><span>Nous vous remercions de votre confiance et nous engageons \u00e0 traiter votre demande de la mani\u00e8re la plus rapide et efficace possible. Notre objectif est de vous garantir une exp\u00e9rience d\u2019achat avec confiance et s\u00e9r\u00e9nit\u00e9.<\/span><\/p>\n<p style=\"text-align: center;\"><span><\/span><\/p>\n<p style=\"text-align: center;\"><span>Si vous avez des questions suppl\u00e9mentaires, n\u2019h\u00e9sitez pas \u00e0 nous <a href=\"https:\/\/valkyrieparis-bijoux.fr\/contactez-valkyrie-paris\/\">\u00e9crire<\/a>. Nous serions ravis de vous lire !<\/span><\/p>\n<p style=\"text-align: center;\"><span><\/span><\/p>\n<p style=\"text-align: center;\"><span>Merci de choisir notre boutique pour vos pr\u00e9cieux achats.<\/span><\/p>\n<p>[\/et_pb_text][\/et_pb_column][\/et_pb_row][\/et_pb_section]<\/p>\n","protected":false},"excerpt":{"rendered":"<p>POLITIQUE DE LIVRAISON\u00a0 Chers clients, Nous comprenons l\u2019impatience que repr\u00e9sente l\u2019attente de votre nouveau bijou. C\u2019est pourquoi nous nous engageons \u00e0 vous offrir une exp\u00e9rience de livraison transparente et efficace. Nous travaillons avec des partenaires de livraison fiables pour assurer que votre colis arrive en toute s\u00e9curit\u00e9 et dans les meilleurs d\u00e9lais. La livraison en [&hellip;]<\/p>\n","protected":false},"author":1,"featured_media":0,"parent":0,"menu_order":0,"comment_status":"closed","ping_status":"closed","template":"","meta":{"_et_pb_use_builder":"on","_et_pb_old_content":"<!-- wp:paragraph -->\n<p><\/p>\n<!-- \/wp:paragraph -->\n\n<!-- wp:image {\"id\":216294,\"sizeSlug\":\"large\",\"linkDestination\":\"media\"} -->\n<figure class=\"wp-block-image size-large\"><a href=\"https:\/\/valkyrieparis-bijoux.fr\/wp-content\/uploads\/2021\/04\/Capture-decran-2021-04-06-a-18.50.46.png\"><img src=\"https:\/\/valkyrieparis-bijoux.fr\/wp-content\/uploads\/2021\/04\/Capture-decran-2021-04-06-a-18.50.46-1024x915.png\" alt=\"\" class=\"wp-image-216294\"\/><\/a><\/figure>\n<!-- \/wp:image -->\n\n<!-- wp:paragraph -->\n<p>Livraison vers la France M\u00e9tropolitaine, Monaco et la Corse<\/p>\n<!-- \/wp:paragraph -->\n\n<!-- wp:paragraph -->\n<p>Livraison Standard offerte d\u00e8s 90 euros d\u2019achat.<\/p>\n<!-- \/wp:paragraph -->\n\n<!-- wp:paragraph -->\n<p>Livraison vers l\u2019Union Europ\u00e9enne et les DOM-TOM<\/p>\n<!-- \/wp:paragraph -->\n\n<!-- wp:paragraph -->\n<p>ECHANGES &amp; REMBOURSEMENTS<\/p>\n<!-- \/wp:paragraph -->\n\n<!-- wp:paragraph -->\n<p>Vous disposez d\u2019un d\u00e9lai de 15 jours \u00e0 compter de la r\u00e9ception de votre commande pour nous retourner votre article.<\/p>\n<!-- \/wp:paragraph -->\n\n<!-- wp:paragraph -->\n<p>Les bijoux sold\u00e9s ne feront l\u2019objet d\u2019aucun remboursement.<\/p>\n<!-- \/wp:paragraph -->\n\n<!-- wp:paragraph -->\n<p>Votre retour sera accept\u00e9 seulement si le produit retourn\u00e9 est dans son \u00e9tat d\u2019origine. Aucun bijou port\u00e9 ou ab\u00eem\u00e9 ne fera l\u2019objet d\u2019un remboursement.<\/p>\n<!-- \/wp:paragraph -->\n\n<!-- wp:paragraph -->\n<p>Nous vous proposons deux options :&nbsp;<\/p>\n<!-- \/wp:paragraph -->\n\n<!-- wp:paragraph -->\n<p>&gt;&nbsp; Un remboursement total hors frais de livraison. Les frais de retour sont \u00e0 votre charge<\/p>\n<!-- \/wp:paragraph -->\n\n<!-- wp:paragraph -->\n<p>&gt; Un bon d\u2019achat valable 1 an sur notre e-shop et utilisable en une seule fois. Ce bon d\u2019achat correspondra au montant de votre commande frais de livraison inclus. Les frais de retour sont \u00e0 notre charge.<\/p>\n<!-- \/wp:paragraph -->\n\n<!-- wp:paragraph -->\n<p>Proc\u00e9dure de retour<\/p>\n<!-- \/wp:paragraph -->\n\n<!-- wp:paragraph -->\n<p>1 Merci de bien vouloir nous envoyer un mail \u00e0 l\u2019adresse <a href=\"mailto:laura@valkyrie-paris.com\">laura@valkyrie-paris.com<\/a> en indiquant :&nbsp;<\/p>\n<!-- \/wp:paragraph -->\n\n<!-- wp:paragraph -->\n<p>Votre nom et pr\u00e9nom<\/p>\n<!-- \/wp:paragraph -->\n\n<!-- wp:paragraph -->\n<p>Votre num\u00e9ro de commande<\/p>\n<!-- \/wp:paragraph -->\n\n<!-- wp:paragraph -->\n<p>Le motif du retour<\/p>\n<!-- \/wp:paragraph -->\n\n<!-- wp:paragraph -->\n<p>L\u2019option que vous choisissez : remboursement ou bon d\u2019achat (s\u2019il s\u2019agit d\u2019un bon d\u2019achat nous vous envoyons un bordereau de retour pr\u00e9pay\u00e9)<\/p>\n<!-- \/wp:paragraph -->\n\n<!-- wp:paragraph -->\n<p>2 Nous vous invitons \u00e0 retourner votre commande dans son emballage d\u2019origine (bo\u00eete et pochon) avec le certificat d\u2019authenticit\u00e9 \u00e0 l\u2019adresse suivante :&nbsp;<\/p>\n<!-- \/wp:paragraph -->\n\n<!-- wp:paragraph -->\n<p>Valkyrie Paris<\/p>\n<!-- \/wp:paragraph -->\n\n<!-- wp:paragraph -->\n<p>258 chemin de la Gabelle<\/p>\n<!-- \/wp:paragraph -->\n\n<!-- wp:paragraph -->\n<p>06220 Golfe Juan, France<\/p>\n<!-- \/wp:paragraph -->\n\n<!-- wp:paragraph -->\n<p>Apr\u00e8s r\u00e9ception de votre colis et v\u00e9rification de l\u2019\u00e9tat des bijoux nous nous engageons \u00e0 vous rembourser ou \u00e0 vous envoyer votre bon d\u2019achat valable 1 an.<\/p>\n<!-- \/wp:paragraph -->\n\n<!-- wp:paragraph -->\n<p>Ces envois restent sous votre enti\u00e8re responsabilit\u00e9 en cas de probl\u00e8me par les services postaux.<\/p>\n<!-- \/wp:paragraph -->\n\n<!-- wp:paragraph -->\n<p>Pour toute question n\u2019h\u00e9sitez pas \u00e0 nous \u00e9crire.<\/p>\n<!-- \/wp:paragraph -->","_et_gb_content_width":"","footnotes":""},"class_list":["post-214078","page","type-page","status-publish","hentry"],"yoast_head":"<!-- This site is optimized with the Yoast SEO plugin v26.9 - https:\/\/yoast.com\/product\/yoast-seo-wordpress\/ -->\n<title>Politique de Livraison &amp; Retours - Valkyrie Paris bijoux<\/title>\n<meta name=\"description\" content=\"Politique de retours et \u00e9changes - Valkyrie Paris - Bijoux Charnels cr\u00e9\u00e9s \u00e0 Paris - D\u00e9couvrez nos offres en ligne.\" \/>\n<meta name=\"robots\" content=\"index, follow, max-snippet:-1, max-image-preview:large, max-video-preview:-1\" \/>\n<link rel=\"canonical\" href=\"https:\/\/valkyrieparis-bijoux.fr\/en\/politique-de-retours-echanges\/\" \/>\n<meta property=\"og:locale\" content=\"en_US\" \/>\n<meta property=\"og:type\" content=\"article\" \/>\n<meta property=\"og:title\" content=\"Politique de Livraison &amp; Retours - Valkyrie Paris bijoux\" \/>\n<meta property=\"og:description\" content=\"Politique de retours et \u00e9changes - Valkyrie Paris - Bijoux Charnels cr\u00e9\u00e9s \u00e0 Paris - D\u00e9couvrez nos offres en ligne.\" \/>\n<meta property=\"og:url\" content=\"https:\/\/valkyrieparis-bijoux.fr\/en\/politique-de-retours-echanges\/\" \/>\n<meta property=\"og:site_name\" content=\"Valkyrie Paris\" \/>\n<meta property=\"article:publisher\" content=\"https:\/\/www.facebook.com\/ValkyrieParis\" \/>\n<meta property=\"article:modified_time\" content=\"2024-02-27T12:04:42+00:00\" \/>\n<meta name=\"twitter:label1\" content=\"Est. reading time\" \/>\n\t<meta name=\"twitter:data1\" content=\"2 minutes\" \/>\n<script type=\"application\/ld+json\" class=\"yoast-schema-graph\">{\"@context\":\"https:\/\/schema.org\",\"@graph\":[{\"@type\":\"WebPage\",\"@id\":\"https:\/\/valkyrieparis-bijoux.fr\/en\/politique-de-retours-echanges\/\",\"url\":\"https:\/\/valkyrieparis-bijoux.fr\/en\/politique-de-retours-echanges\/\",\"name\":\"Politique de Livraison & Retours - Valkyrie Paris bijoux\",\"isPartOf\":{\"@id\":\"https:\/\/valkyrieparis-bijoux.fr\/en\/#website\"},\"datePublished\":\"2021-03-08T13:45:07+00:00\",\"dateModified\":\"2024-02-27T12:04:42+00:00\",\"description\":\"Politique de retours et \u00e9changes - Valkyrie Paris - Bijoux Charnels cr\u00e9\u00e9s \u00e0 Paris - D\u00e9couvrez nos offres en ligne.\",\"inLanguage\":\"en-US\",\"potentialAction\":[{\"@type\":\"ReadAction\",\"target\":[\"https:\/\/valkyrieparis-bijoux.fr\/en\/politique-de-retours-echanges\/\"]}]},{\"@type\":\"WebSite\",\"@id\":\"https:\/\/valkyrieparis-bijoux.fr\/en\/#website\",\"url\":\"https:\/\/valkyrieparis-bijoux.fr\/en\/\",\"name\":\"Valkyrie Paris\",\"description\":\"Cr\u00e9ateurs de Bijoux Art D\u00e9co\",\"publisher\":{\"@id\":\"https:\/\/valkyrieparis-bijoux.fr\/en\/#organization\"},\"potentialAction\":[{\"@type\":\"SearchAction\",\"target\":{\"@type\":\"EntryPoint\",\"urlTemplate\":\"https:\/\/valkyrieparis-bijoux.fr\/en\/?s={search_term_string}\"},\"query-input\":{\"@type\":\"PropertyValueSpecification\",\"valueRequired\":true,\"valueName\":\"search_term_string\"}}],\"inLanguage\":\"en-US\"},{\"@type\":\"Organization\",\"@id\":\"https:\/\/valkyrieparis-bijoux.fr\/en\/#organization\",\"name\":\"Valkyrie Paris\",\"url\":\"https:\/\/valkyrieparis-bijoux.fr\/en\/\",\"logo\":{\"@type\":\"ImageObject\",\"inLanguage\":\"en-US\",\"@id\":\"https:\/\/valkyrieparis-bijoux.fr\/en\/#\/schema\/logo\/image\/\",\"url\":\"https:\/\/valkyrieparis-bijoux.fr\/wp-content\/uploads\/2021\/03\/Valkyrie_logo_noir-2.png\",\"contentUrl\":\"https:\/\/valkyrieparis-bijoux.fr\/wp-content\/uploads\/2021\/03\/Valkyrie_logo_noir-2.png\",\"width\":1000,\"height\":321,\"caption\":\"Valkyrie Paris\"},\"image\":{\"@id\":\"https:\/\/valkyrieparis-bijoux.fr\/en\/#\/schema\/logo\/image\/\"},\"sameAs\":[\"https:\/\/www.facebook.com\/ValkyrieParis\",\"https:\/\/www.instagram.com\/valkyrieparis\/\",\"https:\/\/www.pinterest.fr\/ValkyrieParis\/_created\/\"]}]}<\/script>\n<!-- \/ Yoast SEO plugin. -->","yoast_head_json":{"title":"Shipping &amp; Returns Policy - Valkyrie Paris bijoux","description":"Returns and exchanges policy - Valkyrie Paris - Bijoux Charnels cr\u00e9\u00e9 \u00e0 Paris - Discover our online offers.","robots":{"index":"index","follow":"follow","max-snippet":"max-snippet:-1","max-image-preview":"max-image-preview:large","max-video-preview":"max-video-preview:-1"},"canonical":"https:\/\/valkyrieparis-bijoux.fr\/en\/politique-de-retours-echanges\/","og_locale":"en_US","og_type":"article","og_title":"Politique de Livraison & Retours - Valkyrie Paris bijoux","og_description":"Politique de retours et \u00e9changes - Valkyrie Paris - Bijoux Charnels cr\u00e9\u00e9s \u00e0 Paris - D\u00e9couvrez nos offres en ligne.","og_url":"https:\/\/valkyrieparis-bijoux.fr\/en\/politique-de-retours-echanges\/","og_site_name":"Valkyrie Paris","article_publisher":"https:\/\/www.facebook.com\/ValkyrieParis","article_modified_time":"2024-02-27T12:04:42+00:00","twitter_misc":{"Est. reading time":"2 minutes"},"schema":{"@context":"https:\/\/schema.org","@graph":[{"@type":"WebPage","@id":"https:\/\/valkyrieparis-bijoux.fr\/en\/politique-de-retours-echanges\/","url":"https:\/\/valkyrieparis-bijoux.fr\/en\/politique-de-retours-echanges\/","name":"Shipping &amp; Returns Policy - Valkyrie Paris bijoux","isPartOf":{"@id":"https:\/\/valkyrieparis-bijoux.fr\/en\/#website"},"datePublished":"2021-03-08T13:45:07+00:00","dateModified":"2024-02-27T12:04:42+00:00","description":"Returns and exchanges policy - Valkyrie Paris - Bijoux Charnels cr\u00e9\u00e9 \u00e0 Paris - Discover our online offers.","inLanguage":"en-US","potentialAction":[{"@type":"ReadAction","target":["https:\/\/valkyrieparis-bijoux.fr\/en\/politique-de-retours-echanges\/"]}]},{"@type":"WebSite","@id":"https:\/\/valkyrieparis-bijoux.fr\/en\/#website","url":"https:\/\/valkyrieparis-bijoux.fr\/en\/","name":"Valkyrie Paris","description":"Art Deco Jewellery Designers","publisher":{"@id":"https:\/\/valkyrieparis-bijoux.fr\/en\/#organization"},"potentialAction":[{"@type":"SearchAction","target":{"@type":"EntryPoint","urlTemplate":"https:\/\/valkyrieparis-bijoux.fr\/en\/?s={search_term_string}"},"query-input":{"@type":"PropertyValueSpecification","valueRequired":true,"valueName":"search_term_string"}}],"inLanguage":"en-US"},{"@type":"Organization","@id":"https:\/\/valkyrieparis-bijoux.fr\/en\/#organization","name":"Valkyrie Paris","url":"https:\/\/valkyrieparis-bijoux.fr\/en\/","logo":{"@type":"ImageObject","inLanguage":"en-US","@id":"https:\/\/valkyrieparis-bijoux.fr\/en\/#\/schema\/logo\/image\/","url":"https:\/\/valkyrieparis-bijoux.fr\/wp-content\/uploads\/2021\/03\/Valkyrie_logo_noir-2.png","contentUrl":"https:\/\/valkyrieparis-bijoux.fr\/wp-content\/uploads\/2021\/03\/Valkyrie_logo_noir-2.png","width":1000,"height":321,"caption":"Valkyrie Paris"},"image":{"@id":"https:\/\/valkyrieparis-bijoux.fr\/en\/#\/schema\/logo\/image\/"},"sameAs":["https:\/\/www.facebook.com\/ValkyrieParis","https:\/\/www.instagram.com\/valkyrieparis\/","https:\/\/www.pinterest.fr\/ValkyrieParis\/_created\/"]}]}},"_links":{"self":[{"href":"https:\/\/valkyrieparis-bijoux.fr\/en\/wp-json\/wp\/v2\/pages\/214078","targetHints":{"allow":["GET"]}}],"collection":[{"href":"https:\/\/valkyrieparis-bijoux.fr\/en\/wp-json\/wp\/v2\/pages"}],"about":[{"href":"https:\/\/valkyrieparis-bijoux.fr\/en\/wp-json\/wp\/v2\/types\/page"}],"author":[{"embeddable":true,"href":"https:\/\/valkyrieparis-bijoux.fr\/en\/wp-json\/wp\/v2\/users\/1"}],"replies":[{"embeddable":true,"href":"https:\/\/valkyrieparis-bijoux.fr\/en\/wp-json\/wp\/v2\/comments?post=214078"}],"version-history":[{"count":0,"href":"https:\/\/valkyrieparis-bijoux.fr\/en\/wp-json\/wp\/v2\/pages\/214078\/revisions"}],"wp:attachment":[{"href":"https:\/\/valkyrieparis-bijoux.fr\/en\/wp-json\/wp\/v2\/media?parent=214078"}],"curies":[{"name":"wp","href":"https:\/\/api.w.org\/{rel}","templated":true}]}}