{"id":213906,"date":"2021-03-04T15:13:23","date_gmt":"2021-03-04T14:13:23","guid":{"rendered":"https:\/\/valkyrieparis-bijoux.fr\/?page_id=213906"},"modified":"2025-08-27T15:05:03","modified_gmt":"2025-08-27T14:05:03","slug":"nettoyer-bijoux-argent-entretenir-vos-bijoux","status":"publish","type":"page","link":"https:\/\/valkyrieparis-bijoux.fr\/en\/nettoyer-bijoux-argent-entretenir-vos-bijoux\/","title":{"rendered":"Entretenir vos bijoux"},"content":{"rendered":"<p>[et_pb_section fb_built=\u00a0\u00bb1&Prime; _builder_version=\u00a0\u00bb4.24.2&Prime; _module_preset=\u00a0\u00bbdefault\u00a0\u00bb custom_margin_tablet=\u00a0\u00bb\u00a0\u00bb custom_margin_phone=\u00a0\u00bb-61px||||false|false\u00a0\u00bb custom_margin_last_edited=\u00a0\u00bbon|phone\u00a0\u00bb global_colors_info=\u00a0\u00bb{}\u00a0\u00bb][et_pb_row use_custom_gutter=\u00a0\u00bbon\u00a0\u00bb make_equal=\u00a0\u00bbon\u00a0\u00bb _builder_version=\u00a0\u00bb4.16&Prime; _module_preset=\u00a0\u00bbdefault\u00a0\u00bb max_width=\u00a0\u00bb2560px\u00a0\u00bb global_colors_info=\u00a0\u00bb{}\u00a0\u00bb][et_pb_column type=\u00a0\u00bb4_4&Prime; _builder_version=\u00a0\u00bb4.16&Prime; _module_preset=\u00a0\u00bbdefault\u00a0\u00bb global_colors_info=\u00a0\u00bb{}\u00a0\u00bb][et_pb_image src=\u00a0\u00bbhttps:\/\/valkyrieparis-bijoux.fr\/wp-content\/uploads\/2025\/08\/CAMB8863.jpg\u00a0\u00bb alt=\u00a0\u00bbentretenir-vos-bijoux\u00a0\u00bb title_text=\u00a0\u00bbentretenir-vos-bijoux\u00a0\u00bb _builder_version=\u00a0\u00bb4.27.4&Prime; _module_preset=\u00a0\u00bbdefault\u00a0\u00bb custom_margin_tablet=\u00a0\u00bb\u00a0\u00bb custom_margin_phone=\u00a0\u00bb54px||-27px||false|false\u00a0\u00bb custom_margin_last_edited=\u00a0\u00bbon|phone\u00a0\u00bb custom_padding_tablet=\u00a0\u00bb\u00a0\u00bb custom_padding_phone=\u00a0\u00bb35px||||false|false\u00a0\u00bb custom_padding_last_edited=\u00a0\u00bbon|phone\u00a0\u00bb hover_enabled=\u00a0\u00bb0&Prime; global_colors_info=\u00a0\u00bb{}\u00a0\u00bb sticky_enabled=\u00a0\u00bb0&Prime;][\/et_pb_image][\/et_pb_column][\/et_pb_row][et_pb_row use_custom_gutter=\u00a0\u00bbon\u00a0\u00bb make_equal=\u00a0\u00bbon\u00a0\u00bb _builder_version=\u00a0\u00bb4.16&Prime; _module_preset=\u00a0\u00bbdefault\u00a0\u00bb max_width=\u00a0\u00bb2560px\u00a0\u00bb global_colors_info=\u00a0\u00bb{}\u00a0\u00bb][et_pb_column type=\u00a0\u00bb4_4&Prime; _builder_version=\u00a0\u00bb4.16&Prime; _module_preset=\u00a0\u00bbdefault\u00a0\u00bb global_colors_info=\u00a0\u00bb{}\u00a0\u00bb][et_pb_text _builder_version=\u00a0\u00bb4.16&Prime; _module_preset=\u00a0\u00bbdefault\u00a0\u00bb custom_margin_tablet=\u00a0\u00bb\u00a0\u00bb custom_margin_phone=\u00a0\u00bb35px||||false|false\u00a0\u00bb custom_margin_last_edited=\u00a0\u00bbon|phone\u00a0\u00bb global_colors_info=\u00a0\u00bb{}\u00a0\u00bb]<\/p>\n<p style=\"text-align: justify;\">\n<p style=\"text-align: justify;\">\n<p>[\/et_pb_text][\/et_pb_column][\/et_pb_row][et_pb_row use_custom_gutter=\u00a0\u00bbon\u00a0\u00bb make_equal=\u00a0\u00bbon\u00a0\u00bb _builder_version=\u00a0\u00bb4.24.2&Prime; _module_preset=\u00a0\u00bbdefault\u00a0\u00bb max_width=\u00a0\u00bb2560px\u00a0\u00bb custom_margin=\u00a0\u00bb-92px||||false|false\u00a0\u00bb custom_padding=\u00a0\u00bb||390px|||\u00a0\u00bb locked=\u00a0\u00bboff\u00a0\u00bb global_colors_info=\u00a0\u00bb{}\u00a0\u00bb][et_pb_column type=\u00a0\u00bb4_4&Prime; _builder_version=\u00a0\u00bb4.18.0&Prime; _module_preset=\u00a0\u00bbdefault\u00a0\u00bb background_enable_image=\u00a0\u00bboff\u00a0\u00bb custom_padding_tablet=\u00a0\u00bb\u00a0\u00bb custom_padding_phone=\u00a0\u00bb15px||||false|false\u00a0\u00bb custom_padding_last_edited=\u00a0\u00bbon|phone\u00a0\u00bb global_colors_info=\u00a0\u00bb{}\u00a0\u00bb][et_pb_text _builder_version=\u00a0\u00bb4.24.2&Prime; _module_preset=\u00a0\u00bbdefault\u00a0\u00bb text_orientation=\u00a0\u00bbjustified\u00a0\u00bb custom_margin=\u00a0\u00bb-11px||||false|false\u00a0\u00bb custom_padding=\u00a0\u00bb16px|15px|14px|12px|false|false\u00a0\u00bb global_colors_info=\u00a0\u00bb{}\u00a0\u00bb]<\/p>\n<p><span>Nous sommes ravis que vous ayez choisi de magnifier votre quotidien avec l\u2019un de nos bijoux.<\/span><\/p>\n<p><span>Toutes nos pi\u00e8ces sont en argent massif. Il s\u2019agit d\u2019argent v\u00e9ritable, appel\u00e9 argent sterling (925\/0000). Ce m\u00e9tal ne rouille pas, ni avec le temps, ni au contact de l\u2019eau. Cependant,<span class=\"Apple-converted-space\">\u00a0 <\/span>des impuret\u00e9s peuvent se d\u00e9poser sur votre bijou au cours de son utilisation. Pour \u00e9viter cela et pour conserver son \u00e9clat et sa beaut\u00e9 au fil du temps, nous vous proposons quelques conseils d\u2019entretien.<\/span><\/p>\n<p><span>I. M\u00eame si l\u2019eau n\u2019alt\u00e8re pas votre bijou Valkyrie, nous vous recommandons d\u2019\u00e9viter de le porter sous la douche ou \u00e0 la mer.<\/span><span><\/span><\/p>\n<p><span>II. Evitez tant que possible le contact avec des produits chimiques ou des parfums. Nous vous conseillons de vous parfumer avant de mettre votre collier.<\/span><span><\/span><\/p>\n<p><span>III. Manipulez votre bijou avec d\u00e9licatesse, notamment lorsque vous mettez ou \u00f4tez votre bracelet ou vos boucles d\u2019oreilles.<\/span><span><\/span><\/p>\n<p><span>IV. Nous offrons un pochon avec chacun de nos bijoux. Ainsi, lorsque vous ne le portez pas, nous vous recommandons de glisser chaque pi\u00e8ce dans son \u00e9tui. Le bijou sera prot\u00e9g\u00e9 d\u2019\u00e9ventuels chocs et \u00e0 l\u2019abri de la chaleur et de l\u2019humidit\u00e9.<\/span><span><\/span><\/p>\n<p><span>V. Enfin, lorsque vous constatez des impuret\u00e9s sur l\u2019argent, nous vous conseillons de nettoyer votre bijou avec un chiffon doux et sec (type chamoisine ou chiffon microfibre). Ce simple geste ravivera leur \u00e9clat.<\/span><\/p>\n<p>[\/et_pb_text][\/et_pb_column][\/et_pb_row][et_pb_row use_custom_gutter=\u00a0\u00bbon\u00a0\u00bb make_equal=\u00a0\u00bbon\u00a0\u00bb _builder_version=\u00a0\u00bb4.16&Prime; _module_preset=\u00a0\u00bbdefault\u00a0\u00bb max_width=\u00a0\u00bb2560px\u00a0\u00bb custom_margin=\u00a0\u00bb-373px||||false|false\u00a0\u00bb global_colors_info=\u00a0\u00bb{}\u00a0\u00bb][et_pb_column type=\u00a0\u00bb4_4&Prime; _builder_version=\u00a0\u00bb4.16&Prime; _module_preset=\u00a0\u00bbdefault\u00a0\u00bb global_colors_info=\u00a0\u00bb{}\u00a0\u00bb][et_pb_text _builder_version=\u00a0\u00bb4.24.2&Prime; _module_preset=\u00a0\u00bbdefault\u00a0\u00bb custom_margin=\u00a0\u00bb21px||||false|false\u00a0\u00bb custom_margin_tablet=\u00a0\u00bb\u00a0\u00bb custom_margin_phone=\u00a0\u00bb35px||||false|false\u00a0\u00bb custom_margin_last_edited=\u00a0\u00bbon|phone\u00a0\u00bb global_colors_info=\u00a0\u00bb{}\u00a0\u00bb]<\/p>\n<p style=\"text-align: center;\">Vous \u00eates maintenant pr\u00eates \u00e0 prendre soin de vos bijoux et \u00e0 les garder longtemps.<\/p>\n<p style=\"text-align: center;\"><a href=\"https:\/\/valkyrieparis-bijoux.fr\/bagues-art-deco\" title=\"D\u00e9couvrir notre collection\">D\u00e9couvrir notre collection<\/a><\/p>\n<p style=\"text-align: justify;\">[\/et_pb_text][\/et_pb_column][\/et_pb_row][\/et_pb_section]<\/p>\n","protected":false},"excerpt":{"rendered":"<p>Nous sommes ravis que vous ayez choisi de magnifier votre quotidien avec l\u2019un de nos bijoux. Toutes nos pi\u00e8ces sont en argent massif. Il s\u2019agit d\u2019argent v\u00e9ritable, appel\u00e9 argent sterling (925\/0000). Ce m\u00e9tal ne rouille pas, ni avec le temps, ni au contact de l\u2019eau. Cependant,\u00a0 des impuret\u00e9s peuvent se d\u00e9poser sur votre bijou au [&hellip;]<\/p>\n","protected":false},"author":1,"featured_media":0,"parent":0,"menu_order":0,"comment_status":"closed","ping_status":"closed","template":"","meta":{"_et_pb_use_builder":"on","_et_pb_old_content":"","_et_gb_content_width":"","footnotes":""},"class_list":["post-213906","page","type-page","status-publish","hentry"],"yoast_head":"<!-- This site is optimized with the Yoast SEO plugin v26.9 - https:\/\/yoast.com\/product\/yoast-seo-wordpress\/ -->\n<title>Nettoyer bijoux argent - Valkyrie Paris bijoux charnels<\/title>\n<meta name=\"description\" content=\"nettoyer bijoux argent - Valkyrie Paris vous guide pas \u00e0 pas afin d&#039;avoir les bons r\u00e9flexes pour nettoyer bijoux argent et plaqu\u00e9s or.\" \/>\n<meta name=\"robots\" content=\"index, follow, max-snippet:-1, max-image-preview:large, max-video-preview:-1\" \/>\n<link rel=\"canonical\" href=\"https:\/\/valkyrieparis-bijoux.fr\/en\/nettoyer-bijoux-argent-entretenir-vos-bijoux\/\" \/>\n<meta property=\"og:locale\" content=\"en_US\" \/>\n<meta property=\"og:type\" content=\"article\" \/>\n<meta property=\"og:title\" content=\"Nettoyer bijoux argent - Valkyrie Paris bijoux charnels\" \/>\n<meta property=\"og:description\" content=\"nettoyer bijoux argent - Valkyrie Paris vous guide pas \u00e0 pas afin d&#039;avoir les bons r\u00e9flexes pour nettoyer bijoux argent et plaqu\u00e9s or.\" \/>\n<meta property=\"og:url\" content=\"https:\/\/valkyrieparis-bijoux.fr\/en\/nettoyer-bijoux-argent-entretenir-vos-bijoux\/\" \/>\n<meta property=\"og:site_name\" content=\"Valkyrie Paris\" \/>\n<meta property=\"article:publisher\" content=\"https:\/\/www.facebook.com\/ValkyrieParis\" \/>\n<meta property=\"article:modified_time\" content=\"2025-08-27T14:05:03+00:00\" \/>\n<meta name=\"twitter:label1\" content=\"Est. reading time\" \/>\n\t<meta name=\"twitter:data1\" content=\"2 minutes\" \/>\n<script type=\"application\/ld+json\" class=\"yoast-schema-graph\">{\"@context\":\"https:\/\/schema.org\",\"@graph\":[{\"@type\":\"WebPage\",\"@id\":\"https:\/\/valkyrieparis-bijoux.fr\/en\/nettoyer-bijoux-argent-entretenir-vos-bijoux\/\",\"url\":\"https:\/\/valkyrieparis-bijoux.fr\/en\/nettoyer-bijoux-argent-entretenir-vos-bijoux\/\",\"name\":\"Nettoyer bijoux argent - Valkyrie Paris bijoux charnels\",\"isPartOf\":{\"@id\":\"https:\/\/valkyrieparis-bijoux.fr\/en\/#website\"},\"datePublished\":\"2021-03-04T14:13:23+00:00\",\"dateModified\":\"2025-08-27T14:05:03+00:00\",\"description\":\"nettoyer bijoux argent - Valkyrie Paris vous guide pas \u00e0 pas afin d'avoir les bons r\u00e9flexes pour nettoyer bijoux argent et plaqu\u00e9s or.\",\"inLanguage\":\"en-US\",\"potentialAction\":[{\"@type\":\"ReadAction\",\"target\":[\"https:\/\/valkyrieparis-bijoux.fr\/en\/nettoyer-bijoux-argent-entretenir-vos-bijoux\/\"]}]},{\"@type\":\"WebSite\",\"@id\":\"https:\/\/valkyrieparis-bijoux.fr\/en\/#website\",\"url\":\"https:\/\/valkyrieparis-bijoux.fr\/en\/\",\"name\":\"Valkyrie Paris\",\"description\":\"Cr\u00e9ateurs de Bijoux Art D\u00e9co\",\"publisher\":{\"@id\":\"https:\/\/valkyrieparis-bijoux.fr\/en\/#organization\"},\"potentialAction\":[{\"@type\":\"SearchAction\",\"target\":{\"@type\":\"EntryPoint\",\"urlTemplate\":\"https:\/\/valkyrieparis-bijoux.fr\/en\/?s={search_term_string}\"},\"query-input\":{\"@type\":\"PropertyValueSpecification\",\"valueRequired\":true,\"valueName\":\"search_term_string\"}}],\"inLanguage\":\"en-US\"},{\"@type\":\"Organization\",\"@id\":\"https:\/\/valkyrieparis-bijoux.fr\/en\/#organization\",\"name\":\"Valkyrie Paris\",\"url\":\"https:\/\/valkyrieparis-bijoux.fr\/en\/\",\"logo\":{\"@type\":\"ImageObject\",\"inLanguage\":\"en-US\",\"@id\":\"https:\/\/valkyrieparis-bijoux.fr\/en\/#\/schema\/logo\/image\/\",\"url\":\"https:\/\/valkyrieparis-bijoux.fr\/wp-content\/uploads\/2021\/03\/Valkyrie_logo_noir-2.png\",\"contentUrl\":\"https:\/\/valkyrieparis-bijoux.fr\/wp-content\/uploads\/2021\/03\/Valkyrie_logo_noir-2.png\",\"width\":1000,\"height\":321,\"caption\":\"Valkyrie Paris\"},\"image\":{\"@id\":\"https:\/\/valkyrieparis-bijoux.fr\/en\/#\/schema\/logo\/image\/\"},\"sameAs\":[\"https:\/\/www.facebook.com\/ValkyrieParis\",\"https:\/\/www.instagram.com\/valkyrieparis\/\",\"https:\/\/www.pinterest.fr\/ValkyrieParis\/_created\/\"]}]}<\/script>\n<!-- \/ Yoast SEO plugin. -->","yoast_head_json":{"title":"Cleaning silver jewelry - Valkyrie Paris bijoux charnels","description":"cleaning silver jewelry - Valkyrie Paris guides you step by step through the best ways to clean silver and gold-plated jewelry.","robots":{"index":"index","follow":"follow","max-snippet":"max-snippet:-1","max-image-preview":"max-image-preview:large","max-video-preview":"max-video-preview:-1"},"canonical":"https:\/\/valkyrieparis-bijoux.fr\/en\/nettoyer-bijoux-argent-entretenir-vos-bijoux\/","og_locale":"en_US","og_type":"article","og_title":"Nettoyer bijoux argent - Valkyrie Paris bijoux charnels","og_description":"nettoyer bijoux argent - Valkyrie Paris vous guide pas \u00e0 pas afin d'avoir les bons r\u00e9flexes pour nettoyer bijoux argent et plaqu\u00e9s or.","og_url":"https:\/\/valkyrieparis-bijoux.fr\/en\/nettoyer-bijoux-argent-entretenir-vos-bijoux\/","og_site_name":"Valkyrie Paris","article_publisher":"https:\/\/www.facebook.com\/ValkyrieParis","article_modified_time":"2025-08-27T14:05:03+00:00","twitter_misc":{"Est. reading time":"2 minutes"},"schema":{"@context":"https:\/\/schema.org","@graph":[{"@type":"WebPage","@id":"https:\/\/valkyrieparis-bijoux.fr\/en\/nettoyer-bijoux-argent-entretenir-vos-bijoux\/","url":"https:\/\/valkyrieparis-bijoux.fr\/en\/nettoyer-bijoux-argent-entretenir-vos-bijoux\/","name":"Cleaning silver jewelry - Valkyrie Paris bijoux charnels","isPartOf":{"@id":"https:\/\/valkyrieparis-bijoux.fr\/en\/#website"},"datePublished":"2021-03-04T14:13:23+00:00","dateModified":"2025-08-27T14:05:03+00:00","description":"cleaning silver jewelry - Valkyrie Paris guides you step by step through the best ways to clean silver and gold-plated jewelry.","inLanguage":"en-US","potentialAction":[{"@type":"ReadAction","target":["https:\/\/valkyrieparis-bijoux.fr\/en\/nettoyer-bijoux-argent-entretenir-vos-bijoux\/"]}]},{"@type":"WebSite","@id":"https:\/\/valkyrieparis-bijoux.fr\/en\/#website","url":"https:\/\/valkyrieparis-bijoux.fr\/en\/","name":"Valkyrie Paris","description":"Art Deco Jewellery Designers","publisher":{"@id":"https:\/\/valkyrieparis-bijoux.fr\/en\/#organization"},"potentialAction":[{"@type":"SearchAction","target":{"@type":"EntryPoint","urlTemplate":"https:\/\/valkyrieparis-bijoux.fr\/en\/?s={search_term_string}"},"query-input":{"@type":"PropertyValueSpecification","valueRequired":true,"valueName":"search_term_string"}}],"inLanguage":"en-US"},{"@type":"Organization","@id":"https:\/\/valkyrieparis-bijoux.fr\/en\/#organization","name":"Valkyrie Paris","url":"https:\/\/valkyrieparis-bijoux.fr\/en\/","logo":{"@type":"ImageObject","inLanguage":"en-US","@id":"https:\/\/valkyrieparis-bijoux.fr\/en\/#\/schema\/logo\/image\/","url":"https:\/\/valkyrieparis-bijoux.fr\/wp-content\/uploads\/2021\/03\/Valkyrie_logo_noir-2.png","contentUrl":"https:\/\/valkyrieparis-bijoux.fr\/wp-content\/uploads\/2021\/03\/Valkyrie_logo_noir-2.png","width":1000,"height":321,"caption":"Valkyrie Paris"},"image":{"@id":"https:\/\/valkyrieparis-bijoux.fr\/en\/#\/schema\/logo\/image\/"},"sameAs":["https:\/\/www.facebook.com\/ValkyrieParis","https:\/\/www.instagram.com\/valkyrieparis\/","https:\/\/www.pinterest.fr\/ValkyrieParis\/_created\/"]}]}},"_links":{"self":[{"href":"https:\/\/valkyrieparis-bijoux.fr\/en\/wp-json\/wp\/v2\/pages\/213906","targetHints":{"allow":["GET"]}}],"collection":[{"href":"https:\/\/valkyrieparis-bijoux.fr\/en\/wp-json\/wp\/v2\/pages"}],"about":[{"href":"https:\/\/valkyrieparis-bijoux.fr\/en\/wp-json\/wp\/v2\/types\/page"}],"author":[{"embeddable":true,"href":"https:\/\/valkyrieparis-bijoux.fr\/en\/wp-json\/wp\/v2\/users\/1"}],"replies":[{"embeddable":true,"href":"https:\/\/valkyrieparis-bijoux.fr\/en\/wp-json\/wp\/v2\/comments?post=213906"}],"version-history":[{"count":0,"href":"https:\/\/valkyrieparis-bijoux.fr\/en\/wp-json\/wp\/v2\/pages\/213906\/revisions"}],"wp:attachment":[{"href":"https:\/\/valkyrieparis-bijoux.fr\/en\/wp-json\/wp\/v2\/media?parent=213906"}],"curies":[{"name":"wp","href":"https:\/\/api.w.org\/{rel}","templated":true}]}}